{"id":83789,"date":"2018-01-11T21:14:22","date_gmt":"2018-01-11T20:14:22","guid":{"rendered":"https:\/\/aulaabierta.arasaac.org\/gestiac-6-preferencias"},"modified":"2023-02-09T11:29:35","modified_gmt":"2023-02-09T10:29:35","slug":"gestiac-6-preferences","status":"publish","type":"page","link":"https:\/\/aulaabierta.arasaac.org\/en\/gestiac-6-preferences","title":{"rendered":"Gestiac &#8211; 6 &#8211; Preferences"},"content":{"rendered":"<div id='av-layout-grid-1'  class='av-layout-grid-container av-av_layout_row-cf0131907da0bd4ef305776fbd0391d0 entry-content-wrapper alternate_color av-border-cells av-flex-cells  avia-builder-el-0  el_before_av_textblock  avia-builder-el-first   container_wrap fullsize'  >\n\n<style type=\"text\/css\" data-created_by=\"avia_inline_auto\" id=\"style-css-av-av_cell_one_fifth-5227a743201b625eadc00b27db60eab9\">\n.flex_cell.av-av_cell_one_fifth-5227a743201b625eadc00b27db60eab9{\nvertical-align:top;\n}\n.responsive #top #wrap_all .flex_cell.av-av_cell_one_fifth-5227a743201b625eadc00b27db60eab9{\npadding:30px 30px 30px 30px !important;\n}\n<\/style>\n<div class='flex_cell av-av_cell_one_fifth-5227a743201b625eadc00b27db60eab9 av-gridrow-cell av_one_fifth no_margin  avia-builder-el-1  el_before_av_cell_four_fifth  avia-builder-el-first ' ><div class='flex_cell_inner'>\n<style type=\"text\/css\" data-created_by=\"avia_inline_auto\" id=\"style-css-av-av_image-fa15046e9b1381dfb34f93942601e7b2\">\n.avia-image-container.av-av_image-fa15046e9b1381dfb34f93942601e7b2 img.avia_image{\nbox-shadow:none;\n}\n.avia-image-container.av-av_image-fa15046e9b1381dfb34f93942601e7b2 .av-caption-image-overlay-bg{\nopacity:0.4;\nbackground-color:#000000;\n}\n.avia-image-container.av-av_image-fa15046e9b1381dfb34f93942601e7b2 .av-image-caption-overlay-center{\ncolor:#ffffff;\n}\n<\/style>\n<div  class='avia-image-container av-av_image-fa15046e9b1381dfb34f93942601e7b2 av-styling- avia-align-left  avia-builder-el-2  avia-builder-el-no-sibling  noHover av-overlay-on-hover'   itemprop=\"image\" itemscope=\"itemscope\" itemtype=\"https:\/\/schema.org\/ImageObject\" ><div class=\"avia-image-container-inner\"><div class=\"avia-image-overlay-wrap\"><a href=\"https:\/\/aulaabierta.arasaac.org\/en\/gestiac-0-home\" class='avia_image' ><div class=\"av-image-caption-overlay\"><div class=\"av-caption-image-overlay-bg\"><\/div><div class=\"av-image-caption-overlay-position\"><div class=\"av-image-caption-overlay-center\"><p>Back to top<\/p>\n<\/div><\/div><\/div><img decoding=\"async\" class='wp-image-31467 avia-img-lazy-loading-not-31467 avia_image ' src=\"https:\/\/aulaabierta.arasaac.org\/wp-content\/uploads\/2018\/01\/Gestiac_logo_tablet-300x300.jpg\" alt='' title='Gestiac_logo_tablet'  height=\"300\" width=\"300\"  itemprop=\"thumbnailUrl\" srcset=\"https:\/\/aulaabierta.arasaac.org\/wp-content\/uploads\/2018\/01\/Gestiac_logo_tablet-300x300.jpg 300w, https:\/\/aulaabierta.arasaac.org\/wp-content\/uploads\/2018\/01\/Gestiac_logo_tablet-80x80.jpg 80w, https:\/\/aulaabierta.arasaac.org\/wp-content\/uploads\/2018\/01\/Gestiac_logo_tablet-36x36.jpg 36w, https:\/\/aulaabierta.arasaac.org\/wp-content\/uploads\/2018\/01\/Gestiac_logo_tablet-180x180.jpg 180w, https:\/\/aulaabierta.arasaac.org\/wp-content\/uploads\/2018\/01\/Gestiac_logo_tablet-120x120.jpg 120w, https:\/\/aulaabierta.arasaac.org\/wp-content\/uploads\/2018\/01\/Gestiac_logo_tablet.jpg 444w\" sizes=\"(max-width: 300px) 100vw, 300px\" \/><\/a><\/div><\/div><\/div>\n<\/div><\/div>\n<style type=\"text\/css\" data-created_by=\"avia_inline_auto\" id=\"style-css-av-av_cell_four_fifth-51bfb5260486183706b211b34d210c4f\">\n.flex_cell.av-av_cell_four_fifth-51bfb5260486183706b211b34d210c4f{\nvertical-align:middle;\n}\n.responsive #top #wrap_all .flex_cell.av-av_cell_four_fifth-51bfb5260486183706b211b34d210c4f{\npadding:30px 30px 30px 30px !important;\n}\n<\/style>\n<div class='flex_cell av-av_cell_four_fifth-51bfb5260486183706b211b34d210c4f av-gridrow-cell av_four_fifth no_margin  avia-builder-el-3  el_after_av_cell_one_fifth  avia-builder-el-last ' ><div class='flex_cell_inner'>\n<style type=\"text\/css\" data-created_by=\"avia_inline_auto\" id=\"style-css-av-av_heading-a430e48bebffb69c1eb660c9f15a5e94\">\n#top .av-special-heading.av-av_heading-a430e48bebffb69c1eb660c9f15a5e94{\npadding-bottom:0;\n}\nbody .av-special-heading.av-av_heading-a430e48bebffb69c1eb660c9f15a5e94 .av-special-heading-tag .heading-char{\nfont-size:25px;\n}\n#top #wrap_all .av-special-heading.av-av_heading-a430e48bebffb69c1eb660c9f15a5e94 .av-special-heading-tag{\nfont-size:26px;\n}\n.av-special-heading.av-av_heading-a430e48bebffb69c1eb660c9f15a5e94 .av-subheading{\nfont-size:15px;\n}\n<\/style>\n<div  class='av-special-heading av-av_heading-a430e48bebffb69c1eb660c9f15a5e94 av-special-heading-h2  avia-builder-el-4  avia-builder-el-no-sibling '><h2 class='av-special-heading-tag'  itemprop=\"headline\"  >6. PREFERENCES<\/h2><div class=\"special-heading-border\"><div class=\"special-heading-inner-border\"><\/div><\/div><\/div>\n<\/div><\/div>\n<\/div><div id='after_grid_row_1'  class='main_color av_default_container_wrap container_wrap fullsize'  ><div class='container av-section-cont-open' ><div class='template-page content  av-content-full alpha units'><div class='post-entry post-entry-type-page post-entry-83789'><div class='entry-content-wrapper clearfix'>\n\n<style type=\"text\/css\" data-created_by=\"avia_inline_auto\" id=\"style-css-av-av_textblock-7788201eaceff2426bdd278096802e15\">\n#top .av_textblock_section.av-av_textblock-7788201eaceff2426bdd278096802e15 .avia_textblock{\nfont-size:16px;\n}\n<\/style>\n<section  class='av_textblock_section av-av_textblock-7788201eaceff2426bdd278096802e15'  itemscope=\"itemscope\" itemtype=\"https:\/\/schema.org\/CreativeWork\" ><div class='avia_textblock'  itemprop=\"text\" ><h6 style=\"text-align: center;\"><img loading=\"lazy\" decoding=\"async\" class=\"aligncenter size-full wp-image-932\" src=\"https:\/\/aulaabierta.arasaac.org\/wp-content\/uploads\/2016\/12\/by-nc-sa.eu_petit.png\" alt=\"\" width=\"118\" height=\"41\" \/>Este obra est\u00e1 bajo una <a href=\"http:\/\/creativecommons.org\/licenses\/by-nc-sa\/4.0\/\" rel=\"license\">licencia de Creative Commons Reconocimiento-NoComercial-CompartirIgual 4.0 Internacional<\/a>.<\/h6>\n<hr \/>\n<p>Una vez hemos visto c\u00f3mo crear nuevas tareas, nuevas secuencias y c\u00f3mo lanzarlas, solo nos queda ver algunas de la opciones de <strong>Configuraci\u00f3n<\/strong> que nos ofrece la aplicaci\u00f3n. Para acceder a estas opciones, pulsamos en la imagen de\u00a0<strong>Preferencias<\/strong>\u00a0en la pantalla principal de <a href=\"https:\/\/play.google.com\/store\/apps\/details?id=com.icallel.gestiac&amp;hl=es\" target=\"_blank\" rel=\"noopener\"><strong>GESTIAC<\/strong><\/a>.<\/p>\n<p><img loading=\"lazy\" decoding=\"async\" class=\"aligncenter size-full wp-image-6986\" src=\"https:\/\/aulaabierta.arasaac.org\/wp-content\/uploads\/2018\/01\/Gestiac_33.png\" alt=\"\" width=\"1786\" height=\"915\" srcset=\"https:\/\/aulaabierta.arasaac.org\/wp-content\/uploads\/2018\/01\/Gestiac_33.png 1786w, https:\/\/aulaabierta.arasaac.org\/wp-content\/uploads\/2018\/01\/Gestiac_33-300x154.png 300w, https:\/\/aulaabierta.arasaac.org\/wp-content\/uploads\/2018\/01\/Gestiac_33-768x393.png 768w, https:\/\/aulaabierta.arasaac.org\/wp-content\/uploads\/2018\/01\/Gestiac_33-1030x528.png 1030w, https:\/\/aulaabierta.arasaac.org\/wp-content\/uploads\/2018\/01\/Gestiac_33-1500x768.png 1500w, https:\/\/aulaabierta.arasaac.org\/wp-content\/uploads\/2018\/01\/Gestiac_33-705x361.png 705w, https:\/\/aulaabierta.arasaac.org\/wp-content\/uploads\/2018\/01\/Gestiac_33-450x231.png 450w\" sizes=\"auto, (max-width: 1786px) 100vw, 1786px\" \/><\/p>\n<p>Las opciones que nos ofrece son:<\/p>\n<ol>\n<li><strong>Solicitar PIN<\/strong>: para desbloquear las secuencias mientras se ejecutan y acceder a la Gesti\u00f3n de Tareas y Secuencias<\/li>\n<li><strong>Atenuar la pantalla<\/strong> durante la ejecuci\u00f3n de la pantalla<\/li>\n<li><strong>Importar im\u00e1genes<\/strong>: de modo que podamos disponer de im\u00e1genes o pictogramas para nuevas tareas que necesitemos configurar.<\/li>\n<\/ol>\n<p><img loading=\"lazy\" decoding=\"async\" class=\"aligncenter size-full wp-image-6987\" src=\"https:\/\/aulaabierta.arasaac.org\/wp-content\/uploads\/2018\/01\/Gestiac_46.png\" alt=\"\" width=\"1793\" height=\"615\" srcset=\"https:\/\/aulaabierta.arasaac.org\/wp-content\/uploads\/2018\/01\/Gestiac_46.png 1793w, https:\/\/aulaabierta.arasaac.org\/wp-content\/uploads\/2018\/01\/Gestiac_46-300x103.png 300w, https:\/\/aulaabierta.arasaac.org\/wp-content\/uploads\/2018\/01\/Gestiac_46-768x263.png 768w, https:\/\/aulaabierta.arasaac.org\/wp-content\/uploads\/2018\/01\/Gestiac_46-1030x353.png 1030w, https:\/\/aulaabierta.arasaac.org\/wp-content\/uploads\/2018\/01\/Gestiac_46-1500x515.png 1500w, https:\/\/aulaabierta.arasaac.org\/wp-content\/uploads\/2018\/01\/Gestiac_46-705x242.png 705w, https:\/\/aulaabierta.arasaac.org\/wp-content\/uploads\/2018\/01\/Gestiac_46-450x154.png 450w\" sizes=\"auto, (max-width: 1793px) 100vw, 1793px\" \/><\/p>\n<p>La opci\u00f3n <strong>PIN<\/strong>\u00a0permite <strong>proteger con contrase\u00f1a<\/strong> de 4 d\u00edgitos el acceso a la <strong>Configuraci\u00f3n de Tareas y Secuencias<\/strong> y al <strong>desbloqueo de las Secuencias en ejecuci\u00f3n<\/strong>.<\/p>\n<p>Pulsando sobre el candado, accedemos a la pantalla que nos permite activar el <strong>PIN<\/strong>.<\/p>\n<p><img loading=\"lazy\" decoding=\"async\" class=\"aligncenter size-full wp-image-6988\" src=\"https:\/\/aulaabierta.arasaac.org\/wp-content\/uploads\/2018\/01\/Gestiac_47.png\" alt=\"\" width=\"1791\" height=\"333\" srcset=\"https:\/\/aulaabierta.arasaac.org\/wp-content\/uploads\/2018\/01\/Gestiac_47.png 1791w, https:\/\/aulaabierta.arasaac.org\/wp-content\/uploads\/2018\/01\/Gestiac_47-300x56.png 300w, https:\/\/aulaabierta.arasaac.org\/wp-content\/uploads\/2018\/01\/Gestiac_47-768x143.png 768w, https:\/\/aulaabierta.arasaac.org\/wp-content\/uploads\/2018\/01\/Gestiac_47-1030x192.png 1030w, https:\/\/aulaabierta.arasaac.org\/wp-content\/uploads\/2018\/01\/Gestiac_47-1500x279.png 1500w, https:\/\/aulaabierta.arasaac.org\/wp-content\/uploads\/2018\/01\/Gestiac_47-705x131.png 705w, https:\/\/aulaabierta.arasaac.org\/wp-content\/uploads\/2018\/01\/Gestiac_47-450x84.png 450w\" sizes=\"auto, (max-width: 1791px) 100vw, 1791px\" \/><\/p>\n<p>Una vez activado, nos solicitar\u00e1 que introduzcamos una <strong>contrase\u00f1a de 4 d\u00edgitos<\/strong> y, a continuaci\u00f3n nos pedir\u00e1 confirmarla.<\/p>\n<p><img loading=\"lazy\" decoding=\"async\" class=\"aligncenter size-full wp-image-6989\" src=\"https:\/\/aulaabierta.arasaac.org\/wp-content\/uploads\/2018\/01\/Gestiac_48.png\" alt=\"\" width=\"1794\" height=\"918\" srcset=\"https:\/\/aulaabierta.arasaac.org\/wp-content\/uploads\/2018\/01\/Gestiac_48.png 1794w, https:\/\/aulaabierta.arasaac.org\/wp-content\/uploads\/2018\/01\/Gestiac_48-300x154.png 300w, https:\/\/aulaabierta.arasaac.org\/wp-content\/uploads\/2018\/01\/Gestiac_48-768x393.png 768w, https:\/\/aulaabierta.arasaac.org\/wp-content\/uploads\/2018\/01\/Gestiac_48-1030x527.png 1030w, https:\/\/aulaabierta.arasaac.org\/wp-content\/uploads\/2018\/01\/Gestiac_48-1500x768.png 1500w, https:\/\/aulaabierta.arasaac.org\/wp-content\/uploads\/2018\/01\/Gestiac_48-705x361.png 705w, https:\/\/aulaabierta.arasaac.org\/wp-content\/uploads\/2018\/01\/Gestiac_48-450x230.png 450w\" sizes=\"auto, (max-width: 1794px) 100vw, 1794px\" \/><\/p>\n<p>Una vez introducido y confirmado, regresaremos a la pantalla de activaci\u00f3n donde veremos que ya se encuentra activo. Para <strong>cambiar el PIN actual<\/strong>, pulsamos en el icono de contrase\u00f1a junto a Cambiar PIN.<\/p>\n<p>Si deseamos desactivar el PIN, colocamos el deslizador en &#8220;NO&#8221;. En ambos casos, se nos solicitar\u00e1 el PIN actual para confirmar el cambio.<\/p>\n<p><img loading=\"lazy\" decoding=\"async\" class=\"aligncenter size-full wp-image-6990\" src=\"https:\/\/aulaabierta.arasaac.org\/wp-content\/uploads\/2018\/01\/Gestiac_50.png\" alt=\"\" width=\"1754\" height=\"469\" srcset=\"https:\/\/aulaabierta.arasaac.org\/wp-content\/uploads\/2018\/01\/Gestiac_50.png 1754w, https:\/\/aulaabierta.arasaac.org\/wp-content\/uploads\/2018\/01\/Gestiac_50-300x80.png 300w, https:\/\/aulaabierta.arasaac.org\/wp-content\/uploads\/2018\/01\/Gestiac_50-768x205.png 768w, https:\/\/aulaabierta.arasaac.org\/wp-content\/uploads\/2018\/01\/Gestiac_50-1030x275.png 1030w, https:\/\/aulaabierta.arasaac.org\/wp-content\/uploads\/2018\/01\/Gestiac_50-1500x401.png 1500w, https:\/\/aulaabierta.arasaac.org\/wp-content\/uploads\/2018\/01\/Gestiac_50-705x189.png 705w, https:\/\/aulaabierta.arasaac.org\/wp-content\/uploads\/2018\/01\/Gestiac_50-450x120.png 450w\" sizes=\"auto, (max-width: 1754px) 100vw, 1754px\" \/><\/p>\n<p>La opci\u00f3n <strong>Importar im\u00e1genes<\/strong> nos mostrar\u00e1 la <strong>estructura de carpetas de nuestro dispositivo<\/strong> para que accedamos a la carpeta d\u00f3nde tengamos guardadas las im\u00e1genes o pictogramas que deseamos importar.<\/p>\n<p><img loading=\"lazy\" decoding=\"async\" class=\"aligncenter size-full wp-image-6991\" src=\"https:\/\/aulaabierta.arasaac.org\/wp-content\/uploads\/2018\/01\/Gestiac_51.png\" alt=\"\" width=\"1756\" height=\"862\" srcset=\"https:\/\/aulaabierta.arasaac.org\/wp-content\/uploads\/2018\/01\/Gestiac_51.png 1756w, https:\/\/aulaabierta.arasaac.org\/wp-content\/uploads\/2018\/01\/Gestiac_51-300x147.png 300w, https:\/\/aulaabierta.arasaac.org\/wp-content\/uploads\/2018\/01\/Gestiac_51-768x377.png 768w, https:\/\/aulaabierta.arasaac.org\/wp-content\/uploads\/2018\/01\/Gestiac_51-1030x506.png 1030w, https:\/\/aulaabierta.arasaac.org\/wp-content\/uploads\/2018\/01\/Gestiac_51-1500x736.png 1500w, https:\/\/aulaabierta.arasaac.org\/wp-content\/uploads\/2018\/01\/Gestiac_51-705x346.png 705w, https:\/\/aulaabierta.arasaac.org\/wp-content\/uploads\/2018\/01\/Gestiac_51-450x221.png 450w\" sizes=\"auto, (max-width: 1756px) 100vw, 1756px\" \/><\/p>\n<p>En nuestro caso, utilizando el navegador web del dispositivo, hemos descargado de <a href=\"http:\/\/www.arasaac.org\/\" target=\"_blank\" rel=\"noopener\"><strong>ARASAAC<\/strong><\/a> varios pictogramas.<\/p>\n<p>Los navegadores guardan las descargas, por defecto, en la <strong>carpeta Download<\/strong>.<\/p>\n<p><img loading=\"lazy\" decoding=\"async\" class=\"aligncenter size-full wp-image-6992\" src=\"https:\/\/aulaabierta.arasaac.org\/wp-content\/uploads\/2018\/01\/Gestiac_52.png\" alt=\"\" width=\"1757\" height=\"869\" srcset=\"https:\/\/aulaabierta.arasaac.org\/wp-content\/uploads\/2018\/01\/Gestiac_52.png 1757w, https:\/\/aulaabierta.arasaac.org\/wp-content\/uploads\/2018\/01\/Gestiac_52-300x148.png 300w, https:\/\/aulaabierta.arasaac.org\/wp-content\/uploads\/2018\/01\/Gestiac_52-768x380.png 768w, https:\/\/aulaabierta.arasaac.org\/wp-content\/uploads\/2018\/01\/Gestiac_52-1030x509.png 1030w, https:\/\/aulaabierta.arasaac.org\/wp-content\/uploads\/2018\/01\/Gestiac_52-1500x742.png 1500w, https:\/\/aulaabierta.arasaac.org\/wp-content\/uploads\/2018\/01\/Gestiac_52-705x349.png 705w, https:\/\/aulaabierta.arasaac.org\/wp-content\/uploads\/2018\/01\/Gestiac_52-450x223.png 450w\" sizes=\"auto, (max-width: 1757px) 100vw, 1757px\" \/><\/p>\n<p>Seleccionamos el archivo que se corresponde con el pictograma que queremos a\u00f1adir y pulsamos sobre \u00e9l (en este caso desayunar.png).<\/p>\n<p>Vemos en la parte inferior la<strong> previsualizaci\u00f3n<\/strong> de la imagen. Una vez seleccionada,\u00a0 pulsamos en el\u00a0 icono del <strong>Disquete<\/strong> para incorporarla al cat\u00e1logo de im\u00e1genes de <a href=\"https:\/\/play.google.com\/store\/apps\/details?id=com.icallel.gestiac&amp;hl=es\" target=\"_blank\" rel=\"noopener\"><strong>GESTIAC<\/strong><\/a>.<\/p>\n<p><img loading=\"lazy\" decoding=\"async\" class=\"aligncenter size-full wp-image-6993\" src=\"https:\/\/aulaabierta.arasaac.org\/wp-content\/uploads\/2018\/01\/Gestiac_53.png\" alt=\"\" width=\"1754\" height=\"991\" srcset=\"https:\/\/aulaabierta.arasaac.org\/wp-content\/uploads\/2018\/01\/Gestiac_53.png 1754w, https:\/\/aulaabierta.arasaac.org\/wp-content\/uploads\/2018\/01\/Gestiac_53-300x169.png 300w, https:\/\/aulaabierta.arasaac.org\/wp-content\/uploads\/2018\/01\/Gestiac_53-768x434.png 768w, https:\/\/aulaabierta.arasaac.org\/wp-content\/uploads\/2018\/01\/Gestiac_53-1030x582.png 1030w, https:\/\/aulaabierta.arasaac.org\/wp-content\/uploads\/2018\/01\/Gestiac_53-1500x847.png 1500w, https:\/\/aulaabierta.arasaac.org\/wp-content\/uploads\/2018\/01\/Gestiac_53-705x398.png 705w, https:\/\/aulaabierta.arasaac.org\/wp-content\/uploads\/2018\/01\/Gestiac_53-450x254.png 450w\" sizes=\"auto, (max-width: 1754px) 100vw, 1754px\" \/><\/p>\n<p>Si regresamos a la configuraci\u00f3n de tareas y creamos una nueva veremos como dentro de la galer\u00eda ya aparece el pictograma que acabamos de importar.<\/p>\n<p><img loading=\"lazy\" decoding=\"async\" class=\"aligncenter size-full wp-image-6995\" src=\"https:\/\/aulaabierta.arasaac.org\/wp-content\/uploads\/2018\/01\/Gestiac_55.png\" alt=\"\" width=\"1759\" height=\"988\" srcset=\"https:\/\/aulaabierta.arasaac.org\/wp-content\/uploads\/2018\/01\/Gestiac_55.png 1759w, https:\/\/aulaabierta.arasaac.org\/wp-content\/uploads\/2018\/01\/Gestiac_55-300x169.png 300w, https:\/\/aulaabierta.arasaac.org\/wp-content\/uploads\/2018\/01\/Gestiac_55-768x431.png 768w, https:\/\/aulaabierta.arasaac.org\/wp-content\/uploads\/2018\/01\/Gestiac_55-1030x579.png 1030w, https:\/\/aulaabierta.arasaac.org\/wp-content\/uploads\/2018\/01\/Gestiac_55-1500x843.png 1500w, https:\/\/aulaabierta.arasaac.org\/wp-content\/uploads\/2018\/01\/Gestiac_55-705x396.png 705w, https:\/\/aulaabierta.arasaac.org\/wp-content\/uploads\/2018\/01\/Gestiac_55-450x253.png 450w\" sizes=\"auto, (max-width: 1759px) 100vw, 1759px\" \/><\/p>\n<\/div><\/section>\n<\/div><\/div><\/div><!-- close content main div --><\/div><\/div><div id='av-layout-grid-2'  class='av-layout-grid-container av-av_layout_row-ff89abd0ebc2125893d5f3061474122c entry-content-wrapper main_color av-border-top-bottom av-flex-cells  avia-builder-el-6  el_after_av_textblock  avia-builder-el-last  grid-row-not-first  container_wrap fullsize'  >\n\n<style type=\"text\/css\" data-created_by=\"avia_inline_auto\" id=\"style-css-av-av_cell_one_fifth-5227a743201b625eadc00b27db60eab9\">\n.flex_cell.av-av_cell_one_fifth-5227a743201b625eadc00b27db60eab9{\nvertical-align:top;\n}\n.responsive #top #wrap_all .flex_cell.av-av_cell_one_fifth-5227a743201b625eadc00b27db60eab9{\npadding:30px 30px 30px 30px !important;\n}\n<\/style>\n<div class='flex_cell av-av_cell_one_fifth-5227a743201b625eadc00b27db60eab9 av-gridrow-cell av_one_fifth no_margin  avia-builder-el-7  el_before_av_cell_one_fifth  avia-builder-el-first ' ><div class='flex_cell_inner'>\n<style type=\"text\/css\" data-created_by=\"avia_inline_auto\" id=\"style-css-av-av_image-df728e8e635107c47c83cfd0375c053e\">\n.avia-image-container.av-av_image-df728e8e635107c47c83cfd0375c053e img.avia_image{\nbox-shadow:none;\n}\n.avia-image-container.av-av_image-df728e8e635107c47c83cfd0375c053e .av-image-caption-overlay-center{\ncolor:#ffffff;\n}\n<\/style>\n<div  class='avia-image-container av-av_image-df728e8e635107c47c83cfd0375c053e av-styling- avia-align-center  avia-builder-el-8  avia-builder-el-no-sibling '   itemprop=\"image\" itemscope=\"itemscope\" itemtype=\"https:\/\/schema.org\/ImageObject\" ><div class=\"avia-image-container-inner\"><div class=\"avia-image-overlay-wrap\"><a href=\"https:\/\/aulaabierta.arasaac.org\/en\/gestiac-5-launch-sequences\" class='avia_image' ><img decoding=\"async\" class='wp-image-23491 avia-img-lazy-loading-not-23491 avia_image ' src=\"https:\/\/aulaabierta.arasaac.org\/wp-content\/uploads\/2016\/12\/before-80x80.png\" alt='' title='before'  height=\"80\" width=\"80\"  itemprop=\"thumbnailUrl\" srcset=\"https:\/\/aulaabierta.arasaac.org\/wp-content\/uploads\/2016\/12\/before-80x80.png 80w, https:\/\/aulaabierta.arasaac.org\/wp-content\/uploads\/2016\/12\/before-36x36.png 36w, https:\/\/aulaabierta.arasaac.org\/wp-content\/uploads\/2016\/12\/before-120x120.png 120w, https:\/\/aulaabierta.arasaac.org\/wp-content\/uploads\/2016\/12\/before.png 128w\" sizes=\"(max-width: 80px) 100vw, 80px\" \/><\/a><\/div><\/div><\/div>\n<\/div><\/div>\n<style type=\"text\/css\" data-created_by=\"avia_inline_auto\" id=\"style-css-av-av_cell_one_fifth-5227a743201b625eadc00b27db60eab9\">\n.flex_cell.av-av_cell_one_fifth-5227a743201b625eadc00b27db60eab9{\nvertical-align:top;\n}\n.responsive #top #wrap_all .flex_cell.av-av_cell_one_fifth-5227a743201b625eadc00b27db60eab9{\npadding:30px 30px 30px 30px !important;\n}\n<\/style>\n<div class='flex_cell av-av_cell_one_fifth-5227a743201b625eadc00b27db60eab9 av-gridrow-cell av_one_fifth no_margin  avia-builder-el-9  el_after_av_cell_one_fifth  el_before_av_cell_one_fifth ' ><div class='flex_cell_inner'><\/div><\/div>\n<style type=\"text\/css\" data-created_by=\"avia_inline_auto\" id=\"style-css-av-av_cell_one_fifth-5227a743201b625eadc00b27db60eab9\">\n.flex_cell.av-av_cell_one_fifth-5227a743201b625eadc00b27db60eab9{\nvertical-align:top;\n}\n.responsive #top #wrap_all .flex_cell.av-av_cell_one_fifth-5227a743201b625eadc00b27db60eab9{\npadding:30px 30px 30px 30px !important;\n}\n<\/style>\n<div class='flex_cell av-av_cell_one_fifth-5227a743201b625eadc00b27db60eab9 av-gridrow-cell av_one_fifth no_margin  avia-builder-el-10  el_after_av_cell_one_fifth  el_before_av_cell_one_fifth ' ><div class='flex_cell_inner'>\n<style type=\"text\/css\" data-created_by=\"avia_inline_auto\" id=\"style-css-av-av_image-df256a198ffc9c7117e3c02e8903452c\">\n.avia-image-container.av-av_image-df256a198ffc9c7117e3c02e8903452c img.avia_image{\nbox-shadow:none;\n}\n.avia-image-container.av-av_image-df256a198ffc9c7117e3c02e8903452c .av-image-caption-overlay-center{\ncolor:#ffffff;\n}\n<\/style>\n<div  class='avia-image-container av-av_image-df256a198ffc9c7117e3c02e8903452c av-styling- avia-align-center  avia-builder-el-11  avia-builder-el-no-sibling '   itemprop=\"image\" itemscope=\"itemscope\" itemtype=\"https:\/\/schema.org\/ImageObject\" ><div class=\"avia-image-container-inner\"><div class=\"avia-image-overlay-wrap\"><a href=\"https:\/\/aulaabierta.arasaac.org\/en\/gestiac-0-home\" class='avia_image' ><img decoding=\"async\" class='wp-image-23497 avia-img-lazy-loading-not-23497 avia_image ' src=\"https:\/\/aulaabierta.arasaac.org\/wp-content\/uploads\/2016\/12\/casa-80x80.png\" alt='' title='Home'  height=\"80\" width=\"80\"  itemprop=\"thumbnailUrl\" srcset=\"https:\/\/aulaabierta.arasaac.org\/wp-content\/uploads\/2016\/12\/casa-80x80.png 80w, https:\/\/aulaabierta.arasaac.org\/wp-content\/uploads\/2016\/12\/casa-300x300.png 300w, https:\/\/aulaabierta.arasaac.org\/wp-content\/uploads\/2016\/12\/casa-36x36.png 36w, https:\/\/aulaabierta.arasaac.org\/wp-content\/uploads\/2016\/12\/casa-180x180.png 180w, https:\/\/aulaabierta.arasaac.org\/wp-content\/uploads\/2016\/12\/casa-120x120.png 120w, https:\/\/aulaabierta.arasaac.org\/wp-content\/uploads\/2016\/12\/casa-450x450.png 450w, https:\/\/aulaabierta.arasaac.org\/wp-content\/uploads\/2016\/12\/casa.png 500w\" sizes=\"(max-width: 80px) 100vw, 80px\" \/><\/a><\/div><\/div><\/div>\n<\/div><\/div>\n<style type=\"text\/css\" data-created_by=\"avia_inline_auto\" id=\"style-css-av-av_cell_one_fifth-5227a743201b625eadc00b27db60eab9\">\n.flex_cell.av-av_cell_one_fifth-5227a743201b625eadc00b27db60eab9{\nvertical-align:top;\n}\n.responsive #top #wrap_all .flex_cell.av-av_cell_one_fifth-5227a743201b625eadc00b27db60eab9{\npadding:30px 30px 30px 30px !important;\n}\n<\/style>\n<div class='flex_cell av-av_cell_one_fifth-5227a743201b625eadc00b27db60eab9 av-gridrow-cell av_one_fifth no_margin  avia-builder-el-12  el_after_av_cell_one_fifth  el_before_av_cell_one_fifth ' ><div class='flex_cell_inner'><\/div><\/div>\n<style type=\"text\/css\" data-created_by=\"avia_inline_auto\" id=\"style-css-av-av_cell_one_fifth-5227a743201b625eadc00b27db60eab9\">\n.flex_cell.av-av_cell_one_fifth-5227a743201b625eadc00b27db60eab9{\nvertical-align:top;\n}\n.responsive #top #wrap_all .flex_cell.av-av_cell_one_fifth-5227a743201b625eadc00b27db60eab9{\npadding:30px 30px 30px 30px !important;\n}\n<\/style>\n<div class='flex_cell av-av_cell_one_fifth-5227a743201b625eadc00b27db60eab9 av-gridrow-cell av_one_fifth no_margin  avia-builder-el-13  el_after_av_cell_one_fifth  avia-builder-el-last ' ><div class='flex_cell_inner'>\n<style type=\"text\/css\" data-created_by=\"avia_inline_auto\" id=\"style-css-av-av_image-d52aabf16ce4a5842b31006238286ac5\">\n.avia-image-container.av-av_image-d52aabf16ce4a5842b31006238286ac5 img.avia_image{\nbox-shadow:none;\n}\n.avia-image-container.av-av_image-d52aabf16ce4a5842b31006238286ac5 .av-image-caption-overlay-center{\ncolor:#ffffff;\n}\n<\/style>\n<div  class='avia-image-container av-av_image-d52aabf16ce4a5842b31006238286ac5 av-styling- avia-align-center  avia-builder-el-14  avia-builder-el-no-sibling '   itemprop=\"image\" itemscope=\"itemscope\" itemtype=\"https:\/\/schema.org\/ImageObject\" ><div class=\"avia-image-container-inner\"><div class=\"avia-image-overlay-wrap\"><a href=\"https:\/\/aulaabierta.arasaac.org\/en\/gestiac-7-credits\" class='avia_image' ><img decoding=\"async\" class='wp-image-23494 avia-img-lazy-loading-not-23494 avia_image ' src=\"https:\/\/aulaabierta.arasaac.org\/wp-content\/uploads\/2016\/12\/next-80x80.png\" alt='' title='next'  height=\"80\" width=\"80\"  itemprop=\"thumbnailUrl\" srcset=\"https:\/\/aulaabierta.arasaac.org\/wp-content\/uploads\/2016\/12\/next-80x80.png 80w, https:\/\/aulaabierta.arasaac.org\/wp-content\/uploads\/2016\/12\/next-36x36.png 36w, https:\/\/aulaabierta.arasaac.org\/wp-content\/uploads\/2016\/12\/next-120x120.png 120w, https:\/\/aulaabierta.arasaac.org\/wp-content\/uploads\/2016\/12\/next.png 128w\" sizes=\"(max-width: 80px) 100vw, 80px\" \/><\/a><\/div><\/div><\/div>\n<\/div><\/div>\n<\/div>\n","protected":false},"excerpt":{"rendered":"","protected":false},"author":5,"featured_media":31467,"parent":0,"menu_order":0,"comment_status":"closed","ping_status":"closed","template":"","meta":{"om_disable_all_campaigns":false,"_monsterinsights_skip_tracking":false,"_monsterinsights_sitenote_active":false,"_monsterinsights_sitenote_note":"","_monsterinsights_sitenote_category":0,"_uf_show_specific_survey":0,"_uf_disable_surveys":false,"footnotes":""},"class_list":["post-83789","page","type-page","status-publish","has-post-thumbnail","hentry"],"aioseo_notices":[],"_links":{"self":[{"href":"https:\/\/aulaabierta.arasaac.org\/en\/wp-json\/wp\/v2\/pages\/83789","targetHints":{"allow":["GET"]}}],"collection":[{"href":"https:\/\/aulaabierta.arasaac.org\/en\/wp-json\/wp\/v2\/pages"}],"about":[{"href":"https:\/\/aulaabierta.arasaac.org\/en\/wp-json\/wp\/v2\/types\/page"}],"author":[{"embeddable":true,"href":"https:\/\/aulaabierta.arasaac.org\/en\/wp-json\/wp\/v2\/users\/5"}],"replies":[{"embeddable":true,"href":"https:\/\/aulaabierta.arasaac.org\/en\/wp-json\/wp\/v2\/comments?post=83789"}],"version-history":[{"count":8,"href":"https:\/\/aulaabierta.arasaac.org\/en\/wp-json\/wp\/v2\/pages\/83789\/revisions"}],"predecessor-version":[{"id":138932,"href":"https:\/\/aulaabierta.arasaac.org\/en\/wp-json\/wp\/v2\/pages\/83789\/revisions\/138932"}],"wp:featuredmedia":[{"embeddable":true,"href":"https:\/\/aulaabierta.arasaac.org\/en\/wp-json\/wp\/v2\/media\/31467"}],"wp:attachment":[{"href":"https:\/\/aulaabierta.arasaac.org\/en\/wp-json\/wp\/v2\/media?parent=83789"}],"curies":[{"name":"wp","href":"https:\/\/api.w.org\/{rel}","templated":true}]}}