{"id":107475,"date":"2022-09-13T17:07:02","date_gmt":"2022-09-13T16:07:02","guid":{"rendered":"https:\/\/aulaabierta.arasaac.org\/asterics-grid_menu-principal_fr"},"modified":"2023-02-09T11:38:43","modified_gmt":"2023-02-09T10:38:43","slug":"asterics-aac_menu-principal_fr","status":"publish","type":"page","link":"https:\/\/aulaabierta.arasaac.org\/fr\/asterics-aac_menu-principal_fr","title":{"rendered":"Asterics AAC Communicator &#8211; 3 &#8211; Menu principal"},"content":{"rendered":"\n<style type=\"text\/css\" data-created_by=\"avia_inline_auto\" id=\"style-css-av-g02wp-ad2b4232a3166492ae50b2404db95d36\">\n#top .av-special-heading.av-g02wp-ad2b4232a3166492ae50b2404db95d36{\npadding-bottom:0;\n}\nbody .av-special-heading.av-g02wp-ad2b4232a3166492ae50b2404db95d36 .av-special-heading-tag .heading-char{\nfont-size:25px;\n}\n.av-special-heading.av-g02wp-ad2b4232a3166492ae50b2404db95d36 .av-subheading{\nfont-size:15px;\n}\n<\/style>\n<div  class='av-special-heading av-g02wp-ad2b4232a3166492ae50b2404db95d36 av-special-heading-h2  avia-builder-el-0  el_before_av_heading  avia-builder-el-first '><h2 class='av-special-heading-tag'  itemprop=\"headline\"  >Communicateur dynamique de grille AsTeRICS <\/h2><div class=\"special-heading-border\"><div class=\"special-heading-inner-border\"><\/div><\/div><\/div>\n\n<style type=\"text\/css\" data-created_by=\"avia_inline_auto\" id=\"style-css-av-l6uyrk3u-1c679e6d0d9a9d6fa0d1e0f0164a0061\">\n#top .av-special-heading.av-l6uyrk3u-1c679e6d0d9a9d6fa0d1e0f0164a0061{\npadding-bottom:0;\n}\nbody .av-special-heading.av-l6uyrk3u-1c679e6d0d9a9d6fa0d1e0f0164a0061 .av-special-heading-tag .heading-char{\nfont-size:25px;\n}\n.av-special-heading.av-l6uyrk3u-1c679e6d0d9a9d6fa0d1e0f0164a0061 .av-subheading{\nfont-size:15px;\n}\n<\/style>\n<div  class='av-special-heading av-l6uyrk3u-1c679e6d0d9a9d6fa0d1e0f0164a0061 av-special-heading-h2  avia-builder-el-1  el_after_av_heading  el_before_av_textblock '><h2 class='av-special-heading-tag'  itemprop=\"headline\"  >3 &#8211; Menu principal<\/h2><div class=\"special-heading-border\"><div class=\"special-heading-inner-border\"><\/div><\/div><\/div>\n\n<style type=\"text\/css\" data-created_by=\"avia_inline_auto\" id=\"style-css-av-80ofsp-df25ec8e31eef2666334e6963e7d7654\">\n#top .av_textblock_section.av-80ofsp-df25ec8e31eef2666334e6963e7d7654 .avia_textblock{\nfont-size:16px;\n}\n<\/style>\n<section  class='av_textblock_section av-80ofsp-df25ec8e31eef2666334e6963e7d7654'  itemscope=\"itemscope\" itemtype=\"https:\/\/schema.org\/CreativeWork\" ><div class='avia_textblock'  itemprop=\"text\" ><p>Cuando accedemos por primera vez al comunicador <strong>Asterics AAC<\/strong>, debemos comenzar a familiarizarnos con la barra del <strong>men\u00fa principal<\/strong>\u00a0que aparece en el lado izquierdo de la pantalla.<\/p>\n<p>Este men\u00fa nos permite acceder a las <strong>funcionalidades b\u00e1sicas<\/strong> de <strong>Asterics AAC.\u00a0<\/strong><\/p>\n<p><img loading=\"lazy\" decoding=\"async\" class=\"aligncenter wp-image-95069\" src=\"https:\/\/aulaabierta.arasaac.org\/wp-content\/uploads\/2022\/08\/Comunicador-Asterics-pictogramas-ARASAAC-10.jpg\" alt=\"\" width=\"800\" height=\"375\" \/><\/p>\n<p>Vamos a hacer un repaso de todas ellas, aunque las explicaremos m\u00e1s detalladamente en los siguientes tutoriales.<\/p>\n<p><img loading=\"lazy\" decoding=\"async\" class=\"alignnone wp-image-93519\" src=\"https:\/\/aulaabierta.arasaac.org\/wp-content\/uploads\/2022\/08\/Comunicador-Asterics-pictogramas-ARASAAC-11.jpg\" alt=\"\" width=\"250\" height=\"45\" \/><\/p>\n<p><strong>Inicio<\/strong> muestra el <strong>tablero m\u00e1s reciente<\/strong> que hemos utilizado, independientemente del que hayamos establecido como tablero principal.<\/p>\n<p><img loading=\"lazy\" decoding=\"async\" class=\"alignnone wp-image-93524\" src=\"https:\/\/aulaabierta.arasaac.org\/wp-content\/uploads\/2022\/08\/Comunicador-Asterics-pictogramas-ARASAAC-12.jpg\" alt=\"\" width=\"250\" height=\"46\" \/><\/p>\n<p><strong>Gestionar tableros<\/strong> nos permite visualizar<strong> todos los tableros<\/strong> que componen nuestro comunicador, dise\u00f1ar <strong>nuevos tableros<\/strong>, crear una <strong>copia de seguridad<\/strong> y definir el <strong>tablero global<\/strong>, que ser\u00e1 el punto de partida de todos los tableros.<\/p>\n<p><img loading=\"lazy\" decoding=\"async\" class=\"alignnone wp-image-93530\" src=\"https:\/\/aulaabierta.arasaac.org\/wp-content\/uploads\/2022\/08\/Comunicador-Asterics-pictogramas-ARASAAC-13.jpg\" alt=\"\" width=\"250\" height=\"43\" \/><\/p>\n<p><strong>Gestionar diccionarios<\/strong> nos permite i<strong>mportar, crear y editar<\/strong> nuevos diccionarios, que se utilizan para rellenar los <strong>elementos de predicci\u00f3n<\/strong> cuando utilizamos <strong>teclados ortogr\u00e1ficos<\/strong>. Estos elementos de predicci\u00f3n resultan de gran ayuda para acelerar el proceso de la escritura y hacerla m\u00e1s fluida y r\u00e1pida.<\/p>\n<p><img loading=\"lazy\" decoding=\"async\" class=\"alignnone wp-image-93546\" src=\"https:\/\/aulaabierta.arasaac.org\/wp-content\/uploads\/2022\/08\/Comunicador-Asterics-pictogramas-ARASAAC-14.jpg\" alt=\"\" width=\"250\" height=\"44\" \/> <img loading=\"lazy\" decoding=\"async\" class=\"alignnone wp-image-93551\" src=\"https:\/\/aulaabierta.arasaac.org\/wp-content\/uploads\/2022\/08\/Comunicador-Asterics-pictogramas-ARASAAC-15.jpg\" alt=\"\" width=\"250\" height=\"45\" \/> <img loading=\"lazy\" decoding=\"async\" class=\"alignnone wp-image-93556\" src=\"https:\/\/aulaabierta.arasaac.org\/wp-content\/uploads\/2022\/08\/Comunicador-Asterics-pictogramas-ARASAAC-16.jpg\" alt=\"\" width=\"250\" height=\"42\" \/><\/p>\n<p>Estos tres apartados del men\u00fa <strong>Usuarios<\/strong> nos permiten gestionar la creaci\u00f3n de un <strong>usuario nuevo<\/strong>, el cambio a un <strong>usuario existente<\/strong>, definir un <strong>usuario online\/offline<\/strong> y la <strong>eliminaci\u00f3n del usuario<\/strong>.<\/p>\n<p>Es fundamental <strong>apuntar y recordar los nombres de los usuarios y las contrase\u00f1as<\/strong> en un lugar seguro, ya que no se pueden restablecer contrase\u00f1as y, si no hemos guardado una copia de seguridad previamente, perderemos todo el trabajo realizado.<\/p>\n<p><img loading=\"lazy\" decoding=\"async\" class=\"alignnone wp-image-93563\" src=\"https:\/\/aulaabierta.arasaac.org\/wp-content\/uploads\/2022\/08\/Comunicador-Asterics-pictogramas-ARASAAC-17.jpg\" alt=\"\" width=\"250\" height=\"44\" \/><\/p>\n<p>Configuraci\u00f3n es un apartado muy importante, ya que nos permite definir la <strong>Configuraci\u00f3n general<\/strong> de nuestro comunicador (<strong>Idioma de la aplicaci\u00f3n<\/strong> y <strong>Sincronizaci\u00f3n<\/strong>) y personalizar la <strong>Configuraci\u00f3n del usuario<\/strong> (Idioma de los tableros, Voz sintetizada, <strong>Color del fono de los tableros<\/strong>, <strong>Color de las celdas<\/strong> y <strong>Cambio del texto de las celdas de may\u00fascula a min\u00fascula<\/strong> y viceversa).<\/p>\n<p><img loading=\"lazy\" decoding=\"async\" class=\"alignnone wp-image-93569\" src=\"https:\/\/aulaabierta.arasaac.org\/wp-content\/uploads\/2022\/08\/Comunicador-Asterics-pictogramas-ARASAAC-18.jpg\" alt=\"\" width=\"250\" height=\"43\" \/><\/p>\n<p><strong>Acerca de Asterics AAC<\/strong> proporciona <strong>informaci\u00f3n general<\/strong> sobre los autores\/as; los colaboradores\/as, la financiaci\u00f3n del proyecto, condiciones de uso y los agradecimientos.<\/p>\n<\/div><\/section>\n<div  class='hr av-16hr0po-aeca4761ee53e95f1c44d27f435f064c hr-default  avia-builder-el-3  el_after_av_textblock  el_before_av_heading '><span class='hr-inner '><span class=\"hr-inner-style\"><\/span><\/span><\/div>\n\n<style type=\"text\/css\" data-created_by=\"avia_inline_auto\" id=\"style-css-av-l7omexi8-6865d136b7b918134f4b5d264defd760\">\n#top .av-special-heading.av-l7omexi8-6865d136b7b918134f4b5d264defd760{\npadding-bottom:10px;\ncolor:#b02b2c;\n}\nbody .av-special-heading.av-l7omexi8-6865d136b7b918134f4b5d264defd760 .av-special-heading-tag .heading-char{\nfont-size:25px;\npadding-bottom:10px;\n}\n.av-special-heading.av-l7omexi8-6865d136b7b918134f4b5d264defd760 .special-heading-inner-border{\nborder-color:#b02b2c;\n}\n.av-special-heading.av-l7omexi8-6865d136b7b918134f4b5d264defd760 .av-subheading{\nfont-size:15px;\n}\n<\/style>\n<div  class='av-special-heading av-l7omexi8-6865d136b7b918134f4b5d264defd760 av-special-heading-h3 custom-color-heading blockquote elegant-quote elegant-centered  avia-builder-el-4  el_after_av_hr  el_before_av_heading  av-linked-heading av-icon'><h3 class='av-special-heading-tag'  itemprop=\"headline\"  ><a class=\"av-heading-link\" href=\"https:\/\/aulaabierta.arasaac.org\/asterics-aac_navegacion-gestionar-tableros-y-copia-de-seguridad\"><span class='heading-char avia-font-entypo-fontello' aria-hidden='true' data-av_icon='\ue818' data-av_iconfont='entypo-fontello'><\/span><span class=\"heading-wrap\">Plus d\u2019informations sur G\u00e9rer les tableaux de bord<\/span><\/a><\/h3><div class=\"special-heading-border\"><div class=\"special-heading-inner-border\"><\/div><\/div><\/div>\n\n<style type=\"text\/css\" data-created_by=\"avia_inline_auto\" id=\"style-css-av-l7omff1k-2f2e95f63835eb159c94e589b6487beb\">\n#top .av-special-heading.av-l7omff1k-2f2e95f63835eb159c94e589b6487beb{\npadding-bottom:10px;\ncolor:#b02b2c;\n}\nbody .av-special-heading.av-l7omff1k-2f2e95f63835eb159c94e589b6487beb .av-special-heading-tag .heading-char{\nfont-size:25px;\npadding-bottom:10px;\n}\n.av-special-heading.av-l7omff1k-2f2e95f63835eb159c94e589b6487beb .special-heading-inner-border{\nborder-color:#b02b2c;\n}\n.av-special-heading.av-l7omff1k-2f2e95f63835eb159c94e589b6487beb .av-subheading{\nfont-size:15px;\n}\n<\/style>\n<div  class='av-special-heading av-l7omff1k-2f2e95f63835eb159c94e589b6487beb av-special-heading-h3 custom-color-heading blockquote elegant-quote elegant-centered  avia-builder-el-5  el_after_av_heading  el_before_av_heading  av-linked-heading av-icon'><h3 class='av-special-heading-tag'  itemprop=\"headline\"  ><a class=\"av-heading-link\" href=\"https:\/\/aulaabierta.arasaac.org\/asterics-aac_gestion-de-usuarios\"><span class='heading-char avia-font-entypo-fontello' aria-hidden='true' data-av_icon='\ue818' data-av_iconfont='entypo-fontello'><\/span><span class=\"heading-wrap\">Plus d\u2019informations sur la gestion des utilisateurs<\/span><\/a><\/h3><div class=\"special-heading-border\"><div class=\"special-heading-inner-border\"><\/div><\/div><\/div>\n\n<style type=\"text\/css\" data-created_by=\"avia_inline_auto\" id=\"style-css-av-l7omfutr-27178f65cbb097753bda0f107c10a500\">\n#top .av-special-heading.av-l7omfutr-27178f65cbb097753bda0f107c10a500{\npadding-bottom:10px;\ncolor:#b02b2c;\n}\nbody .av-special-heading.av-l7omfutr-27178f65cbb097753bda0f107c10a500 .av-special-heading-tag .heading-char{\nfont-size:25px;\npadding-bottom:10px;\n}\n.av-special-heading.av-l7omfutr-27178f65cbb097753bda0f107c10a500 .special-heading-inner-border{\nborder-color:#b02b2c;\n}\n.av-special-heading.av-l7omfutr-27178f65cbb097753bda0f107c10a500 .av-subheading{\nfont-size:15px;\n}\n<\/style>\n<div  class='av-special-heading av-l7omfutr-27178f65cbb097753bda0f107c10a500 av-special-heading-h3 custom-color-heading blockquote elegant-quote elegant-centered  avia-builder-el-6  el_after_av_heading  el_before_av_hr  av-linked-heading av-icon'><h3 class='av-special-heading-tag'  itemprop=\"headline\"  ><a class=\"av-heading-link\" href=\"https:\/\/aulaabierta.arasaac.org\/asterics-aac_configuracion\"><span class='heading-char avia-font-entypo-fontello' aria-hidden='true' data-av_icon='\ue818' data-av_iconfont='entypo-fontello'><\/span><span class=\"heading-wrap\">Plus d\u2019informations dans Param\u00e8tres<\/span><\/a><\/h3><div class=\"special-heading-border\"><div class=\"special-heading-inner-border\"><\/div><\/div><\/div>\n<div  class='hr av-iogyrg-22e28739d9d8bd2085298d5e8e6d9b6b hr-default  avia-builder-el-7  el_after_av_heading  el_before_av_one_fifth '><span class='hr-inner '><span class=\"hr-inner-style\"><\/span><\/span><\/div>\n<div class='flex_column av-2krg6xr-318b22cf5a7dcc17d549f6d260a48947 av_one_fifth  avia-builder-el-8  el_after_av_hr  el_before_av_one_fifth  first flex_column_div '     ><style type=\"text\/css\" data-created_by=\"avia_inline_auto\" id=\"style-css-av-l6kdyooj-439ee8b323b62400fe0c82b65e748299\">\n.avia-image-container.av-l6kdyooj-439ee8b323b62400fe0c82b65e748299 img.avia_image{\nbox-shadow:none;\n}\n.avia-image-container.av-l6kdyooj-439ee8b323b62400fe0c82b65e748299 .av-image-caption-overlay-center{\ncolor:#ffffff;\n}\n<\/style>\n<div  class='avia-image-container av-l6kdyooj-439ee8b323b62400fe0c82b65e748299 av-styling- avia-align-center  avia-builder-el-9  avia-builder-el-no-sibling '   itemprop=\"image\" itemscope=\"itemscope\" itemtype=\"https:\/\/schema.org\/ImageObject\" ><div class=\"avia-image-container-inner\"><div class=\"avia-image-overlay-wrap\"><a href=\"https:\/\/aulaabierta.arasaac.org\/fr\/asterics-aac_bienvenue_inscription\" class='avia_image' ><img decoding=\"async\" class='wp-image-23492 avia-img-lazy-loading-not-23492 avia_image ' src=\"https:\/\/aulaabierta.arasaac.org\/wp-content\/uploads\/2016\/12\/before-80x80.png\" alt='' title='before'  height=\"80\" width=\"80\"  itemprop=\"thumbnailUrl\" srcset=\"https:\/\/aulaabierta.arasaac.org\/wp-content\/uploads\/2016\/12\/before-80x80.png 80w, https:\/\/aulaabierta.arasaac.org\/wp-content\/uploads\/2016\/12\/before-36x36.png 36w, https:\/\/aulaabierta.arasaac.org\/wp-content\/uploads\/2016\/12\/before-120x120.png 120w, https:\/\/aulaabierta.arasaac.org\/wp-content\/uploads\/2016\/12\/before.png 128w\" sizes=\"(max-width: 80px) 100vw, 80px\" \/><\/a><\/div><\/div><\/div><\/div>\n<div class='flex_column av-2acjjb3-72430572443564d7b3ecb332fff10556 av_one_fifth  avia-builder-el-10  el_after_av_one_fifth  el_before_av_one_fifth  flex_column_div '     ><\/div>\n<div class='flex_column av-5ueg0v-f5b4451085be42fd2a70550803012549 av_one_fifth  avia-builder-el-11  el_after_av_one_fifth  el_before_av_one_fifth  flex_column_div '     ><style type=\"text\/css\" data-created_by=\"avia_inline_auto\" id=\"style-css-av-l6ke1xda-705ffbfe1c3cbefcb8cdeeac4faa0ba9\">\n.avia-image-container.av-l6ke1xda-705ffbfe1c3cbefcb8cdeeac4faa0ba9 img.avia_image{\nbox-shadow:none;\n}\n.avia-image-container.av-l6ke1xda-705ffbfe1c3cbefcb8cdeeac4faa0ba9 .av-image-caption-overlay-center{\ncolor:#ffffff;\n}\n<\/style>\n<div  class='avia-image-container av-l6ke1xda-705ffbfe1c3cbefcb8cdeeac4faa0ba9 av-styling- avia-align-center  avia-builder-el-12  avia-builder-el-no-sibling '   itemprop=\"image\" itemscope=\"itemscope\" itemtype=\"https:\/\/schema.org\/ImageObject\" ><div class=\"avia-image-container-inner\"><div class=\"avia-image-overlay-wrap\"><a href=\"https:\/\/aulaabierta.arasaac.org\/fr\/asterics-aac_accueil\" class='avia_image' ><img decoding=\"async\" class='wp-image-93346 avia-img-lazy-loading-not-93346 avia_image ' src=\"https:\/\/aulaabierta.arasaac.org\/wp-content\/uploads\/2022\/08\/casa-120x120-1-80x80.png\" alt='' title='casa-120x120'  height=\"80\" width=\"80\"  itemprop=\"thumbnailUrl\" srcset=\"https:\/\/aulaabierta.arasaac.org\/wp-content\/uploads\/2022\/08\/casa-120x120-1-80x80.png 80w, https:\/\/aulaabierta.arasaac.org\/wp-content\/uploads\/2022\/08\/casa-120x120-1-36x36.png 36w, https:\/\/aulaabierta.arasaac.org\/wp-content\/uploads\/2022\/08\/casa-120x120-1.png 120w\" sizes=\"(max-width: 80px) 100vw, 80px\" \/><\/a><\/div><\/div><\/div><\/div>\n<div class='flex_column av-126aqin-7a6e39193fa1262d0b61cdb616a4a062 av_one_fifth  avia-builder-el-13  el_after_av_one_fifth  el_before_av_one_fifth  flex_column_div '     ><\/div>\n<div class='flex_column av-w2yn9b-3822e7b37f6ad515aaaac5be5b29fec2 av_one_fifth  avia-builder-el-14  el_after_av_one_fifth  el_before_av_one_full  flex_column_div '     ><style type=\"text\/css\" data-created_by=\"avia_inline_auto\" id=\"style-css-av-l6kdzl6f-97d52817b1b674c60bd42e0f428ca496\">\n.avia-image-container.av-l6kdzl6f-97d52817b1b674c60bd42e0f428ca496 img.avia_image{\nbox-shadow:none;\n}\n.avia-image-container.av-l6kdzl6f-97d52817b1b674c60bd42e0f428ca496 .av-image-caption-overlay-center{\ncolor:#ffffff;\n}\n<\/style>\n<div  class='avia-image-container av-l6kdzl6f-97d52817b1b674c60bd42e0f428ca496 av-styling- avia-align-center  avia-builder-el-15  avia-builder-el-no-sibling '   itemprop=\"image\" itemscope=\"itemscope\" itemtype=\"https:\/\/schema.org\/ImageObject\" ><div class=\"avia-image-container-inner\"><div class=\"avia-image-overlay-wrap\"><a href=\"https:\/\/aulaabierta.arasaac.org\/fr\/asterics-aac-communicator-ecran-accueil\" class='avia_image' ><img decoding=\"async\" class='wp-image-23495 avia-img-lazy-loading-not-23495 avia_image ' src=\"https:\/\/aulaabierta.arasaac.org\/wp-content\/uploads\/2016\/12\/next-80x80.png\" alt='' title='next'  height=\"80\" width=\"80\"  itemprop=\"thumbnailUrl\" srcset=\"https:\/\/aulaabierta.arasaac.org\/wp-content\/uploads\/2016\/12\/next-80x80.png 80w, https:\/\/aulaabierta.arasaac.org\/wp-content\/uploads\/2016\/12\/next-36x36.png 36w, https:\/\/aulaabierta.arasaac.org\/wp-content\/uploads\/2016\/12\/next-120x120.png 120w, https:\/\/aulaabierta.arasaac.org\/wp-content\/uploads\/2016\/12\/next.png 128w\" sizes=\"(max-width: 80px) 100vw, 80px\" \/><\/a><\/div><\/div><\/div><\/div>\n<div class='flex_column av-vtfpkv-8fb9bef4cb06de80cef16013e631f9a4 av_one_full  avia-builder-el-16  el_after_av_one_fifth  avia-builder-el-last  first flex_column_div column-top-margin'     ><\/div>\n","protected":false},"excerpt":{"rendered":"","protected":false},"author":5,"featured_media":93285,"parent":0,"menu_order":0,"comment_status":"open","ping_status":"open","template":"","meta":{"om_disable_all_campaigns":false,"_monsterinsights_skip_tracking":false,"_monsterinsights_sitenote_active":false,"_monsterinsights_sitenote_note":"","_monsterinsights_sitenote_category":0,"_uf_show_specific_survey":0,"_uf_disable_surveys":false,"footnotes":""},"class_list":["post-107475","page","type-page","status-publish","has-post-thumbnail","hentry"],"aioseo_notices":[],"_links":{"self":[{"href":"https:\/\/aulaabierta.arasaac.org\/fr\/wp-json\/wp\/v2\/pages\/107475","targetHints":{"allow":["GET"]}}],"collection":[{"href":"https:\/\/aulaabierta.arasaac.org\/fr\/wp-json\/wp\/v2\/pages"}],"about":[{"href":"https:\/\/aulaabierta.arasaac.org\/fr\/wp-json\/wp\/v2\/types\/page"}],"author":[{"embeddable":true,"href":"https:\/\/aulaabierta.arasaac.org\/fr\/wp-json\/wp\/v2\/users\/5"}],"replies":[{"embeddable":true,"href":"https:\/\/aulaabierta.arasaac.org\/fr\/wp-json\/wp\/v2\/comments?post=107475"}],"version-history":[{"count":16,"href":"https:\/\/aulaabierta.arasaac.org\/fr\/wp-json\/wp\/v2\/pages\/107475\/revisions"}],"predecessor-version":[{"id":145697,"href":"https:\/\/aulaabierta.arasaac.org\/fr\/wp-json\/wp\/v2\/pages\/107475\/revisions\/145697"}],"wp:featuredmedia":[{"embeddable":true,"href":"https:\/\/aulaabierta.arasaac.org\/fr\/wp-json\/wp\/v2\/media\/93285"}],"wp:attachment":[{"href":"https:\/\/aulaabierta.arasaac.org\/fr\/wp-json\/wp\/v2\/media?parent=107475"}],"curies":[{"name":"wp","href":"https:\/\/api.w.org\/{rel}","templated":true}]}}