{"id":107842,"date":"2022-09-16T09:41:50","date_gmt":"2022-09-16T08:41:50","guid":{"rendered":"https:\/\/aulaabierta.arasaac.org\/asterics-grid_tableau_principal_et_global"},"modified":"2023-02-09T11:39:00","modified_gmt":"2023-02-09T10:39:00","slug":"asterics-aac_tableau_principal_et_global","status":"publish","type":"page","link":"https:\/\/aulaabierta.arasaac.org\/fr\/asterics-aac_tableau_principal_et_global","title":{"rendered":"Asterics AAC Communicator &#8211; 5 &#8211; Tableau principal et tableau global"},"content":{"rendered":"\n<style type=\"text\/css\" data-created_by=\"avia_inline_auto\" id=\"style-css-av-g02wp-5b13ed6fd90d437b607ce74f8453038f\">\n#top .av-special-heading.av-g02wp-5b13ed6fd90d437b607ce74f8453038f{\npadding-bottom:0;\n}\nbody .av-special-heading.av-g02wp-5b13ed6fd90d437b607ce74f8453038f .av-special-heading-tag .heading-char{\nfont-size:25px;\n}\n.av-special-heading.av-g02wp-5b13ed6fd90d437b607ce74f8453038f .av-subheading{\nfont-size:15px;\n}\n<\/style>\n<div  class='av-special-heading av-g02wp-5b13ed6fd90d437b607ce74f8453038f av-special-heading-h2  avia-builder-el-0  el_before_av_heading  avia-builder-el-first '><h2 class='av-special-heading-tag'  itemprop=\"headline\"  >Communicateur dynamique Asterics AAC <\/h2><div class=\"special-heading-border\"><div class=\"special-heading-inner-border\"><\/div><\/div><\/div>\n\n<style type=\"text\/css\" data-created_by=\"avia_inline_auto\" id=\"style-css-av-l6uyvnzl-1d0961d2c84c9a6858cd61da512ba098\">\n#top .av-special-heading.av-l6uyvnzl-1d0961d2c84c9a6858cd61da512ba098{\npadding-bottom:0;\n}\nbody .av-special-heading.av-l6uyvnzl-1d0961d2c84c9a6858cd61da512ba098 .av-special-heading-tag .heading-char{\nfont-size:25px;\n}\n.av-special-heading.av-l6uyvnzl-1d0961d2c84c9a6858cd61da512ba098 .av-subheading{\nfont-size:15px;\n}\n<\/style>\n<div  class='av-special-heading av-l6uyvnzl-1d0961d2c84c9a6858cd61da512ba098 av-special-heading-h2  avia-builder-el-1  el_after_av_heading  el_before_av_textblock '><h2 class='av-special-heading-tag'  itemprop=\"headline\"  >5 &#8211; Tableau principal et tableau global<\/h2><div class=\"special-heading-border\"><div class=\"special-heading-inner-border\"><\/div><\/div><\/div>\n\n<style type=\"text\/css\" data-created_by=\"avia_inline_auto\" id=\"style-css-av-80ofsp-85d15c89fe0b9ec3354a61db14f3e88e\">\n#top .av_textblock_section.av-80ofsp-85d15c89fe0b9ec3354a61db14f3e88e .avia_textblock{\nfont-size:16px;\n}\n<\/style>\n<section  class='av_textblock_section av-80ofsp-85d15c89fe0b9ec3354a61db14f3e88e'  itemscope=\"itemscope\" itemtype=\"https:\/\/schema.org\/CreativeWork\" ><div class='avia_textblock'  itemprop=\"text\" ><p>Dans les tutoriels suivants, nous apprendrons comment cr\u00e9er et modifier notre communicateur dynamique <strong>Asterics AAC<\/strong> pour l&rsquo;adapter \u00e0 l&rsquo;utilisateur. Pour ce faire, il est important de distinguer les deux types de tableaux de bord que nous utiliserons : le <strong>tableau de bord principal<\/strong> et le <strong>tableau de bord global<\/strong>.<\/p>\n<\/div><\/section>\n<div id='av-masonry-1' class='av-masonry av-l6vtdnki-1c4a46ba7692233c7f971600883501c9 noHover av-flex-size av-no-gap av-hover-overlay-active av-masonry-animation-active av-masonry-col-2 av-caption-always av-caption-style- av-masonry-gallery ' data-post_id=\"107842\"><div class=\"av-masonry-container isotope av-js-disabled\"><div class='av-masonry-entry isotope-item av-masonry-item-no-image '><\/div><a href=\"https:\/\/aulaabierta.arasaac.org\/wp-content\/uploads\/2022\/09\/Comunicador-Asterics-pictogramas-ARASAAC-33-1030x488.jpg\" data-srcset=\"https:\/\/aulaabierta.arasaac.org\/wp-content\/uploads\/2022\/09\/Comunicador-Asterics-pictogramas-ARASAAC-33-1030x488.jpg 1030w, https:\/\/aulaabierta.arasaac.org\/wp-content\/uploads\/2022\/09\/Comunicador-Asterics-pictogramas-ARASAAC-33-300x142.jpg 300w, https:\/\/aulaabierta.arasaac.org\/wp-content\/uploads\/2022\/09\/Comunicador-Asterics-pictogramas-ARASAAC-33-768x364.jpg 768w, https:\/\/aulaabierta.arasaac.org\/wp-content\/uploads\/2022\/09\/Comunicador-Asterics-pictogramas-ARASAAC-33-1536x728.jpg 1536w, https:\/\/aulaabierta.arasaac.org\/wp-content\/uploads\/2022\/09\/Comunicador-Asterics-pictogramas-ARASAAC-33-1500x711.jpg 1500w, https:\/\/aulaabierta.arasaac.org\/wp-content\/uploads\/2022\/09\/Comunicador-Asterics-pictogramas-ARASAAC-33-705x334.jpg 705w, https:\/\/aulaabierta.arasaac.org\/wp-content\/uploads\/2022\/09\/Comunicador-Asterics-pictogramas-ARASAAC-33.jpg 1593w\" data-sizes=\"(max-width: 1030px) 100vw, 1030px\"  aria-label=\"image Comunicador-Asterics-pictogramas-ARASAAC-33\"  id='av-masonry-1-item-95104' data-av-masonry-item='95104' class='av-masonry-entry isotope-item post-95104 attachment type-attachment status-inherit hentry  av-masonry-item-with-image' title=\"Comunicador-Asterics-pictogramas-ARASAAC-33\" alt=\"\"    itemprop=\"thumbnailUrl\" ><div class='av-inner-masonry-sizer'><\/div><figure class='av-inner-masonry main_color'><div class=\"av-masonry-outerimage-container\"><div class='av-masonry-image-container'   ><img decoding=\"async\" width=\"705\" height=\"334\" class=\"wp-image-95104 avia-img-lazy-loading-not-95104\"  src=\"https:\/\/aulaabierta.arasaac.org\/wp-content\/uploads\/2022\/09\/Comunicador-Asterics-pictogramas-ARASAAC-33-705x334.jpg\" title=\"Comunicador-Asterics-pictogramas-ARASAAC-33\" alt=\"\" srcset=\"https:\/\/aulaabierta.arasaac.org\/wp-content\/uploads\/2022\/09\/Comunicador-Asterics-pictogramas-ARASAAC-33-705x334.jpg 705w, https:\/\/aulaabierta.arasaac.org\/wp-content\/uploads\/2022\/09\/Comunicador-Asterics-pictogramas-ARASAAC-33-300x142.jpg 300w, https:\/\/aulaabierta.arasaac.org\/wp-content\/uploads\/2022\/09\/Comunicador-Asterics-pictogramas-ARASAAC-33-1030x488.jpg 1030w, https:\/\/aulaabierta.arasaac.org\/wp-content\/uploads\/2022\/09\/Comunicador-Asterics-pictogramas-ARASAAC-33-768x364.jpg 768w, https:\/\/aulaabierta.arasaac.org\/wp-content\/uploads\/2022\/09\/Comunicador-Asterics-pictogramas-ARASAAC-33-1536x728.jpg 1536w, https:\/\/aulaabierta.arasaac.org\/wp-content\/uploads\/2022\/09\/Comunicador-Asterics-pictogramas-ARASAAC-33-1500x711.jpg 1500w, https:\/\/aulaabierta.arasaac.org\/wp-content\/uploads\/2022\/09\/Comunicador-Asterics-pictogramas-ARASAAC-33.jpg 1593w\" sizes=\"(max-width: 705px) 100vw, 705px\" \/><\/div><\/div><figcaption class='av-inner-masonry-content site-background'><div class='av-inner-masonry-content-pos'><div class='av-inner-masonry-content-pos-content'><div class='avia-arrow'><\/div><\/div><\/div><\/figcaption><\/figure><\/a><!--end av-masonry entry--><\/div><\/div>\n<div  class='hr av-iz2hlx-ee617bac7e67d9af62382934f6de8452 hr-default  avia-builder-el-4  el_after_av_masonry_gallery  el_before_av_textblock  avia-builder-el-first '><span class='hr-inner '><span class=\"hr-inner-style\"><\/span><\/span><\/div>\n\n<style type=\"text\/css\" data-created_by=\"avia_inline_auto\" id=\"style-css-av-l6vta9g2-c100f3a5a2fa9d3487960701b806730d\">\n#top .av_textblock_section.av-l6vta9g2-c100f3a5a2fa9d3487960701b806730d .avia_textblock{\nfont-size:16px;\n}\n<\/style>\n<section  class='av_textblock_section av-l6vta9g2-c100f3a5a2fa9d3487960701b806730d'  itemscope=\"itemscope\" itemtype=\"https:\/\/schema.org\/CreativeWork\" ><div class='avia_textblock'  itemprop=\"text\" ><h3>Tableau de bord principal<\/h3>\n<p>Le <strong>tableau de communication principal<\/strong> est une <strong>grille<\/strong> compos\u00e9e de cellules dans lesquelles nous allons ins\u00e9rer nos <strong>pictogrammes<\/strong>, <strong>images<\/strong>, <strong>textes<\/strong>, etc., afin de faciliter la communication fonctionnelle avec notre utilisateur.<\/p>\n<p>\u00c0 partir de ce tableau, nous pouvons utiliser des <strong>tableaux li\u00e9s<\/strong> avec diff\u00e9rentes cat\u00e9gories de vocabulaire pour enrichir la communication.<\/p>\n<p>Pour modifier notre <strong>tableau de communication principal<\/strong>, nous devons cliquer sur le bouton <strong>Modifier<\/strong> dans le menu sup\u00e9rieur.<\/p>\n<p><img loading=\"lazy\" decoding=\"async\" class=\"alignnone wp-image-93745 size-full\" src=\"https:\/\/aulaabierta.arasaac.org\/wp-content\/uploads\/2022\/08\/Comunicador-Asterics-pictogramas-ARASAAC-26.jpg\" alt=\"\" width=\"1251\" height=\"67\" srcset=\"https:\/\/aulaabierta.arasaac.org\/wp-content\/uploads\/2022\/08\/Comunicador-Asterics-pictogramas-ARASAAC-26.jpg 1251w, https:\/\/aulaabierta.arasaac.org\/wp-content\/uploads\/2022\/08\/Comunicador-Asterics-pictogramas-ARASAAC-26-300x16.jpg 300w, https:\/\/aulaabierta.arasaac.org\/wp-content\/uploads\/2022\/08\/Comunicador-Asterics-pictogramas-ARASAAC-26-1030x55.jpg 1030w, https:\/\/aulaabierta.arasaac.org\/wp-content\/uploads\/2022\/08\/Comunicador-Asterics-pictogramas-ARASAAC-26-768x41.jpg 768w, https:\/\/aulaabierta.arasaac.org\/wp-content\/uploads\/2022\/08\/Comunicador-Asterics-pictogramas-ARASAAC-26-705x38.jpg 705w\" sizes=\"auto, (max-width: 1251px) 100vw, 1251px\" \/><\/p>\n<p>Si nous modifions le communicateur que nous utilisons comme exemple au cours de ces tutoriels, l&rsquo;\u00e9cran suivant appara\u00eetra :<\/p>\n<p><img loading=\"lazy\" decoding=\"async\" class=\"aligncenter wp-image-93875 size-full\" src=\"https:\/\/aulaabierta.arasaac.org\/wp-content\/uploads\/2022\/08\/Comunicador-Asterics-pictogramas-ARASAAC-35-1.jpg\" alt=\"\" width=\"1600\" height=\"900\" srcset=\"https:\/\/aulaabierta.arasaac.org\/wp-content\/uploads\/2022\/08\/Comunicador-Asterics-pictogramas-ARASAAC-35-1.jpg 1600w, https:\/\/aulaabierta.arasaac.org\/wp-content\/uploads\/2022\/08\/Comunicador-Asterics-pictogramas-ARASAAC-35-1-300x169.jpg 300w, https:\/\/aulaabierta.arasaac.org\/wp-content\/uploads\/2022\/08\/Comunicador-Asterics-pictogramas-ARASAAC-35-1-1030x579.jpg 1030w, https:\/\/aulaabierta.arasaac.org\/wp-content\/uploads\/2022\/08\/Comunicador-Asterics-pictogramas-ARASAAC-35-1-768x432.jpg 768w, https:\/\/aulaabierta.arasaac.org\/wp-content\/uploads\/2022\/08\/Comunicador-Asterics-pictogramas-ARASAAC-35-1-1536x864.jpg 1536w, https:\/\/aulaabierta.arasaac.org\/wp-content\/uploads\/2022\/08\/Comunicador-Asterics-pictogramas-ARASAAC-35-1-1500x844.jpg 1500w, https:\/\/aulaabierta.arasaac.org\/wp-content\/uploads\/2022\/08\/Comunicador-Asterics-pictogramas-ARASAAC-35-1-705x397.jpg 705w\" sizes=\"auto, (max-width: 1600px) 100vw, 1600px\" \/><\/p>\n<p>Nous pouvons voir que, l\u00e0 o\u00f9 le bouton <strong>Modifier<\/strong> est apparu, un nouveau bouton appel\u00e9 D<strong>\u00e9sactiver l&rsquo;\u00e9dition<\/strong> appara\u00eet. Une fois que nous aurons cr\u00e9\u00e9 ou modifi\u00e9 notre tableau, nous cliquerons dessus pour revenir au mode pr\u00e9c\u00e9dent.<\/p>\n<p>Nous pouvons \u00e9galement voir que la ligne de la phrase accumul\u00e9e et les boutons d&rsquo;action ont disparu. Ces \u00e9l\u00e9ments sont ins\u00e9r\u00e9s dans le <strong>tableau de bord global<\/strong>.<\/p>\n<\/div><\/section>\n<div  class='hr av-mo4vb9-b73e5396971127583e076a34a6c88c7c hr-default  avia-builder-el-6  el_after_av_textblock  el_before_av_textblock '><span class='hr-inner '><span class=\"hr-inner-style\"><\/span><\/span><\/div>\n\n<style type=\"text\/css\" data-created_by=\"avia_inline_auto\" id=\"style-css-av-l6vtb1gw-078a545b3e2d34dea23efe2823b40bed\">\n#top .av_textblock_section.av-l6vtb1gw-078a545b3e2d34dea23efe2823b40bed .avia_textblock{\nfont-size:16px;\n}\n<\/style>\n<section  class='av_textblock_section av-l6vtb1gw-078a545b3e2d34dea23efe2823b40bed'  itemscope=\"itemscope\" itemtype=\"https:\/\/schema.org\/CreativeWork\" ><div class='avia_textblock'  itemprop=\"text\" ><h3>Tableau de bord global<\/h3>\n<p>Le <strong>tableau de bord global<\/strong> est une grille qui est toujours <strong>visible sur tous les tableaux de communication<\/strong>. Il peut contenir des <strong>boutons d&rsquo;action<\/strong> (par exemple : d\u00e9marrer, lire la phrase, supprimer, etc.) et il peut \u00e9galement contenir un certain type de <strong>vocabulaire de base<\/strong> que nous souhaitons voir visible \u00e0 tout moment (par exemple : \u00ab\u00a0je veux me reposer\u00a0\u00bb). Tous les \u00e9l\u00e9ments que nous pla\u00e7ons dans ce tableau global appara\u00eetront dans tous les tableaux de communication, situ\u00e9s au m\u00eame endroit.<\/p>\n<p>Pour modifier notre tableau global, nous devons cliquer sur le bouton <strong>Modifier<\/strong> dans le menu du haut.<\/p>\n<p><img loading=\"lazy\" decoding=\"async\" class=\"alignnone wp-image-93745 size-full\" src=\"https:\/\/aulaabierta.arasaac.org\/wp-content\/uploads\/2022\/08\/Comunicador-Asterics-pictogramas-ARASAAC-26.jpg\" alt=\"\" width=\"1251\" height=\"67\" srcset=\"https:\/\/aulaabierta.arasaac.org\/wp-content\/uploads\/2022\/08\/Comunicador-Asterics-pictogramas-ARASAAC-26.jpg 1251w, https:\/\/aulaabierta.arasaac.org\/wp-content\/uploads\/2022\/08\/Comunicador-Asterics-pictogramas-ARASAAC-26-300x16.jpg 300w, https:\/\/aulaabierta.arasaac.org\/wp-content\/uploads\/2022\/08\/Comunicador-Asterics-pictogramas-ARASAAC-26-1030x55.jpg 1030w, https:\/\/aulaabierta.arasaac.org\/wp-content\/uploads\/2022\/08\/Comunicador-Asterics-pictogramas-ARASAAC-26-768x41.jpg 768w, https:\/\/aulaabierta.arasaac.org\/wp-content\/uploads\/2022\/08\/Comunicador-Asterics-pictogramas-ARASAAC-26-705x38.jpg 705w\" sizes=\"auto, (max-width: 1251px) 100vw, 1251px\" \/><\/p>\n<p>Ensuite, cliquez sur le menu <strong>Plus<\/strong>, situ\u00e9 en haut \u00e0 droite, et s\u00e9lectionnez l&rsquo;option <strong>Modifier le tableau de bord global<\/strong>.<\/p>\n<p><img loading=\"lazy\" decoding=\"async\" class=\"aligncenter wp-image-93965 size-full\" src=\"https:\/\/aulaabierta.arasaac.org\/wp-content\/uploads\/2022\/08\/Comunicador-Asterics-pictogramas-ARASAAC-38a.jpg\" alt=\"\" width=\"1600\" height=\"908\" srcset=\"https:\/\/aulaabierta.arasaac.org\/wp-content\/uploads\/2022\/08\/Comunicador-Asterics-pictogramas-ARASAAC-38a.jpg 1600w, https:\/\/aulaabierta.arasaac.org\/wp-content\/uploads\/2022\/08\/Comunicador-Asterics-pictogramas-ARASAAC-38a-300x170.jpg 300w, https:\/\/aulaabierta.arasaac.org\/wp-content\/uploads\/2022\/08\/Comunicador-Asterics-pictogramas-ARASAAC-38a-1030x585.jpg 1030w, https:\/\/aulaabierta.arasaac.org\/wp-content\/uploads\/2022\/08\/Comunicador-Asterics-pictogramas-ARASAAC-38a-768x436.jpg 768w, https:\/\/aulaabierta.arasaac.org\/wp-content\/uploads\/2022\/08\/Comunicador-Asterics-pictogramas-ARASAAC-38a-1536x872.jpg 1536w, https:\/\/aulaabierta.arasaac.org\/wp-content\/uploads\/2022\/08\/Comunicador-Asterics-pictogramas-ARASAAC-38a-1500x851.jpg 1500w, https:\/\/aulaabierta.arasaac.org\/wp-content\/uploads\/2022\/08\/Comunicador-Asterics-pictogramas-ARASAAC-38a-705x400.jpg 705w\" sizes=\"auto, (max-width: 1600px) 100vw, 1600px\" \/><\/p>\n<p>La grille actuelle du <strong>tableau de bord global<\/strong> de Communicator appara\u00eetra alors \u00e0 l&rsquo;\u00e9cran.<\/p>\n<p><img loading=\"lazy\" decoding=\"async\" class=\"aligncenter wp-image-93854 size-full\" src=\"https:\/\/aulaabierta.arasaac.org\/wp-content\/uploads\/2022\/08\/Comunicador-Asterics-pictogramas-ARASAAC-36.jpg\" alt=\"\" width=\"1600\" height=\"900\" srcset=\"https:\/\/aulaabierta.arasaac.org\/wp-content\/uploads\/2022\/08\/Comunicador-Asterics-pictogramas-ARASAAC-36.jpg 1600w, https:\/\/aulaabierta.arasaac.org\/wp-content\/uploads\/2022\/08\/Comunicador-Asterics-pictogramas-ARASAAC-36-300x169.jpg 300w, https:\/\/aulaabierta.arasaac.org\/wp-content\/uploads\/2022\/08\/Comunicador-Asterics-pictogramas-ARASAAC-36-1030x579.jpg 1030w, https:\/\/aulaabierta.arasaac.org\/wp-content\/uploads\/2022\/08\/Comunicador-Asterics-pictogramas-ARASAAC-36-768x432.jpg 768w, https:\/\/aulaabierta.arasaac.org\/wp-content\/uploads\/2022\/08\/Comunicador-Asterics-pictogramas-ARASAAC-36-1536x864.jpg 1536w, https:\/\/aulaabierta.arasaac.org\/wp-content\/uploads\/2022\/08\/Comunicador-Asterics-pictogramas-ARASAAC-36-1500x844.jpg 1500w, https:\/\/aulaabierta.arasaac.org\/wp-content\/uploads\/2022\/08\/Comunicador-Asterics-pictogramas-ARASAAC-36-705x397.jpg 705w\" sizes=\"auto, (max-width: 1600px) 100vw, 1600px\" \/><\/p>\n<p>Dans les tutoriels suivants, nous expliquerons comment cr\u00e9er\/\u00e9diter\/modifier ces deux types de cartes.<\/p>\n<\/div><\/section>\n<div  class='hr av-105hfnp-12739dd2eccc4a7534306f304f1c6614 hr-default  avia-builder-el-8  el_after_av_textblock  el_before_av_heading '><span class='hr-inner '><span class=\"hr-inner-style\"><\/span><\/span><\/div>\n\n<style type=\"text\/css\" data-created_by=\"avia_inline_auto\" id=\"style-css-av-l7mx1366-a3ae13048d1fbf739fa25f6243a0cbe3\">\n#top .av-special-heading.av-l7mx1366-a3ae13048d1fbf739fa25f6243a0cbe3{\npadding-bottom:0;\ncolor:#b02b2c;\n}\nbody .av-special-heading.av-l7mx1366-a3ae13048d1fbf739fa25f6243a0cbe3 .av-special-heading-tag .heading-char{\nfont-size:25px;\npadding-bottom:10px;\n}\n.av-special-heading.av-l7mx1366-a3ae13048d1fbf739fa25f6243a0cbe3 .special-heading-inner-border{\nborder-color:#b02b2c;\n}\n.av-special-heading.av-l7mx1366-a3ae13048d1fbf739fa25f6243a0cbe3 .av-subheading{\nfont-size:15px;\n}\n<\/style>\n<div  class='av-special-heading av-l7mx1366-a3ae13048d1fbf739fa25f6243a0cbe3 av-special-heading-h3 custom-color-heading blockquote elegant-quote elegant-centered  avia-builder-el-9  el_after_av_hr  el_before_av_hr  av-linked-heading av-icon'><h3 class='av-special-heading-tag'  itemprop=\"headline\"  ><a class=\"av-heading-link\" href=\"https:\/\/aulaabierta.arasaac.org\/asterics-aac_tablero-global\"><span class='heading-char avia-font-entypo-fontello' aria-hidden='true' data-av_icon='\ue818' data-av_iconfont='entypo-fontello'><\/span><span class=\"heading-wrap\"> Plus d\u2019informations sur le tableau de bord global<\/span><\/a><\/h3><div class=\"special-heading-border\"><div class=\"special-heading-inner-border\"><\/div><\/div><\/div>\n<div  class='hr av-q7q291-270eeddf9bee1bde9077bcfc3027e529 hr-default  avia-builder-el-10  el_after_av_heading  el_before_av_one_fifth '><span class='hr-inner '><span class=\"hr-inner-style\"><\/span><\/span><\/div>\n<div class='flex_column av-2krg6xr-318b22cf5a7dcc17d549f6d260a48947 av_one_fifth  avia-builder-el-11  el_after_av_hr  el_before_av_one_fifth  first flex_column_div '     ><style type=\"text\/css\" data-created_by=\"avia_inline_auto\" id=\"style-css-av-l6kdyooj-61b2938667abc71b4c36c0df7c733398\">\n.avia-image-container.av-l6kdyooj-61b2938667abc71b4c36c0df7c733398 img.avia_image{\nbox-shadow:none;\n}\n.avia-image-container.av-l6kdyooj-61b2938667abc71b4c36c0df7c733398 .av-image-caption-overlay-center{\ncolor:#ffffff;\n}\n<\/style>\n<div  class='avia-image-container av-l6kdyooj-61b2938667abc71b4c36c0df7c733398 av-styling- avia-align-center  avia-builder-el-12  avia-builder-el-no-sibling '   itemprop=\"image\" itemscope=\"itemscope\" itemtype=\"https:\/\/schema.org\/ImageObject\" ><div class=\"avia-image-container-inner\"><div class=\"avia-image-overlay-wrap\"><a href=\"https:\/\/aulaabierta.arasaac.org\/fr\/asterics-aac-communicator-ecran-accueil\" class='avia_image' ><img decoding=\"async\" class='wp-image-23492 avia-img-lazy-loading-not-23492 avia_image ' src=\"https:\/\/aulaabierta.arasaac.org\/wp-content\/uploads\/2016\/12\/before-80x80.png\" alt='' title='before'  height=\"80\" width=\"80\"  itemprop=\"thumbnailUrl\" srcset=\"https:\/\/aulaabierta.arasaac.org\/wp-content\/uploads\/2016\/12\/before-80x80.png 80w, https:\/\/aulaabierta.arasaac.org\/wp-content\/uploads\/2016\/12\/before-36x36.png 36w, https:\/\/aulaabierta.arasaac.org\/wp-content\/uploads\/2016\/12\/before-120x120.png 120w, https:\/\/aulaabierta.arasaac.org\/wp-content\/uploads\/2016\/12\/before.png 128w\" sizes=\"(max-width: 80px) 100vw, 80px\" \/><\/a><\/div><\/div><\/div><\/div>\n<div class='flex_column av-2acjjb3-72430572443564d7b3ecb332fff10556 av_one_fifth  avia-builder-el-13  el_after_av_one_fifth  el_before_av_one_fifth  flex_column_div '     ><\/div>\n<div class='flex_column av-5ueg0v-f5b4451085be42fd2a70550803012549 av_one_fifth  avia-builder-el-14  el_after_av_one_fifth  el_before_av_one_fifth  flex_column_div '     ><style type=\"text\/css\" data-created_by=\"avia_inline_auto\" id=\"style-css-av-l6ke1xda-705ffbfe1c3cbefcb8cdeeac4faa0ba9\">\n.avia-image-container.av-l6ke1xda-705ffbfe1c3cbefcb8cdeeac4faa0ba9 img.avia_image{\nbox-shadow:none;\n}\n.avia-image-container.av-l6ke1xda-705ffbfe1c3cbefcb8cdeeac4faa0ba9 .av-image-caption-overlay-center{\ncolor:#ffffff;\n}\n<\/style>\n<div  class='avia-image-container av-l6ke1xda-705ffbfe1c3cbefcb8cdeeac4faa0ba9 av-styling- avia-align-center  avia-builder-el-15  avia-builder-el-no-sibling '   itemprop=\"image\" itemscope=\"itemscope\" itemtype=\"https:\/\/schema.org\/ImageObject\" ><div class=\"avia-image-container-inner\"><div class=\"avia-image-overlay-wrap\"><a href=\"https:\/\/aulaabierta.arasaac.org\/fr\/asterics-aac_accueil\" class='avia_image' ><img decoding=\"async\" class='wp-image-93346 avia-img-lazy-loading-not-93346 avia_image ' src=\"https:\/\/aulaabierta.arasaac.org\/wp-content\/uploads\/2022\/08\/casa-120x120-1-80x80.png\" alt='' title='casa-120x120'  height=\"80\" width=\"80\"  itemprop=\"thumbnailUrl\" srcset=\"https:\/\/aulaabierta.arasaac.org\/wp-content\/uploads\/2022\/08\/casa-120x120-1-80x80.png 80w, https:\/\/aulaabierta.arasaac.org\/wp-content\/uploads\/2022\/08\/casa-120x120-1-36x36.png 36w, https:\/\/aulaabierta.arasaac.org\/wp-content\/uploads\/2022\/08\/casa-120x120-1.png 120w\" sizes=\"(max-width: 80px) 100vw, 80px\" \/><\/a><\/div><\/div><\/div><\/div>\n<div class='flex_column av-lufc85-99aeef388a7d4def523afaee1390de4a av_one_fifth  avia-builder-el-16  el_after_av_one_fifth  el_before_av_one_fifth  flex_column_div '     ><\/div>\n<div class='flex_column av-w2yn9b-3822e7b37f6ad515aaaac5be5b29fec2 av_one_fifth  avia-builder-el-17  el_after_av_one_fifth  el_before_av_one_full  flex_column_div '     ><style type=\"text\/css\" data-created_by=\"avia_inline_auto\" id=\"style-css-av-l6kdzl6f-b67369d2673990663038b21ef0970502\">\n.avia-image-container.av-l6kdzl6f-b67369d2673990663038b21ef0970502 img.avia_image{\nbox-shadow:none;\n}\n.avia-image-container.av-l6kdzl6f-b67369d2673990663038b21ef0970502 .av-image-caption-overlay-center{\ncolor:#ffffff;\n}\n<\/style>\n<div  class='avia-image-container av-l6kdzl6f-b67369d2673990663038b21ef0970502 av-styling- avia-align-center  avia-builder-el-18  avia-builder-el-no-sibling '   itemprop=\"image\" itemscope=\"itemscope\" itemtype=\"https:\/\/schema.org\/ImageObject\" ><div class=\"avia-image-container-inner\"><div class=\"avia-image-overlay-wrap\"><a href=\"https:\/\/aulaabierta.arasaac.org\/fr\/asterics-aac_modifier_texte_cellule\" class='avia_image' ><img decoding=\"async\" class='wp-image-23495 avia-img-lazy-loading-not-23495 avia_image ' src=\"https:\/\/aulaabierta.arasaac.org\/wp-content\/uploads\/2016\/12\/next-80x80.png\" alt='' title='next'  height=\"80\" width=\"80\"  itemprop=\"thumbnailUrl\" srcset=\"https:\/\/aulaabierta.arasaac.org\/wp-content\/uploads\/2016\/12\/next-80x80.png 80w, https:\/\/aulaabierta.arasaac.org\/wp-content\/uploads\/2016\/12\/next-36x36.png 36w, https:\/\/aulaabierta.arasaac.org\/wp-content\/uploads\/2016\/12\/next-120x120.png 120w, https:\/\/aulaabierta.arasaac.org\/wp-content\/uploads\/2016\/12\/next.png 128w\" sizes=\"(max-width: 80px) 100vw, 80px\" \/><\/a><\/div><\/div><\/div><\/div>\n<div class='flex_column av-126aqin-6c33e772d92245841b5dfe6c40e81df4 av_one_full  avia-builder-el-19  el_after_av_one_fifth  avia-builder-el-last  first flex_column_div column-top-margin'     ><\/div>\n","protected":false},"excerpt":{"rendered":"","protected":false},"author":5,"featured_media":93285,"parent":0,"menu_order":0,"comment_status":"open","ping_status":"open","template":"","meta":{"om_disable_all_campaigns":false,"_monsterinsights_skip_tracking":false,"_monsterinsights_sitenote_active":false,"_monsterinsights_sitenote_note":"","_monsterinsights_sitenote_category":0,"_uf_show_specific_survey":0,"_uf_disable_surveys":false,"footnotes":""},"class_list":["post-107842","page","type-page","status-publish","has-post-thumbnail","hentry"],"aioseo_notices":[],"_links":{"self":[{"href":"https:\/\/aulaabierta.arasaac.org\/fr\/wp-json\/wp\/v2\/pages\/107842","targetHints":{"allow":["GET"]}}],"collection":[{"href":"https:\/\/aulaabierta.arasaac.org\/fr\/wp-json\/wp\/v2\/pages"}],"about":[{"href":"https:\/\/aulaabierta.arasaac.org\/fr\/wp-json\/wp\/v2\/types\/page"}],"author":[{"embeddable":true,"href":"https:\/\/aulaabierta.arasaac.org\/fr\/wp-json\/wp\/v2\/users\/5"}],"replies":[{"embeddable":true,"href":"https:\/\/aulaabierta.arasaac.org\/fr\/wp-json\/wp\/v2\/comments?post=107842"}],"version-history":[{"count":23,"href":"https:\/\/aulaabierta.arasaac.org\/fr\/wp-json\/wp\/v2\/pages\/107842\/revisions"}],"predecessor-version":[{"id":145708,"href":"https:\/\/aulaabierta.arasaac.org\/fr\/wp-json\/wp\/v2\/pages\/107842\/revisions\/145708"}],"wp:featuredmedia":[{"embeddable":true,"href":"https:\/\/aulaabierta.arasaac.org\/fr\/wp-json\/wp\/v2\/media\/93285"}],"wp:attachment":[{"href":"https:\/\/aulaabierta.arasaac.org\/fr\/wp-json\/wp\/v2\/media?parent=107842"}],"curies":[{"name":"wp","href":"https:\/\/api.w.org\/{rel}","templated":true}]}}