{"id":108543,"date":"2022-09-21T19:24:35","date_gmt":"2022-09-21T18:24:35","guid":{"rendered":"https:\/\/aulaabierta.arasaac.org\/asterics-grid_modifier_texte_cellule"},"modified":"2023-02-09T11:39:07","modified_gmt":"2023-02-09T10:39:07","slug":"asterics-aac_modifier_texte_cellule","status":"publish","type":"page","link":"https:\/\/aulaabierta.arasaac.org\/fr\/asterics-aac_modifier_texte_cellule","title":{"rendered":"Asterics AAC Communicateur &#8211; 6 &#8211; Modifier le texte d&rsquo;une cellule"},"content":{"rendered":"\n<style type=\"text\/css\" data-created_by=\"avia_inline_auto\" id=\"style-css-av-g02wp-ad2b4232a3166492ae50b2404db95d36\">\n#top .av-special-heading.av-g02wp-ad2b4232a3166492ae50b2404db95d36{\npadding-bottom:0;\n}\nbody .av-special-heading.av-g02wp-ad2b4232a3166492ae50b2404db95d36 .av-special-heading-tag .heading-char{\nfont-size:25px;\n}\n.av-special-heading.av-g02wp-ad2b4232a3166492ae50b2404db95d36 .av-subheading{\nfont-size:15px;\n}\n<\/style>\n<div  class='av-special-heading av-g02wp-ad2b4232a3166492ae50b2404db95d36 av-special-heading-h2  avia-builder-el-0  el_before_av_heading  avia-builder-el-first '><h2 class='av-special-heading-tag'  itemprop=\"headline\"  >Communicateur dynamique de grille AsTeRICS <\/h2><div class=\"special-heading-border\"><div class=\"special-heading-inner-border\"><\/div><\/div><\/div>\n\n<style type=\"text\/css\" data-created_by=\"avia_inline_auto\" id=\"style-css-av-l6uyvnzl-4d55306a8811e5406eca6cf0b490fc4d\">\n#top .av-special-heading.av-l6uyvnzl-4d55306a8811e5406eca6cf0b490fc4d{\npadding-bottom:0;\n}\nbody .av-special-heading.av-l6uyvnzl-4d55306a8811e5406eca6cf0b490fc4d .av-special-heading-tag .heading-char{\nfont-size:25px;\n}\n.av-special-heading.av-l6uyvnzl-4d55306a8811e5406eca6cf0b490fc4d .av-subheading{\nfont-size:15px;\n}\n<\/style>\n<div  class='av-special-heading av-l6uyvnzl-4d55306a8811e5406eca6cf0b490fc4d av-special-heading-h2  avia-builder-el-1  el_after_av_heading  el_before_av_textblock '><h2 class='av-special-heading-tag'  itemprop=\"headline\"  >6 &#8211; Modifier le texte d\u2019une cellule<\/h2><div class=\"special-heading-border\"><div class=\"special-heading-inner-border\"><\/div><\/div><\/div>\n\n<style type=\"text\/css\" data-created_by=\"avia_inline_auto\" id=\"style-css-av-80ofsp-df25ec8e31eef2666334e6963e7d7654\">\n#top .av_textblock_section.av-80ofsp-df25ec8e31eef2666334e6963e7d7654 .avia_textblock{\nfont-size:16px;\n}\n<\/style>\n<section  class='av_textblock_section av-80ofsp-df25ec8e31eef2666334e6963e7d7654'  itemscope=\"itemscope\" itemtype=\"https:\/\/schema.org\/CreativeWork\" ><div class='avia_textblock'  itemprop=\"text\" ><p>Una vez que ya conocemos los dos tipos de tableros (<strong>Tablero de principal<\/strong> y <strong>Tablero global<\/strong>) que podemos utilizar en nuestro comunicador din\u00e1mico <strong>Asterics AAC<\/strong>, vamos a crear una nueva celda o modificar una ya existente para <strong>Editar <\/strong>el <strong>contenido<\/strong> y las <strong>propiedades<\/strong>.<\/p>\n<p>Para ello, pulsamos sobre el bot\u00f3n <strong>Editar<\/strong> en el men\u00fa superior.<\/p>\n<p><img loading=\"lazy\" decoding=\"async\" width=\"1251\" height=\"67\" class=\"wp-image-93745 aligncenter\" src=\"https:\/\/aulaabierta.arasaac.org\/wp-content\/uploads\/2022\/08\/Comunicador-Asterics-pictogramas-ARASAAC-26.jpg\" alt=\"\" srcset=\"https:\/\/aulaabierta.arasaac.org\/wp-content\/uploads\/2022\/08\/Comunicador-Asterics-pictogramas-ARASAAC-26.jpg 1251w, https:\/\/aulaabierta.arasaac.org\/wp-content\/uploads\/2022\/08\/Comunicador-Asterics-pictogramas-ARASAAC-26-300x16.jpg 300w, https:\/\/aulaabierta.arasaac.org\/wp-content\/uploads\/2022\/08\/Comunicador-Asterics-pictogramas-ARASAAC-26-1030x55.jpg 1030w, https:\/\/aulaabierta.arasaac.org\/wp-content\/uploads\/2022\/08\/Comunicador-Asterics-pictogramas-ARASAAC-26-768x41.jpg 768w, https:\/\/aulaabierta.arasaac.org\/wp-content\/uploads\/2022\/08\/Comunicador-Asterics-pictogramas-ARASAAC-26-705x38.jpg 705w\" sizes=\"auto, (max-width: 1251px) 100vw, 1251px\" \/><\/p>\n<p>Podemos observar que, donde aparec\u00eda el bot\u00f3n <strong>Editar<\/strong>, aparece ahora\u00a0 un nuevo bot\u00f3n; <strong>Desactivar edici\u00f3n<\/strong>. Una ver que hayamos creado o modificado nuestro tablero, pulsamos sobre este bot\u00f3n para volver al anterior modo de ejecuci\u00f3n.<\/p>\n<p>En el caso de que estemos <strong>creando un nuevo tablero de comunicaci\u00f3n<\/strong>, las celdas aparecen vac\u00edas. Pulsamos en el bot\u00f3n <strong>M\u00e1s<\/strong> y seleccionamos <strong>Nueva celda<\/strong> en el men\u00fa <strong>Nuevo<\/strong>. Tambi\u00e9n podemos pulsar el bot\u00f3n derecho del rat\u00f3n sobre la celda y aparecer\u00e1 el mismo men\u00fa.<\/p>\n<p><img loading=\"lazy\" decoding=\"async\" class=\"aligncenter wp-image-94098\" src=\"https:\/\/aulaabierta.arasaac.org\/wp-content\/uploads\/2022\/08\/Comunicador-Asterics-pictogramas-ARASAAC-38b.jpg\" alt=\"\" width=\"800\" height=\"353\" srcset=\"https:\/\/aulaabierta.arasaac.org\/wp-content\/uploads\/2022\/08\/Comunicador-Asterics-pictogramas-ARASAAC-38b.jpg 1592w, https:\/\/aulaabierta.arasaac.org\/wp-content\/uploads\/2022\/08\/Comunicador-Asterics-pictogramas-ARASAAC-38b-300x132.jpg 300w, https:\/\/aulaabierta.arasaac.org\/wp-content\/uploads\/2022\/08\/Comunicador-Asterics-pictogramas-ARASAAC-38b-1030x454.jpg 1030w, https:\/\/aulaabierta.arasaac.org\/wp-content\/uploads\/2022\/08\/Comunicador-Asterics-pictogramas-ARASAAC-38b-768x339.jpg 768w, https:\/\/aulaabierta.arasaac.org\/wp-content\/uploads\/2022\/08\/Comunicador-Asterics-pictogramas-ARASAAC-38b-1536x677.jpg 1536w, https:\/\/aulaabierta.arasaac.org\/wp-content\/uploads\/2022\/08\/Comunicador-Asterics-pictogramas-ARASAAC-38b-1500x661.jpg 1500w, https:\/\/aulaabierta.arasaac.org\/wp-content\/uploads\/2022\/08\/Comunicador-Asterics-pictogramas-ARASAAC-38b-705x311.jpg 705w\" sizes=\"auto, (max-width: 800px) 100vw, 800px\" \/><\/p>\n<p>Autom\u00e1ticamente, aparece una ventana emergente con\u00a0tres pesta\u00f1as: <strong>General<\/strong>, <strong>Imagen<\/strong> y <strong>Acciones<\/strong>. En cada una de ellas, iremos definiendo el contenido y las propiedades de nuestra nueva celda.<\/p>\n<p><img loading=\"lazy\" decoding=\"async\" class=\"aligncenter wp-image-94104\" src=\"https:\/\/aulaabierta.arasaac.org\/wp-content\/uploads\/2022\/08\/Comunicador-Asterics-pictogramas-ARASAAC-38c.jpg\" alt=\"\" width=\"800\" height=\"451\" srcset=\"https:\/\/aulaabierta.arasaac.org\/wp-content\/uploads\/2022\/08\/Comunicador-Asterics-pictogramas-ARASAAC-38c.jpg 1051w, https:\/\/aulaabierta.arasaac.org\/wp-content\/uploads\/2022\/08\/Comunicador-Asterics-pictogramas-ARASAAC-38c-300x169.jpg 300w, https:\/\/aulaabierta.arasaac.org\/wp-content\/uploads\/2022\/08\/Comunicador-Asterics-pictogramas-ARASAAC-38c-1030x580.jpg 1030w, https:\/\/aulaabierta.arasaac.org\/wp-content\/uploads\/2022\/08\/Comunicador-Asterics-pictogramas-ARASAAC-38c-768x433.jpg 768w, https:\/\/aulaabierta.arasaac.org\/wp-content\/uploads\/2022\/08\/Comunicador-Asterics-pictogramas-ARASAAC-38c-705x397.jpg 705w\" sizes=\"auto, (max-width: 800px) 100vw, 800px\" \/><\/p>\n<p>En el caso de que queramos <strong>modificar una celda de un comunicador ya creado<\/strong>, aparecer\u00e1 la siguiente pantalla.<\/p>\n<p><img loading=\"lazy\" decoding=\"async\" class=\"aligncenter wp-image-95111\" src=\"https:\/\/aulaabierta.arasaac.org\/wp-content\/uploads\/2022\/08\/Comunicador-Asterics-pictogramas-ARASAAC-35.jpg\" alt=\"\" width=\"800\" height=\"450\" \/><\/p>\n<p>Para <strong>modificar <\/strong>el contenido de una <strong>celda<\/strong>, nos situamos sobre ella y pulsamos el <strong>bot\u00f3n derecho del rat\u00f3n<\/strong>.<\/p>\n<p><img loading=\"lazy\" decoding=\"async\" class=\"aligncenter wp-image-95116\" src=\"https:\/\/aulaabierta.arasaac.org\/wp-content\/uploads\/2022\/08\/Comunicador-Asterics-pictogramas-ARASAAC-37.jpg\" alt=\"\" width=\"800\" height=\"451\" \/><\/p>\n<p>Al realizar esta acci\u00f3n, aparece un men\u00fa contextual en el que podremos <strong>Editar<\/strong>, <strong>Eliminar<\/strong>, <strong>Clonar<\/strong>, <strong>Ejecutar un acci\u00f3n<\/strong> o <strong>Mover la celda a otro tablero<\/strong>.<\/p>\n<p>En este caso, utilizamos la opci\u00f3n <strong>Editar<\/strong>. En este caso, si nos desplazaos sobre las diferentes pesta\u00f1as, observaremos que ya est\u00e1 definido el contenido y las propiedades. S\u00f3lo tenemos que modificar aquello que nos interese y aceptar.<\/p>\n<p><img loading=\"lazy\" decoding=\"async\" class=\"aligncenter wp-image-94019\" src=\"https:\/\/aulaabierta.arasaac.org\/wp-content\/uploads\/2022\/08\/Comunicador-Asterics-pictogramas-ARASAAC-39.jpg\" alt=\"\" width=\"800\" height=\"416\" srcset=\"https:\/\/aulaabierta.arasaac.org\/wp-content\/uploads\/2022\/08\/Comunicador-Asterics-pictogramas-ARASAAC-39.jpg 1183w, https:\/\/aulaabierta.arasaac.org\/wp-content\/uploads\/2022\/08\/Comunicador-Asterics-pictogramas-ARASAAC-39-300x156.jpg 300w, https:\/\/aulaabierta.arasaac.org\/wp-content\/uploads\/2022\/08\/Comunicador-Asterics-pictogramas-ARASAAC-39-1030x535.jpg 1030w, https:\/\/aulaabierta.arasaac.org\/wp-content\/uploads\/2022\/08\/Comunicador-Asterics-pictogramas-ARASAAC-39-768x399.jpg 768w, https:\/\/aulaabierta.arasaac.org\/wp-content\/uploads\/2022\/08\/Comunicador-Asterics-pictogramas-ARASAAC-39-705x367.jpg 705w\" sizes=\"auto, (max-width: 800px) 100vw, 800px\" \/><\/p>\n<p>Os recomendamos que visualic\u00e9is las diferentes pesta\u00f1as de celdas ya creadas para familiarizaros con las opciones de edici\u00f3n.<\/p>\n<p>Es muy importante conocer que <strong>cualquier cambio<\/strong> que realicemos en nuestro comunicador <strong>se guarda autom\u00e1ticamente<\/strong>. Existe la posibilidad de utilizar el bot\u00f3n <strong>Deshacer<\/strong> si hacemos alg\u00fan cambio y no queremos que se guarde.<\/p>\n<p>A continuaci\u00f3n vamos a explicar todas las opciones de la ventana de edici\u00f3n.<\/p>\n<\/div><\/section>\n\n<style type=\"text\/css\" data-created_by=\"avia_inline_auto\" id=\"style-css-av-l6x59eb1-5e724e7823506904326f0ad009010cca\">\n#top .av_textblock_section.av-l6x59eb1-5e724e7823506904326f0ad009010cca .avia_textblock{\nfont-size:16px;\n}\n<\/style>\n<section  class='av_textblock_section av-l6x59eb1-5e724e7823506904326f0ad009010cca'  itemscope=\"itemscope\" itemtype=\"https:\/\/schema.org\/CreativeWork\" ><div class='avia_textblock'  itemprop=\"text\" ><p><img loading=\"lazy\" decoding=\"async\" class=\"aligncenter wp-image-94104\" src=\"https:\/\/aulaabierta.arasaac.org\/wp-content\/uploads\/2022\/08\/Comunicador-Asterics-pictogramas-ARASAAC-38c.jpg\" alt=\"\" width=\"800\" height=\"451\" srcset=\"https:\/\/aulaabierta.arasaac.org\/wp-content\/uploads\/2022\/08\/Comunicador-Asterics-pictogramas-ARASAAC-38c.jpg 1051w, https:\/\/aulaabierta.arasaac.org\/wp-content\/uploads\/2022\/08\/Comunicador-Asterics-pictogramas-ARASAAC-38c-300x169.jpg 300w, https:\/\/aulaabierta.arasaac.org\/wp-content\/uploads\/2022\/08\/Comunicador-Asterics-pictogramas-ARASAAC-38c-1030x580.jpg 1030w, https:\/\/aulaabierta.arasaac.org\/wp-content\/uploads\/2022\/08\/Comunicador-Asterics-pictogramas-ARASAAC-38c-768x433.jpg 768w, https:\/\/aulaabierta.arasaac.org\/wp-content\/uploads\/2022\/08\/Comunicador-Asterics-pictogramas-ARASAAC-38c-705x397.jpg 705w\" sizes=\"auto, (max-width: 800px) 100vw, 800px\" \/><\/p>\n<p>El <strong>Texto de la celda <\/strong>hace referencia al nombre de la imagen,\u00a0 pictograma o bot\u00f3n de acci\u00f3n de la celda seleccionada. \u00c9ste es el texto que aparecer\u00e1 en la frase acumulada.<\/p>\n<p>Una vez relleno el texto de la celda, pulsamos en el bot\u00f3n <strong>Buscar im\u00e1genes<\/strong> y la aplicaci\u00f3n busca el pictograma\/s correspondientes en la base de datos de <a href=\"https:\/\/arasaac.org\/\" target=\"_blank\" rel=\"noopener\"><strong>ARASAAC<\/strong><\/a>. En esta pantalla, no se visualizan los pictogramas encontrados. Estos pictogramas aparecer\u00e1n en la siguiente pesta\u00f1a, denominada <strong>Imagen<\/strong>.<\/p>\n<p>El <strong>Color de la categor\u00eda<\/strong> hace referencia al <strong>tipo de palabra<\/strong> que representa la imagen o pictograma, atendiendo a la <strong><a href=\"https:\/\/aulaabierta.arasaac.org\/fr\/tutoriel-caa-comment-reconnaitre-les-cles-de-couleur-des-pictogrammes\" target=\"_blank\" rel=\"noopener\">clave Fitzgerald<\/a><\/strong>.<\/p>\n<p>El <strong>Color de fondo personalizado<\/strong> nos permite seleccionar un color cualquiera al margen de la clave predeterminada.<\/p>\n<p>Por \u00faltimo, <strong>Ocultar la celda <\/strong>se utiliza, como su nombre indica, para que la celda no aparezca en la pantalla del tablero.<\/p>\n<p>Vamos a ver un ejemplo.<\/p>\n<p>Escribimos la palabra <strong>NI\u00d1A <\/strong>en el <strong>Texto de la celda de la celda.<\/strong><\/p>\n<p>Si queremos que el fondo de la celda aparezca coloreado siguiendo la clave Fitgerald, seleccionamos <strong>Sustantivo<\/strong> en la pesta\u00f1a <strong>Color de la categor\u00eda<\/strong>. Si no seleccionamos ninguna opci\u00f3n, el fondo de la celda aparecer\u00e1 en blanco. Tambi\u00e9n podemos personalizar el color de la celda, pulsando en recuadro del <strong>Color de fondo personalizado<\/strong>. Si no nos interesa el color seleccionado, podemos utilizar la opci\u00f3n de <strong>Borrar<\/strong>.<\/p>\n<p>Finalmente, tenemos dos opciones para continuar.<\/p>\n<p>Puede suceder que nos interese seleccionar una imagen desde nuestro dispositivo o buscar un pictograma al que, posteriormente, le asignaremos el texto que nosotros deseemos. En este caso, seleccionamos la pesta\u00f1a <strong>Imagen<\/strong> y utilizamos las opciones de b\u00fasqueda de esta pesta\u00f1a.<\/p>\n<p>Si queremos buscar el pictograma que tiene asociado el texto que hemos introducido, pulsamos en <strong>Buscar im\u00e1genes<\/strong> y se abrir\u00e1 la siguiente pesta\u00f1a <strong>Imagen<\/strong>, mostrando todos los pictogramas que tienen asociada la palabra<strong> NI\u00d1A<\/strong>.<\/p>\n<p><img loading=\"lazy\" decoding=\"async\" class=\"aligncenter wp-image-94262\" src=\"https:\/\/aulaabierta.arasaac.org\/wp-content\/uploads\/2022\/08\/Comunicador-Asterics-pictogramas-ARASAAC-38c-1.jpg\" alt=\"\" width=\"800\" height=\"450\" srcset=\"https:\/\/aulaabierta.arasaac.org\/wp-content\/uploads\/2022\/08\/Comunicador-Asterics-pictogramas-ARASAAC-38c-1.jpg 1052w, https:\/\/aulaabierta.arasaac.org\/wp-content\/uploads\/2022\/08\/Comunicador-Asterics-pictogramas-ARASAAC-38c-1-300x169.jpg 300w, https:\/\/aulaabierta.arasaac.org\/wp-content\/uploads\/2022\/08\/Comunicador-Asterics-pictogramas-ARASAAC-38c-1-1030x580.jpg 1030w, https:\/\/aulaabierta.arasaac.org\/wp-content\/uploads\/2022\/08\/Comunicador-Asterics-pictogramas-ARASAAC-38c-1-768x432.jpg 768w, https:\/\/aulaabierta.arasaac.org\/wp-content\/uploads\/2022\/08\/Comunicador-Asterics-pictogramas-ARASAAC-38c-1-705x397.jpg 705w\" sizes=\"auto, (max-width: 800px) 100vw, 800px\" \/><\/p>\n<\/div><\/section>\n<div class='flex_column av-2krg6xr-318b22cf5a7dcc17d549f6d260a48947 av_one_fifth  avia-builder-el-4  el_after_av_textblock  el_before_av_one_fifth  first flex_column_div column-top-margin'     ><style type=\"text\/css\" data-created_by=\"avia_inline_auto\" id=\"style-css-av-l6kdyooj-72e83e0fa8f1d323d84237089a2af09a\">\n.avia-image-container.av-l6kdyooj-72e83e0fa8f1d323d84237089a2af09a img.avia_image{\nbox-shadow:none;\n}\n.avia-image-container.av-l6kdyooj-72e83e0fa8f1d323d84237089a2af09a .av-image-caption-overlay-center{\ncolor:#ffffff;\n}\n<\/style>\n<div  class='avia-image-container av-l6kdyooj-72e83e0fa8f1d323d84237089a2af09a av-styling- avia-align-center  avia-builder-el-5  avia-builder-el-no-sibling '   itemprop=\"image\" itemscope=\"itemscope\" itemtype=\"https:\/\/schema.org\/ImageObject\" ><div class=\"avia-image-container-inner\"><div class=\"avia-image-overlay-wrap\"><a href=\"https:\/\/aulaabierta.arasaac.org\/fr\/asterics-aac_tableau_principal_et_global\" class='avia_image' ><img decoding=\"async\" class='wp-image-23492 avia-img-lazy-loading-not-23492 avia_image ' src=\"https:\/\/aulaabierta.arasaac.org\/wp-content\/uploads\/2016\/12\/before-80x80.png\" alt='' title='before'  height=\"80\" width=\"80\"  itemprop=\"thumbnailUrl\" srcset=\"https:\/\/aulaabierta.arasaac.org\/wp-content\/uploads\/2016\/12\/before-80x80.png 80w, https:\/\/aulaabierta.arasaac.org\/wp-content\/uploads\/2016\/12\/before-36x36.png 36w, https:\/\/aulaabierta.arasaac.org\/wp-content\/uploads\/2016\/12\/before-120x120.png 120w, https:\/\/aulaabierta.arasaac.org\/wp-content\/uploads\/2016\/12\/before.png 128w\" sizes=\"(max-width: 80px) 100vw, 80px\" \/><\/a><\/div><\/div><\/div><\/div>\n<div class='flex_column av-2acjjb3-72430572443564d7b3ecb332fff10556 av_one_fifth  avia-builder-el-6  el_after_av_one_fifth  el_before_av_one_fifth  flex_column_div column-top-margin'     ><\/div>\n<div class='flex_column av-5ueg0v-f5b4451085be42fd2a70550803012549 av_one_fifth  avia-builder-el-7  el_after_av_one_fifth  el_before_av_one_fifth  flex_column_div column-top-margin'     ><style type=\"text\/css\" data-created_by=\"avia_inline_auto\" id=\"style-css-av-l6ke1xda-705ffbfe1c3cbefcb8cdeeac4faa0ba9\">\n.avia-image-container.av-l6ke1xda-705ffbfe1c3cbefcb8cdeeac4faa0ba9 img.avia_image{\nbox-shadow:none;\n}\n.avia-image-container.av-l6ke1xda-705ffbfe1c3cbefcb8cdeeac4faa0ba9 .av-image-caption-overlay-center{\ncolor:#ffffff;\n}\n<\/style>\n<div  class='avia-image-container av-l6ke1xda-705ffbfe1c3cbefcb8cdeeac4faa0ba9 av-styling- avia-align-center  avia-builder-el-8  avia-builder-el-no-sibling '   itemprop=\"image\" itemscope=\"itemscope\" itemtype=\"https:\/\/schema.org\/ImageObject\" ><div class=\"avia-image-container-inner\"><div class=\"avia-image-overlay-wrap\"><a href=\"https:\/\/aulaabierta.arasaac.org\/fr\/asterics-aac_accueil\" class='avia_image' ><img decoding=\"async\" class='wp-image-93346 avia-img-lazy-loading-not-93346 avia_image ' src=\"https:\/\/aulaabierta.arasaac.org\/wp-content\/uploads\/2022\/08\/casa-120x120-1-80x80.png\" alt='' title='casa-120x120'  height=\"80\" width=\"80\"  itemprop=\"thumbnailUrl\" srcset=\"https:\/\/aulaabierta.arasaac.org\/wp-content\/uploads\/2022\/08\/casa-120x120-1-80x80.png 80w, https:\/\/aulaabierta.arasaac.org\/wp-content\/uploads\/2022\/08\/casa-120x120-1-36x36.png 36w, https:\/\/aulaabierta.arasaac.org\/wp-content\/uploads\/2022\/08\/casa-120x120-1.png 120w\" sizes=\"(max-width: 80px) 100vw, 80px\" \/><\/a><\/div><\/div><\/div><\/div>\n<div class='flex_column av-126aqin-7a6e39193fa1262d0b61cdb616a4a062 av_one_fifth  avia-builder-el-9  el_after_av_one_fifth  el_before_av_one_fifth  flex_column_div column-top-margin'     ><\/div>\n<div class='flex_column av-w2yn9b-3822e7b37f6ad515aaaac5be5b29fec2 av_one_fifth  avia-builder-el-10  el_after_av_one_fifth  el_before_av_one_full  flex_column_div column-top-margin'     ><style type=\"text\/css\" data-created_by=\"avia_inline_auto\" id=\"style-css-av-l6kdzl6f-c05533927454048f46ae7d50c7e9cb19\">\n.avia-image-container.av-l6kdzl6f-c05533927454048f46ae7d50c7e9cb19 img.avia_image{\nbox-shadow:none;\n}\n.avia-image-container.av-l6kdzl6f-c05533927454048f46ae7d50c7e9cb19 .av-image-caption-overlay-center{\ncolor:#ffffff;\n}\n<\/style>\n<div  class='avia-image-container av-l6kdzl6f-c05533927454048f46ae7d50c7e9cb19 av-styling- avia-align-center  avia-builder-el-11  avia-builder-el-no-sibling '   itemprop=\"image\" itemscope=\"itemscope\" itemtype=\"https:\/\/schema.org\/ImageObject\" ><div class=\"avia-image-container-inner\"><div class=\"avia-image-overlay-wrap\"><a href=\"https:\/\/aulaabierta.arasaac.org\/fr\/asterics-aac_modifier_limage\" class='avia_image' ><img decoding=\"async\" class='wp-image-23495 avia-img-lazy-loading-not-23495 avia_image ' src=\"https:\/\/aulaabierta.arasaac.org\/wp-content\/uploads\/2016\/12\/next-80x80.png\" alt='' title='next'  height=\"80\" width=\"80\"  itemprop=\"thumbnailUrl\" srcset=\"https:\/\/aulaabierta.arasaac.org\/wp-content\/uploads\/2016\/12\/next-80x80.png 80w, https:\/\/aulaabierta.arasaac.org\/wp-content\/uploads\/2016\/12\/next-36x36.png 36w, https:\/\/aulaabierta.arasaac.org\/wp-content\/uploads\/2016\/12\/next-120x120.png 120w, https:\/\/aulaabierta.arasaac.org\/wp-content\/uploads\/2016\/12\/next.png 128w\" sizes=\"(max-width: 80px) 100vw, 80px\" \/><\/a><\/div><\/div><\/div><\/div>\n<div class='flex_column av-vtfpkv-8fb9bef4cb06de80cef16013e631f9a4 av_one_full  avia-builder-el-12  el_after_av_one_fifth  avia-builder-el-last  first flex_column_div column-top-margin'     ><\/div>\n","protected":false},"excerpt":{"rendered":"","protected":false},"author":5,"featured_media":93285,"parent":0,"menu_order":0,"comment_status":"open","ping_status":"open","template":"","meta":{"om_disable_all_campaigns":false,"_monsterinsights_skip_tracking":false,"_monsterinsights_sitenote_active":false,"_monsterinsights_sitenote_note":"","_monsterinsights_sitenote_category":0,"_uf_show_specific_survey":0,"_uf_disable_surveys":false,"footnotes":""},"class_list":["post-108543","page","type-page","status-publish","has-post-thumbnail","hentry"],"aioseo_notices":[],"_links":{"self":[{"href":"https:\/\/aulaabierta.arasaac.org\/fr\/wp-json\/wp\/v2\/pages\/108543","targetHints":{"allow":["GET"]}}],"collection":[{"href":"https:\/\/aulaabierta.arasaac.org\/fr\/wp-json\/wp\/v2\/pages"}],"about":[{"href":"https:\/\/aulaabierta.arasaac.org\/fr\/wp-json\/wp\/v2\/types\/page"}],"author":[{"embeddable":true,"href":"https:\/\/aulaabierta.arasaac.org\/fr\/wp-json\/wp\/v2\/users\/5"}],"replies":[{"embeddable":true,"href":"https:\/\/aulaabierta.arasaac.org\/fr\/wp-json\/wp\/v2\/comments?post=108543"}],"version-history":[{"count":33,"href":"https:\/\/aulaabierta.arasaac.org\/fr\/wp-json\/wp\/v2\/pages\/108543\/revisions"}],"predecessor-version":[{"id":145716,"href":"https:\/\/aulaabierta.arasaac.org\/fr\/wp-json\/wp\/v2\/pages\/108543\/revisions\/145716"}],"wp:featuredmedia":[{"embeddable":true,"href":"https:\/\/aulaabierta.arasaac.org\/fr\/wp-json\/wp\/v2\/media\/93285"}],"wp:attachment":[{"href":"https:\/\/aulaabierta.arasaac.org\/fr\/wp-json\/wp\/v2\/media?parent=108543"}],"curies":[{"name":"wp","href":"https:\/\/api.w.org\/{rel}","templated":true}]}}