{"id":108566,"date":"2022-09-23T09:57:59","date_gmt":"2022-09-23T08:57:59","guid":{"rendered":"https:\/\/aulaabierta.arasaac.org\/asterics-grid_modifier_limage"},"modified":"2023-02-09T11:39:15","modified_gmt":"2023-02-09T10:39:15","slug":"asterics-aac_modifier_limage","status":"publish","type":"page","link":"https:\/\/aulaabierta.arasaac.org\/fr\/asterics-aac_modifier_limage","title":{"rendered":"Communicateur dynamique Asterics AAC &#8211; 7 &#8211; Modifier l&rsquo;image d&rsquo;une cellule"},"content":{"rendered":"\n<style type=\"text\/css\" data-created_by=\"avia_inline_auto\" id=\"style-css-av-g02wp-5b13ed6fd90d437b607ce74f8453038f\">\n#top .av-special-heading.av-g02wp-5b13ed6fd90d437b607ce74f8453038f{\npadding-bottom:0;\n}\nbody .av-special-heading.av-g02wp-5b13ed6fd90d437b607ce74f8453038f .av-special-heading-tag .heading-char{\nfont-size:25px;\n}\n.av-special-heading.av-g02wp-5b13ed6fd90d437b607ce74f8453038f .av-subheading{\nfont-size:15px;\n}\n<\/style>\n<div  class='av-special-heading av-g02wp-5b13ed6fd90d437b607ce74f8453038f av-special-heading-h2  avia-builder-el-0  el_before_av_heading  avia-builder-el-first '><h2 class='av-special-heading-tag'  itemprop=\"headline\"  >Communicateur dynamique Asterics AAC <\/h2><div class=\"special-heading-border\"><div class=\"special-heading-inner-border\"><\/div><\/div><\/div>\n\n<style type=\"text\/css\" data-created_by=\"avia_inline_auto\" id=\"style-css-av-l7781z5x-31e1fac69fab803c7f1539e5a0697d3c\">\n#top .av-special-heading.av-l7781z5x-31e1fac69fab803c7f1539e5a0697d3c{\npadding-bottom:0;\n}\nbody .av-special-heading.av-l7781z5x-31e1fac69fab803c7f1539e5a0697d3c .av-special-heading-tag .heading-char{\nfont-size:25px;\n}\n.av-special-heading.av-l7781z5x-31e1fac69fab803c7f1539e5a0697d3c .av-subheading{\nfont-size:15px;\n}\n<\/style>\n<div  class='av-special-heading av-l7781z5x-31e1fac69fab803c7f1539e5a0697d3c av-special-heading-h2  avia-builder-el-1  el_after_av_heading  el_before_av_textblock '><h2 class='av-special-heading-tag'  itemprop=\"headline\"  >7 &#8211; Modifier l\u2019image d\u2019une cellule<\/h2><div class=\"special-heading-border\"><div class=\"special-heading-inner-border\"><\/div><\/div><\/div>\n\n<style type=\"text\/css\" data-created_by=\"avia_inline_auto\" id=\"style-css-av-l6x6ja9e-38ca87ebebf338ac8b5a54cb8df22f24\">\n#top .av_textblock_section.av-l6x6ja9e-38ca87ebebf338ac8b5a54cb8df22f24 .avia_textblock{\nfont-size:16px;\n}\n<\/style>\n<section  class='av_textblock_section av-l6x6ja9e-38ca87ebebf338ac8b5a54cb8df22f24'  itemscope=\"itemscope\" itemtype=\"https:\/\/schema.org\/CreativeWork\" ><div class='avia_textblock'  itemprop=\"text\" ><p><img loading=\"lazy\" decoding=\"async\" class=\"aligncenter wp-image-94273\" src=\"https:\/\/aulaabierta.arasaac.org\/wp-content\/uploads\/2022\/08\/Comunicador-Asterics-pictogramas-ARASAAC-42.jpg\" alt=\"\" width=\"800\" height=\"540\" srcset=\"https:\/\/aulaabierta.arasaac.org\/wp-content\/uploads\/2022\/08\/Comunicador-Asterics-pictogramas-ARASAAC-42.jpg 877w, https:\/\/aulaabierta.arasaac.org\/wp-content\/uploads\/2022\/08\/Comunicador-Asterics-pictogramas-ARASAAC-42-300x203.jpg 300w, https:\/\/aulaabierta.arasaac.org\/wp-content\/uploads\/2022\/08\/Comunicador-Asterics-pictogramas-ARASAAC-42-768x518.jpg 768w, https:\/\/aulaabierta.arasaac.org\/wp-content\/uploads\/2022\/08\/Comunicador-Asterics-pictogramas-ARASAAC-42-705x476.jpg 705w\" sizes=\"auto, (max-width: 800px) 100vw, 800px\" \/><\/p>\n<p>Si hemos utilizado <strong>Buscar im\u00e1genes <\/strong>en la pesta\u00f1a <strong>General, <\/strong>aparecer\u00e1 esta ventana correspondiente a la pesta\u00f1a<strong> Imagen.\u00a0<\/strong><\/p>\n<p>En esta opci\u00f3n podr\u00edamos seleccionar cualquiera de los pictogramas que aparecen en la parte inferior. Si observ\u00e1is detenidamente, aparece al final del \u00faltimo pictograma el bot\u00f3n <strong>+m\u00e1s<\/strong>. Este bot\u00f3n nos indica que existen m\u00e1s pictogramas con este texto, por lo que pulsaremos sobre \u00e9l para visualizarlos.<\/p>\n<p><img loading=\"lazy\" decoding=\"async\" class=\"aligncenter wp-image-94284\" src=\"https:\/\/aulaabierta.arasaac.org\/wp-content\/uploads\/2022\/08\/Comunicador-Asterics-pictogramas-ARASAAC-42c.jpg\" alt=\"\" width=\"800\" height=\"488\" srcset=\"https:\/\/aulaabierta.arasaac.org\/wp-content\/uploads\/2022\/08\/Comunicador-Asterics-pictogramas-ARASAAC-42c.jpg 987w, https:\/\/aulaabierta.arasaac.org\/wp-content\/uploads\/2022\/08\/Comunicador-Asterics-pictogramas-ARASAAC-42c-300x183.jpg 300w, https:\/\/aulaabierta.arasaac.org\/wp-content\/uploads\/2022\/08\/Comunicador-Asterics-pictogramas-ARASAAC-42c-768x468.jpg 768w, https:\/\/aulaabierta.arasaac.org\/wp-content\/uploads\/2022\/08\/Comunicador-Asterics-pictogramas-ARASAAC-42c-705x430.jpg 705w\" sizes=\"auto, (max-width: 800px) 100vw, 800px\" \/><\/p>\n<p>Si no hemos utilizado la opci\u00f3n de <strong>Buscar im\u00e1genes <\/strong>en la pesta\u00f1a<strong> General <\/strong>y directamente hemos seleccionado la pesta\u00f1a <strong>Imagen<\/strong>, aparece la ventana vac\u00eda.<\/p>\n<p><img loading=\"lazy\" decoding=\"async\" class=\"aligncenter wp-image-94278\" src=\"https:\/\/aulaabierta.arasaac.org\/wp-content\/uploads\/2022\/08\/Comunicador-Asterics-pictogramas-ARASAAC-42b.jpg\" alt=\"\" width=\"800\" height=\"485\" srcset=\"https:\/\/aulaabierta.arasaac.org\/wp-content\/uploads\/2022\/08\/Comunicador-Asterics-pictogramas-ARASAAC-42b.jpg 986w, https:\/\/aulaabierta.arasaac.org\/wp-content\/uploads\/2022\/08\/Comunicador-Asterics-pictogramas-ARASAAC-42b-300x182.jpg 300w, https:\/\/aulaabierta.arasaac.org\/wp-content\/uploads\/2022\/08\/Comunicador-Asterics-pictogramas-ARASAAC-42b-768x466.jpg 768w, https:\/\/aulaabierta.arasaac.org\/wp-content\/uploads\/2022\/08\/Comunicador-Asterics-pictogramas-ARASAAC-42b-705x428.jpg 705w\" sizes=\"auto, (max-width: 800px) 100vw, 800px\" \/><\/p>\n<p>En este caso, podemos utilizar <strong>Seleccionar archivo<\/strong> para subir una imagen desde nuestro dispositivo como en el ejemplo siguiente.<\/p>\n<p><img loading=\"lazy\" decoding=\"async\" class=\"aligncenter wp-image-94307\" src=\"https:\/\/aulaabierta.arasaac.org\/wp-content\/uploads\/2022\/08\/Comunicador-Asterics-pictogramas-ARASAAC-42d.jpg\" alt=\"\" width=\"800\" height=\"488\" srcset=\"https:\/\/aulaabierta.arasaac.org\/wp-content\/uploads\/2022\/08\/Comunicador-Asterics-pictogramas-ARASAAC-42d.jpg 986w, https:\/\/aulaabierta.arasaac.org\/wp-content\/uploads\/2022\/08\/Comunicador-Asterics-pictogramas-ARASAAC-42d-300x183.jpg 300w, https:\/\/aulaabierta.arasaac.org\/wp-content\/uploads\/2022\/08\/Comunicador-Asterics-pictogramas-ARASAAC-42d-768x469.jpg 768w, https:\/\/aulaabierta.arasaac.org\/wp-content\/uploads\/2022\/08\/Comunicador-Asterics-pictogramas-ARASAAC-42d-705x430.jpg 705w\" sizes=\"auto, (max-width: 800px) 100vw, 800px\" \/><img class=\"alignnone size-full wp-image-94291\" alt=\"\" \/>Podemos utilizar tambi\u00e9n la opci\u00f3n <strong>Buscar im\u00e1genes<\/strong>, escribiendo el texto del pictograma que buscamos en el cuadro en blanco. En el siguiente ejemplo, hemos escrito la palabra <b>PERRO <\/b>y van apareciendo, autom\u00e1ticamente, todos los pictogramas que contienen este texto.<\/p>\n<p><img loading=\"lazy\" decoding=\"async\" class=\"aligncenter wp-image-94312\" src=\"https:\/\/aulaabierta.arasaac.org\/wp-content\/uploads\/2022\/08\/Comunicador-Asterics-pictogramas-ARASAAC-42E-1.jpg\" alt=\"\" width=\"800\" height=\"489\" srcset=\"https:\/\/aulaabierta.arasaac.org\/wp-content\/uploads\/2022\/08\/Comunicador-Asterics-pictogramas-ARASAAC-42E-1.jpg 987w, https:\/\/aulaabierta.arasaac.org\/wp-content\/uploads\/2022\/08\/Comunicador-Asterics-pictogramas-ARASAAC-42E-1-300x183.jpg 300w, https:\/\/aulaabierta.arasaac.org\/wp-content\/uploads\/2022\/08\/Comunicador-Asterics-pictogramas-ARASAAC-42E-1-768x469.jpg 768w, https:\/\/aulaabierta.arasaac.org\/wp-content\/uploads\/2022\/08\/Comunicador-Asterics-pictogramas-ARASAAC-42E-1-705x431.jpg 705w\" sizes=\"auto, (max-width: 800px) 100vw, 800px\" \/><\/p>\n<p>A continuaci\u00f3n, seleccionamos entre los pictogramas que han aparecido el m\u00e1s adecuado para nuestro tablero.<\/p>\n<p>Finalmente, una de las opciones opciones que convierten al comunicador din\u00e1mico <strong>Asterics AAC<\/strong> en un comunicador \u00fanico es la posibilidad de <strong>personalizar los pictogramas<\/strong> utilizando la opci\u00f3n <strong>Ajustes para la b\u00fasqueda de pictogramas<\/strong>.<\/p>\n<p><img loading=\"lazy\" decoding=\"async\" class=\"aligncenter wp-image-94335\" src=\"https:\/\/aulaabierta.arasaac.org\/wp-content\/uploads\/2022\/08\/Comunicador-Asterics-pictogramas-ARASAAC-42f.jpg\" alt=\"\" width=\"800\" height=\"489\" srcset=\"https:\/\/aulaabierta.arasaac.org\/wp-content\/uploads\/2022\/08\/Comunicador-Asterics-pictogramas-ARASAAC-42f.jpg 987w, https:\/\/aulaabierta.arasaac.org\/wp-content\/uploads\/2022\/08\/Comunicador-Asterics-pictogramas-ARASAAC-42f-300x183.jpg 300w, https:\/\/aulaabierta.arasaac.org\/wp-content\/uploads\/2022\/08\/Comunicador-Asterics-pictogramas-ARASAAC-42f-768x469.jpg 768w, https:\/\/aulaabierta.arasaac.org\/wp-content\/uploads\/2022\/08\/Comunicador-Asterics-pictogramas-ARASAAC-42f-705x431.jpg 705w\" sizes=\"auto, (max-width: 800px) 100vw, 800px\" \/><\/p>\n<p>Una vez abierta esta pesta\u00f1a, podemos utilizar las mismas opciones de personalizaci\u00f3n de los pictogramas que podemos encontrar en la p\u00e1gina web de <a href=\"https:\/\/arasaac.org\/\" target=\"_blank\" rel=\"noopener\"><strong>ARASAAC<\/strong><\/a>.<\/p>\n<p>En el caso de nuestro pictograma <strong>NI\u00d1A<\/strong>, vamos a realizar distintos ajustes.<\/p>\n<p>Podemos seleccionar la opci\u00f3n del <strong>Plural<\/strong> para referirnos a <strong>NI\u00d1AS<\/strong>. Observamos que al seleccionar esta opci\u00f3n aparece el signo + en la parte superior derecha.<\/p>\n<p><img loading=\"lazy\" decoding=\"async\" class=\"aligncenter wp-image-94324\" src=\"https:\/\/aulaabierta.arasaac.org\/wp-content\/uploads\/2022\/08\/Comunicador-Asterics-pictogramas-ARASAAC-45.jpg\" alt=\"\" width=\"800\" height=\"489\" srcset=\"https:\/\/aulaabierta.arasaac.org\/wp-content\/uploads\/2022\/08\/Comunicador-Asterics-pictogramas-ARASAAC-45.jpg 985w, https:\/\/aulaabierta.arasaac.org\/wp-content\/uploads\/2022\/08\/Comunicador-Asterics-pictogramas-ARASAAC-45-300x183.jpg 300w, https:\/\/aulaabierta.arasaac.org\/wp-content\/uploads\/2022\/08\/Comunicador-Asterics-pictogramas-ARASAAC-45-768x469.jpg 768w, https:\/\/aulaabierta.arasaac.org\/wp-content\/uploads\/2022\/08\/Comunicador-Asterics-pictogramas-ARASAAC-45-705x431.jpg 705w\" sizes=\"auto, (max-width: 800px) 100vw, 800px\" \/><\/p>\n<p>Si queremos <strong>utilizar pictogramas en blanco y negro<\/strong>, desactivamos la opci\u00f3n de <strong>Pictogramas con color<\/strong>. En la b\u00fasqueda, podremos visualizar los pictogramas en blanco y negro.<\/p>\n<p><img loading=\"lazy\" decoding=\"async\" class=\"aligncenter wp-image-94329\" src=\"https:\/\/aulaabierta.arasaac.org\/wp-content\/uploads\/2022\/08\/Comunicador-Asterics-pictogramas-ARASAAC-46.jpg\" alt=\"\" width=\"800\" height=\"490\" srcset=\"https:\/\/aulaabierta.arasaac.org\/wp-content\/uploads\/2022\/08\/Comunicador-Asterics-pictogramas-ARASAAC-46.jpg 988w, https:\/\/aulaabierta.arasaac.org\/wp-content\/uploads\/2022\/08\/Comunicador-Asterics-pictogramas-ARASAAC-46-300x184.jpg 300w, https:\/\/aulaabierta.arasaac.org\/wp-content\/uploads\/2022\/08\/Comunicador-Asterics-pictogramas-ARASAAC-46-768x470.jpg 768w, https:\/\/aulaabierta.arasaac.org\/wp-content\/uploads\/2022\/08\/Comunicador-Asterics-pictogramas-ARASAAC-46-705x432.jpg 705w\" sizes=\"auto, (max-width: 800px) 100vw, 800px\" \/><\/p>\n<p>En nuestro caso, hemos cambiado el <strong>Color de la piel<\/strong> y el <strong>Color del pelo<\/strong> de nuestro pictograma <strong>NI\u00d1A<\/strong> para ajustarlo a una zona geogr\u00e1fica del mundo en concreto.<\/p>\n<p><img loading=\"lazy\" decoding=\"async\" class=\"aligncenter wp-image-94319\" src=\"https:\/\/aulaabierta.arasaac.org\/wp-content\/uploads\/2022\/08\/Comunicador-Asterics-pictogramas-ARASAAC-44.jpg\" alt=\"\" width=\"800\" height=\"491\" srcset=\"https:\/\/aulaabierta.arasaac.org\/wp-content\/uploads\/2022\/08\/Comunicador-Asterics-pictogramas-ARASAAC-44.jpg 985w, https:\/\/aulaabierta.arasaac.org\/wp-content\/uploads\/2022\/08\/Comunicador-Asterics-pictogramas-ARASAAC-44-300x184.jpg 300w, https:\/\/aulaabierta.arasaac.org\/wp-content\/uploads\/2022\/08\/Comunicador-Asterics-pictogramas-ARASAAC-44-768x472.jpg 768w, https:\/\/aulaabierta.arasaac.org\/wp-content\/uploads\/2022\/08\/Comunicador-Asterics-pictogramas-ARASAAC-44-705x433.jpg 705w\" sizes=\"auto, (max-width: 800px) 100vw, 800px\" \/><\/p>\n<p>Finalmente, podemos a\u00f1adir en casos muy concretos un <strong>Identificador<\/strong> a nuestro pictograma.<\/p>\n<p>En los siguientes tutoriales, explicaremos todas las opciones de la pesta\u00f1a <strong>Acciones<\/strong>.<\/p>\n<\/div><\/section>\n<div class='flex_column av-2krg6xr-318b22cf5a7dcc17d549f6d260a48947 av_one_fifth  avia-builder-el-3  el_after_av_textblock  el_before_av_one_fifth  first flex_column_div column-top-margin'     ><style type=\"text\/css\" data-created_by=\"avia_inline_auto\" id=\"style-css-av-l6kdyooj-45ee58edcf289993c07bc78c4024dec8\">\n.avia-image-container.av-l6kdyooj-45ee58edcf289993c07bc78c4024dec8 img.avia_image{\nbox-shadow:none;\n}\n.avia-image-container.av-l6kdyooj-45ee58edcf289993c07bc78c4024dec8 .av-image-caption-overlay-center{\ncolor:#ffffff;\n}\n<\/style>\n<div  class='avia-image-container av-l6kdyooj-45ee58edcf289993c07bc78c4024dec8 av-styling- avia-align-center  avia-builder-el-4  avia-builder-el-no-sibling '   itemprop=\"image\" itemscope=\"itemscope\" itemtype=\"https:\/\/schema.org\/ImageObject\" ><div class=\"avia-image-container-inner\"><div class=\"avia-image-overlay-wrap\"><a href=\"https:\/\/aulaabierta.arasaac.org\/fr\/asterics-aac_modifier_texte_cellule\" class='avia_image' ><img decoding=\"async\" class='wp-image-23492 avia-img-lazy-loading-not-23492 avia_image ' src=\"https:\/\/aulaabierta.arasaac.org\/wp-content\/uploads\/2016\/12\/before-80x80.png\" alt='' title='before'  height=\"80\" width=\"80\"  itemprop=\"thumbnailUrl\" srcset=\"https:\/\/aulaabierta.arasaac.org\/wp-content\/uploads\/2016\/12\/before-80x80.png 80w, https:\/\/aulaabierta.arasaac.org\/wp-content\/uploads\/2016\/12\/before-36x36.png 36w, https:\/\/aulaabierta.arasaac.org\/wp-content\/uploads\/2016\/12\/before-120x120.png 120w, https:\/\/aulaabierta.arasaac.org\/wp-content\/uploads\/2016\/12\/before.png 128w\" sizes=\"(max-width: 80px) 100vw, 80px\" \/><\/a><\/div><\/div><\/div><\/div>\n<div class='flex_column av-2acjjb3-72430572443564d7b3ecb332fff10556 av_one_fifth  avia-builder-el-5  el_after_av_one_fifth  el_before_av_one_fifth  flex_column_div column-top-margin'     ><\/div>\n<div class='flex_column av-5ueg0v-f5b4451085be42fd2a70550803012549 av_one_fifth  avia-builder-el-6  el_after_av_one_fifth  el_before_av_one_fifth  flex_column_div column-top-margin'     ><style type=\"text\/css\" data-created_by=\"avia_inline_auto\" id=\"style-css-av-l6ke1xda-705ffbfe1c3cbefcb8cdeeac4faa0ba9\">\n.avia-image-container.av-l6ke1xda-705ffbfe1c3cbefcb8cdeeac4faa0ba9 img.avia_image{\nbox-shadow:none;\n}\n.avia-image-container.av-l6ke1xda-705ffbfe1c3cbefcb8cdeeac4faa0ba9 .av-image-caption-overlay-center{\ncolor:#ffffff;\n}\n<\/style>\n<div  class='avia-image-container av-l6ke1xda-705ffbfe1c3cbefcb8cdeeac4faa0ba9 av-styling- avia-align-center  avia-builder-el-7  avia-builder-el-no-sibling '   itemprop=\"image\" itemscope=\"itemscope\" itemtype=\"https:\/\/schema.org\/ImageObject\" ><div class=\"avia-image-container-inner\"><div class=\"avia-image-overlay-wrap\"><a href=\"https:\/\/aulaabierta.arasaac.org\/fr\/asterics-aac_accueil\" class='avia_image' ><img decoding=\"async\" class='wp-image-93346 avia-img-lazy-loading-not-93346 avia_image ' src=\"https:\/\/aulaabierta.arasaac.org\/wp-content\/uploads\/2022\/08\/casa-120x120-1-80x80.png\" alt='' title='casa-120x120'  height=\"80\" width=\"80\"  itemprop=\"thumbnailUrl\" srcset=\"https:\/\/aulaabierta.arasaac.org\/wp-content\/uploads\/2022\/08\/casa-120x120-1-80x80.png 80w, https:\/\/aulaabierta.arasaac.org\/wp-content\/uploads\/2022\/08\/casa-120x120-1-36x36.png 36w, https:\/\/aulaabierta.arasaac.org\/wp-content\/uploads\/2022\/08\/casa-120x120-1.png 120w\" sizes=\"(max-width: 80px) 100vw, 80px\" \/><\/a><\/div><\/div><\/div><\/div>\n<div class='flex_column av-126aqin-7a6e39193fa1262d0b61cdb616a4a062 av_one_fifth  avia-builder-el-8  el_after_av_one_fifth  el_before_av_one_fifth  flex_column_div column-top-margin'     ><\/div>\n<div class='flex_column av-w2yn9b-3822e7b37f6ad515aaaac5be5b29fec2 av_one_fifth  avia-builder-el-9  el_after_av_one_fifth  el_before_av_one_full  flex_column_div column-top-margin'     ><style type=\"text\/css\" data-created_by=\"avia_inline_auto\" id=\"style-css-av-l6kdzl6f-2137b75b58d80ad516dc3154873d47b5\">\n.avia-image-container.av-l6kdzl6f-2137b75b58d80ad516dc3154873d47b5 img.avia_image{\nbox-shadow:none;\n}\n.avia-image-container.av-l6kdzl6f-2137b75b58d80ad516dc3154873d47b5 .av-image-caption-overlay-center{\ncolor:#ffffff;\n}\n<\/style>\n<div  class='avia-image-container av-l6kdzl6f-2137b75b58d80ad516dc3154873d47b5 av-styling- avia-align-center  avia-builder-el-10  avia-builder-el-no-sibling '   itemprop=\"image\" itemscope=\"itemscope\" itemtype=\"https:\/\/schema.org\/ImageObject\" ><div class=\"avia-image-container-inner\"><div class=\"avia-image-overlay-wrap\"><a href=\"https:\/\/aulaabierta.arasaac.org\/fr\/asterics-aac_actions_prononcer_texte_cellule\" class='avia_image' ><img decoding=\"async\" class='wp-image-23495 avia-img-lazy-loading-not-23495 avia_image ' src=\"https:\/\/aulaabierta.arasaac.org\/wp-content\/uploads\/2016\/12\/next-80x80.png\" alt='' title='next'  height=\"80\" width=\"80\"  itemprop=\"thumbnailUrl\" srcset=\"https:\/\/aulaabierta.arasaac.org\/wp-content\/uploads\/2016\/12\/next-80x80.png 80w, https:\/\/aulaabierta.arasaac.org\/wp-content\/uploads\/2016\/12\/next-36x36.png 36w, https:\/\/aulaabierta.arasaac.org\/wp-content\/uploads\/2016\/12\/next-120x120.png 120w, https:\/\/aulaabierta.arasaac.org\/wp-content\/uploads\/2016\/12\/next.png 128w\" sizes=\"(max-width: 80px) 100vw, 80px\" \/><\/a><\/div><\/div><\/div><\/div>\n<div class='flex_column av-vtfpkv-8fb9bef4cb06de80cef16013e631f9a4 av_one_full  avia-builder-el-11  el_after_av_one_fifth  avia-builder-el-last  first flex_column_div column-top-margin'     ><\/div>\n","protected":false},"excerpt":{"rendered":"","protected":false},"author":5,"featured_media":93285,"parent":0,"menu_order":0,"comment_status":"open","ping_status":"open","template":"","meta":{"om_disable_all_campaigns":false,"_monsterinsights_skip_tracking":false,"_monsterinsights_sitenote_active":false,"_monsterinsights_sitenote_note":"","_monsterinsights_sitenote_category":0,"_uf_show_specific_survey":0,"_uf_disable_surveys":false,"footnotes":""},"class_list":["post-108566","page","type-page","status-publish","has-post-thumbnail","hentry"],"aioseo_notices":[],"_links":{"self":[{"href":"https:\/\/aulaabierta.arasaac.org\/fr\/wp-json\/wp\/v2\/pages\/108566","targetHints":{"allow":["GET"]}}],"collection":[{"href":"https:\/\/aulaabierta.arasaac.org\/fr\/wp-json\/wp\/v2\/pages"}],"about":[{"href":"https:\/\/aulaabierta.arasaac.org\/fr\/wp-json\/wp\/v2\/types\/page"}],"author":[{"embeddable":true,"href":"https:\/\/aulaabierta.arasaac.org\/fr\/wp-json\/wp\/v2\/users\/5"}],"replies":[{"embeddable":true,"href":"https:\/\/aulaabierta.arasaac.org\/fr\/wp-json\/wp\/v2\/comments?post=108566"}],"version-history":[{"count":55,"href":"https:\/\/aulaabierta.arasaac.org\/fr\/wp-json\/wp\/v2\/pages\/108566\/revisions"}],"predecessor-version":[{"id":145724,"href":"https:\/\/aulaabierta.arasaac.org\/fr\/wp-json\/wp\/v2\/pages\/108566\/revisions\/145724"}],"wp:featuredmedia":[{"embeddable":true,"href":"https:\/\/aulaabierta.arasaac.org\/fr\/wp-json\/wp\/v2\/media\/93285"}],"wp:attachment":[{"href":"https:\/\/aulaabierta.arasaac.org\/fr\/wp-json\/wp\/v2\/media?parent=108566"}],"curies":[{"name":"wp","href":"https:\/\/api.w.org\/{rel}","templated":true}]}}