{"id":108576,"date":"2022-09-23T10:16:51","date_gmt":"2022-09-23T09:16:51","guid":{"rendered":"https:\/\/aulaabierta.arasaac.org\/asterics-grid_actions_naviguer_autre_tableau"},"modified":"2023-02-09T11:39:22","modified_gmt":"2023-02-09T10:39:22","slug":"asterics-aac_actions_naviguer_autre_tableau","status":"publish","type":"page","link":"https:\/\/aulaabierta.arasaac.org\/fr\/asterics-aac_actions_naviguer_autre_tableau","title":{"rendered":"Communicateur dynamique Asterics AAC &#8211; 9 &#8211; Actions &#8211; Naviguer vers un autre tableau"},"content":{"rendered":"\n<style type=\"text\/css\" data-created_by=\"avia_inline_auto\" id=\"style-css-av-g02wp-487688a280b7c335288a9417a2065cfe\">\n#top .av-special-heading.av-g02wp-487688a280b7c335288a9417a2065cfe{\npadding-bottom:0;\n}\nbody .av-special-heading.av-g02wp-487688a280b7c335288a9417a2065cfe .av-special-heading-tag .heading-char{\nfont-size:25px;\n}\n.av-special-heading.av-g02wp-487688a280b7c335288a9417a2065cfe .av-subheading{\nfont-size:15px;\n}\n<\/style>\n<div  class='av-special-heading av-g02wp-487688a280b7c335288a9417a2065cfe av-special-heading-h2  avia-builder-el-0  el_before_av_heading  avia-builder-el-first '><h2 class='av-special-heading-tag'  itemprop=\"headline\"  >Communicateur dynamique AsTeRICS-Grid<\/h2><div class=\"special-heading-border\"><div class=\"special-heading-inner-border\"><\/div><\/div><\/div>\n\n<style type=\"text\/css\" data-created_by=\"avia_inline_auto\" id=\"style-css-av-l6uyvnzl-1a071def56aa73186e524bee763d233e\">\n#top .av-special-heading.av-l6uyvnzl-1a071def56aa73186e524bee763d233e{\npadding-bottom:0;\n}\nbody .av-special-heading.av-l6uyvnzl-1a071def56aa73186e524bee763d233e .av-special-heading-tag .heading-char{\nfont-size:25px;\n}\n.av-special-heading.av-l6uyvnzl-1a071def56aa73186e524bee763d233e .av-subheading{\nfont-size:15px;\n}\n<\/style>\n<div  class='av-special-heading av-l6uyvnzl-1a071def56aa73186e524bee763d233e av-special-heading-h2  avia-builder-el-1  el_after_av_heading  el_before_av_textblock '><h2 class='av-special-heading-tag'  itemprop=\"headline\"  >9 &#8211; Actions &#8211; Naviguer vers un autre tableau<\/h2><div class=\"special-heading-border\"><div class=\"special-heading-inner-border\"><\/div><\/div><\/div>\n\n<style type=\"text\/css\" data-created_by=\"avia_inline_auto\" id=\"style-css-av-l75ukmgm-4036f943598e035ce1b6c01c4712b6a0\">\n#top .av_textblock_section.av-l75ukmgm-4036f943598e035ce1b6c01c4712b6a0 .avia_textblock{\nfont-size:16px;\n}\n<\/style>\n<section  class='av_textblock_section av-l75ukmgm-4036f943598e035ce1b6c01c4712b6a0'  itemscope=\"itemscope\" itemtype=\"https:\/\/schema.org\/CreativeWork\" ><div class='avia_textblock'  itemprop=\"text\" ><p>La prochaine action que nous allons apprendre \u00e0 utiliser est de <strong>Naviguer vers un autre tableau<\/strong>, une action essentielle lorsque nous allons cr\u00e9er des t<strong>ableaux organis\u00e9s par cat\u00e9gories avec Vocabulaire Nucl\u00e9aire<\/strong>, car nombre de ses cellules seront li\u00e9es \u00e0 d&rsquo;autres tableaux.<\/p>\n<p>Dans notre exemple de communicateur, nous vous montrons son utilit\u00e9. Notre utilisateur veut boire de l&rsquo;eau et forme la phrase JE + VEUX. Le verbe BOIRE se trouve dans la cellule ACTIONS (cat\u00e9gorie), donc en cliquant sur cette cellule, un nouveau tableau li\u00e9 appara\u00eet o\u00f9 apparaissent toutes les actions les plus courantes pour notre utilisateur. Il ne reste plus qu&rsquo;\u00e0 cliquer sur la cellule du pictogramme BOIRE, qui viendra s&rsquo;ajouter \u00e0 la phrase accumul\u00e9e.<\/p>\n<p><img loading=\"lazy\" decoding=\"async\" class=\"aligncenter wp-image-94471\" src=\"https:\/\/aulaabierta.arasaac.org\/wp-content\/uploads\/2022\/08\/Comunicador-Asterics-pictogramas-ARASAAC-53.jpg\" alt=\"\" width=\"800\" height=\"562\" srcset=\"https:\/\/aulaabierta.arasaac.org\/wp-content\/uploads\/2022\/08\/Comunicador-Asterics-pictogramas-ARASAAC-53.jpg 1178w, https:\/\/aulaabierta.arasaac.org\/wp-content\/uploads\/2022\/08\/Comunicador-Asterics-pictogramas-ARASAAC-53-300x211.jpg 300w, https:\/\/aulaabierta.arasaac.org\/wp-content\/uploads\/2022\/08\/Comunicador-Asterics-pictogramas-ARASAAC-53-1030x723.jpg 1030w, https:\/\/aulaabierta.arasaac.org\/wp-content\/uploads\/2022\/08\/Comunicador-Asterics-pictogramas-ARASAAC-53-768x539.jpg 768w, https:\/\/aulaabierta.arasaac.org\/wp-content\/uploads\/2022\/08\/Comunicador-Asterics-pictogramas-ARASAAC-53-705x495.jpg 705w\" sizes=\"auto, (max-width: 800px) 100vw, 800px\" \/><\/p>\n<p>Si nous voulons ajouter une boisson, cliquez sur la cellule Accueil pour revenir en arri\u00e8re et s\u00e9lectionnez la cellule BOISSONS (cat\u00e9gorie). Dans le nouveau tableau li\u00e9, les boissons les plus courantes appara\u00eetront pour l&rsquo;utilisateur, qui n&rsquo;aura qu&rsquo;\u00e0 choisir celle qu&rsquo;il souhaite.<\/p>\n<p>Si vous regardez attentivement le tableau, chaque cellule \u00e0 laquelle un tableau est attach\u00e9 a un petit carr\u00e9 ajout\u00e9 en haut \u00e0 droite de celui-ci.<\/p>\n<p><img loading=\"lazy\" decoding=\"async\" class=\"aligncenter wp-image-94477\" src=\"https:\/\/aulaabierta.arasaac.org\/wp-content\/uploads\/2022\/08\/Comunicador-Asterics-pictogramas-ARASAAC-54.jpg\" alt=\"\" width=\"800\" height=\"75\" srcset=\"https:\/\/aulaabierta.arasaac.org\/wp-content\/uploads\/2022\/08\/Comunicador-Asterics-pictogramas-ARASAAC-54.jpg 1071w, https:\/\/aulaabierta.arasaac.org\/wp-content\/uploads\/2022\/08\/Comunicador-Asterics-pictogramas-ARASAAC-54-300x28.jpg 300w, https:\/\/aulaabierta.arasaac.org\/wp-content\/uploads\/2022\/08\/Comunicador-Asterics-pictogramas-ARASAAC-54-1030x97.jpg 1030w, https:\/\/aulaabierta.arasaac.org\/wp-content\/uploads\/2022\/08\/Comunicador-Asterics-pictogramas-ARASAAC-54-768x72.jpg 768w, https:\/\/aulaabierta.arasaac.org\/wp-content\/uploads\/2022\/08\/Comunicador-Asterics-pictogramas-ARASAAC-54-705x66.jpg 705w\" sizes=\"auto, (max-width: 800px) 100vw, 800px\" \/><\/p>\n<p>Pour pouvoir lier des tableaux, il faut avoir pr\u00e9alablement cr\u00e9\u00e9 plusieurs tableaux pour pouvoir y naviguer.<\/p>\n<p>Pour ce faire, nous allons dans la section <strong>G\u00e9rer les tableaux de bord<\/strong> dans le <strong>menu de navigation<\/strong> lat\u00e9ral et s\u00e9lectionnons l&rsquo;option <strong>Nouveau tableau de bord<\/strong>. <\/p>\n<p><strong><img loading=\"lazy\" decoding=\"async\" class=\"aligncenter wp-image-94548\" src=\"https:\/\/aulaabierta.arasaac.org\/wp-content\/uploads\/2022\/08\/Comunicador-Asterics-pictogramas-ARASAAC-55.jpg\" alt=\"\" width=\"800\" height=\"454\" srcset=\"https:\/\/aulaabierta.arasaac.org\/wp-content\/uploads\/2022\/08\/Comunicador-Asterics-pictogramas-ARASAAC-55.jpg 1600w, https:\/\/aulaabierta.arasaac.org\/wp-content\/uploads\/2022\/08\/Comunicador-Asterics-pictogramas-ARASAAC-55-300x170.jpg 300w, https:\/\/aulaabierta.arasaac.org\/wp-content\/uploads\/2022\/08\/Comunicador-Asterics-pictogramas-ARASAAC-55-1030x585.jpg 1030w, https:\/\/aulaabierta.arasaac.org\/wp-content\/uploads\/2022\/08\/Comunicador-Asterics-pictogramas-ARASAAC-55-768x436.jpg 768w, https:\/\/aulaabierta.arasaac.org\/wp-content\/uploads\/2022\/08\/Comunicador-Asterics-pictogramas-ARASAAC-55-1536x872.jpg 1536w, https:\/\/aulaabierta.arasaac.org\/wp-content\/uploads\/2022\/08\/Comunicador-Asterics-pictogramas-ARASAAC-55-1500x851.jpg 1500w, https:\/\/aulaabierta.arasaac.org\/wp-content\/uploads\/2022\/08\/Comunicador-Asterics-pictogramas-ARASAAC-55-705x400.jpg 705w\" sizes=\"auto, (max-width: 800px) 100vw, 800px\" \/><br \/>\n<\/strong><\/p>\n<p>Dans cette section, nous pouvons voir et g\u00e9rer tous les tableaux que nous avons cr\u00e9\u00e9s. Bien que nous expliquions le fonctionnement de cette section dans un didacticiel, nous allons souligner deux options importantes.<\/p>\n<p>D&rsquo;une part, si nous faisons d\u00e9filer jusqu&rsquo;\u00e0 la fin de cette section, nous trouvons l&rsquo;option <strong>S\u00e9lectionnez le tableau initial \u00e0 lier au tableau global<\/strong>. Dans l&rsquo;onglet suivant, nous s\u00e9lectionnons la carte que nous allons utiliser comme carte principale de notre communicateur.<\/p>\n<p><img loading=\"lazy\" decoding=\"async\" class=\"aligncenter wp-image-94554\" src=\"https:\/\/aulaabierta.arasaac.org\/wp-content\/uploads\/2022\/08\/Comunicador-Asterics-pictogramas-ARASAAC-56.jpg\" alt=\"\" width=\"800\" height=\"136\" srcset=\"https:\/\/aulaabierta.arasaac.org\/wp-content\/uploads\/2022\/08\/Comunicador-Asterics-pictogramas-ARASAAC-56.jpg 1203w, https:\/\/aulaabierta.arasaac.org\/wp-content\/uploads\/2022\/08\/Comunicador-Asterics-pictogramas-ARASAAC-56-300x51.jpg 300w, https:\/\/aulaabierta.arasaac.org\/wp-content\/uploads\/2022\/08\/Comunicador-Asterics-pictogramas-ARASAAC-56-1030x176.jpg 1030w, https:\/\/aulaabierta.arasaac.org\/wp-content\/uploads\/2022\/08\/Comunicador-Asterics-pictogramas-ARASAAC-56-768x131.jpg 768w, https:\/\/aulaabierta.arasaac.org\/wp-content\/uploads\/2022\/08\/Comunicador-Asterics-pictogramas-ARASAAC-56-705x120.jpg 705w\" sizes=\"auto, (max-width: 800px) 100vw, 800px\" \/><\/p>\n<p>D&rsquo;autre part, bien que le communicateur soit automatiquement synchronis\u00e9 sur tous nos appareils, il est important de <strong>Enregistrer une copie de sauvegarde<\/strong> sur notre ordinateur ou appareil \u00e0 l&rsquo;aide de l&rsquo;option <strong>Plus<\/strong>, situ\u00e9e en haut \u00e0 droite.<\/p>\n<p><img loading=\"lazy\" decoding=\"async\" class=\"aligncenter wp-image-94559\" src=\"https:\/\/aulaabierta.arasaac.org\/wp-content\/uploads\/2022\/08\/Comunicador-Asterics-pictogramas-ARASAAC-57.jpg\" alt=\"\" width=\"800\" height=\"454\" srcset=\"https:\/\/aulaabierta.arasaac.org\/wp-content\/uploads\/2022\/08\/Comunicador-Asterics-pictogramas-ARASAAC-57.jpg 1600w, https:\/\/aulaabierta.arasaac.org\/wp-content\/uploads\/2022\/08\/Comunicador-Asterics-pictogramas-ARASAAC-57-300x170.jpg 300w, https:\/\/aulaabierta.arasaac.org\/wp-content\/uploads\/2022\/08\/Comunicador-Asterics-pictogramas-ARASAAC-57-1030x585.jpg 1030w, https:\/\/aulaabierta.arasaac.org\/wp-content\/uploads\/2022\/08\/Comunicador-Asterics-pictogramas-ARASAAC-57-768x436.jpg 768w, https:\/\/aulaabierta.arasaac.org\/wp-content\/uploads\/2022\/08\/Comunicador-Asterics-pictogramas-ARASAAC-57-1536x872.jpg 1536w, https:\/\/aulaabierta.arasaac.org\/wp-content\/uploads\/2022\/08\/Comunicador-Asterics-pictogramas-ARASAAC-57-1500x851.jpg 1500w, https:\/\/aulaabierta.arasaac.org\/wp-content\/uploads\/2022\/08\/Comunicador-Asterics-pictogramas-ARASAAC-57-705x400.jpg 705w\" sizes=\"auto, (max-width: 800px) 100vw, 800px\" \/><\/p>\n<p>De cette fa\u00e7on, nous nous assurons d&rsquo;avoir une copie de notre communicateur et nous pouvons \u00e9galement l&rsquo;utiliser sur un autre ordinateur ou appareil. Pour ce faire, nous devons utiliser l&rsquo;option <strong>Restaurer la sauvegarde<\/strong> et importer le fichier \u00e0 partir de la copie que nous avons pr\u00e9c\u00e9demment t\u00e9l\u00e9charg\u00e9e.<\/p>\n<p>Dans <strong>Asterics AAC<\/strong>, nous pouvons relier les tableaux de bord de deux mani\u00e8res diff\u00e9rentes.<\/p>\n<p>D&rsquo;une part, nous \u00e9ditons le tableau principal et nous pla\u00e7ons au-dessus de la cellule que nous voulons lier \u00e0 un tableau. Lorsque vous cliquez avec le bouton droit de la souris, l&rsquo;option <strong>Naviguer vers un autre tableau<\/strong> appara\u00eet.<\/p>\n<p><img loading=\"lazy\" decoding=\"async\" class=\"aligncenter wp-image-111331\" src=\"https:\/\/aulaabierta.arasaac.org\/wp-content\/uploads\/2022\/12\/Comunicador-Asterics-pictogramas-ARASAAC-52a-1030x454.jpg\" alt=\"\" width=\"800\" height=\"353\" srcset=\"https:\/\/aulaabierta.arasaac.org\/wp-content\/uploads\/2022\/12\/Comunicador-Asterics-pictogramas-ARASAAC-52a-1030x454.jpg 1030w, https:\/\/aulaabierta.arasaac.org\/wp-content\/uploads\/2022\/12\/Comunicador-Asterics-pictogramas-ARASAAC-52a-300x132.jpg 300w, https:\/\/aulaabierta.arasaac.org\/wp-content\/uploads\/2022\/12\/Comunicador-Asterics-pictogramas-ARASAAC-52a-768x339.jpg 768w, https:\/\/aulaabierta.arasaac.org\/wp-content\/uploads\/2022\/12\/Comunicador-Asterics-pictogramas-ARASAAC-52a-1536x677.jpg 1536w, https:\/\/aulaabierta.arasaac.org\/wp-content\/uploads\/2022\/12\/Comunicador-Asterics-pictogramas-ARASAAC-52a-1500x661.jpg 1500w, https:\/\/aulaabierta.arasaac.org\/wp-content\/uploads\/2022\/12\/Comunicador-Asterics-pictogramas-ARASAAC-52a-705x311.jpg 705w, https:\/\/aulaabierta.arasaac.org\/wp-content\/uploads\/2022\/12\/Comunicador-Asterics-pictogramas-ARASAAC-52a.jpg 1597w\" sizes=\"auto, (max-width: 800px) 100vw, 800px\" \/><\/p>\n<p>La s\u00e9lection de cette option ouvre une fen\u00eatre contextuelle dans laquelle nous pouvons choisir entre <strong>Naviguer vers un tableau<\/strong> ou <strong>Cr\u00e9er un nouveau tableau<\/strong>.<\/p>\n<p>Dans le cas o\u00f9 nous voulons <strong>Naviguer vers un tableau<\/strong> d\u00e9j\u00e0 cr\u00e9\u00e9, nous pouvons le s\u00e9lectionner en cliquant directement sur l&rsquo;onglet. D\u00e9sormais, lorsque nous cliquons sur cette cellule, cela nous redirige vers le tableau de bord li\u00e9.<\/p>\n<p><img loading=\"lazy\" decoding=\"async\" class=\"aligncenter wp-image-111338\" src=\"https:\/\/aulaabierta.arasaac.org\/wp-content\/uploads\/2022\/12\/Comunicador-Asterics-pictogramas-ARASAAC-52b-1030x579.jpg\" alt=\"\" width=\"800\" height=\"450\"><\/p>\n<p>L&rsquo;autre option que nous pouvons utiliser \u00e0 partir de cette fen\u00eatre est de <strong>cr\u00e9er un nouveau tableau<\/strong> et de le lier automatiquement.<\/p>\n<p><img loading=\"lazy\" decoding=\"async\" class=\"aligncenter wp-image-111345\" src=\"https:\/\/aulaabierta.arasaac.org\/wp-content\/uploads\/2022\/12\/Comunicador-Asterics-pictogramas-ARASAAC-52c-1030x458.jpg\" alt=\"\" width=\"800\" height=\"356\" srcset=\"https:\/\/aulaabierta.arasaac.org\/wp-content\/uploads\/2022\/12\/Comunicador-Asterics-pictogramas-ARASAAC-52c-1030x458.jpg 1030w, https:\/\/aulaabierta.arasaac.org\/wp-content\/uploads\/2022\/12\/Comunicador-Asterics-pictogramas-ARASAAC-52c-300x134.jpg 300w, https:\/\/aulaabierta.arasaac.org\/wp-content\/uploads\/2022\/12\/Comunicador-Asterics-pictogramas-ARASAAC-52c-768x342.jpg 768w, https:\/\/aulaabierta.arasaac.org\/wp-content\/uploads\/2022\/12\/Comunicador-Asterics-pictogramas-ARASAAC-52c-1536x684.jpg 1536w, https:\/\/aulaabierta.arasaac.org\/wp-content\/uploads\/2022\/12\/Comunicador-Asterics-pictogramas-ARASAAC-52c-1500x668.jpg 1500w, https:\/\/aulaabierta.arasaac.org\/wp-content\/uploads\/2022\/12\/Comunicador-Asterics-pictogramas-ARASAAC-52c-705x314.jpg 705w, https:\/\/aulaabierta.arasaac.org\/wp-content\/uploads\/2022\/12\/Comunicador-Asterics-pictogramas-ARASAAC-52c.jpg 1600w\" sizes=\"auto, (max-width: 800px) 100vw, 800px\" \/><\/p>\n<p>Pour ce faire, nous s\u00e9lectionnons l&rsquo;option <strong>Cr\u00e9er un nouveau tableau<\/strong> et dans la fen\u00eatre inf\u00e9rieure, nous attribuons le <strong>Nom du nouveau tableau<\/strong>.<\/p>\n<p>Maintenant, nous allons dans la section <strong>G\u00e9rer les tableaux<\/strong> et cherchons le nouveau tableau. On lui attribue le nom et on peut maintenant l&rsquo;\u00e9diter pour le compl\u00e9ter avec les pictogrammes qui composeront ce tableau li\u00e9.<\/p>\n<p><img loading=\"lazy\" decoding=\"async\" class=\"aligncenter wp-image-111353\" src=\"https:\/\/aulaabierta.arasaac.org\/wp-content\/uploads\/2022\/12\/Comunicador-Asterics-pictogramas-ARASAAC-52d-1030x525.jpg\" alt=\"\" width=\"800\" height=\"408\" srcset=\"https:\/\/aulaabierta.arasaac.org\/wp-content\/uploads\/2022\/12\/Comunicador-Asterics-pictogramas-ARASAAC-52d-1030x525.jpg 1030w, https:\/\/aulaabierta.arasaac.org\/wp-content\/uploads\/2022\/12\/Comunicador-Asterics-pictogramas-ARASAAC-52d-300x153.jpg 300w, https:\/\/aulaabierta.arasaac.org\/wp-content\/uploads\/2022\/12\/Comunicador-Asterics-pictogramas-ARASAAC-52d-768x392.jpg 768w, https:\/\/aulaabierta.arasaac.org\/wp-content\/uploads\/2022\/12\/Comunicador-Asterics-pictogramas-ARASAAC-52d-1536x783.jpg 1536w, https:\/\/aulaabierta.arasaac.org\/wp-content\/uploads\/2022\/12\/Comunicador-Asterics-pictogramas-ARASAAC-52d-1500x765.jpg 1500w, https:\/\/aulaabierta.arasaac.org\/wp-content\/uploads\/2022\/12\/Comunicador-Asterics-pictogramas-ARASAAC-52d-705x359.jpg 705w, https:\/\/aulaabierta.arasaac.org\/wp-content\/uploads\/2022\/12\/Comunicador-Asterics-pictogramas-ARASAAC-52d.jpg 1575w\" sizes=\"auto, (max-width: 800px) 100vw, 800px\" \/><\/p>\n<p>Une autre fa\u00e7on de lier les tableaux, nous la trouverons dans la fen\u00eatre contextuelle qui appara\u00eet lorsque nous faisons un clic droit sur les cellules d&rsquo;\u00e9dition.<\/p>\n<p>Dans cette fen\u00eatre contextuelle, nous allons dans l&rsquo;onglet <strong>Actions<\/strong>, s\u00e9lectionnez <strong>Naviguer vers un autre tableau<\/strong> et cliquez sur <strong>+ Ajouter une action<\/strong>.<\/p>\n<p><img loading=\"lazy\" decoding=\"async\" class=\"aligncenter wp-image-94566\" src=\"https:\/\/aulaabierta.arasaac.org\/wp-content\/uploads\/2022\/08\/Comunicador-Asterics-pictogramas-ARASAAC-58.jpg\" alt=\"\" width=\"800\" height=\"443\" srcset=\"https:\/\/aulaabierta.arasaac.org\/wp-content\/uploads\/2022\/08\/Comunicador-Asterics-pictogramas-ARASAAC-58.jpg 1185w, https:\/\/aulaabierta.arasaac.org\/wp-content\/uploads\/2022\/08\/Comunicador-Asterics-pictogramas-ARASAAC-58-300x166.jpg 300w, https:\/\/aulaabierta.arasaac.org\/wp-content\/uploads\/2022\/08\/Comunicador-Asterics-pictogramas-ARASAAC-58-1030x570.jpg 1030w, https:\/\/aulaabierta.arasaac.org\/wp-content\/uploads\/2022\/08\/Comunicador-Asterics-pictogramas-ARASAAC-58-768x425.jpg 768w, https:\/\/aulaabierta.arasaac.org\/wp-content\/uploads\/2022\/08\/Comunicador-Asterics-pictogramas-ARASAAC-58-705x390.jpg 705w\" sizes=\"auto, (max-width: 800px) 100vw, 800px\" \/><\/p>\n<p>Ensuite, un nouveau menu appara\u00eet en bas de la fen\u00eatre.<\/p>\n<p><img loading=\"lazy\" decoding=\"async\" class=\"aligncenter wp-image-94571\" src=\"https:\/\/aulaabierta.arasaac.org\/wp-content\/uploads\/2022\/08\/Comunicador-Asterics-pictogramas-ARASAAC-59.jpg\" alt=\"\" width=\"800\" height=\"444\" srcset=\"https:\/\/aulaabierta.arasaac.org\/wp-content\/uploads\/2022\/08\/Comunicador-Asterics-pictogramas-ARASAAC-59.jpg 1183w, https:\/\/aulaabierta.arasaac.org\/wp-content\/uploads\/2022\/08\/Comunicador-Asterics-pictogramas-ARASAAC-59-300x166.jpg 300w, https:\/\/aulaabierta.arasaac.org\/wp-content\/uploads\/2022\/08\/Comunicador-Asterics-pictogramas-ARASAAC-59-1030x571.jpg 1030w, https:\/\/aulaabierta.arasaac.org\/wp-content\/uploads\/2022\/08\/Comunicador-Asterics-pictogramas-ARASAAC-59-768x426.jpg 768w, https:\/\/aulaabierta.arasaac.org\/wp-content\/uploads\/2022\/08\/Comunicador-Asterics-pictogramas-ARASAAC-59-705x391.jpg 705w\" sizes=\"auto, (max-width: 800px) 100vw, 800px\" \/><\/p>\n<p>Dans cette fen\u00eatre, on trouve en bas l&rsquo;option de <strong>Naviguer vers un tableau<\/strong>. Nous ouvrons l&rsquo;onglet \u00e0 c\u00f4t\u00e9 et tous les tableaux que nous avons cr\u00e9\u00e9s apparaissent. Nous s\u00e9lectionnons le tableau que nous voulons lier afin qu&rsquo;il s&rsquo;ouvre lorsque nous cliquons sur notre cellule<\/p>\n<p>Nous pouvons \u00e9galement <strong>activer l&rsquo;option<\/strong> <strong>Ajouter cette cellule \u00e0 la phrase accumul\u00e9e<\/strong> au cas o\u00f9 il serait n\u00e9cessaire que cette cellule apparaisse dans la phrase accumul\u00e9e.<\/p>\n<p>Dans la capture d&rsquo;\u00e9cran pr\u00e9c\u00e9dente, nous voyons que diff\u00e9rentes actions peuvent \u00eatre accumul\u00e9es dans la m\u00eame cellule. Dans l&rsquo;exemple de capture d&rsquo;\u00e9cran, nous avons conserv\u00e9 l&rsquo;option <strong>Dicter le texte de la cellule<\/strong>. De cette fa\u00e7on, lorsque nous cliquons sur cette cellule en mode ex\u00e9cution, il prononcera le texte dans la cellule et naviguera vers le tableau li\u00e9.<\/p>\n<\/div><\/section>\n<div class='flex_column av-2krg6xr-318b22cf5a7dcc17d549f6d260a48947 av_one_fifth  avia-builder-el-3  el_after_av_textblock  el_before_av_one_fifth  first flex_column_div column-top-margin'     ><style type=\"text\/css\" data-created_by=\"avia_inline_auto\" id=\"style-css-av-l6kdyooj-2d30eb5b192f970830dc151d7cb94a8b\">\n.avia-image-container.av-l6kdyooj-2d30eb5b192f970830dc151d7cb94a8b img.avia_image{\nbox-shadow:none;\n}\n.avia-image-container.av-l6kdyooj-2d30eb5b192f970830dc151d7cb94a8b .av-image-caption-overlay-center{\ncolor:#ffffff;\n}\n<\/style>\n<div  class='avia-image-container av-l6kdyooj-2d30eb5b192f970830dc151d7cb94a8b av-styling- avia-align-center  avia-builder-el-4  avia-builder-el-no-sibling '   itemprop=\"image\" itemscope=\"itemscope\" itemtype=\"https:\/\/schema.org\/ImageObject\" ><div class=\"avia-image-container-inner\"><div class=\"avia-image-overlay-wrap\"><a href=\"https:\/\/aulaabierta.arasaac.org\/fr\/asterics-aac_actions_prononcer_texte_cellule\" class='avia_image' ><img decoding=\"async\" class='wp-image-23492 avia-img-lazy-loading-not-23492 avia_image ' src=\"https:\/\/aulaabierta.arasaac.org\/wp-content\/uploads\/2016\/12\/before-80x80.png\" alt='' title='before'  height=\"80\" width=\"80\"  itemprop=\"thumbnailUrl\" srcset=\"https:\/\/aulaabierta.arasaac.org\/wp-content\/uploads\/2016\/12\/before-80x80.png 80w, https:\/\/aulaabierta.arasaac.org\/wp-content\/uploads\/2016\/12\/before-36x36.png 36w, https:\/\/aulaabierta.arasaac.org\/wp-content\/uploads\/2016\/12\/before-120x120.png 120w, https:\/\/aulaabierta.arasaac.org\/wp-content\/uploads\/2016\/12\/before.png 128w\" sizes=\"(max-width: 80px) 100vw, 80px\" \/><\/a><\/div><\/div><\/div><\/div>\n<div class='flex_column av-2acjjb3-72430572443564d7b3ecb332fff10556 av_one_fifth  avia-builder-el-5  el_after_av_one_fifth  el_before_av_one_fifth  flex_column_div column-top-margin'     ><\/div>\n<div class='flex_column av-5ueg0v-f5b4451085be42fd2a70550803012549 av_one_fifth  avia-builder-el-6  el_after_av_one_fifth  el_before_av_one_fifth  flex_column_div column-top-margin'     ><style type=\"text\/css\" data-created_by=\"avia_inline_auto\" id=\"style-css-av-l6ke1xda-705ffbfe1c3cbefcb8cdeeac4faa0ba9\">\n.avia-image-container.av-l6ke1xda-705ffbfe1c3cbefcb8cdeeac4faa0ba9 img.avia_image{\nbox-shadow:none;\n}\n.avia-image-container.av-l6ke1xda-705ffbfe1c3cbefcb8cdeeac4faa0ba9 .av-image-caption-overlay-center{\ncolor:#ffffff;\n}\n<\/style>\n<div  class='avia-image-container av-l6ke1xda-705ffbfe1c3cbefcb8cdeeac4faa0ba9 av-styling- avia-align-center  avia-builder-el-7  avia-builder-el-no-sibling '   itemprop=\"image\" itemscope=\"itemscope\" itemtype=\"https:\/\/schema.org\/ImageObject\" ><div class=\"avia-image-container-inner\"><div class=\"avia-image-overlay-wrap\"><a href=\"https:\/\/aulaabierta.arasaac.org\/fr\/asterics-aac_accueil\" class='avia_image' ><img decoding=\"async\" class='wp-image-93346 avia-img-lazy-loading-not-93346 avia_image ' src=\"https:\/\/aulaabierta.arasaac.org\/wp-content\/uploads\/2022\/08\/casa-120x120-1-80x80.png\" alt='' title='casa-120x120'  height=\"80\" width=\"80\"  itemprop=\"thumbnailUrl\" srcset=\"https:\/\/aulaabierta.arasaac.org\/wp-content\/uploads\/2022\/08\/casa-120x120-1-80x80.png 80w, https:\/\/aulaabierta.arasaac.org\/wp-content\/uploads\/2022\/08\/casa-120x120-1-36x36.png 36w, https:\/\/aulaabierta.arasaac.org\/wp-content\/uploads\/2022\/08\/casa-120x120-1.png 120w\" sizes=\"(max-width: 80px) 100vw, 80px\" \/><\/a><\/div><\/div><\/div><\/div>\n<div class='flex_column av-126aqin-7a6e39193fa1262d0b61cdb616a4a062 av_one_fifth  avia-builder-el-8  el_after_av_one_fifth  el_before_av_one_fifth  flex_column_div column-top-margin'     ><\/div>\n<div class='flex_column av-w2yn9b-3822e7b37f6ad515aaaac5be5b29fec2 av_one_fifth  avia-builder-el-9  el_after_av_one_fifth  el_before_av_one_full  flex_column_div column-top-margin'     ><style type=\"text\/css\" data-created_by=\"avia_inline_auto\" id=\"style-css-av-l6kdzl6f-9bf88bce2c8398cdd6a2339128aa6b68\">\n.avia-image-container.av-l6kdzl6f-9bf88bce2c8398cdd6a2339128aa6b68 img.avia_image{\nbox-shadow:none;\n}\n.avia-image-container.av-l6kdzl6f-9bf88bce2c8398cdd6a2339128aa6b68 .av-image-caption-overlay-center{\ncolor:#ffffff;\n}\n<\/style>\n<div  class='avia-image-container av-l6kdzl6f-9bf88bce2c8398cdd6a2339128aa6b68 av-styling- avia-align-center  avia-builder-el-10  avia-builder-el-no-sibling '   itemprop=\"image\" itemscope=\"itemscope\" itemtype=\"https:\/\/schema.org\/ImageObject\" ><div class=\"avia-image-container-inner\"><div class=\"avia-image-overlay-wrap\"><a href=\"https:\/\/aulaabierta.arasaac.org\/fr\/asterics-aac_actions_prononcer_texte_personnalise\" class='avia_image' ><img decoding=\"async\" class='wp-image-23495 avia-img-lazy-loading-not-23495 avia_image ' src=\"https:\/\/aulaabierta.arasaac.org\/wp-content\/uploads\/2016\/12\/next-80x80.png\" alt='' title='next'  height=\"80\" width=\"80\"  itemprop=\"thumbnailUrl\" srcset=\"https:\/\/aulaabierta.arasaac.org\/wp-content\/uploads\/2016\/12\/next-80x80.png 80w, https:\/\/aulaabierta.arasaac.org\/wp-content\/uploads\/2016\/12\/next-36x36.png 36w, https:\/\/aulaabierta.arasaac.org\/wp-content\/uploads\/2016\/12\/next-120x120.png 120w, https:\/\/aulaabierta.arasaac.org\/wp-content\/uploads\/2016\/12\/next.png 128w\" sizes=\"(max-width: 80px) 100vw, 80px\" \/><\/a><\/div><\/div><\/div><\/div>\n<div class='flex_column av-vtfpkv-8fb9bef4cb06de80cef16013e631f9a4 av_one_full  avia-builder-el-11  el_after_av_one_fifth  avia-builder-el-last  first flex_column_div column-top-margin'     ><\/div>\n","protected":false},"excerpt":{"rendered":"","protected":false},"author":5,"featured_media":93285,"parent":0,"menu_order":0,"comment_status":"open","ping_status":"open","template":"","meta":{"om_disable_all_campaigns":false,"_monsterinsights_skip_tracking":false,"_monsterinsights_sitenote_active":false,"_monsterinsights_sitenote_note":"","_monsterinsights_sitenote_category":0,"_uf_show_specific_survey":0,"_uf_disable_surveys":false,"footnotes":""},"class_list":["post-108576","page","type-page","status-publish","has-post-thumbnail","hentry"],"aioseo_notices":[],"_links":{"self":[{"href":"https:\/\/aulaabierta.arasaac.org\/fr\/wp-json\/wp\/v2\/pages\/108576","targetHints":{"allow":["GET"]}}],"collection":[{"href":"https:\/\/aulaabierta.arasaac.org\/fr\/wp-json\/wp\/v2\/pages"}],"about":[{"href":"https:\/\/aulaabierta.arasaac.org\/fr\/wp-json\/wp\/v2\/types\/page"}],"author":[{"embeddable":true,"href":"https:\/\/aulaabierta.arasaac.org\/fr\/wp-json\/wp\/v2\/users\/5"}],"replies":[{"embeddable":true,"href":"https:\/\/aulaabierta.arasaac.org\/fr\/wp-json\/wp\/v2\/comments?post=108576"}],"version-history":[{"count":46,"href":"https:\/\/aulaabierta.arasaac.org\/fr\/wp-json\/wp\/v2\/pages\/108576\/revisions"}],"predecessor-version":[{"id":145731,"href":"https:\/\/aulaabierta.arasaac.org\/fr\/wp-json\/wp\/v2\/pages\/108576\/revisions\/145731"}],"wp:featuredmedia":[{"embeddable":true,"href":"https:\/\/aulaabierta.arasaac.org\/fr\/wp-json\/wp\/v2\/media\/93285"}],"wp:attachment":[{"href":"https:\/\/aulaabierta.arasaac.org\/fr\/wp-json\/wp\/v2\/media?parent=108576"}],"curies":[{"name":"wp","href":"https:\/\/api.w.org\/{rel}","templated":true}]}}