{"id":108591,"date":"2022-09-23T10:52:43","date_gmt":"2022-09-23T09:52:43","guid":{"rendered":"https:\/\/aulaabierta.arasaac.org\/asterics-grid_actions_web_radio"},"modified":"2023-02-09T11:39:18","modified_gmt":"2023-02-09T10:39:18","slug":"asterics-aac_actions_web_radio","status":"publish","type":"page","link":"https:\/\/aulaabierta.arasaac.org\/fr\/asterics-aac_actions_web_radio","title":{"rendered":"Communicateur dynamique Asterics AAC &#8211; 12 &#8211; Actions &#8211; Action Web Radio"},"content":{"rendered":"\n<style type=\"text\/css\" data-created_by=\"avia_inline_auto\" id=\"style-css-av-g02wp-5b13ed6fd90d437b607ce74f8453038f\">\n#top .av-special-heading.av-g02wp-5b13ed6fd90d437b607ce74f8453038f{\npadding-bottom:0;\n}\nbody .av-special-heading.av-g02wp-5b13ed6fd90d437b607ce74f8453038f .av-special-heading-tag .heading-char{\nfont-size:25px;\n}\n.av-special-heading.av-g02wp-5b13ed6fd90d437b607ce74f8453038f .av-subheading{\nfont-size:15px;\n}\n<\/style>\n<div  class='av-special-heading av-g02wp-5b13ed6fd90d437b607ce74f8453038f av-special-heading-h2  avia-builder-el-0  el_before_av_heading  avia-builder-el-first '><h2 class='av-special-heading-tag'  itemprop=\"headline\"  >Communicateur dynamique Asterics AAC <\/h2><div class=\"special-heading-border\"><div class=\"special-heading-inner-border\"><\/div><\/div><\/div>\n\n<style type=\"text\/css\" data-created_by=\"avia_inline_auto\" id=\"style-css-av-l6uyvnzl-1ea2530a725e1551234b6a8c5f104b62\">\n#top .av-special-heading.av-l6uyvnzl-1ea2530a725e1551234b6a8c5f104b62{\npadding-bottom:0;\n}\nbody .av-special-heading.av-l6uyvnzl-1ea2530a725e1551234b6a8c5f104b62 .av-special-heading-tag .heading-char{\nfont-size:25px;\n}\n.av-special-heading.av-l6uyvnzl-1ea2530a725e1551234b6a8c5f104b62 .av-subheading{\nfont-size:15px;\n}\n<\/style>\n<div  class='av-special-heading av-l6uyvnzl-1ea2530a725e1551234b6a8c5f104b62 av-special-heading-h2  avia-builder-el-1  el_after_av_heading  el_before_av_textblock '><h2 class='av-special-heading-tag'  itemprop=\"headline\"  >12 &#8211; Actions &#8211; Action Web Radio<\/h2><div class=\"special-heading-border\"><div class=\"special-heading-inner-border\"><\/div><\/div><\/div>\n\n<style type=\"text\/css\" data-created_by=\"avia_inline_auto\" id=\"style-css-av-l7cxlhkl-2e84e67709c40e9df4733b99b8b2ea31\">\n#top .av_textblock_section.av-l7cxlhkl-2e84e67709c40e9df4733b99b8b2ea31 .avia_textblock{\nfont-size:16px;\n}\n<\/style>\n<section  class='av_textblock_section av-l7cxlhkl-2e84e67709c40e9df4733b99b8b2ea31'  itemscope=\"itemscope\" itemtype=\"https:\/\/schema.org\/CreativeWork\" ><div class='avia_textblock'  itemprop=\"text\" ><p><img loading=\"lazy\" decoding=\"async\" class=\"alignnone wp-image-94727 size-full\" src=\"https:\/\/aulaabierta.arasaac.org\/wp-content\/uploads\/2022\/08\/Comunicador-Asterics-pictogramas-ARASAAC-70.jpg\" alt=\"\" width=\"1050\" height=\"600\" srcset=\"https:\/\/aulaabierta.arasaac.org\/wp-content\/uploads\/2022\/08\/Comunicador-Asterics-pictogramas-ARASAAC-70.jpg 1050w, https:\/\/aulaabierta.arasaac.org\/wp-content\/uploads\/2022\/08\/Comunicador-Asterics-pictogramas-ARASAAC-70-300x171.jpg 300w, https:\/\/aulaabierta.arasaac.org\/wp-content\/uploads\/2022\/08\/Comunicador-Asterics-pictogramas-ARASAAC-70-1030x589.jpg 1030w, https:\/\/aulaabierta.arasaac.org\/wp-content\/uploads\/2022\/08\/Comunicador-Asterics-pictogramas-ARASAAC-70-768x439.jpg 768w, https:\/\/aulaabierta.arasaac.org\/wp-content\/uploads\/2022\/08\/Comunicador-Asterics-pictogramas-ARASAAC-70-705x403.jpg 705w\" sizes=\"auto, (max-width: 1050px) 100vw, 1050px\" \/><\/p>\n<p><span class=\"\">La <strong>Acci\u00f3n de radio web permite<\/strong> buscar y reproducir estaciones de radio web. <\/span><span class=\"\">Las capacidades de b\u00fasqueda de emisoras funcionan con la API de\u00a0<\/span><a href=\"https:\/\/translate.google.com\/website?sl=auto&amp;tl=es&amp;hl=es&amp;u=https:\/\/www.radio-browser.info\/gui\/%23!\/\" target=\"_blank\" rel=\"noopener\"><span class=\"\">radio-browser.info<\/span><\/a><span class=\"\">.<\/span><\/p>\n<p>Al a\u00f1adir esta acci\u00f3n y editarla aparece el siguiente men\u00fa.<\/p>\n<p><img loading=\"lazy\" decoding=\"async\" class=\"alignnone wp-image-94732 size-full\" src=\"https:\/\/aulaabierta.arasaac.org\/wp-content\/uploads\/2022\/08\/Comunicador-Asterics-pictogramas-ARASAAC-71.jpg\" alt=\"\" width=\"782\" height=\"842\" srcset=\"https:\/\/aulaabierta.arasaac.org\/wp-content\/uploads\/2022\/08\/Comunicador-Asterics-pictogramas-ARASAAC-71.jpg 782w, https:\/\/aulaabierta.arasaac.org\/wp-content\/uploads\/2022\/08\/Comunicador-Asterics-pictogramas-ARASAAC-71-279x300.jpg 279w, https:\/\/aulaabierta.arasaac.org\/wp-content\/uploads\/2022\/08\/Comunicador-Asterics-pictogramas-ARASAAC-71-768x827.jpg 768w, https:\/\/aulaabierta.arasaac.org\/wp-content\/uploads\/2022\/08\/Comunicador-Asterics-pictogramas-ARASAAC-71-655x705.jpg 655w\" sizes=\"auto, (max-width: 782px) 100vw, 782px\" \/><\/p>\n<p>Os recomendamos que comenc\u00e9is seleccionando primero las emisoras de radio que quer\u00e9is incorporar a vuestro tablero. Para ello, nos desplazamos hacia la parte inferior y seleccionamos la pesta\u00f1a <strong>Gestionar lista de canales de radio web<\/strong>. Al activar esta pesta\u00f1a, vemos que aparece un submen\u00fa.<\/p>\n<p><img loading=\"lazy\" decoding=\"async\" class=\"alignnone wp-image-94749 size-full\" src=\"https:\/\/aulaabierta.arasaac.org\/wp-content\/uploads\/2022\/08\/Comunicador-Asterics-pictogramas-ARASAAC-72a.jpg\" alt=\"\" width=\"1048\" height=\"602\" srcset=\"https:\/\/aulaabierta.arasaac.org\/wp-content\/uploads\/2022\/08\/Comunicador-Asterics-pictogramas-ARASAAC-72a.jpg 1048w, https:\/\/aulaabierta.arasaac.org\/wp-content\/uploads\/2022\/08\/Comunicador-Asterics-pictogramas-ARASAAC-72a-300x172.jpg 300w, https:\/\/aulaabierta.arasaac.org\/wp-content\/uploads\/2022\/08\/Comunicador-Asterics-pictogramas-ARASAAC-72a-1030x592.jpg 1030w, https:\/\/aulaabierta.arasaac.org\/wp-content\/uploads\/2022\/08\/Comunicador-Asterics-pictogramas-ARASAAC-72a-768x441.jpg 768w, https:\/\/aulaabierta.arasaac.org\/wp-content\/uploads\/2022\/08\/Comunicador-Asterics-pictogramas-ARASAAC-72a-705x405.jpg 705w\" sizes=\"auto, (max-width: 1048px) 100vw, 1048px\" \/><\/p>\n<p>En el recuadro <strong>Buscar emisoras de radio web<\/strong> hemos escrito la emisora de radio que estamos buscando y, como podemos observar, en la parte inferior aparece un listado en el que podemos encontrar dicha radio.<\/p>\n<p><img loading=\"lazy\" decoding=\"async\" class=\"alignnone wp-image-94764 size-full\" src=\"https:\/\/aulaabierta.arasaac.org\/wp-content\/uploads\/2022\/08\/Comunicador-Asterics-pictogramas-ARASAAC-72a-1.jpg\" alt=\"\" width=\"871\" height=\"443\" srcset=\"https:\/\/aulaabierta.arasaac.org\/wp-content\/uploads\/2022\/08\/Comunicador-Asterics-pictogramas-ARASAAC-72a-1.jpg 871w, https:\/\/aulaabierta.arasaac.org\/wp-content\/uploads\/2022\/08\/Comunicador-Asterics-pictogramas-ARASAAC-72a-1-300x153.jpg 300w, https:\/\/aulaabierta.arasaac.org\/wp-content\/uploads\/2022\/08\/Comunicador-Asterics-pictogramas-ARASAAC-72a-1-768x391.jpg 768w, https:\/\/aulaabierta.arasaac.org\/wp-content\/uploads\/2022\/08\/Comunicador-Asterics-pictogramas-ARASAAC-72a-1-705x359.jpg 705w\" sizes=\"auto, (max-width: 871px) 100vw, 871px\" \/><\/p>\n<p>Pulsamos en el bot\u00f3n <strong>Seleccionar+<\/strong> para asignar la emisora de radio a nuestra celda. Conforme vamos buscando emisoras y seleccion\u00e1ndolas, vamos creando nuestra propia lista de emisoras de radio que podemos gestionar.<\/p>\n<p><img loading=\"lazy\" decoding=\"async\" class=\"alignnone wp-image-94769 size-full\" src=\"https:\/\/aulaabierta.arasaac.org\/wp-content\/uploads\/2022\/08\/Comunicador-Asterics-pictogramas-ARASAAC-72bc.jpg\" alt=\"\" width=\"901\" height=\"543\" srcset=\"https:\/\/aulaabierta.arasaac.org\/wp-content\/uploads\/2022\/08\/Comunicador-Asterics-pictogramas-ARASAAC-72bc.jpg 901w, https:\/\/aulaabierta.arasaac.org\/wp-content\/uploads\/2022\/08\/Comunicador-Asterics-pictogramas-ARASAAC-72bc-300x181.jpg 300w, https:\/\/aulaabierta.arasaac.org\/wp-content\/uploads\/2022\/08\/Comunicador-Asterics-pictogramas-ARASAAC-72bc-768x463.jpg 768w, https:\/\/aulaabierta.arasaac.org\/wp-content\/uploads\/2022\/08\/Comunicador-Asterics-pictogramas-ARASAAC-72bc-705x425.jpg 705w\" sizes=\"auto, (max-width: 901px) 100vw, 901px\" \/><\/p>\n<p>Tambi\u00e9n existe la opci\u00f3n de crear la lista de emisoras primero y cuando tengamos seleccionadas las que nos interesan, podemos pulsar en el bot\u00f3n <strong>Crear celdas para radio web<\/strong>. Esta opci\u00f3n a\u00f1ade directamente todas las celdas de nuestra lista al tablero, asignando una celda para cada una de ellas.<\/p>\n<p>Para facilitar el manejo de las diferentes radios del tablero al usuario, la primera opci\u00f3n que nos encontramos es la de <strong>Acci\u00f3n de radio web<\/strong>.<\/p>\n<p><img loading=\"lazy\" decoding=\"async\" class=\"alignnone wp-image-94738 size-full\" src=\"https:\/\/aulaabierta.arasaac.org\/wp-content\/uploads\/2022\/08\/Comunicador-Asterics-pictogramas-ARASAAC-72.jpg\" alt=\"\" width=\"1051\" height=\"610\" srcset=\"https:\/\/aulaabierta.arasaac.org\/wp-content\/uploads\/2022\/08\/Comunicador-Asterics-pictogramas-ARASAAC-72.jpg 1051w, https:\/\/aulaabierta.arasaac.org\/wp-content\/uploads\/2022\/08\/Comunicador-Asterics-pictogramas-ARASAAC-72-300x174.jpg 300w, https:\/\/aulaabierta.arasaac.org\/wp-content\/uploads\/2022\/08\/Comunicador-Asterics-pictogramas-ARASAAC-72-1030x598.jpg 1030w, https:\/\/aulaabierta.arasaac.org\/wp-content\/uploads\/2022\/08\/Comunicador-Asterics-pictogramas-ARASAAC-72-768x446.jpg 768w, https:\/\/aulaabierta.arasaac.org\/wp-content\/uploads\/2022\/08\/Comunicador-Asterics-pictogramas-ARASAAC-72-705x409.jpg 705w\" sizes=\"auto, (max-width: 1051px) 100vw, 1051px\" \/><\/p>\n<p>Si desplegamos esta pesta\u00f1a, encontramos distintas opciones que podemos asignar a la celda que vamos a utilizar en nuestro tablero de radio y que se utilizan como funciones de control:<\/p>\n<ul>\n<li><strong>Encender radio<\/strong>: enciende la radio con el canal seleccionado en WebRadio para reproducir.<\/li>\n<li><strong><span class=\"\">Encender\/apagar<\/span><\/strong><span class=\"\"><strong> la radio<\/strong>: alterna el estado de encendido\/apagado de la radio con el canal seleccionado en <\/span><span class=\"\">WebRadio.<\/span><\/li>\n<li><strong>Apagar la radio<\/strong>: apaga la radio.<\/li>\n<li><strong><span class=\"goog-text-highlight\">Siguiente canal de radio<\/span><\/strong><span class=\"goog-text-highlight\">: pasa al siguiente canal de radio en la lista de estaciones de radio seleccionadas.<\/span><\/li>\n<li><strong>Canal de radio anterior<\/strong>: pasa al canal de radio anterior en la lista de estaciones de radio seleccionadas.<\/li>\n<li><strong>Subir volumen de la radio<\/strong>: aumenta el volumen de la radio.<\/li>\n<li><strong><span class=\"\">Bajar volumen de<\/span><\/strong><span class=\"\"><strong> la radio<\/strong>: disminuye el volumen de la radio.<\/span><\/li>\n<\/ul>\n<p>En nuestro tablero de ejemplo, hemos asignado las celdas de acciones recuadradas en rojo.<\/p>\n<p><img loading=\"lazy\" decoding=\"async\" class=\"alignnone wp-image-94743 size-full\" src=\"https:\/\/aulaabierta.arasaac.org\/wp-content\/uploads\/2022\/08\/Comunicador-Asterics-pictogramas-ARASAAC-73.jpg\" alt=\"\" width=\"1327\" height=\"620\" srcset=\"https:\/\/aulaabierta.arasaac.org\/wp-content\/uploads\/2022\/08\/Comunicador-Asterics-pictogramas-ARASAAC-73.jpg 1327w, https:\/\/aulaabierta.arasaac.org\/wp-content\/uploads\/2022\/08\/Comunicador-Asterics-pictogramas-ARASAAC-73-300x140.jpg 300w, https:\/\/aulaabierta.arasaac.org\/wp-content\/uploads\/2022\/08\/Comunicador-Asterics-pictogramas-ARASAAC-73-1030x481.jpg 1030w, https:\/\/aulaabierta.arasaac.org\/wp-content\/uploads\/2022\/08\/Comunicador-Asterics-pictogramas-ARASAAC-73-768x359.jpg 768w, https:\/\/aulaabierta.arasaac.org\/wp-content\/uploads\/2022\/08\/Comunicador-Asterics-pictogramas-ARASAAC-73-705x329.jpg 705w\" sizes=\"auto, (max-width: 1327px) 100vw, 1327px\" \/><\/p>\n<p>De esta forma, ya tenemos las celdas con las emisoras seleccionadas y las teclas que realizan las funciones de control.<\/p>\n<p>S\u00f3lo nos queda, volver al modo ejecuci\u00f3n y escuchar nuestra emisora de radio preferida.<\/p>\n<\/div><\/section>\n<div class='flex_column av-2krg6xr-318b22cf5a7dcc17d549f6d260a48947 av_one_fifth  avia-builder-el-3  el_after_av_textblock  el_before_av_one_fifth  first flex_column_div column-top-margin'     ><style type=\"text\/css\" data-created_by=\"avia_inline_auto\" id=\"style-css-av-l6kdyooj-fa6375278ec5fb0a64acbacae0b3a27d\">\n.avia-image-container.av-l6kdyooj-fa6375278ec5fb0a64acbacae0b3a27d img.avia_image{\nbox-shadow:none;\n}\n.avia-image-container.av-l6kdyooj-fa6375278ec5fb0a64acbacae0b3a27d .av-image-caption-overlay-center{\ncolor:#ffffff;\n}\n<\/style>\n<div  class='avia-image-container av-l6kdyooj-fa6375278ec5fb0a64acbacae0b3a27d av-styling- avia-align-center  avia-builder-el-4  avia-builder-el-no-sibling '   itemprop=\"image\" itemscope=\"itemscope\" itemtype=\"https:\/\/schema.org\/ImageObject\" ><div class=\"avia-image-container-inner\"><div class=\"avia-image-overlay-wrap\"><a href=\"https:\/\/aulaabierta.arasaac.org\/fr\/asterics-aac_creation_clavier_alphanumerique\" class='avia_image' ><img decoding=\"async\" class='wp-image-23492 avia-img-lazy-loading-not-23492 avia_image ' src=\"https:\/\/aulaabierta.arasaac.org\/wp-content\/uploads\/2016\/12\/before-80x80.png\" alt='' title='before'  height=\"80\" width=\"80\"  itemprop=\"thumbnailUrl\" srcset=\"https:\/\/aulaabierta.arasaac.org\/wp-content\/uploads\/2016\/12\/before-80x80.png 80w, https:\/\/aulaabierta.arasaac.org\/wp-content\/uploads\/2016\/12\/before-36x36.png 36w, https:\/\/aulaabierta.arasaac.org\/wp-content\/uploads\/2016\/12\/before-120x120.png 120w, https:\/\/aulaabierta.arasaac.org\/wp-content\/uploads\/2016\/12\/before.png 128w\" sizes=\"(max-width: 80px) 100vw, 80px\" \/><\/a><\/div><\/div><\/div><\/div>\n<div class='flex_column av-2acjjb3-72430572443564d7b3ecb332fff10556 av_one_fifth  avia-builder-el-5  el_after_av_one_fifth  el_before_av_one_fifth  flex_column_div column-top-margin'     ><\/div>\n<div class='flex_column av-5ueg0v-f5b4451085be42fd2a70550803012549 av_one_fifth  avia-builder-el-6  el_after_av_one_fifth  el_before_av_one_fifth  flex_column_div column-top-margin'     ><style type=\"text\/css\" data-created_by=\"avia_inline_auto\" id=\"style-css-av-l6ke1xda-705ffbfe1c3cbefcb8cdeeac4faa0ba9\">\n.avia-image-container.av-l6ke1xda-705ffbfe1c3cbefcb8cdeeac4faa0ba9 img.avia_image{\nbox-shadow:none;\n}\n.avia-image-container.av-l6ke1xda-705ffbfe1c3cbefcb8cdeeac4faa0ba9 .av-image-caption-overlay-center{\ncolor:#ffffff;\n}\n<\/style>\n<div  class='avia-image-container av-l6ke1xda-705ffbfe1c3cbefcb8cdeeac4faa0ba9 av-styling- avia-align-center  avia-builder-el-7  avia-builder-el-no-sibling '   itemprop=\"image\" itemscope=\"itemscope\" itemtype=\"https:\/\/schema.org\/ImageObject\" ><div class=\"avia-image-container-inner\"><div class=\"avia-image-overlay-wrap\"><a href=\"https:\/\/aulaabierta.arasaac.org\/fr\/asterics-aac_accueil\" class='avia_image' ><img decoding=\"async\" class='wp-image-93346 avia-img-lazy-loading-not-93346 avia_image ' src=\"https:\/\/aulaabierta.arasaac.org\/wp-content\/uploads\/2022\/08\/casa-120x120-1-80x80.png\" alt='' title='casa-120x120'  height=\"80\" width=\"80\"  itemprop=\"thumbnailUrl\" srcset=\"https:\/\/aulaabierta.arasaac.org\/wp-content\/uploads\/2022\/08\/casa-120x120-1-80x80.png 80w, https:\/\/aulaabierta.arasaac.org\/wp-content\/uploads\/2022\/08\/casa-120x120-1-36x36.png 36w, https:\/\/aulaabierta.arasaac.org\/wp-content\/uploads\/2022\/08\/casa-120x120-1.png 120w\" sizes=\"(max-width: 80px) 100vw, 80px\" \/><\/a><\/div><\/div><\/div><\/div>\n<div class='flex_column av-126aqin-7a6e39193fa1262d0b61cdb616a4a062 av_one_fifth  avia-builder-el-8  el_after_av_one_fifth  el_before_av_one_fifth  flex_column_div column-top-margin'     ><\/div>\n<div class='flex_column av-w2yn9b-3822e7b37f6ad515aaaac5be5b29fec2 av_one_fifth  avia-builder-el-9  el_after_av_one_fifth  el_before_av_one_full  flex_column_div column-top-margin'     ><style type=\"text\/css\" data-created_by=\"avia_inline_auto\" id=\"style-css-av-l6kdzl6f-bd16df61a5e7a669702095925ba5f4cd\">\n.avia-image-container.av-l6kdzl6f-bd16df61a5e7a669702095925ba5f4cd img.avia_image{\nbox-shadow:none;\n}\n.avia-image-container.av-l6kdzl6f-bd16df61a5e7a669702095925ba5f4cd .av-image-caption-overlay-center{\ncolor:#ffffff;\n}\n<\/style>\n<div  class='avia-image-container av-l6kdzl6f-bd16df61a5e7a669702095925ba5f4cd av-styling- avia-align-center  avia-builder-el-10  avia-builder-el-no-sibling '   itemprop=\"image\" itemscope=\"itemscope\" itemtype=\"https:\/\/schema.org\/ImageObject\" ><div class=\"avia-image-container-inner\"><div class=\"avia-image-overlay-wrap\"><a href=\"https:\/\/aulaabierta.arasaac.org\/fr\/asterics-aac_actions_action_youtube\" class='avia_image' ><img decoding=\"async\" class='wp-image-23495 avia-img-lazy-loading-not-23495 avia_image ' src=\"https:\/\/aulaabierta.arasaac.org\/wp-content\/uploads\/2016\/12\/next-80x80.png\" alt='' title='next'  height=\"80\" width=\"80\"  itemprop=\"thumbnailUrl\" srcset=\"https:\/\/aulaabierta.arasaac.org\/wp-content\/uploads\/2016\/12\/next-80x80.png 80w, https:\/\/aulaabierta.arasaac.org\/wp-content\/uploads\/2016\/12\/next-36x36.png 36w, https:\/\/aulaabierta.arasaac.org\/wp-content\/uploads\/2016\/12\/next-120x120.png 120w, https:\/\/aulaabierta.arasaac.org\/wp-content\/uploads\/2016\/12\/next.png 128w\" sizes=\"(max-width: 80px) 100vw, 80px\" \/><\/a><\/div><\/div><\/div><\/div>\n<div class='flex_column av-vtfpkv-8fb9bef4cb06de80cef16013e631f9a4 av_one_full  avia-builder-el-11  el_after_av_one_fifth  avia-builder-el-last  first flex_column_div column-top-margin'     ><\/div>\n","protected":false},"excerpt":{"rendered":"","protected":false},"author":5,"featured_media":93285,"parent":0,"menu_order":0,"comment_status":"open","ping_status":"open","template":"","meta":{"om_disable_all_campaigns":false,"_monsterinsights_skip_tracking":false,"_monsterinsights_sitenote_active":false,"_monsterinsights_sitenote_note":"","_monsterinsights_sitenote_category":0,"_uf_show_specific_survey":0,"_uf_disable_surveys":false,"footnotes":""},"class_list":["post-108591","page","type-page","status-publish","has-post-thumbnail","hentry"],"aioseo_notices":[],"_links":{"self":[{"href":"https:\/\/aulaabierta.arasaac.org\/fr\/wp-json\/wp\/v2\/pages\/108591","targetHints":{"allow":["GET"]}}],"collection":[{"href":"https:\/\/aulaabierta.arasaac.org\/fr\/wp-json\/wp\/v2\/pages"}],"about":[{"href":"https:\/\/aulaabierta.arasaac.org\/fr\/wp-json\/wp\/v2\/types\/page"}],"author":[{"embeddable":true,"href":"https:\/\/aulaabierta.arasaac.org\/fr\/wp-json\/wp\/v2\/users\/5"}],"replies":[{"embeddable":true,"href":"https:\/\/aulaabierta.arasaac.org\/fr\/wp-json\/wp\/v2\/comments?post=108591"}],"version-history":[{"count":23,"href":"https:\/\/aulaabierta.arasaac.org\/fr\/wp-json\/wp\/v2\/pages\/108591\/revisions"}],"predecessor-version":[{"id":145728,"href":"https:\/\/aulaabierta.arasaac.org\/fr\/wp-json\/wp\/v2\/pages\/108591\/revisions\/145728"}],"wp:featuredmedia":[{"embeddable":true,"href":"https:\/\/aulaabierta.arasaac.org\/fr\/wp-json\/wp\/v2\/media\/93285"}],"wp:attachment":[{"href":"https:\/\/aulaabierta.arasaac.org\/fr\/wp-json\/wp\/v2\/media?parent=108591"}],"curies":[{"name":"wp","href":"https:\/\/api.w.org\/{rel}","templated":true}]}}