{"id":108604,"date":"2022-09-26T08:52:50","date_gmt":"2022-09-26T07:52:50","guid":{"rendered":"https:\/\/aulaabierta.arasaac.org\/asterics-grid_actions_changer_langue_contenu"},"modified":"2023-02-09T11:39:32","modified_gmt":"2023-02-09T10:39:32","slug":"asterics-aac_actions_changer_langue_contenu","status":"publish","type":"page","link":"https:\/\/aulaabierta.arasaac.org\/fr\/asterics-aac_actions_changer_langue_contenu","title":{"rendered":"Communicateur Asterics AAC &#8211; 14 &#8211; Actions &#8211; Changer la langue du contenu"},"content":{"rendered":"\n<style type=\"text\/css\" data-created_by=\"avia_inline_auto\" id=\"style-css-av-g02wp-487688a280b7c335288a9417a2065cfe\">\n#top .av-special-heading.av-g02wp-487688a280b7c335288a9417a2065cfe{\npadding-bottom:0;\n}\nbody .av-special-heading.av-g02wp-487688a280b7c335288a9417a2065cfe .av-special-heading-tag .heading-char{\nfont-size:25px;\n}\n.av-special-heading.av-g02wp-487688a280b7c335288a9417a2065cfe .av-subheading{\nfont-size:15px;\n}\n<\/style>\n<div  class='av-special-heading av-g02wp-487688a280b7c335288a9417a2065cfe av-special-heading-h2  avia-builder-el-0  el_before_av_heading  avia-builder-el-first '><h2 class='av-special-heading-tag'  itemprop=\"headline\"  >Communicateur dynamique AsTeRICS-Grid<\/h2><div class=\"special-heading-border\"><div class=\"special-heading-inner-border\"><\/div><\/div><\/div>\n\n<style type=\"text\/css\" data-created_by=\"avia_inline_auto\" id=\"style-css-av-l6uyvnzl-69a53ce3b6fa893f501dac08be379848\">\n#top .av-special-heading.av-l6uyvnzl-69a53ce3b6fa893f501dac08be379848{\npadding-bottom:0;\n}\nbody .av-special-heading.av-l6uyvnzl-69a53ce3b6fa893f501dac08be379848 .av-special-heading-tag .heading-char{\nfont-size:25px;\n}\n.av-special-heading.av-l6uyvnzl-69a53ce3b6fa893f501dac08be379848 .av-subheading{\nfont-size:15px;\n}\n<\/style>\n<div  class='av-special-heading av-l6uyvnzl-69a53ce3b6fa893f501dac08be379848 av-special-heading-h2  avia-builder-el-1  el_after_av_heading  el_before_av_textblock '><h2 class='av-special-heading-tag'  itemprop=\"headline\"  >14 &#8211; Actions &#8211; Changer la langue du contenu<\/h2><div class=\"special-heading-border\"><div class=\"special-heading-inner-border\"><\/div><\/div><\/div>\n\n<style type=\"text\/css\" data-created_by=\"avia_inline_auto\" id=\"style-css-av-l7cxlhkl-2e84e67709c40e9df4733b99b8b2ea31\">\n#top .av_textblock_section.av-l7cxlhkl-2e84e67709c40e9df4733b99b8b2ea31 .avia_textblock{\nfont-size:16px;\n}\n<\/style>\n<section  class='av_textblock_section av-l7cxlhkl-2e84e67709c40e9df4733b99b8b2ea31'  itemscope=\"itemscope\" itemtype=\"https:\/\/schema.org\/CreativeWork\" ><div class='avia_textblock'  itemprop=\"text\" ><p>L&rsquo;action <strong>Changer la langue du contenu<\/strong> est utilis\u00e9e pour changer la langue du ou des tableaux de bord du communicateur en cliquant sur une cellule que nous avons configur\u00e9e pour effectuer cette action.<\/p>\n<p>Dans le cas o\u00f9 nous cr\u00e9ons un communicateur multilingue avec tous les tableaux de bord traduits dans diff\u00e9rentes langues, nous pouvons cr\u00e9er un tableau de bord sp\u00e9cifique avec les cellules dans les diff\u00e9rentes langues traduites.<\/p>\n<p><img loading=\"lazy\" decoding=\"async\" class=\"alignnone wp-image-94845 size-full\" src=\"https:\/\/aulaabierta.arasaac.org\/wp-content\/uploads\/2022\/08\/Comunicador-Asterics-pictogramas-ARASAAC-74.jpg\" alt=\"\" width=\"1592\" height=\"692\" srcset=\"https:\/\/aulaabierta.arasaac.org\/wp-content\/uploads\/2022\/08\/Comunicador-Asterics-pictogramas-ARASAAC-74.jpg 1592w, https:\/\/aulaabierta.arasaac.org\/wp-content\/uploads\/2022\/08\/Comunicador-Asterics-pictogramas-ARASAAC-74-300x130.jpg 300w, https:\/\/aulaabierta.arasaac.org\/wp-content\/uploads\/2022\/08\/Comunicador-Asterics-pictogramas-ARASAAC-74-1030x448.jpg 1030w, https:\/\/aulaabierta.arasaac.org\/wp-content\/uploads\/2022\/08\/Comunicador-Asterics-pictogramas-ARASAAC-74-768x334.jpg 768w, https:\/\/aulaabierta.arasaac.org\/wp-content\/uploads\/2022\/08\/Comunicador-Asterics-pictogramas-ARASAAC-74-1536x668.jpg 1536w, https:\/\/aulaabierta.arasaac.org\/wp-content\/uploads\/2022\/08\/Comunicador-Asterics-pictogramas-ARASAAC-74-1500x652.jpg 1500w, https:\/\/aulaabierta.arasaac.org\/wp-content\/uploads\/2022\/08\/Comunicador-Asterics-pictogramas-ARASAAC-74-705x306.jpg 705w\" sizes=\"auto, (max-width: 1592px) 100vw, 1592px\" \/><\/p>\n<p>Dans le cas o\u00f9 nous souhaitons uniquement traduire un tableau dans d&rsquo;autres langues, nous pouvons saisir les cellules dudit tableau, comme nous vous le montrons ci-dessous.<\/p>\n<p><img loading=\"lazy\" decoding=\"async\" class=\"alignnone wp-image-94856 size-full\" src=\"https:\/\/aulaabierta.arasaac.org\/wp-content\/uploads\/2022\/08\/Comunicador-Asterics-pictogramas-ARASAAC-75-1.jpg\" alt=\"\" width=\"1327\" height=\"621\" srcset=\"https:\/\/aulaabierta.arasaac.org\/wp-content\/uploads\/2022\/08\/Comunicador-Asterics-pictogramas-ARASAAC-75-1.jpg 1327w, https:\/\/aulaabierta.arasaac.org\/wp-content\/uploads\/2022\/08\/Comunicador-Asterics-pictogramas-ARASAAC-75-1-300x140.jpg 300w, https:\/\/aulaabierta.arasaac.org\/wp-content\/uploads\/2022\/08\/Comunicador-Asterics-pictogramas-ARASAAC-75-1-1030x482.jpg 1030w, https:\/\/aulaabierta.arasaac.org\/wp-content\/uploads\/2022\/08\/Comunicador-Asterics-pictogramas-ARASAAC-75-1-768x359.jpg 768w, https:\/\/aulaabierta.arasaac.org\/wp-content\/uploads\/2022\/08\/Comunicador-Asterics-pictogramas-ARASAAC-75-1-705x330.jpg 705w\" sizes=\"auto, (max-width: 1327px) 100vw, 1327px\" \/><\/p>\n<p>Dans ce cas, nous avons s\u00e9lectionn\u00e9 trois langues plac\u00e9es dans les trois cellules du c\u00f4t\u00e9 droit pour une facilit\u00e9 d&rsquo;utilisation.<\/p>\n<p>Dans cet exemple, si nous voulons traduire le tableau en ANGLAIS, il suffit de cliquer sur le drapeau anglais et le tableau est automatiquement traduit dans cette langue.<\/p>\n<p><img loading=\"lazy\" decoding=\"async\" class=\"alignnone wp-image-94879 size-full\" src=\"https:\/\/aulaabierta.arasaac.org\/wp-content\/uploads\/2022\/08\/Comunicador-Asterics-pictogramas-ARASAAC-75C.jpg\" alt=\"\" width=\"1336\" height=\"622\"><\/p>\n<p>Afin d&rsquo;utiliser correctement cette action, nous allons voir un exemple simple dans lequel nous allons utiliser trois couleurs que nous allons traduire en fran\u00e7ais.<\/p>\n<p><img loading=\"lazy\" decoding=\"async\" class=\"alignnone wp-image-94890 size-full\" src=\"https:\/\/aulaabierta.arasaac.org\/wp-content\/uploads\/2022\/08\/Comunicador-Asterics-pictogramas-ARASAAC-77-1.jpg\" alt=\"\" width=\"1593\" height=\"702\" srcset=\"https:\/\/aulaabierta.arasaac.org\/wp-content\/uploads\/2022\/08\/Comunicador-Asterics-pictogramas-ARASAAC-77-1.jpg 1593w, https:\/\/aulaabierta.arasaac.org\/wp-content\/uploads\/2022\/08\/Comunicador-Asterics-pictogramas-ARASAAC-77-1-300x132.jpg 300w, https:\/\/aulaabierta.arasaac.org\/wp-content\/uploads\/2022\/08\/Comunicador-Asterics-pictogramas-ARASAAC-77-1-1030x454.jpg 1030w, https:\/\/aulaabierta.arasaac.org\/wp-content\/uploads\/2022\/08\/Comunicador-Asterics-pictogramas-ARASAAC-77-1-768x338.jpg 768w, https:\/\/aulaabierta.arasaac.org\/wp-content\/uploads\/2022\/08\/Comunicador-Asterics-pictogramas-ARASAAC-77-1-1536x677.jpg 1536w, https:\/\/aulaabierta.arasaac.org\/wp-content\/uploads\/2022\/08\/Comunicador-Asterics-pictogramas-ARASAAC-77-1-1500x661.jpg 1500w, https:\/\/aulaabierta.arasaac.org\/wp-content\/uploads\/2022\/08\/Comunicador-Asterics-pictogramas-ARASAAC-77-1-705x311.jpg 705w\" sizes=\"auto, (max-width: 1593px) 100vw, 1593px\" \/><\/p>\n<p>Tout d&rsquo;abord, la premi\u00e8re chose que nous devons faire est de <strong>modifier<\/strong> le tableau de bord et de s\u00e9lectionner l&rsquo;option <strong>Traduire le tableau<\/strong> de bord \u00e0 l&rsquo;aide du bouton <strong>Plus<\/strong> en haut \u00e0 droite.<\/p>\n<p><img loading=\"lazy\" decoding=\"async\" class=\"alignnone wp-image-94895 size-full\" src=\"https:\/\/aulaabierta.arasaac.org\/wp-content\/uploads\/2022\/08\/Comunicador-Asterics-pictogramas-ARASAAC-77a.jpg\" alt=\"\" width=\"1600\" height=\"900\" srcset=\"https:\/\/aulaabierta.arasaac.org\/wp-content\/uploads\/2022\/08\/Comunicador-Asterics-pictogramas-ARASAAC-77a.jpg 1600w, https:\/\/aulaabierta.arasaac.org\/wp-content\/uploads\/2022\/08\/Comunicador-Asterics-pictogramas-ARASAAC-77a-300x169.jpg 300w, https:\/\/aulaabierta.arasaac.org\/wp-content\/uploads\/2022\/08\/Comunicador-Asterics-pictogramas-ARASAAC-77a-1030x579.jpg 1030w, https:\/\/aulaabierta.arasaac.org\/wp-content\/uploads\/2022\/08\/Comunicador-Asterics-pictogramas-ARASAAC-77a-768x432.jpg 768w, https:\/\/aulaabierta.arasaac.org\/wp-content\/uploads\/2022\/08\/Comunicador-Asterics-pictogramas-ARASAAC-77a-1536x864.jpg 1536w, https:\/\/aulaabierta.arasaac.org\/wp-content\/uploads\/2022\/08\/Comunicador-Asterics-pictogramas-ARASAAC-77a-1500x844.jpg 1500w, https:\/\/aulaabierta.arasaac.org\/wp-content\/uploads\/2022\/08\/Comunicador-Asterics-pictogramas-ARASAAC-77a-705x397.jpg 705w\" sizes=\"auto, (max-width: 1600px) 100vw, 1600px\" \/><\/p>\n<p>Dans la fen\u00eatre qui appara\u00eet, nous s\u00e9lectionnerons <strong>Textes en fran\u00e7ais<\/strong> et nous traduirons en fran\u00e7ais les textes des cellules de notre tableau en espagnol, qui apparaissent \u00e0 gauche. Une fois termin\u00e9, cliquez sur le bouton <strong>Enregistrer<\/strong>.<\/p>\n<p>Nous devons donc proc\u00e9der avec les diff\u00e9rentes langues que nous voulons vers lesquelles nous voulons que le tableau soit traduit.<\/p>\n<p>Nous pouvons maintenant utiliser dans notre cellule avec le drapeau fran\u00e7ais l&rsquo;action <strong>Changer la langue du contenu<\/strong> de l&rsquo;onglet actions et l&rsquo;ajouter \u00e0 la liste <strong>Actions en cours<\/strong>.<\/p>\n<p><img loading=\"lazy\" decoding=\"async\" class=\"alignnone wp-image-95013 size-full\" src=\"https:\/\/aulaabierta.arasaac.org\/wp-content\/uploads\/2022\/09\/Comunicador-Asterics-pictogramas-ARASAAC-86.jpg\" alt=\"\" width=\"1052\" height=\"610\" srcset=\"https:\/\/aulaabierta.arasaac.org\/wp-content\/uploads\/2022\/09\/Comunicador-Asterics-pictogramas-ARASAAC-86.jpg 1052w, https:\/\/aulaabierta.arasaac.org\/wp-content\/uploads\/2022\/09\/Comunicador-Asterics-pictogramas-ARASAAC-86-300x174.jpg 300w, https:\/\/aulaabierta.arasaac.org\/wp-content\/uploads\/2022\/09\/Comunicador-Asterics-pictogramas-ARASAAC-86-1030x597.jpg 1030w, https:\/\/aulaabierta.arasaac.org\/wp-content\/uploads\/2022\/09\/Comunicador-Asterics-pictogramas-ARASAAC-86-768x445.jpg 768w, https:\/\/aulaabierta.arasaac.org\/wp-content\/uploads\/2022\/09\/Comunicador-Asterics-pictogramas-ARASAAC-86-705x409.jpg 705w\" sizes=\"auto, (max-width: 1052px) 100vw, 1052px\" \/><\/p>\n<p>Lorsque nous \u00e9ditons cette action, un onglet appara\u00eet \u00e0 partir duquel nous pouvons d\u00e9j\u00e0 attribuer la langue fran\u00e7aise \u00e0 la cellule avec le drapeau fran\u00e7ais.<\/p>\n<p><img loading=\"lazy\" decoding=\"async\" class=\"alignnone wp-image-95025 size-full\" src=\"https:\/\/aulaabierta.arasaac.org\/wp-content\/uploads\/2022\/09\/Comunicador-Asterics-pictogramas-ARASAAC-87-1.jpg\" alt=\"\" width=\"1053\" height=\"607\" srcset=\"https:\/\/aulaabierta.arasaac.org\/wp-content\/uploads\/2022\/09\/Comunicador-Asterics-pictogramas-ARASAAC-87-1.jpg 1053w, https:\/\/aulaabierta.arasaac.org\/wp-content\/uploads\/2022\/09\/Comunicador-Asterics-pictogramas-ARASAAC-87-1-300x173.jpg 300w, https:\/\/aulaabierta.arasaac.org\/wp-content\/uploads\/2022\/09\/Comunicador-Asterics-pictogramas-ARASAAC-87-1-1030x594.jpg 1030w, https:\/\/aulaabierta.arasaac.org\/wp-content\/uploads\/2022\/09\/Comunicador-Asterics-pictogramas-ARASAAC-87-1-768x443.jpg 768w, https:\/\/aulaabierta.arasaac.org\/wp-content\/uploads\/2022\/09\/Comunicador-Asterics-pictogramas-ARASAAC-87-1-705x406.jpg 705w\" sizes=\"auto, (max-width: 1053px) 100vw, 1053px\" \/><\/p>\n<p>Nous s\u00e9lectionnons la langue fran\u00e7aise et cliquons sur <strong>Terminer l&rsquo;\u00e9dition<\/strong>.<\/p>\n<p>De cette mani\u00e8re, on clique sur la cellule correspondant \u00e0 la langue fran\u00e7aise et toutes les cellules du tableau sont traduites dans cette langue.<\/p>\n<p><img loading=\"lazy\" decoding=\"async\" class=\"alignnone wp-image-94916 size-full\" src=\"https:\/\/aulaabierta.arasaac.org\/wp-content\/uploads\/2022\/08\/Comunicador-Asterics-pictogramas-ARASAAC-77c.jpg\" alt=\"\" width=\"1340\" height=\"704\" srcset=\"https:\/\/aulaabierta.arasaac.org\/wp-content\/uploads\/2022\/08\/Comunicador-Asterics-pictogramas-ARASAAC-77c.jpg 1340w, https:\/\/aulaabierta.arasaac.org\/wp-content\/uploads\/2022\/08\/Comunicador-Asterics-pictogramas-ARASAAC-77c-300x158.jpg 300w, https:\/\/aulaabierta.arasaac.org\/wp-content\/uploads\/2022\/08\/Comunicador-Asterics-pictogramas-ARASAAC-77c-1030x541.jpg 1030w, https:\/\/aulaabierta.arasaac.org\/wp-content\/uploads\/2022\/08\/Comunicador-Asterics-pictogramas-ARASAAC-77c-768x403.jpg 768w, https:\/\/aulaabierta.arasaac.org\/wp-content\/uploads\/2022\/08\/Comunicador-Asterics-pictogramas-ARASAAC-77c-705x370.jpg 705w\" sizes=\"auto, (max-width: 1340px) 100vw, 1340px\" \/><\/p>\n<\/div><\/section>\n<div class='flex_column av-2krg6xr-318b22cf5a7dcc17d549f6d260a48947 av_one_fifth  avia-builder-el-3  el_after_av_textblock  el_before_av_one_fifth  first flex_column_div column-top-margin'     ><style type=\"text\/css\" data-created_by=\"avia_inline_auto\" id=\"style-css-av-l6kdyooj-6c17a01bae6370df9774dc586fe4a456\">\n.avia-image-container.av-l6kdyooj-6c17a01bae6370df9774dc586fe4a456 img.avia_image{\nbox-shadow:none;\n}\n.avia-image-container.av-l6kdyooj-6c17a01bae6370df9774dc586fe4a456 .av-image-caption-overlay-center{\ncolor:#ffffff;\n}\n<\/style>\n<div  class='avia-image-container av-l6kdyooj-6c17a01bae6370df9774dc586fe4a456 av-styling- avia-align-center  avia-builder-el-4  avia-builder-el-no-sibling '   itemprop=\"image\" itemscope=\"itemscope\" itemtype=\"https:\/\/schema.org\/ImageObject\" ><div class=\"avia-image-container-inner\"><div class=\"avia-image-overlay-wrap\"><a href=\"https:\/\/aulaabierta.arasaac.org\/fr\/asterics-aac_actions_action_youtube\" class='avia_image' ><img decoding=\"async\" class='wp-image-23492 avia-img-lazy-loading-not-23492 avia_image ' src=\"https:\/\/aulaabierta.arasaac.org\/wp-content\/uploads\/2016\/12\/before-80x80.png\" alt='' title='before'  height=\"80\" width=\"80\"  itemprop=\"thumbnailUrl\" srcset=\"https:\/\/aulaabierta.arasaac.org\/wp-content\/uploads\/2016\/12\/before-80x80.png 80w, https:\/\/aulaabierta.arasaac.org\/wp-content\/uploads\/2016\/12\/before-36x36.png 36w, https:\/\/aulaabierta.arasaac.org\/wp-content\/uploads\/2016\/12\/before-120x120.png 120w, https:\/\/aulaabierta.arasaac.org\/wp-content\/uploads\/2016\/12\/before.png 128w\" sizes=\"(max-width: 80px) 100vw, 80px\" \/><\/a><\/div><\/div><\/div><\/div>\n<div class='flex_column av-2acjjb3-72430572443564d7b3ecb332fff10556 av_one_fifth  avia-builder-el-5  el_after_av_one_fifth  el_before_av_one_fifth  flex_column_div column-top-margin'     ><\/div>\n<div class='flex_column av-5ueg0v-f5b4451085be42fd2a70550803012549 av_one_fifth  avia-builder-el-6  el_after_av_one_fifth  el_before_av_one_fifth  flex_column_div column-top-margin'     ><style type=\"text\/css\" data-created_by=\"avia_inline_auto\" id=\"style-css-av-l6ke1xda-705ffbfe1c3cbefcb8cdeeac4faa0ba9\">\n.avia-image-container.av-l6ke1xda-705ffbfe1c3cbefcb8cdeeac4faa0ba9 img.avia_image{\nbox-shadow:none;\n}\n.avia-image-container.av-l6ke1xda-705ffbfe1c3cbefcb8cdeeac4faa0ba9 .av-image-caption-overlay-center{\ncolor:#ffffff;\n}\n<\/style>\n<div  class='avia-image-container av-l6ke1xda-705ffbfe1c3cbefcb8cdeeac4faa0ba9 av-styling- avia-align-center  avia-builder-el-7  avia-builder-el-no-sibling '   itemprop=\"image\" itemscope=\"itemscope\" itemtype=\"https:\/\/schema.org\/ImageObject\" ><div class=\"avia-image-container-inner\"><div class=\"avia-image-overlay-wrap\"><a href=\"https:\/\/aulaabierta.arasaac.org\/fr\/asterics-aac_accueil\" class='avia_image' ><img decoding=\"async\" class='wp-image-93346 avia-img-lazy-loading-not-93346 avia_image ' src=\"https:\/\/aulaabierta.arasaac.org\/wp-content\/uploads\/2022\/08\/casa-120x120-1-80x80.png\" alt='' title='casa-120x120'  height=\"80\" width=\"80\"  itemprop=\"thumbnailUrl\" srcset=\"https:\/\/aulaabierta.arasaac.org\/wp-content\/uploads\/2022\/08\/casa-120x120-1-80x80.png 80w, https:\/\/aulaabierta.arasaac.org\/wp-content\/uploads\/2022\/08\/casa-120x120-1-36x36.png 36w, https:\/\/aulaabierta.arasaac.org\/wp-content\/uploads\/2022\/08\/casa-120x120-1.png 120w\" sizes=\"(max-width: 80px) 100vw, 80px\" \/><\/a><\/div><\/div><\/div><\/div>\n<div class='flex_column av-126aqin-7a6e39193fa1262d0b61cdb616a4a062 av_one_fifth  avia-builder-el-8  el_after_av_one_fifth  el_before_av_one_fifth  flex_column_div column-top-margin'     ><\/div>\n<div class='flex_column av-w2yn9b-3822e7b37f6ad515aaaac5be5b29fec2 av_one_fifth  avia-builder-el-9  el_after_av_one_fifth  el_before_av_one_full  flex_column_div column-top-margin'     ><style type=\"text\/css\" data-created_by=\"avia_inline_auto\" id=\"style-css-av-l6kdzl6f-58013750115c30b4cf8c86c3add675b4\">\n.avia-image-container.av-l6kdzl6f-58013750115c30b4cf8c86c3add675b4 img.avia_image{\nbox-shadow:none;\n}\n.avia-image-container.av-l6kdzl6f-58013750115c30b4cf8c86c3add675b4 .av-image-caption-overlay-center{\ncolor:#ffffff;\n}\n<\/style>\n<div  class='avia-image-container av-l6kdzl6f-58013750115c30b4cf8c86c3add675b4 av-styling- avia-align-center  avia-builder-el-10  avia-builder-el-no-sibling '   itemprop=\"image\" itemscope=\"itemscope\" itemtype=\"https:\/\/schema.org\/ImageObject\" ><div class=\"avia-image-container-inner\"><div class=\"avia-image-overlay-wrap\"><a href=\"https:\/\/aulaabierta.arasaac.org\/fr\/asterics-aac_actions-ouvrir-page-web-dans-un-autre-onglet\" class='avia_image' ><img decoding=\"async\" class='wp-image-23495 avia-img-lazy-loading-not-23495 avia_image ' src=\"https:\/\/aulaabierta.arasaac.org\/wp-content\/uploads\/2016\/12\/next-80x80.png\" alt='' title='next'  height=\"80\" width=\"80\"  itemprop=\"thumbnailUrl\" srcset=\"https:\/\/aulaabierta.arasaac.org\/wp-content\/uploads\/2016\/12\/next-80x80.png 80w, https:\/\/aulaabierta.arasaac.org\/wp-content\/uploads\/2016\/12\/next-36x36.png 36w, https:\/\/aulaabierta.arasaac.org\/wp-content\/uploads\/2016\/12\/next-120x120.png 120w, https:\/\/aulaabierta.arasaac.org\/wp-content\/uploads\/2016\/12\/next.png 128w\" sizes=\"(max-width: 80px) 100vw, 80px\" \/><\/a><\/div><\/div><\/div><\/div>\n<div class='flex_column av-vtfpkv-8fb9bef4cb06de80cef16013e631f9a4 av_one_full  avia-builder-el-11  el_after_av_one_fifth  avia-builder-el-last  first flex_column_div column-top-margin'     ><\/div>\n","protected":false},"excerpt":{"rendered":"","protected":false},"author":5,"featured_media":93285,"parent":0,"menu_order":0,"comment_status":"open","ping_status":"open","template":"","meta":{"om_disable_all_campaigns":false,"_monsterinsights_skip_tracking":false,"_monsterinsights_sitenote_active":false,"_monsterinsights_sitenote_note":"","_monsterinsights_sitenote_category":0,"_uf_show_specific_survey":0,"_uf_disable_surveys":false,"footnotes":""},"class_list":["post-108604","page","type-page","status-publish","has-post-thumbnail","hentry"],"aioseo_notices":[],"_links":{"self":[{"href":"https:\/\/aulaabierta.arasaac.org\/fr\/wp-json\/wp\/v2\/pages\/108604","targetHints":{"allow":["GET"]}}],"collection":[{"href":"https:\/\/aulaabierta.arasaac.org\/fr\/wp-json\/wp\/v2\/pages"}],"about":[{"href":"https:\/\/aulaabierta.arasaac.org\/fr\/wp-json\/wp\/v2\/types\/page"}],"author":[{"embeddable":true,"href":"https:\/\/aulaabierta.arasaac.org\/fr\/wp-json\/wp\/v2\/users\/5"}],"replies":[{"embeddable":true,"href":"https:\/\/aulaabierta.arasaac.org\/fr\/wp-json\/wp\/v2\/comments?post=108604"}],"version-history":[{"count":75,"href":"https:\/\/aulaabierta.arasaac.org\/fr\/wp-json\/wp\/v2\/pages\/108604\/revisions"}],"predecessor-version":[{"id":145738,"href":"https:\/\/aulaabierta.arasaac.org\/fr\/wp-json\/wp\/v2\/pages\/108604\/revisions\/145738"}],"wp:featuredmedia":[{"embeddable":true,"href":"https:\/\/aulaabierta.arasaac.org\/fr\/wp-json\/wp\/v2\/media\/93285"}],"wp:attachment":[{"href":"https:\/\/aulaabierta.arasaac.org\/fr\/wp-json\/wp\/v2\/media?parent=108604"}],"curies":[{"name":"wp","href":"https:\/\/api.w.org\/{rel}","templated":true}]}}