{"id":109398,"date":"2022-10-23T10:46:08","date_gmt":"2022-10-23T09:46:08","guid":{"rendered":"https:\/\/aulaabierta.arasaac.org\/asterics-grid_annexe_b_masquer_cellules_dans_tableau_bord_predefini"},"modified":"2023-02-09T11:36:48","modified_gmt":"2023-02-09T10:36:48","slug":"asterics-aac_annexe_b_masquer_cellules_dans_tableau_bord_predefini","status":"publish","type":"page","link":"https:\/\/aulaabierta.arasaac.org\/fr\/asterics-aac_annexe_b_masquer_cellules_dans_tableau_bord_predefini","title":{"rendered":"Communicateur Asterics AAC &#8211; Annexe B &#8211; Masquer des cellules dans un tableau de bord pr\u00e9d\u00e9fini"},"content":{"rendered":"\n<style type=\"text\/css\" data-created_by=\"avia_inline_auto\" id=\"style-css-av-g02wp-487688a280b7c335288a9417a2065cfe\">\n#top .av-special-heading.av-g02wp-487688a280b7c335288a9417a2065cfe{\npadding-bottom:0;\n}\nbody .av-special-heading.av-g02wp-487688a280b7c335288a9417a2065cfe .av-special-heading-tag .heading-char{\nfont-size:25px;\n}\n.av-special-heading.av-g02wp-487688a280b7c335288a9417a2065cfe .av-subheading{\nfont-size:15px;\n}\n<\/style>\n<div  class='av-special-heading av-g02wp-487688a280b7c335288a9417a2065cfe av-special-heading-h2  avia-builder-el-0  el_before_av_heading  avia-builder-el-first '><h2 class='av-special-heading-tag'  itemprop=\"headline\"  >Communicateur dynamique AsTeRICS-Grid<\/h2><div class=\"special-heading-border\"><div class=\"special-heading-inner-border\"><\/div><\/div><\/div>\n\n<style type=\"text\/css\" data-created_by=\"avia_inline_auto\" id=\"style-css-av-l6uyvnzl-baad7e3faba399992c3db8d55c23b985\">\n#top .av-special-heading.av-l6uyvnzl-baad7e3faba399992c3db8d55c23b985{\npadding-bottom:0;\n}\nbody .av-special-heading.av-l6uyvnzl-baad7e3faba399992c3db8d55c23b985 .av-special-heading-tag .heading-char{\nfont-size:25px;\n}\n.av-special-heading.av-l6uyvnzl-baad7e3faba399992c3db8d55c23b985 .av-subheading{\nfont-size:15px;\n}\n<\/style>\n<div  class='av-special-heading av-l6uyvnzl-baad7e3faba399992c3db8d55c23b985 av-special-heading-h2  avia-builder-el-1  el_after_av_heading  el_before_av_hr '><h2 class='av-special-heading-tag'  itemprop=\"headline\"  >Annexe B &#8211; Masquer des cellules dans un tableau de bord pr\u00e9d\u00e9fini<\/h2><div class=\"special-heading-border\"><div class=\"special-heading-inner-border\"><\/div><\/div><\/div>\n<div  class='hr av-iuhhgx-d673ebc2263b20e277a8850c6f643d0e hr-default  avia-builder-el-2  el_after_av_heading  el_before_av_textblock '><span class='hr-inner '><span class=\"hr-inner-style\"><\/span><\/span><\/div>\n\n<style type=\"text\/css\" data-created_by=\"avia_inline_auto\" id=\"style-css-av-l7od3lky-d3322c1ef33746f21de40562a835b69b\">\n#top .av_textblock_section.av-l7od3lky-d3322c1ef33746f21de40562a835b69b .avia_textblock{\nfont-size:16px;\n}\n<\/style>\n<section  class='av_textblock_section av-l7od3lky-d3322c1ef33746f21de40562a835b69b'  itemscope=\"itemscope\" itemtype=\"https:\/\/schema.org\/CreativeWork\" ><div class='avia_textblock'  itemprop=\"text\" ><p>La communication et les communicateurs doivent toujours s&rsquo;adapter aux besoins communicatifs de la personne et non l&rsquo;inverse.<\/p>\n<p>Nous avons d\u00e9j\u00e0 expliqu\u00e9 dans ces tutoriels que dans <strong>AsTeRiCS Grid<\/strong>, nous pouvons cr\u00e9er un tableau de bord \u00e0 partir de z\u00e9ro ou utiliser un communicateur pr\u00e9d\u00e9fini avec une grande quantit\u00e9 de vocabulaire.<\/p>\n<p><img loading=\"lazy\" decoding=\"async\" class=\"aligncenter wp-image-109349 size-full\" src=\"https:\/\/aulaabierta.arasaac.org\/wp-content\/uploads\/2022\/10\/Comunicador-Asterics-pictogramas-ARASAAC-.jpg\" alt=\"\" width=\"1600\" height=\"900\" srcset=\"https:\/\/aulaabierta.arasaac.org\/wp-content\/uploads\/2022\/10\/Comunicador-Asterics-pictogramas-ARASAAC-.jpg 1600w, https:\/\/aulaabierta.arasaac.org\/wp-content\/uploads\/2022\/10\/Comunicador-Asterics-pictogramas-ARASAAC--300x169.jpg 300w, https:\/\/aulaabierta.arasaac.org\/wp-content\/uploads\/2022\/10\/Comunicador-Asterics-pictogramas-ARASAAC--1030x579.jpg 1030w, https:\/\/aulaabierta.arasaac.org\/wp-content\/uploads\/2022\/10\/Comunicador-Asterics-pictogramas-ARASAAC--768x432.jpg 768w, https:\/\/aulaabierta.arasaac.org\/wp-content\/uploads\/2022\/10\/Comunicador-Asterics-pictogramas-ARASAAC--1536x864.jpg 1536w, https:\/\/aulaabierta.arasaac.org\/wp-content\/uploads\/2022\/10\/Comunicador-Asterics-pictogramas-ARASAAC--1500x844.jpg 1500w, https:\/\/aulaabierta.arasaac.org\/wp-content\/uploads\/2022\/10\/Comunicador-Asterics-pictogramas-ARASAAC--705x397.jpg 705w\" sizes=\"auto, (max-width: 1600px) 100vw, 1600px\" \/><\/p>\n<p>Dans le cas o\u00f9 l&rsquo;on utilise cette deuxi\u00e8me option, <strong>AsTeRiCS Grid<\/strong> offre la possibilit\u00e9 de Masquer les <b>cellules<\/b>, sans supprimer le contenu du communicateur, pour les <strong>introduire au fur et \u00e0 mesure de la progression<\/strong> de la personne qui l&rsquo;utilise.<\/p>\n<p>\u00c0 partir du communicateur pr\u00e9d\u00e9fini que nous vous avons montr\u00e9 ci-dessus, nous allons masquer quelques cellules. Pour ce faire, nous utilisons l&rsquo;option <strong>Modifier<\/strong> le tableau de bord, puis s\u00e9lectionnez <strong>Modifier la cellule<\/strong>. Dans l&rsquo;onglet <strong>G\u00e9n\u00e9ral<\/strong>, nous activons l&rsquo;option <strong>Masquer la cellule<\/strong> en bas.<\/p>\n<p><img loading=\"lazy\" decoding=\"async\" class=\"aligncenter wp-image-109356 size-full\" src=\"https:\/\/aulaabierta.arasaac.org\/wp-content\/uploads\/2022\/10\/Comunicador-Asterics-pictogramas-ARASAAC-146.jpg\" alt=\"\" width=\"1590\" height=\"700\" srcset=\"https:\/\/aulaabierta.arasaac.org\/wp-content\/uploads\/2022\/10\/Comunicador-Asterics-pictogramas-ARASAAC-146.jpg 1590w, https:\/\/aulaabierta.arasaac.org\/wp-content\/uploads\/2022\/10\/Comunicador-Asterics-pictogramas-ARASAAC-146-300x132.jpg 300w, https:\/\/aulaabierta.arasaac.org\/wp-content\/uploads\/2022\/10\/Comunicador-Asterics-pictogramas-ARASAAC-146-1030x453.jpg 1030w, https:\/\/aulaabierta.arasaac.org\/wp-content\/uploads\/2022\/10\/Comunicador-Asterics-pictogramas-ARASAAC-146-768x338.jpg 768w, https:\/\/aulaabierta.arasaac.org\/wp-content\/uploads\/2022\/10\/Comunicador-Asterics-pictogramas-ARASAAC-146-1536x676.jpg 1536w, https:\/\/aulaabierta.arasaac.org\/wp-content\/uploads\/2022\/10\/Comunicador-Asterics-pictogramas-ARASAAC-146-1500x660.jpg 1500w, https:\/\/aulaabierta.arasaac.org\/wp-content\/uploads\/2022\/10\/Comunicador-Asterics-pictogramas-ARASAAC-146-705x310.jpg 705w\" sizes=\"auto, (max-width: 1590px) 100vw, 1590px\" \/><\/p>\n<p>Nous effectuons ce processus avec toutes les cellules que nous voulons masquer pour le moment et nous verrons qu&rsquo;une ic\u00f4ne (un \u0153il barr\u00e9) a \u00e9t\u00e9 ajout\u00e9e \u00e0 ces cellules masqu\u00e9es pour les identifier.<\/p>\n<p><img loading=\"lazy\" decoding=\"async\" class=\"aligncenter wp-image-109363 size-full\" src=\"https:\/\/aulaabierta.arasaac.org\/wp-content\/uploads\/2022\/10\/Comunicador-Asterics-pictogramas-ARASAAC-147.jpg\" alt=\"\" width=\"1293\" height=\"688\" srcset=\"https:\/\/aulaabierta.arasaac.org\/wp-content\/uploads\/2022\/10\/Comunicador-Asterics-pictogramas-ARASAAC-147.jpg 1293w, https:\/\/aulaabierta.arasaac.org\/wp-content\/uploads\/2022\/10\/Comunicador-Asterics-pictogramas-ARASAAC-147-300x160.jpg 300w, https:\/\/aulaabierta.arasaac.org\/wp-content\/uploads\/2022\/10\/Comunicador-Asterics-pictogramas-ARASAAC-147-1030x548.jpg 1030w, https:\/\/aulaabierta.arasaac.org\/wp-content\/uploads\/2022\/10\/Comunicador-Asterics-pictogramas-ARASAAC-147-768x409.jpg 768w, https:\/\/aulaabierta.arasaac.org\/wp-content\/uploads\/2022\/10\/Comunicador-Asterics-pictogramas-ARASAAC-147-705x375.jpg 705w\" sizes=\"auto, (max-width: 1293px) 100vw, 1293px\" \/><\/p>\n<p>Si nous d\u00e9veloppons la premi\u00e8re ligne du tableau que nous \u00e9ditons, nous pouvons voir plus en d\u00e9tail les cellules que nous avons masqu\u00e9es.<\/p>\n<p><img loading=\"lazy\" decoding=\"async\" class=\"aligncenter wp-image-109369 size-full\" src=\"https:\/\/aulaabierta.arasaac.org\/wp-content\/uploads\/2022\/10\/Comunicador-Asterics-pictogramas-ARASAAC-148.jpg\" alt=\"\" width=\"1583\" height=\"257\" srcset=\"https:\/\/aulaabierta.arasaac.org\/wp-content\/uploads\/2022\/10\/Comunicador-Asterics-pictogramas-ARASAAC-148.jpg 1583w, https:\/\/aulaabierta.arasaac.org\/wp-content\/uploads\/2022\/10\/Comunicador-Asterics-pictogramas-ARASAAC-148-300x49.jpg 300w, https:\/\/aulaabierta.arasaac.org\/wp-content\/uploads\/2022\/10\/Comunicador-Asterics-pictogramas-ARASAAC-148-1030x167.jpg 1030w, https:\/\/aulaabierta.arasaac.org\/wp-content\/uploads\/2022\/10\/Comunicador-Asterics-pictogramas-ARASAAC-148-768x125.jpg 768w, https:\/\/aulaabierta.arasaac.org\/wp-content\/uploads\/2022\/10\/Comunicador-Asterics-pictogramas-ARASAAC-148-1536x249.jpg 1536w, https:\/\/aulaabierta.arasaac.org\/wp-content\/uploads\/2022\/10\/Comunicador-Asterics-pictogramas-ARASAAC-148-1500x244.jpg 1500w, https:\/\/aulaabierta.arasaac.org\/wp-content\/uploads\/2022\/10\/Comunicador-Asterics-pictogramas-ARASAAC-148-705x114.jpg 705w\" sizes=\"auto, (max-width: 1583px) 100vw, 1583px\" \/><\/p>\n<p>Dans cette ligne du tableau, nous avons masqu\u00e9 les cat\u00e9gories LIEUX et TRANSPORT. Nous pouvons voir qu&rsquo;en plus de l&rsquo;ic\u00f4ne de cat\u00e9gorie, l&rsquo;ic\u00f4ne de cellule cach\u00e9e (\u0153il barr\u00e9) appara\u00eet.<\/p>\n<p>Maintenant, nous d\u00e9sactivons l&rsquo;\u00e9dition et voici le r\u00e9sultat de notre tableau de bord avec les cellules que nous avons masqu\u00e9es.<\/p>\n<p><img loading=\"lazy\" decoding=\"async\" class=\"aligncenter wp-image-109375 size-full\" src=\"https:\/\/aulaabierta.arasaac.org\/wp-content\/uploads\/2022\/10\/Comunicador-Asterics-pictogramas-ARASAAC-149.jpg\" alt=\"\" width=\"1600\" height=\"900\" srcset=\"https:\/\/aulaabierta.arasaac.org\/wp-content\/uploads\/2022\/10\/Comunicador-Asterics-pictogramas-ARASAAC-149.jpg 1600w, https:\/\/aulaabierta.arasaac.org\/wp-content\/uploads\/2022\/10\/Comunicador-Asterics-pictogramas-ARASAAC-149-300x169.jpg 300w, https:\/\/aulaabierta.arasaac.org\/wp-content\/uploads\/2022\/10\/Comunicador-Asterics-pictogramas-ARASAAC-149-1030x579.jpg 1030w, https:\/\/aulaabierta.arasaac.org\/wp-content\/uploads\/2022\/10\/Comunicador-Asterics-pictogramas-ARASAAC-149-768x432.jpg 768w, https:\/\/aulaabierta.arasaac.org\/wp-content\/uploads\/2022\/10\/Comunicador-Asterics-pictogramas-ARASAAC-149-1536x864.jpg 1536w, https:\/\/aulaabierta.arasaac.org\/wp-content\/uploads\/2022\/10\/Comunicador-Asterics-pictogramas-ARASAAC-149-1500x844.jpg 1500w, https:\/\/aulaabierta.arasaac.org\/wp-content\/uploads\/2022\/10\/Comunicador-Asterics-pictogramas-ARASAAC-149-705x397.jpg 705w\" sizes=\"auto, (max-width: 1600px) 100vw, 1600px\" \/><\/p>\n<p>Avec cette option simple, nous adaptons le ou les tableaux de notre communicateur aux besoins communicatifs de la personne. Petit \u00e0 petit, nous ajouterons des cellules cach\u00e9es et introduirons un nouveau vocabulaire en fonction des progr\u00e8s r\u00e9alis\u00e9s par notre utilisateur.<\/p>\n<\/div><\/section>\n<div class='flex_column av-2krg6xr-318b22cf5a7dcc17d549f6d260a48947 av_one_fifth  avia-builder-el-4  el_after_av_textblock  el_before_av_one_fifth  first flex_column_div column-top-margin'     ><style type=\"text\/css\" data-created_by=\"avia_inline_auto\" id=\"style-css-av-l6kdyooj-8bc227b9e3411a04dd600c5d093a87ac\">\n.avia-image-container.av-l6kdyooj-8bc227b9e3411a04dd600c5d093a87ac img.avia_image{\nbox-shadow:none;\n}\n.avia-image-container.av-l6kdyooj-8bc227b9e3411a04dd600c5d093a87ac .av-image-caption-overlay-center{\ncolor:#ffffff;\n}\n<\/style>\n<div  class='avia-image-container av-l6kdyooj-8bc227b9e3411a04dd600c5d093a87ac av-styling- avia-align-center  avia-builder-el-5  avia-builder-el-no-sibling '   itemprop=\"image\" itemscope=\"itemscope\" itemtype=\"https:\/\/schema.org\/ImageObject\" ><div class=\"avia-image-container-inner\"><div class=\"avia-image-overlay-wrap\"><a href=\"https:\/\/aulaabierta.arasaac.org\/fr\/asterics-aac_annexe_a_cellules_action_laterale\" class='avia_image' ><img decoding=\"async\" class='wp-image-23492 avia-img-lazy-loading-not-23492 avia_image ' src=\"https:\/\/aulaabierta.arasaac.org\/wp-content\/uploads\/2016\/12\/before-80x80.png\" alt='' title='before'  height=\"80\" width=\"80\"  itemprop=\"thumbnailUrl\" srcset=\"https:\/\/aulaabierta.arasaac.org\/wp-content\/uploads\/2016\/12\/before-80x80.png 80w, https:\/\/aulaabierta.arasaac.org\/wp-content\/uploads\/2016\/12\/before-36x36.png 36w, https:\/\/aulaabierta.arasaac.org\/wp-content\/uploads\/2016\/12\/before-120x120.png 120w, https:\/\/aulaabierta.arasaac.org\/wp-content\/uploads\/2016\/12\/before.png 128w\" sizes=\"(max-width: 80px) 100vw, 80px\" \/><\/a><\/div><\/div><\/div><\/div>\n<div class='flex_column av-2acjjb3-72430572443564d7b3ecb332fff10556 av_one_fifth  avia-builder-el-6  el_after_av_one_fifth  el_before_av_one_fifth  flex_column_div column-top-margin'     ><\/div>\n<div class='flex_column av-5ueg0v-f5b4451085be42fd2a70550803012549 av_one_fifth  avia-builder-el-7  el_after_av_one_fifth  el_before_av_one_fifth  flex_column_div column-top-margin'     ><style type=\"text\/css\" data-created_by=\"avia_inline_auto\" id=\"style-css-av-l6ke1xda-705ffbfe1c3cbefcb8cdeeac4faa0ba9\">\n.avia-image-container.av-l6ke1xda-705ffbfe1c3cbefcb8cdeeac4faa0ba9 img.avia_image{\nbox-shadow:none;\n}\n.avia-image-container.av-l6ke1xda-705ffbfe1c3cbefcb8cdeeac4faa0ba9 .av-image-caption-overlay-center{\ncolor:#ffffff;\n}\n<\/style>\n<div  class='avia-image-container av-l6ke1xda-705ffbfe1c3cbefcb8cdeeac4faa0ba9 av-styling- avia-align-center  avia-builder-el-8  avia-builder-el-no-sibling '   itemprop=\"image\" itemscope=\"itemscope\" itemtype=\"https:\/\/schema.org\/ImageObject\" ><div class=\"avia-image-container-inner\"><div class=\"avia-image-overlay-wrap\"><a href=\"https:\/\/aulaabierta.arasaac.org\/fr\/asterics-aac_accueil\" class='avia_image' ><img decoding=\"async\" class='wp-image-93346 avia-img-lazy-loading-not-93346 avia_image ' src=\"https:\/\/aulaabierta.arasaac.org\/wp-content\/uploads\/2022\/08\/casa-120x120-1-80x80.png\" alt='' title='casa-120x120'  height=\"80\" width=\"80\"  itemprop=\"thumbnailUrl\" srcset=\"https:\/\/aulaabierta.arasaac.org\/wp-content\/uploads\/2022\/08\/casa-120x120-1-80x80.png 80w, https:\/\/aulaabierta.arasaac.org\/wp-content\/uploads\/2022\/08\/casa-120x120-1-36x36.png 36w, https:\/\/aulaabierta.arasaac.org\/wp-content\/uploads\/2022\/08\/casa-120x120-1.png 120w\" sizes=\"(max-width: 80px) 100vw, 80px\" \/><\/a><\/div><\/div><\/div><\/div>\n<div class='flex_column av-126aqin-7a6e39193fa1262d0b61cdb616a4a062 av_one_fifth  avia-builder-el-9  el_after_av_one_fifth  el_before_av_one_fifth  flex_column_div column-top-margin'     ><\/div>\n<div class='flex_column av-w2yn9b-3822e7b37f6ad515aaaac5be5b29fec2 av_one_fifth  avia-builder-el-10  el_after_av_one_fifth  el_before_av_one_full  flex_column_div column-top-margin'     ><style type=\"text\/css\" data-created_by=\"avia_inline_auto\" id=\"style-css-av-l6kdzl6f-4ca818df1e0b85bad32a15c010001996\">\n.avia-image-container.av-l6kdzl6f-4ca818df1e0b85bad32a15c010001996 img.avia_image{\nbox-shadow:none;\n}\n.avia-image-container.av-l6kdzl6f-4ca818df1e0b85bad32a15c010001996 .av-image-caption-overlay-center{\ncolor:#ffffff;\n}\n<\/style>\n<div  class='avia-image-container av-l6kdzl6f-4ca818df1e0b85bad32a15c010001996 av-styling- avia-align-center  avia-builder-el-11  avia-builder-el-no-sibling '   itemprop=\"image\" itemscope=\"itemscope\" itemtype=\"https:\/\/schema.org\/ImageObject\" ><div class=\"avia-image-container-inner\"><div class=\"avia-image-overlay-wrap\"><a href=\"https:\/\/aulaabierta.arasaac.org\/fr\/asterics-aac_annex-b-use-color-codes-selon-word-type\" class='avia_image' ><img decoding=\"async\" class='wp-image-23495 avia-img-lazy-loading-not-23495 avia_image ' src=\"https:\/\/aulaabierta.arasaac.org\/wp-content\/uploads\/2016\/12\/next-80x80.png\" alt='' title='next'  height=\"80\" width=\"80\"  itemprop=\"thumbnailUrl\" srcset=\"https:\/\/aulaabierta.arasaac.org\/wp-content\/uploads\/2016\/12\/next-80x80.png 80w, https:\/\/aulaabierta.arasaac.org\/wp-content\/uploads\/2016\/12\/next-36x36.png 36w, https:\/\/aulaabierta.arasaac.org\/wp-content\/uploads\/2016\/12\/next-120x120.png 120w, https:\/\/aulaabierta.arasaac.org\/wp-content\/uploads\/2016\/12\/next.png 128w\" sizes=\"(max-width: 80px) 100vw, 80px\" \/><\/a><\/div><\/div><\/div><\/div>\n<div class='flex_column av-vtfpkv-8fb9bef4cb06de80cef16013e631f9a4 av_one_full  avia-builder-el-12  el_after_av_one_fifth  avia-builder-el-last  first flex_column_div column-top-margin'     ><\/div>\n","protected":false},"excerpt":{"rendered":"","protected":false},"author":5,"featured_media":93285,"parent":0,"menu_order":0,"comment_status":"open","ping_status":"open","template":"","meta":{"om_disable_all_campaigns":false,"_monsterinsights_skip_tracking":false,"_monsterinsights_sitenote_active":false,"_monsterinsights_sitenote_note":"","_monsterinsights_sitenote_category":0,"_uf_show_specific_survey":0,"_uf_disable_surveys":false,"footnotes":""},"class_list":["post-109398","page","type-page","status-publish","has-post-thumbnail","hentry"],"aioseo_notices":[],"_links":{"self":[{"href":"https:\/\/aulaabierta.arasaac.org\/fr\/wp-json\/wp\/v2\/pages\/109398","targetHints":{"allow":["GET"]}}],"collection":[{"href":"https:\/\/aulaabierta.arasaac.org\/fr\/wp-json\/wp\/v2\/pages"}],"about":[{"href":"https:\/\/aulaabierta.arasaac.org\/fr\/wp-json\/wp\/v2\/types\/page"}],"author":[{"embeddable":true,"href":"https:\/\/aulaabierta.arasaac.org\/fr\/wp-json\/wp\/v2\/users\/5"}],"replies":[{"embeddable":true,"href":"https:\/\/aulaabierta.arasaac.org\/fr\/wp-json\/wp\/v2\/comments?post=109398"}],"version-history":[{"count":31,"href":"https:\/\/aulaabierta.arasaac.org\/fr\/wp-json\/wp\/v2\/pages\/109398\/revisions"}],"predecessor-version":[{"id":142857,"href":"https:\/\/aulaabierta.arasaac.org\/fr\/wp-json\/wp\/v2\/pages\/109398\/revisions\/142857"}],"wp:featuredmedia":[{"embeddable":true,"href":"https:\/\/aulaabierta.arasaac.org\/fr\/wp-json\/wp\/v2\/media\/93285"}],"wp:attachment":[{"href":"https:\/\/aulaabierta.arasaac.org\/fr\/wp-json\/wp\/v2\/media?parent=109398"}],"curies":[{"name":"wp","href":"https:\/\/api.w.org\/{rel}","templated":true}]}}