{"id":109936,"date":"2022-10-27T17:32:31","date_gmt":"2022-10-27T16:32:31","guid":{"rendered":"https:\/\/aulaabierta.arasaac.org\/asterics-grid_annexe-d-utiliser-lettres-majuscules-minuscules-communicateur"},"modified":"2023-02-09T11:38:16","modified_gmt":"2023-02-09T10:38:16","slug":"asterics-aac_annexe-d-utiliser-lettres-majuscules-minuscules-communicateur","status":"publish","type":"page","link":"https:\/\/aulaabierta.arasaac.org\/fr\/asterics-aac_annexe-d-utiliser-lettres-majuscules-minuscules-communicateur","title":{"rendered":"Communicateur Asterics AAC &#8211; Annexe D &#8211; Utiliser des lettres majuscules &#8211; minuscules dans le communicateur"},"content":{"rendered":"\n<style type=\"text\/css\" data-created_by=\"avia_inline_auto\" id=\"style-css-av-g02wp-5b13ed6fd90d437b607ce74f8453038f\">\n#top .av-special-heading.av-g02wp-5b13ed6fd90d437b607ce74f8453038f{\npadding-bottom:0;\n}\nbody .av-special-heading.av-g02wp-5b13ed6fd90d437b607ce74f8453038f .av-special-heading-tag .heading-char{\nfont-size:25px;\n}\n.av-special-heading.av-g02wp-5b13ed6fd90d437b607ce74f8453038f .av-subheading{\nfont-size:15px;\n}\n<\/style>\n<div  class='av-special-heading av-g02wp-5b13ed6fd90d437b607ce74f8453038f av-special-heading-h2  avia-builder-el-0  el_before_av_heading  avia-builder-el-first '><h2 class='av-special-heading-tag'  itemprop=\"headline\"  >Communicateur dynamique Asterics AAC <\/h2><div class=\"special-heading-border\"><div class=\"special-heading-inner-border\"><\/div><\/div><\/div>\n\n<style type=\"text\/css\" data-created_by=\"avia_inline_auto\" id=\"style-css-av-l6uyvnzl-bf19312088f7b32074d9beedc579afdd\">\n#top .av-special-heading.av-l6uyvnzl-bf19312088f7b32074d9beedc579afdd{\npadding-bottom:0;\n}\nbody .av-special-heading.av-l6uyvnzl-bf19312088f7b32074d9beedc579afdd .av-special-heading-tag .heading-char{\nfont-size:25px;\n}\n.av-special-heading.av-l6uyvnzl-bf19312088f7b32074d9beedc579afdd .av-subheading{\nfont-size:15px;\n}\n<\/style>\n<div  class='av-special-heading av-l6uyvnzl-bf19312088f7b32074d9beedc579afdd av-special-heading-h2  avia-builder-el-1  el_after_av_heading  el_before_av_hr '><h2 class='av-special-heading-tag'  itemprop=\"headline\"  >Annexe D &#8211; Utiliser des lettres majuscules &#8211; minuscules dans le communicateur<\/h2><div class=\"special-heading-border\"><div class=\"special-heading-inner-border\"><\/div><\/div><\/div>\n<div  class='hr av-iuhhgx-d673ebc2263b20e277a8850c6f643d0e hr-default  avia-builder-el-2  el_after_av_heading  el_before_av_textblock '><span class='hr-inner '><span class=\"hr-inner-style\"><\/span><\/span><\/div>\n\n<style type=\"text\/css\" data-created_by=\"avia_inline_auto\" id=\"style-css-av-l7od3lky-d3322c1ef33746f21de40562a835b69b\">\n#top .av_textblock_section.av-l7od3lky-d3322c1ef33746f21de40562a835b69b .avia_textblock{\nfont-size:16px;\n}\n<\/style>\n<section  class='av_textblock_section av-l7od3lky-d3322c1ef33746f21de40562a835b69b'  itemscope=\"itemscope\" itemtype=\"https:\/\/schema.org\/CreativeWork\" ><div class='avia_textblock'  itemprop=\"text\" ><p>Le communicateur <strong>AsTeRiCS Grid<\/strong> permet <strong>l&rsquo;utilisation de lettres majuscules ou minuscules<\/strong> dans les cellules, selon le style d&rsquo;apprentissage de la personne qui va l&rsquo;utiliser.<\/p>\n<p>Tout d&rsquo;abord, nous devons visiter la section <strong>Configuration<\/strong>, o\u00f9 nous avons plusieurs options dans le menu <strong>Cell Text<\/strong>.<\/p>\n<p><img loading=\"lazy\" decoding=\"async\" class=\"alignnone size-full wp-image-109895\" src=\"https:\/\/aulaabierta.arasaac.org\/wp-content\/uploads\/2022\/10\/Comunicador-Asterics-pictogramas-ARASAAC-151.jpg\" alt=\"\" width=\"1581\" height=\"709\"><\/p>\n<p>Comme nous pouvons le voir, il existe trois options de configuration de texte.<\/p>\n<p>La plus courante consiste \u00e0 utiliser l&rsquo;option <strong>Ne pas transformer le texte<\/strong> des cellules. De cette mani\u00e8re, le type de lettre majuscule ou minuscule que nous avons saisi dans la cellule sera respect\u00e9.<\/p>\n<p>Dans le cas o\u00f9 nous utilisons ou modifions un communicateur que nous avons t\u00e9l\u00e9charg\u00e9, nous avons deux autres options qui permettent <strong>Transformer en majuscule<\/strong> ou <strong>Transformer en minuscule<\/strong> pour personnaliser le texte selon les besoins de l&rsquo;utilisateur.<\/p>\n<p>Dans l&rsquo;exemple suivant, nous vous montrons comment convertir automatiquement tout le texte des cellules du communicateur de majuscules en minuscules. Pour le processus inverse, nous utiliserions l&rsquo;autre option.<\/p>\n<p><img loading=\"lazy\" decoding=\"async\" class=\"aligncenter wp-image-109901\" src=\"https:\/\/aulaabierta.arasaac.org\/wp-content\/uploads\/2022\/10\/Comunicador-Asterics-pictogramas-ARASAAC-152.jpg\" alt=\"\" width=\"700\" height=\"856\"><\/p>\n<p>L&rsquo;\u00e9tape suivante consiste \u00e0 <strong>modifie<\/strong>r le tableau de bord et dans la section <strong>Plus<\/strong>, choisissez l&rsquo;option <strong>Modifier le tableau de bord global<\/strong>. Nous cliquons avec le bouton droit de la souris sur la phrase accumul\u00e9e et la modifions.<\/p>\n<p><img loading=\"lazy\" decoding=\"async\" class=\"aligncenter wp-image-109909\" src=\"https:\/\/aulaabierta.arasaac.org\/wp-content\/uploads\/2022\/10\/Comunicador-Asterics-pictogramas-ARASAAC-153.jpg\" alt=\"\" width=\"700\" height=\"534\"><\/p>\n<p>Ici, nous pouvons visualiser toutes les options de la phrase accumul\u00e9e. En bas, nous devons activer l&rsquo;option <strong>Convertir les lettres du clavier de majuscules en minuscules<\/strong>.<\/p>\n<p>Sur l&rsquo;\u00e9cran suivant, nous avons le r\u00e9sultat final avec les cellules et la phrase accumul\u00e9es en lettres minuscules.<\/p>\n<p><img loading=\"lazy\" decoding=\"async\" class=\"aligncenter wp-image-109916\" src=\"https:\/\/aulaabierta.arasaac.org\/wp-content\/uploads\/2022\/10\/Comunicador-Asterics-pictogramas-ARASAAC-154.jpg\" alt=\"\" width=\"700\" height=\"387\"><\/p>\n<p>De cette fa\u00e7on, le texte des cellules du tableau, ainsi que le texte de la phrase accumul\u00e9e, appara\u00eetront en minuscules.<\/p>\n<p>Si nous voulons utiliser l&rsquo;option des cellules et de la phrase accumul\u00e9e avec le texte en majuscules, nous modifions \u00e0 nouveau toutes les options.<\/p>\n<\/div><\/section>\n<div class='flex_column av-2krg6xr-318b22cf5a7dcc17d549f6d260a48947 av_one_fifth  avia-builder-el-4  el_after_av_textblock  el_before_av_one_fifth  first flex_column_div column-top-margin'     ><style type=\"text\/css\" data-created_by=\"avia_inline_auto\" id=\"style-css-av-l6kdyooj-d1455ec5ff8d162a3674e58aca68e3e4\">\n.avia-image-container.av-l6kdyooj-d1455ec5ff8d162a3674e58aca68e3e4 img.avia_image{\nbox-shadow:none;\n}\n.avia-image-container.av-l6kdyooj-d1455ec5ff8d162a3674e58aca68e3e4 .av-image-caption-overlay-center{\ncolor:#ffffff;\n}\n<\/style>\n<div  class='avia-image-container av-l6kdyooj-d1455ec5ff8d162a3674e58aca68e3e4 av-styling- avia-align-center  avia-builder-el-5  avia-builder-el-no-sibling '   itemprop=\"image\" itemscope=\"itemscope\" itemtype=\"https:\/\/schema.org\/ImageObject\" ><div class=\"avia-image-container-inner\"><div class=\"avia-image-overlay-wrap\"><a href=\"https:\/\/aulaabierta.arasaac.org\/fr\/asterics-aac_annex-b-use-color-codes-selon-word-type\" class='avia_image' ><img decoding=\"async\" class='wp-image-23492 avia-img-lazy-loading-not-23492 avia_image ' src=\"https:\/\/aulaabierta.arasaac.org\/wp-content\/uploads\/2016\/12\/before-80x80.png\" alt='' title='before'  height=\"80\" width=\"80\"  itemprop=\"thumbnailUrl\" srcset=\"https:\/\/aulaabierta.arasaac.org\/wp-content\/uploads\/2016\/12\/before-80x80.png 80w, https:\/\/aulaabierta.arasaac.org\/wp-content\/uploads\/2016\/12\/before-36x36.png 36w, https:\/\/aulaabierta.arasaac.org\/wp-content\/uploads\/2016\/12\/before-120x120.png 120w, https:\/\/aulaabierta.arasaac.org\/wp-content\/uploads\/2016\/12\/before.png 128w\" sizes=\"(max-width: 80px) 100vw, 80px\" \/><\/a><\/div><\/div><\/div><\/div><div class='flex_column av-2acjjb3-72430572443564d7b3ecb332fff10556 av_one_fifth  avia-builder-el-6  el_after_av_one_fifth  el_before_av_one_fifth  flex_column_div column-top-margin'     ><\/div><\/p>\n<div class='flex_column av-5ueg0v-f5b4451085be42fd2a70550803012549 av_one_fifth  avia-builder-el-7  el_after_av_one_fifth  el_before_av_one_fifth  flex_column_div column-top-margin'     ><style type=\"text\/css\" data-created_by=\"avia_inline_auto\" id=\"style-css-av-l6ke1xda-705ffbfe1c3cbefcb8cdeeac4faa0ba9\">\n.avia-image-container.av-l6ke1xda-705ffbfe1c3cbefcb8cdeeac4faa0ba9 img.avia_image{\nbox-shadow:none;\n}\n.avia-image-container.av-l6ke1xda-705ffbfe1c3cbefcb8cdeeac4faa0ba9 .av-image-caption-overlay-center{\ncolor:#ffffff;\n}\n<\/style>\n<div  class='avia-image-container av-l6ke1xda-705ffbfe1c3cbefcb8cdeeac4faa0ba9 av-styling- avia-align-center  avia-builder-el-8  avia-builder-el-no-sibling '   itemprop=\"image\" itemscope=\"itemscope\" itemtype=\"https:\/\/schema.org\/ImageObject\" ><div class=\"avia-image-container-inner\"><div class=\"avia-image-overlay-wrap\"><a href=\"https:\/\/aulaabierta.arasaac.org\/fr\/asterics-aac_accueil\" class='avia_image' ><img decoding=\"async\" class='wp-image-93346 avia-img-lazy-loading-not-93346 avia_image ' src=\"https:\/\/aulaabierta.arasaac.org\/wp-content\/uploads\/2022\/08\/casa-120x120-1-80x80.png\" alt='' title='casa-120x120'  height=\"80\" width=\"80\"  itemprop=\"thumbnailUrl\" srcset=\"https:\/\/aulaabierta.arasaac.org\/wp-content\/uploads\/2022\/08\/casa-120x120-1-80x80.png 80w, https:\/\/aulaabierta.arasaac.org\/wp-content\/uploads\/2022\/08\/casa-120x120-1-36x36.png 36w, https:\/\/aulaabierta.arasaac.org\/wp-content\/uploads\/2022\/08\/casa-120x120-1.png 120w\" sizes=\"(max-width: 80px) 100vw, 80px\" \/><\/a><\/div><\/div><\/div><\/div>\n<div class='flex_column av-126aqin-7a6e39193fa1262d0b61cdb616a4a062 av_one_fifth  avia-builder-el-9  el_after_av_one_fifth  el_before_av_one_fifth  flex_column_div column-top-margin'     ><\/div>\n<div class='flex_column av-w2yn9b-3822e7b37f6ad515aaaac5be5b29fec2 av_one_fifth  avia-builder-el-10  el_after_av_one_fifth  el_before_av_one_full  flex_column_div column-top-margin'     ><style type=\"text\/css\" data-created_by=\"avia_inline_auto\" id=\"style-css-av-l6kdzl6f-02268ffdd6ed1e94725d07b559ef4662\">\n.avia-image-container.av-l6kdzl6f-02268ffdd6ed1e94725d07b559ef4662 img.avia_image{\nbox-shadow:none;\n}\n.avia-image-container.av-l6kdzl6f-02268ffdd6ed1e94725d07b559ef4662 .av-image-caption-overlay-center{\ncolor:#ffffff;\n}\n<\/style>\n<div  class='avia-image-container av-l6kdzl6f-02268ffdd6ed1e94725d07b559ef4662 av-styling- avia-align-center  avia-builder-el-11  avia-builder-el-no-sibling '   itemprop=\"image\" itemscope=\"itemscope\" itemtype=\"https:\/\/schema.org\/ImageObject\" ><div class=\"avia-image-container-inner\"><div class=\"avia-image-overlay-wrap\"><a href=\"https:\/\/aulaabierta.arasaac.org\/fr\/communicateur-asterisques-grille-annexe-e-core-vocabulaire-toujours-visible\" class='avia_image' ><img decoding=\"async\" class='wp-image-23495 avia-img-lazy-loading-not-23495 avia_image ' src=\"https:\/\/aulaabierta.arasaac.org\/wp-content\/uploads\/2016\/12\/next-80x80.png\" alt='' title='next'  height=\"80\" width=\"80\"  itemprop=\"thumbnailUrl\" srcset=\"https:\/\/aulaabierta.arasaac.org\/wp-content\/uploads\/2016\/12\/next-80x80.png 80w, https:\/\/aulaabierta.arasaac.org\/wp-content\/uploads\/2016\/12\/next-36x36.png 36w, https:\/\/aulaabierta.arasaac.org\/wp-content\/uploads\/2016\/12\/next-120x120.png 120w, https:\/\/aulaabierta.arasaac.org\/wp-content\/uploads\/2016\/12\/next.png 128w\" sizes=\"(max-width: 80px) 100vw, 80px\" \/><\/a><\/div><\/div><\/div><\/div>\n<div class='flex_column av-vtfpkv-8fb9bef4cb06de80cef16013e631f9a4 av_one_full  avia-builder-el-12  el_after_av_one_fifth  avia-builder-el-last  first flex_column_div column-top-margin'     ><\/div>\n","protected":false},"excerpt":{"rendered":"","protected":false},"author":5,"featured_media":93285,"parent":0,"menu_order":0,"comment_status":"open","ping_status":"open","template":"","meta":{"om_disable_all_campaigns":false,"_monsterinsights_skip_tracking":false,"_monsterinsights_sitenote_active":false,"_monsterinsights_sitenote_note":"","_monsterinsights_sitenote_category":0,"_uf_show_specific_survey":0,"_uf_disable_surveys":false,"footnotes":""},"class_list":["post-109936","page","type-page","status-publish","has-post-thumbnail","hentry"],"aioseo_notices":[],"_links":{"self":[{"href":"https:\/\/aulaabierta.arasaac.org\/fr\/wp-json\/wp\/v2\/pages\/109936","targetHints":{"allow":["GET"]}}],"collection":[{"href":"https:\/\/aulaabierta.arasaac.org\/fr\/wp-json\/wp\/v2\/pages"}],"about":[{"href":"https:\/\/aulaabierta.arasaac.org\/fr\/wp-json\/wp\/v2\/types\/page"}],"author":[{"embeddable":true,"href":"https:\/\/aulaabierta.arasaac.org\/fr\/wp-json\/wp\/v2\/users\/5"}],"replies":[{"embeddable":true,"href":"https:\/\/aulaabierta.arasaac.org\/fr\/wp-json\/wp\/v2\/comments?post=109936"}],"version-history":[{"count":14,"href":"https:\/\/aulaabierta.arasaac.org\/fr\/wp-json\/wp\/v2\/pages\/109936\/revisions"}],"predecessor-version":[{"id":142182,"href":"https:\/\/aulaabierta.arasaac.org\/fr\/wp-json\/wp\/v2\/pages\/109936\/revisions\/142182"}],"wp:featuredmedia":[{"embeddable":true,"href":"https:\/\/aulaabierta.arasaac.org\/fr\/wp-json\/wp\/v2\/media\/93285"}],"wp:attachment":[{"href":"https:\/\/aulaabierta.arasaac.org\/fr\/wp-json\/wp\/v2\/media?parent=109936"}],"curies":[{"name":"wp","href":"https:\/\/api.w.org\/{rel}","templated":true}]}}