{"id":110838,"date":"2022-11-27T10:47:53","date_gmt":"2022-11-27T09:47:53","guid":{"rendered":"https:\/\/aulaabierta.arasaac.org\/communicateur-asterisques-grille-annexe-e-core-vocabulaire-toujours-visible"},"modified":"2023-02-09T11:38:24","modified_gmt":"2023-02-09T10:38:24","slug":"communicateur-asterisques-grille-annexe-e-core-vocabulaire-toujours-visible","status":"publish","type":"page","link":"https:\/\/aulaabierta.arasaac.org\/fr\/communicateur-asterisques-grille-annexe-e-core-vocabulaire-toujours-visible","title":{"rendered":"Asterics AAC Communicator &#8211; Annexe E &#8211; Mots essentiels &#8211; Core Vocabulaire toujours visible"},"content":{"rendered":"\n<style type=\"text\/css\" data-created_by=\"avia_inline_auto\" id=\"style-css-av-laz01adv-d99f7e2f23985c9583626aeb347f4b17\">\n#top .av-special-heading.av-laz01adv-d99f7e2f23985c9583626aeb347f4b17{\npadding-bottom:10px;\n}\nbody .av-special-heading.av-laz01adv-d99f7e2f23985c9583626aeb347f4b17 .av-special-heading-tag .heading-char{\nfont-size:25px;\n}\n.av-special-heading.av-laz01adv-d99f7e2f23985c9583626aeb347f4b17 .av-subheading{\nfont-size:15px;\n}\n<\/style>\n<div  class='av-special-heading av-laz01adv-d99f7e2f23985c9583626aeb347f4b17 av-special-heading-h2  avia-builder-el-0  el_before_av_heading  avia-builder-el-first '><h2 class='av-special-heading-tag'  itemprop=\"headline\"  >COMMUNICATEUR DYNAMIQUE ASTERICS AAC<\/h2><div class=\"special-heading-border\"><div class=\"special-heading-inner-border\"><\/div><\/div><\/div>\n\n<style type=\"text\/css\" data-created_by=\"avia_inline_auto\" id=\"style-css-av-laz02pxp-82bc76399d3ac632bf3fcf326248acab\">\n#top .av-special-heading.av-laz02pxp-82bc76399d3ac632bf3fcf326248acab{\npadding-bottom:10px;\n}\nbody .av-special-heading.av-laz02pxp-82bc76399d3ac632bf3fcf326248acab .av-special-heading-tag .heading-char{\nfont-size:25px;\n}\n.av-special-heading.av-laz02pxp-82bc76399d3ac632bf3fcf326248acab .av-subheading{\nfont-size:15px;\n}\n<\/style>\n<div  class='av-special-heading av-laz02pxp-82bc76399d3ac632bf3fcf326248acab av-special-heading-h2  avia-builder-el-1  el_after_av_heading  el_before_av_textblock '><h2 class='av-special-heading-tag'  itemprop=\"headline\"  >Annexe E &#8211; Mots essentiels &#8211; Core Vocabulaire toujours visible <\/h2><div class=\"special-heading-border\"><div class=\"special-heading-inner-border\"><\/div><\/div><\/div>\n\n<style type=\"text\/css\" data-created_by=\"avia_inline_auto\" id=\"style-css-av-laz09lws-00bb3cd0513afc6aff2c352bc5d1f43f\">\n#top .av_textblock_section.av-laz09lws-00bb3cd0513afc6aff2c352bc5d1f43f .avia_textblock{\nfont-size:16px;\n}\n<\/style>\n<section  class='av_textblock_section av-laz09lws-00bb3cd0513afc6aff2c352bc5d1f43f'  itemscope=\"itemscope\" itemtype=\"https:\/\/schema.org\/CreativeWork\" ><div class='avia_textblock'  itemprop=\"text\" ><p>Nous avons d\u00e9j\u00e0 parl\u00e9 de la polyvalence du communicateur <strong>AsTeRiCS Grid<\/strong> et des possibilit\u00e9s qu&rsquo;il nous offre pour adapter le communicateur aux caract\u00e9ristiques, capacit\u00e9s et besoins de communication de l&rsquo;utilisateur.<\/p>\n<p>Dans ce tutoriel, nous allons introduire une rang\u00e9e de <strong>mots essentiels &#8211; Core Vocabulaire<\/strong> qui est actif dans <strong>tous les tableaux de l&rsquo;utilisateur<\/strong> avec qui nous travaillons, comme nous vous le montrons dans la capture d&rsquo;\u00e9cran suivante.<\/p>\n<p><img loading=\"lazy\" decoding=\"async\" class=\"aligncenter wp-image-110756\" src=\"https:\/\/aulaabierta.arasaac.org\/wp-content\/uploads\/2022\/11\/Comunicador-Asterics-pictogramas-ARASAAC-155.jpg\" alt=\"\" width=\"800\" height=\"445\"><\/p>\n<p>En prenant l&rsquo;un des communicateurs pr\u00e9d\u00e9finis comme exemple, cliquez sur <strong>Modifier<\/strong> le tableau et, plus tard, dans la partie sup\u00e9rieure droite, cliquez sur le bouton <strong>Plus<\/strong> et s\u00e9lectionnez <strong>Modifier le tableau global<\/strong>.<\/p>\n<p><img loading=\"lazy\" decoding=\"async\" class=\"aligncenter wp-image-110762\" src=\"https:\/\/aulaabierta.arasaac.org\/wp-content\/uploads\/2022\/11\/Comunicador-Asterics-pictogramas-ARASAAC-156.jpg\" alt=\"\" width=\"800\" height=\"385\"><\/p>\n<p>La t\u00e2che suivante est tr\u00e8s simple. Nous n&rsquo;avons qu&rsquo;\u00e0 <strong>entrer dans la deuxi\u00e8me ligne<\/strong> du <strong>tableau global<\/strong> <strong>toutes les cellules avec les mots essentiels &#8211; Vocabulaire<\/strong> de base que nous consid\u00e9rons comme essentiels pour qu&rsquo;ils apparaissent dans tous les tableaux de l&rsquo;utilisateur.<\/p>\n<p><img loading=\"lazy\" decoding=\"async\" class=\"aligncenter wp-image-110769\" src=\"https:\/\/aulaabierta.arasaac.org\/wp-content\/uploads\/2022\/11\/Comunicador-Asterics-pictogramas-ARASAAC-157.jpg\" alt=\"\" width=\"800\" height=\"383\"><\/p>\n<p>Comme nous pouvons le voir dans les captures d&rsquo;\u00e9cran suivantes, le nombre de colonnes des mots essentiels &#8211; Vocabulaire de base ne doit pas n\u00e9cessairement co\u00efncider avec le nombre de colonnes de chacun des tableaux, car il s&rsquo;ajuste automatiquement \u00e0 tous.<\/p>\n<p><img loading=\"lazy\" decoding=\"async\" class=\"aligncenter wp-image-110775\" src=\"https:\/\/aulaabierta.arasaac.org\/wp-content\/uploads\/2022\/11\/Comunicador-Asterics-pictogramas-ARASAAC-158.jpg\" alt=\"\" width=\"800\" height=\"443\"><\/p>\n<p><img loading=\"lazy\" decoding=\"async\" class=\"aligncenter wp-image-110781\" src=\"https:\/\/aulaabierta.arasaac.org\/wp-content\/uploads\/2022\/11\/Comunicador-Asterics-pictogramas-ARASAAC-159.jpg\" alt=\"\" width=\"800\" height=\"442\"><\/p>\n<p><img loading=\"lazy\" decoding=\"async\" class=\"aligncenter wp-image-110787\" src=\"https:\/\/aulaabierta.arasaac.org\/wp-content\/uploads\/2022\/11\/Comunicador-Asterics-pictogramas-ARASAAC-160.jpg\" alt=\"\" width=\"800\" height=\"443\"><\/p>\n<p><img loading=\"lazy\" decoding=\"async\" class=\"aligncenter wp-image-110793\" src=\"https:\/\/aulaabierta.arasaac.org\/wp-content\/uploads\/2022\/11\/Comunicador-Asterics-pictogramas-ARASAAC-161.jpg\" alt=\"\" width=\"800\" height=\"443\"><\/p>\n<\/div><\/section>\n<div class='flex_column av-xny9yjd-e7060aa5b59a9ef5a1ba93ca7df34c66 av_one_fifth  avia-builder-el-3  el_after_av_textblock  el_before_av_one_fifth  first flex_column_div column-top-margin'     ><style type=\"text\/css\" data-created_by=\"avia_inline_auto\" id=\"style-css-av-2w9wel5-320f4a03ac31ef39590c966b7bc53ebb\">\n.avia-image-container.av-2w9wel5-320f4a03ac31ef39590c966b7bc53ebb img.avia_image{\nbox-shadow:none;\n}\n.avia-image-container.av-2w9wel5-320f4a03ac31ef39590c966b7bc53ebb .av-image-caption-overlay-center{\ncolor:#ffffff;\n}\n<\/style>\n<div  class='avia-image-container av-2w9wel5-320f4a03ac31ef39590c966b7bc53ebb av-styling- avia-align-center  avia-builder-el-4  avia-builder-el-no-sibling '   itemprop=\"image\" itemscope=\"itemscope\" itemtype=\"https:\/\/schema.org\/ImageObject\" ><div class=\"avia-image-container-inner\"><div class=\"avia-image-overlay-wrap\"><a href=\"https:\/\/aulaabierta.arasaac.org\/fr\/asterics-aac_annexe-d-utiliser-lettres-majuscules-minuscules-communicateur\" class='avia_image' ><img decoding=\"async\" class='wp-image-23492 avia-img-lazy-loading-not-23492 avia_image ' src=\"https:\/\/aulaabierta.arasaac.org\/wp-content\/uploads\/2016\/12\/before-80x80.png\" alt='' title='before'  height=\"80\" width=\"80\"  itemprop=\"thumbnailUrl\" srcset=\"https:\/\/aulaabierta.arasaac.org\/wp-content\/uploads\/2016\/12\/before-80x80.png 80w, https:\/\/aulaabierta.arasaac.org\/wp-content\/uploads\/2016\/12\/before-36x36.png 36w, https:\/\/aulaabierta.arasaac.org\/wp-content\/uploads\/2016\/12\/before-120x120.png 120w, https:\/\/aulaabierta.arasaac.org\/wp-content\/uploads\/2016\/12\/before.png 128w\" sizes=\"(max-width: 80px) 100vw, 80px\" \/><\/a><\/div><\/div><\/div><\/div>\n<div class='flex_column av-otnpdw9-ddf917b810dcadc6c71dcb1cb7d307fa av_one_fifth  avia-builder-el-5  el_after_av_one_fifth  el_before_av_one_fifth  flex_column_div column-top-margin'     ><\/div>\n<div class='flex_column av-l0sdzfd-ebbeddba01c9e4ce6d54916791b81761 av_one_fifth  avia-builder-el-6  el_after_av_one_fifth  el_before_av_one_fifth  flex_column_div column-top-margin'     ><style type=\"text\/css\" data-created_by=\"avia_inline_auto\" id=\"style-css-av-laz2gjbf-ab9ff483492644f37cd3d98f9a5e6ea5\">\n.avia-image-container.av-laz2gjbf-ab9ff483492644f37cd3d98f9a5e6ea5 img.avia_image{\nbox-shadow:none;\n}\n.avia-image-container.av-laz2gjbf-ab9ff483492644f37cd3d98f9a5e6ea5 .av-image-caption-overlay-center{\ncolor:#ffffff;\n}\n<\/style>\n<div  class='avia-image-container av-laz2gjbf-ab9ff483492644f37cd3d98f9a5e6ea5 av-styling- avia-align-center  avia-builder-el-7  avia-builder-el-no-sibling '   itemprop=\"image\" itemscope=\"itemscope\" itemtype=\"https:\/\/schema.org\/ImageObject\" ><div class=\"avia-image-container-inner\"><div class=\"avia-image-overlay-wrap\"><a href=\"https:\/\/aulaabierta.arasaac.org\/fr\/asterics-aac_accueil\" class='avia_image' ><img decoding=\"async\" class='wp-image-93346 avia-img-lazy-loading-not-93346 avia_image ' src=\"https:\/\/aulaabierta.arasaac.org\/wp-content\/uploads\/2022\/08\/casa-120x120-1-80x80.png\" alt='' title='casa-120x120'  height=\"80\" width=\"80\"  itemprop=\"thumbnailUrl\" srcset=\"https:\/\/aulaabierta.arasaac.org\/wp-content\/uploads\/2022\/08\/casa-120x120-1-80x80.png 80w, https:\/\/aulaabierta.arasaac.org\/wp-content\/uploads\/2022\/08\/casa-120x120-1-36x36.png 36w, https:\/\/aulaabierta.arasaac.org\/wp-content\/uploads\/2022\/08\/casa-120x120-1.png 120w\" sizes=\"(max-width: 80px) 100vw, 80px\" \/><\/a><\/div><\/div><\/div><\/div><div class='flex_column av-h2qpwm1-8cbe4e0cc2f42f3a81f0bb56501e8c0a av_one_fifth  avia-builder-el-8  el_after_av_one_fifth  el_before_av_one_fifth  flex_column_div column-top-margin'     ><\/div><\/p>\n<div class='flex_column av-ay09di1-68fac7af3e2d116dd6cd1d4ff1b394f7 av_one_fifth  avia-builder-el-9  el_after_av_one_fifth  el_before_av_one_full  flex_column_div column-top-margin'     ><style type=\"text\/css\" data-created_by=\"avia_inline_auto\" id=\"style-css-av-laz2rrbc-65d12df12799c7d40753ffa210ecac5c\">\n.avia-image-container.av-laz2rrbc-65d12df12799c7d40753ffa210ecac5c img.avia_image{\nbox-shadow:none;\n}\n.avia-image-container.av-laz2rrbc-65d12df12799c7d40753ffa210ecac5c .av-image-caption-overlay-center{\ncolor:#ffffff;\n}\n<\/style>\n<div  class='avia-image-container av-laz2rrbc-65d12df12799c7d40753ffa210ecac5c av-styling- avia-align-center  avia-builder-el-10  avia-builder-el-no-sibling '   itemprop=\"image\" itemscope=\"itemscope\" itemtype=\"https:\/\/schema.org\/ImageObject\" ><div class=\"avia-image-container-inner\"><div class=\"avia-image-overlay-wrap\"><a href=\"https:\/\/aulaabierta.arasaac.org\/fr\/communicateur-asterisques-grille-annexe-f-mots-essentiels-vocabulaire-essentiel-toujours-visible-sur-le-cote-gauche-du-communicateur\" class='avia_image' ><img decoding=\"async\" class='wp-image-23495 avia-img-lazy-loading-not-23495 avia_image ' src=\"https:\/\/aulaabierta.arasaac.org\/wp-content\/uploads\/2016\/12\/next-80x80.png\" alt='' title='next'  height=\"80\" width=\"80\"  itemprop=\"thumbnailUrl\" srcset=\"https:\/\/aulaabierta.arasaac.org\/wp-content\/uploads\/2016\/12\/next-80x80.png 80w, https:\/\/aulaabierta.arasaac.org\/wp-content\/uploads\/2016\/12\/next-36x36.png 36w, https:\/\/aulaabierta.arasaac.org\/wp-content\/uploads\/2016\/12\/next-120x120.png 120w, https:\/\/aulaabierta.arasaac.org\/wp-content\/uploads\/2016\/12\/next.png 128w\" sizes=\"(max-width: 80px) 100vw, 80px\" \/><\/a><\/div><\/div><\/div><\/div><div class='flex_column av-6cnpjbt-35a8422dac3822e502c82d468cd21ee5 av_one_full  avia-builder-el-11  el_after_av_one_fifth  avia-builder-el-last  first flex_column_div column-top-margin'     ><\/div><\/p>\n","protected":false},"excerpt":{"rendered":"","protected":false},"author":5,"featured_media":0,"parent":0,"menu_order":0,"comment_status":"closed","ping_status":"closed","template":"","meta":{"om_disable_all_campaigns":false,"_monsterinsights_skip_tracking":false,"_monsterinsights_sitenote_active":false,"_monsterinsights_sitenote_note":"","_monsterinsights_sitenote_category":0,"_uf_show_specific_survey":0,"_uf_disable_surveys":false,"footnotes":""},"class_list":["post-110838","page","type-page","status-publish","hentry"],"aioseo_notices":[],"_links":{"self":[{"href":"https:\/\/aulaabierta.arasaac.org\/fr\/wp-json\/wp\/v2\/pages\/110838","targetHints":{"allow":["GET"]}}],"collection":[{"href":"https:\/\/aulaabierta.arasaac.org\/fr\/wp-json\/wp\/v2\/pages"}],"about":[{"href":"https:\/\/aulaabierta.arasaac.org\/fr\/wp-json\/wp\/v2\/types\/page"}],"author":[{"embeddable":true,"href":"https:\/\/aulaabierta.arasaac.org\/fr\/wp-json\/wp\/v2\/users\/5"}],"replies":[{"embeddable":true,"href":"https:\/\/aulaabierta.arasaac.org\/fr\/wp-json\/wp\/v2\/comments?post=110838"}],"version-history":[{"count":23,"href":"https:\/\/aulaabierta.arasaac.org\/fr\/wp-json\/wp\/v2\/pages\/110838\/revisions"}],"predecessor-version":[{"id":140658,"href":"https:\/\/aulaabierta.arasaac.org\/fr\/wp-json\/wp\/v2\/pages\/110838\/revisions\/140658"}],"wp:attachment":[{"href":"https:\/\/aulaabierta.arasaac.org\/fr\/wp-json\/wp\/v2\/media?parent=110838"}],"curies":[{"name":"wp","href":"https:\/\/api.w.org\/{rel}","templated":true}]}}