{"id":111007,"date":"2022-11-30T10:28:58","date_gmt":"2022-11-30T09:28:58","guid":{"rendered":"https:\/\/aulaabierta.arasaac.org\/asterics-grid-bloquant-l-application-sur-android-ios"},"modified":"2023-02-09T11:38:28","modified_gmt":"2023-02-09T10:38:28","slug":"asterics-aac-bloquant-l-application-sur-android-ios","status":"publish","type":"page","link":"https:\/\/aulaabierta.arasaac.org\/fr\/asterics-aac-bloquant-l-application-sur-android-ios","title":{"rendered":"ASTERICS AAC \u2013 VERROUILLAGE DE L&rsquo;APPLICATION SUR ANDROID &#8211; iOs"},"content":{"rendered":"\n<style type=\"text\/css\" data-created_by=\"avia_inline_auto\" id=\"style-css-av-lb3es0a9-0a9734f3b6ebcb84f8d289aafe53520a\">\n#top .av-special-heading.av-lb3es0a9-0a9734f3b6ebcb84f8d289aafe53520a{\npadding-bottom:10px;\n}\nbody .av-special-heading.av-lb3es0a9-0a9734f3b6ebcb84f8d289aafe53520a .av-special-heading-tag .heading-char{\nfont-size:25px;\n}\n.av-special-heading.av-lb3es0a9-0a9734f3b6ebcb84f8d289aafe53520a .av-subheading{\nfont-size:15px;\n}\n<\/style>\n<div  class='av-special-heading av-lb3es0a9-0a9734f3b6ebcb84f8d289aafe53520a av-special-heading-h3  avia-builder-el-0  el_before_av_hr  avia-builder-el-first '><h3 class='av-special-heading-tag'  itemprop=\"headline\"  >Asterics AAC &#8211; Crash de l\u2019application sur Android et iOs<\/h3><div class=\"special-heading-border\"><div class=\"special-heading-inner-border\"><\/div><\/div><\/div>\n<div  class='hr av-8ygo6nr-f921fd674b2eab90d62a5aced3db4040 hr-default  avia-builder-el-1  el_after_av_heading  el_before_av_textblock '><span class='hr-inner '><span class=\"hr-inner-style\"><\/span><\/span><\/div>\n\n<style type=\"text\/css\" data-created_by=\"avia_inline_auto\" id=\"style-css-av-lb3ddrks-7805b95e964d48648731d272d842e5bc\">\n#top .av_textblock_section.av-lb3ddrks-7805b95e964d48648731d272d842e5bc .avia_textblock{\nfont-size:16px;\n}\n<\/style>\n<section  class='av_textblock_section av-lb3ddrks-7805b95e964d48648731d272d842e5bc'  itemscope=\"itemscope\" itemtype=\"https:\/\/schema.org\/CreativeWork\" ><div class='avia_textblock'  itemprop=\"text\" ><h3>Crash du menu d&rsquo;\u00e9dition dans la grille AsTeRICS<\/h3>\n<p>Dans <strong>Asterics AAC<\/strong>, nous pouvons configurer le <strong>verrouillage de l&rsquo;\u00e9cran<\/strong> pour emp\u00eacher l&rsquo;utilisateur <strong>d&rsquo;acc\u00e9der au menu d&rsquo;\u00e9dition<\/strong>.<\/p>\n<p>De plus, le blocage du communicateur vous emp\u00eache de zoomer sur l&rsquo;\u00e9cran avec les gestes \u00e9tablis pour chaque syst\u00e8me d&rsquo;exploitation.<\/p>\n<p>Pour cela, cliquez sur le bouton <strong>Bloquer<\/strong> qui se trouve dans la partie sup\u00e9rieure droite de la fen\u00eatre d&rsquo;\u00e9dition et qui est repr\u00e9sent\u00e9 par un cadenas.<\/p>\n<p><img loading=\"lazy\" decoding=\"async\" class=\"aligncenter wp-image-110905\" src=\"https:\/\/aulaabierta.arasaac.org\/wp-content\/uploads\/2022\/11\/Comunicador-Asterics-pictogramas-ARASAAC-162-1030x454.jpg\" alt=\"\" width=\"800\" height=\"352\" srcset=\"https:\/\/aulaabierta.arasaac.org\/wp-content\/uploads\/2022\/11\/Comunicador-Asterics-pictogramas-ARASAAC-162-1030x454.jpg 1030w, https:\/\/aulaabierta.arasaac.org\/wp-content\/uploads\/2022\/11\/Comunicador-Asterics-pictogramas-ARASAAC-162-300x132.jpg 300w, https:\/\/aulaabierta.arasaac.org\/wp-content\/uploads\/2022\/11\/Comunicador-Asterics-pictogramas-ARASAAC-162-768x338.jpg 768w, https:\/\/aulaabierta.arasaac.org\/wp-content\/uploads\/2022\/11\/Comunicador-Asterics-pictogramas-ARASAAC-162-1536x676.jpg 1536w, https:\/\/aulaabierta.arasaac.org\/wp-content\/uploads\/2022\/11\/Comunicador-Asterics-pictogramas-ARASAAC-162-1500x661.jpg 1500w, https:\/\/aulaabierta.arasaac.org\/wp-content\/uploads\/2022\/11\/Comunicador-Asterics-pictogramas-ARASAAC-162-705x310.jpg 705w, https:\/\/aulaabierta.arasaac.org\/wp-content\/uploads\/2022\/11\/Comunicador-Asterics-pictogramas-ARASAAC-162.jpg 1585w\" sizes=\"auto, (max-width: 800px) 100vw, 800px\" \/><\/p>\n<p>De cette fa\u00e7on, le <strong>menu d&rsquo;\u00e9dition<\/strong> dispara\u00eet et l&rsquo;utilisateur n&rsquo;a pas acc\u00e8s aux diff\u00e9rentes sections de celui-ci. Pour revenir \u00e0 ce menu, cliquez <strong>sept fois<\/strong> sur le bouton <strong>D\u00e9verrouiller<\/strong>.<\/p>\n<p>Nous pouvons combiner ce verrou avec le bouton <strong>Plein \u00e9cran<\/strong>. De cette fa\u00e7on, nous visualiserons <strong>Asterics AAC<\/strong> sur tout l&rsquo;\u00e9cran de l&rsquo;ordinateur de mani\u00e8re bloqu\u00e9e. Ce type de verrouillage n&#8217;emp\u00eache pas l&rsquo;utilisateur de quitter l&rsquo;application \u00e0 tout moment, puisque l&rsquo;objectif n&rsquo;est pas d&rsquo;acc\u00e9der au <strong>menu d&rsquo;\u00e9dition<\/strong>.<\/p>\n<p><img loading=\"lazy\" decoding=\"async\" class=\"aligncenter wp-image-110916\" src=\"https:\/\/aulaabierta.arasaac.org\/wp-content\/uploads\/2022\/11\/Comunicador-Asterics-pictogramas-ARASAAC-163-1030x452.jpg\" alt=\"\" width=\"800\" height=\"351\" srcset=\"https:\/\/aulaabierta.arasaac.org\/wp-content\/uploads\/2022\/11\/Comunicador-Asterics-pictogramas-ARASAAC-163-1030x452.jpg 1030w, https:\/\/aulaabierta.arasaac.org\/wp-content\/uploads\/2022\/11\/Comunicador-Asterics-pictogramas-ARASAAC-163-300x132.jpg 300w, https:\/\/aulaabierta.arasaac.org\/wp-content\/uploads\/2022\/11\/Comunicador-Asterics-pictogramas-ARASAAC-163-768x337.jpg 768w, https:\/\/aulaabierta.arasaac.org\/wp-content\/uploads\/2022\/11\/Comunicador-Asterics-pictogramas-ARASAAC-163-1536x673.jpg 1536w, https:\/\/aulaabierta.arasaac.org\/wp-content\/uploads\/2022\/11\/Comunicador-Asterics-pictogramas-ARASAAC-163-1500x658.jpg 1500w, https:\/\/aulaabierta.arasaac.org\/wp-content\/uploads\/2022\/11\/Comunicador-Asterics-pictogramas-ARASAAC-163-705x309.jpg 705w, https:\/\/aulaabierta.arasaac.org\/wp-content\/uploads\/2022\/11\/Comunicador-Asterics-pictogramas-ARASAAC-163.jpg 1592w\" sizes=\"auto, (max-width: 800px) 100vw, 800px\" \/><\/p>\n<p>De plus, nous pouvons configurer un <strong>mot de passe pour verrouiller\/d\u00e9verrouiller l&rsquo;interface utilisateur<\/strong> (num\u00e9ros uniquement) \u00e0 partir de l&rsquo;application elle-m\u00eame. Nous pouvons l&rsquo;\u00e9tablir \u00e0 partir de la section <strong>Divers<\/strong>, que nous trouverons dans le <strong>menu \u00c9dition<\/strong>.Ce mot de passe sera \u00e9tabli de mani\u00e8re g\u00e9n\u00e9rale pour tous les utilisateurs que nous avons actifs sur l&rsquo;appareil.<\/p>\n<p><img loading=\"lazy\" decoding=\"async\" class=\"aligncenter wp-image-110932\" src=\"https:\/\/aulaabierta.arasaac.org\/wp-content\/uploads\/2022\/11\/Comunicador-Asterics-pictogramas-ARASAAC-164-1030x492.jpg\" alt=\"\" width=\"800\" height=\"382\" srcset=\"https:\/\/aulaabierta.arasaac.org\/wp-content\/uploads\/2022\/11\/Comunicador-Asterics-pictogramas-ARASAAC-164-1030x492.jpg 1030w, https:\/\/aulaabierta.arasaac.org\/wp-content\/uploads\/2022\/11\/Comunicador-Asterics-pictogramas-ARASAAC-164-300x143.jpg 300w, https:\/\/aulaabierta.arasaac.org\/wp-content\/uploads\/2022\/11\/Comunicador-Asterics-pictogramas-ARASAAC-164-768x367.jpg 768w, https:\/\/aulaabierta.arasaac.org\/wp-content\/uploads\/2022\/11\/Comunicador-Asterics-pictogramas-ARASAAC-164-705x337.jpg 705w, https:\/\/aulaabierta.arasaac.org\/wp-content\/uploads\/2022\/11\/Comunicador-Asterics-pictogramas-ARASAAC-164.jpg 1347w\" sizes=\"auto, (max-width: 800px) 100vw, 800px\" \/><\/p>\n<p>De cette fa\u00e7on, la prochaine fois que nous voudrons quitter le mode communicateur, l&rsquo;\u00e9cran suivant appara\u00eetra, dans lequel nous devrons entrer le mot de passe que nous avons \u00e9tabli.<\/p>\n<p><img loading=\"lazy\" decoding=\"async\" class=\"aligncenter wp-image-110943\" src=\"https:\/\/aulaabierta.arasaac.org\/wp-content\/uploads\/2022\/11\/Comunicador-Asterics-pictogramas-ARASAAC-165-1030x454.jpg\" alt=\"\" width=\"800\" height=\"353\" srcset=\"https:\/\/aulaabierta.arasaac.org\/wp-content\/uploads\/2022\/11\/Comunicador-Asterics-pictogramas-ARASAAC-165-1030x454.jpg 1030w, https:\/\/aulaabierta.arasaac.org\/wp-content\/uploads\/2022\/11\/Comunicador-Asterics-pictogramas-ARASAAC-165-300x132.jpg 300w, https:\/\/aulaabierta.arasaac.org\/wp-content\/uploads\/2022\/11\/Comunicador-Asterics-pictogramas-ARASAAC-165-768x338.jpg 768w, https:\/\/aulaabierta.arasaac.org\/wp-content\/uploads\/2022\/11\/Comunicador-Asterics-pictogramas-ARASAAC-165-1536x677.jpg 1536w, https:\/\/aulaabierta.arasaac.org\/wp-content\/uploads\/2022\/11\/Comunicador-Asterics-pictogramas-ARASAAC-165-1500x661.jpg 1500w, https:\/\/aulaabierta.arasaac.org\/wp-content\/uploads\/2022\/11\/Comunicador-Asterics-pictogramas-ARASAAC-165-705x311.jpg 705w, https:\/\/aulaabierta.arasaac.org\/wp-content\/uploads\/2022\/11\/Comunicador-Asterics-pictogramas-ARASAAC-165.jpg 1595w\" sizes=\"auto, (max-width: 800px) 100vw, 800px\" \/><\/p>\n<\/div><\/section>\n<div  class='hr av-6ex9xbr-9a9ed74ef48d36b5ed3d799d336cb8d5 hr-default  avia-builder-el-3  el_after_av_textblock  el_before_av_textblock '><span class='hr-inner '><span class=\"hr-inner-style\"><\/span><\/span><\/div>\n\n<style type=\"text\/css\" data-created_by=\"avia_inline_auto\" id=\"style-css-av-lb3ehn9d-c782bb4c2231c1c11eddc1fd4d17fb58\">\n#top .av_textblock_section.av-lb3ehn9d-c782bb4c2231c1c11eddc1fd4d17fb58 .avia_textblock{\nfont-size:16px;\n}\n<\/style>\n<section  class='av_textblock_section av-lb3ehn9d-c782bb4c2231c1c11eddc1fd4d17fb58'  itemscope=\"itemscope\" itemtype=\"https:\/\/schema.org\/CreativeWork\" ><div class='avia_textblock'  itemprop=\"text\" ><h3>Blocage de l&rsquo;Application dans les syst\u00e8mes d&rsquo;exploitation Android et iOS<\/h3>\n<p>Comme condition pr\u00e9alable pour pouvoir bloquer le communicateur et emp\u00eacher l&rsquo;acc\u00e8s \u00e0 d&rsquo;autres applications sur Android et iOS, il est n\u00e9cessaire d&rsquo;avoir install\u00e9 <strong>Asterics AAC<\/strong> en tant qu&rsquo;application comme expliqu\u00e9 dans les tutoriels pour <a href=\"https:\/\/aulaabierta.arasaac.org\/asterics-aac_instalacion_android\"><strong>Android<\/strong><\/a> et <strong><a href=\"https:\/\/aulaabierta.arasaac.org\/asterics-aac_instalacion_ios\">iOS<\/a><\/strong>.<\/p>\n<p>Pour <strong>bloquer l&rsquo;application<\/strong> sur les syst\u00e8mes d&rsquo;exploitation <strong>Android<\/strong> et <strong>iOS<\/strong>, nous vous recommandons de suivre les <strong>tutoriels suivants pour chacun des syst\u00e8mes<\/strong> :<\/p>\n<ul>\n<li><a href=\"https:\/\/support.google.com\/android\/answer\/9455138?hl=es\" target=\"_blank\" rel=\"noopener\"><strong>Utilisation des fen\u00eatres Pin sur les appareils avec le syst\u00e8me d&rsquo;exploitation Android:<\/strong><\/a> Les <strong>fen\u00eatres Pin<\/strong> permettent uniquement \u00e0 l&rsquo;application que nous \u00e9pinglons de rester visible et de ne pas pouvoir acc\u00e9der \u00e0 d&rsquo;autres sections de l&rsquo;appareil.<\/li>\n<li id=\"howto-title\"><a href=\"https:\/\/support.apple.com\/es-es\/HT202612\" target=\"_blank\" rel=\"noopener\"><strong>Utilisez l&rsquo;acc\u00e8s guid\u00e9 avec iPhone, iPad et iPod touch<\/strong><\/a>: <strong>L&rsquo;acc\u00e8s guid\u00e9<\/strong> limite votre appareil \u00e0 une seule application et vous permet de contr\u00f4ler les fonctionnalit\u00e9s disponibles. <strong>L&rsquo;acc\u00e8s guid\u00e9<\/strong> peut \u00eatre activ\u00e9 lorsque nous laissons l&rsquo;appareil \u00e0 une autre personne que nous ne voulons pas avoir acc\u00e8s au reste des applications.<\/li>\n<\/ul>\n<p>Faites attention aux instructions qui apparaissent \u00e0 l&rsquo;\u00e9cran lorsque nous configurons l&rsquo;une de ces deux options.<\/p>\n<\/div><\/section>\n<\/div><\/div><\/div><!-- close content main div --><\/div><\/div><div id='av-layout-grid-1'  class='av-layout-grid-container av-2wpz41j-d681659147a82886997a43c2b5549c68 entry-content-wrapper main_color av-flex-cells  avia-builder-el-5  el_after_av_textblock  avia-builder-el-last  grid-row-not-first  container_wrap fullsize'  >\n<div class='flex_cell av-prchd9z-62640e8ca793c5242b13f070828ab2e9 av-gridrow-cell av_one_fifth no_margin  avia-builder-el-6  el_before_av_cell_one_fifth  avia-builder-el-first ' ><div class='flex_cell_inner'><\/div><\/div><div class='flex_cell av-ksc5hfb-57f03e77afac81a66bba19920c6764ae av-gridrow-cell av_one_fifth no_margin  avia-builder-el-7  el_after_av_cell_one_fifth  el_before_av_cell_one_fifth ' ><div class='flex_cell_inner'><\/div><\/div>\n<style type=\"text\/css\" data-created_by=\"avia_inline_auto\" id=\"style-css-av-hs0g92v-7249014912e4ae505a9bc546f0890f8b\">\n.flex_cell.av-hs0g92v-7249014912e4ae505a9bc546f0890f8b{\nvertical-align:top;\n}\n<\/style>\n<div class='flex_cell av-hs0g92v-7249014912e4ae505a9bc546f0890f8b av-gridrow-cell av_one_fifth no_margin  avia-builder-el-8  el_after_av_cell_one_fifth  el_before_av_cell_one_fifth ' ><div class='flex_cell_inner'>\n<style type=\"text\/css\" data-created_by=\"avia_inline_auto\" id=\"style-css-av-lb3enky1-923e8279d306592921b84db5e6b448c0\">\n.avia-image-container.av-lb3enky1-923e8279d306592921b84db5e6b448c0 img.avia_image{\nbox-shadow:none;\n}\n.avia-image-container.av-lb3enky1-923e8279d306592921b84db5e6b448c0 .av-image-caption-overlay-center{\ncolor:#ffffff;\n}\n<\/style>\n<div  class='avia-image-container av-lb3enky1-923e8279d306592921b84db5e6b448c0 av-styling- avia-align-center  avia-builder-el-9  avia-builder-el-no-sibling '   itemprop=\"image\" itemscope=\"itemscope\" itemtype=\"https:\/\/schema.org\/ImageObject\" ><div class=\"avia-image-container-inner\"><div class=\"avia-image-overlay-wrap\"><a href=\"https:\/\/aulaabierta.arasaac.org\/fr\/asterics-aac_accueil\" class='avia_image' ><img decoding=\"async\" class='wp-image-93346 avia-img-lazy-loading-not-93346 avia_image ' src=\"https:\/\/aulaabierta.arasaac.org\/wp-content\/uploads\/2022\/08\/casa-120x120-1-80x80.png\" alt='' title='casa-120x120'  height=\"80\" width=\"80\"  itemprop=\"thumbnailUrl\" srcset=\"https:\/\/aulaabierta.arasaac.org\/wp-content\/uploads\/2022\/08\/casa-120x120-1-80x80.png 80w, https:\/\/aulaabierta.arasaac.org\/wp-content\/uploads\/2022\/08\/casa-120x120-1-36x36.png 36w, https:\/\/aulaabierta.arasaac.org\/wp-content\/uploads\/2022\/08\/casa-120x120-1.png 120w\" sizes=\"(max-width: 80px) 100vw, 80px\" \/><\/a><\/div><\/div><\/div>\n<\/div><\/div>\n<style type=\"text\/css\" data-created_by=\"avia_inline_auto\" id=\"style-css-av-dfn6sdz-d34d635d2e1146a8ac744feb7551f9dc\">\n.flex_cell.av-dfn6sdz-d34d635d2e1146a8ac744feb7551f9dc{\nvertical-align:top;\n}\n<\/style>\n<div class='flex_cell av-dfn6sdz-d34d635d2e1146a8ac744feb7551f9dc av-gridrow-cell av_one_fifth no_margin  avia-builder-el-10  el_after_av_cell_one_fifth  el_before_av_cell_one_fifth ' ><div class='flex_cell_inner'><\/div><\/div>\n<style type=\"text\/css\" data-created_by=\"avia_inline_auto\" id=\"style-css-av-784pfnb-85f589a1e65b756e0be80f34468f8776\">\n.flex_cell.av-784pfnb-85f589a1e65b756e0be80f34468f8776{\nvertical-align:top;\n}\n<\/style>\n<div class='flex_cell av-784pfnb-85f589a1e65b756e0be80f34468f8776 av-gridrow-cell av_one_fifth no_margin  avia-builder-el-11  el_after_av_cell_one_fifth  avia-builder-el-last ' ><div class='flex_cell_inner'><\/div><\/div>\n<\/div>\n","protected":false},"excerpt":{"rendered":"","protected":false},"author":5,"featured_media":0,"parent":0,"menu_order":0,"comment_status":"closed","ping_status":"closed","template":"","meta":{"om_disable_all_campaigns":false,"_monsterinsights_skip_tracking":false,"_monsterinsights_sitenote_active":false,"_monsterinsights_sitenote_note":"","_monsterinsights_sitenote_category":0,"_uf_show_specific_survey":0,"_uf_disable_surveys":false,"footnotes":""},"class_list":["post-111007","page","type-page","status-publish","hentry"],"aioseo_notices":[],"_links":{"self":[{"href":"https:\/\/aulaabierta.arasaac.org\/fr\/wp-json\/wp\/v2\/pages\/111007","targetHints":{"allow":["GET"]}}],"collection":[{"href":"https:\/\/aulaabierta.arasaac.org\/fr\/wp-json\/wp\/v2\/pages"}],"about":[{"href":"https:\/\/aulaabierta.arasaac.org\/fr\/wp-json\/wp\/v2\/types\/page"}],"author":[{"embeddable":true,"href":"https:\/\/aulaabierta.arasaac.org\/fr\/wp-json\/wp\/v2\/users\/5"}],"replies":[{"embeddable":true,"href":"https:\/\/aulaabierta.arasaac.org\/fr\/wp-json\/wp\/v2\/comments?post=111007"}],"version-history":[{"count":4,"href":"https:\/\/aulaabierta.arasaac.org\/fr\/wp-json\/wp\/v2\/pages\/111007\/revisions"}],"predecessor-version":[{"id":111028,"href":"https:\/\/aulaabierta.arasaac.org\/fr\/wp-json\/wp\/v2\/pages\/111007\/revisions\/111028"}],"wp:attachment":[{"href":"https:\/\/aulaabierta.arasaac.org\/fr\/wp-json\/wp\/v2\/media?parent=111007"}],"curies":[{"name":"wp","href":"https:\/\/api.w.org\/{rel}","templated":true}]}}