{"id":66825,"date":"2014-09-26T17:23:32","date_gmt":"2014-09-26T17:23:32","guid":{"rendered":"https:\/\/aulaabierta.arasaac.org\/about"},"modified":"2023-02-09T11:13:44","modified_gmt":"2023-02-09T10:13:44","slug":"environ","status":"publish","type":"page","link":"https:\/\/aulaabierta.arasaac.org\/fr\/environ","title":{"rendered":"Environ&#8230;"},"content":{"rendered":"<div id='av-layout-grid-1'  class='av-layout-grid-container av-3v6ej6-2210c3672caa25cd2fa421f1ed6eec1d entry-content-wrapper main_color av-flex-cells  avia-builder-el-0  el_before_av_section  avia-builder-el-first   container_wrap fullsize'  >\n\n<style type=\"text\/css\" data-created_by=\"avia_inline_auto\" id=\"style-css-av-3rbfg2-5bf788bda7e88d928b594acbf8bd5400\">\n.flex_cell.av-3rbfg2-5bf788bda7e88d928b594acbf8bd5400{\nvertical-align:top;\n}\n.responsive #top #wrap_all .flex_cell.av-3rbfg2-5bf788bda7e88d928b594acbf8bd5400{\npadding:30px 30px 30px 30px !important;\n}\n<\/style>\n<div class='flex_cell av-3rbfg2-5bf788bda7e88d928b594acbf8bd5400 av-gridrow-cell av_one_third no_margin  avia-builder-el-1  el_before_av_cell_one_third  avia-builder-el-first ' ><div class='flex_cell_inner'><p>\n<style type=\"text\/css\" data-created_by=\"avia_inline_auto\" id=\"style-css-av-p42lm-618e30d01f5100a58cd33ce12880c359\">\n#top .av-special-heading.av-p42lm-618e30d01f5100a58cd33ce12880c359{\npadding-bottom:10px;\n}\nbody .av-special-heading.av-p42lm-618e30d01f5100a58cd33ce12880c359 .av-special-heading-tag .heading-char{\nfont-size:25px;\n}\n.av-special-heading.av-p42lm-618e30d01f5100a58cd33ce12880c359 .av-subheading{\nfont-size:15px;\n}\n<\/style>\n<div  class='av-special-heading av-p42lm-618e30d01f5100a58cd33ce12880c359 av-special-heading-h3  avia-builder-el-2  el_before_av_textblock  avia-builder-el-first '><h3 class='av-special-heading-tag'  itemprop=\"headline\"  >Qu\u2019est-ce que c\u2019est?<\/h3><div class=\"special-heading-border\"><div class=\"special-heading-inner-border\"><\/div><\/div><\/div><br \/>\n\n<style type=\"text\/css\" data-created_by=\"avia_inline_auto\" id=\"style-css-av-c2f6y-fca77d6bf04e0ced3f2559f6cf5daeec\">\n#top .av_textblock_section.av-c2f6y-fca77d6bf04e0ced3f2559f6cf5daeec .avia_textblock{\nfont-size:14px;\n}\n<\/style>\n<section  class='av_textblock_section av-c2f6y-fca77d6bf04e0ced3f2559f6cf5daeec'  itemscope=\"itemscope\" itemtype=\"https:\/\/schema.org\/CreativeWork\" ><div class='avia_textblock'  itemprop=\"text\" ><p><strong>L\u2019ARASAAC Open Classroom<\/strong> est un r\u00e9f\u00e9rentiel de contenu de qualit\u00e9 li\u00e9 \u00e0 <strong>la communication augment\u00e9e et alternative (AAC),<\/strong>dans lequel tout professionnel ou famille peut<strong>librement f ou ou dans<\/strong> tout ce qui concerne les<strong> documents, les outils logiciels libres et les ressources<\/strong> qui utilisent les pictogrammes <a href=\"http:\/\/www.arasaac.org\/\" target=\"_blank\" rel=\"noopener\"><strong>ARASAAC.<\/strong><\/p>\n<p><\/a><\/p>\n<p>Pour acc\u00e9der \u00e0 cette salle de classe, il <strong>n\u2019est pas n\u00e9cessaire de s\u2019inscrire<\/strong> en tant qu\u2019utilisateur et vous n\u2019avez pas \u00e0 suivre un <strong>horaire \u00e9tabli.<\/strong> L\u2019important est que <strong>chaque personne soit form\u00e9e aux sujets d\u2019int\u00e9r\u00eat, en<\/strong> suivant son propre rythme d\u2019apprentissage et en s\u2019occupant de ses besoins de formation en tout temps.<\/p>\n<\/div><\/section><\/p>\n<\/div><\/div>\n<style type=\"text\/css\" data-created_by=\"avia_inline_auto\" id=\"style-css-av-bh8ui-7a52a48d9dcec260c4ff29b6a640207f\">\n.flex_cell.av-bh8ui-7a52a48d9dcec260c4ff29b6a640207f{\nvertical-align:top;\nbackground-color:#f7f7f7;\n}\n.responsive #top #wrap_all .flex_cell.av-bh8ui-7a52a48d9dcec260c4ff29b6a640207f{\npadding:30px 30px 30px 30px !important;\n}\n<\/style>\n<div class='flex_cell av-bh8ui-7a52a48d9dcec260c4ff29b6a640207f av-gridrow-cell av_one_third no_margin  avia-builder-el-4  el_after_av_cell_one_third  el_before_av_cell_one_third ' ><div class='flex_cell_inner'><p>\n<style type=\"text\/css\" data-created_by=\"avia_inline_auto\" id=\"style-css-av-j21u2-3f4c59b1dc02b622e52188b7f2be3553\">\n#top .av-special-heading.av-j21u2-3f4c59b1dc02b622e52188b7f2be3553{\npadding-bottom:10px;\n}\nbody .av-special-heading.av-j21u2-3f4c59b1dc02b622e52188b7f2be3553 .av-special-heading-tag .heading-char{\nfont-size:25px;\n}\n.av-special-heading.av-j21u2-3f4c59b1dc02b622e52188b7f2be3553 .av-subheading{\nfont-size:15px;\n}\n<\/style>\n<div  class='av-special-heading av-j21u2-3f4c59b1dc02b622e52188b7f2be3553 av-special-heading-h3  avia-builder-el-5  el_before_av_textblock  avia-builder-el-first '><h3 class='av-special-heading-tag'  itemprop=\"headline\"  >Quels sont les objectifs ?<\/h3><div class=\"special-heading-border\"><div class=\"special-heading-inner-border\"><\/div><\/div><\/div><br \/>\n\n<style type=\"text\/css\" data-created_by=\"avia_inline_auto\" id=\"style-css-av-2v77zm-f58c0deb7cad529ab2246c9115eef400\">\n#top .av_textblock_section.av-2v77zm-f58c0deb7cad529ab2246c9115eef400 .avia_textblock{\nfont-size:14px;\n}\n<\/style>\n<section  class='av_textblock_section av-2v77zm-f58c0deb7cad529ab2246c9115eef400'  itemscope=\"itemscope\" itemtype=\"https:\/\/schema.org\/CreativeWork\" ><div class='avia_textblock'  itemprop=\"text\" ><ol>\n<li>Offrir des <strong>tutoriels<\/strong> et <strong>des tutoriels<\/strong> vid\u00e9o qui expliquent le fonctionnement des <strong>diff\u00e9rents programmes, applications et outils<\/strong> qui utilisent les ressources d\u2019ARASAAC, ainsi que les diff\u00e9rents <strong>mat\u00e9riaux<\/strong> qui peuvent \u00eatre \u00e9labor\u00e9s ou adapt\u00e9s de leur utilisation. <a href=\"http:\/\/www.arasaac.org\/\" target=\"_blank\" rel=\"noopener\"><strong>\n<p><\/strong><\/a><\/li>\n<li>Pr\u00e9senter<strong> des exemples de mat\u00e9riel d\u00e9velopp\u00e9 par les utilisateurs eux-m\u00eames<\/strong>l, organis\u00e9 par contenu du domaine de la langue, de la communication et d\u2019autres domaines curriculaires adapt\u00e9s.<\/li>\n<li>Faire conna\u00eetre diff\u00e9rents <strong>documents de r\u00e9f\u00e9rence en Communication Augment\u00e9e et Alternative (CAA)<\/strong> pr\u00e9par\u00e9s par des professionnels et institutions prestigieux.<\/li>\n<li>D\u00e9veloppez le contenu de la <a href=\"https:\/\/www.youtube.com\/user\/arasaac\" target=\"_blank\" rel=\"noopener\"><strong>cha\u00eene Youtube<\/strong>\n<p><\/a> <a href=\"http:\/\/www.arasaac.org\/\" target=\"_blank\" rel=\"noopener\"><strong>ARASAAC<\/strong><\/p>\n<p><\/a> avec l\u2019incorporation de nouveaux <strong>tutoriels vid\u00e9o.<\/strong><\/li>\n<li>Int\u00e9grer un <strong>contenu de qualit\u00e9 dans le domaine de la CAA <\/strong>fourni par des professionnels prestigieux de <strong>diff\u00e9rents domaines,<\/strong> qui compl\u00e8tent les contenus pr\u00e9par\u00e9s par l\u2019\u00e9quipe <a href=\"http:\/\/www.arasaac.org\/\" target=\"_blank\" rel=\"noopener\"><strong>ARASAAC.<\/strong>\n<p><\/a><\/li>\n<\/ol>\n<\/div><\/section><\/p>\n<\/div><\/div>\n<style type=\"text\/css\" data-created_by=\"avia_inline_auto\" id=\"style-css-av-9sp2a-f676d232bcd40cc47cf4487f980c9307\">\n.flex_cell.av-9sp2a-f676d232bcd40cc47cf4487f980c9307{\nvertical-align:top;\nbackground-color:#eaeaea;\n}\n.responsive #top #wrap_all .flex_cell.av-9sp2a-f676d232bcd40cc47cf4487f980c9307{\npadding:30px 30px 30px 30px !important;\n}\n<\/style>\n<div class='flex_cell av-9sp2a-f676d232bcd40cc47cf4487f980c9307 av-gridrow-cell av_one_third no_margin  avia-builder-el-7  el_after_av_cell_one_third  avia-builder-el-last ' ><div class='flex_cell_inner'><p>\n<style type=\"text\/css\" data-created_by=\"avia_inline_auto\" id=\"style-css-av-gwkhe-66305cca19bc8c23adba881fb7b3bab0\">\n#top .av-special-heading.av-gwkhe-66305cca19bc8c23adba881fb7b3bab0{\npadding-bottom:10px;\n}\nbody .av-special-heading.av-gwkhe-66305cca19bc8c23adba881fb7b3bab0 .av-special-heading-tag .heading-char{\nfont-size:25px;\n}\n.av-special-heading.av-gwkhe-66305cca19bc8c23adba881fb7b3bab0 .av-subheading{\nfont-size:15px;\n}\n<\/style>\n<div  class='av-special-heading av-gwkhe-66305cca19bc8c23adba881fb7b3bab0 av-special-heading-h3  avia-builder-el-8  el_before_av_textblock  avia-builder-el-first '><h3 class='av-special-heading-tag'  itemprop=\"headline\"  >O\u00f9 est-il encadr\u00e9?<\/h3><div class=\"special-heading-border\"><div class=\"special-heading-inner-border\"><\/div><\/div><\/div><br \/>\n\n<style type=\"text\/css\" data-created_by=\"avia_inline_auto\" id=\"style-css-av-8rq1m-8e0f7a62b0395342739bc3d76c608327\">\n#top .av_textblock_section.av-8rq1m-8e0f7a62b0395342739bc3d76c608327 .avia_textblock{\nfont-size:14px;\n}\n<\/style>\n<section  class='av_textblock_section av-8rq1m-8e0f7a62b0395342739bc3d76c608327'  itemscope=\"itemscope\" itemtype=\"https:\/\/schema.org\/CreativeWork\" ><div class='avia_textblock'  itemprop=\"text\" ><p>La<strong> classe ouverte ARASAAC<\/strong> fait partie du plan d\u2019action <strong>ARASAAC,<\/strong>un projet financ\u00e9 par le <strong>minist\u00e8re de l\u2019\u00c9ducation, de la Culture et des Sports du gouvernement d\u2019Aragon <\/strong>et coordonn\u00e9 par la <strong>Direction g\u00e9n\u00e9rale de l\u2019innovation et de<\/strong> la formation professionnelle de ce d\u00e9partement.<\/p>\n<\/div><\/section><\/p>\n<\/div><\/div><\/div>\n<style type=\"text\/css\" data-created_by=\"avia_inline_auto\" id=\"style-css-av-267c5m-cfd56f61fffeb0ec5d0c42ce945be3fe\">\n.avia-section.av-267c5m-cfd56f61fffeb0ec5d0c42ce945be3fe{\nbackground-color:#8bb200;\nbackground-image:unset;\n}\n.avia-section.av-267c5m-cfd56f61fffeb0ec5d0c42ce945be3fe .av-extra-border-element .av-extra-border-inner{\nbackground-color:#8bb200;\n}\n<\/style>\n<div id='av_section_1'  class='avia-section av-267c5m-cfd56f61fffeb0ec5d0c42ce945be3fe main_color avia-section-default avia-no-border-styling  avia-builder-el-10  el_after_av_layout_row  el_before_av_layout_row  avia-bg-style-scroll av-arrow-down-section container_wrap fullsize'  ><div class='container av-section-cont-open' ><div class='template-page content  av-content-full alpha units'><div class='post-entry post-entry-type-page post-entry-66825'><div class='entry-content-wrapper clearfix'>\n<div class='flex_column av-23gj22-b46358c03ff179cf67b59ded606d1327 av_one_fourth  avia-builder-el-11  el_before_av_one_fourth  avia-builder-el-first  first flex_column_div '     ><div  class=\"avia-animated-number av-719l6-9445a4fbb318b167eda41930c4dc570a av-force-default-color avia_animate_when_visible  avia-builder-el-12  avia-builder-el-no-sibling  avia-color-font-light \" data-timer=\"3000\"><strong class=\"heading avia-animated-number-title\"><span class=\"avia-single-number __av-single-number\" data-number_format=\"\" data-number=\"60\" data-start_from=\"0\">60<\/span><\/strong><div class=\"avia-animated-number-content\"><p>Tutoriels vid\u00e9o<\/p>\n<\/div><\/div><\/div><div class='flex_column av-1p5ag2-cdbfdeb31f9650ca3e027fc82e7b07fa av_one_fourth  avia-builder-el-13  el_after_av_one_fourth  el_before_av_one_fourth  flex_column_div '     ><div  class=\"avia-animated-number av-1m0ulu-d56ac163ce99a43069392b7529b237dc av-force-default-color avia_animate_when_visible  avia-builder-el-14  avia-builder-el-no-sibling  avia-color-font-light \" data-timer=\"3000\"><strong class=\"heading avia-animated-number-title\"><span class=\"avia-single-number __av-single-number\" data-number_format=\"\" data-number=\"17\" data-start_from=\"0\">17<\/span><\/strong><div class=\"avia-animated-number-content\"><p>Les programmes<\/p>\n<\/div><\/div><\/div><div class='flex_column av-1drcqa-ce28ad6170fb465cab7e245ad0582166 av_one_fourth  avia-builder-el-15  el_after_av_one_fourth  el_before_av_one_fourth  flex_column_div '     ><div  class=\"avia-animated-number av-4anfm-5212a2080c88e8013250a03b49e726fa av-force-default-color avia_animate_when_visible  avia-builder-el-16  avia-builder-el-no-sibling  avia-color-font-light \" data-timer=\"3000\"><strong class=\"heading avia-animated-number-title\"><span class=\"avia-single-number __av-single-number\" data-number_format=\"\" data-number=\"12\" data-start_from=\"0\">12<\/span><\/strong><div class=\"avia-animated-number-content\"><p>Documents de CAA<\/p>\n<\/div><\/div><\/div><div class='flex_column av-13ze7e-31c985cb8bb587fe53f6afb673664def av_one_fourth  avia-builder-el-17  el_after_av_one_fourth  avia-builder-el-last  flex_column_div '     ><div  class=\"avia-animated-number av-z4spm-2dbed748fa3a64d778eda23146294928 av-force-default-color avia_animate_when_visible  avia-builder-el-18  avia-builder-el-no-sibling  avia-color-font-light \" data-timer=\"3000\"><strong class=\"heading avia-animated-number-title\"><span class=\"avia-single-number __av-single-number\" data-number_format=\"\" data-number=\"33\" data-start_from=\"0\">33<\/span><\/strong><div class=\"avia-animated-number-content\"><p>Livres<\/p>\n<\/div><\/div><\/div>\n<\/p>\n<\/div><\/div><\/div><!-- close content main div --><\/div><div class='av-extra-border-element border-extra-arrow-down'><div class='av-extra-border-outer'><div class='av-extra-border-inner'><\/div><\/div><\/div><\/div><div id='av-layout-grid-2'  class='av-layout-grid-container av-t03hu-d2f307bb8fe5788992ebbb9e34434c1f entry-content-wrapper main_color av-flex-cells  avia-builder-el-19  el_after_av_section  avia-builder-el-last  grid-row-not-first  container_wrap fullsize'  >\n\n<style type=\"text\/css\" data-created_by=\"avia_inline_auto\" id=\"style-css-av-iy336-d0f75b8a3bc60fdb3c8ed4037d2b9a97\">\n.flex_cell.av-iy336-d0f75b8a3bc60fdb3c8ed4037d2b9a97{\nvertical-align:top;\n}\n.responsive #top #wrap_all .flex_cell.av-iy336-d0f75b8a3bc60fdb3c8ed4037d2b9a97{\npadding:40px 40px 40px 40px !important;\n}\n<\/style>\n<div class='flex_cell av-iy336-d0f75b8a3bc60fdb3c8ed4037d2b9a97 av-gridrow-cell av_one_full no_margin  avia-builder-el-20  avia-builder-el-no-sibling ' ><div class='flex_cell_inner'><p>\n<style type=\"text\/css\" data-created_by=\"avia_inline_auto\" id=\"style-css-av-b9jua-50a8550e757d48afc3d48f1834fe587c\">\n#top .av-special-heading.av-b9jua-50a8550e757d48afc3d48f1834fe587c{\npadding-bottom:10px;\n}\nbody .av-special-heading.av-b9jua-50a8550e757d48afc3d48f1834fe587c .av-special-heading-tag .heading-char{\nfont-size:25px;\n}\n.av-special-heading.av-b9jua-50a8550e757d48afc3d48f1834fe587c .av-subheading{\nfont-size:15px;\n}\n<\/style>\n<div  class='av-special-heading av-b9jua-50a8550e757d48afc3d48f1834fe587c av-special-heading-h3  avia-builder-el-21  el_before_av_textblock  avia-builder-el-first '><h3 class='av-special-heading-tag'  itemprop=\"headline\"  >Pourquoi une salle de classe ouverte?<\/h3><div class=\"special-heading-border\"><div class=\"special-heading-inner-border\"><\/div><\/div><\/div><br \/>\n\n<style type=\"text\/css\" data-created_by=\"avia_inline_auto\" id=\"style-css-av-987eq-d478c9802baa63ca5ab3f0c9cfa2047b\">\n#top .av_textblock_section.av-987eq-d478c9802baa63ca5ab3f0c9cfa2047b .avia_textblock{\nfont-size:14px;\n}\n<\/style>\n<section  class='av_textblock_section av-987eq-d478c9802baa63ca5ab3f0c9cfa2047b'  itemscope=\"itemscope\" itemtype=\"https:\/\/schema.org\/CreativeWork\" ><div class='avia_textblock'  itemprop=\"text\" ><p><span style=\"font-weight: 400;\">L\u2019id\u00e9e de  <strong>ARASAAC Open Classroom<\/strong> a \u00e9merg\u00e9 au d\u00e9but de l\u2019ann\u00e9e acad\u00e9mique 16-17 en raison de la  <strong>la demande<\/strong> g\u00e9n\u00e9ralis\u00e9e des institutions, des professionnels et des familles, tant en Espagne qu\u2019en Am\u00e9rique latine, pour  formation <strong>continue<\/strong> <strong>et ouverte<\/strong> sur des sujets li\u00e9s \u00e0 <strong>Communication augment\u00e9e et alternative<\/strong> <strong>(CAA)<\/strong> et avec le  les applications informatiques <strong>librement<\/strong> distribu\u00e9es qui ont \u00e9t\u00e9 g\u00e9n\u00e9r\u00e9es \u00e0 partir des ressources, distribu\u00e9es avec une licence Creative Commons (BY-NC-SA) dans le <strong>Centre aragonais pour la communication augment\u00e9e et alternative ARASAAC<\/strong> (<\/span><a href=\"http:\/\/arasaac.org\/\" target=\"_blank\" rel=\"noopener\"><br \/>\n  <span style=\"font-weight: 400;\">http:\/\/arasaac.org\/<\/span><br \/>\n<\/a><span style=\"font-weight: 400;\">) &#8211; projet financ\u00e9 et coordonn\u00e9 par le gouvernement d\u2019Aragon-.<\/span><\/p>\n<p><span style=\"font-weight: 400;\">Depuis 2007, <strong> ARASAAC<\/strong> est devenu un syst\u00e8me de communication alternatif et augmentatif (<strong>CAA<\/strong>) de  <strong>reconnu de prestige national et international<\/strong> et, actuellement, il est utilis\u00e9 dans de nombreux pays comme AACS de r\u00e9f\u00e9rence et ses ressources sont fondamentales dans l\u2019adaptation et le d\u00e9veloppement de mat\u00e9riel pour les personnes ayant de graves difficult\u00e9s de communication et avec une diversit\u00e9 fonctionnelle (autisme, d\u00e9ficience intellectuelle, aphasie, etc.).  <\/span><\/p>\n<p><span style=\"font-weight: 400;\">Outre les mat\u00e9riaux, la propre licence Creative Commons <strong>d\u2019ARASAAC a favoris\u00e9 l\u2019apparition d\u2019applications<\/strong> gratuites pour PC et appareils mobiles avec une qualit\u00e9 tr\u00e8s contrast\u00e9e et qui ont contribu\u00e9 \u00e0 l\u2019extension du projet.<\/span><\/p>\n<p><span style=\"font-weight: 400;\">Les traitements de texte avec pictogrammes (AraWord), les applications pour \u00e9laborer des tableaux et du mat\u00e9riel de communication (Picto Selector), les communicateurs pour appareils mobiles (AraBoard, Pictodroid Lite, Letmetalk, CPA), les g\u00e9n\u00e9rateurs d\u2019agendas personnalis\u00e9s pour travailler sur l\u2019anticipation (PictogramAgenda), etc., sont des applications utilis\u00e9es quotidiennement par l\u2019ensemble de la communaut\u00e9 \u00e9ducative, bien qu\u2019il faille \u00e9galement affirmer  <strong>L\u2019ARASAAC<\/strong> a fait le saut vers d\u2019autres domaines tr\u00e8s importants tels que la sant\u00e9 (adaptation des protocoles avec des pictogrammes ou utilisation de communicateurs par des personnes ayant des AVC) ou la signalisation des espaces publics par de nombreuses municipalit\u00e9s.<\/span><\/p>\n<p><span style=\"font-weight: 400;\">  Bien que toutes ces ressources informatiques aient \u00e9t\u00e9 d\u00e9velopp\u00e9es en fonction de la plus grande facilit\u00e9 d\u2019utilisation pour l\u2019utilisateur final, il est vrai qu\u2019il existe une demande g\u00e9n\u00e9ralis\u00e9e de formation pour apprendre \u00e0 les utiliser et tirer le meilleur parti de chacune d\u2019elles.<\/span><\/p>\n<p><span style=\"font-weight: 400;\">Par cons\u00e9quent, dans la trajectoire que vous avez suivie  <strong>ARASAAC<\/strong> tout au long de ces ann\u00e9es, les auteurs de ce projet, nous croyons que c\u2019est une responsabilit\u00e9 que nous devons assumer pour  <strong>offrir un contenu de formation de qualit\u00e9<\/strong> sur des sujets li\u00e9s aux ressources de CAA et, en m\u00eame temps, emp\u00eacher d\u2019autres personnes de faire des affaires lucratives \u00e0 partir de ces ressources gr\u00e2ce \u00e0 des cours en ligne avec du contenu li\u00e9 \u00e0  <strong>ARASAAC <\/strong>et les ressources g\u00e9n\u00e9r\u00e9es par le projet.  <\/span><\/p>\n<p><span style=\"font-weight: 400;\">Dans cette classe virtuelle sous-tend \u00e9galement la philosophie originale du projet: <strong>\u00abla communication est un droit pour tous\u00bb.<\/strong> Par cons\u00e9quent, il semble appropri\u00e9 d\u2019offrir une formation \u00e0 toute personne ou professionnel qui en a besoin pour s\u2019occuper de son \u00e9l\u00e8ve ou de son enfant. Des personnes bien form\u00e9es garantiront une attention ad\u00e9quate aux personnes qui ont besoin de ces ressources pour am\u00e9liorer leur qualit\u00e9 de vie.<\/span><\/p>\n<\/div><\/section><\/p>\n<\/div><\/div><\/div>\n","protected":false},"excerpt":{"rendered":"","protected":false},"author":5,"featured_media":0,"parent":0,"menu_order":0,"comment_status":"open","ping_status":"open","template":"","meta":{"om_disable_all_campaigns":false,"_monsterinsights_skip_tracking":false,"_monsterinsights_sitenote_active":false,"_monsterinsights_sitenote_note":"","_monsterinsights_sitenote_category":0,"_uf_show_specific_survey":0,"_uf_disable_surveys":false,"footnotes":""},"class_list":["post-66825","page","type-page","status-publish","hentry"],"aioseo_notices":[],"_links":{"self":[{"href":"https:\/\/aulaabierta.arasaac.org\/fr\/wp-json\/wp\/v2\/pages\/66825","targetHints":{"allow":["GET"]}}],"collection":[{"href":"https:\/\/aulaabierta.arasaac.org\/fr\/wp-json\/wp\/v2\/pages"}],"about":[{"href":"https:\/\/aulaabierta.arasaac.org\/fr\/wp-json\/wp\/v2\/types\/page"}],"author":[{"embeddable":true,"href":"https:\/\/aulaabierta.arasaac.org\/fr\/wp-json\/wp\/v2\/users\/5"}],"replies":[{"embeddable":true,"href":"https:\/\/aulaabierta.arasaac.org\/fr\/wp-json\/wp\/v2\/comments?post=66825"}],"version-history":[{"count":35,"href":"https:\/\/aulaabierta.arasaac.org\/fr\/wp-json\/wp\/v2\/pages\/66825\/revisions"}],"predecessor-version":[{"id":144996,"href":"https:\/\/aulaabierta.arasaac.org\/fr\/wp-json\/wp\/v2\/pages\/66825\/revisions\/144996"}],"wp:attachment":[{"href":"https:\/\/aulaabierta.arasaac.org\/fr\/wp-json\/wp\/v2\/media?parent=66825"}],"curies":[{"name":"wp","href":"https:\/\/api.w.org\/{rel}","templated":true}]}}