{"id":66858,"date":"2016-12-15T09:21:35","date_gmt":"2016-12-15T09:21:35","guid":{"rendered":"https:\/\/aulaabierta.arasaac.org\/condiciones-de-uso"},"modified":"2023-02-09T11:13:50","modified_gmt":"2023-02-09T10:13:50","slug":"conditions-dutilisation","status":"publish","type":"page","link":"https:\/\/aulaabierta.arasaac.org\/fr\/conditions-dutilisation","title":{"rendered":"Conditions d\u2019utilisation"},"content":{"rendered":"\n<style type=\"text\/css\" data-created_by=\"avia_inline_auto\" id=\"style-css-av-1ryfi-12eb301734bdfd8e0193978b557f9c88\">\n#top .av-special-heading.av-1ryfi-12eb301734bdfd8e0193978b557f9c88{\npadding-bottom:10px;\n}\nbody .av-special-heading.av-1ryfi-12eb301734bdfd8e0193978b557f9c88 .av-special-heading-tag .heading-char{\nfont-size:25px;\n}\n.av-special-heading.av-1ryfi-12eb301734bdfd8e0193978b557f9c88 .av-subheading{\nfont-size:15px;\n}\n<\/style>\n<div  class='av-special-heading av-1ryfi-12eb301734bdfd8e0193978b557f9c88 av-special-heading-h3  avia-builder-el-0  el_before_av_textblock  avia-builder-el-first '><h3 class='av-special-heading-tag'  itemprop=\"headline\"  >Conditions d\u2019utilisation<\/h3><div class=\"special-heading-border\"><div class=\"special-heading-inner-border\"><\/div><\/div><\/div>\n\n<style type=\"text\/css\" data-created_by=\"avia_inline_auto\" id=\"style-css-av-jnfjy-47f3f0c84633c2b96efe4b7a5c32956a\">\n#top .av_textblock_section.av-jnfjy-47f3f0c84633c2b96efe4b7a5c32956a .avia_textblock{\nfont-size:14px;\n}\n<\/style>\n<section  class='av_textblock_section av-jnfjy-47f3f0c84633c2b96efe4b7a5c32956a'  itemscope=\"itemscope\" itemtype=\"https:\/\/schema.org\/CreativeWork\" ><div class='avia_textblock'  itemprop=\"text\" ><p>ARASAAC est une marque du gouvernement d\u2019Aragon, enregistr\u00e9e aupr\u00e8s de l\u2019Office espagnol des brevets et des marques. La collection de pictogrammes ARASAAC est inscrite au Registre g\u00e9n\u00e9ral de la propri\u00e9t\u00e9 intellectuelle (No. D\u00e9p\u00f4t l\u00e9gal Z 901-2013) en tant qu\u2019\u0153uvre collective au nom de la Diputaci\u00f3n General de Arag\u00f3n, qui l\u2019a \u00e9dit\u00e9e et divulgu\u00e9e conform\u00e9ment aux dispositions de l\u2019article 8 du texte r\u00e9vis\u00e9 de la Loi sur la propri\u00e9t\u00e9 intellectuelle, approuv\u00e9 par le d\u00e9cret l\u00e9gislatif royal 1\/1996, du 12 avril.<\/p>\n<p>Toutes les ressources offertes dans la classe virtuelle (tutoriels, manuels, tutoriels vid\u00e9o, mat\u00e9riels et ressources) sont publi\u00e9es sous <a href=\"https:\/\/creativecommons.org\/licenses\/by-nc-sa\/4.0\/\" target=\"_blank\" rel=\"noopener\"><br \/>\n  <strong>une licence Creative Commons (BY-NC-SA),<\/strong><br \/>\n<\/a>autorisant leur utilisation \u00e0 condition que la source, l\u2019auteur, soient partag\u00e9s sous la m\u00eame licence et N\u2019EN FASSENT PAS UN USAGE COMMERCIAL.<\/p>\n<p>Cela implique que toute \u0153uvre d\u00e9riv\u00e9e \u00e9labor\u00e9e \u00e0 partir des ressources contenues dans cette Open Classroom doit \u00eatre distribu\u00e9e avec la m\u00eame licence Creative Commons (BY-NC-SA), les auteurs des ressources doivent \u00eatre cit\u00e9s, l\u2019origine de celles-ci (Open Classroom of ARASAAC) et la licence sous laquelle elles sont distribu\u00e9es (Creative Commons BY-NC-SA). Deux fa\u00e7ons de prendre ce rendez-vous sont :<\/p>\n<blockquote>\n<p><i>\u00ab<strong>Auteurs des tutoriels et tutoriels vid\u00e9o:<\/strong> ARASAAC <strong>Provenance:<\/strong> Open Classroom of ARASAAC (https:\/\/aulaabierta.arasaac.org\/) <strong>Licence:<\/strong> CC (BY-NC-SA) <strong>Propri\u00e9t\u00e9:<\/strong> Gouvernement d\u2019Aragon\u00bb<\/i><\/p>\n<\/blockquote>\n<p>ou<\/p>\n<blockquote>\n<p><i>\u00ab<em>Les ressources utilis\u00e9es sont la propri\u00e9t\u00e9 du gouvernement d\u2019Aragon et ont \u00e9t\u00e9 cr\u00e9\u00e9es par l\u2019\u00e9quipe ARASAAC pour l\u2019ARASAAC Open Classroom (https:\/\/aulaabierta.arasaac.org\/) qui les distribue sous licence Creative Commons (BY-NC-SA).<\/em><em>\u00bb<\/em><\/i><\/p>\n<\/blockquote>\n<p>L\u2019utilisation de ces ressources dans tout produit ou publication \u00e0 des fins commerciales est donc exclue de cette autorisation.<\/p>\n<p>Pour toute autre utilisation, la reproduction totale ou partielle de ces mat\u00e9riaux par quelque moyen ou proc\u00e9dure que ce soit, y compris la reprographie et le traitement informatique, est strictement interdite, sans l\u2019autorisation \u00e9crite des titulaires du \u00abDroit d\u2019auteur\u00bb, sous les sanctions \u00e9tablies par la loi.<\/p>\n<\/div><\/section>\n\n<style type=\"text\/css\" data-created_by=\"avia_inline_auto\" id=\"style-css-av-axu7a-0d2ebd44f3f9490e3eec1cd372a3b2fe\">\n#top .av-special-heading.av-axu7a-0d2ebd44f3f9490e3eec1cd372a3b2fe{\npadding-bottom:10px;\n}\nbody .av-special-heading.av-axu7a-0d2ebd44f3f9490e3eec1cd372a3b2fe .av-special-heading-tag .heading-char{\nfont-size:25px;\n}\n.av-special-heading.av-axu7a-0d2ebd44f3f9490e3eec1cd372a3b2fe .av-subheading{\nfont-size:15px;\n}\n<\/style>\n<div  class='av-special-heading av-axu7a-0d2ebd44f3f9490e3eec1cd372a3b2fe av-special-heading-h3  avia-builder-el-2  el_after_av_textblock  el_before_av_textblock '><h3 class='av-special-heading-tag'  itemprop=\"headline\"  >D\u00e9menti<\/h3><div class=\"special-heading-border\"><div class=\"special-heading-inner-border\"><\/div><\/div><\/div>\n\n<style type=\"text\/css\" data-created_by=\"avia_inline_auto\" id=\"style-css-av-bl9ke-980518f447c3fc28bc0948eb8a6609ae\">\n#top .av_textblock_section.av-bl9ke-980518f447c3fc28bc0948eb8a6609ae .avia_textblock{\nfont-size:14px;\n}\n<\/style>\n<section  class='av_textblock_section av-bl9ke-980518f447c3fc28bc0948eb8a6609ae'  itemscope=\"itemscope\" itemtype=\"https:\/\/schema.org\/CreativeWork\" ><div class='avia_textblock'  itemprop=\"text\" ><p>L\u2019ARASAAC Open Classroom est informatif et indicatif, et vise \u00e0 mettre \u00e0 la disposition de toute personne int\u00e9ress\u00e9e, des informations et du mat\u00e9riel pour leur formation. Cependant, il convient de noter ce qui suit:<\/p>\n<ul>\n<ul>\n<ul>\n<ul>\n<ul>\n<li>Le contenu propos\u00e9 n\u2019a pas d\u2019effets contraignants pour le gouvernement d\u2019Aragon, de sorte qu\u2019aucune responsabilit\u00e9 n\u2019est assum\u00e9e pour son contenu.<\/li>\n<\/ul>\n<\/ul>\n<\/ul>\n<\/ul>\n<\/ul>\n<ul>\n<ul>\n<ul>\n<ul>\n<ul>\n<li>Les informations fournies peuvent ne pas \u00eatre exhaustives, exactes ou \u00e0 jour.<\/li>\n<\/ul>\n<\/ul>\n<\/ul>\n<\/ul>\n<\/ul>\n<ul>\n<ul>\n<ul>\n<ul>\n<ul>\n<li>Des liens sont fournis vers des pages externes sur lesquelles le Gouvernement d\u2019Aragon n\u2019a aucun contr\u00f4le, et pour lesquelles il d\u00e9cline toute responsabilit\u00e9.<\/li>\n<\/ul>\n<\/ul>\n<\/ul>\n<\/ul>\n<\/ul>\n<p>Le gouvernement d\u2019Aragon n\u2019est pas responsable de l\u2019utilisation inappropri\u00e9e ou n\u00e9gligente des ressources contenues dans cette salle de classe ouverte faite par des tiers qui d\u00e9passe les termes de la licence Creative Commons (BY-NC-SA).<\/p>\n<\/div><\/section>\n","protected":false},"excerpt":{"rendered":"","protected":false},"author":5,"featured_media":0,"parent":0,"menu_order":0,"comment_status":"closed","ping_status":"closed","template":"","meta":{"om_disable_all_campaigns":false,"_monsterinsights_skip_tracking":false,"_monsterinsights_sitenote_active":false,"_monsterinsights_sitenote_note":"","_monsterinsights_sitenote_category":0,"_uf_show_specific_survey":0,"_uf_disable_surveys":false,"footnotes":""},"class_list":["post-66858","page","type-page","status-publish","hentry"],"aioseo_notices":[],"_links":{"self":[{"href":"https:\/\/aulaabierta.arasaac.org\/fr\/wp-json\/wp\/v2\/pages\/66858","targetHints":{"allow":["GET"]}}],"collection":[{"href":"https:\/\/aulaabierta.arasaac.org\/fr\/wp-json\/wp\/v2\/pages"}],"about":[{"href":"https:\/\/aulaabierta.arasaac.org\/fr\/wp-json\/wp\/v2\/types\/page"}],"author":[{"embeddable":true,"href":"https:\/\/aulaabierta.arasaac.org\/fr\/wp-json\/wp\/v2\/users\/5"}],"replies":[{"embeddable":true,"href":"https:\/\/aulaabierta.arasaac.org\/fr\/wp-json\/wp\/v2\/comments?post=66858"}],"version-history":[{"count":26,"href":"https:\/\/aulaabierta.arasaac.org\/fr\/wp-json\/wp\/v2\/pages\/66858\/revisions"}],"predecessor-version":[{"id":145028,"href":"https:\/\/aulaabierta.arasaac.org\/fr\/wp-json\/wp\/v2\/pages\/66858\/revisions\/145028"}],"wp:attachment":[{"href":"https:\/\/aulaabierta.arasaac.org\/fr\/wp-json\/wp\/v2\/media?parent=66858"}],"curies":[{"name":"wp","href":"https:\/\/api.w.org\/{rel}","templated":true}]}}