{"id":66940,"date":"2021-05-05T07:35:57","date_gmt":"2021-05-05T06:35:57","guid":{"rendered":"https:\/\/aulaabierta.arasaac.org\/materiales-cuadro-de-busqueda"},"modified":"2023-02-09T11:13:51","modified_gmt":"2023-02-09T10:13:51","slug":"boite-de-recherche-de-materiaux","status":"publish","type":"page","link":"https:\/\/aulaabierta.arasaac.org\/fr\/boite-de-recherche-de-materiaux","title":{"rendered":"Tutoriel 13 &#8211; Site Web de l\u2019ARASAAC &#8211; Mat\u00e9riaux &#8211; Bo\u00eete de recherche"},"content":{"rendered":"<div id='av-layout-grid-1'  class='av-layout-grid-container av-pnep5h-f1b0ad97bd538c9ff01ca12a9c658404 entry-content-wrapper alternate_color av-border-cells av-flex-cells  avia-builder-el-0  el_before_av_textblock  avia-builder-el-first   container_wrap fullsize'  >\n\n<style type=\"text\/css\" data-created_by=\"avia_inline_auto\" id=\"style-css-av-orii9x-eed3c4e3301b190a8cb0365ef52132c5\">\n.flex_cell.av-orii9x-eed3c4e3301b190a8cb0365ef52132c5{\nvertical-align:top;\n}\n.responsive #top #wrap_all .flex_cell.av-orii9x-eed3c4e3301b190a8cb0365ef52132c5{\npadding:30px 30px 30px 30px !important;\n}\n<\/style>\n<div class='flex_cell av-orii9x-eed3c4e3301b190a8cb0365ef52132c5 av-gridrow-cell av_one_fifth no_margin  avia-builder-el-1  el_before_av_cell_four_fifth  avia-builder-el-first ' ><div class='flex_cell_inner'>\n<style type=\"text\/css\" data-created_by=\"avia_inline_auto\" id=\"style-css-av-28ajol-000134d5dfdedeac3137603da460e51b\">\n.avia-image-container.av-28ajol-000134d5dfdedeac3137603da460e51b img.avia_image{\nbox-shadow:none;\n}\n.avia-image-container.av-28ajol-000134d5dfdedeac3137603da460e51b .av-caption-image-overlay-bg{\nopacity:0.4;\nbackground-color:#000000;\n}\n.avia-image-container.av-28ajol-000134d5dfdedeac3137603da460e51b .av-image-caption-overlay-center{\ncolor:#ffffff;\n}\n<\/style>\n<div  class='avia-image-container av-28ajol-000134d5dfdedeac3137603da460e51b av-styling- avia-align-left  avia-builder-el-2  avia-builder-el-no-sibling  noHover av-overlay-on-hover'   itemprop=\"image\" itemscope=\"itemscope\" itemtype=\"https:\/\/schema.org\/ImageObject\" ><div class=\"avia-image-container-inner\"><div class=\"avia-image-overlay-wrap\"><a href=\"https:\/\/aulaabierta.arasaac.org\/fr\/tutoriel-web-page-arasaac\" class='avia_image' ><div class=\"av-image-caption-overlay\"><div class=\"av-caption-image-overlay-bg\"><\/div><div class=\"av-image-caption-overlay-position\"><div class=\"av-image-caption-overlay-center\"><p>Retour en haut de la page<\/p>\n<\/div><\/div><\/div><img decoding=\"async\" class='wp-image-63918 avia-img-lazy-loading-not-63918 avia_image ' src=\"https:\/\/aulaabierta.arasaac.org\/wp-content\/uploads\/2021\/04\/web_nueva.png\" alt='' title='web_nueva'  height=\"500\" width=\"500\"  itemprop=\"thumbnailUrl\" srcset=\"https:\/\/aulaabierta.arasaac.org\/wp-content\/uploads\/2021\/04\/web_nueva.png 500w, https:\/\/aulaabierta.arasaac.org\/wp-content\/uploads\/2021\/04\/web_nueva-300x300.png 300w, https:\/\/aulaabierta.arasaac.org\/wp-content\/uploads\/2021\/04\/web_nueva-80x80.png 80w, https:\/\/aulaabierta.arasaac.org\/wp-content\/uploads\/2021\/04\/web_nueva-36x36.png 36w, https:\/\/aulaabierta.arasaac.org\/wp-content\/uploads\/2021\/04\/web_nueva-180x180.png 180w, https:\/\/aulaabierta.arasaac.org\/wp-content\/uploads\/2021\/04\/web_nueva-120x120.png 120w, https:\/\/aulaabierta.arasaac.org\/wp-content\/uploads\/2021\/04\/web_nueva-450x450.png 450w, https:\/\/aulaabierta.arasaac.org\/wp-content\/uploads\/2021\/04\/web_nueva-150x150.png 150w\" sizes=\"(max-width: 500px) 100vw, 500px\" \/><\/a><\/div><\/div><\/div>\n<\/div><\/div>\n<style type=\"text\/css\" data-created_by=\"avia_inline_auto\" id=\"style-css-av-kln9vp-91025341852359c5ee6404f950fd4750\">\n.flex_cell.av-kln9vp-91025341852359c5ee6404f950fd4750{\nvertical-align:middle;\n}\n.responsive #top #wrap_all .flex_cell.av-kln9vp-91025341852359c5ee6404f950fd4750{\npadding:30px 30px 30px 30px !important;\n}\n<\/style>\n<div class='flex_cell av-kln9vp-91025341852359c5ee6404f950fd4750 av-gridrow-cell av_four_fifth no_margin  avia-builder-el-3  el_after_av_cell_one_fifth  avia-builder-el-last ' ><div class='flex_cell_inner'>\n<style type=\"text\/css\" data-created_by=\"avia_inline_auto\" id=\"style-css-av-kob5hluj-e994536017e4ea9e897d53f589fe094a\">\n#top .av-special-heading.av-kob5hluj-e994536017e4ea9e897d53f589fe094a{\npadding-bottom:0;\n}\nbody .av-special-heading.av-kob5hluj-e994536017e4ea9e897d53f589fe094a .av-special-heading-tag .heading-char{\nfont-size:25px;\n}\n#top #wrap_all .av-special-heading.av-kob5hluj-e994536017e4ea9e897d53f589fe094a .av-special-heading-tag{\nfont-size:26px;\n}\n.av-special-heading.av-kob5hluj-e994536017e4ea9e897d53f589fe094a .av-subheading{\nfont-size:15px;\n}\n<\/style>\n<div  class='av-special-heading av-kob5hluj-e994536017e4ea9e897d53f589fe094a av-special-heading-h2  avia-builder-el-4  avia-builder-el-no-sibling '><h2 class='av-special-heading-tag'  itemprop=\"headline\"  >TUTORIEL 13 &#8211; SITE WEB DE L\u2019ARASAAC &#8211; MAT\u00c9RIAUX &#8211; BO\u00ceTE DE RECHERCHE<\/h2><div class=\"special-heading-border\"><div class=\"special-heading-inner-border\"><\/div><\/div><\/div>\n<\/div><\/div>\n<\/div><div id='after_grid_row_1'  class='main_color av_default_container_wrap container_wrap fullsize'  ><div class='container av-section-cont-open' ><div class='template-page content  av-content-full alpha units'><div class='post-entry post-entry-type-page post-entry-66940'><div class='entry-content-wrapper clearfix'>\n\n<style type=\"text\/css\" data-created_by=\"avia_inline_auto\" id=\"style-css-av-hrgnbp-4e9478d5f32e3b6706e12bd22f8ff4b5\">\n#top .av_textblock_section.av-hrgnbp-4e9478d5f32e3b6706e12bd22f8ff4b5 .avia_textblock{\nfont-size:16px;\n}\n<\/style>\n<section  class='av_textblock_section av-hrgnbp-4e9478d5f32e3b6706e12bd22f8ff4b5'  itemscope=\"itemscope\" itemtype=\"https:\/\/schema.org\/CreativeWork\" ><div class='avia_textblock'  itemprop=\"text\" ><h6 style=\"text-align: center;\"><img loading=\"lazy\" decoding=\"async\" class=\"aligncenter size-full wp-image-932\" src=\"https:\/\/aulaabierta.arasaac.org\/wp-content\/uploads\/2016\/12\/by-nc-sa.eu_petit.png\" alt=\"\" width=\"118\" height=\"41\">Cette \u0153uvre est sous licence <a href=\"http:\/\/creativecommons.org\/licenses\/by-nc-sa\/4.0\/\" rel=\"license\">Creative Commons Attribution-NonComercial-ShareAlike 4.0 International.<\/a><\/h6>\n<hr>\n<p>L\u2019une des sections les plus importantes du site Web de <a href=\"https:\/\/arasaac.org\/\" target=\"_blank\" rel=\"noopener\"><strong>l\u2019ARASAAC<\/strong><\/a> sont les documents partag\u00e9s par les collaborateurs de mani\u00e8re altruiste et avec la m\u00eame licence que les pictogrammes.<\/p>\n<p>Lorsque nous entrons dans la section <strong>Mat\u00e9riaux,<\/strong>nous trouvons un champ de recherche et une s\u00e9rie de filtres que nous expliquerons dans ce tutoriel et dans le suivant.<\/p>\n<p>En bas, sous le champ de recherche et les filtres, nous nous concentrons sur les mat\u00e9riaux affich\u00e9s sur cette page qui correspondent aux <strong>1o0 derni\u00e8res feuilles de mat\u00e9riaux<\/strong> qui ont \u00e9t\u00e9 <strong>publi\u00e9s, aux nouveaux mat\u00e9riaux ou aux traductions de mat\u00e9riaux.<\/strong> Comme dans le cas des pictogrammes, on retrouve la pagination en haut pour se d\u00e9placer.<\/p>\n<p><img loading=\"lazy\" decoding=\"async\" class=\"size-large wp-image-22366 aligncenter\" src=\"https:\/\/aulaabierta.arasaac.org\/wp-content\/uploads\/2021\/05\/Busqueda_de_materiales_pictogramas_ARASAAC-1030x465.jpg\" alt=\"\" width=\"1030\" height=\"465\" srcset=\"https:\/\/aulaabierta.arasaac.org\/wp-content\/uploads\/2021\/05\/Busqueda_de_materiales_pictogramas_ARASAAC-1030x465.jpg 1030w, https:\/\/aulaabierta.arasaac.org\/wp-content\/uploads\/2021\/05\/Busqueda_de_materiales_pictogramas_ARASAAC-300x136.jpg 300w, https:\/\/aulaabierta.arasaac.org\/wp-content\/uploads\/2021\/05\/Busqueda_de_materiales_pictogramas_ARASAAC-768x347.jpg 768w, https:\/\/aulaabierta.arasaac.org\/wp-content\/uploads\/2021\/05\/Busqueda_de_materiales_pictogramas_ARASAAC-1536x694.jpg 1536w, https:\/\/aulaabierta.arasaac.org\/wp-content\/uploads\/2021\/05\/Busqueda_de_materiales_pictogramas_ARASAAC-1500x678.jpg 1500w, https:\/\/aulaabierta.arasaac.org\/wp-content\/uploads\/2021\/05\/Busqueda_de_materiales_pictogramas_ARASAAC-705x319.jpg 705w, https:\/\/aulaabierta.arasaac.org\/wp-content\/uploads\/2021\/05\/Busqueda_de_materiales_pictogramas_ARASAAC-450x203.jpg 450w, https:\/\/aulaabierta.arasaac.org\/wp-content\/uploads\/2021\/05\/Busqueda_de_materiales_pictogramas_ARASAAC.jpg 1580w\" sizes=\"auto, (max-width: 1030px) 100vw, 1030px\" \/><\/p>\n<p>Sur le site Web, nous pouvons trouver plusieurs <strong>m\u00e9thodes de recherche<\/strong> pour localiser le mat\u00e9riel dont nous avons besoin pour notre travail quotidien. Il est important de commenter, avant de commencer \u00e0 effectuer des recherches, que le moyen le plus efficace est l\u2019utilisation de filtres combin\u00e9s avec un mot, comme nous en discuterons dans le tutoriel suivant.<\/p>\n<p>Dans ce tutoriel, nous allons vous guider dans l\u2019utilisation<strong>de l\u2019outil de recherche de texte.<\/strong> Pour ce faire, nous entrons un ou plusieurs mots dans la bo\u00eete.<\/p>\n<p><img loading=\"lazy\" decoding=\"async\" class=\"size-large wp-image-22365 aligncenter\" src=\"https:\/\/aulaabierta.arasaac.org\/wp-content\/uploads\/2021\/05\/Busqueda_de_materiales_pictogramas_ARASAAC_1-1030x469.jpg\" alt=\"\" width=\"1030\" height=\"469\" srcset=\"https:\/\/aulaabierta.arasaac.org\/wp-content\/uploads\/2021\/05\/Busqueda_de_materiales_pictogramas_ARASAAC_1-1030x469.jpg 1030w, https:\/\/aulaabierta.arasaac.org\/wp-content\/uploads\/2021\/05\/Busqueda_de_materiales_pictogramas_ARASAAC_1-300x137.jpg 300w, https:\/\/aulaabierta.arasaac.org\/wp-content\/uploads\/2021\/05\/Busqueda_de_materiales_pictogramas_ARASAAC_1-768x350.jpg 768w, https:\/\/aulaabierta.arasaac.org\/wp-content\/uploads\/2021\/05\/Busqueda_de_materiales_pictogramas_ARASAAC_1-1536x699.jpg 1536w, https:\/\/aulaabierta.arasaac.org\/wp-content\/uploads\/2021\/05\/Busqueda_de_materiales_pictogramas_ARASAAC_1-1500x683.jpg 1500w, https:\/\/aulaabierta.arasaac.org\/wp-content\/uploads\/2021\/05\/Busqueda_de_materiales_pictogramas_ARASAAC_1-705x321.jpg 705w, https:\/\/aulaabierta.arasaac.org\/wp-content\/uploads\/2021\/05\/Busqueda_de_materiales_pictogramas_ARASAAC_1-450x205.jpg 450w, https:\/\/aulaabierta.arasaac.org\/wp-content\/uploads\/2021\/05\/Busqueda_de_materiales_pictogramas_ARASAAC_1.jpg 1577w\" sizes=\"auto, (max-width: 1030px) 100vw, 1030px\" \/><\/p>\n<p>Par exemple, si nous recherchons des mat\u00e9riaux sur les couleurs, nous tapons ce mot dans la zone de recherche et toutes les feuilles de mat\u00e9riaux apparaissent dans lesquelles le mot couleurs appara\u00eet dans le titre ou la description.<\/p>\n<p><img loading=\"lazy\" decoding=\"async\" class=\"size-large wp-image-22375 aligncenter\" src=\"https:\/\/aulaabierta.arasaac.org\/wp-content\/uploads\/2021\/05\/Busqueda_de_materiales_pictogramas_ARASAAC_2-1030x471.jpg\" alt=\"\" width=\"1030\" height=\"471\" srcset=\"https:\/\/aulaabierta.arasaac.org\/wp-content\/uploads\/2021\/05\/Busqueda_de_materiales_pictogramas_ARASAAC_2-1030x471.jpg 1030w, https:\/\/aulaabierta.arasaac.org\/wp-content\/uploads\/2021\/05\/Busqueda_de_materiales_pictogramas_ARASAAC_2-300x137.jpg 300w, https:\/\/aulaabierta.arasaac.org\/wp-content\/uploads\/2021\/05\/Busqueda_de_materiales_pictogramas_ARASAAC_2-768x351.jpg 768w, https:\/\/aulaabierta.arasaac.org\/wp-content\/uploads\/2021\/05\/Busqueda_de_materiales_pictogramas_ARASAAC_2-1536x703.jpg 1536w, https:\/\/aulaabierta.arasaac.org\/wp-content\/uploads\/2021\/05\/Busqueda_de_materiales_pictogramas_ARASAAC_2-1500x686.jpg 1500w, https:\/\/aulaabierta.arasaac.org\/wp-content\/uploads\/2021\/05\/Busqueda_de_materiales_pictogramas_ARASAAC_2-705x323.jpg 705w, https:\/\/aulaabierta.arasaac.org\/wp-content\/uploads\/2021\/05\/Busqueda_de_materiales_pictogramas_ARASAAC_2-450x206.jpg 450w, https:\/\/aulaabierta.arasaac.org\/wp-content\/uploads\/2021\/05\/Busqueda_de_materiales_pictogramas_ARASAAC_2.jpg 1580w\" sizes=\"auto, (max-width: 1030px) 100vw, 1030px\" \/><\/p>\n<p>Si nous entrons deux mots ou plus, comme dans le cas de la conscience phonologique, la recherche nous montrera les mat\u00e9riaux qui contiennent ces deux mots.<\/p>\n<p><img loading=\"lazy\" decoding=\"async\" class=\"size-large wp-image-22377 aligncenter\" src=\"https:\/\/aulaabierta.arasaac.org\/wp-content\/uploads\/2021\/05\/Busqueda_de_materiales_pictogramas_ARASAAC_3-1030x472.jpg\" alt=\"\" width=\"1030\" height=\"472\" srcset=\"https:\/\/aulaabierta.arasaac.org\/wp-content\/uploads\/2021\/05\/Busqueda_de_materiales_pictogramas_ARASAAC_3-1030x472.jpg 1030w, https:\/\/aulaabierta.arasaac.org\/wp-content\/uploads\/2021\/05\/Busqueda_de_materiales_pictogramas_ARASAAC_3-300x138.jpg 300w, https:\/\/aulaabierta.arasaac.org\/wp-content\/uploads\/2021\/05\/Busqueda_de_materiales_pictogramas_ARASAAC_3-768x352.jpg 768w, https:\/\/aulaabierta.arasaac.org\/wp-content\/uploads\/2021\/05\/Busqueda_de_materiales_pictogramas_ARASAAC_3-1536x705.jpg 1536w, https:\/\/aulaabierta.arasaac.org\/wp-content\/uploads\/2021\/05\/Busqueda_de_materiales_pictogramas_ARASAAC_3-1500x688.jpg 1500w, https:\/\/aulaabierta.arasaac.org\/wp-content\/uploads\/2021\/05\/Busqueda_de_materiales_pictogramas_ARASAAC_3-705x323.jpg 705w, https:\/\/aulaabierta.arasaac.org\/wp-content\/uploads\/2021\/05\/Busqueda_de_materiales_pictogramas_ARASAAC_3-450x206.jpg 450w, https:\/\/aulaabierta.arasaac.org\/wp-content\/uploads\/2021\/05\/Busqueda_de_materiales_pictogramas_ARASAAC_3.jpg 1574w\" sizes=\"auto, (max-width: 1030px) 100vw, 1030px\" \/><\/p>\n<p>Pour affiner la recherche, nous pouvons utiliser le tableau des citations dans la zone de recherche. Nous devons garder \u00e0 l\u2019esprit que ce type de recherche n\u2019affichera que les documents qui contiennent les mots entre guillemets dans cet ordre. Par exemple, si nous \u00e9crivons \u00abagenda visuel\u00bb, il ne nous montrera que les documents qui contiennent ces deux mots et dans cet ordre.<\/p>\n<p><img loading=\"lazy\" decoding=\"async\" class=\"size-large wp-image-22379 aligncenter\" src=\"https:\/\/aulaabierta.arasaac.org\/wp-content\/uploads\/2021\/05\/Busqueda_de_materiales_pictogramas_ARASAAC_4-1030x434.jpg\" alt=\"\" width=\"1030\" height=\"434\" srcset=\"https:\/\/aulaabierta.arasaac.org\/wp-content\/uploads\/2021\/05\/Busqueda_de_materiales_pictogramas_ARASAAC_4-1030x434.jpg 1030w, https:\/\/aulaabierta.arasaac.org\/wp-content\/uploads\/2021\/05\/Busqueda_de_materiales_pictogramas_ARASAAC_4-300x126.jpg 300w, https:\/\/aulaabierta.arasaac.org\/wp-content\/uploads\/2021\/05\/Busqueda_de_materiales_pictogramas_ARASAAC_4-768x324.jpg 768w, https:\/\/aulaabierta.arasaac.org\/wp-content\/uploads\/2021\/05\/Busqueda_de_materiales_pictogramas_ARASAAC_4-1536x648.jpg 1536w, https:\/\/aulaabierta.arasaac.org\/wp-content\/uploads\/2021\/05\/Busqueda_de_materiales_pictogramas_ARASAAC_4-1500x632.jpg 1500w, https:\/\/aulaabierta.arasaac.org\/wp-content\/uploads\/2021\/05\/Busqueda_de_materiales_pictogramas_ARASAAC_4-705x297.jpg 705w, https:\/\/aulaabierta.arasaac.org\/wp-content\/uploads\/2021\/05\/Busqueda_de_materiales_pictogramas_ARASAAC_4-450x190.jpg 450w, https:\/\/aulaabierta.arasaac.org\/wp-content\/uploads\/2021\/05\/Busqueda_de_materiales_pictogramas_ARASAAC_4.jpg 1575w\" sizes=\"auto, (max-width: 1030px) 100vw, 1030px\" \/><\/p>\n<p>Pour cette raison, il peut arriver que nous effectuions des recherches entre guillemets qui ne nous montrent aucun mat\u00e9riel. Ces types de recherches n\u00e9cessitent une certaine pratique de notre part et une connaissance des documents contenus dans le site Web.<\/p>\n<\/div><\/section>\n\n<style type=\"text\/css\" data-created_by=\"avia_inline_auto\" id=\"style-css-av-kobcw2fh-d8cd260e661858473a6e9a712bb9d5d4\">\n#top .av-special-heading.av-kobcw2fh-d8cd260e661858473a6e9a712bb9d5d4{\npadding-bottom:10px;\n}\nbody .av-special-heading.av-kobcw2fh-d8cd260e661858473a6e9a712bb9d5d4 .av-special-heading-tag .heading-char{\nfont-size:25px;\n}\n.av-special-heading.av-kobcw2fh-d8cd260e661858473a6e9a712bb9d5d4 .av-subheading{\nfont-size:15px;\n}\n<\/style>\n<div  class='av-special-heading av-kobcw2fh-d8cd260e661858473a6e9a712bb9d5d4 av-special-heading-h3  avia-builder-el-6  el_after_av_textblock  el_before_av_video '><h3 class='av-special-heading-tag'  itemprop=\"headline\"  >Tutoriel vid\u00e9o<\/h3><div class=\"special-heading-border\"><div class=\"special-heading-inner-border\"><\/div><\/div><\/div>\n<div  class='avia-video av-kobcvy4f-08c96a44e94b2cd07deab0adb44959a0 avia-video-16-9 av-no-preview-image avia-video-load-always av-lazyload-immediate av-lazyload-video-embed'  itemprop=\"video\" itemtype=\"https:\/\/schema.org\/VideoObject\"  data-original_url='https:\/\/youtu.be\/V5YfB8dOPz8'><script type='text\/html' class='av-video-tmpl'><div class='avia-iframe-wrap'><iframe loading=\"lazy\" title=\"TUTORIAL 13 \u2013 P\u00c1GINA WEB DE ARASAAC \u2013 MATERIALES - CUADRO DE B\u00daSQUEDA\" width=\"1500\" height=\"844\" src=\"https:\/\/www.youtube.com\/embed\/V5YfB8dOPz8?feature=oembed&autoplay=0&loop=0&controls=1&mute=0\" frameborder=\"0\" allow=\"accelerometer; autoplay; clipboard-write; encrypted-media; gyroscope; picture-in-picture\" allowfullscreen><\/iframe><\/div><\/script><div class='av-click-to-play-overlay'><div class=\"avia_playpause_icon\"><\/div><\/div><\/div>\n<\/div><\/div><\/div><!-- close content main div --><\/div><\/div><div id='av-layout-grid-2'  class='av-layout-grid-container av-f3tczp-cce5fbd2a42be631b2cf32320cacc69e entry-content-wrapper main_color av-border-top-bottom av-flex-cells  avia-builder-el-8  el_after_av_video  avia-builder-el-last  grid-row-not-first  container_wrap fullsize'  >\n\n<style type=\"text\/css\" data-created_by=\"avia_inline_auto\" id=\"style-css-av-dpel79-93c18472cef4c359aeea4e5f2938c84d\">\n.flex_cell.av-dpel79-93c18472cef4c359aeea4e5f2938c84d{\nvertical-align:top;\n}\n.responsive #top #wrap_all .flex_cell.av-dpel79-93c18472cef4c359aeea4e5f2938c84d{\npadding:30px 30px 30px 30px !important;\n}\n<\/style>\n<div class='flex_cell av-dpel79-93c18472cef4c359aeea4e5f2938c84d av-gridrow-cell av_one_fifth no_margin  avia-builder-el-9  el_before_av_cell_one_fifth  avia-builder-el-first ' ><div class='flex_cell_inner'>\n<style type=\"text\/css\" data-created_by=\"avia_inline_auto\" id=\"style-css-av-c9hl91-7cb1340a0cacdeb56a4b2b2591c57da8\">\n.avia-image-container.av-c9hl91-7cb1340a0cacdeb56a4b2b2591c57da8 img.avia_image{\nbox-shadow:none;\n}\n.avia-image-container.av-c9hl91-7cb1340a0cacdeb56a4b2b2591c57da8 .av-image-caption-overlay-center{\ncolor:#ffffff;\n}\n<\/style>\n<div  class='avia-image-container av-c9hl91-7cb1340a0cacdeb56a4b2b2591c57da8 av-styling- avia-align-center  avia-builder-el-10  avia-builder-el-no-sibling '   itemprop=\"image\" itemscope=\"itemscope\" itemtype=\"https:\/\/schema.org\/ImageObject\" ><div class=\"avia-image-container-inner\"><div class=\"avia-image-overlay-wrap\"><a href=\"https:\/\/aulaabierta.arasaac.org\/fr\/vocabulaire-nucleaire-arasaac\" class='avia_image' ><img decoding=\"async\" class='wp-image-23492 avia-img-lazy-loading-not-23492 avia_image ' src=\"https:\/\/aulaabierta.arasaac.org\/wp-content\/uploads\/2016\/12\/before-80x80.png\" alt='' title='before'  height=\"80\" width=\"80\"  itemprop=\"thumbnailUrl\" srcset=\"https:\/\/aulaabierta.arasaac.org\/wp-content\/uploads\/2016\/12\/before-80x80.png 80w, https:\/\/aulaabierta.arasaac.org\/wp-content\/uploads\/2016\/12\/before-36x36.png 36w, https:\/\/aulaabierta.arasaac.org\/wp-content\/uploads\/2016\/12\/before-120x120.png 120w, https:\/\/aulaabierta.arasaac.org\/wp-content\/uploads\/2016\/12\/before.png 128w\" sizes=\"(max-width: 80px) 100vw, 80px\" \/><\/a><\/div><\/div><\/div>\n<\/div><\/div>\n<style type=\"text\/css\" data-created_by=\"avia_inline_auto\" id=\"style-css-av-ayvzqd-e087ef96d058efac08b9c959fa86365c\">\n.flex_cell.av-ayvzqd-e087ef96d058efac08b9c959fa86365c{\nvertical-align:top;\n}\n.responsive #top #wrap_all .flex_cell.av-ayvzqd-e087ef96d058efac08b9c959fa86365c{\npadding:30px 30px 30px 30px !important;\n}\n<\/style>\n<div class='flex_cell av-ayvzqd-e087ef96d058efac08b9c959fa86365c av-gridrow-cell av_one_fifth no_margin  avia-builder-el-11  el_after_av_cell_one_fifth  el_before_av_cell_one_fifth ' ><div class='flex_cell_inner'><\/div><\/div>\n<style type=\"text\/css\" data-created_by=\"avia_inline_auto\" id=\"style-css-av-9harkl-31d5fc777aae7445fb43c389af7650f1\">\n.flex_cell.av-9harkl-31d5fc777aae7445fb43c389af7650f1{\nvertical-align:top;\n}\n.responsive #top #wrap_all .flex_cell.av-9harkl-31d5fc777aae7445fb43c389af7650f1{\npadding:30px 30px 30px 30px !important;\n}\n<\/style>\n<div class='flex_cell av-9harkl-31d5fc777aae7445fb43c389af7650f1 av-gridrow-cell av_one_fifth no_margin  avia-builder-el-12  el_after_av_cell_one_fifth  el_before_av_cell_one_fifth ' ><div class='flex_cell_inner'>\n<style type=\"text\/css\" data-created_by=\"avia_inline_auto\" id=\"style-css-av-7yr8ud-635e151517f68af89f9ce662ad6b2217\">\n.avia-image-container.av-7yr8ud-635e151517f68af89f9ce662ad6b2217 img.avia_image{\nbox-shadow:none;\n}\n.avia-image-container.av-7yr8ud-635e151517f68af89f9ce662ad6b2217 .av-image-caption-overlay-center{\ncolor:#ffffff;\n}\n<\/style>\n<div  class='avia-image-container av-7yr8ud-635e151517f68af89f9ce662ad6b2217 av-styling- avia-align-center  avia-builder-el-13  avia-builder-el-no-sibling '   itemprop=\"image\" itemscope=\"itemscope\" itemtype=\"https:\/\/schema.org\/ImageObject\" ><div class=\"avia-image-container-inner\"><div class=\"avia-image-overlay-wrap\"><a href=\"https:\/\/aulaabierta.arasaac.org\/fr\/tutoriel-web-page-arasaac\" class='avia_image' ><img decoding=\"async\" class='wp-image-23498 avia-img-lazy-loading-not-23498 avia_image ' src=\"https:\/\/aulaabierta.arasaac.org\/wp-content\/uploads\/2016\/12\/casa-80x80.png\" alt='' title='Commencement'  height=\"80\" width=\"80\"  itemprop=\"thumbnailUrl\" srcset=\"https:\/\/aulaabierta.arasaac.org\/wp-content\/uploads\/2016\/12\/casa-80x80.png 80w, https:\/\/aulaabierta.arasaac.org\/wp-content\/uploads\/2016\/12\/casa-300x300.png 300w, https:\/\/aulaabierta.arasaac.org\/wp-content\/uploads\/2016\/12\/casa-36x36.png 36w, https:\/\/aulaabierta.arasaac.org\/wp-content\/uploads\/2016\/12\/casa-180x180.png 180w, https:\/\/aulaabierta.arasaac.org\/wp-content\/uploads\/2016\/12\/casa-120x120.png 120w, https:\/\/aulaabierta.arasaac.org\/wp-content\/uploads\/2016\/12\/casa-450x450.png 450w, https:\/\/aulaabierta.arasaac.org\/wp-content\/uploads\/2016\/12\/casa.png 500w\" sizes=\"(max-width: 80px) 100vw, 80px\" \/><\/a><\/div><\/div><\/div>\n<\/div><\/div>\n<style type=\"text\/css\" data-created_by=\"avia_inline_auto\" id=\"style-css-av-57sko5-47a26aaf10d28cd8fc05910c37cd3e22\">\n.flex_cell.av-57sko5-47a26aaf10d28cd8fc05910c37cd3e22{\nvertical-align:top;\n}\n.responsive #top #wrap_all .flex_cell.av-57sko5-47a26aaf10d28cd8fc05910c37cd3e22{\npadding:30px 30px 30px 30px !important;\n}\n<\/style>\n<div class='flex_cell av-57sko5-47a26aaf10d28cd8fc05910c37cd3e22 av-gridrow-cell av_one_fifth no_margin  avia-builder-el-14  el_after_av_cell_one_fifth  el_before_av_cell_one_fifth ' ><div class='flex_cell_inner'><\/div><\/div>\n<style type=\"text\/css\" data-created_by=\"avia_inline_auto\" id=\"style-css-av-4cgqth-c1463cdc42f3a84d07282416e31a6390\">\n.flex_cell.av-4cgqth-c1463cdc42f3a84d07282416e31a6390{\nvertical-align:top;\n}\n.responsive #top #wrap_all .flex_cell.av-4cgqth-c1463cdc42f3a84d07282416e31a6390{\npadding:30px 30px 30px 30px !important;\n}\n<\/style>\n<div class='flex_cell av-4cgqth-c1463cdc42f3a84d07282416e31a6390 av-gridrow-cell av_one_fifth no_margin  avia-builder-el-15  el_after_av_cell_one_fifth  avia-builder-el-last ' ><div class='flex_cell_inner'>\n<style type=\"text\/css\" data-created_by=\"avia_inline_auto\" id=\"style-css-av-2mnisl-5b00c67e38a13e32a5945ea5bf620023\">\n.avia-image-container.av-2mnisl-5b00c67e38a13e32a5945ea5bf620023 img.avia_image{\nbox-shadow:none;\n}\n.avia-image-container.av-2mnisl-5b00c67e38a13e32a5945ea5bf620023 .av-image-caption-overlay-center{\ncolor:#ffffff;\n}\n<\/style>\n<div  class='avia-image-container av-2mnisl-5b00c67e38a13e32a5945ea5bf620023 av-styling- avia-align-center  avia-builder-el-16  avia-builder-el-no-sibling '   itemprop=\"image\" itemscope=\"itemscope\" itemtype=\"https:\/\/schema.org\/ImageObject\" ><div class=\"avia-image-container-inner\"><div class=\"avia-image-overlay-wrap\"><a href=\"https:\/\/aulaabierta.arasaac.org\/fr\/recherche-de-materiaux-par-filtres\" class='avia_image' ><img decoding=\"async\" class='wp-image-23495 avia-img-lazy-loading-not-23495 avia_image ' src=\"https:\/\/aulaabierta.arasaac.org\/wp-content\/uploads\/2016\/12\/next-80x80.png\" alt='' title='next'  height=\"80\" width=\"80\"  itemprop=\"thumbnailUrl\" srcset=\"https:\/\/aulaabierta.arasaac.org\/wp-content\/uploads\/2016\/12\/next-80x80.png 80w, https:\/\/aulaabierta.arasaac.org\/wp-content\/uploads\/2016\/12\/next-36x36.png 36w, https:\/\/aulaabierta.arasaac.org\/wp-content\/uploads\/2016\/12\/next-120x120.png 120w, https:\/\/aulaabierta.arasaac.org\/wp-content\/uploads\/2016\/12\/next.png 128w\" sizes=\"(max-width: 80px) 100vw, 80px\" \/><\/a><\/div><\/div><\/div>\n<\/div><\/div>\n<\/div>\n","protected":false},"excerpt":{"rendered":"","protected":false},"author":5,"featured_media":63870,"parent":0,"menu_order":0,"comment_status":"closed","ping_status":"closed","template":"","meta":{"om_disable_all_campaigns":false,"_monsterinsights_skip_tracking":false,"_monsterinsights_sitenote_active":false,"_monsterinsights_sitenote_note":"","_monsterinsights_sitenote_category":0,"_uf_show_specific_survey":0,"_uf_disable_surveys":false,"footnotes":""},"class_list":["post-66940","page","type-page","status-publish","has-post-thumbnail","hentry"],"aioseo_notices":[],"_links":{"self":[{"href":"https:\/\/aulaabierta.arasaac.org\/fr\/wp-json\/wp\/v2\/pages\/66940","targetHints":{"allow":["GET"]}}],"collection":[{"href":"https:\/\/aulaabierta.arasaac.org\/fr\/wp-json\/wp\/v2\/pages"}],"about":[{"href":"https:\/\/aulaabierta.arasaac.org\/fr\/wp-json\/wp\/v2\/types\/page"}],"author":[{"embeddable":true,"href":"https:\/\/aulaabierta.arasaac.org\/fr\/wp-json\/wp\/v2\/users\/5"}],"replies":[{"embeddable":true,"href":"https:\/\/aulaabierta.arasaac.org\/fr\/wp-json\/wp\/v2\/comments?post=66940"}],"version-history":[{"count":17,"href":"https:\/\/aulaabierta.arasaac.org\/fr\/wp-json\/wp\/v2\/pages\/66940\/revisions"}],"predecessor-version":[{"id":139371,"href":"https:\/\/aulaabierta.arasaac.org\/fr\/wp-json\/wp\/v2\/pages\/66940\/revisions\/139371"}],"wp:featuredmedia":[{"embeddable":true,"href":"https:\/\/aulaabierta.arasaac.org\/fr\/wp-json\/wp\/v2\/media\/63870"}],"wp:attachment":[{"href":"https:\/\/aulaabierta.arasaac.org\/fr\/wp-json\/wp\/v2\/media?parent=66940"}],"curies":[{"name":"wp","href":"https:\/\/api.w.org\/{rel}","templated":true}]}}