{"id":67076,"date":"2021-04-13T16:56:42","date_gmt":"2021-04-13T15:56:42","guid":{"rendered":"https:\/\/aulaabierta.arasaac.org\/personalizacion-opciones-de-texto-arasaac"},"modified":"2023-02-09T11:13:52","modified_gmt":"2023-02-09T10:13:52","slug":"customization-options-text-arasaac","status":"publish","type":"page","link":"https:\/\/aulaabierta.arasaac.org\/fr\/customization-options-text-arasaac","title":{"rendered":"Tutoriel 10 &#8211; Site Web ARASAAC &#8211; Personnalisation &#8211; Options de texte"},"content":{"rendered":"<div id='av-layout-grid-1'  class='av-layout-grid-container av-pnep5h-f1b0ad97bd538c9ff01ca12a9c658404 entry-content-wrapper alternate_color av-border-cells av-flex-cells  avia-builder-el-0  el_before_av_textblock  avia-builder-el-first   container_wrap fullsize'  >\n\n<style type=\"text\/css\" data-created_by=\"avia_inline_auto\" id=\"style-css-av-orii9x-eed3c4e3301b190a8cb0365ef52132c5\">\n.flex_cell.av-orii9x-eed3c4e3301b190a8cb0365ef52132c5{\nvertical-align:top;\n}\n.responsive #top #wrap_all .flex_cell.av-orii9x-eed3c4e3301b190a8cb0365ef52132c5{\npadding:30px 30px 30px 30px !important;\n}\n<\/style>\n<div class='flex_cell av-orii9x-eed3c4e3301b190a8cb0365ef52132c5 av-gridrow-cell av_one_fifth no_margin  avia-builder-el-1  el_before_av_cell_four_fifth  avia-builder-el-first ' ><div class='flex_cell_inner'>\n<style type=\"text\/css\" data-created_by=\"avia_inline_auto\" id=\"style-css-av-28ajol-000134d5dfdedeac3137603da460e51b\">\n.avia-image-container.av-28ajol-000134d5dfdedeac3137603da460e51b img.avia_image{\nbox-shadow:none;\n}\n.avia-image-container.av-28ajol-000134d5dfdedeac3137603da460e51b .av-caption-image-overlay-bg{\nopacity:0.4;\nbackground-color:#000000;\n}\n.avia-image-container.av-28ajol-000134d5dfdedeac3137603da460e51b .av-image-caption-overlay-center{\ncolor:#ffffff;\n}\n<\/style>\n<div  class='avia-image-container av-28ajol-000134d5dfdedeac3137603da460e51b av-styling- avia-align-left  avia-builder-el-2  avia-builder-el-no-sibling  noHover av-overlay-on-hover'   itemprop=\"image\" itemscope=\"itemscope\" itemtype=\"https:\/\/schema.org\/ImageObject\" ><div class=\"avia-image-container-inner\"><div class=\"avia-image-overlay-wrap\"><a href=\"https:\/\/aulaabierta.arasaac.org\/fr\/tutoriel-web-page-arasaac\" class='avia_image' ><div class=\"av-image-caption-overlay\"><div class=\"av-caption-image-overlay-bg\"><\/div><div class=\"av-image-caption-overlay-position\"><div class=\"av-image-caption-overlay-center\"><p>Retour en haut de la page<\/p>\n<\/div><\/div><\/div><img decoding=\"async\" class='wp-image-63918 avia-img-lazy-loading-not-63918 avia_image ' src=\"https:\/\/aulaabierta.arasaac.org\/wp-content\/uploads\/2021\/04\/web_nueva.png\" alt='' title='web_nueva'  height=\"500\" width=\"500\"  itemprop=\"thumbnailUrl\" srcset=\"https:\/\/aulaabierta.arasaac.org\/wp-content\/uploads\/2021\/04\/web_nueva.png 500w, https:\/\/aulaabierta.arasaac.org\/wp-content\/uploads\/2021\/04\/web_nueva-300x300.png 300w, https:\/\/aulaabierta.arasaac.org\/wp-content\/uploads\/2021\/04\/web_nueva-80x80.png 80w, https:\/\/aulaabierta.arasaac.org\/wp-content\/uploads\/2021\/04\/web_nueva-36x36.png 36w, https:\/\/aulaabierta.arasaac.org\/wp-content\/uploads\/2021\/04\/web_nueva-180x180.png 180w, https:\/\/aulaabierta.arasaac.org\/wp-content\/uploads\/2021\/04\/web_nueva-120x120.png 120w, https:\/\/aulaabierta.arasaac.org\/wp-content\/uploads\/2021\/04\/web_nueva-450x450.png 450w, https:\/\/aulaabierta.arasaac.org\/wp-content\/uploads\/2021\/04\/web_nueva-150x150.png 150w\" sizes=\"(max-width: 500px) 100vw, 500px\" \/><\/a><\/div><\/div><\/div>\n<\/div><\/div>\n<style type=\"text\/css\" data-created_by=\"avia_inline_auto\" id=\"style-css-av-kln9vp-91025341852359c5ee6404f950fd4750\">\n.flex_cell.av-kln9vp-91025341852359c5ee6404f950fd4750{\nvertical-align:middle;\n}\n.responsive #top #wrap_all .flex_cell.av-kln9vp-91025341852359c5ee6404f950fd4750{\npadding:30px 30px 30px 30px !important;\n}\n<\/style>\n<div class='flex_cell av-kln9vp-91025341852359c5ee6404f950fd4750 av-gridrow-cell av_four_fifth no_margin  avia-builder-el-3  el_after_av_cell_one_fifth  avia-builder-el-last ' ><div class='flex_cell_inner'>\n<style type=\"text\/css\" data-created_by=\"avia_inline_auto\" id=\"style-css-av-o23qi9-ebd431d6d82125b14530dc3e952408c1\">\n#top .av-special-heading.av-o23qi9-ebd431d6d82125b14530dc3e952408c1{\npadding-bottom:0;\n}\nbody .av-special-heading.av-o23qi9-ebd431d6d82125b14530dc3e952408c1 .av-special-heading-tag .heading-char{\nfont-size:25px;\n}\n#top #wrap_all .av-special-heading.av-o23qi9-ebd431d6d82125b14530dc3e952408c1 .av-special-heading-tag{\nfont-size:26px;\n}\n.av-special-heading.av-o23qi9-ebd431d6d82125b14530dc3e952408c1 .av-subheading{\nfont-size:15px;\n}\n<\/style>\n<div  class='av-special-heading av-o23qi9-ebd431d6d82125b14530dc3e952408c1 av-special-heading-h2  avia-builder-el-4  avia-builder-el-no-sibling '><h2 class='av-special-heading-tag'  itemprop=\"headline\"  >TUTORIEL 10 &#8211; SITE WEB ARASAAC &#8211; Personnalisation &#8211; Options de texte<\/h2><div class=\"special-heading-border\"><div class=\"special-heading-inner-border\"><\/div><\/div><\/div>\n<\/div><\/div>\n<\/div><div id='after_grid_row_1'  class='main_color av_default_container_wrap container_wrap fullsize'  ><div class='container av-section-cont-open' ><div class='template-page content  av-content-full alpha units'><div class='post-entry post-entry-type-page post-entry-67076'><div class='entry-content-wrapper clearfix'>\n\n<style type=\"text\/css\" data-created_by=\"avia_inline_auto\" id=\"style-css-av-hrgnbp-4e9478d5f32e3b6706e12bd22f8ff4b5\">\n#top .av_textblock_section.av-hrgnbp-4e9478d5f32e3b6706e12bd22f8ff4b5 .avia_textblock{\nfont-size:16px;\n}\n<\/style>\n<section  class='av_textblock_section av-hrgnbp-4e9478d5f32e3b6706e12bd22f8ff4b5'  itemscope=\"itemscope\" itemtype=\"https:\/\/schema.org\/CreativeWork\" ><div class='avia_textblock'  itemprop=\"text\" ><h6 style=\"text-align: center;\"><img loading=\"lazy\" decoding=\"async\" class=\"aligncenter size-full wp-image-932\" src=\"https:\/\/aulaabierta.arasaac.org\/wp-content\/uploads\/2016\/12\/by-nc-sa.eu_petit.png\" alt=\"\" width=\"118\" height=\"41\">Cette \u0153uvre est sous licence <a href=\"http:\/\/creativecommons.org\/licenses\/by-nc-sa\/4.0\/\" rel=\"license\">Creative Commons Attribution-NonComercial-ShareAlike 4.0 International.<\/a><\/h6>\n<hr>\n<p style=\"text-align: left;\">Un autre \u00e9l\u00e9ment important dans le travail avec tout syst\u00e8me de communication pictographique, tel que <a href=\"https:\/\/arasaac.org\/\" target=\"_blank\" rel=\"noopener\"><strong>ARASAAC,<\/strong><\/p>\n<p><\/a> <strong> <\/strong> est <strong>l\u2019inclusion de texte dans tous les pictogrammes.<\/strong> Il est conseill\u00e9 de toujours ajouter le texte pour deux raisons :<\/p>\n<ul>\n<li>l\u2019interlocuteur doit conna\u00eetre la signification de chacun des pictogrammes lorsqu\u2019il intervient aupr\u00e8s d\u2019une personne utilisant ce syst\u00e8me de communication et<\/li>\n<li>certains utilisateurs sont en mesure de m\u00e9moriser le texte qui accompagne les pictogrammes, ce qui peut favoriser le travail ult\u00e9rieur pour l\u2019acquisition de la lecture globale.<\/li>\n<\/ul>\n<p>Dans le menu <strong>Personnalisation,<\/strong>nous trouvons les deux <strong>options de texte:<\/strong> <strong>Haut<\/strong> et <strong>Bas.<\/strong> Nous pouvons les activer individuellement ou conjointement (en cas de bilinguisme). Les deux options de texte utilisent la m\u00eame bo\u00eete de dialogue pour la personnalisation.<\/p>\n<p>Lorsque vous activez la case \u00e0 cocher <strong>Texte sup\u00e9rieur,<\/strong>la premi\u00e8re bo\u00eete de dialogue s\u2019affiche automatiquement et le texte associ\u00e9 appara\u00eet automatiquement en haut du glyphe.<\/p>\n<p>La premi\u00e8re option disponible est la <strong>s\u00e9lection de la langue.<\/strong> Cliquez sur la langue actuelle pour ouvrir un onglet avec toutes les langues dans lesquelles les glyphes <a href=\"https:\/\/arasaac.org\/\" target=\"_blank\" rel=\"noopener\"><br \/>\n  <strong>ARASAAC<\/strong><br \/>\n<\/a>sont traduits. Lorsque nous passons \u00e0 une autre langue, le texte du haut passe automatiquement \u00e0 cette langue.<\/p>\n<p><img loading=\"lazy\" decoding=\"async\" class=\"size-large wp-image-22093 aligncenter\" src=\"https:\/\/aulaabierta.arasaac.org\/wp-content\/uploads\/2021\/04\/Personalizacion_Opciones_de_texto_pictogramas_ARASAAC_1-1030x468.jpg\" alt=\"\" width=\"1030\" height=\"468\" srcset=\"https:\/\/aulaabierta.arasaac.org\/wp-content\/uploads\/2021\/04\/Personalizacion_Opciones_de_texto_pictogramas_ARASAAC_1-1030x468.jpg 1030w, https:\/\/aulaabierta.arasaac.org\/wp-content\/uploads\/2021\/04\/Personalizacion_Opciones_de_texto_pictogramas_ARASAAC_1-300x136.jpg 300w, https:\/\/aulaabierta.arasaac.org\/wp-content\/uploads\/2021\/04\/Personalizacion_Opciones_de_texto_pictogramas_ARASAAC_1-768x349.jpg 768w, https:\/\/aulaabierta.arasaac.org\/wp-content\/uploads\/2021\/04\/Personalizacion_Opciones_de_texto_pictogramas_ARASAAC_1-1536x698.jpg 1536w, https:\/\/aulaabierta.arasaac.org\/wp-content\/uploads\/2021\/04\/Personalizacion_Opciones_de_texto_pictogramas_ARASAAC_1-1500x682.jpg 1500w, https:\/\/aulaabierta.arasaac.org\/wp-content\/uploads\/2021\/04\/Personalizacion_Opciones_de_texto_pictogramas_ARASAAC_1-705x320.jpg 705w, https:\/\/aulaabierta.arasaac.org\/wp-content\/uploads\/2021\/04\/Personalizacion_Opciones_de_texto_pictogramas_ARASAAC_1-450x204.jpg 450w, https:\/\/aulaabierta.arasaac.org\/wp-content\/uploads\/2021\/04\/Personalizacion_Opciones_de_texto_pictogramas_ARASAAC_1.jpg 1580w\" sizes=\"auto, (max-width: 1030px) 100vw, 1030px\" \/><\/p>\n<p>Dans l\u2019image suivante, nous vous montrons un exemple dans lequel nous avons s\u00e9lectionn\u00e9 la langue espagnole en haut et en bas, nous avons fait quelques combinaisons avec d\u2019autres langues.<\/p>\n<p><img loading=\"lazy\" decoding=\"async\" class=\"alignnone size-large wp-image-22100\" src=\"https:\/\/aulaabierta.arasaac.org\/wp-content\/uploads\/2021\/04\/Personalizacion_Opciones_de_texto_pictogramas_ARASAAC_2-1-1030x691.jpg\" alt=\"\" width=\"1030\" height=\"691\" srcset=\"https:\/\/aulaabierta.arasaac.org\/wp-content\/uploads\/2021\/04\/Personalizacion_Opciones_de_texto_pictogramas_ARASAAC_2-1-1030x691.jpg 1030w, https:\/\/aulaabierta.arasaac.org\/wp-content\/uploads\/2021\/04\/Personalizacion_Opciones_de_texto_pictogramas_ARASAAC_2-1-300x201.jpg 300w, https:\/\/aulaabierta.arasaac.org\/wp-content\/uploads\/2021\/04\/Personalizacion_Opciones_de_texto_pictogramas_ARASAAC_2-1-768x515.jpg 768w, https:\/\/aulaabierta.arasaac.org\/wp-content\/uploads\/2021\/04\/Personalizacion_Opciones_de_texto_pictogramas_ARASAAC_2-1-705x473.jpg 705w, https:\/\/aulaabierta.arasaac.org\/wp-content\/uploads\/2021\/04\/Personalizacion_Opciones_de_texto_pictogramas_ARASAAC_2-1-450x302.jpg 450w, https:\/\/aulaabierta.arasaac.org\/wp-content\/uploads\/2021\/04\/Personalizacion_Opciones_de_texto_pictogramas_ARASAAC_2-1.jpg 1198w\" sizes=\"auto, (max-width: 1030px) 100vw, 1030px\" \/><\/p>\n<p>Une autre option int\u00e9ressante lorsque nous voulons \u00e9crire le nom d\u2019une personne dans le pictogramme ou que nous voulons ajuster le texte aux particularit\u00e9s de notre langue est l\u2019option \u00c9crire du <strong>texte ou s\u00e9lectionner une suggestion.<\/strong><\/p>\n<p>Dans l\u2019image suivante, nous avons s\u00e9lectionn\u00e9 le pictogramme de \u00abb\u00e9b\u00e9\u00bb et l\u2019avons chang\u00e9 pour son nom propre, \u00abMaria\u00bb.<\/p>\n<p><img loading=\"lazy\" decoding=\"async\" class=\"size-large wp-image-22103 aligncenter\" src=\"https:\/\/aulaabierta.arasaac.org\/wp-content\/uploads\/2021\/04\/Personalizacion_Opciones_de_texto_pictogramas_ARASAAC_3-1030x415.jpg\" alt=\"\" width=\"1030\" height=\"415\" srcset=\"https:\/\/aulaabierta.arasaac.org\/wp-content\/uploads\/2021\/04\/Personalizacion_Opciones_de_texto_pictogramas_ARASAAC_3-1030x415.jpg 1030w, https:\/\/aulaabierta.arasaac.org\/wp-content\/uploads\/2021\/04\/Personalizacion_Opciones_de_texto_pictogramas_ARASAAC_3-300x121.jpg 300w, https:\/\/aulaabierta.arasaac.org\/wp-content\/uploads\/2021\/04\/Personalizacion_Opciones_de_texto_pictogramas_ARASAAC_3-768x309.jpg 768w, https:\/\/aulaabierta.arasaac.org\/wp-content\/uploads\/2021\/04\/Personalizacion_Opciones_de_texto_pictogramas_ARASAAC_3-705x284.jpg 705w, https:\/\/aulaabierta.arasaac.org\/wp-content\/uploads\/2021\/04\/Personalizacion_Opciones_de_texto_pictogramas_ARASAAC_3-450x181.jpg 450w, https:\/\/aulaabierta.arasaac.org\/wp-content\/uploads\/2021\/04\/Personalizacion_Opciones_de_texto_pictogramas_ARASAAC_3.jpg 1194w\" sizes=\"auto, (max-width: 1030px) 100vw, 1030px\" \/><\/p>\n<p>Et dans cette autre image, vous pouvez visualiser comment les mots \u00abma\u00efs\u00bb et \u00abpiscine\u00bb apparaissent dans les suggestions comme \u00abma\u00efs\u00bb et \u00abpiscine\u00bb, respectivement, car ils sont utilis\u00e9s dans de nombreux pays hispanophones.<\/p>\n<p><img loading=\"lazy\" decoding=\"async\" class=\"size-large wp-image-22106 aligncenter\" src=\"https:\/\/aulaabierta.arasaac.org\/wp-content\/uploads\/2021\/04\/Personalizacion_Opciones_de_texto_pictogramas_ARASAAC_4-1030x413.jpg\" alt=\"\" width=\"1030\" height=\"413\" srcset=\"https:\/\/aulaabierta.arasaac.org\/wp-content\/uploads\/2021\/04\/Personalizacion_Opciones_de_texto_pictogramas_ARASAAC_4-1030x413.jpg 1030w, https:\/\/aulaabierta.arasaac.org\/wp-content\/uploads\/2021\/04\/Personalizacion_Opciones_de_texto_pictogramas_ARASAAC_4-300x120.jpg 300w, https:\/\/aulaabierta.arasaac.org\/wp-content\/uploads\/2021\/04\/Personalizacion_Opciones_de_texto_pictogramas_ARASAAC_4-768x308.jpg 768w, https:\/\/aulaabierta.arasaac.org\/wp-content\/uploads\/2021\/04\/Personalizacion_Opciones_de_texto_pictogramas_ARASAAC_4-705x283.jpg 705w, https:\/\/aulaabierta.arasaac.org\/wp-content\/uploads\/2021\/04\/Personalizacion_Opciones_de_texto_pictogramas_ARASAAC_4-450x181.jpg 450w, https:\/\/aulaabierta.arasaac.org\/wp-content\/uploads\/2021\/04\/Personalizacion_Opciones_de_texto_pictogramas_ARASAAC_4.jpg 1186w\" sizes=\"auto, (max-width: 1030px) 100vw, 1030px\" \/><\/p>\n<p>Pour compl\u00e9ter toutes les options de texte possibles, vous pouvez convertir le texte du pictogramme directement en lettres <strong>majuscules<\/strong> et utiliser les options <strong>Format de texte<\/strong> pour s\u00e9lectionner la couleur, la taille et le type de <strong>police.<\/strong><\/p>\n<p><img loading=\"lazy\" decoding=\"async\" class=\"size-large wp-image-22109 aligncenter\" src=\"https:\/\/aulaabierta.arasaac.org\/wp-content\/uploads\/2021\/04\/Personalizacion_Opciones_de_texto_pictogramas_ARASAAC_5-1030x431.jpg\" alt=\"\" width=\"1030\" height=\"431\" srcset=\"https:\/\/aulaabierta.arasaac.org\/wp-content\/uploads\/2021\/04\/Personalizacion_Opciones_de_texto_pictogramas_ARASAAC_5-1030x431.jpg 1030w, https:\/\/aulaabierta.arasaac.org\/wp-content\/uploads\/2021\/04\/Personalizacion_Opciones_de_texto_pictogramas_ARASAAC_5-300x125.jpg 300w, https:\/\/aulaabierta.arasaac.org\/wp-content\/uploads\/2021\/04\/Personalizacion_Opciones_de_texto_pictogramas_ARASAAC_5-768x321.jpg 768w, https:\/\/aulaabierta.arasaac.org\/wp-content\/uploads\/2021\/04\/Personalizacion_Opciones_de_texto_pictogramas_ARASAAC_5-705x295.jpg 705w, https:\/\/aulaabierta.arasaac.org\/wp-content\/uploads\/2021\/04\/Personalizacion_Opciones_de_texto_pictogramas_ARASAAC_5-450x188.jpg 450w, https:\/\/aulaabierta.arasaac.org\/wp-content\/uploads\/2021\/04\/Personalizacion_Opciones_de_texto_pictogramas_ARASAAC_5.jpg 1177w\" sizes=\"auto, (max-width: 1030px) 100vw, 1030px\" \/><\/p>\n<p>Nous vous recommandons de vous familiariser avec les diff\u00e9rentes options, afin d\u2019obtenir le r\u00e9glage maximum possible des pictogrammes que vous allez utiliser dans vos cr\u00e9ations et adaptations.<\/p>\n<\/div><\/section>\n\n<style type=\"text\/css\" data-created_by=\"avia_inline_auto\" id=\"style-css-av-knoj65a3-250d859b3e7360adc19f61933783ebe1\">\n#top .av-special-heading.av-knoj65a3-250d859b3e7360adc19f61933783ebe1{\npadding-bottom:10px;\n}\nbody .av-special-heading.av-knoj65a3-250d859b3e7360adc19f61933783ebe1 .av-special-heading-tag .heading-char{\nfont-size:25px;\n}\n.av-special-heading.av-knoj65a3-250d859b3e7360adc19f61933783ebe1 .av-subheading{\nfont-size:15px;\n}\n<\/style>\n<div  class='av-special-heading av-knoj65a3-250d859b3e7360adc19f61933783ebe1 av-special-heading-h3  avia-builder-el-6  el_after_av_textblock  el_before_av_video '><h3 class='av-special-heading-tag'  itemprop=\"headline\"  >Tutoriel vid\u00e9o<\/h3><div class=\"special-heading-border\"><div class=\"special-heading-inner-border\"><\/div><\/div><\/div>\n<div  class='avia-video av-knoj6045-bcfdc507646c4f1b9d5d0c143391a2f5 avia-video-16-9 av-no-preview-image avia-video-load-always av-lazyload-immediate av-lazyload-video-embed'  itemprop=\"video\" itemtype=\"https:\/\/schema.org\/VideoObject\"  data-original_url='https:\/\/youtu.be\/2jfKRHWqdyU'><script type='text\/html' class='av-video-tmpl'><div class='avia-iframe-wrap'><iframe loading=\"lazy\" title=\"TUTORIAL 10 \u2013 P\u00c1GINA WEB DE ARASAAC \u2013 PICTOGRAMAS PERSONALIZADOS - OPCIONES DE TEXTO\" width=\"1500\" height=\"844\" src=\"https:\/\/www.youtube.com\/embed\/2jfKRHWqdyU?feature=oembed&autoplay=0&loop=0&controls=1&mute=0\" frameborder=\"0\" allow=\"accelerometer; autoplay; clipboard-write; encrypted-media; gyroscope; picture-in-picture\" allowfullscreen><\/iframe><\/div><\/script><div class='av-click-to-play-overlay'><div class=\"avia_playpause_icon\"><\/div><\/div><\/div>\n<\/div><\/div><\/div><!-- close content main div --><\/div><\/div><div id='av-layout-grid-2'  class='av-layout-grid-container av-f3tczp-cce5fbd2a42be631b2cf32320cacc69e entry-content-wrapper main_color av-border-top-bottom av-flex-cells  avia-builder-el-8  el_after_av_video  avia-builder-el-last  grid-row-not-first  container_wrap fullsize'  >\n\n<style type=\"text\/css\" data-created_by=\"avia_inline_auto\" id=\"style-css-av-dpel79-93c18472cef4c359aeea4e5f2938c84d\">\n.flex_cell.av-dpel79-93c18472cef4c359aeea4e5f2938c84d{\nvertical-align:top;\n}\n.responsive #top #wrap_all .flex_cell.av-dpel79-93c18472cef4c359aeea4e5f2938c84d{\npadding:30px 30px 30px 30px !important;\n}\n<\/style>\n<div class='flex_cell av-dpel79-93c18472cef4c359aeea4e5f2938c84d av-gridrow-cell av_one_fifth no_margin  avia-builder-el-9  el_before_av_cell_one_fifth  avia-builder-el-first ' ><div class='flex_cell_inner'>\n<style type=\"text\/css\" data-created_by=\"avia_inline_auto\" id=\"style-css-av-c9hl91-4c67619b648774ff68cabeb1a5b7ecc6\">\n.avia-image-container.av-c9hl91-4c67619b648774ff68cabeb1a5b7ecc6 img.avia_image{\nbox-shadow:none;\n}\n.avia-image-container.av-c9hl91-4c67619b648774ff68cabeb1a5b7ecc6 .av-image-caption-overlay-center{\ncolor:#ffffff;\n}\n<\/style>\n<div  class='avia-image-container av-c9hl91-4c67619b648774ff68cabeb1a5b7ecc6 av-styling- avia-align-center  avia-builder-el-10  avia-builder-el-no-sibling '   itemprop=\"image\" itemscope=\"itemscope\" itemtype=\"https:\/\/schema.org\/ImageObject\" ><div class=\"avia-image-container-inner\"><div class=\"avia-image-overlay-wrap\"><a href=\"https:\/\/aulaabierta.arasaac.org\/fr\/personnalisation-traits-physique-arasaac\" class='avia_image' ><img decoding=\"async\" class='wp-image-23492 avia-img-lazy-loading-not-23492 avia_image ' src=\"https:\/\/aulaabierta.arasaac.org\/wp-content\/uploads\/2016\/12\/before-80x80.png\" alt='' title='before'  height=\"80\" width=\"80\"  itemprop=\"thumbnailUrl\" srcset=\"https:\/\/aulaabierta.arasaac.org\/wp-content\/uploads\/2016\/12\/before-80x80.png 80w, https:\/\/aulaabierta.arasaac.org\/wp-content\/uploads\/2016\/12\/before-36x36.png 36w, https:\/\/aulaabierta.arasaac.org\/wp-content\/uploads\/2016\/12\/before-120x120.png 120w, https:\/\/aulaabierta.arasaac.org\/wp-content\/uploads\/2016\/12\/before.png 128w\" sizes=\"(max-width: 80px) 100vw, 80px\" \/><\/a><\/div><\/div><\/div>\n<\/div><\/div>\n<style type=\"text\/css\" data-created_by=\"avia_inline_auto\" id=\"style-css-av-ayvzqd-e087ef96d058efac08b9c959fa86365c\">\n.flex_cell.av-ayvzqd-e087ef96d058efac08b9c959fa86365c{\nvertical-align:top;\n}\n.responsive #top #wrap_all .flex_cell.av-ayvzqd-e087ef96d058efac08b9c959fa86365c{\npadding:30px 30px 30px 30px !important;\n}\n<\/style>\n<div class='flex_cell av-ayvzqd-e087ef96d058efac08b9c959fa86365c av-gridrow-cell av_one_fifth no_margin  avia-builder-el-11  el_after_av_cell_one_fifth  el_before_av_cell_one_fifth ' ><div class='flex_cell_inner'><\/div><\/div>\n<style type=\"text\/css\" data-created_by=\"avia_inline_auto\" id=\"style-css-av-9harkl-31d5fc777aae7445fb43c389af7650f1\">\n.flex_cell.av-9harkl-31d5fc777aae7445fb43c389af7650f1{\nvertical-align:top;\n}\n.responsive #top #wrap_all .flex_cell.av-9harkl-31d5fc777aae7445fb43c389af7650f1{\npadding:30px 30px 30px 30px !important;\n}\n<\/style>\n<div class='flex_cell av-9harkl-31d5fc777aae7445fb43c389af7650f1 av-gridrow-cell av_one_fifth no_margin  avia-builder-el-12  el_after_av_cell_one_fifth  el_before_av_cell_one_fifth ' ><div class='flex_cell_inner'>\n<style type=\"text\/css\" data-created_by=\"avia_inline_auto\" id=\"style-css-av-7yr8ud-635e151517f68af89f9ce662ad6b2217\">\n.avia-image-container.av-7yr8ud-635e151517f68af89f9ce662ad6b2217 img.avia_image{\nbox-shadow:none;\n}\n.avia-image-container.av-7yr8ud-635e151517f68af89f9ce662ad6b2217 .av-image-caption-overlay-center{\ncolor:#ffffff;\n}\n<\/style>\n<div  class='avia-image-container av-7yr8ud-635e151517f68af89f9ce662ad6b2217 av-styling- avia-align-center  avia-builder-el-13  avia-builder-el-no-sibling '   itemprop=\"image\" itemscope=\"itemscope\" itemtype=\"https:\/\/schema.org\/ImageObject\" ><div class=\"avia-image-container-inner\"><div class=\"avia-image-overlay-wrap\"><a href=\"https:\/\/aulaabierta.arasaac.org\/fr\/tutoriel-web-page-arasaac\" class='avia_image' ><img decoding=\"async\" class='wp-image-23498 avia-img-lazy-loading-not-23498 avia_image ' src=\"https:\/\/aulaabierta.arasaac.org\/wp-content\/uploads\/2016\/12\/casa-80x80.png\" alt='' title='Commencement'  height=\"80\" width=\"80\"  itemprop=\"thumbnailUrl\" srcset=\"https:\/\/aulaabierta.arasaac.org\/wp-content\/uploads\/2016\/12\/casa-80x80.png 80w, https:\/\/aulaabierta.arasaac.org\/wp-content\/uploads\/2016\/12\/casa-300x300.png 300w, https:\/\/aulaabierta.arasaac.org\/wp-content\/uploads\/2016\/12\/casa-36x36.png 36w, https:\/\/aulaabierta.arasaac.org\/wp-content\/uploads\/2016\/12\/casa-180x180.png 180w, https:\/\/aulaabierta.arasaac.org\/wp-content\/uploads\/2016\/12\/casa-120x120.png 120w, https:\/\/aulaabierta.arasaac.org\/wp-content\/uploads\/2016\/12\/casa-450x450.png 450w, https:\/\/aulaabierta.arasaac.org\/wp-content\/uploads\/2016\/12\/casa.png 500w\" sizes=\"(max-width: 80px) 100vw, 80px\" \/><\/a><\/div><\/div><\/div>\n<\/div><\/div>\n<style type=\"text\/css\" data-created_by=\"avia_inline_auto\" id=\"style-css-av-57sko5-47a26aaf10d28cd8fc05910c37cd3e22\">\n.flex_cell.av-57sko5-47a26aaf10d28cd8fc05910c37cd3e22{\nvertical-align:top;\n}\n.responsive #top #wrap_all .flex_cell.av-57sko5-47a26aaf10d28cd8fc05910c37cd3e22{\npadding:30px 30px 30px 30px !important;\n}\n<\/style>\n<div class='flex_cell av-57sko5-47a26aaf10d28cd8fc05910c37cd3e22 av-gridrow-cell av_one_fifth no_margin  avia-builder-el-14  el_after_av_cell_one_fifth  el_before_av_cell_one_fifth ' ><div class='flex_cell_inner'><\/div><\/div>\n<style type=\"text\/css\" data-created_by=\"avia_inline_auto\" id=\"style-css-av-4cgqth-c1463cdc42f3a84d07282416e31a6390\">\n.flex_cell.av-4cgqth-c1463cdc42f3a84d07282416e31a6390{\nvertical-align:top;\n}\n.responsive #top #wrap_all .flex_cell.av-4cgqth-c1463cdc42f3a84d07282416e31a6390{\npadding:30px 30px 30px 30px !important;\n}\n<\/style>\n<div class='flex_cell av-4cgqth-c1463cdc42f3a84d07282416e31a6390 av-gridrow-cell av_one_fifth no_margin  avia-builder-el-15  el_after_av_cell_one_fifth  avia-builder-el-last ' ><div class='flex_cell_inner'>\n<style type=\"text\/css\" data-created_by=\"avia_inline_auto\" id=\"style-css-av-2mnisl-fb8ecc75978a9a5c76bcaf611f973db4\">\n.avia-image-container.av-2mnisl-fb8ecc75978a9a5c76bcaf611f973db4 img.avia_image{\nbox-shadow:none;\n}\n.avia-image-container.av-2mnisl-fb8ecc75978a9a5c76bcaf611f973db4 .av-image-caption-overlay-center{\ncolor:#ffffff;\n}\n<\/style>\n<div  class='avia-image-container av-2mnisl-fb8ecc75978a9a5c76bcaf611f973db4 av-styling- avia-align-center  avia-builder-el-16  avia-builder-el-no-sibling '   itemprop=\"image\" itemscope=\"itemscope\" itemtype=\"https:\/\/schema.org\/ImageObject\" ><div class=\"avia-image-container-inner\"><div class=\"avia-image-overlay-wrap\"><a href=\"https:\/\/aulaabierta.arasaac.org\/fr\/customization-options-advanced-arasaac\" class='avia_image' ><img decoding=\"async\" class='wp-image-23495 avia-img-lazy-loading-not-23495 avia_image ' src=\"https:\/\/aulaabierta.arasaac.org\/wp-content\/uploads\/2016\/12\/next-80x80.png\" alt='' title='next'  height=\"80\" width=\"80\"  itemprop=\"thumbnailUrl\" srcset=\"https:\/\/aulaabierta.arasaac.org\/wp-content\/uploads\/2016\/12\/next-80x80.png 80w, https:\/\/aulaabierta.arasaac.org\/wp-content\/uploads\/2016\/12\/next-36x36.png 36w, https:\/\/aulaabierta.arasaac.org\/wp-content\/uploads\/2016\/12\/next-120x120.png 120w, https:\/\/aulaabierta.arasaac.org\/wp-content\/uploads\/2016\/12\/next.png 128w\" sizes=\"(max-width: 80px) 100vw, 80px\" \/><\/a><\/div><\/div><\/div>\n<\/div><\/div>\n<\/div>\n","protected":false},"excerpt":{"rendered":"","protected":false},"author":5,"featured_media":63870,"parent":0,"menu_order":0,"comment_status":"closed","ping_status":"closed","template":"","meta":{"om_disable_all_campaigns":false,"_monsterinsights_skip_tracking":false,"_monsterinsights_sitenote_active":false,"_monsterinsights_sitenote_note":"","_monsterinsights_sitenote_category":0,"_uf_show_specific_survey":0,"_uf_disable_surveys":false,"footnotes":""},"class_list":["post-67076","page","type-page","status-publish","has-post-thumbnail","hentry"],"aioseo_notices":[],"_links":{"self":[{"href":"https:\/\/aulaabierta.arasaac.org\/fr\/wp-json\/wp\/v2\/pages\/67076","targetHints":{"allow":["GET"]}}],"collection":[{"href":"https:\/\/aulaabierta.arasaac.org\/fr\/wp-json\/wp\/v2\/pages"}],"about":[{"href":"https:\/\/aulaabierta.arasaac.org\/fr\/wp-json\/wp\/v2\/types\/page"}],"author":[{"embeddable":true,"href":"https:\/\/aulaabierta.arasaac.org\/fr\/wp-json\/wp\/v2\/users\/5"}],"replies":[{"embeddable":true,"href":"https:\/\/aulaabierta.arasaac.org\/fr\/wp-json\/wp\/v2\/comments?post=67076"}],"version-history":[{"count":13,"href":"https:\/\/aulaabierta.arasaac.org\/fr\/wp-json\/wp\/v2\/pages\/67076\/revisions"}],"predecessor-version":[{"id":139362,"href":"https:\/\/aulaabierta.arasaac.org\/fr\/wp-json\/wp\/v2\/pages\/67076\/revisions\/139362"}],"wp:featuredmedia":[{"embeddable":true,"href":"https:\/\/aulaabierta.arasaac.org\/fr\/wp-json\/wp\/v2\/media\/63870"}],"wp:attachment":[{"href":"https:\/\/aulaabierta.arasaac.org\/fr\/wp-json\/wp\/v2\/media?parent=67076"}],"curies":[{"name":"wp","href":"https:\/\/api.w.org\/{rel}","templated":true}]}}