{"id":68023,"date":"2021-02-24T12:10:04","date_gmt":"2021-02-24T11:10:04","guid":{"rendered":"https:\/\/aulaabierta.arasaac.org\/minitutoriales-caa-habilitando-entorno-trabajar-unidades-didacticas-y-caa"},"modified":"2023-02-09T11:15:20","modified_gmt":"2023-02-09T10:15:20","slug":"minitutorial-caa-comment-permettre-environnement-de-travailler-unites-didactiques-caa","status":"publish","type":"page","link":"https:\/\/aulaabierta.arasaac.org\/fr\/minitutorial-caa-comment-permettre-environnement-de-travailler-unites-didactiques-caa","title":{"rendered":"Tutoriel AAC &#8211; Comment permettre \u00e0 l\u2019environnement de travailler des unit\u00e9s didactiques et CAA"},"content":{"rendered":"<div id='av-layout-grid-1'  class='av-layout-grid-container av-10pvuos-ba21f626b247823b3333352376f19114 entry-content-wrapper alternate_color av-border-cells av-flex-cells  avia-builder-el-0  el_before_av_textblock  avia-builder-el-first   container_wrap fullsize'  >\n\n<style type=\"text\/css\" data-created_by=\"avia_inline_auto\" id=\"style-css-av-zq6hjg-49ac878b17158d6126a9c29150ac719d\">\n.flex_cell.av-zq6hjg-49ac878b17158d6126a9c29150ac719d{\nvertical-align:top;\n}\n.responsive #top #wrap_all .flex_cell.av-zq6hjg-49ac878b17158d6126a9c29150ac719d{\npadding:30px 30px 30px 30px !important;\n}\n<\/style>\n<div class='flex_cell av-zq6hjg-49ac878b17158d6126a9c29150ac719d av-gridrow-cell av_one_fifth no_margin  avia-builder-el-1  el_before_av_cell_four_fifth  avia-builder-el-first ' ><div class='flex_cell_inner'>\n<style type=\"text\/css\" data-created_by=\"avia_inline_auto\" id=\"style-css-av-yhiz64-18545aacf12a07158055040bcdf5259a\">\n.avia-image-container.av-yhiz64-18545aacf12a07158055040bcdf5259a img.avia_image{\nbox-shadow:none;\n}\n.avia-image-container.av-yhiz64-18545aacf12a07158055040bcdf5259a .av-image-caption-overlay-center{\ncolor:#ffffff;\n}\n<\/style>\n<div  class='avia-image-container av-yhiz64-18545aacf12a07158055040bcdf5259a av-styling- avia-align-center  avia-builder-el-2  avia-builder-el-no-sibling '   itemprop=\"image\" itemscope=\"itemscope\" itemtype=\"https:\/\/schema.org\/ImageObject\" ><div class=\"avia-image-container-inner\"><div class=\"avia-image-overlay-wrap\"><a href=\"https:\/\/aulaabierta.arasaac.org\/fr\/communication_augmentee_et_alternative_caa\" class='avia_image' ><img decoding=\"async\" class='wp-image-34560 avia-img-lazy-loading-not-34560 avia_image ' src=\"https:\/\/aulaabierta.arasaac.org\/wp-content\/uploads\/2018\/05\/tutoriales_sin_marco-180x180.png\" alt='' title='tutoriales_sin_marco'  height=\"180\" width=\"180\"  itemprop=\"thumbnailUrl\" srcset=\"https:\/\/aulaabierta.arasaac.org\/wp-content\/uploads\/2018\/05\/tutoriales_sin_marco-180x180.png 180w, https:\/\/aulaabierta.arasaac.org\/wp-content\/uploads\/2018\/05\/tutoriales_sin_marco-80x80.png 80w, https:\/\/aulaabierta.arasaac.org\/wp-content\/uploads\/2018\/05\/tutoriales_sin_marco-300x298.png 300w, https:\/\/aulaabierta.arasaac.org\/wp-content\/uploads\/2018\/05\/tutoriales_sin_marco-768x763.png 768w, https:\/\/aulaabierta.arasaac.org\/wp-content\/uploads\/2018\/05\/tutoriales_sin_marco-36x36.png 36w, https:\/\/aulaabierta.arasaac.org\/wp-content\/uploads\/2018\/05\/tutoriales_sin_marco-705x700.png 705w, https:\/\/aulaabierta.arasaac.org\/wp-content\/uploads\/2018\/05\/tutoriales_sin_marco-120x120.png 120w, https:\/\/aulaabierta.arasaac.org\/wp-content\/uploads\/2018\/05\/tutoriales_sin_marco-450x447.png 450w, https:\/\/aulaabierta.arasaac.org\/wp-content\/uploads\/2018\/05\/tutoriales_sin_marco.png 928w\" sizes=\"(max-width: 180px) 100vw, 180px\" \/><\/a><\/div><\/div><\/div>\n<\/div><\/div>\n<style type=\"text\/css\" data-created_by=\"avia_inline_auto\" id=\"style-css-av-wowdgc-10999ff979df46f1b725ce8679a040ff\">\n.flex_cell.av-wowdgc-10999ff979df46f1b725ce8679a040ff{\nvertical-align:middle;\n}\n.responsive #top #wrap_all .flex_cell.av-wowdgc-10999ff979df46f1b725ce8679a040ff{\npadding:30px 30px 30px 30px !important;\n}\n<\/style>\n<div class='flex_cell av-wowdgc-10999ff979df46f1b725ce8679a040ff av-gridrow-cell av_four_fifth no_margin  avia-builder-el-3  el_after_av_cell_one_fifth  avia-builder-el-last ' ><div class='flex_cell_inner'>\n<style type=\"text\/css\" data-created_by=\"avia_inline_auto\" id=\"style-css-av-w2z8vw-e366cc3651a8bba1c8cb4fae0d2d1b94\">\n#top .av-special-heading.av-w2z8vw-e366cc3651a8bba1c8cb4fae0d2d1b94{\npadding-bottom:0;\n}\nbody .av-special-heading.av-w2z8vw-e366cc3651a8bba1c8cb4fae0d2d1b94 .av-special-heading-tag .heading-char{\nfont-size:25px;\n}\n.av-special-heading.av-w2z8vw-e366cc3651a8bba1c8cb4fae0d2d1b94 .av-subheading{\nfont-size:15px;\n}\n<\/style>\n<div  class='av-special-heading av-w2z8vw-e366cc3651a8bba1c8cb4fae0d2d1b94 av-special-heading-h1  avia-builder-el-4  avia-builder-el-no-sibling '><h1 class='av-special-heading-tag'  itemprop=\"headline\"  >TUTORIEL CAA &#8211; COMMENT PERMETTRE \u00c0 L\u2019ENVIRONNEMENT DE TRAVAILLER DES UNIT\u00c9S DIDACTIQUES ET AAC<\/h1><div class=\"special-heading-border\"><div class=\"special-heading-inner-border\"><\/div><\/div><\/div>\n<\/div><\/div>\n<\/div><div id='after_grid_row_1'  class='main_color av_default_container_wrap container_wrap fullsize'  ><div class='container av-section-cont-open' ><div class='template-page content  av-content-full alpha units'><div class='post-entry post-entry-type-page post-entry-68023'><div class='entry-content-wrapper clearfix'>\n\n<style type=\"text\/css\" data-created_by=\"avia_inline_auto\" id=\"style-css-av-r2szvg-200110cf48c4b0b42637ce44abfc2f38\">\n#top .av_textblock_section.av-r2szvg-200110cf48c4b0b42637ce44abfc2f38 .avia_textblock{\nfont-size:16px;\n}\n<\/style>\n<section  class='av_textblock_section av-r2szvg-200110cf48c4b0b42637ce44abfc2f38'  itemscope=\"itemscope\" itemtype=\"https:\/\/schema.org\/CreativeWork\" ><div class='avia_textblock'  itemprop=\"text\" ><h6 style=\"text-align: center;\"><img loading=\"lazy\" decoding=\"async\" class=\"aligncenter size-full wp-image-932\" src=\"https:\/\/aulaabierta.arasaac.org\/wp-content\/uploads\/2016\/12\/by-nc-sa.eu_petit.png\" alt=\"\" width=\"118\" height=\"41\">Cette \u0153uvre est sous licence <a href=\"http:\/\/creativecommons.org\/licenses\/by-nc-sa\/4.0\/\" rel=\"license\">Creative Commons Attribution-NonComercial-ShareAlike 4.0 International.<\/a><\/h6>\n<p style=\"text-align: center;\">Auteurs : <a href=\"https:\/\/alojaweb.educastur.es\/web\/cpeelatores\/portada\" target=\"_blank\" rel=\"noopener\"><br \/>\n  <strong><br \/>\n    <span style=\"color: #000000;\">CPEE Latores de Oviedo<\/span><br \/>\n  <\/strong><br \/>\n<\/a> et<strong> ARASAAC<\/strong><\/p>\n<hr>\n<\/div><\/section>\n\n<style type=\"text\/css\" data-created_by=\"avia_inline_auto\" id=\"style-css-av-q8vyq4-ad00a2efa7a40ada6c85e6ee3648fab5\">\n#top .av_textblock_section.av-q8vyq4-ad00a2efa7a40ada6c85e6ee3648fab5 .avia_textblock{\nfont-size:16px;\n}\n<\/style>\n<section  class='av_textblock_section av-q8vyq4-ad00a2efa7a40ada6c85e6ee3648fab5'  itemscope=\"itemscope\" itemtype=\"https:\/\/schema.org\/CreativeWork\" ><div class='avia_textblock'  itemprop=\"text\" ><p><strong>Syst\u00e8mes pictographiques pour la communication augment\u00e9e et alternative (CAA), comme l\u2019indique<\/strong> <strong>Carmen Basil<\/strong> dans\u00bb<strong><a href=\"https:\/\/arasaac.org\/aac\/fr\">Que sont les SAAC? &#8211; ARASAAC &#8211; ARASAAC<\/a><\/strong>\u00ab , \u00bb<em>ne sont qu\u2019un moyen ou une condition n\u00e9cessaire pour que la personne ayant un trouble de la parole <strong>communique, d\u00e9veloppe ses capacit\u00e9s et participe au monde qui l\u2019entoure,<\/strong>mais elles ne sont jamais suffisantes. <strong>Ce qui est vraiment important, c\u2019est le processus d\u2019\u00e9ducation, d\u2019habilitation et de conseil<\/strong> qui doit les accompagner. \u00bb<\/em><\/p>\n<p><strong>Carmen Basil <\/strong>poursuit en soulignant que \u00ab<strong><em>l\u2019habilitation et l\u2019enseignement doivent \u00eatre dirig\u00e9s \u00e0 la fois vers la personne et vers son<\/em> <em>environnement<\/em>\u00bb.<\/strong> <\/p>\n<p>Par cons\u00e9quent, \u00e0 partir de ces pr\u00e9misses, cet enseignement doit \u00eatre effectu\u00e9 dans <strong>des environnements \u00e9ducatifs<\/strong> et dans des <strong>environnements naturels,<\/strong>garantissant que la personne sera immerg\u00e9e dans un bon <strong>environnement linguistique,<\/strong>entour\u00e9e <strong>d\u2019interlocuteurs sensibles<\/strong> et impliqu\u00e9e dans <strong>des activit\u00e9s enrichissantes.<\/strong><\/p>\n<p>Un bon exemple en est le travail<strong> d\u2019adaptation des unit\u00e9s didactiques<\/strong> r\u00e9alis\u00e9 et partag\u00e9 par nos coll\u00e8gues du <a href=\"https:\/\/alojaweb.educastur.es\/web\/cpeelatores\/centro\" target=\"_blank\" rel=\"noopener\"><strong>CPEE Latores<\/strong><\/a>d\u2019Oviedo <strong>(Espagne).<\/strong><\/p>\n<p>Nous vous montrons deux exemples d\u2019adaptations des unit\u00e9s didactiques, avec des objets r\u00e9els et des pictogrammes <a href=\"https:\/\/arasaac.org\/\" target=\"_blank\" rel=\"noopener\"><strong>d\u2019ARASAAC <\/strong><\/a>sur les v\u00eatements et la maison.<\/p>\n<p><img loading=\"lazy\" decoding=\"async\" class=\"size-large wp-image-21347 aligncenter\" src=\"https:\/\/aulaabierta.arasaac.org\/wp-content\/uploads\/2021\/02\/Adaptacion_unidad_didactica_CPEE_Latores_pictogramas_ARASAAC_2-1030x624.jpg\" alt=\"\" width=\"1030\" height=\"624\" srcset=\"https:\/\/aulaabierta.arasaac.org\/wp-content\/uploads\/2021\/02\/Adaptacion_unidad_didactica_CPEE_Latores_pictogramas_ARASAAC_2-1030x624.jpg 1030w, https:\/\/aulaabierta.arasaac.org\/wp-content\/uploads\/2021\/02\/Adaptacion_unidad_didactica_CPEE_Latores_pictogramas_ARASAAC_2-300x182.jpg 300w, https:\/\/aulaabierta.arasaac.org\/wp-content\/uploads\/2021\/02\/Adaptacion_unidad_didactica_CPEE_Latores_pictogramas_ARASAAC_2-768x466.jpg 768w, https:\/\/aulaabierta.arasaac.org\/wp-content\/uploads\/2021\/02\/Adaptacion_unidad_didactica_CPEE_Latores_pictogramas_ARASAAC_2-705x427.jpg 705w, https:\/\/aulaabierta.arasaac.org\/wp-content\/uploads\/2021\/02\/Adaptacion_unidad_didactica_CPEE_Latores_pictogramas_ARASAAC_2-450x273.jpg 450w, https:\/\/aulaabierta.arasaac.org\/wp-content\/uploads\/2021\/02\/Adaptacion_unidad_didactica_CPEE_Latores_pictogramas_ARASAAC_2.jpg 1389w\" sizes=\"auto, (max-width: 1030px) 100vw, 1030px\" \/><\/p>\n<p>Lorsque les \u00e9tudiants entrent dans le centre, ils trouvent trois grands panneaux situ\u00e9s dans le hall, une zone visible et tr\u00e8s fr\u00e9quent\u00e9e par tous.<\/p>\n<p>Dans ces panneaux, tous les \u00e9l\u00e9ments (objets r\u00e9els, pictogrammes, \u00e9criture, etc.) li\u00e9s \u00e0 l\u2019unit\u00e9 didactique sur laquelle on travaille \u00e0 ce moment-l\u00e0 dans leurs salles de classe sont introduits et distribu\u00e9s.<\/p>\n<p>Chaque unit\u00e9 est introduite avec un changement dans les informations contenues dans les panneaux, de sorte qu\u2019elle devient un \u00e9l\u00e9ment motivant en plus de servir \u00e0 l\u2019introduction du contenu de l\u2019unit\u00e9 et \u00e0 sa contextualisation,<\/p>\n<p><img loading=\"lazy\" decoding=\"async\" class=\"size-large wp-image-21341 aligncenter\" src=\"https:\/\/aulaabierta.arasaac.org\/wp-content\/uploads\/2021\/02\/Adaptacion_unidad_didactica_CPEE_Latores_pictogramas_ARASAAC_1-1030x501.jpg\" alt=\"\" width=\"1030\" height=\"501\" srcset=\"https:\/\/aulaabierta.arasaac.org\/wp-content\/uploads\/2021\/02\/Adaptacion_unidad_didactica_CPEE_Latores_pictogramas_ARASAAC_1-1030x501.jpg 1030w, https:\/\/aulaabierta.arasaac.org\/wp-content\/uploads\/2021\/02\/Adaptacion_unidad_didactica_CPEE_Latores_pictogramas_ARASAAC_1-300x146.jpg 300w, https:\/\/aulaabierta.arasaac.org\/wp-content\/uploads\/2021\/02\/Adaptacion_unidad_didactica_CPEE_Latores_pictogramas_ARASAAC_1-768x373.jpg 768w, https:\/\/aulaabierta.arasaac.org\/wp-content\/uploads\/2021\/02\/Adaptacion_unidad_didactica_CPEE_Latores_pictogramas_ARASAAC_1-1536x747.jpg 1536w, https:\/\/aulaabierta.arasaac.org\/wp-content\/uploads\/2021\/02\/Adaptacion_unidad_didactica_CPEE_Latores_pictogramas_ARASAAC_1-1500x729.jpg 1500w, https:\/\/aulaabierta.arasaac.org\/wp-content\/uploads\/2021\/02\/Adaptacion_unidad_didactica_CPEE_Latores_pictogramas_ARASAAC_1-705x343.jpg 705w, https:\/\/aulaabierta.arasaac.org\/wp-content\/uploads\/2021\/02\/Adaptacion_unidad_didactica_CPEE_Latores_pictogramas_ARASAAC_1-450x219.jpg 450w, https:\/\/aulaabierta.arasaac.org\/wp-content\/uploads\/2021\/02\/Adaptacion_unidad_didactica_CPEE_Latores_pictogramas_ARASAAC_1.jpg 2016w\" sizes=\"auto, (max-width: 1030px) 100vw, 1030px\" \/><\/p>\n<p>Dans le panneau central, une partie du contenu de l\u2019unit\u00e9 est repr\u00e9sent\u00e9e de mani\u00e8re concr\u00e8te et interactive.<\/p>\n<p><img loading=\"lazy\" decoding=\"async\" class=\"size-full wp-image-21348 aligncenter\" src=\"https:\/\/aulaabierta.arasaac.org\/wp-content\/uploads\/2021\/02\/Adaptacion_unidad_didactica_CPEE_Latores_pictogramas_ARASAAC_6.jpg\" alt=\"\" width=\"766\" height=\"702\" srcset=\"https:\/\/aulaabierta.arasaac.org\/wp-content\/uploads\/2021\/02\/Adaptacion_unidad_didactica_CPEE_Latores_pictogramas_ARASAAC_6.jpg 766w, https:\/\/aulaabierta.arasaac.org\/wp-content\/uploads\/2021\/02\/Adaptacion_unidad_didactica_CPEE_Latores_pictogramas_ARASAAC_6-300x275.jpg 300w, https:\/\/aulaabierta.arasaac.org\/wp-content\/uploads\/2021\/02\/Adaptacion_unidad_didactica_CPEE_Latores_pictogramas_ARASAAC_6-705x646.jpg 705w, https:\/\/aulaabierta.arasaac.org\/wp-content\/uploads\/2021\/02\/Adaptacion_unidad_didactica_CPEE_Latores_pictogramas_ARASAAC_6-450x412.jpg 450w\" sizes=\"auto, (max-width: 766px) 100vw, 766px\" \/><\/p>\n<p>Dans le panneau de gauche sont plac\u00e9s les pictogrammes du vocabulaire de base de l\u2019unit\u00e9 (noms et actions) accompagn\u00e9s du mot \u00e9crit en majuscules, ce qui favorise la lecture globale.<\/p>\n<p><img loading=\"lazy\" decoding=\"async\" class=\"size-full wp-image-21349 aligncenter\" src=\"https:\/\/aulaabierta.arasaac.org\/wp-content\/uploads\/2021\/02\/Adaptacion_unidad_didactica_CPEE_Latores_pictogramas_ARASAAC_7.jpg\" alt=\"\" width=\"855\" height=\"711\" srcset=\"https:\/\/aulaabierta.arasaac.org\/wp-content\/uploads\/2021\/02\/Adaptacion_unidad_didactica_CPEE_Latores_pictogramas_ARASAAC_7.jpg 855w, https:\/\/aulaabierta.arasaac.org\/wp-content\/uploads\/2021\/02\/Adaptacion_unidad_didactica_CPEE_Latores_pictogramas_ARASAAC_7-300x249.jpg 300w, https:\/\/aulaabierta.arasaac.org\/wp-content\/uploads\/2021\/02\/Adaptacion_unidad_didactica_CPEE_Latores_pictogramas_ARASAAC_7-768x639.jpg 768w, https:\/\/aulaabierta.arasaac.org\/wp-content\/uploads\/2021\/02\/Adaptacion_unidad_didactica_CPEE_Latores_pictogramas_ARASAAC_7-705x586.jpg 705w, https:\/\/aulaabierta.arasaac.org\/wp-content\/uploads\/2021\/02\/Adaptacion_unidad_didactica_CPEE_Latores_pictogramas_ARASAAC_7-450x374.jpg 450w\" sizes=\"auto, (max-width: 855px) 100vw, 855px\" \/><\/p>\n<p>Enfin, le panneau de droite recueille \u00e0 travers des pictogrammes et des mots une chanson \u00e9galement li\u00e9e \u00e0 l\u2019unit\u00e9 et qui est travaill\u00e9e pendant celle-ci, dans de nombreux groupes de l\u2019\u00e9cole.<\/p>\n<p><img loading=\"lazy\" decoding=\"async\" class=\"size-full wp-image-21350 aligncenter\" src=\"https:\/\/aulaabierta.arasaac.org\/wp-content\/uploads\/2021\/02\/Adaptacion_unidad_didactica_CPEE_Latores_pictogramas_ARASAAC_8.jpg\" alt=\"\" width=\"810\" height=\"729\" srcset=\"https:\/\/aulaabierta.arasaac.org\/wp-content\/uploads\/2021\/02\/Adaptacion_unidad_didactica_CPEE_Latores_pictogramas_ARASAAC_8.jpg 810w, https:\/\/aulaabierta.arasaac.org\/wp-content\/uploads\/2021\/02\/Adaptacion_unidad_didactica_CPEE_Latores_pictogramas_ARASAAC_8-300x270.jpg 300w, https:\/\/aulaabierta.arasaac.org\/wp-content\/uploads\/2021\/02\/Adaptacion_unidad_didactica_CPEE_Latores_pictogramas_ARASAAC_8-768x691.jpg 768w, https:\/\/aulaabierta.arasaac.org\/wp-content\/uploads\/2021\/02\/Adaptacion_unidad_didactica_CPEE_Latores_pictogramas_ARASAAC_8-705x635.jpg 705w, https:\/\/aulaabierta.arasaac.org\/wp-content\/uploads\/2021\/02\/Adaptacion_unidad_didactica_CPEE_Latores_pictogramas_ARASAAC_8-450x405.jpg 450w\" sizes=\"auto, (max-width: 810px) 100vw, 810px\" \/><\/p>\n<p>Comme vous pouvez l\u2019imaginer, le travail se poursuit en classe avec des activit\u00e9s adapt\u00e9es au style d\u2019apprentissage et aux capacit\u00e9s de chacun des \u00e9l\u00e8ves.<\/p>\n<p>Enfin, la collaboration avec les familles est essentielle pour poursuivre ce travail \u00e0 la maison, car c\u2019est l\u2019environnement naturel o\u00f9 l\u2019apprentissage prend forme.<\/p>\n<\/div><\/section>\n<\/div><\/div><\/div><!-- close content main div --><\/div><\/div><div id='av-layout-grid-2'  class='av-layout-grid-container av-cjch3g-8c9893a91b8664f8d2da390acf8309d6 entry-content-wrapper main_color av-flex-cells  avia-builder-el-7  el_after_av_textblock  avia-builder-el-last  grid-row-not-first  container_wrap fullsize'  >\n\n<style type=\"text\/css\" data-created_by=\"avia_inline_auto\" id=\"style-css-av-b41c6k-f6dde31934e6ce77c56da73fd8840047\">\n.flex_cell.av-b41c6k-f6dde31934e6ce77c56da73fd8840047{\nvertical-align:top;\n}\n.responsive #top #wrap_all .flex_cell.av-b41c6k-f6dde31934e6ce77c56da73fd8840047{\npadding:30px 30px 30px 30px !important;\n}\n<\/style>\n<div class='flex_cell av-b41c6k-f6dde31934e6ce77c56da73fd8840047 av-gridrow-cell av_one_fifth no_margin  avia-builder-el-8  el_before_av_cell_one_fifth  avia-builder-el-first ' ><div class='flex_cell_inner'><\/div><\/div>\n<style type=\"text\/css\" data-created_by=\"avia_inline_auto\" id=\"style-css-av-9mned8-43fd3f546904f071921b9e19eca7a438\">\n.flex_cell.av-9mned8-43fd3f546904f071921b9e19eca7a438{\nvertical-align:top;\n}\n.responsive #top #wrap_all .flex_cell.av-9mned8-43fd3f546904f071921b9e19eca7a438{\npadding:30px 30px 30px 30px !important;\n}\n<\/style>\n<div class='flex_cell av-9mned8-43fd3f546904f071921b9e19eca7a438 av-gridrow-cell av_one_fifth no_margin  avia-builder-el-9  el_after_av_cell_one_fifth  el_before_av_cell_one_fifth ' ><div class='flex_cell_inner'><\/div><\/div>\n<style type=\"text\/css\" data-created_by=\"avia_inline_auto\" id=\"style-css-av-71ymws-ceeb8b779a4044f9b0d6eb807f20ae2e\">\n.flex_cell.av-71ymws-ceeb8b779a4044f9b0d6eb807f20ae2e{\nvertical-align:top;\n}\n.responsive #top #wrap_all .flex_cell.av-71ymws-ceeb8b779a4044f9b0d6eb807f20ae2e{\npadding:30px 30px 30px 30px !important;\n}\n<\/style>\n<div class='flex_cell av-71ymws-ceeb8b779a4044f9b0d6eb807f20ae2e av-gridrow-cell av_one_fifth no_margin  avia-builder-el-10  el_after_av_cell_one_fifth  el_before_av_cell_one_fifth ' ><div class='flex_cell_inner'>\n<style type=\"text\/css\" data-created_by=\"avia_inline_auto\" id=\"style-css-av-5ctf30-5f9492caf089bf0028cc7bf943033b0d\">\n.avia-image-container.av-5ctf30-5f9492caf089bf0028cc7bf943033b0d img.avia_image{\nbox-shadow:none;\n}\n.avia-image-container.av-5ctf30-5f9492caf089bf0028cc7bf943033b0d .av-image-caption-overlay-center{\ncolor:#ffffff;\n}\n<\/style>\n<div  class='avia-image-container av-5ctf30-5f9492caf089bf0028cc7bf943033b0d av-styling- avia-align-center  avia-builder-el-11  avia-builder-el-no-sibling '   itemprop=\"image\" itemscope=\"itemscope\" itemtype=\"https:\/\/schema.org\/ImageObject\" ><div class=\"avia-image-container-inner\"><div class=\"avia-image-overlay-wrap\"><a href=\"https:\/\/aulaabierta.arasaac.org\/fr\/communication_augmentee_et_alternative_caa\" class='avia_image' ><img decoding=\"async\" class='wp-image-23498 avia-img-lazy-loading-not-23498 avia_image ' src=\"https:\/\/aulaabierta.arasaac.org\/wp-content\/uploads\/2016\/12\/casa-80x80.png\" alt='' title='Commencement'  height=\"80\" width=\"80\"  itemprop=\"thumbnailUrl\" srcset=\"https:\/\/aulaabierta.arasaac.org\/wp-content\/uploads\/2016\/12\/casa-80x80.png 80w, https:\/\/aulaabierta.arasaac.org\/wp-content\/uploads\/2016\/12\/casa-300x300.png 300w, https:\/\/aulaabierta.arasaac.org\/wp-content\/uploads\/2016\/12\/casa-36x36.png 36w, https:\/\/aulaabierta.arasaac.org\/wp-content\/uploads\/2016\/12\/casa-180x180.png 180w, https:\/\/aulaabierta.arasaac.org\/wp-content\/uploads\/2016\/12\/casa-120x120.png 120w, https:\/\/aulaabierta.arasaac.org\/wp-content\/uploads\/2016\/12\/casa-450x450.png 450w, https:\/\/aulaabierta.arasaac.org\/wp-content\/uploads\/2016\/12\/casa.png 500w\" sizes=\"(max-width: 80px) 100vw, 80px\" \/><\/a><\/div><\/div><\/div>\n<\/div><\/div>\n<style type=\"text\/css\" data-created_by=\"avia_inline_auto\" id=\"style-css-av-3m36sc-710efd51927e3570ca55365bcb50add9\">\n.flex_cell.av-3m36sc-710efd51927e3570ca55365bcb50add9{\nvertical-align:top;\n}\n.responsive #top #wrap_all .flex_cell.av-3m36sc-710efd51927e3570ca55365bcb50add9{\npadding:30px 30px 30px 30px !important;\n}\n<\/style>\n<div class='flex_cell av-3m36sc-710efd51927e3570ca55365bcb50add9 av-gridrow-cell av_one_fifth no_margin  avia-builder-el-12  el_after_av_cell_one_fifth  el_before_av_cell_one_fifth ' ><div class='flex_cell_inner'><\/div><\/div>\n<style type=\"text\/css\" data-created_by=\"avia_inline_auto\" id=\"style-css-av-2hnfdo-69170056982846886393d47bc509dbea\">\n.flex_cell.av-2hnfdo-69170056982846886393d47bc509dbea{\nvertical-align:top;\n}\n.responsive #top #wrap_all .flex_cell.av-2hnfdo-69170056982846886393d47bc509dbea{\npadding:30px 30px 30px 30px !important;\n}\n<\/style>\n<div class='flex_cell av-2hnfdo-69170056982846886393d47bc509dbea av-gridrow-cell av_one_fifth no_margin  avia-builder-el-13  el_after_av_cell_one_fifth  avia-builder-el-last ' ><div class='flex_cell_inner'><\/div><\/div><\/div>\n","protected":false},"excerpt":{"rendered":"","protected":false},"author":5,"featured_media":0,"parent":0,"menu_order":0,"comment_status":"closed","ping_status":"closed","template":"","meta":{"om_disable_all_campaigns":false,"_monsterinsights_skip_tracking":false,"_monsterinsights_sitenote_active":false,"_monsterinsights_sitenote_note":"","_monsterinsights_sitenote_category":0,"_uf_show_specific_survey":0,"_uf_disable_surveys":false,"footnotes":""},"class_list":["post-68023","page","type-page","status-publish","hentry"],"aioseo_notices":[],"_links":{"self":[{"href":"https:\/\/aulaabierta.arasaac.org\/fr\/wp-json\/wp\/v2\/pages\/68023","targetHints":{"allow":["GET"]}}],"collection":[{"href":"https:\/\/aulaabierta.arasaac.org\/fr\/wp-json\/wp\/v2\/pages"}],"about":[{"href":"https:\/\/aulaabierta.arasaac.org\/fr\/wp-json\/wp\/v2\/types\/page"}],"author":[{"embeddable":true,"href":"https:\/\/aulaabierta.arasaac.org\/fr\/wp-json\/wp\/v2\/users\/5"}],"replies":[{"embeddable":true,"href":"https:\/\/aulaabierta.arasaac.org\/fr\/wp-json\/wp\/v2\/comments?post=68023"}],"version-history":[{"count":8,"href":"https:\/\/aulaabierta.arasaac.org\/fr\/wp-json\/wp\/v2\/pages\/68023\/revisions"}],"predecessor-version":[{"id":85595,"href":"https:\/\/aulaabierta.arasaac.org\/fr\/wp-json\/wp\/v2\/pages\/68023\/revisions\/85595"}],"wp:attachment":[{"href":"https:\/\/aulaabierta.arasaac.org\/fr\/wp-json\/wp\/v2\/media?parent=68023"}],"curies":[{"name":"wp","href":"https:\/\/api.w.org\/{rel}","templated":true}]}}