{"id":68854,"date":"2020-04-20T20:01:37","date_gmt":"2020-04-20T19:01:37","guid":{"rendered":"https:\/\/aulaabierta.arasaac.org\/ejemplos_uso_transportes"},"modified":"2023-02-09T11:15:38","modified_gmt":"2023-02-09T10:15:38","slug":"exemple_utilisation_transport","status":"publish","type":"page","link":"https:\/\/aulaabierta.arasaac.org\/fr\/exemple_utilisation_transport","title":{"rendered":"Exemple d\u2019utilisation &#8211; Transport"},"content":{"rendered":"<div id='av-layout-grid-1'  class='av-layout-grid-container av-1p18m1p-d2a8024fc07447151850241989d05345 entry-content-wrapper main_color av-border-cells av-flex-cells  avia-builder-el-0  el_before_av_heading  avia-builder-el-first   container_wrap fullsize'  >\n<div class='flex_cell av-14aglz1-40681e61157ccf9ebadea380d797e5bf av-gridrow-cell av_one_fifth no_margin  avia-builder-el-1  el_before_av_cell_four_fifth  avia-builder-el-first ' ><div class='flex_cell_inner'>\n<style type=\"text\/css\" data-created_by=\"avia_inline_auto\" id=\"style-css-av-k98qhs7a-f7cf4ed176c70807db98c5bdde71aeaa\">\n.av_font_icon.av-k98qhs7a-f7cf4ed176c70807db98c5bdde71aeaa{\ncolor:#83a846;\nborder-color:#83a846;\n}\n.av_font_icon.av-k98qhs7a-f7cf4ed176c70807db98c5bdde71aeaa .av-icon-char{\nfont-size:100px;\nline-height:100px;\n}\n<\/style>\n<span  class='av_font_icon av-k98qhs7a-f7cf4ed176c70807db98c5bdde71aeaa avia_animate_when_visible av-icon-style- avia-icon-pos-center avia-icon-animate'><a href='https:\/\/aulaabierta.arasaac.org\/fr\/exemples-dutilisation-caa'  class='av-icon-char' aria-hidden='true' data-av_icon='\ue870' data-av_iconfont='entypo-fontello' ><\/a><\/span>\n<\/div><\/div>\n<style type=\"text\/css\" data-created_by=\"avia_inline_auto\" id=\"style-css-av-1jfcit9-54b425557e0514afd8d5ab8e138c4db3\">\n.flex_cell.av-1jfcit9-54b425557e0514afd8d5ab8e138c4db3{\nvertical-align:top;\n}\n.responsive #top #wrap_all .flex_cell.av-1jfcit9-54b425557e0514afd8d5ab8e138c4db3{\npadding:30px 30px 30px 30px !important;\n}\n<\/style>\n<div class='flex_cell av-1jfcit9-54b425557e0514afd8d5ab8e138c4db3 av-gridrow-cell av_four_fifth no_margin  avia-builder-el-3  el_after_av_cell_one_fifth  avia-builder-el-last ' ><div class='flex_cell_inner'><p><section  class='av_textblock_section av-k98qnvx7-ec267ede00f098f0343d15461fa42231'  itemscope=\"itemscope\" itemtype=\"https:\/\/schema.org\/CreativeWork\" ><div class='avia_textblock'  itemprop=\"text\" ><p><a name=\"arriba\"><\/a><\/p>\n<\/div><\/section><br \/>\n\n<style type=\"text\/css\" data-created_by=\"avia_inline_auto\" id=\"style-css-av-k98ugz37-64900944915ab56f01ee5a24b1453d5d\">\n#top .av-special-heading.av-k98ugz37-64900944915ab56f01ee5a24b1453d5d{\npadding-bottom:10px;\n}\nbody .av-special-heading.av-k98ugz37-64900944915ab56f01ee5a24b1453d5d .av-special-heading-tag .heading-char{\nfont-size:25px;\n}\n.av-special-heading.av-k98ugz37-64900944915ab56f01ee5a24b1453d5d .av-subheading{\nfont-size:15px;\n}\n<\/style>\n<div  class='av-special-heading av-k98ugz37-64900944915ab56f01ee5a24b1453d5d av-special-heading-h1  avia-builder-el-5  el_after_av_textblock  avia-builder-el-last '><h1 class='av-special-heading-tag'  itemprop=\"headline\"  >Exemples d\u2019utilisation &#8211; Transport<\/h1><div class=\"special-heading-border\"><div class=\"special-heading-inner-border\"><\/div><\/div><\/div><\/p>\n<\/div><\/div>\n<\/div><div id='after_grid_row_1'  class='main_color av_default_container_wrap container_wrap fullsize'  ><div class='container av-section-cont-open' ><div class='template-page content  av-content-full alpha units'><div class='post-entry post-entry-type-page post-entry-68854'><div class='entry-content-wrapper clearfix'>\n\n<style type=\"text\/css\" data-created_by=\"avia_inline_auto\" id=\"style-css-av-kd5keg-1a9a99987d3639b3c8ba98798521f84d\">\n#top .av-special-heading.av-kd5keg-1a9a99987d3639b3c8ba98798521f84d{\npadding-bottom:10px;\n}\nbody .av-special-heading.av-kd5keg-1a9a99987d3639b3c8ba98798521f84d .av-special-heading-tag .heading-char{\nfont-size:25px;\n}\n.av-special-heading.av-kd5keg-1a9a99987d3639b3c8ba98798521f84d .av-subheading{\nfont-size:15px;\n}\n<\/style>\n<div  class='av-special-heading av-kd5keg-1a9a99987d3639b3c8ba98798521f84d av-special-heading-h2  avia-builder-el-6  el_after_av_layout_row  el_before_av_masonry_entries  avia-builder-el-no-sibling '><h2 class='av-special-heading-tag'  itemprop=\"headline\"  >Catalogue<\/h2><div class=\"special-heading-border\"><div class=\"special-heading-inner-border\"><\/div><\/div><\/div>\n<div id='av-masonry-1' class='av-masonry av-boj6z-6c01d7e9466f9952e815f6bf9777de20 noHover av-flex-size av-large-gap av-hover-overlay-active av-masonry-animation-active av-masonry-col-3 av-caption-always av-caption-style- av-masonry-entries ' data-post_id=\"68854\"><div class=\"av-masonry-container isotope av-js-disabled\"><div class='av-masonry-entry isotope-item av-masonry-item-no-image all_sort exemples-dutilisation_sort  transport_sort '><\/div><a href=\"https:\/\/aulaabierta.arasaac.org\/fr\/archivos\/Items de portfolio\/accessibilite-cognitive-avec-pictogrammes-dans-le-bus-urbain-et-dans-le-train-touristique-elche\"  id='av-masonry-1-item-93137' data-av-masonry-item='93137' class='av-masonry-entry isotope-item post-93137 portfolio type-portfolio status-publish has-post-thumbnail hentry portfolio_entries-exemples-dutilisation portfolio_entries-transport all_sort exemples-dutilisation_sort  transport_sort  av-masonry-item-with-image' title=\"Ayuntamiento_de_Elche_pictogramas_ARASAAC_1\"   itemscope=\"itemscope\" itemtype=\"https:\/\/schema.org\/CreativeWork\" ><div class='av-inner-masonry-sizer'><\/div><figure class='av-inner-masonry main_color'><div class=\"av-masonry-outerimage-container\"><div class='av-masonry-image-container'   ><img decoding=\"async\" width=\"705\" height=\"426\" class=\"wp-image-93071 avia-img-lazy-loading-not-93071\"  src=\"https:\/\/aulaabierta.arasaac.org\/wp-content\/uploads\/2022\/07\/Ayuntamiento_de_Elche_pictogramas_ARASAAC_1-705x426.jpg\" title=\"Ayuntamiento_de_Elche_pictogramas_ARASAAC_1\" alt=\"\" srcset=\"https:\/\/aulaabierta.arasaac.org\/wp-content\/uploads\/2022\/07\/Ayuntamiento_de_Elche_pictogramas_ARASAAC_1-705x426.jpg 705w, https:\/\/aulaabierta.arasaac.org\/wp-content\/uploads\/2022\/07\/Ayuntamiento_de_Elche_pictogramas_ARASAAC_1-300x181.jpg 300w, https:\/\/aulaabierta.arasaac.org\/wp-content\/uploads\/2022\/07\/Ayuntamiento_de_Elche_pictogramas_ARASAAC_1-1030x622.jpg 1030w, https:\/\/aulaabierta.arasaac.org\/wp-content\/uploads\/2022\/07\/Ayuntamiento_de_Elche_pictogramas_ARASAAC_1-768x464.jpg 768w, https:\/\/aulaabierta.arasaac.org\/wp-content\/uploads\/2022\/07\/Ayuntamiento_de_Elche_pictogramas_ARASAAC_1.jpg 1200w\" sizes=\"(max-width: 705px) 100vw, 705px\" \/><\/div><\/div><figcaption class='av-inner-masonry-content site-background'><div class='av-inner-masonry-content-pos'><div class='av-inner-masonry-content-pos-content'><div class='avia-arrow'><\/div><h3 class='av-masonry-entry-title entry-title '  itemprop=\"headline\" >ACCESSIBILIT\u00c9 COGNITIVE AVEC PICTOGRAMMES SUR LE BUS URBAIN ET LE TRAIN TOURISTIQUE &#8211; ELCHE<\/h3><\/div><\/div><\/figcaption><\/figure><\/a><!--end av-masonry entry--><a href=\"https:\/\/aulaabierta.arasaac.org\/fr\/archivos\/Items de portfolio\/signalisation-des-collectifs-ligne-85-avec-pictogrammes\"  id='av-masonry-1-item-89757' data-av-masonry-item='89757' class='av-masonry-entry isotope-item post-89757 portfolio type-portfolio status-publish has-post-thumbnail hentry portfolio_entries-exemples-dutilisation portfolio_entries-transport all_sort exemples-dutilisation_sort  transport_sort  av-masonry-item-with-image' title=\"Se\u00f1alizacion_colectivos_linea_85_pictogramas_ARASAAC_1\"   itemscope=\"itemscope\" itemtype=\"https:\/\/schema.org\/CreativeWork\" ><div class='av-inner-masonry-sizer'><\/div><figure class='av-inner-masonry main_color'><div class=\"av-masonry-outerimage-container\"><div class='av-masonry-image-container'   ><img decoding=\"async\" width=\"705\" height=\"407\" class=\"wp-image-89610 avia-img-lazy-loading-not-89610\"  src=\"https:\/\/aulaabierta.arasaac.org\/wp-content\/uploads\/2022\/03\/Senalizacion_colectivos_linea_85_pictogramas_ARASAAC_1-705x407.jpg\" title=\"Se\u00f1alizacion_colectivos_linea_85_pictogramas_ARASAAC_1\" alt=\"\" srcset=\"https:\/\/aulaabierta.arasaac.org\/wp-content\/uploads\/2022\/03\/Senalizacion_colectivos_linea_85_pictogramas_ARASAAC_1-705x407.jpg 705w, https:\/\/aulaabierta.arasaac.org\/wp-content\/uploads\/2022\/03\/Senalizacion_colectivos_linea_85_pictogramas_ARASAAC_1-300x173.jpg 300w, https:\/\/aulaabierta.arasaac.org\/wp-content\/uploads\/2022\/03\/Senalizacion_colectivos_linea_85_pictogramas_ARASAAC_1-1030x595.jpg 1030w, https:\/\/aulaabierta.arasaac.org\/wp-content\/uploads\/2022\/03\/Senalizacion_colectivos_linea_85_pictogramas_ARASAAC_1-768x444.jpg 768w, https:\/\/aulaabierta.arasaac.org\/wp-content\/uploads\/2022\/03\/Senalizacion_colectivos_linea_85_pictogramas_ARASAAC_1.jpg 1080w\" sizes=\"(max-width: 705px) 100vw, 705px\" \/><\/div><\/div><figcaption class='av-inner-masonry-content site-background'><div class='av-inner-masonry-content-pos'><div class='av-inner-masonry-content-pos-content'><div class='avia-arrow'><\/div><h3 class='av-masonry-entry-title entry-title '  itemprop=\"headline\" >SIGNALISATION AVEC PICTOGRAMMES DES BUS DE BUENOS AIRES<\/h3><\/div><\/div><\/figcaption><\/figure><\/a><!--end av-masonry entry--><a href=\"https:\/\/aulaabierta.arasaac.org\/fr\/archivos\/Items de portfolio\/bus-de-terrassa-itineraires-adaptes-avec-pictogrammes\"  id='av-masonry-1-item-70077' data-av-masonry-item='70077' class='av-masonry-entry isotope-item post-70077 portfolio type-portfolio status-publish has-post-thumbnail hentry portfolio_entries-exemples-dutilisation portfolio_entries-transport all_sort exemples-dutilisation_sort  transport_sort  av-masonry-item-with-image' title=\"Autobuses_Terrassa_2\"   itemscope=\"itemscope\" itemtype=\"https:\/\/schema.org\/CreativeWork\" ><div class='av-inner-masonry-sizer'><\/div><figure class='av-inner-masonry main_color'><div class=\"av-masonry-outerimage-container\"><div class='av-masonry-image-container'   ><img decoding=\"async\" width=\"705\" height=\"317\" class=\"wp-image-65839 avia-img-lazy-loading-not-65839\"  src=\"https:\/\/aulaabierta.arasaac.org\/wp-content\/uploads\/2021\/10\/Autobuses_Terrassa_2-705x317.jpeg\" title=\"Autobuses_Terrassa_2\" alt=\"\" srcset=\"https:\/\/aulaabierta.arasaac.org\/wp-content\/uploads\/2021\/10\/Autobuses_Terrassa_2-705x317.jpeg 705w, https:\/\/aulaabierta.arasaac.org\/wp-content\/uploads\/2021\/10\/Autobuses_Terrassa_2-300x135.jpeg 300w, https:\/\/aulaabierta.arasaac.org\/wp-content\/uploads\/2021\/10\/Autobuses_Terrassa_2-1030x464.jpeg 1030w, https:\/\/aulaabierta.arasaac.org\/wp-content\/uploads\/2021\/10\/Autobuses_Terrassa_2-768x346.jpeg 768w, https:\/\/aulaabierta.arasaac.org\/wp-content\/uploads\/2021\/10\/Autobuses_Terrassa_2-1536x691.jpeg 1536w, https:\/\/aulaabierta.arasaac.org\/wp-content\/uploads\/2021\/10\/Autobuses_Terrassa_2-1500x675.jpeg 1500w, https:\/\/aulaabierta.arasaac.org\/wp-content\/uploads\/2021\/10\/Autobuses_Terrassa_2-450x203.jpeg 450w, https:\/\/aulaabierta.arasaac.org\/wp-content\/uploads\/2021\/10\/Autobuses_Terrassa_2.jpeg 1600w\" sizes=\"(max-width: 705px) 100vw, 705px\" \/><\/div><\/div><figcaption class='av-inner-masonry-content site-background'><div class='av-inner-masonry-content-pos'><div class='av-inner-masonry-content-pos-content'><div class='avia-arrow'><\/div><h3 class='av-masonry-entry-title entry-title '  itemprop=\"headline\" >Terrassa Buses &#8211; Itin\u00e9raires adapt\u00e9s avec pictogrammes<\/h3><\/div><\/div><\/figcaption><\/figure><\/a><!--end av-masonry entry--><a href=\"https:\/\/aulaabierta.arasaac.org\/fr\/archivos\/Items de portfolio\/transport-ecole-et-pour-personnes-a-mobilite-reduite-ceuta\"  id='av-masonry-1-item-70152' data-av-masonry-item='70152' class='av-masonry-entry isotope-item post-70152 portfolio type-portfolio status-publish has-post-thumbnail hentry portfolio_entries-exemples-dutilisation portfolio_entries-transport all_sort exemples-dutilisation_sort  transport_sort  av-masonry-item-with-image' title=\"Transporte_escolar_asistido_Ceuta_3\"   itemscope=\"itemscope\" itemtype=\"https:\/\/schema.org\/CreativeWork\" ><div class='av-inner-masonry-sizer'><\/div><figure class='av-inner-masonry main_color'><div class=\"av-masonry-outerimage-container\"><div class='av-masonry-image-container'   ><img decoding=\"async\" width=\"705\" height=\"529\" class=\"wp-image-63230 avia-img-lazy-loading-not-63230\"  src=\"https:\/\/aulaabierta.arasaac.org\/wp-content\/uploads\/2021\/02\/Transporte_escolar_asistido_Ceuta_3-705x529.jpg\" title=\"Transporte_escolar_asistido_Ceuta_3\" alt=\"\" srcset=\"https:\/\/aulaabierta.arasaac.org\/wp-content\/uploads\/2021\/02\/Transporte_escolar_asistido_Ceuta_3-705x529.jpg 705w, https:\/\/aulaabierta.arasaac.org\/wp-content\/uploads\/2021\/02\/Transporte_escolar_asistido_Ceuta_3-300x225.jpg 300w, https:\/\/aulaabierta.arasaac.org\/wp-content\/uploads\/2021\/02\/Transporte_escolar_asistido_Ceuta_3-1030x773.jpg 1030w, https:\/\/aulaabierta.arasaac.org\/wp-content\/uploads\/2021\/02\/Transporte_escolar_asistido_Ceuta_3-768x576.jpg 768w, https:\/\/aulaabierta.arasaac.org\/wp-content\/uploads\/2021\/02\/Transporte_escolar_asistido_Ceuta_3-450x338.jpg 450w, https:\/\/aulaabierta.arasaac.org\/wp-content\/uploads\/2021\/02\/Transporte_escolar_asistido_Ceuta_3.jpg 1280w\" sizes=\"(max-width: 705px) 100vw, 705px\" \/><\/div><\/div><figcaption class='av-inner-masonry-content site-background'><div class='av-inner-masonry-content-pos'><div class='av-inner-masonry-content-pos-content'><div class='avia-arrow'><\/div><h3 class='av-masonry-entry-title entry-title '  itemprop=\"headline\" >TRANSPORT SCOLAIRE ET POUR PERSONNES \u00c0 MOBILIT\u00c9 R\u00c9DUITE &#8211; CEUTA<\/h3><\/div><\/div><\/figcaption><\/figure><\/a><!--end av-masonry entry--><a href=\"https:\/\/aulaabierta.arasaac.org\/fr\/archivos\/Items de portfolio\/feuille-de-support-a-la-communication-pour-les-utilisateurs-de-taxi-madrid\"  id='av-masonry-1-item-70159' data-av-masonry-item='70159' class='av-masonry-entry isotope-item post-70159 portfolio type-portfolio status-publish has-post-thumbnail hentry portfolio_entries-exemples-dutilisation portfolio_entries-transport all_sort exemples-dutilisation_sort  transport_sort  av-masonry-item-with-image' title=\"Taxis_Hoja_comunicaci\u00f3n_pasajeros_dificultad_habla_Madrid\"   itemscope=\"itemscope\" itemtype=\"https:\/\/schema.org\/CreativeWork\" ><div class='av-inner-masonry-sizer'><\/div><figure class='av-inner-masonry main_color'><div class=\"av-masonry-outerimage-container\"><div class='av-masonry-image-container'   ><img decoding=\"async\" width=\"450\" height=\"319\" class=\"wp-image-63138 avia-img-lazy-loading-not-63138\"  src=\"https:\/\/aulaabierta.arasaac.org\/wp-content\/uploads\/2021\/01\/Taxis_Hoja_comunicacion_pasajeros_dificultad_habla_Madrid-.png\" title=\"Taxis_Hoja_comunicaci\u00f3n_pasajeros_dificultad_habla_Madrid\" alt=\"\" srcset=\"https:\/\/aulaabierta.arasaac.org\/wp-content\/uploads\/2021\/01\/Taxis_Hoja_comunicacion_pasajeros_dificultad_habla_Madrid-.png 450w, https:\/\/aulaabierta.arasaac.org\/wp-content\/uploads\/2021\/01\/Taxis_Hoja_comunicacion_pasajeros_dificultad_habla_Madrid--300x213.png 300w, https:\/\/aulaabierta.arasaac.org\/wp-content\/uploads\/2021\/01\/Taxis_Hoja_comunicacion_pasajeros_dificultad_habla_Madrid--260x185.png 260w\" sizes=\"(max-width: 450px) 100vw, 450px\" \/><\/div><\/div><figcaption class='av-inner-masonry-content site-background'><div class='av-inner-masonry-content-pos'><div class='av-inner-masonry-content-pos-content'><div class='avia-arrow'><\/div><h3 class='av-masonry-entry-title entry-title '  itemprop=\"headline\" >Fiche d\u2019aide \u00e0 la communication pour les usagers de taxis (Madrid)<\/h3><\/div><\/div><\/figcaption><\/figure><\/a><!--end av-masonry entry--><a href=\"https:\/\/aulaabierta.arasaac.org\/fr\/archivos\/Items de portfolio\/carnet-de-communication-pour-voyages-en-taxi-madrid\"  id='av-masonry-1-item-70489' data-av-masonry-item='70489' class='av-masonry-entry isotope-item post-70489 portfolio type-portfolio status-publish has-post-thumbnail hentry portfolio_entries-exemples-dutilisation portfolio_entries-transport all_sort exemples-dutilisation_sort  transport_sort  av-masonry-item-with-image' title=\"Accesibilidad_universal_Taxis_Madrid_ARASAAC_1\"   itemscope=\"itemscope\" itemtype=\"https:\/\/schema.org\/CreativeWork\" ><div class='av-inner-masonry-sizer'><\/div><figure class='av-inner-masonry main_color'><div class=\"av-masonry-outerimage-container\"><div class='av-masonry-image-container'   ><img decoding=\"async\" width=\"705\" height=\"397\" class=\"wp-image-30040 avia-img-lazy-loading-not-30040\"  src=\"https:\/\/aulaabierta.arasaac.org\/wp-content\/uploads\/2017\/09\/Accesibilidad_universal_Taxis_Madrid_ARASAAC_1-705x397.jpg\" title=\"Accesibilidad_universal_Taxis_Madrid_ARASAAC_1\" alt=\"\" srcset=\"https:\/\/aulaabierta.arasaac.org\/wp-content\/uploads\/2017\/09\/Accesibilidad_universal_Taxis_Madrid_ARASAAC_1-705x397.jpg 705w, https:\/\/aulaabierta.arasaac.org\/wp-content\/uploads\/2017\/09\/Accesibilidad_universal_Taxis_Madrid_ARASAAC_1-300x169.jpg 300w, https:\/\/aulaabierta.arasaac.org\/wp-content\/uploads\/2017\/09\/Accesibilidad_universal_Taxis_Madrid_ARASAAC_1-768x432.jpg 768w, https:\/\/aulaabierta.arasaac.org\/wp-content\/uploads\/2017\/09\/Accesibilidad_universal_Taxis_Madrid_ARASAAC_1-1030x580.jpg 1030w, https:\/\/aulaabierta.arasaac.org\/wp-content\/uploads\/2017\/09\/Accesibilidad_universal_Taxis_Madrid_ARASAAC_1.jpg 1500w, https:\/\/aulaabierta.arasaac.org\/wp-content\/uploads\/2017\/09\/Accesibilidad_universal_Taxis_Madrid_ARASAAC_1-450x253.jpg 450w\" sizes=\"(max-width: 705px) 100vw, 705px\" \/><\/div><\/div><figcaption class='av-inner-masonry-content site-background'><div class='av-inner-masonry-content-pos'><div class='av-inner-masonry-content-pos-content'><div class='avia-arrow'><\/div><h3 class='av-masonry-entry-title entry-title '  itemprop=\"headline\" >CARNET DE COMMUNICATION POUR VOYAGER EN TAXI (MADRID)<\/h3><\/div><\/div><\/figcaption><\/figure><\/a><!--end av-masonry entry--><a href=\"https:\/\/aulaabierta.arasaac.org\/fr\/archivos\/Items de portfolio\/cahier-de-communication-pour-voyages-en-taxi-malaga\"  id='av-masonry-1-item-70492' data-av-masonry-item='70492' class='av-masonry-entry isotope-item post-70492 portfolio type-portfolio status-publish has-post-thumbnail hentry portfolio_entries-exemples-dutilisation portfolio_entries-transport all_sort exemples-dutilisation_sort  transport_sort  av-masonry-item-with-image' title=\"taxis_malaga_1\"   itemscope=\"itemscope\" itemtype=\"https:\/\/schema.org\/CreativeWork\" ><div class='av-inner-masonry-sizer'><\/div><figure class='av-inner-masonry main_color'><div class=\"av-masonry-outerimage-container\"><div class='av-masonry-image-container'   ><img decoding=\"async\" width=\"705\" height=\"554\" class=\"wp-image-33272 avia-img-lazy-loading-not-33272\"  src=\"https:\/\/aulaabierta.arasaac.org\/wp-content\/uploads\/2018\/04\/taxis_malaga_1-705x554.jpg\" title=\"taxis_malaga_1\" alt=\"\" srcset=\"https:\/\/aulaabierta.arasaac.org\/wp-content\/uploads\/2018\/04\/taxis_malaga_1-705x554.jpg 705w, https:\/\/aulaabierta.arasaac.org\/wp-content\/uploads\/2018\/04\/taxis_malaga_1-300x236.jpg 300w, https:\/\/aulaabierta.arasaac.org\/wp-content\/uploads\/2018\/04\/taxis_malaga_1-768x604.jpg 768w, https:\/\/aulaabierta.arasaac.org\/wp-content\/uploads\/2018\/04\/taxis_malaga_1-1030x810.jpg 1030w, https:\/\/aulaabierta.arasaac.org\/wp-content\/uploads\/2018\/04\/taxis_malaga_1.jpg 1500w, https:\/\/aulaabierta.arasaac.org\/wp-content\/uploads\/2018\/04\/taxis_malaga_1-450x354.jpg 450w\" sizes=\"(max-width: 705px) 100vw, 705px\" \/><\/div><\/div><figcaption class='av-inner-masonry-content site-background'><div class='av-inner-masonry-content-pos'><div class='av-inner-masonry-content-pos-content'><div class='avia-arrow'><\/div><h3 class='av-masonry-entry-title entry-title '  itemprop=\"headline\" >CARNET DE COMMUNICATION POUR LES TRAJETS EN TAXI (MALAGA)<\/h3><\/div><\/div><\/figcaption><\/figure><\/a><!--end av-masonry entry--><a href=\"https:\/\/aulaabierta.arasaac.org\/fr\/archivos\/Items de portfolio\/affiches-avec-pictogrammes-bus-urbain-cordoue-espagne\"  id='av-masonry-1-item-70499' data-av-masonry-item='70499' class='av-masonry-entry isotope-item post-70499 portfolio type-portfolio status-publish has-post-thumbnail hentry portfolio_entries-exemples-dutilisation portfolio_entries-transport all_sort exemples-dutilisation_sort  transport_sort  av-masonry-item-with-image' title=\"Senyalizacion_autobus_Cordoba_Pictogramas_ARASAAC_4\"   itemscope=\"itemscope\" itemtype=\"https:\/\/schema.org\/CreativeWork\" ><div class='av-inner-masonry-sizer'><\/div><figure class='av-inner-masonry main_color'><div class=\"av-masonry-outerimage-container\"><div class='av-masonry-image-container'   ><img decoding=\"async\" width=\"705\" height=\"470\" class=\"wp-image-52647 avia-img-lazy-loading-not-52647\"  src=\"https:\/\/aulaabierta.arasaac.org\/wp-content\/uploads\/2019\/12\/Senyalizacion_autobus_Cordoba_Pictogramas_ARASAAC_4-705x470.jpg\" title=\"Senyalizacion_autobus_Cordoba_Pictogramas_ARASAAC_4\" alt=\"\" srcset=\"https:\/\/aulaabierta.arasaac.org\/wp-content\/uploads\/2019\/12\/Senyalizacion_autobus_Cordoba_Pictogramas_ARASAAC_4-705x470.jpg 705w, https:\/\/aulaabierta.arasaac.org\/wp-content\/uploads\/2019\/12\/Senyalizacion_autobus_Cordoba_Pictogramas_ARASAAC_4-300x200.jpg 300w, https:\/\/aulaabierta.arasaac.org\/wp-content\/uploads\/2019\/12\/Senyalizacion_autobus_Cordoba_Pictogramas_ARASAAC_4-768x511.jpg 768w, https:\/\/aulaabierta.arasaac.org\/wp-content\/uploads\/2019\/12\/Senyalizacion_autobus_Cordoba_Pictogramas_ARASAAC_4-450x300.jpg 450w, https:\/\/aulaabierta.arasaac.org\/wp-content\/uploads\/2019\/12\/Senyalizacion_autobus_Cordoba_Pictogramas_ARASAAC_4.jpg 1000w\" sizes=\"(max-width: 705px) 100vw, 705px\" \/><\/div><\/div><figcaption class='av-inner-masonry-content site-background'><div class='av-inner-masonry-content-pos'><div class='av-inner-masonry-content-pos-content'><div class='avia-arrow'><\/div><h3 class='av-masonry-entry-title entry-title '  itemprop=\"headline\" >AFFICHES AVEC PICTOGRAMMES &#8211; CITY BUS &#8211; CORDOUE (ESPAGNE)<\/h3><\/div><\/div><\/figcaption><\/figure><\/a><!--end av-masonry entry--><\/div><\/div>\n","protected":false},"excerpt":{"rendered":"","protected":false},"author":5,"featured_media":57723,"parent":0,"menu_order":0,"comment_status":"open","ping_status":"open","template":"","meta":{"om_disable_all_campaigns":false,"_monsterinsights_skip_tracking":false,"_monsterinsights_sitenote_active":false,"_monsterinsights_sitenote_note":"","_monsterinsights_sitenote_category":0,"_uf_show_specific_survey":0,"_uf_disable_surveys":false,"footnotes":""},"class_list":["post-68854","page","type-page","status-publish","has-post-thumbnail","hentry"],"aioseo_notices":[],"_links":{"self":[{"href":"https:\/\/aulaabierta.arasaac.org\/fr\/wp-json\/wp\/v2\/pages\/68854","targetHints":{"allow":["GET"]}}],"collection":[{"href":"https:\/\/aulaabierta.arasaac.org\/fr\/wp-json\/wp\/v2\/pages"}],"about":[{"href":"https:\/\/aulaabierta.arasaac.org\/fr\/wp-json\/wp\/v2\/types\/page"}],"author":[{"embeddable":true,"href":"https:\/\/aulaabierta.arasaac.org\/fr\/wp-json\/wp\/v2\/users\/5"}],"replies":[{"embeddable":true,"href":"https:\/\/aulaabierta.arasaac.org\/fr\/wp-json\/wp\/v2\/comments?post=68854"}],"version-history":[{"count":14,"href":"https:\/\/aulaabierta.arasaac.org\/fr\/wp-json\/wp\/v2\/pages\/68854\/revisions"}],"predecessor-version":[{"id":87697,"href":"https:\/\/aulaabierta.arasaac.org\/fr\/wp-json\/wp\/v2\/pages\/68854\/revisions\/87697"}],"wp:featuredmedia":[{"embeddable":true,"href":"https:\/\/aulaabierta.arasaac.org\/fr\/wp-json\/wp\/v2\/media\/57723"}],"wp:attachment":[{"href":"https:\/\/aulaabierta.arasaac.org\/fr\/wp-json\/wp\/v2\/media?parent=68854"}],"curies":[{"name":"wp","href":"https:\/\/api.w.org\/{rel}","templated":true}]}}