{"id":68965,"date":"2020-04-20T19:23:13","date_gmt":"2020-04-20T18:23:13","guid":{"rendered":"https:\/\/aulaabierta.arasaac.org\/ejemplos_uso_deporte"},"modified":"2023-02-09T11:15:39","modified_gmt":"2023-02-09T10:15:39","slug":"exemple_utilisation_sport","status":"publish","type":"page","link":"https:\/\/aulaabierta.arasaac.org\/fr\/exemple_utilisation_sport","title":{"rendered":"Exemple d\u2019utilisation &#8211; Sport"},"content":{"rendered":"<div id='av-layout-grid-1'  class='av-layout-grid-container av-1p18m1p-d2a8024fc07447151850241989d05345 entry-content-wrapper main_color av-border-cells av-flex-cells  avia-builder-el-0  el_before_av_heading  avia-builder-el-first   container_wrap fullsize'  >\n<div class='flex_cell av-14aglz1-40681e61157ccf9ebadea380d797e5bf av-gridrow-cell av_one_fifth no_margin  avia-builder-el-1  el_before_av_cell_four_fifth  avia-builder-el-first ' ><div class='flex_cell_inner'>\n<style type=\"text\/css\" data-created_by=\"avia_inline_auto\" id=\"style-css-av-k98qhs7a-f7cf4ed176c70807db98c5bdde71aeaa\">\n.av_font_icon.av-k98qhs7a-f7cf4ed176c70807db98c5bdde71aeaa{\ncolor:#83a846;\nborder-color:#83a846;\n}\n.av_font_icon.av-k98qhs7a-f7cf4ed176c70807db98c5bdde71aeaa .av-icon-char{\nfont-size:100px;\nline-height:100px;\n}\n<\/style>\n<span  class='av_font_icon av-k98qhs7a-f7cf4ed176c70807db98c5bdde71aeaa avia_animate_when_visible av-icon-style- avia-icon-pos-center avia-icon-animate'><a href='https:\/\/aulaabierta.arasaac.org\/fr\/exemples-dutilisation-caa'  class='av-icon-char' aria-hidden='true' data-av_icon='\ue870' data-av_iconfont='entypo-fontello' ><\/a><\/span>\n<\/div><\/div>\n<style type=\"text\/css\" data-created_by=\"avia_inline_auto\" id=\"style-css-av-1jfcit9-54b425557e0514afd8d5ab8e138c4db3\">\n.flex_cell.av-1jfcit9-54b425557e0514afd8d5ab8e138c4db3{\nvertical-align:top;\n}\n.responsive #top #wrap_all .flex_cell.av-1jfcit9-54b425557e0514afd8d5ab8e138c4db3{\npadding:30px 30px 30px 30px !important;\n}\n<\/style>\n<div class='flex_cell av-1jfcit9-54b425557e0514afd8d5ab8e138c4db3 av-gridrow-cell av_four_fifth no_margin  avia-builder-el-3  el_after_av_cell_one_fifth  avia-builder-el-last ' ><div class='flex_cell_inner'><p><section  class='av_textblock_section av-k98qnvx7-ec267ede00f098f0343d15461fa42231'  itemscope=\"itemscope\" itemtype=\"https:\/\/schema.org\/CreativeWork\" ><div class='avia_textblock'  itemprop=\"text\" ><p><a name=\"arriba\"><\/a><\/p>\n<\/div><\/section><br \/>\n\n<style type=\"text\/css\" data-created_by=\"avia_inline_auto\" id=\"style-css-av-k98t3o4w-729878fd15f5fadad4eec0bd0163d6a1\">\n#top .av-special-heading.av-k98t3o4w-729878fd15f5fadad4eec0bd0163d6a1{\npadding-bottom:10px;\n}\nbody .av-special-heading.av-k98t3o4w-729878fd15f5fadad4eec0bd0163d6a1 .av-special-heading-tag .heading-char{\nfont-size:25px;\n}\n.av-special-heading.av-k98t3o4w-729878fd15f5fadad4eec0bd0163d6a1 .av-subheading{\nfont-size:15px;\n}\n<\/style>\n<div  class='av-special-heading av-k98t3o4w-729878fd15f5fadad4eec0bd0163d6a1 av-special-heading-h1  avia-builder-el-5  el_after_av_textblock  avia-builder-el-last '><h1 class='av-special-heading-tag'  itemprop=\"headline\"  >Exemples d\u2019utilisation &#8211; Sport<\/h1><div class=\"special-heading-border\"><div class=\"special-heading-inner-border\"><\/div><\/div><\/div><\/p>\n<\/div><\/div>\n<\/div><div id='after_grid_row_1'  class='main_color av_default_container_wrap container_wrap fullsize'  ><div class='container av-section-cont-open' ><div class='template-page content  av-content-full alpha units'><div class='post-entry post-entry-type-page post-entry-68965'><div class='entry-content-wrapper clearfix'>\n\n<style type=\"text\/css\" data-created_by=\"avia_inline_auto\" id=\"style-css-av-u781tj-9b0ad8af2345b5e64b8c343fd8864c51\">\n#top .av-special-heading.av-u781tj-9b0ad8af2345b5e64b8c343fd8864c51{\npadding-bottom:10px;\n}\nbody .av-special-heading.av-u781tj-9b0ad8af2345b5e64b8c343fd8864c51 .av-special-heading-tag .heading-char{\nfont-size:25px;\n}\n.av-special-heading.av-u781tj-9b0ad8af2345b5e64b8c343fd8864c51 .av-subheading{\nfont-size:15px;\n}\n<\/style>\n<div  class='av-special-heading av-u781tj-9b0ad8af2345b5e64b8c343fd8864c51 av-special-heading-h2  avia-builder-el-6  el_after_av_layout_row  el_before_av_masonry_entries  avia-builder-el-no-sibling '><h2 class='av-special-heading-tag'  itemprop=\"headline\"  >Catalogue<\/h2><div class=\"special-heading-border\"><div class=\"special-heading-inner-border\"><\/div><\/div><\/div>\n<div id='av-masonry-1' class='av-masonry av-boj6z-5b5f4dd362b33fcfcfc2eef15a5dca74 noHover av-fixed-size av-large-gap av-hover-overlay-active av-masonry-animation-active av-masonry-col-2 av-caption-always av-caption-style- av-masonry-entries ' data-post_id=\"68965\"><div class=\"av-masonry-container isotope av-js-disabled\"><div class='av-masonry-entry isotope-item av-masonry-item-no-image all_sort exemples-dutilisation_sort  sport-fr_sort '><\/div><a href=\"https:\/\/aulaabierta.arasaac.org\/fr\/archivos\/Items de portfolio\/premiere-edition-de-la-course-des-enfants-adapte-de-vic\"  id='av-masonry-1-item-70097' data-av-masonry-item='70097' class='av-masonry-entry isotope-item post-70097 portfolio type-portfolio status-publish has-post-thumbnail hentry portfolio_entries-exemples-dutilisation portfolio_entries-sport-fr all_sort exemples-dutilisation_sort  sport-fr_sort  av-masonry-item-with-image av-grid-img' title=\"Vic_Cursa_infantil_cartell_1\"   itemscope=\"itemscope\" itemtype=\"https:\/\/schema.org\/CreativeWork\" ><div class='av-inner-masonry-sizer'><\/div><figure class='av-inner-masonry main_color'><div class=\"av-masonry-outerimage-container\"><div class='av-masonry-image-container' style=\"background-image: url(https:\/\/aulaabierta.arasaac.org\/wp-content\/uploads\/2021\/10\/Vic_Cursa_infantil_cartell_1-498x705.jpg);\"  title=\"Vic_Cursa_infantil_cartell_1\"  ><\/div><\/div><figcaption class='av-inner-masonry-content site-background'><div class='av-inner-masonry-content-pos'><div class='av-inner-masonry-content-pos-content'><div class='avia-arrow'><\/div><h3 class='av-masonry-entry-title entry-title '  itemprop=\"headline\" >Premi\u00e8re \u00e9dition de la course adapt\u00e9e pour enfants de Vic<\/h3><\/div><\/div><\/figcaption><\/figure><\/a><!--end av-masonry entry--><a href=\"https:\/\/aulaabierta.arasaac.org\/fr\/archivos\/Items de portfolio\/apprentissage-et-service-aps-pictographie-le-centre-sportif-municipal-de-tres-streams-buenos-aires-argentine\"  id='av-masonry-1-item-70502' data-av-masonry-item='70502' class='av-masonry-entry isotope-item post-70502 portfolio type-portfolio status-publish has-post-thumbnail hentry portfolio_entries-exemples-dutilisation portfolio_entries-sport-fr all_sort exemples-dutilisation_sort  sport-fr_sort  av-masonry-item-with-image av-grid-img' title=\"polideportivo_tres_arroyos_buenos_aires_8\"   itemscope=\"itemscope\" itemtype=\"https:\/\/schema.org\/CreativeWork\" ><div class='av-inner-masonry-sizer'><\/div><figure class='av-inner-masonry main_color'><div class=\"av-masonry-outerimage-container\"><div class='av-masonry-image-container' style=\"background-image: url(https:\/\/aulaabierta.arasaac.org\/wp-content\/uploads\/2019\/11\/polideportivo_tres_arroyos_buenos_aires_8-529x705.jpg);\"  title=\"polideportivo_tres_arroyos_buenos_aires_8\"  ><\/div><\/div><figcaption class='av-inner-masonry-content site-background'><div class='av-inner-masonry-content-pos'><div class='av-inner-masonry-content-pos-content'><div class='avia-arrow'><\/div><h3 class='av-masonry-entry-title entry-title '  itemprop=\"headline\" >APS &#8211; PICTOGRAPHIE DU CENTRE SPORTIF MUNICIPAL DE TRES ARROYOS &#8211; BUENOS AIRES (ARGENTINE)<\/h3><\/div><\/div><\/figcaption><\/figure><\/a><!--end av-masonry entry--><\/div><\/div>\n","protected":false},"excerpt":{"rendered":"","protected":false},"author":5,"featured_media":57665,"parent":0,"menu_order":0,"comment_status":"open","ping_status":"open","template":"","meta":{"om_disable_all_campaigns":false,"_monsterinsights_skip_tracking":false,"_monsterinsights_sitenote_active":false,"_monsterinsights_sitenote_note":"","_monsterinsights_sitenote_category":0,"_uf_show_specific_survey":0,"_uf_disable_surveys":false,"footnotes":""},"class_list":["post-68965","page","type-page","status-publish","has-post-thumbnail","hentry"],"aioseo_notices":[],"_links":{"self":[{"href":"https:\/\/aulaabierta.arasaac.org\/fr\/wp-json\/wp\/v2\/pages\/68965","targetHints":{"allow":["GET"]}}],"collection":[{"href":"https:\/\/aulaabierta.arasaac.org\/fr\/wp-json\/wp\/v2\/pages"}],"about":[{"href":"https:\/\/aulaabierta.arasaac.org\/fr\/wp-json\/wp\/v2\/types\/page"}],"author":[{"embeddable":true,"href":"https:\/\/aulaabierta.arasaac.org\/fr\/wp-json\/wp\/v2\/users\/5"}],"replies":[{"embeddable":true,"href":"https:\/\/aulaabierta.arasaac.org\/fr\/wp-json\/wp\/v2\/comments?post=68965"}],"version-history":[{"count":13,"href":"https:\/\/aulaabierta.arasaac.org\/fr\/wp-json\/wp\/v2\/pages\/68965\/revisions"}],"predecessor-version":[{"id":87654,"href":"https:\/\/aulaabierta.arasaac.org\/fr\/wp-json\/wp\/v2\/pages\/68965\/revisions\/87654"}],"wp:featuredmedia":[{"embeddable":true,"href":"https:\/\/aulaabierta.arasaac.org\/fr\/wp-json\/wp\/v2\/media\/57665"}],"wp:attachment":[{"href":"https:\/\/aulaabierta.arasaac.org\/fr\/wp-json\/wp\/v2\/media?parent=68965"}],"curies":[{"name":"wp","href":"https:\/\/api.w.org\/{rel}","templated":true}]}}