{"id":77496,"date":"2017-01-13T19:21:33","date_gmt":"2017-01-13T19:21:33","guid":{"rendered":"https:\/\/aulaabierta.arasaac.org\/herramientas-online-mi-seleccion"},"modified":"2023-02-09T11:22:56","modified_gmt":"2023-02-09T10:22:56","slug":"outils-en-ligne-ma-selection","status":"publish","type":"page","link":"https:\/\/aulaabierta.arasaac.org\/fr\/outils-en-ligne-ma-selection","title":{"rendered":"Outils en ligne &#8211; Ma s\u00e9lection"},"content":{"rendered":"<div id='av-layout-grid-1'  class='av-layout-grid-container av-2dfyn6-bfb1faa57e64a82b7bf2351e4660f6dd entry-content-wrapper alternate_color av-border-cells av-flex-cells  avia-builder-el-0  el_before_av_textblock  avia-builder-el-first   container_wrap fullsize'  >\n\n<style type=\"text\/css\" data-created_by=\"avia_inline_auto\" id=\"style-css-av-mycmoy-f4641beeed8761502ee6eab0541652be\">\n.flex_cell.av-mycmoy-f4641beeed8761502ee6eab0541652be{\nvertical-align:top;\n}\n.responsive #top #wrap_all .flex_cell.av-mycmoy-f4641beeed8761502ee6eab0541652be{\npadding:30px 30px 30px 30px !important;\n}\n<\/style>\n<div class='flex_cell av-mycmoy-f4641beeed8761502ee6eab0541652be av-gridrow-cell av_one_fifth no_margin  avia-builder-el-1  el_before_av_cell_four_fifth  avia-builder-el-first ' ><div class='flex_cell_inner'>\n<style type=\"text\/css\" data-created_by=\"avia_inline_auto\" id=\"style-css-av-k485aq-f8e8a2516b0c6440482f22d94ebc5fb2\">\n.avia-image-container.av-k485aq-f8e8a2516b0c6440482f22d94ebc5fb2 img.avia_image{\nbox-shadow:none;\n}\n.avia-image-container.av-k485aq-f8e8a2516b0c6440482f22d94ebc5fb2 .av-image-caption-overlay-center{\ncolor:#ffffff;\n}\n<\/style>\n<div  class='avia-image-container av-k485aq-f8e8a2516b0c6440482f22d94ebc5fb2 av-styling- avia-align-center  avia-builder-el-2  avia-builder-el-no-sibling '   itemprop=\"image\" itemscope=\"itemscope\" itemtype=\"https:\/\/schema.org\/ImageObject\" ><div class=\"avia-image-container-inner\"><div class=\"avia-image-overlay-wrap\"><a href=\"https:\/\/aulaabierta.arasaac.org\/fr\/tools-online-arasaac\" class='avia_image' ><img decoding=\"async\" class='wp-image-24688 avia-img-lazy-loading-not-24688 avia_image ' src=\"https:\/\/aulaabierta.arasaac.org\/wp-content\/uploads\/2017\/01\/web-180x180.png\" alt='' title='web'  height=\"180\" width=\"180\"  itemprop=\"thumbnailUrl\" srcset=\"https:\/\/aulaabierta.arasaac.org\/wp-content\/uploads\/2017\/01\/web-180x180.png 180w, https:\/\/aulaabierta.arasaac.org\/wp-content\/uploads\/2017\/01\/web-80x80.png 80w, https:\/\/aulaabierta.arasaac.org\/wp-content\/uploads\/2017\/01\/web-300x300.png 300w, https:\/\/aulaabierta.arasaac.org\/wp-content\/uploads\/2017\/01\/web-36x36.png 36w, https:\/\/aulaabierta.arasaac.org\/wp-content\/uploads\/2017\/01\/web-120x120.png 120w, https:\/\/aulaabierta.arasaac.org\/wp-content\/uploads\/2017\/01\/web-450x450.png 450w, https:\/\/aulaabierta.arasaac.org\/wp-content\/uploads\/2017\/01\/web.png 500w\" sizes=\"(max-width: 180px) 100vw, 180px\" \/><\/a><\/div><\/div><\/div>\n<\/div><\/div>\n<style type=\"text\/css\" data-created_by=\"avia_inline_auto\" id=\"style-css-av-iry3uq-68691c27cbffccd92cb97c1a04ea3706\">\n.flex_cell.av-iry3uq-68691c27cbffccd92cb97c1a04ea3706{\nvertical-align:middle;\n}\n.responsive #top #wrap_all .flex_cell.av-iry3uq-68691c27cbffccd92cb97c1a04ea3706{\npadding:30px 30px 30px 30px !important;\n}\n<\/style>\n<div class='flex_cell av-iry3uq-68691c27cbffccd92cb97c1a04ea3706 av-gridrow-cell av_four_fifth no_margin  avia-builder-el-3  el_after_av_cell_one_fifth  avia-builder-el-last ' ><div class='flex_cell_inner'>\n<style type=\"text\/css\" data-created_by=\"avia_inline_auto\" id=\"style-css-av-ha2t1e-ece5a96bc53ef2eba104d1a9939d3fcc\">\n#top .av-special-heading.av-ha2t1e-ece5a96bc53ef2eba104d1a9939d3fcc{\npadding-bottom:0;\n}\nbody .av-special-heading.av-ha2t1e-ece5a96bc53ef2eba104d1a9939d3fcc .av-special-heading-tag .heading-char{\nfont-size:25px;\n}\n.av-special-heading.av-ha2t1e-ece5a96bc53ef2eba104d1a9939d3fcc .av-subheading{\nfont-size:15px;\n}\n<\/style>\n<div  class='av-special-heading av-ha2t1e-ece5a96bc53ef2eba104d1a9939d3fcc av-special-heading-h1  avia-builder-el-4  avia-builder-el-no-sibling '><h1 class='av-special-heading-tag'  itemprop=\"headline\"  >MA S\u00c9LECTION<\/h1><div class=\"special-heading-border\"><div class=\"special-heading-inner-border\"><\/div><\/div><\/div>\n<\/div><\/div>\n<\/div><div id='after_grid_row_1'  class='main_color av_default_container_wrap container_wrap fullsize'  ><div class='container av-section-cont-open' ><div class='template-page content  av-content-full alpha units'><div class='post-entry post-entry-type-page post-entry-77496'><div class='entry-content-wrapper clearfix'>\n<section  class='av_textblock_section av-1lh8cy-04f7ea693cf549290271dbac52008c37'  itemscope=\"itemscope\" itemtype=\"https:\/\/schema.org\/CreativeWork\" ><div class='avia_textblock'  itemprop=\"text\" ><h6 style=\"text-align: center;\"><img loading=\"lazy\" decoding=\"async\" class=\"aligncenter size-full wp-image-932\" src=\"https:\/\/aulaabierta.arasaac.org\/wp-content\/uploads\/2016\/12\/by-nc-sa.eu_petit.png\" alt=\"\" width=\"118\" height=\"41\">Cette \u0153uvre est sous licence <a href=\"http:\/\/creativecommons.org\/licenses\/by-nc-sa\/4.0\/\" rel=\"license\">Creative Commons Attribution-NonComercial-ShareAlike 4.0 International.<\/a><\/h6>\n<hr>\n<\/div><\/section>\n\n<style type=\"text\/css\" data-created_by=\"avia_inline_auto\" id=\"style-css-av-ee6g9e-386b8373b4ab19f20a0517509412dee4\">\n#top .av_textblock_section.av-ee6g9e-386b8373b4ab19f20a0517509412dee4 .avia_textblock{\nfont-size:16px;\n}\n<\/style>\n<section  class='av_textblock_section av-ee6g9e-386b8373b4ab19f20a0517509412dee4'  itemscope=\"itemscope\" itemtype=\"https:\/\/schema.org\/CreativeWork\" ><div class='avia_textblock'  itemprop=\"text\" ><div id=\"id53\" class=\"customIdevice\">\n<div class=\"iDevice emphasis1\">\n<div class=\"iDevice_inner\">\n<div id=\"ta53_35_9\" class=\"block\">\n<p>Le dossier <a href=\"http:\/\/antiguo.arasaac.org\/cesta.php\" target=\"_blank\" rel=\"noopener\"><strong>Ma s\u00e9lection<\/strong><\/a> nous permet, comme dans un supermarch\u00e9, de remplir le panier de toutes les <strong>ressources<\/strong>qui nous int\u00e9ressent, soit \u00e0 t\u00e9l\u00e9charger ult\u00e9rieurement dans un seul fichier <strong>ZIP<\/strong>, soit \u00e0 utiliser dans les diff\u00e9rents <strong>outils en ligne<\/strong> du portail (sauf dans le g\u00e9n\u00e9rateur de phrases).<\/p>\n<p style=\"text-align: center;\"><a href=\"http:\/\/antiguo.arasaac.org\/cesta.php\" target=\"_blank\" rel=\"noopener\"><strong>http:\/\/antiguo.arasaac.org\/cesta.php<\/strong><\/a><\/p>\n<p><img decoding=\"async\" class=\"aligncenter\" src=\"https:\/\/lh6.googleusercontent.com\/-c9zVZfkswnU\/UiXKTJ-JWHI\/AAAAAAAABKM\/yR-wP4zA_vs\/w1044-h447-no\/mi_seleccion_1.png\" width=\"800\"><\/p>\n<p>Au fur et \u00e0 mesure que nous parcourons le portail, nous pouvons ajouter des \u00e9l\u00e9ments au dossier \u00ab Ma s\u00e9lection \u00bb, qui survivra pendant que nous parcourons le portail. D\u00e8s que nous fermons le navigateur, le contenu du dossier est \u00e9limin\u00e9. Il s&rsquo;agit donc d&rsquo;un <strong>dossier temporaire<\/strong>.<\/p>\n<p><img decoding=\"async\" class=\"aligncenter\" src=\"https:\/\/lh3.googleusercontent.com\/-EAOh0cQqatY\/UiXKTcKN6xI\/AAAAAAAABKQ\/FRDbm4IjUEk\/w1043-h255-no\/mi_seleccion_2.png\" width=\"800\"><br \/>\nLes \u00e9l\u00e9ments que nous pouvons ajouter \u00e0 notre dossier temporaire sont : toutes les ressources propos\u00e9es dans les diff\u00e9rents catalogues (pcytogrammes, images, vid\u00e9os et photographies en LSE), les voix off, les mat\u00e9riaux et certains des mat\u00e9riaux g\u00e9n\u00e9r\u00e9s avec certains des outils en ligne (symboles , animations ou phrases).<\/p>\n<\/div>\n<\/div>\n<\/div>\n<\/div>\n<div id=\"id54\" class=\"FreeTextIdevice\">\n<div class=\"iDevice emphasis0\">\n<div id=\"ta54_1\" class=\"block\">\n<h3>GESTION DU DOSSIER \u00ab MA S\u00c9LECTION \u00bb<\/h3>\n<p>Lorsque nous recherchons une ressource du portail (pictogramme, photographie, vid\u00e9o, voix off, etc.) pour notre travail ult\u00e9rieur, nous pouvons effectuer deux actions : t\u00e9l\u00e9charger directement la ressource sur notre ordinateur ou ajouter la ressource \u00e0 \u00ab\u00a0<strong>Ma s\u00e9lection<\/strong>\u00ab\u00a0, en utilisant le bouton <strong>Ajouter<\/strong>au menu contextuel S\u00e9lection, qui appara\u00eet sur la ressource.<\/p>\n<p>Dans l&rsquo;exemple ci-dessous, des pictogrammes sur les \u00ab\u00a0animaux domestiques\u00a0\u00bb ont \u00e9t\u00e9 s\u00e9lectionn\u00e9s (en utilisant le moteur de recherche comme expliqu\u00e9 dans l&rsquo;unit\u00e9 pr\u00e9c\u00e9dente) et en les ajoutant \u00e0 la s\u00e9lection pour les t\u00e9l\u00e9charger tous ensemble dans un seul package. A ce moment, le tiroir indique qu&rsquo;il a 6 \u00e9l\u00e9ments.<\/p>\n<p><img decoding=\"async\" class=\"aligncenter\" src=\"https:\/\/lh4.googleusercontent.com\/-AYJP5LDB9nU\/UfJCjvgfIsI\/AAAAAAAAA38\/bEHdCC313Ps\/w649-h257-no\/mi_seleccion_0.png\"><br \/>\nSi nous cliquons sur <strong>6 \u00e9l\u00e9ments<\/strong>, le dossier <strong>Ma s\u00e9lection<\/strong> s&rsquo;ouvrira et il nous montrera les pictogrammes que nous avons inclus dans le tiroir jusqu&rsquo;\u00e0 pr\u00e9sent.<\/p>\n<p><img decoding=\"async\" class=\"aligncenter\" src=\"https:\/\/lh5.googleusercontent.com\/-p1HasvwpYrk\/UfJCkBf_23I\/AAAAAAAAA4E\/ya_OMhhmHq0\/w661-h151-no\/mi_seleccion_1.png\"><br \/>\nUne fois dans le dossier <strong>Ma s\u00e9lection<\/strong>, nous pouvons effectuer les actions suivantes :<\/p>\n<p><img decoding=\"async\" class=\"aligncenter\" src=\"https:\/\/lh3.googleusercontent.com\/-zGq8HpkNgV8\/UfJCksL90iI\/AAAAAAAAA4M\/cepIlWwO9n4\/w442-h268-no\/mi_seleccion_2.png\"><br \/>\nComme des pictogrammes ont \u00e9t\u00e9 ajout\u00e9s \u00e0 la s\u00e9lection, nous pouvons ajouter d&rsquo;autres ressources telles que des voix off, des photographies et des vid\u00e9os en LSE, des mat\u00e9riaux, etc.<\/p>\n<table border=\"0\" align=\"center\">\n<tbody>\n<tr>\n<td><img decoding=\"async\" class=\"aligncenter\" src=\"https:\/\/lh4.googleusercontent.com\/-1I23Mwa57-c\/UiXKT9c7HbI\/AAAAAAAABKc\/DofX6Udchm4\/w168-h239-no\/mi_seleccion_%25C2%25B43.png\"><\/td>\n<td><img decoding=\"async\" class=\"aligncenter\" src=\"https:\/\/lh3.googleusercontent.com\/-c_Is7-XgQx0\/UiXKTYgppcI\/AAAAAAAABKg\/ERqIlmk1RYM\/w1044-h467-no\/mi_seleccion_3.png\" width=\"600\"><\/td>\n<\/tr>\n<\/tbody>\n<\/table>\n<p>En ajoutant diff\u00e9rents \u00e9l\u00e9ments \u00e0 ma s\u00e9lection on voit que l&rsquo;aper\u00e7u change et qu&rsquo;on peut y \u00e9couter les annonces, regarder les vid\u00e9os en LSE, savoir quel type de documents on a ajout\u00e9 (PDF, Word, PPT, etc), .. .<\/p>\n<p><img decoding=\"async\" class=\"aligncenter\" src=\"https:\/\/lh5.googleusercontent.com\/-RahERm8kU2o\/UiXKT-W064I\/AAAAAAAABKk\/ddJIhOZGijA\/w1044-h314-no\/mi_seleccion_4.png\" width=\"800\"><\/p>\n<\/div>\n<\/div>\n<\/div>\n<\/div><\/section>\n<\/div><\/div><\/div><!-- close content main div --><\/div><\/div><div id='av-layout-grid-2'  class='av-layout-grid-container av-18kzea-b48db664bbfb7fcf50edd51918846998 entry-content-wrapper main_color av-flex-cells  avia-builder-el-7  el_after_av_textblock  avia-builder-el-last  grid-row-not-first  container_wrap fullsize'  >\n\n<style type=\"text\/css\" data-created_by=\"avia_inline_auto\" id=\"style-css-av-bgy336-41c01fda017789fc963372515b0951d9\">\n.flex_cell.av-bgy336-41c01fda017789fc963372515b0951d9{\nvertical-align:top;\n}\n.responsive #top #wrap_all .flex_cell.av-bgy336-41c01fda017789fc963372515b0951d9{\npadding:30px 30px 30px 30px !important;\n}\n<\/style>\n<div class='flex_cell av-bgy336-41c01fda017789fc963372515b0951d9 av-gridrow-cell av_one_fifth no_margin  avia-builder-el-8  el_before_av_cell_one_fifth  avia-builder-el-first ' ><div class='flex_cell_inner'><\/div><\/div>\n<style type=\"text\/css\" data-created_by=\"avia_inline_auto\" id=\"style-css-av-8vegiq-9973cd66b2396356c003587dc8e2b956\">\n.flex_cell.av-8vegiq-9973cd66b2396356c003587dc8e2b956{\nvertical-align:top;\n}\n.responsive #top #wrap_all .flex_cell.av-8vegiq-9973cd66b2396356c003587dc8e2b956{\npadding:30px 30px 30px 30px !important;\n}\n<\/style>\n<div class='flex_cell av-8vegiq-9973cd66b2396356c003587dc8e2b956 av-gridrow-cell av_one_fifth no_margin  avia-builder-el-9  el_after_av_cell_one_fifth  el_before_av_cell_one_fifth ' ><div class='flex_cell_inner'><\/div><\/div>\n<style type=\"text\/css\" data-created_by=\"avia_inline_auto\" id=\"style-css-av-7px6sy-21f55d89a8a10a7fb2bd3dc91db7fe20\">\n.flex_cell.av-7px6sy-21f55d89a8a10a7fb2bd3dc91db7fe20{\nvertical-align:top;\n}\n.responsive #top #wrap_all .flex_cell.av-7px6sy-21f55d89a8a10a7fb2bd3dc91db7fe20{\npadding:30px 30px 30px 30px !important;\n}\n<\/style>\n<div class='flex_cell av-7px6sy-21f55d89a8a10a7fb2bd3dc91db7fe20 av-gridrow-cell av_one_fifth no_margin  avia-builder-el-10  el_after_av_cell_one_fifth  el_before_av_cell_one_fifth ' ><div class='flex_cell_inner'>\n<style type=\"text\/css\" data-created_by=\"avia_inline_auto\" id=\"style-css-av-5iu6iq-df920933ac9e3b2bfdf91eba6b7669c5\">\n.avia-image-container.av-5iu6iq-df920933ac9e3b2bfdf91eba6b7669c5 img.avia_image{\nbox-shadow:none;\n}\n.avia-image-container.av-5iu6iq-df920933ac9e3b2bfdf91eba6b7669c5 .av-image-caption-overlay-center{\ncolor:#ffffff;\n}\n<\/style>\n<div  class='avia-image-container av-5iu6iq-df920933ac9e3b2bfdf91eba6b7669c5 av-styling- avia-align-center  avia-builder-el-11  avia-builder-el-no-sibling '   itemprop=\"image\" itemscope=\"itemscope\" itemtype=\"https:\/\/schema.org\/ImageObject\" ><div class=\"avia-image-container-inner\"><div class=\"avia-image-overlay-wrap\"><a href=\"https:\/\/aulaabierta.arasaac.org\/fr\/tools-online-arasaac\" class='avia_image' ><img decoding=\"async\" class='wp-image-23498 avia-img-lazy-loading-not-23498 avia_image ' src=\"https:\/\/aulaabierta.arasaac.org\/wp-content\/uploads\/2016\/12\/casa-80x80.png\" alt='' title='Commencement'  height=\"80\" width=\"80\"  itemprop=\"thumbnailUrl\" srcset=\"https:\/\/aulaabierta.arasaac.org\/wp-content\/uploads\/2016\/12\/casa-80x80.png 80w, https:\/\/aulaabierta.arasaac.org\/wp-content\/uploads\/2016\/12\/casa-300x300.png 300w, https:\/\/aulaabierta.arasaac.org\/wp-content\/uploads\/2016\/12\/casa-36x36.png 36w, https:\/\/aulaabierta.arasaac.org\/wp-content\/uploads\/2016\/12\/casa-180x180.png 180w, https:\/\/aulaabierta.arasaac.org\/wp-content\/uploads\/2016\/12\/casa-120x120.png 120w, https:\/\/aulaabierta.arasaac.org\/wp-content\/uploads\/2016\/12\/casa-450x450.png 450w, https:\/\/aulaabierta.arasaac.org\/wp-content\/uploads\/2016\/12\/casa.png 500w\" sizes=\"(max-width: 80px) 100vw, 80px\" \/><\/a><\/div><\/div><\/div>\n<\/div><\/div>\n<style type=\"text\/css\" data-created_by=\"avia_inline_auto\" id=\"style-css-av-3icvc2-718c74631216337690ad297926370b0f\">\n.flex_cell.av-3icvc2-718c74631216337690ad297926370b0f{\nvertical-align:top;\n}\n.responsive #top #wrap_all .flex_cell.av-3icvc2-718c74631216337690ad297926370b0f{\npadding:30px 30px 30px 30px !important;\n}\n<\/style>\n<div class='flex_cell av-3icvc2-718c74631216337690ad297926370b0f av-gridrow-cell av_one_fifth no_margin  avia-builder-el-12  el_after_av_cell_one_fifth  el_before_av_cell_one_fifth ' ><div class='flex_cell_inner'><\/div><\/div>\n<style type=\"text\/css\" data-created_by=\"avia_inline_auto\" id=\"style-css-av-28zur6-7d431b8b507891f9111ad7bc9459f241\">\n.flex_cell.av-28zur6-7d431b8b507891f9111ad7bc9459f241{\nvertical-align:top;\n}\n.responsive #top #wrap_all .flex_cell.av-28zur6-7d431b8b507891f9111ad7bc9459f241{\npadding:30px 30px 30px 30px !important;\n}\n<\/style>\n<div class='flex_cell av-28zur6-7d431b8b507891f9111ad7bc9459f241 av-gridrow-cell av_one_fifth no_margin  avia-builder-el-13  el_after_av_cell_one_fifth  avia-builder-el-last ' ><div class='flex_cell_inner'><\/div><\/div>\n<\/div>\n","protected":false},"excerpt":{"rendered":"","protected":false},"author":5,"featured_media":0,"parent":0,"menu_order":0,"comment_status":"closed","ping_status":"closed","template":"","meta":{"om_disable_all_campaigns":false,"_monsterinsights_skip_tracking":false,"_monsterinsights_sitenote_active":false,"_monsterinsights_sitenote_note":"","_monsterinsights_sitenote_category":0,"_uf_show_specific_survey":0,"_uf_disable_surveys":false,"footnotes":""},"class_list":["post-77496","page","type-page","status-publish","hentry"],"aioseo_notices":[],"_links":{"self":[{"href":"https:\/\/aulaabierta.arasaac.org\/fr\/wp-json\/wp\/v2\/pages\/77496","targetHints":{"allow":["GET"]}}],"collection":[{"href":"https:\/\/aulaabierta.arasaac.org\/fr\/wp-json\/wp\/v2\/pages"}],"about":[{"href":"https:\/\/aulaabierta.arasaac.org\/fr\/wp-json\/wp\/v2\/types\/page"}],"author":[{"embeddable":true,"href":"https:\/\/aulaabierta.arasaac.org\/fr\/wp-json\/wp\/v2\/users\/5"}],"replies":[{"embeddable":true,"href":"https:\/\/aulaabierta.arasaac.org\/fr\/wp-json\/wp\/v2\/comments?post=77496"}],"version-history":[{"count":14,"href":"https:\/\/aulaabierta.arasaac.org\/fr\/wp-json\/wp\/v2\/pages\/77496\/revisions"}],"predecessor-version":[{"id":136862,"href":"https:\/\/aulaabierta.arasaac.org\/fr\/wp-json\/wp\/v2\/pages\/77496\/revisions\/136862"}],"wp:attachment":[{"href":"https:\/\/aulaabierta.arasaac.org\/fr\/wp-json\/wp\/v2\/media?parent=77496"}],"curies":[{"name":"wp","href":"https:\/\/api.w.org\/{rel}","templated":true}]}}