{"id":77525,"date":"2017-01-13T19:52:28","date_gmt":"2017-01-13T19:52:28","guid":{"rendered":"https:\/\/aulaabierta.arasaac.org\/herramientas-online-carpeta-de-trabajo"},"modified":"2023-02-09T11:22:57","modified_gmt":"2023-02-09T10:22:57","slug":"outils-en-ligne-portefeuille-travail","status":"publish","type":"page","link":"https:\/\/aulaabierta.arasaac.org\/fr\/outils-en-ligne-portefeuille-travail","title":{"rendered":"Outils en ligne &#8211; Dossier de travail"},"content":{"rendered":"<div id='av-layout-grid-1'  class='av-layout-grid-container av-o70csc-9eda9296035c53daba8277ee00052ace entry-content-wrapper alternate_color av-border-cells av-flex-cells  avia-builder-el-0  el_before_av_textblock  avia-builder-el-first   container_wrap fullsize'  >\n\n<style type=\"text\/css\" data-created_by=\"avia_inline_auto\" id=\"style-css-av-mlalek-70868c5923461dd43341f0b2db962330\">\n.flex_cell.av-mlalek-70868c5923461dd43341f0b2db962330{\nvertical-align:top;\n}\n.responsive #top #wrap_all .flex_cell.av-mlalek-70868c5923461dd43341f0b2db962330{\npadding:30px 30px 30px 30px !important;\n}\n<\/style>\n<div class='flex_cell av-mlalek-70868c5923461dd43341f0b2db962330 av-gridrow-cell av_one_fifth no_margin  avia-builder-el-1  el_before_av_cell_four_fifth  avia-builder-el-first ' ><div class='flex_cell_inner'>\n<style type=\"text\/css\" data-created_by=\"avia_inline_auto\" id=\"style-css-av-kzz6zw-1190a64dedac1396c2e9384ff62fbe60\">\n.avia-image-container.av-kzz6zw-1190a64dedac1396c2e9384ff62fbe60 img.avia_image{\nbox-shadow:none;\n}\n.avia-image-container.av-kzz6zw-1190a64dedac1396c2e9384ff62fbe60 .av-image-caption-overlay-center{\ncolor:#ffffff;\n}\n<\/style>\n<div  class='avia-image-container av-kzz6zw-1190a64dedac1396c2e9384ff62fbe60 av-styling- avia-align-center  avia-builder-el-2  avia-builder-el-no-sibling '   itemprop=\"image\" itemscope=\"itemscope\" itemtype=\"https:\/\/schema.org\/ImageObject\" ><div class=\"avia-image-container-inner\"><div class=\"avia-image-overlay-wrap\"><a href=\"https:\/\/aulaabierta.arasaac.org\/fr\/tools-online-arasaac\" class='avia_image' ><img decoding=\"async\" class='wp-image-24688 avia-img-lazy-loading-not-24688 avia_image ' src=\"https:\/\/aulaabierta.arasaac.org\/wp-content\/uploads\/2017\/01\/web-180x180.png\" alt='' title='web'  height=\"180\" width=\"180\"  itemprop=\"thumbnailUrl\" srcset=\"https:\/\/aulaabierta.arasaac.org\/wp-content\/uploads\/2017\/01\/web-180x180.png 180w, https:\/\/aulaabierta.arasaac.org\/wp-content\/uploads\/2017\/01\/web-80x80.png 80w, https:\/\/aulaabierta.arasaac.org\/wp-content\/uploads\/2017\/01\/web-300x300.png 300w, https:\/\/aulaabierta.arasaac.org\/wp-content\/uploads\/2017\/01\/web-36x36.png 36w, https:\/\/aulaabierta.arasaac.org\/wp-content\/uploads\/2017\/01\/web-120x120.png 120w, https:\/\/aulaabierta.arasaac.org\/wp-content\/uploads\/2017\/01\/web-450x450.png 450w, https:\/\/aulaabierta.arasaac.org\/wp-content\/uploads\/2017\/01\/web.png 500w\" sizes=\"(max-width: 180px) 100vw, 180px\" \/><\/a><\/div><\/div><\/div>\n<\/div><\/div>\n<style type=\"text\/css\" data-created_by=\"avia_inline_auto\" id=\"style-css-av-is7yss-062f846d9ff6a70bb3bca415347ae3b3\">\n.flex_cell.av-is7yss-062f846d9ff6a70bb3bca415347ae3b3{\nvertical-align:middle;\n}\n.responsive #top #wrap_all .flex_cell.av-is7yss-062f846d9ff6a70bb3bca415347ae3b3{\npadding:30px 30px 30px 30px !important;\n}\n<\/style>\n<div class='flex_cell av-is7yss-062f846d9ff6a70bb3bca415347ae3b3 av-gridrow-cell av_four_fifth no_margin  avia-builder-el-3  el_after_av_cell_one_fifth  avia-builder-el-last ' ><div class='flex_cell_inner'>\n<style type=\"text\/css\" data-created_by=\"avia_inline_auto\" id=\"style-css-av-i5c2b0-23b3a6e4163b39a9f18c0df8e2e29868\">\n#top .av-special-heading.av-i5c2b0-23b3a6e4163b39a9f18c0df8e2e29868{\npadding-bottom:0;\n}\nbody .av-special-heading.av-i5c2b0-23b3a6e4163b39a9f18c0df8e2e29868 .av-special-heading-tag .heading-char{\nfont-size:25px;\n}\n.av-special-heading.av-i5c2b0-23b3a6e4163b39a9f18c0df8e2e29868 .av-subheading{\nfont-size:15px;\n}\n<\/style>\n<div  class='av-special-heading av-i5c2b0-23b3a6e4163b39a9f18c0df8e2e29868 av-special-heading-h1  avia-builder-el-4  avia-builder-el-no-sibling '><h1 class='av-special-heading-tag'  itemprop=\"headline\"  >DOSSIER DE TRAVAIL<\/h1><div class=\"special-heading-border\"><div class=\"special-heading-inner-border\"><\/div><\/div><\/div>\n<\/div><\/div>\n<\/div><div id='after_grid_row_1'  class='main_color av_default_container_wrap container_wrap fullsize'  ><div class='container av-section-cont-open' ><div class='template-page content  av-content-full alpha units'><div class='post-entry post-entry-type-page post-entry-77525'><div class='entry-content-wrapper clearfix'>\n<section  class='av_textblock_section av-fd2o18-58cfd6535cfde4012d04843c02d6fe98'  itemscope=\"itemscope\" itemtype=\"https:\/\/schema.org\/CreativeWork\" ><div class='avia_textblock'  itemprop=\"text\" ><h6 style=\"text-align: center;\"><img loading=\"lazy\" decoding=\"async\" class=\"aligncenter size-full wp-image-932\" src=\"https:\/\/aulaabierta.arasaac.org\/wp-content\/uploads\/2016\/12\/by-nc-sa.eu_petit.png\" alt=\"\" width=\"118\" height=\"41\">Cette \u0153uvre est sous licence <a href=\"http:\/\/creativecommons.org\/licenses\/by-nc-sa\/4.0\/\" rel=\"license\">Creative Commons Attribution-NonComercial-ShareAlike 4.0 International.<\/a><\/h6>\n<hr>\n<\/div><\/section>\n\n<style type=\"text\/css\" data-created_by=\"avia_inline_auto\" id=\"style-css-av-e4qqbw-531ad480ea0f6476984d106e60609714\">\n#top .av_textblock_section.av-e4qqbw-531ad480ea0f6476984d106e60609714 .avia_textblock{\nfont-size:16px;\n}\n<\/style>\n<section  class='av_textblock_section av-e4qqbw-531ad480ea0f6476984d106e60609714'  itemscope=\"itemscope\" itemtype=\"https:\/\/schema.org\/CreativeWork\" ><div class='avia_textblock'  itemprop=\"text\" ><p>Si en plus des pictogrammes et images ARASAAC nous souhaitons utiliser nos propres images dans les diff\u00e9rents outils en ligne du portail (sauf dans le Phrase Creator), nous devrons recourir au \u00ab\u00a0<strong>Dossier de travail<\/strong>\u00a0\u00bb ou au \u00ab\u00a0<strong>T\u00e9l\u00e9charger des fichiers sur mon travail dossier<\/strong>\u00a0\u00bb disponible dans les diff\u00e9rents outils.<\/p>\n<p>On peut d\u00e9composer le fonctionnement de l&rsquo;outil en diff\u00e9rentes \u00e9tapes selon que l&rsquo;on acc\u00e8de depuis la page \u00ab\u00a0<strong><a href=\"http:\/\/antiguo.arasaac.org\/herramientas.php\" target=\"_blank\" rel=\"noopener\">Outils en ligne<\/a><\/strong>\u00a0\u00bb ou depuis chacun des outils.<\/p>\n<h3>ACC\u00c8S \u00c0 PARTIR DES OUTILS EN LIGNE<\/h3>\n<p><strong>\u00c9TAPE 1<\/strong> : Depuis la page \u00ab\u00a0<strong><a href=\"http:\/\/antiguo.arasaac.org\/herramientas.php\" target=\"_blank\" rel=\"noopener\">Outils en ligne<\/a><\/strong>\u00a0\u00bb du portail, cliquez sur l&rsquo;option <a href=\"http:\/\/antiguo.arasaac.org\/carpeta_trabajo.php\" target=\"_blank\" rel=\"noopener\"><strong>Dossier de travail<\/strong><\/a>.<\/p>\n<p><img decoding=\"async\" class=\"aligncenter\" src=\"https:\/\/lh3.googleusercontent.com\/-0EBuKOQiNJs\/UiXMDuwF7vI\/AAAAAAAABK4\/3bNsijwwZE4\/w1044-h455-no\/carpeta_trabajo.png\" width=\"800\"><\/p>\n<p><strong>\u00c9TAPE 2<\/strong> : Une fois \u00e0 l&rsquo;int\u00e9rieur, cliquez sur \u00ab\u00a0S\u00e9lectionner un fichier\u00a0\u00bb.<\/p>\n<p><img decoding=\"async\" class=\"aligncenter\" src=\"https:\/\/lh3.googleusercontent.com\/-wP7KKlgW81Q\/UiXPMfMl29I\/AAAAAAAABLQ\/iojQyaTvVpc\/w1043-h462-no\/carpeta_trabajo_1.png\" width=\"800\"><\/p>\n<p><strong>\u00c9TAPE 3<\/strong> : Dans la fen\u00eatre contextuelle qui s&rsquo;ouvre, s\u00e9lectionnez l&rsquo;image \u00e0 importer depuis notre disque dur et cliquez sur Ouvrir.<\/p>\n<p><img decoding=\"async\" class=\"aligncenter\" src=\"https:\/\/lh5.googleusercontent.com\/-OpNQmrH3B6w\/UiXPMr94v7I\/AAAAAAAABLY\/3OZHTRj5s9c\/w1044-h463-no\/carpeta_trabajo_2.png\" width=\"800\"><\/p>\n<p><strong>\u00c9TAPE 4<\/strong> : De retour \u00e0 l&rsquo;\u00e9cran initial, cliquez sur \u00ab T\u00e9l\u00e9charger le fichier \u00bb.<\/p>\n<p><img decoding=\"async\" class=\"aligncenter\" src=\"https:\/\/lh6.googleusercontent.com\/-ChdNpu_oD9U\/UiXPMuluF2I\/AAAAAAAABLk\/ljsftttO4Es\/w1044-h459-no\/carpeta_trabajo_3.png\" width=\"800\"><\/p>\n<p><strong>\u00c9TAPE 5<\/strong> : Enfin, notre image est import\u00e9e et pr\u00eate \u00e0 \u00eatre utilis\u00e9e dans l&rsquo;un des outils en ligne d&rsquo;ARASAAC (\u00e0 l&rsquo;exception du cr\u00e9ateur de phrases).<\/p>\n<p><img decoding=\"async\" class=\"aligncenter\" src=\"https:\/\/lh3.googleusercontent.com\/-JIWYEKbWlDc\/UiXPM06SLWI\/AAAAAAAABLg\/V-kszn9n1ME\/w1044-h457-no\/carpeta_trabajo_4.png\" width=\"800\"><\/p>\n<h3>ACC\u00c8S DEPUIS CHACUN DES OUTILS<\/h3>\n<p>Une fois que nous avons cliqu\u00e9, une nouvelle fen\u00eatre appara\u00eetra dans laquelle nous devons s\u00e9lectionner le fichier image \u00e0 t\u00e9l\u00e9charger.<\/p>\n<p><img loading=\"lazy\" decoding=\"async\" class=\"aligncenter\" src=\"https:\/\/lh3.googleusercontent.com\/-qTcavmHIn6A\/UfI8v8K9URI\/AAAAAAAAA3Y\/_CmKyxEVoEk\/w1043-h469-no\/carpeta_trabajo_5.JPG\" width=\"800\" height=\"360\"><\/p>\n<p>Il est important de lire les instructions qui nous sont donn\u00e9es :<\/p>\n<p><em>\u00ab En plus des pictogrammes et des photographies que propose ARASAAC, vous pouvez t\u00e9l\u00e9charger vos propres fichiers images pour une utilisation ult\u00e9rieure avec nos outils. Les fichiers graphiques (<strong>jpg, png, gif<\/strong>) peuvent \u00eatre t\u00e9l\u00e9charg\u00e9s <strong>individuellement<\/strong> ou en <strong>masse<\/strong>. Pour t\u00e9l\u00e9charger en masse des fichiers dans le panier, vous devez compresser les images dans un <strong>ZIP<\/strong> et t\u00e9l\u00e9charger le fichier. La taille maximale par fichier est de 2 MB. Les fichiers sont stock\u00e9s dans un dossier temporaire qui est supprim\u00e9 une fois la session du navigateur termin\u00e9e. \u00ab\u00a0<\/em><\/p>\n<p>Une fois lu, cliquez sur \u00ab\u00a0<strong>S\u00e9lectionner un fichier<\/strong>\u00ab\u00a0.<\/p>\n<p><img loading=\"lazy\" decoding=\"async\" class=\"aligncenter\" src=\"https:\/\/lh4.googleusercontent.com\/-S9q-J8RdZwE\/UfI8wnaO0yI\/AAAAAAAAA3k\/N9msg3ceLhI\/w1044-h465-no\/carpeta_trabajo_6.JPG\" width=\"800\" height=\"356\"><\/p>\n<p>Une fois l&rsquo;image du disque dur choisie, cliquez sur \u00ab\u00a0<strong>Ouvrir<\/strong>\u00ab\u00a0. De retour dans la fen\u00eatre pr\u00e9c\u00e9dente, nous cliquons sur \u00ab\u00a0<strong>T\u00e9l\u00e9charger le fichier<\/strong>\u00ab\u00a0. Une fois le fichier t\u00e9l\u00e9charg\u00e9, nous recevrons un message d&rsquo;information indiquant si le processus a \u00e9t\u00e9 correct ou si un probl\u00e8me est survenu.<\/p>\n<p><img loading=\"lazy\" decoding=\"async\" class=\"aligncenter\" src=\"https:\/\/lh6.googleusercontent.com\/-qiclayZRCRk\/UfI8wtqMqDI\/AAAAAAAAA3g\/bihhxTCwKd0\/w1044-h467-no\/carpeta_trabajo_7.JPG\" width=\"800\" height=\"358\"><\/p>\n<p>Une fois l&rsquo;importation termin\u00e9e, l&rsquo;image devient disponible pour une utilisation dans l&rsquo;outil utilis\u00e9.<\/p>\n<\/div><\/section>\n<\/div><\/div><\/div><!-- close content main div --><\/div><\/div><div id='av-layout-grid-2'  class='av-layout-grid-container av-17mou4-9296155e1fd740a1eb85cc092cbd8f3d entry-content-wrapper main_color av-flex-cells  avia-builder-el-7  el_after_av_textblock  avia-builder-el-last  grid-row-not-first  container_wrap fullsize'  >\n\n<style type=\"text\/css\" data-created_by=\"avia_inline_auto\" id=\"style-css-av-aegeu4-e86f66c01ce1b8902ed6bcc5e560d883\">\n.flex_cell.av-aegeu4-e86f66c01ce1b8902ed6bcc5e560d883{\nvertical-align:top;\n}\n.responsive #top #wrap_all .flex_cell.av-aegeu4-e86f66c01ce1b8902ed6bcc5e560d883{\npadding:30px 30px 30px 30px !important;\n}\n<\/style>\n<div class='flex_cell av-aegeu4-e86f66c01ce1b8902ed6bcc5e560d883 av-gridrow-cell av_one_fifth no_margin  avia-builder-el-8  el_before_av_cell_one_fifth  avia-builder-el-first ' ><div class='flex_cell_inner'><\/div><\/div>\n<style type=\"text\/css\" data-created_by=\"avia_inline_auto\" id=\"style-css-av-9a5sm4-938d72e4c120226ab6e31552e9f4c442\">\n.flex_cell.av-9a5sm4-938d72e4c120226ab6e31552e9f4c442{\nvertical-align:top;\n}\n.responsive #top #wrap_all .flex_cell.av-9a5sm4-938d72e4c120226ab6e31552e9f4c442{\npadding:30px 30px 30px 30px !important;\n}\n<\/style>\n<div class='flex_cell av-9a5sm4-938d72e4c120226ab6e31552e9f4c442 av-gridrow-cell av_one_fifth no_margin  avia-builder-el-9  el_after_av_cell_one_fifth  el_before_av_cell_one_fifth ' ><div class='flex_cell_inner'><\/div><\/div>\n<style type=\"text\/css\" data-created_by=\"avia_inline_auto\" id=\"style-css-av-856j1o-54a7d4ad595cabe35304a7f541ba4d27\">\n.flex_cell.av-856j1o-54a7d4ad595cabe35304a7f541ba4d27{\nvertical-align:top;\n}\n.responsive #top #wrap_all .flex_cell.av-856j1o-54a7d4ad595cabe35304a7f541ba4d27{\npadding:30px 30px 30px 30px !important;\n}\n<\/style>\n<div class='flex_cell av-856j1o-54a7d4ad595cabe35304a7f541ba4d27 av-gridrow-cell av_one_fifth no_margin  avia-builder-el-10  el_after_av_cell_one_fifth  el_before_av_cell_one_fifth ' ><div class='flex_cell_inner'>\n<style type=\"text\/css\" data-created_by=\"avia_inline_auto\" id=\"style-css-av-5ui29o-82ec0065b41370cce356cf23d7d37177\">\n.avia-image-container.av-5ui29o-82ec0065b41370cce356cf23d7d37177 img.avia_image{\nbox-shadow:none;\n}\n.avia-image-container.av-5ui29o-82ec0065b41370cce356cf23d7d37177 .av-image-caption-overlay-center{\ncolor:#ffffff;\n}\n<\/style>\n<div  class='avia-image-container av-5ui29o-82ec0065b41370cce356cf23d7d37177 av-styling- avia-align-center  avia-builder-el-11  avia-builder-el-no-sibling '   itemprop=\"image\" itemscope=\"itemscope\" itemtype=\"https:\/\/schema.org\/ImageObject\" ><div class=\"avia-image-container-inner\"><div class=\"avia-image-overlay-wrap\"><a href=\"https:\/\/aulaabierta.arasaac.org\/fr\/tools-online-arasaac\" class='avia_image' ><img decoding=\"async\" class='wp-image-23498 avia-img-lazy-loading-not-23498 avia_image ' src=\"https:\/\/aulaabierta.arasaac.org\/wp-content\/uploads\/2016\/12\/casa-80x80.png\" alt='' title='Commencement'  height=\"80\" width=\"80\"  itemprop=\"thumbnailUrl\" srcset=\"https:\/\/aulaabierta.arasaac.org\/wp-content\/uploads\/2016\/12\/casa-80x80.png 80w, https:\/\/aulaabierta.arasaac.org\/wp-content\/uploads\/2016\/12\/casa-300x300.png 300w, https:\/\/aulaabierta.arasaac.org\/wp-content\/uploads\/2016\/12\/casa-36x36.png 36w, https:\/\/aulaabierta.arasaac.org\/wp-content\/uploads\/2016\/12\/casa-180x180.png 180w, https:\/\/aulaabierta.arasaac.org\/wp-content\/uploads\/2016\/12\/casa-120x120.png 120w, https:\/\/aulaabierta.arasaac.org\/wp-content\/uploads\/2016\/12\/casa-450x450.png 450w, https:\/\/aulaabierta.arasaac.org\/wp-content\/uploads\/2016\/12\/casa.png 500w\" sizes=\"(max-width: 80px) 100vw, 80px\" \/><\/a><\/div><\/div><\/div>\n<\/div><\/div>\n<style type=\"text\/css\" data-created_by=\"avia_inline_auto\" id=\"style-css-av-3zhq4s-d2ceef8a608c14623d49ac7aebba19de\">\n.flex_cell.av-3zhq4s-d2ceef8a608c14623d49ac7aebba19de{\nvertical-align:top;\n}\n.responsive #top #wrap_all .flex_cell.av-3zhq4s-d2ceef8a608c14623d49ac7aebba19de{\npadding:30px 30px 30px 30px !important;\n}\n<\/style>\n<div class='flex_cell av-3zhq4s-d2ceef8a608c14623d49ac7aebba19de av-gridrow-cell av_one_fifth no_margin  avia-builder-el-12  el_after_av_cell_one_fifth  el_before_av_cell_one_fifth ' ><div class='flex_cell_inner'><\/div><\/div>\n<style type=\"text\/css\" data-created_by=\"avia_inline_auto\" id=\"style-css-av-28q7jg-4760cc9f84ba7a5e743a96aed23d031c\">\n.flex_cell.av-28q7jg-4760cc9f84ba7a5e743a96aed23d031c{\nvertical-align:top;\n}\n.responsive #top #wrap_all .flex_cell.av-28q7jg-4760cc9f84ba7a5e743a96aed23d031c{\npadding:30px 30px 30px 30px !important;\n}\n<\/style>\n<div class='flex_cell av-28q7jg-4760cc9f84ba7a5e743a96aed23d031c av-gridrow-cell av_one_fifth no_margin  avia-builder-el-13  el_after_av_cell_one_fifth  avia-builder-el-last ' ><div class='flex_cell_inner'><\/div><\/div>\n<\/div>\n","protected":false},"excerpt":{"rendered":"","protected":false},"author":5,"featured_media":0,"parent":0,"menu_order":0,"comment_status":"closed","ping_status":"closed","template":"","meta":{"om_disable_all_campaigns":false,"_monsterinsights_skip_tracking":false,"_monsterinsights_sitenote_active":false,"_monsterinsights_sitenote_note":"","_monsterinsights_sitenote_category":0,"_uf_show_specific_survey":0,"_uf_disable_surveys":false,"footnotes":""},"class_list":["post-77525","page","type-page","status-publish","hentry"],"aioseo_notices":[],"_links":{"self":[{"href":"https:\/\/aulaabierta.arasaac.org\/fr\/wp-json\/wp\/v2\/pages\/77525","targetHints":{"allow":["GET"]}}],"collection":[{"href":"https:\/\/aulaabierta.arasaac.org\/fr\/wp-json\/wp\/v2\/pages"}],"about":[{"href":"https:\/\/aulaabierta.arasaac.org\/fr\/wp-json\/wp\/v2\/types\/page"}],"author":[{"embeddable":true,"href":"https:\/\/aulaabierta.arasaac.org\/fr\/wp-json\/wp\/v2\/users\/5"}],"replies":[{"embeddable":true,"href":"https:\/\/aulaabierta.arasaac.org\/fr\/wp-json\/wp\/v2\/comments?post=77525"}],"version-history":[{"count":14,"href":"https:\/\/aulaabierta.arasaac.org\/fr\/wp-json\/wp\/v2\/pages\/77525\/revisions"}],"predecessor-version":[{"id":136863,"href":"https:\/\/aulaabierta.arasaac.org\/fr\/wp-json\/wp\/v2\/pages\/77525\/revisions\/136863"}],"wp:attachment":[{"href":"https:\/\/aulaabierta.arasaac.org\/fr\/wp-json\/wp\/v2\/media?parent=77525"}],"curies":[{"name":"wp","href":"https:\/\/api.w.org\/{rel}","templated":true}]}}