{"id":77554,"date":"2017-01-13T21:33:33","date_gmt":"2017-01-13T21:33:33","guid":{"rendered":"https:\/\/aulaabierta.arasaac.org\/herramientas-online-creador-de-animaciones"},"modified":"2023-02-09T11:22:57","modified_gmt":"2023-02-09T10:22:57","slug":"animation-creator-outils-en-ligne","status":"publish","type":"page","link":"https:\/\/aulaabierta.arasaac.org\/fr\/animation-creator-outils-en-ligne","title":{"rendered":"Outils en ligne &#8211; Cr\u00e9ateur d&rsquo;animation"},"content":{"rendered":"<div id='av-layout-grid-1'  class='av-layout-grid-container av-2wfwkt-0f963459d8e16414fc76a91f46d33173 entry-content-wrapper alternate_color av-border-cells av-flex-cells  avia-builder-el-0  el_before_av_textblock  avia-builder-el-first   container_wrap fullsize'  >\n\n<style type=\"text\/css\" data-created_by=\"avia_inline_auto\" id=\"style-css-av-r540il-8d27190996f2894d56b4e75d4a6057a0\">\n.flex_cell.av-r540il-8d27190996f2894d56b4e75d4a6057a0{\nvertical-align:top;\n}\n.responsive #top #wrap_all .flex_cell.av-r540il-8d27190996f2894d56b4e75d4a6057a0{\npadding:30px 30px 30px 30px !important;\n}\n<\/style>\n<div class='flex_cell av-r540il-8d27190996f2894d56b4e75d4a6057a0 av-gridrow-cell av_one_fifth no_margin  avia-builder-el-1  el_before_av_cell_three_fifth  avia-builder-el-first ' ><div class='flex_cell_inner'>\n<style type=\"text\/css\" data-created_by=\"avia_inline_auto\" id=\"style-css-av-q5dd2l-8fd274e7576d12940210cd570583a2c2\">\n.avia-image-container.av-q5dd2l-8fd274e7576d12940210cd570583a2c2 img.avia_image{\nbox-shadow:none;\n}\n.avia-image-container.av-q5dd2l-8fd274e7576d12940210cd570583a2c2 .av-image-caption-overlay-center{\ncolor:#ffffff;\n}\n<\/style>\n<div  class='avia-image-container av-q5dd2l-8fd274e7576d12940210cd570583a2c2 av-styling- avia-align-center  avia-builder-el-2  avia-builder-el-no-sibling '   itemprop=\"image\" itemscope=\"itemscope\" itemtype=\"https:\/\/schema.org\/ImageObject\" ><div class=\"avia-image-container-inner\"><div class=\"avia-image-overlay-wrap\"><a href=\"https:\/\/aulaabierta.arasaac.org\/fr\/tools-online-arasaac\" class='avia_image' ><img decoding=\"async\" class='wp-image-24688 avia-img-lazy-loading-not-24688 avia_image ' src=\"https:\/\/aulaabierta.arasaac.org\/wp-content\/uploads\/2017\/01\/web-180x180.png\" alt='' title='web'  height=\"180\" width=\"180\"  itemprop=\"thumbnailUrl\" srcset=\"https:\/\/aulaabierta.arasaac.org\/wp-content\/uploads\/2017\/01\/web-180x180.png 180w, https:\/\/aulaabierta.arasaac.org\/wp-content\/uploads\/2017\/01\/web-80x80.png 80w, https:\/\/aulaabierta.arasaac.org\/wp-content\/uploads\/2017\/01\/web-300x300.png 300w, https:\/\/aulaabierta.arasaac.org\/wp-content\/uploads\/2017\/01\/web-36x36.png 36w, https:\/\/aulaabierta.arasaac.org\/wp-content\/uploads\/2017\/01\/web-120x120.png 120w, https:\/\/aulaabierta.arasaac.org\/wp-content\/uploads\/2017\/01\/web-450x450.png 450w, https:\/\/aulaabierta.arasaac.org\/wp-content\/uploads\/2017\/01\/web.png 500w\" sizes=\"(max-width: 180px) 100vw, 180px\" \/><\/a><\/div><\/div><\/div>\n<\/div><\/div>\n<style type=\"text\/css\" data-created_by=\"avia_inline_auto\" id=\"style-css-av-omhmj1-16dc0998c1e73d6647a2e25277f4e4c9\">\n.flex_cell.av-omhmj1-16dc0998c1e73d6647a2e25277f4e4c9{\nvertical-align:middle;\n}\n.responsive #top #wrap_all .flex_cell.av-omhmj1-16dc0998c1e73d6647a2e25277f4e4c9{\npadding:30px 30px 30px 30px !important;\n}\n<\/style>\n<div class='flex_cell av-omhmj1-16dc0998c1e73d6647a2e25277f4e4c9 av-gridrow-cell av_three_fifth no_margin  avia-builder-el-3  el_after_av_cell_one_fifth  el_before_av_cell_one_fifth ' ><div class='flex_cell_inner'>\n<style type=\"text\/css\" data-created_by=\"avia_inline_auto\" id=\"style-css-av-246125-7287fda3bb592b459d76b528d162a190\">\n#top .av-special-heading.av-246125-7287fda3bb592b459d76b528d162a190{\npadding-bottom:0;\n}\nbody .av-special-heading.av-246125-7287fda3bb592b459d76b528d162a190 .av-special-heading-tag .heading-char{\nfont-size:25px;\n}\n.av-special-heading.av-246125-7287fda3bb592b459d76b528d162a190 .av-subheading{\nfont-size:15px;\n}\n<\/style>\n<div  class='av-special-heading av-246125-7287fda3bb592b459d76b528d162a190 av-special-heading-h1  avia-builder-el-4  avia-builder-el-no-sibling '><h1 class='av-special-heading-tag'  itemprop=\"headline\"  >CR\u00c9ATEUR D\u2019ANIMATION<\/h1><div class=\"special-heading-border\"><div class=\"special-heading-inner-border\"><\/div><\/div><\/div>\n<\/div><\/div>\n<style type=\"text\/css\" data-created_by=\"avia_inline_auto\" id=\"style-css-av-l4qg4t-9045619e08cd6c9c797d3bc909570d9a\">\n.flex_cell.av-l4qg4t-9045619e08cd6c9c797d3bc909570d9a{\nvertical-align:top;\n}\n.responsive #top #wrap_all .flex_cell.av-l4qg4t-9045619e08cd6c9c797d3bc909570d9a{\npadding:30px 30px 30px 30px !important;\n}\n<\/style>\n<div class='flex_cell av-l4qg4t-9045619e08cd6c9c797d3bc909570d9a av-gridrow-cell av_one_fifth no_margin  avia-builder-el-5  el_after_av_cell_three_fifth  avia-builder-el-last ' ><div class='flex_cell_inner'><p>\n<style type=\"text\/css\" data-created_by=\"avia_inline_auto\" id=\"style-css-av-iidggt-56d08ea09c2a913697fac8a788248a9d\">\n.avia-image-container.av-iidggt-56d08ea09c2a913697fac8a788248a9d img.avia_image{\nbox-shadow:none;\n}\n.avia-image-container.av-iidggt-56d08ea09c2a913697fac8a788248a9d .av-image-caption-overlay-center{\ncolor:#ffffff;\n}\n<\/style>\n<div  class='avia-image-container av-iidggt-56d08ea09c2a913697fac8a788248a9d av-styling- avia-align-center  avia-builder-el-6  el_before_av_textblock  avia-builder-el-first '   itemprop=\"image\" itemscope=\"itemscope\" itemtype=\"https:\/\/schema.org\/ImageObject\" ><div class=\"avia-image-container-inner\"><div class=\"avia-image-overlay-wrap\"><a href=\"http:\/\/antiguo.arasaac.org\/zona_descargas\/documentacion\/manual_creador_animaciones_es.pdf\" class='avia_image' target=\"_blank\" rel=\"noopener noreferrer\"><img decoding=\"async\" class='wp-image-24692 avia-img-lazy-loading-not-24692 avia_image ' src=\"https:\/\/aulaabierta.arasaac.org\/wp-content\/uploads\/2017\/01\/pdf_download.png\" alt='' title='pdf_download'  height=\"128\" width=\"128\"  itemprop=\"thumbnailUrl\" srcset=\"https:\/\/aulaabierta.arasaac.org\/wp-content\/uploads\/2017\/01\/pdf_download.png 128w, https:\/\/aulaabierta.arasaac.org\/wp-content\/uploads\/2017\/01\/pdf_download-80x80.png 80w, https:\/\/aulaabierta.arasaac.org\/wp-content\/uploads\/2017\/01\/pdf_download-36x36.png 36w, https:\/\/aulaabierta.arasaac.org\/wp-content\/uploads\/2017\/01\/pdf_download-120x120.png 120w\" sizes=\"(max-width: 128px) 100vw, 128px\" \/><\/a><\/div><\/div><\/div><br \/>\n<section  class='av_textblock_section av-i2vrb1-514739b1e70c19526775acd0765ddb77'  itemscope=\"itemscope\" itemtype=\"https:\/\/schema.org\/CreativeWork\" ><div class='avia_textblock'  itemprop=\"text\" ><h4 style=\"text-align: center;\"><strong><a href=\"http:\/\/antiguo.arasaac.org\/zona_descargas\/documentacion\/manual_creador_animaciones_es.pdf\" target=\"_blank\" rel=\"noopener\">T\u00c9L\u00c9CHARGER LE MANUEL<\/a><\/strong><\/h4>\n<\/div><\/section><\/p>\n<\/div><\/div>\n<\/div><div id='after_grid_row_1'  class='main_color av_default_container_wrap container_wrap fullsize'  ><div class='container av-section-cont-open' ><div class='template-page content  av-content-full alpha units'><div class='post-entry post-entry-type-page post-entry-77554'><div class='entry-content-wrapper clearfix'>\n<section  class='av_textblock_section av-1ifx71-dbfb4876727364d20d7d07e6cb3d87a7'  itemscope=\"itemscope\" itemtype=\"https:\/\/schema.org\/CreativeWork\" ><div class='avia_textblock'  itemprop=\"text\" ><h6 style=\"text-align: center;\"><img loading=\"lazy\" decoding=\"async\" class=\"aligncenter size-full wp-image-932\" src=\"https:\/\/aulaabierta.arasaac.org\/wp-content\/uploads\/2016\/12\/by-nc-sa.eu_petit.png\" alt=\"\" width=\"118\" height=\"41\" \/>Este obra est\u00e1 bajo una <a href=\"http:\/\/creativecommons.org\/licenses\/by-nc-sa\/4.0\/\" rel=\"license\">licencia de Creative Commons Reconocimiento-NoComercial-CompartirIgual 4.0 Internacional<\/a>.<\/h6>\n<hr \/>\n<\/div><\/section>\n\n<style type=\"text\/css\" data-created_by=\"avia_inline_auto\" id=\"style-css-av-dz89a5-12b5e97bd8f44b0331f3fe2266837462\">\n#top .av_textblock_section.av-dz89a5-12b5e97bd8f44b0331f3fe2266837462 .avia_textblock{\nfont-size:16px;\n}\n<\/style>\n<section  class='av_textblock_section av-dz89a5-12b5e97bd8f44b0331f3fe2266837462'  itemscope=\"itemscope\" itemtype=\"https:\/\/schema.org\/CreativeWork\" ><div class='avia_textblock'  itemprop=\"text\" ><p>Le <a href=\"http:\/\/antiguo.arasaac.org\/herramientas.php\" target=\"_blank\" rel=\"noopener\"><strong>Cr\u00e9ateur d&rsquo;Animation<\/strong><\/a> est destin\u00e9 \u00e0 cr\u00e9er une s\u00e9quence anim\u00e9e successive de pictogrammes, photographies ou images au format GIF.<\/p>\n<p>Ces types d&rsquo;animations permettent de s\u00e9quencer des routines, de structurer le temps, de travailler sur des champs s\u00e9mantiques ou de raconter des histoires.<\/p>\n<table border=\"0\" align=\"center\">\n<tbody>\n<tr>\n<td><img loading=\"lazy\" decoding=\"async\" class=\"aligncenter\" src=\"https:\/\/lh4.googleusercontent.com\/-dBXUu6XztRY\/UekJ51BUYQI\/AAAAAAAAAuE\/fAJ82C7mfqA\/s500-no\/fiestasPilar.gif\" width=\"300\" height=\"300\"><\/td>\n<td><img loading=\"lazy\" decoding=\"async\" class=\"aligncenter\" src=\"https:\/\/lh5.googleusercontent.com\/--5JfZTFkRjw\/UekcraXTv7I\/AAAAAAAAAvY\/aj5Vr_AlECw\/s500-no\/GIFbk3NPI.gif\" width=\"300\" height=\"300\"><\/td>\n<\/tr>\n<tr>\n<td style=\"text-align: center;\">S\u00e9quence avec vocabulaire li\u00e9 aux Fiestas del Pilar &#8211; Auteur : Pilar Delgado\n<\/td>\n<td style=\"text-align: center;\">S\u00e9quence avec vocabulaire li\u00e9 aux Oiseaux &#8211; Auteur : ARASAAC<\/td>\n<\/tr>\n<\/tbody>\n<\/table>\n<p>Les GIF anim\u00e9s r\u00e9sultants, \u00e0 reproduire, peuvent \u00eatre ins\u00e9r\u00e9s dans une pr\u00e9sentation PowerPoint, des blogs ou des pages Web.<\/p>\n<p>Comme le reste des outils en ligne ARASAAC, il peut \u00eatre trouv\u00e9 \u00e0 l&rsquo;adresse : http:\/\/antiguo.arasaac.org\/herramdamientos.php<a href=\"http:\/\/antiguo.arasaac.org\/herramientas.php\" target=\"_blank\" rel=\"noopener\"><\/a><\/p>\n<p><img decoding=\"async\" class=\"aligncenter\" src=\"https:\/\/lh5.googleusercontent.com\/-Txn2o_WqpFc\/UeLGLr1Pw7I\/AAAAAAAABNc\/YbFWw7wcpZA\/w750-h530-no\/creador_animaciones.JPG\"><\/p>\n<\/div><\/section>\n<\/div><\/div><\/div><!-- close content main div --><\/div><\/div><div id='av-layout-grid-2'  class='av-layout-grid-container av-cvfn7h-103dcf19d9c00005d722d338c2e21823 entry-content-wrapper main_color av-flex-cells  avia-builder-el-10  el_after_av_textblock  avia-builder-el-last  grid-row-not-first  container_wrap fullsize'  >\n\n<style type=\"text\/css\" data-created_by=\"avia_inline_auto\" id=\"style-css-av-amdwml-26ed9ce9d50b750c0ff7702655c3cdd4\">\n.flex_cell.av-amdwml-26ed9ce9d50b750c0ff7702655c3cdd4{\nvertical-align:top;\n}\n.responsive #top #wrap_all .flex_cell.av-amdwml-26ed9ce9d50b750c0ff7702655c3cdd4{\npadding:30px 30px 30px 30px !important;\n}\n<\/style>\n<div class='flex_cell av-amdwml-26ed9ce9d50b750c0ff7702655c3cdd4 av-gridrow-cell av_one_fifth no_margin  avia-builder-el-11  el_before_av_cell_one_fifth  avia-builder-el-first ' ><div class='flex_cell_inner'><\/div><\/div>\n<style type=\"text\/css\" data-created_by=\"avia_inline_auto\" id=\"style-css-av-x4e0t-33a4423e181f8b5ce9916e8ccf7cc19f\">\n.flex_cell.av-x4e0t-33a4423e181f8b5ce9916e8ccf7cc19f{\nvertical-align:top;\n}\n.responsive #top #wrap_all .flex_cell.av-x4e0t-33a4423e181f8b5ce9916e8ccf7cc19f{\npadding:30px 30px 30px 30px !important;\n}\n<\/style>\n<div class='flex_cell av-x4e0t-33a4423e181f8b5ce9916e8ccf7cc19f av-gridrow-cell av_one_fifth no_margin  avia-builder-el-12  el_after_av_cell_one_fifth  el_before_av_cell_one_fifth ' ><div class='flex_cell_inner'><\/div><\/div>\n<style type=\"text\/css\" data-created_by=\"avia_inline_auto\" id=\"style-css-av-7rspdp-68927a5bcb25e0555be6f738c8e2e0cb\">\n.flex_cell.av-7rspdp-68927a5bcb25e0555be6f738c8e2e0cb{\nvertical-align:top;\n}\n.responsive #top #wrap_all .flex_cell.av-7rspdp-68927a5bcb25e0555be6f738c8e2e0cb{\npadding:30px 30px 30px 30px !important;\n}\n<\/style>\n<div class='flex_cell av-7rspdp-68927a5bcb25e0555be6f738c8e2e0cb av-gridrow-cell av_one_fifth no_margin  avia-builder-el-13  el_after_av_cell_one_fifth  el_before_av_cell_one_fifth ' ><div class='flex_cell_inner'>\n<style type=\"text\/css\" data-created_by=\"avia_inline_auto\" id=\"style-css-av-5odq6l-393ef47cfbbaf7be35e1a4b04fd0a3b8\">\n.avia-image-container.av-5odq6l-393ef47cfbbaf7be35e1a4b04fd0a3b8 img.avia_image{\nbox-shadow:none;\n}\n.avia-image-container.av-5odq6l-393ef47cfbbaf7be35e1a4b04fd0a3b8 .av-image-caption-overlay-center{\ncolor:#ffffff;\n}\n<\/style>\n<div  class='avia-image-container av-5odq6l-393ef47cfbbaf7be35e1a4b04fd0a3b8 av-styling- avia-align-center  avia-builder-el-14  avia-builder-el-no-sibling '   itemprop=\"image\" itemscope=\"itemscope\" itemtype=\"https:\/\/schema.org\/ImageObject\" ><div class=\"avia-image-container-inner\"><div class=\"avia-image-overlay-wrap\"><a href=\"https:\/\/aulaabierta.arasaac.org\/fr\/tools-online-arasaac\" class='avia_image' ><img decoding=\"async\" class='wp-image-23498 avia-img-lazy-loading-not-23498 avia_image ' src=\"https:\/\/aulaabierta.arasaac.org\/wp-content\/uploads\/2016\/12\/casa-80x80.png\" alt='' title='Commencement'  height=\"80\" width=\"80\"  itemprop=\"thumbnailUrl\" srcset=\"https:\/\/aulaabierta.arasaac.org\/wp-content\/uploads\/2016\/12\/casa-80x80.png 80w, https:\/\/aulaabierta.arasaac.org\/wp-content\/uploads\/2016\/12\/casa-300x300.png 300w, https:\/\/aulaabierta.arasaac.org\/wp-content\/uploads\/2016\/12\/casa-36x36.png 36w, https:\/\/aulaabierta.arasaac.org\/wp-content\/uploads\/2016\/12\/casa-180x180.png 180w, https:\/\/aulaabierta.arasaac.org\/wp-content\/uploads\/2016\/12\/casa-120x120.png 120w, https:\/\/aulaabierta.arasaac.org\/wp-content\/uploads\/2016\/12\/casa-450x450.png 450w, https:\/\/aulaabierta.arasaac.org\/wp-content\/uploads\/2016\/12\/casa.png 500w\" sizes=\"(max-width: 80px) 100vw, 80px\" \/><\/a><\/div><\/div><\/div>\n<\/div><\/div>\n<style type=\"text\/css\" data-created_by=\"avia_inline_auto\" id=\"style-css-av-4jz92l-744daa135bdbb0e3902fc3f5399293de\">\n.flex_cell.av-4jz92l-744daa135bdbb0e3902fc3f5399293de{\nvertical-align:top;\n}\n.responsive #top #wrap_all .flex_cell.av-4jz92l-744daa135bdbb0e3902fc3f5399293de{\npadding:30px 30px 30px 30px !important;\n}\n<\/style>\n<div class='flex_cell av-4jz92l-744daa135bdbb0e3902fc3f5399293de av-gridrow-cell av_one_fifth no_margin  avia-builder-el-15  el_after_av_cell_one_fifth  el_before_av_cell_one_fifth ' ><div class='flex_cell_inner'><\/div><\/div>\n<style type=\"text\/css\" data-created_by=\"avia_inline_auto\" id=\"style-css-av-2kp8j1-44f75d8967f58477db37351862bd1ab5\">\n.flex_cell.av-2kp8j1-44f75d8967f58477db37351862bd1ab5{\nvertical-align:top;\n}\n.responsive #top #wrap_all .flex_cell.av-2kp8j1-44f75d8967f58477db37351862bd1ab5{\npadding:30px 30px 30px 30px !important;\n}\n<\/style>\n<div class='flex_cell av-2kp8j1-44f75d8967f58477db37351862bd1ab5 av-gridrow-cell av_one_fifth no_margin  avia-builder-el-16  el_after_av_cell_one_fifth  avia-builder-el-last ' ><div class='flex_cell_inner'><\/div><\/div>\n<\/div>\n","protected":false},"excerpt":{"rendered":"","protected":false},"author":5,"featured_media":0,"parent":0,"menu_order":0,"comment_status":"closed","ping_status":"closed","template":"","meta":{"om_disable_all_campaigns":false,"_monsterinsights_skip_tracking":false,"_monsterinsights_sitenote_active":false,"_monsterinsights_sitenote_note":"","_monsterinsights_sitenote_category":0,"_uf_show_specific_survey":0,"_uf_disable_surveys":false,"footnotes":""},"class_list":["post-77554","page","type-page","status-publish","hentry"],"aioseo_notices":[],"_links":{"self":[{"href":"https:\/\/aulaabierta.arasaac.org\/fr\/wp-json\/wp\/v2\/pages\/77554","targetHints":{"allow":["GET"]}}],"collection":[{"href":"https:\/\/aulaabierta.arasaac.org\/fr\/wp-json\/wp\/v2\/pages"}],"about":[{"href":"https:\/\/aulaabierta.arasaac.org\/fr\/wp-json\/wp\/v2\/types\/page"}],"author":[{"embeddable":true,"href":"https:\/\/aulaabierta.arasaac.org\/fr\/wp-json\/wp\/v2\/users\/5"}],"replies":[{"embeddable":true,"href":"https:\/\/aulaabierta.arasaac.org\/fr\/wp-json\/wp\/v2\/comments?post=77554"}],"version-history":[{"count":4,"href":"https:\/\/aulaabierta.arasaac.org\/fr\/wp-json\/wp\/v2\/pages\/77554\/revisions"}],"predecessor-version":[{"id":77569,"href":"https:\/\/aulaabierta.arasaac.org\/fr\/wp-json\/wp\/v2\/pages\/77554\/revisions\/77569"}],"wp:attachment":[{"href":"https:\/\/aulaabierta.arasaac.org\/fr\/wp-json\/wp\/v2\/media?parent=77554"}],"curies":[{"name":"wp","href":"https:\/\/api.w.org\/{rel}","templated":true}]}}