{"id":77722,"date":"2017-01-13T22:22:47","date_gmt":"2017-01-13T22:22:47","guid":{"rendered":"https:\/\/aulaabierta.arasaac.org\/herramientas-online-juego-de-la-oca"},"modified":"2023-02-09T11:22:59","modified_gmt":"2023-02-09T10:22:59","slug":"outils-en-ligne-jeu-de-loie","status":"publish","type":"page","link":"https:\/\/aulaabierta.arasaac.org\/fr\/outils-en-ligne-jeu-de-loie","title":{"rendered":"Outils en ligne &#8211; Jeu de l&rsquo;oie"},"content":{"rendered":"<div id='av-layout-grid-1'  class='av-layout-grid-container av-oo3a66-f5e8e118e312d77bc9e335eb6d4b9bb6 entry-content-wrapper alternate_color av-border-cells av-flex-cells  avia-builder-el-0  el_before_av_textblock  avia-builder-el-first   container_wrap fullsize'  >\n\n<style type=\"text\/css\" data-created_by=\"avia_inline_auto\" id=\"style-css-av-lo9w8e-4dbfbb3d153d05ca419e1557a15a3e67\">\n.flex_cell.av-lo9w8e-4dbfbb3d153d05ca419e1557a15a3e67{\nvertical-align:top;\n}\n.responsive #top #wrap_all .flex_cell.av-lo9w8e-4dbfbb3d153d05ca419e1557a15a3e67{\npadding:30px 30px 30px 30px !important;\n}\n<\/style>\n<div class='flex_cell av-lo9w8e-4dbfbb3d153d05ca419e1557a15a3e67 av-gridrow-cell av_one_fourth no_margin  avia-builder-el-1  el_before_av_cell_three_fourth  avia-builder-el-first ' ><div class='flex_cell_inner'>\n<style type=\"text\/css\" data-created_by=\"avia_inline_auto\" id=\"style-css-av-kq243i-a1e9a21ca603e805646e612c93246e16\">\n.avia-image-container.av-kq243i-a1e9a21ca603e805646e612c93246e16 img.avia_image{\nbox-shadow:none;\n}\n.avia-image-container.av-kq243i-a1e9a21ca603e805646e612c93246e16 .av-image-caption-overlay-center{\ncolor:#ffffff;\n}\n<\/style>\n<div  class='avia-image-container av-kq243i-a1e9a21ca603e805646e612c93246e16 av-styling- avia-align-center  avia-builder-el-2  avia-builder-el-no-sibling '   itemprop=\"image\" itemscope=\"itemscope\" itemtype=\"https:\/\/schema.org\/ImageObject\" ><div class=\"avia-image-container-inner\"><div class=\"avia-image-overlay-wrap\"><a href=\"https:\/\/aulaabierta.arasaac.org\/fr\/tools-online-arasaac\" class='avia_image' ><img decoding=\"async\" class='wp-image-24688 avia-img-lazy-loading-not-24688 avia_image ' src=\"https:\/\/aulaabierta.arasaac.org\/wp-content\/uploads\/2017\/01\/web-180x180.png\" alt='' title='web'  height=\"180\" width=\"180\"  itemprop=\"thumbnailUrl\" srcset=\"https:\/\/aulaabierta.arasaac.org\/wp-content\/uploads\/2017\/01\/web-180x180.png 180w, https:\/\/aulaabierta.arasaac.org\/wp-content\/uploads\/2017\/01\/web-80x80.png 80w, https:\/\/aulaabierta.arasaac.org\/wp-content\/uploads\/2017\/01\/web-300x300.png 300w, https:\/\/aulaabierta.arasaac.org\/wp-content\/uploads\/2017\/01\/web-36x36.png 36w, https:\/\/aulaabierta.arasaac.org\/wp-content\/uploads\/2017\/01\/web-120x120.png 120w, https:\/\/aulaabierta.arasaac.org\/wp-content\/uploads\/2017\/01\/web-450x450.png 450w, https:\/\/aulaabierta.arasaac.org\/wp-content\/uploads\/2017\/01\/web.png 500w\" sizes=\"(max-width: 180px) 100vw, 180px\" \/><\/a><\/div><\/div><\/div>\n<\/div><\/div>\n<style type=\"text\/css\" data-created_by=\"avia_inline_auto\" id=\"style-css-av-io55ce-3132d39c947e4f421c2d2b4aab2696bc\">\n.flex_cell.av-io55ce-3132d39c947e4f421c2d2b4aab2696bc{\nvertical-align:middle;\n}\n.responsive #top #wrap_all .flex_cell.av-io55ce-3132d39c947e4f421c2d2b4aab2696bc{\npadding:30px 30px 30px 30px !important;\n}\n<\/style>\n<div class='flex_cell av-io55ce-3132d39c947e4f421c2d2b4aab2696bc av-gridrow-cell av_three_fourth no_margin  avia-builder-el-3  el_after_av_cell_one_fourth  avia-builder-el-last ' ><div class='flex_cell_inner'>\n<style type=\"text\/css\" data-created_by=\"avia_inline_auto\" id=\"style-css-av-grnnmm-23fec5b12af80b936033b9545597eb2b\">\n#top .av-special-heading.av-grnnmm-23fec5b12af80b936033b9545597eb2b{\npadding-bottom:0;\n}\nbody .av-special-heading.av-grnnmm-23fec5b12af80b936033b9545597eb2b .av-special-heading-tag .heading-char{\nfont-size:25px;\n}\n.av-special-heading.av-grnnmm-23fec5b12af80b936033b9545597eb2b .av-subheading{\nfont-size:15px;\n}\n<\/style>\n<div  class='av-special-heading av-grnnmm-23fec5b12af80b936033b9545597eb2b av-special-heading-h1  avia-builder-el-4  avia-builder-el-no-sibling '><h1 class='av-special-heading-tag'  itemprop=\"headline\"  >JEU DE L\u2019OIE<\/h1><div class=\"special-heading-border\"><div class=\"special-heading-inner-border\"><\/div><\/div><\/div>\n<\/div><\/div>\n<\/div><div id='after_grid_row_1'  class='main_color av_default_container_wrap container_wrap fullsize'  ><div class='container av-section-cont-open' ><div class='template-page content  av-content-full alpha units'><div class='post-entry post-entry-type-page post-entry-77722'><div class='entry-content-wrapper clearfix'>\n<section  class='av_textblock_section av-gefma6-8ff4166c375e7adc47e5a2769e303eaa'  itemscope=\"itemscope\" itemtype=\"https:\/\/schema.org\/CreativeWork\" ><div class='avia_textblock'  itemprop=\"text\" ><h6 style=\"text-align: center;\"><img loading=\"lazy\" decoding=\"async\" class=\"aligncenter size-full wp-image-932\" src=\"https:\/\/aulaabierta.arasaac.org\/wp-content\/uploads\/2016\/12\/by-nc-sa.eu_petit.png\" alt=\"\" width=\"118\" height=\"41\">Cette \u0153uvre est sous licence <a href=\"http:\/\/creativecommons.org\/licenses\/by-nc-sa\/4.0\/\" rel=\"license\">Creative Commons Attribution-NonComercial-ShareAlike 4.0 International.<\/a><\/h6>\n<hr>\n<\/div><\/section>\n\n<style type=\"text\/css\" data-created_by=\"avia_inline_auto\" id=\"style-css-av-1divri-65719a13d3a3c8c111316c4500e9679b\">\n#top .av_textblock_section.av-1divri-65719a13d3a3c8c111316c4500e9679b .avia_textblock{\nfont-size:16px;\n}\n<\/style>\n<section  class='av_textblock_section av-1divri-65719a13d3a3c8c111316c4500e9679b'  itemscope=\"itemscope\" itemtype=\"https:\/\/schema.org\/CreativeWork\" ><div class='avia_textblock'  itemprop=\"text\" ><p>Le <a href=\"http:\/\/antiguo.arasaac.org\/herramientas.php\" target=\"_blank\" rel=\"noopener\"><strong>Goose Game<\/strong><\/a>, comme le g\u00e9n\u00e9rateur de bingo, nous permet de cr\u00e9er facilement un <strong>plateau Goose<\/strong>, avec les pictogrammes que nous avons s\u00e9lectionn\u00e9s, que nous pouvons imprimer et utiliser avec nos \u00e9l\u00e8ves.<\/p>\n<p>De mani\u00e8re ludique, vous pourrez travailler sur des aspects li\u00e9s aux champs s\u00e9mantiques, math\u00e9matiques (nombres, cases \u00e0 compter, &#8230;), attention, concentration, &#8230;<\/p>\n<p><img loading=\"lazy\" decoding=\"async\" class=\"aligncenter\" src=\"http:\/\/3.bp.blogspot.com\/-q-QeoAVc-Pw\/UI1Y3W7HsPI\/AAAAAAAAFso\/yvlKprydB8M\/s1600\/OCA.png\" width=\"728\" height=\"232\"><\/p>\n<p>La manipulation de cet outil est tr\u00e8s similaire \u00e0 celle expliqu\u00e9e ci-dessus pour le Bingo Creator.<\/p>\n<p>\u00c0 <strong>l&rsquo;\u00e9tape 1<\/strong> nous devons rechercher les pictogrammes que nous allons inclure dans notre jeu de l&rsquo;oie et les ajouter \u00e0 notre s\u00e9lection (voir \u00ab <a href=\"https:\/\/aulaabierta.arasaac.org\/fr\/outils-en-ligne-ma-selection\">Le dossier Ma s\u00e9lection<\/a> \u00bb et \u00ab <a href=\"https:\/\/aulaabierta.arasaac.org\/fr\/outils-en-ligne-portefeuille-travail\">Dossier de travail<\/a>\u00bb). Nous aurons besoin de<strong>41 pictogrammes diff\u00e9rents<\/strong>, si nous voulons qu&rsquo;ils ne se r\u00e9p\u00e8tent pas. Le reste des box est configur\u00e9 par d\u00e9faut pour tous les jeux que nous cr\u00e9ons. Il n&rsquo;est pas n\u00e9cessaire d&rsquo;introduire ni ponts, ni oies, ni prison, &#8230;<\/p>\n<p><img decoding=\"async\" class=\"aligncenter\" src=\"https:\/\/lh6.googleusercontent.com\/-EXML7nP_M64\/UiW27Zkk16I\/AAAAAAAABGI\/eJ3iOYQtn2E\/w1043-h466-no\/oca_1.png\" width=\"800\"><\/p>\n<p>Une fois les pictogrammes que nous allons utiliser \u00e0<strong>l&rsquo;\u00e9tape 1<\/strong> s\u00e9lectionn\u00e9s, nous cliquons sur l&rsquo;onglet <strong>\u00c9tape 2<\/strong> et la fen\u00eatre suivante appara\u00eet :<\/p>\n<p><img decoding=\"async\" class=\"aligncenter\" src=\"https:\/\/lh4.googleusercontent.com\/-OGCyMqYg_9c\/UekWrhwVuCI\/AAAAAAAAAus\/bs58gd0D4Cs\/w576-h370-no\/juego_oca_paso_2.png\"><\/p>\n<div class=\"separator\">Dans cette deuxi\u00e8me \u00e9tape, vous pouvez configurer la <strong>taille du papier<\/strong>, l&rsquo;<strong>\u00e9nonciation<\/strong> de notre planche et certains <strong>aspects visuels<\/strong> li\u00e9s aux bords. Appuyer sur le bouton <strong>Generate Goose Board<\/strong> g\u00e9n\u00e8re un <strong>document RTF<\/strong> qui peut \u00eatre ouvert et modifi\u00e9 avec <strong>Microsoft Word<\/strong> ou <strong>Open Office<\/strong> avant l&rsquo;impression.<\/div>\n<p><img decoding=\"async\" class=\"aligncenter\" src=\"http:\/\/3.bp.blogspot.com\/-VTdnDv38coY\/UI1XMzXDb0I\/AAAAAAAAFsg\/470s2Uplw6s\/s1600\/oca.jpg\"><\/p>\n<\/div><\/section>\n<\/div><\/div><\/div><!-- close content main div --><\/div><\/div><div id='av-layout-grid-2'  class='av-layout-grid-container av-c4ma5a-a3095d23d61483691f20c466c593e155 entry-content-wrapper main_color av-flex-cells  avia-builder-el-7  el_after_av_textblock  avia-builder-el-last  grid-row-not-first  container_wrap fullsize'  >\n\n<style type=\"text\/css\" data-created_by=\"avia_inline_auto\" id=\"style-css-av-a4wu1q-f48afcc7e05825d5d76fc83603db7064\">\n.flex_cell.av-a4wu1q-f48afcc7e05825d5d76fc83603db7064{\nvertical-align:top;\n}\n.responsive #top #wrap_all .flex_cell.av-a4wu1q-f48afcc7e05825d5d76fc83603db7064{\npadding:30px 30px 30px 30px !important;\n}\n<\/style>\n<div class='flex_cell av-a4wu1q-f48afcc7e05825d5d76fc83603db7064 av-gridrow-cell av_one_fifth no_margin  avia-builder-el-8  el_before_av_cell_one_fifth  avia-builder-el-first ' ><div class='flex_cell_inner'><\/div><\/div>\n<style type=\"text\/css\" data-created_by=\"avia_inline_auto\" id=\"style-css-av-8vqodq-c077d16cba5cd5fa17c80b932c8d2b17\">\n.flex_cell.av-8vqodq-c077d16cba5cd5fa17c80b932c8d2b17{\nvertical-align:top;\n}\n.responsive #top #wrap_all .flex_cell.av-8vqodq-c077d16cba5cd5fa17c80b932c8d2b17{\npadding:30px 30px 30px 30px !important;\n}\n<\/style>\n<div class='flex_cell av-8vqodq-c077d16cba5cd5fa17c80b932c8d2b17 av-gridrow-cell av_one_fifth no_margin  avia-builder-el-9  el_after_av_cell_one_fifth  el_before_av_cell_one_fifth ' ><div class='flex_cell_inner'><\/div><\/div>\n<style type=\"text\/css\" data-created_by=\"avia_inline_auto\" id=\"style-css-av-76b66m-ac888e4cb83366ac5a72620c373c242c\">\n.flex_cell.av-76b66m-ac888e4cb83366ac5a72620c373c242c{\nvertical-align:top;\n}\n.responsive #top #wrap_all .flex_cell.av-76b66m-ac888e4cb83366ac5a72620c373c242c{\npadding:30px 30px 30px 30px !important;\n}\n<\/style>\n<div class='flex_cell av-76b66m-ac888e4cb83366ac5a72620c373c242c av-gridrow-cell av_one_fifth no_margin  avia-builder-el-10  el_after_av_cell_one_fifth  el_before_av_cell_one_fifth ' ><div class='flex_cell_inner'>\n<style type=\"text\/css\" data-created_by=\"avia_inline_auto\" id=\"style-css-av-56qfu6-2cb4c83cfef430f327ae8a853ce36a4b\">\n.avia-image-container.av-56qfu6-2cb4c83cfef430f327ae8a853ce36a4b img.avia_image{\nbox-shadow:none;\n}\n.avia-image-container.av-56qfu6-2cb4c83cfef430f327ae8a853ce36a4b .av-image-caption-overlay-center{\ncolor:#ffffff;\n}\n<\/style>\n<div  class='avia-image-container av-56qfu6-2cb4c83cfef430f327ae8a853ce36a4b av-styling- avia-align-center  avia-builder-el-11  avia-builder-el-no-sibling '   itemprop=\"image\" itemscope=\"itemscope\" itemtype=\"https:\/\/schema.org\/ImageObject\" ><div class=\"avia-image-container-inner\"><div class=\"avia-image-overlay-wrap\"><a href=\"https:\/\/aulaabierta.arasaac.org\/fr\/tools-online-arasaac\" class='avia_image' ><img decoding=\"async\" class='wp-image-23498 avia-img-lazy-loading-not-23498 avia_image ' src=\"https:\/\/aulaabierta.arasaac.org\/wp-content\/uploads\/2016\/12\/casa-80x80.png\" alt='' title='Commencement'  height=\"80\" width=\"80\"  itemprop=\"thumbnailUrl\" srcset=\"https:\/\/aulaabierta.arasaac.org\/wp-content\/uploads\/2016\/12\/casa-80x80.png 80w, https:\/\/aulaabierta.arasaac.org\/wp-content\/uploads\/2016\/12\/casa-300x300.png 300w, https:\/\/aulaabierta.arasaac.org\/wp-content\/uploads\/2016\/12\/casa-36x36.png 36w, https:\/\/aulaabierta.arasaac.org\/wp-content\/uploads\/2016\/12\/casa-180x180.png 180w, https:\/\/aulaabierta.arasaac.org\/wp-content\/uploads\/2016\/12\/casa-120x120.png 120w, https:\/\/aulaabierta.arasaac.org\/wp-content\/uploads\/2016\/12\/casa-450x450.png 450w, https:\/\/aulaabierta.arasaac.org\/wp-content\/uploads\/2016\/12\/casa.png 500w\" sizes=\"(max-width: 80px) 100vw, 80px\" \/><\/a><\/div><\/div><\/div>\n<\/div><\/div>\n<style type=\"text\/css\" data-created_by=\"avia_inline_auto\" id=\"style-css-av-3pk032-dc9ca651236c322383b952feb8348c7d\">\n.flex_cell.av-3pk032-dc9ca651236c322383b952feb8348c7d{\nvertical-align:top;\n}\n.responsive #top #wrap_all .flex_cell.av-3pk032-dc9ca651236c322383b952feb8348c7d{\npadding:30px 30px 30px 30px !important;\n}\n<\/style>\n<div class='flex_cell av-3pk032-dc9ca651236c322383b952feb8348c7d av-gridrow-cell av_one_fifth no_margin  avia-builder-el-12  el_after_av_cell_one_fifth  el_before_av_cell_one_fifth ' ><div class='flex_cell_inner'><\/div><\/div>\n<style type=\"text\/css\" data-created_by=\"avia_inline_auto\" id=\"style-css-av-3935hq-1ce30bc258b1189ae61dc8e786c6a600\">\n.flex_cell.av-3935hq-1ce30bc258b1189ae61dc8e786c6a600{\nvertical-align:top;\n}\n.responsive #top #wrap_all .flex_cell.av-3935hq-1ce30bc258b1189ae61dc8e786c6a600{\npadding:30px 30px 30px 30px !important;\n}\n<\/style>\n<div class='flex_cell av-3935hq-1ce30bc258b1189ae61dc8e786c6a600 av-gridrow-cell av_one_fifth no_margin  avia-builder-el-13  el_after_av_cell_one_fifth  avia-builder-el-last ' ><div class='flex_cell_inner'><\/div><\/div>\n<\/div>\n","protected":false},"excerpt":{"rendered":"","protected":false},"author":5,"featured_media":0,"parent":0,"menu_order":0,"comment_status":"closed","ping_status":"closed","template":"","meta":{"om_disable_all_campaigns":false,"_monsterinsights_skip_tracking":false,"_monsterinsights_sitenote_active":false,"_monsterinsights_sitenote_note":"","_monsterinsights_sitenote_category":0,"_uf_show_specific_survey":0,"_uf_disable_surveys":false,"footnotes":""},"class_list":["post-77722","page","type-page","status-publish","hentry"],"aioseo_notices":[],"_links":{"self":[{"href":"https:\/\/aulaabierta.arasaac.org\/fr\/wp-json\/wp\/v2\/pages\/77722","targetHints":{"allow":["GET"]}}],"collection":[{"href":"https:\/\/aulaabierta.arasaac.org\/fr\/wp-json\/wp\/v2\/pages"}],"about":[{"href":"https:\/\/aulaabierta.arasaac.org\/fr\/wp-json\/wp\/v2\/types\/page"}],"author":[{"embeddable":true,"href":"https:\/\/aulaabierta.arasaac.org\/fr\/wp-json\/wp\/v2\/users\/5"}],"replies":[{"embeddable":true,"href":"https:\/\/aulaabierta.arasaac.org\/fr\/wp-json\/wp\/v2\/comments?post=77722"}],"version-history":[{"count":46,"href":"https:\/\/aulaabierta.arasaac.org\/fr\/wp-json\/wp\/v2\/pages\/77722\/revisions"}],"predecessor-version":[{"id":145044,"href":"https:\/\/aulaabierta.arasaac.org\/fr\/wp-json\/wp\/v2\/pages\/77722\/revisions\/145044"}],"wp:attachment":[{"href":"https:\/\/aulaabierta.arasaac.org\/fr\/wp-json\/wp\/v2\/media?parent=77722"}],"curies":[{"name":"wp","href":"https:\/\/api.w.org\/{rel}","templated":true}]}}