{"id":77780,"date":"2017-01-13T22:31:52","date_gmt":"2017-01-13T22:31:52","guid":{"rendered":"https:\/\/aulaabierta.arasaac.org\/herramientas-online-dominos"},"modified":"2023-02-09T11:23:00","modified_gmt":"2023-02-09T10:23:00","slug":"dominos-outils-en-ligne","status":"publish","type":"page","link":"https:\/\/aulaabierta.arasaac.org\/fr\/dominos-outils-en-ligne","title":{"rendered":"Outils en ligne &#8211; Dominos"},"content":{"rendered":"<div id='av-layout-grid-1'  class='av-layout-grid-container av-nquv6s-1a95349a5b895519defbced098c0a87f entry-content-wrapper alternate_color av-border-cells av-flex-cells  avia-builder-el-0  el_before_av_textblock  avia-builder-el-first   container_wrap fullsize'  >\n\n<style type=\"text\/css\" data-created_by=\"avia_inline_auto\" id=\"style-css-av-md43lg-4e62623d52c93aee12d467ecab6de7bc\">\n.flex_cell.av-md43lg-4e62623d52c93aee12d467ecab6de7bc{\nvertical-align:top;\n}\n.responsive #top #wrap_all .flex_cell.av-md43lg-4e62623d52c93aee12d467ecab6de7bc{\npadding:30px 30px 30px 30px !important;\n}\n<\/style>\n<div class='flex_cell av-md43lg-4e62623d52c93aee12d467ecab6de7bc av-gridrow-cell av_one_fourth no_margin  avia-builder-el-1  el_before_av_cell_three_fourth  avia-builder-el-first ' ><div class='flex_cell_inner'>\n<style type=\"text\/css\" data-created_by=\"avia_inline_auto\" id=\"style-css-av-kzfh5w-7081a7a0f5b8fb442174cb883e10d6da\">\n.avia-image-container.av-kzfh5w-7081a7a0f5b8fb442174cb883e10d6da img.avia_image{\nbox-shadow:none;\n}\n.avia-image-container.av-kzfh5w-7081a7a0f5b8fb442174cb883e10d6da .av-image-caption-overlay-center{\ncolor:#ffffff;\n}\n<\/style>\n<div  class='avia-image-container av-kzfh5w-7081a7a0f5b8fb442174cb883e10d6da av-styling- avia-align-center  avia-builder-el-2  avia-builder-el-no-sibling '   itemprop=\"image\" itemscope=\"itemscope\" itemtype=\"https:\/\/schema.org\/ImageObject\" ><div class=\"avia-image-container-inner\"><div class=\"avia-image-overlay-wrap\"><a href=\"https:\/\/aulaabierta.arasaac.org\/fr\/tools-online-arasaac\" class='avia_image' ><img decoding=\"async\" class='wp-image-24688 avia-img-lazy-loading-not-24688 avia_image ' src=\"https:\/\/aulaabierta.arasaac.org\/wp-content\/uploads\/2017\/01\/web-180x180.png\" alt='' title='web'  height=\"180\" width=\"180\"  itemprop=\"thumbnailUrl\" srcset=\"https:\/\/aulaabierta.arasaac.org\/wp-content\/uploads\/2017\/01\/web-180x180.png 180w, https:\/\/aulaabierta.arasaac.org\/wp-content\/uploads\/2017\/01\/web-80x80.png 80w, https:\/\/aulaabierta.arasaac.org\/wp-content\/uploads\/2017\/01\/web-300x300.png 300w, https:\/\/aulaabierta.arasaac.org\/wp-content\/uploads\/2017\/01\/web-36x36.png 36w, https:\/\/aulaabierta.arasaac.org\/wp-content\/uploads\/2017\/01\/web-120x120.png 120w, https:\/\/aulaabierta.arasaac.org\/wp-content\/uploads\/2017\/01\/web-450x450.png 450w, https:\/\/aulaabierta.arasaac.org\/wp-content\/uploads\/2017\/01\/web.png 500w\" sizes=\"(max-width: 180px) 100vw, 180px\" \/><\/a><\/div><\/div><\/div>\n<\/div><\/div>\n<style type=\"text\/css\" data-created_by=\"avia_inline_auto\" id=\"style-css-av-jh0o6s-e075830b9d6c97bd4944e621e3a2db64\">\n.flex_cell.av-jh0o6s-e075830b9d6c97bd4944e621e3a2db64{\nvertical-align:middle;\n}\n.responsive #top #wrap_all .flex_cell.av-jh0o6s-e075830b9d6c97bd4944e621e3a2db64{\npadding:30px 30px 30px 30px !important;\n}\n<\/style>\n<div class='flex_cell av-jh0o6s-e075830b9d6c97bd4944e621e3a2db64 av-gridrow-cell av_three_fourth no_margin  avia-builder-el-3  el_after_av_cell_one_fourth  avia-builder-el-last ' ><div class='flex_cell_inner'>\n<style type=\"text\/css\" data-created_by=\"avia_inline_auto\" id=\"style-css-av-1pyub8-f45c0ae3d21fe5931bb83c2d6b2a7852\">\n#top .av-special-heading.av-1pyub8-f45c0ae3d21fe5931bb83c2d6b2a7852{\npadding-bottom:0;\n}\nbody .av-special-heading.av-1pyub8-f45c0ae3d21fe5931bb83c2d6b2a7852 .av-special-heading-tag .heading-char{\nfont-size:25px;\n}\n.av-special-heading.av-1pyub8-f45c0ae3d21fe5931bb83c2d6b2a7852 .av-subheading{\nfont-size:15px;\n}\n<\/style>\n<div  class='av-special-heading av-1pyub8-f45c0ae3d21fe5931bb83c2d6b2a7852 av-special-heading-h1  avia-builder-el-4  avia-builder-el-no-sibling '><h1 class='av-special-heading-tag'  itemprop=\"headline\"  >DOMINOS<\/h1><div class=\"special-heading-border\"><div class=\"special-heading-inner-border\"><\/div><\/div><\/div>\n<\/div><\/div>\n<\/div><div id='after_grid_row_1'  class='main_color av_default_container_wrap container_wrap fullsize'  ><div class='container av-section-cont-open' ><div class='template-page content  av-content-full alpha units'><div class='post-entry post-entry-type-page post-entry-77780'><div class='entry-content-wrapper clearfix'>\n<section  class='av_textblock_section av-g8y038-d138bf11eb7817356be0a164624ad6c1'  itemscope=\"itemscope\" itemtype=\"https:\/\/schema.org\/CreativeWork\" ><div class='avia_textblock'  itemprop=\"text\" ><h6 style=\"text-align: center;\"><img loading=\"lazy\" decoding=\"async\" class=\"aligncenter size-full wp-image-932\" src=\"https:\/\/aulaabierta.arasaac.org\/wp-content\/uploads\/2016\/12\/by-nc-sa.eu_petit.png\" alt=\"\" width=\"118\" height=\"41\">Cette \u0153uvre est sous licence <a href=\"http:\/\/creativecommons.org\/licenses\/by-nc-sa\/4.0\/\" rel=\"license\">Creative Commons Attribution-NonComercial-ShareAlike 4.0 International.<\/a><\/h6>\n<hr>\n<\/div><\/section>\n\n<style type=\"text\/css\" data-created_by=\"avia_inline_auto\" id=\"style-css-av-dfrdtw-5608d6f5b7b3b40ceccf9dfb58d23e4d\">\n#top .av_textblock_section.av-dfrdtw-5608d6f5b7b3b40ceccf9dfb58d23e4d .avia_textblock{\nfont-size:16px;\n}\n<\/style>\n<section  class='av_textblock_section av-dfrdtw-5608d6f5b7b3b40ceccf9dfb58d23e4d'  itemscope=\"itemscope\" itemtype=\"https:\/\/schema.org\/CreativeWork\" ><div class='avia_textblock'  itemprop=\"text\" ><p>Le <a href=\"http:\/\/antiguo.arasaac.org\/herramientas.php\" target=\"_blank\" rel=\"noopener\"><strong>g\u00e9n\u00e9rateur de dominos<\/strong><\/a>, comme le g\u00e9n\u00e9rateur de bingo et le g\u00e9n\u00e9rateur d&rsquo;oies, nous permet de cr\u00e9er facilement un <strong>jeu de dominos<\/strong>, avec les pictogrammes que nous avons s\u00e9lectionn\u00e9s (voir \u00ab\u00a0<a href=\"https:\/\/aulaabierta.arasaac.org\/fr\/outils-en-ligne-ma-selection\">Mon dossier de s\u00e9lection<\/a>\u00a0\u00bb et \u00ab\u00a0<a href=\"https:\/\/aulaabierta.arasaac.org\/fr\/outils-en-ligne-portefeuille-travail\">Dossier de travail<\/a>\u00ab\u00a0), que nous pouvons imprimer. , d\u00e9couper et utiliser avec nos \u00e9l\u00e8ves.<\/p>\n<p>De mani\u00e8re ludique, vous pourrez travailler sur des aspects li\u00e9s aux champs s\u00e9mantiques, \u00e0 la lecture, aux math\u00e9matiques (nombres, compter, &#8230;), \u00e0 l&rsquo;attention, \u00e0 la concentration, &#8230;<\/p>\n<p>La manipulation de cet outil est tr\u00e8s similaire \u00e0 celle expliqu\u00e9e ci-dessus pour le Bingo Creator et le Goose Game Generator.<\/p>\n<p>\u00c0 <strong>l&rsquo;\u00e9tape 1<\/strong>, nous devrons rechercher les pictogrammes que nous allons inclure dans notre jeu de l&rsquo;oie et les ajouter \u00e0 notre s\u00e9lection. Nous aurons besoin de 6 pictogrammes ou images que nous aurons t\u00e9l\u00e9charg\u00e9s dans le dossier de travail. Si on ne s\u00e9lectionne pas 6 pictogrammes, le syst\u00e8me renverra un message d&rsquo;erreur et il ne construira pas le domino.<\/p>\n<p><img loading=\"lazy\" decoding=\"async\" class=\"aligncenter\" src=\"https:\/\/lh5.googleusercontent.com\/-hiNIlx2qTlw\/UiWo-TnKTXI\/AAAAAAAABEY\/EAuN_A6cspM\/w1044-h437-no\/domino_1.png\" width=\"880\" height=\"368\"><br \/>\nUne fois les pictogrammes que nous allons utiliser \u00e0<strong>l&rsquo;\u00e9tape 1<\/strong> s\u00e9lectionn\u00e9s, nous cliquons sur l&rsquo;onglet <strong>\u00c9tape 2<\/strong> et la fen\u00eatre suivante appara\u00eet :<\/p>\n<p><img decoding=\"async\" class=\"aligncenter\" src=\"https:\/\/lh4.googleusercontent.com\/-v80VB1D2W98\/UiWsvnBTH9I\/AAAAAAAABEs\/v9lETu6Mx-U\/w661-h443-no\/domino_2.png\"><br \/>\nDans la configuration du domino, nous pouvons \u00e9crire une <strong>d\u00e9claration<\/strong> qui sera imprim\u00e9e dessus et d\u00e9finir le type de domino que nous voulons cr\u00e9er. Les options que nous avons sont : Dans cette deuxi\u00e8me \u00e9tape, vous pouvez configurer des variables g\u00e9n\u00e9rales telles que la<strong>taille du papier<\/strong> et son <strong>orientation<\/strong>.<\/p>\n<table border=\"0\" align=\"center\">\n<tbody>\n<tr>\n<td style=\"text-align: center;\"><img decoding=\"async\" src=\"https:\/\/lh3.googleusercontent.com\/-BfkNMJ8_i_I\/UiWyBXUz1sI\/AAAAAAAABFo\/5_6EpbjIh8s\/w1044-h513-no\/puntos-pictogramas.png\" width=\"300\"><br \/>\n<strong>POINTS-PICTOGRAMME<\/strong><\/td>\n<td style=\"text-align: center;\"><img decoding=\"async\" src=\"https:\/\/lh4.googleusercontent.com\/-CGwydiPVYCE\/UiWyBD2dp9I\/AAAAAAAABFg\/BA3rDegt9oM\/w1044-h513-no\/pictograma-pictograma.png\" width=\"300\"><br \/>\n<strong>PICTOGRAMME-PICTOGRAMME<\/strong><\/td>\n<\/tr>\n<tr>\n<td style=\"text-align: center;\"><strong><img decoding=\"async\" class=\"aligncenter\" src=\"https:\/\/lh5.googleusercontent.com\/-7IBB7izsHU4\/UiWyAUaZXWI\/AAAAAAAABFQ\/EQtoQ_y2DE4\/w1044-h513-no\/numero-pictograma.png\" width=\"300\"><\/strong><br \/>\n<strong>NUM\u00c9RO-PICTOGRAMME<\/strong><\/td>\n<td><strong><img decoding=\"async\" class=\"aligncenter\" src=\"https:\/\/lh4.googleusercontent.com\/-EzlUCRFWCYQ\/UiWyApfJWPI\/AAAAAAAABFY\/Y6pCZvDwRpw\/w1044-h513-no\/pcitograma-texto.png\" width=\"300\"><\/strong><\/p>\n<p style=\"text-align: center;\"><strong>TEXTE-PICTOGRAMME<\/strong><\/p>\n<\/td>\n<\/tr>\n<tr>\n<td><strong><img decoding=\"async\" class=\"aligncenter\" src=\"https:\/\/lh6.googleusercontent.com\/-O66sl9wootE\/UiWx_vi5PfI\/AAAAAAAABFE\/wfTMrjYXRko\/w1044-h513-no\/mayusculas-minusculas.png\" width=\"300\"><\/strong><\/p>\n<p style=\"text-align: center;\"><strong>MAJUSCULES-MINUSCULES<\/strong><\/p>\n<\/td>\n<td><strong><img decoding=\"async\" class=\"aligncenter\" src=\"https:\/\/lh6.googleusercontent.com\/-Ou6nG5FN6Hs\/UiWyBqhrgnI\/AAAAAAAABFs\/K9FRrMpIy0U\/w1044-h513-no\/tradicional.png\" width=\"300\"><\/strong><\/p>\n<p style=\"text-align: center;\"><strong>TRADITIONNEL<\/strong><\/p>\n<\/td>\n<\/tr>\n<tr>\n<td style=\"text-align: center;\" colspan=\"2\"><em> Diff\u00e9rents types de dominos<\/em><\/td>\n<\/tr>\n<\/tbody>\n<\/table>\n<p>En plus du type de dominos, diff\u00e9rents aspects li\u00e9s aux carreaux peuvent \u00eatre configur\u00e9s, tels que leur <strong>orientation<\/strong> (horizontale ou verticale), leur <strong>taille<\/strong> (Normal ou Large) ou leur <strong>couleur<\/strong> (des bordures).<\/p>\n<p>Enfin, pour les dominos qui portent du<strong>texte<\/strong>, nous pouvons configurer la <strong>police<\/strong>, la <strong>taille<\/strong> et la <strong>couleur<\/strong>.<\/p>\n<p>Appuyez sur le bouton <strong>G\u00e9n\u00e9rer des dominos<\/strong> pour g\u00e9n\u00e9rer un <strong>document RTF<\/strong> qui peut \u00eatre ouvert et modifi\u00e9 avec <strong>Microsoft Word<\/strong> ou<strong>Open Office<\/strong> avant l&rsquo;impression.<\/p>\n<\/div><\/section>\n<\/div><\/div><\/div><!-- close content main div --><\/div><\/div><div id='av-layout-grid-2'  class='av-layout-grid-container av-cme2k4-6d306a55202574abb141cee5f70b9eca entry-content-wrapper main_color av-flex-cells  avia-builder-el-7  el_after_av_textblock  avia-builder-el-last  grid-row-not-first  container_wrap fullsize'  >\n\n<style type=\"text\/css\" data-created_by=\"avia_inline_auto\" id=\"style-css-av-afka2c-372fa80501737182875a05ae36866527\">\n.flex_cell.av-afka2c-372fa80501737182875a05ae36866527{\nvertical-align:top;\n}\n.responsive #top #wrap_all .flex_cell.av-afka2c-372fa80501737182875a05ae36866527{\npadding:30px 30px 30px 30px !important;\n}\n<\/style>\n<div class='flex_cell av-afka2c-372fa80501737182875a05ae36866527 av-gridrow-cell av_one_fifth no_margin  avia-builder-el-8  el_before_av_cell_one_fifth  avia-builder-el-first ' ><div class='flex_cell_inner'><\/div><\/div>\n<style type=\"text\/css\" data-created_by=\"avia_inline_auto\" id=\"style-css-av-9euwmc-40e51383102e01542fcb2bcf470165a3\">\n.flex_cell.av-9euwmc-40e51383102e01542fcb2bcf470165a3{\nvertical-align:top;\n}\n.responsive #top #wrap_all .flex_cell.av-9euwmc-40e51383102e01542fcb2bcf470165a3{\npadding:30px 30px 30px 30px !important;\n}\n<\/style>\n<div class='flex_cell av-9euwmc-40e51383102e01542fcb2bcf470165a3 av-gridrow-cell av_one_fifth no_margin  avia-builder-el-9  el_after_av_cell_one_fifth  el_before_av_cell_one_fifth ' ><div class='flex_cell_inner'><\/div><\/div>\n<style type=\"text\/css\" data-created_by=\"avia_inline_auto\" id=\"style-css-av-7s3un8-9205e299df9f8cf0e379d3cb3547741b\">\n.flex_cell.av-7s3un8-9205e299df9f8cf0e379d3cb3547741b{\nvertical-align:top;\n}\n.responsive #top #wrap_all .flex_cell.av-7s3un8-9205e299df9f8cf0e379d3cb3547741b{\npadding:30px 30px 30px 30px !important;\n}\n<\/style>\n<div class='flex_cell av-7s3un8-9205e299df9f8cf0e379d3cb3547741b av-gridrow-cell av_one_fifth no_margin  avia-builder-el-10  el_after_av_cell_one_fifth  el_before_av_cell_one_fifth ' ><div class='flex_cell_inner'>\n<style type=\"text\/css\" data-created_by=\"avia_inline_auto\" id=\"style-css-av-5j0m1w-4315cf402425259c6791f2e97cdbbd44\">\n.avia-image-container.av-5j0m1w-4315cf402425259c6791f2e97cdbbd44 img.avia_image{\nbox-shadow:none;\n}\n.avia-image-container.av-5j0m1w-4315cf402425259c6791f2e97cdbbd44 .av-image-caption-overlay-center{\ncolor:#ffffff;\n}\n<\/style>\n<div  class='avia-image-container av-5j0m1w-4315cf402425259c6791f2e97cdbbd44 av-styling- avia-align-center  avia-builder-el-11  avia-builder-el-no-sibling '   itemprop=\"image\" itemscope=\"itemscope\" itemtype=\"https:\/\/schema.org\/ImageObject\" ><div class=\"avia-image-container-inner\"><div class=\"avia-image-overlay-wrap\"><a href=\"https:\/\/aulaabierta.arasaac.org\/fr\/tools-online-arasaac\" class='avia_image' ><img decoding=\"async\" class='wp-image-23498 avia-img-lazy-loading-not-23498 avia_image ' src=\"https:\/\/aulaabierta.arasaac.org\/wp-content\/uploads\/2016\/12\/casa-80x80.png\" alt='' title='Commencement'  height=\"80\" width=\"80\"  itemprop=\"thumbnailUrl\" srcset=\"https:\/\/aulaabierta.arasaac.org\/wp-content\/uploads\/2016\/12\/casa-80x80.png 80w, https:\/\/aulaabierta.arasaac.org\/wp-content\/uploads\/2016\/12\/casa-300x300.png 300w, https:\/\/aulaabierta.arasaac.org\/wp-content\/uploads\/2016\/12\/casa-36x36.png 36w, https:\/\/aulaabierta.arasaac.org\/wp-content\/uploads\/2016\/12\/casa-180x180.png 180w, https:\/\/aulaabierta.arasaac.org\/wp-content\/uploads\/2016\/12\/casa-120x120.png 120w, https:\/\/aulaabierta.arasaac.org\/wp-content\/uploads\/2016\/12\/casa-450x450.png 450w, https:\/\/aulaabierta.arasaac.org\/wp-content\/uploads\/2016\/12\/casa.png 500w\" sizes=\"(max-width: 80px) 100vw, 80px\" \/><\/a><\/div><\/div><\/div>\n<\/div><\/div>\n<style type=\"text\/css\" data-created_by=\"avia_inline_auto\" id=\"style-css-av-44qzg4-a890231e7adc35b1985f5db1224ad582\">\n.flex_cell.av-44qzg4-a890231e7adc35b1985f5db1224ad582{\nvertical-align:top;\n}\n.responsive #top #wrap_all .flex_cell.av-44qzg4-a890231e7adc35b1985f5db1224ad582{\npadding:30px 30px 30px 30px !important;\n}\n<\/style>\n<div class='flex_cell av-44qzg4-a890231e7adc35b1985f5db1224ad582 av-gridrow-cell av_one_fifth no_margin  avia-builder-el-12  el_after_av_cell_one_fifth  el_before_av_cell_one_fifth ' ><div class='flex_cell_inner'><\/div><\/div>\n<style type=\"text\/css\" data-created_by=\"avia_inline_auto\" id=\"style-css-av-2cmllg-b048ce03780ff6d1a0cc4e2027f91822\">\n.flex_cell.av-2cmllg-b048ce03780ff6d1a0cc4e2027f91822{\nvertical-align:top;\n}\n.responsive #top #wrap_all .flex_cell.av-2cmllg-b048ce03780ff6d1a0cc4e2027f91822{\npadding:30px 30px 30px 30px !important;\n}\n<\/style>\n<div class='flex_cell av-2cmllg-b048ce03780ff6d1a0cc4e2027f91822 av-gridrow-cell av_one_fifth no_margin  avia-builder-el-13  el_after_av_cell_one_fifth  avia-builder-el-last ' ><div class='flex_cell_inner'><\/div><\/div>\n<\/div>\n","protected":false},"excerpt":{"rendered":"","protected":false},"author":5,"featured_media":0,"parent":0,"menu_order":0,"comment_status":"closed","ping_status":"closed","template":"","meta":{"om_disable_all_campaigns":false,"_monsterinsights_skip_tracking":false,"_monsterinsights_sitenote_active":false,"_monsterinsights_sitenote_note":"","_monsterinsights_sitenote_category":0,"_uf_show_specific_survey":0,"_uf_disable_surveys":false,"footnotes":""},"class_list":["post-77780","page","type-page","status-publish","hentry"],"aioseo_notices":[],"_links":{"self":[{"href":"https:\/\/aulaabierta.arasaac.org\/fr\/wp-json\/wp\/v2\/pages\/77780","targetHints":{"allow":["GET"]}}],"collection":[{"href":"https:\/\/aulaabierta.arasaac.org\/fr\/wp-json\/wp\/v2\/pages"}],"about":[{"href":"https:\/\/aulaabierta.arasaac.org\/fr\/wp-json\/wp\/v2\/types\/page"}],"author":[{"embeddable":true,"href":"https:\/\/aulaabierta.arasaac.org\/fr\/wp-json\/wp\/v2\/users\/5"}],"replies":[{"embeddable":true,"href":"https:\/\/aulaabierta.arasaac.org\/fr\/wp-json\/wp\/v2\/comments?post=77780"}],"version-history":[{"count":14,"href":"https:\/\/aulaabierta.arasaac.org\/fr\/wp-json\/wp\/v2\/pages\/77780\/revisions"}],"predecessor-version":[{"id":136875,"href":"https:\/\/aulaabierta.arasaac.org\/fr\/wp-json\/wp\/v2\/pages\/77780\/revisions\/136875"}],"wp:attachment":[{"href":"https:\/\/aulaabierta.arasaac.org\/fr\/wp-json\/wp\/v2\/media?parent=77780"}],"curies":[{"name":"wp","href":"https:\/\/api.w.org\/{rel}","templated":true}]}}