{"id":79099,"date":"2021-09-23T10:18:08","date_gmt":"2021-09-23T09:18:08","guid":{"rendered":"https:\/\/aulaabierta.arasaac.org\/creador_menus_pictogramas"},"modified":"2023-02-09T11:25:02","modified_gmt":"2023-02-09T10:25:02","slug":"createur_menus_pictogrammes","status":"publish","type":"page","link":"https:\/\/aulaabierta.arasaac.org\/fr\/createur_menus_pictogrammes","title":{"rendered":"Cr\u00e9ateur de menu avec pictogrammes"},"content":{"rendered":"\n<style type=\"text\/css\" data-created_by=\"avia_inline_auto\" id=\"style-css-av-av_heading-7eb8925ff7f64ea412b7ca0025657621\">\n#top .av-special-heading.av-av_heading-7eb8925ff7f64ea412b7ca0025657621{\npadding-bottom:0;\n}\nbody .av-special-heading.av-av_heading-7eb8925ff7f64ea412b7ca0025657621 .av-special-heading-tag .heading-char{\nfont-size:25px;\n}\n.av-special-heading.av-av_heading-7eb8925ff7f64ea412b7ca0025657621 .av-subheading{\nfont-size:15px;\n}\n<\/style>\n<div  class='av-special-heading av-av_heading-7eb8925ff7f64ea412b7ca0025657621 av-special-heading-h2  avia-builder-el-0  el_before_av_layout_row  avia-builder-el-no-sibling '><h2 class='av-special-heading-tag'  itemprop=\"headline\"  >Cr\u00e9ateur de menu avec pictogrammes<\/h2><div class=\"special-heading-border\"><div class=\"special-heading-inner-border\"><\/div><\/div><\/div>\n<\/div><\/div><\/div><!-- close content main div --><\/div><\/div><div id='av-layout-grid-1'  class='av-layout-grid-container av-1f7o1s6-db6d9e77dfd9f4333ecbb4e6684e1392 entry-content-wrapper main_color av-flex-cells  avia-builder-el-1  el_after_av_heading  el_before_av_heading  grid-row-not-first  container_wrap fullsize'  >\n\n<style type=\"text\/css\" data-created_by=\"avia_inline_auto\" id=\"style-css-av-1di198m-9cd7a1f5001c277e80b7fbf75972e50d\">\n.flex_cell.av-1di198m-9cd7a1f5001c277e80b7fbf75972e50d{\nvertical-align:top;\n}\n.responsive #top #wrap_all .flex_cell.av-1di198m-9cd7a1f5001c277e80b7fbf75972e50d{\npadding:30px 30px 30px 30px !important;\n}\n<\/style>\n<div class='flex_cell av-1di198m-9cd7a1f5001c277e80b7fbf75972e50d av-gridrow-cell av_three_fourth no_margin  avia-builder-el-2  el_before_av_cell_one_fourth  avia-builder-el-first ' ><div class='flex_cell_inner'><p>\n<style type=\"text\/css\" data-created_by=\"avia_inline_auto\" id=\"style-css-av-2qgiifu-901e1627e064fec271596f51790bbbea\">\n#top .av-special-heading.av-2qgiifu-901e1627e064fec271596f51790bbbea{\npadding-bottom:10px;\n}\nbody .av-special-heading.av-2qgiifu-901e1627e064fec271596f51790bbbea .av-special-heading-tag .heading-char{\nfont-size:25px;\n}\n.av-special-heading.av-2qgiifu-901e1627e064fec271596f51790bbbea .av-subheading{\nfont-size:15px;\n}\n<\/style>\n<div  class='av-special-heading av-2qgiifu-901e1627e064fec271596f51790bbbea av-special-heading-h3  avia-builder-el-3  el_before_av_textblock  avia-builder-el-first '><h3 class='av-special-heading-tag'  itemprop=\"headline\"  >Qu\u2019est-ce que c\u2019est?<\/h3><div class=\"special-heading-border\"><div class=\"special-heading-inner-border\"><\/div><\/div><\/div><br \/>\n\n<style type=\"text\/css\" data-created_by=\"avia_inline_auto\" id=\"style-css-av-19c98l2-e52de773ac125508d1414de926584d0f\">\n#top .av_textblock_section.av-19c98l2-e52de773ac125508d1414de926584d0f .avia_textblock{\nfont-size:14px;\n}\n<\/style>\n<section  class='av_textblock_section av-19c98l2-e52de773ac125508d1414de926584d0f'  itemscope=\"itemscope\" itemtype=\"https:\/\/schema.org\/CreativeWork\" ><div class='avia_textblock'  itemprop=\"text\" ><p>Le <a href=\"https:\/\/www.salidasinclusivas.com\/\" target=\"_blank\" rel=\"noopener\"><strong>Cr\u00e9ateur de Menus adapt\u00e9s avec des pictogrammes<\/strong><\/a> est une initiative du Collectif <strong>Salidas Inclusivas<\/strong>,en collaboration avec <strong>SHIFTA<\/strong> et <strong>Microsoft.<\/strong><\/p>\n<p>Cet outil en ligne totalement gratuit et sans publicit\u00e9 permet, apr\u00e8s inscription, de cr\u00e9er des menus et des cartes adapt\u00e9s aux pictogrammes.<\/p>\n<p>Pour ce faire, nous pouvons ajouter les diff\u00e9rents plats qui composent le menu, les ingr\u00e9dients fondamentaux de chacun et \u00e9tablir un prix en Euros ou pesos.<\/p>\n<p>Une fois que nous avons la lettre inclusive pr\u00eate, nous pouvons g\u00e9n\u00e9rer un PDF et l\u2019imprimer.<\/p>\n<p>L\u2019outil se connecte directement \u00e0 l\u2019API ARASAAC afin que le catalogue total de pictogrammes disponibles \u00e0 ce moment-l\u00e0 (+12 000 pictogrammes) soit disponible.<\/p>\n<\/div><\/section><br \/>\n\n<style type=\"text\/css\" data-created_by=\"avia_inline_auto\" id=\"style-css-av-18ba07a-d41b19b768f2afc37b0c2be94281f335\">\n.avia-image-container.av-18ba07a-d41b19b768f2afc37b0c2be94281f335 img.avia_image{\nbox-shadow:none;\n}\n.avia-image-container.av-18ba07a-d41b19b768f2afc37b0c2be94281f335 .av-image-caption-overlay-center{\ncolor:#ffffff;\n}\n<\/style>\n<div  class='avia-image-container av-18ba07a-d41b19b768f2afc37b0c2be94281f335 av-styling- avia-align-center  avia-builder-el-5  el_after_av_textblock  el_before_av_heading '   itemprop=\"image\" itemscope=\"itemscope\" itemtype=\"https:\/\/schema.org\/ImageObject\" ><div class=\"avia-image-container-inner\"><div class=\"avia-image-overlay-wrap\"><a href=\"https:\/\/www.salidasinclusivas.com\/\" class='avia_image' target=\"_blank\" rel=\"noopener noreferrer\"><img decoding=\"async\" class='wp-image-65469 avia-img-lazy-loading-not-65469 avia_image ' src=\"https:\/\/aulaabierta.arasaac.org\/wp-content\/uploads\/2021\/09\/cocinero.png\" alt='' title='cocinero'  height=\"363\" width=\"414\"  itemprop=\"thumbnailUrl\" srcset=\"https:\/\/aulaabierta.arasaac.org\/wp-content\/uploads\/2021\/09\/cocinero.png 414w, https:\/\/aulaabierta.arasaac.org\/wp-content\/uploads\/2021\/09\/cocinero-300x263.png 300w\" sizes=\"(max-width: 414px) 100vw, 414px\" \/><\/a><\/div><\/div><\/div><br \/>\n\n<style type=\"text\/css\" data-created_by=\"avia_inline_auto\" id=\"style-css-av-27uf52y-73a744f32aa4f323ae309d1edebf7194\">\n#top .av-special-heading.av-27uf52y-73a744f32aa4f323ae309d1edebf7194{\npadding-bottom:10px;\n}\nbody .av-special-heading.av-27uf52y-73a744f32aa4f323ae309d1edebf7194 .av-special-heading-tag .heading-char{\nfont-size:25px;\n}\n.av-special-heading.av-27uf52y-73a744f32aa4f323ae309d1edebf7194 .av-subheading{\nfont-size:15px;\n}\n<\/style>\n<div  class='av-special-heading av-27uf52y-73a744f32aa4f323ae309d1edebf7194 av-special-heading-h3  avia-builder-el-6  el_after_av_image  el_before_av_textblock '><h3 class='av-special-heading-tag'  itemprop=\"headline\"  >Page Web<\/h3><div class=\"special-heading-border\"><div class=\"special-heading-inner-border\"><\/div><\/div><\/div><br \/>\n\n<style type=\"text\/css\" data-created_by=\"avia_inline_auto\" id=\"style-css-av-1099z5i-9e4bd94b8c01e9a2aa32a566f5ff9065\">\n#top .av_textblock_section.av-1099z5i-9e4bd94b8c01e9a2aa32a566f5ff9065 .avia_textblock{\nfont-size:14px;\n}\n<\/style>\n<section  class='av_textblock_section av-1099z5i-9e4bd94b8c01e9a2aa32a566f5ff9065'  itemscope=\"itemscope\" itemtype=\"https:\/\/schema.org\/CreativeWork\" ><div class='avia_textblock'  itemprop=\"text\" ><p>Page web de l&rsquo;application :<\/p>\n<p><a href=\"https:\/\/www.salidasinclusivas.com\/\" target=\"_blank\" rel=\"noopener\">https:\/\/www.salidasinclusivas.com\/<\/a><\/p>\n<\/div><\/section><\/p>\n<\/div><\/div>\n<style type=\"text\/css\" data-created_by=\"avia_inline_auto\" id=\"style-css-av-3d7ayu-ec7ee9c9067d2d86aad5abcd9b8d19d7\">\n.flex_cell.av-3d7ayu-ec7ee9c9067d2d86aad5abcd9b8d19d7{\nvertical-align:top;\n}\n.responsive #top #wrap_all .flex_cell.av-3d7ayu-ec7ee9c9067d2d86aad5abcd9b8d19d7{\npadding:30px 30px 30px 30px !important;\n}\n<\/style>\n<div class='flex_cell av-3d7ayu-ec7ee9c9067d2d86aad5abcd9b8d19d7 av-gridrow-cell av_one_fourth no_margin  avia-builder-el-8  el_after_av_cell_three_fourth  avia-builder-el-last ' ><div class='flex_cell_inner'><p>\n<style type=\"text\/css\" data-created_by=\"avia_inline_auto\" id=\"style-css-av-1jmfohm-72a88df853a8adc72cf6b9d0f2204e59\">\n#top .av-special-heading.av-1jmfohm-72a88df853a8adc72cf6b9d0f2204e59{\npadding-bottom:10px;\n}\nbody .av-special-heading.av-1jmfohm-72a88df853a8adc72cf6b9d0f2204e59 .av-special-heading-tag .heading-char{\nfont-size:25px;\n}\n.av-special-heading.av-1jmfohm-72a88df853a8adc72cf6b9d0f2204e59 .av-subheading{\nfont-size:15px;\n}\n<\/style>\n<div  class='av-special-heading av-1jmfohm-72a88df853a8adc72cf6b9d0f2204e59 av-special-heading-h3  avia-builder-el-9  el_before_av_image  avia-builder-el-first '><h3 class='av-special-heading-tag'  itemprop=\"headline\"  >Syst\u00e8mes d\u2019exploitation<\/h3><div class=\"special-heading-border\"><div class=\"special-heading-inner-border\"><\/div><\/div><\/div><br \/>\n\n<style type=\"text\/css\" data-created_by=\"avia_inline_auto\" id=\"style-css-av-u508h2-5b5ea9effc371e62a94daefc73703a89\">\n.avia-image-container.av-u508h2-5b5ea9effc371e62a94daefc73703a89 img.avia_image{\nbox-shadow:none;\n}\n.avia-image-container.av-u508h2-5b5ea9effc371e62a94daefc73703a89 .av-image-caption-overlay-center{\ncolor:#ffffff;\n}\n<\/style>\n<div  class='avia-image-container av-u508h2-5b5ea9effc371e62a94daefc73703a89 av-styling- avia-align-center  avia-builder-el-10  el_after_av_heading  el_before_av_heading '   itemprop=\"image\" itemscope=\"itemscope\" itemtype=\"https:\/\/schema.org\/ImageObject\" ><div class=\"avia-image-container-inner\"><div class=\"avia-image-overlay-wrap\"><a href=\"https:\/\/www.salidasinclusivas.com\/\" class='avia_image' target=\"_blank\" rel=\"noopener noreferrer\"><img decoding=\"async\" class='wp-image-24848 avia-img-lazy-loading-not-24848 avia_image ' src=\"https:\/\/aulaabierta.arasaac.org\/wp-content\/uploads\/2016\/12\/sistemas_operativos_araword.png\" alt='' title='sistemas_operativos_araword'  height=\"500\" width=\"500\"  itemprop=\"thumbnailUrl\" srcset=\"https:\/\/aulaabierta.arasaac.org\/wp-content\/uploads\/2016\/12\/sistemas_operativos_araword.png 500w, https:\/\/aulaabierta.arasaac.org\/wp-content\/uploads\/2016\/12\/sistemas_operativos_araword-80x80.png 80w, https:\/\/aulaabierta.arasaac.org\/wp-content\/uploads\/2016\/12\/sistemas_operativos_araword-300x300.png 300w, https:\/\/aulaabierta.arasaac.org\/wp-content\/uploads\/2016\/12\/sistemas_operativos_araword-36x36.png 36w, https:\/\/aulaabierta.arasaac.org\/wp-content\/uploads\/2016\/12\/sistemas_operativos_araword-180x180.png 180w, https:\/\/aulaabierta.arasaac.org\/wp-content\/uploads\/2016\/12\/sistemas_operativos_araword-120x120.png 120w, https:\/\/aulaabierta.arasaac.org\/wp-content\/uploads\/2016\/12\/sistemas_operativos_araword-450x450.png 450w\" sizes=\"(max-width: 500px) 100vw, 500px\" \/><\/a><\/div><\/div><\/div><br \/>\n\n<style type=\"text\/css\" data-created_by=\"avia_inline_auto\" id=\"style-css-av-15g51wa-8f058192cbd6cb6865e6683a3c732913\">\n#top .av-special-heading.av-15g51wa-8f058192cbd6cb6865e6683a3c732913{\npadding-bottom:10px;\n}\nbody .av-special-heading.av-15g51wa-8f058192cbd6cb6865e6683a3c732913 .av-special-heading-tag .heading-char{\nfont-size:25px;\n}\n.av-special-heading.av-15g51wa-8f058192cbd6cb6865e6683a3c732913 .av-subheading{\nfont-size:15px;\n}\n<\/style>\n<div  class='av-special-heading av-15g51wa-8f058192cbd6cb6865e6683a3c732913 av-special-heading-h3  avia-builder-el-11  el_after_av_image  el_before_av_image '><h3 class='av-special-heading-tag'  itemprop=\"headline\"  >Auteurs<\/h3><div class=\"special-heading-border\"><div class=\"special-heading-inner-border\"><\/div><\/div><\/div><br \/>\n\n<style type=\"text\/css\" data-created_by=\"avia_inline_auto\" id=\"style-css-av-u508h2-c0148880251e1d548afd3ca8d96cf37c\">\n.avia-image-container.av-u508h2-c0148880251e1d548afd3ca8d96cf37c img.avia_image{\nbox-shadow:none;\n}\n.avia-image-container.av-u508h2-c0148880251e1d548afd3ca8d96cf37c .av-image-caption-overlay-center{\ncolor:#ffffff;\n}\n<\/style>\n<div  class='avia-image-container av-u508h2-c0148880251e1d548afd3ca8d96cf37c av-styling- avia-align-center  avia-builder-el-12  el_after_av_heading  el_before_av_image '   itemprop=\"image\" itemscope=\"itemscope\" itemtype=\"https:\/\/schema.org\/ImageObject\" ><div class=\"avia-image-container-inner\"><div class=\"avia-image-overlay-wrap\"><a href=\"https:\/\/www.salidasinclusivas.com\/\" class='avia_image' target=\"_blank\" rel=\"noopener noreferrer\"><img decoding=\"async\" class='wp-image-65462 avia-img-lazy-loading-not-65462 avia_image ' src=\"https:\/\/aulaabierta.arasaac.org\/wp-content\/uploads\/2021\/09\/Title-300x300.jpg\" alt='' title='Title'  height=\"300\" width=\"300\"  itemprop=\"thumbnailUrl\" srcset=\"https:\/\/aulaabierta.arasaac.org\/wp-content\/uploads\/2021\/09\/Title-300x300.jpg 300w, https:\/\/aulaabierta.arasaac.org\/wp-content\/uploads\/2021\/09\/Title-1030x1030.jpg 1030w, https:\/\/aulaabierta.arasaac.org\/wp-content\/uploads\/2021\/09\/Title-80x80.jpg 80w, https:\/\/aulaabierta.arasaac.org\/wp-content\/uploads\/2021\/09\/Title-768x768.jpg 768w, https:\/\/aulaabierta.arasaac.org\/wp-content\/uploads\/2021\/09\/Title-36x36.jpg 36w, https:\/\/aulaabierta.arasaac.org\/wp-content\/uploads\/2021\/09\/Title-180x180.jpg 180w, https:\/\/aulaabierta.arasaac.org\/wp-content\/uploads\/2021\/09\/Title-705x705.jpg 705w, https:\/\/aulaabierta.arasaac.org\/wp-content\/uploads\/2021\/09\/Title-120x120.jpg 120w, https:\/\/aulaabierta.arasaac.org\/wp-content\/uploads\/2021\/09\/Title-450x450.jpg 450w, https:\/\/aulaabierta.arasaac.org\/wp-content\/uploads\/2021\/09\/Title-150x150.jpg 150w, https:\/\/aulaabierta.arasaac.org\/wp-content\/uploads\/2021\/09\/Title.jpg 1212w\" sizes=\"(max-width: 300px) 100vw, 300px\" \/><\/a><\/div><\/div><\/div><br \/>\n\n<style type=\"text\/css\" data-created_by=\"avia_inline_auto\" id=\"style-css-av-u508h2-3e71540b8a4881095dc3597d25bb1ceb\">\n.avia-image-container.av-u508h2-3e71540b8a4881095dc3597d25bb1ceb img.avia_image{\nbox-shadow:none;\n}\n.avia-image-container.av-u508h2-3e71540b8a4881095dc3597d25bb1ceb .av-image-caption-overlay-center{\ncolor:#ffffff;\n}\n<\/style>\n<div  class='avia-image-container av-u508h2-3e71540b8a4881095dc3597d25bb1ceb av-styling- avia-align-center  avia-builder-el-13  el_after_av_image  avia-builder-el-last '   itemprop=\"image\" itemscope=\"itemscope\" itemtype=\"https:\/\/schema.org\/ImageObject\" ><div class=\"avia-image-container-inner\"><div class=\"avia-image-overlay-wrap\"><a href=\"http:\/\/www.weareshifters.com\/\" class='avia_image' target=\"_blank\" rel=\"noopener noreferrer\"><img decoding=\"async\" class='wp-image-65457 avia-img-lazy-loading-not-65457 avia_image ' src=\"https:\/\/aulaabierta.arasaac.org\/wp-content\/uploads\/2021\/09\/SHIFTA_LOGO_581x189_01-300x98.png\" alt='' title='SHIFTA_LOGO_581x189_01'  height=\"98\" width=\"300\"  itemprop=\"thumbnailUrl\" srcset=\"https:\/\/aulaabierta.arasaac.org\/wp-content\/uploads\/2021\/09\/SHIFTA_LOGO_581x189_01-300x98.png 300w, https:\/\/aulaabierta.arasaac.org\/wp-content\/uploads\/2021\/09\/SHIFTA_LOGO_581x189_01-450x146.png 450w, https:\/\/aulaabierta.arasaac.org\/wp-content\/uploads\/2021\/09\/SHIFTA_LOGO_581x189_01.png 581w\" sizes=\"(max-width: 300px) 100vw, 300px\" \/><\/a><\/div><\/div><\/div><\/p>\n<\/div><\/div>\n<\/div><div id='after_grid_row_1'  class='main_color av_default_container_wrap container_wrap fullsize'  ><div class='container av-section-cont-open' ><div class='template-page content  av-content-full alpha units'><div class='post-entry post-entry-type-page post-entry-79099'><div class='entry-content-wrapper clearfix'>\n\n<style type=\"text\/css\" data-created_by=\"avia_inline_auto\" id=\"style-css-av-av_heading-62ee82e82c5bab510e22540419eb2260\">\n#top .av-special-heading.av-av_heading-62ee82e82c5bab510e22540419eb2260{\npadding-bottom:0;\n}\nbody .av-special-heading.av-av_heading-62ee82e82c5bab510e22540419eb2260 .av-special-heading-tag .heading-char{\nfont-size:25px;\n}\n.av-special-heading.av-av_heading-62ee82e82c5bab510e22540419eb2260 .av-subheading{\nfont-size:15px;\n}\n<\/style>\n<div  class='av-special-heading av-av_heading-62ee82e82c5bab510e22540419eb2260 av-special-heading-h3  avia-builder-el-14  el_after_av_layout_row  el_before_av_video  avia-builder-el-first '><h3 class='av-special-heading-tag'  itemprop=\"headline\"  >Videotutorial &#8211; Nous cr\u00e9ons un menu adapt\u00e9<\/h3><div class=\"special-heading-border\"><div class=\"special-heading-inner-border\"><\/div><\/div><\/div>\n<div  class='avia-video av-lt6y6y-0348e1d9fddb6925c8fff91f6eb008f5 avia-video-16-9 av-no-preview-image avia-video-load-always av-lazyload-immediate av-lazyload-video-embed'  itemprop=\"video\" itemtype=\"https:\/\/schema.org\/VideoObject\"  data-original_url='https:\/\/youtu.be\/kCVG1u2GF6U'><script type='text\/html' class='av-video-tmpl'><div class='avia-iframe-wrap'><iframe loading=\"lazy\" title=\"Salidas Inclusivas - Creador de men\u00fas adaptados con pictogramas\" width=\"1500\" height=\"844\" src=\"https:\/\/www.youtube.com\/embed\/kCVG1u2GF6U?feature=oembed&autoplay=0&loop=0&controls=1&mute=0\" frameborder=\"0\" allow=\"accelerometer; autoplay; clipboard-write; encrypted-media; gyroscope; picture-in-picture\" allowfullscreen><\/iframe><\/div><\/script><div class='av-click-to-play-overlay'><div class=\"avia_playpause_icon\"><\/div><\/div><\/div>\n","protected":false},"excerpt":{"rendered":"","protected":false},"author":5,"featured_media":65476,"parent":0,"menu_order":0,"comment_status":"open","ping_status":"open","template":"","meta":{"om_disable_all_campaigns":false,"_monsterinsights_skip_tracking":false,"_monsterinsights_sitenote_active":false,"_monsterinsights_sitenote_note":"","_monsterinsights_sitenote_category":0,"_uf_show_specific_survey":0,"_uf_disable_surveys":false,"footnotes":""},"class_list":["post-79099","page","type-page","status-publish","has-post-thumbnail","hentry"],"aioseo_notices":[],"_links":{"self":[{"href":"https:\/\/aulaabierta.arasaac.org\/fr\/wp-json\/wp\/v2\/pages\/79099","targetHints":{"allow":["GET"]}}],"collection":[{"href":"https:\/\/aulaabierta.arasaac.org\/fr\/wp-json\/wp\/v2\/pages"}],"about":[{"href":"https:\/\/aulaabierta.arasaac.org\/fr\/wp-json\/wp\/v2\/types\/page"}],"author":[{"embeddable":true,"href":"https:\/\/aulaabierta.arasaac.org\/fr\/wp-json\/wp\/v2\/users\/5"}],"replies":[{"embeddable":true,"href":"https:\/\/aulaabierta.arasaac.org\/fr\/wp-json\/wp\/v2\/comments?post=79099"}],"version-history":[{"count":6,"href":"https:\/\/aulaabierta.arasaac.org\/fr\/wp-json\/wp\/v2\/pages\/79099\/revisions"}],"predecessor-version":[{"id":85541,"href":"https:\/\/aulaabierta.arasaac.org\/fr\/wp-json\/wp\/v2\/pages\/79099\/revisions\/85541"}],"wp:featuredmedia":[{"embeddable":true,"href":"https:\/\/aulaabierta.arasaac.org\/fr\/wp-json\/wp\/v2\/media\/65476"}],"wp:attachment":[{"href":"https:\/\/aulaabierta.arasaac.org\/fr\/wp-json\/wp\/v2\/media?parent=79099"}],"curies":[{"name":"wp","href":"https:\/\/api.w.org\/{rel}","templated":true}]}}