{"id":79128,"date":"2020-11-14T20:53:02","date_gmt":"2020-11-14T19:53:02","guid":{"rendered":"https:\/\/aulaabierta.arasaac.org\/nox_player"},"modified":"2023-02-09T11:25:03","modified_gmt":"2023-02-09T10:25:03","slug":"nox-player-fr","status":"publish","type":"page","link":"https:\/\/aulaabierta.arasaac.org\/fr\/nox-player-fr","title":{"rendered":"Nox Player &#8211; 0 &#8211; Accueil"},"content":{"rendered":"\n<style type=\"text\/css\" data-created_by=\"avia_inline_auto\" id=\"style-css-av-av_heading-c5df08016e8c2c88aa5e17788929079a\">\n#top .av-special-heading.av-av_heading-c5df08016e8c2c88aa5e17788929079a{\npadding-bottom:0;\n}\nbody .av-special-heading.av-av_heading-c5df08016e8c2c88aa5e17788929079a .av-special-heading-tag .heading-char{\nfont-size:25px;\n}\n.av-special-heading.av-av_heading-c5df08016e8c2c88aa5e17788929079a .av-subheading{\nfont-size:15px;\n}\n<\/style>\n<div  class='av-special-heading av-av_heading-c5df08016e8c2c88aa5e17788929079a av-special-heading-h2  avia-builder-el-0  el_before_av_layout_row  avia-builder-el-no-sibling '><h2 class='av-special-heading-tag'  itemprop=\"headline\"  >Nox Player<\/h2><div class=\"special-heading-border\"><div class=\"special-heading-inner-border\"><\/div><\/div><\/div>\n<\/div><\/div><\/div><!-- close content main div --><\/div><\/div><div id='av-layout-grid-1'  class='av-layout-grid-container av-1cayk1i-c57b0b11cfa7765e2d98b9cf56faee63 entry-content-wrapper main_color av-flex-cells  avia-builder-el-1  el_after_av_heading  el_before_av_hr  grid-row-not-first  container_wrap fullsize'  >\n\n<style type=\"text\/css\" data-created_by=\"avia_inline_auto\" id=\"style-css-av-1byhycm-143d6bf4459d48a8ca7c00884b60fe75\">\n.flex_cell.av-1byhycm-143d6bf4459d48a8ca7c00884b60fe75{\nvertical-align:top;\n}\n.responsive #top #wrap_all .flex_cell.av-1byhycm-143d6bf4459d48a8ca7c00884b60fe75{\npadding:30px 30px 30px 30px !important;\n}\n<\/style>\n<div class='flex_cell av-1byhycm-143d6bf4459d48a8ca7c00884b60fe75 av-gridrow-cell av_two_fifth no_margin  avia-builder-el-2  el_before_av_cell_two_fifth  avia-builder-el-first ' ><div class='flex_cell_inner'><p>\n<style type=\"text\/css\" data-created_by=\"avia_inline_auto\" id=\"style-css-av-9hgjlg-3445a738b17d0771a86f1addb70e8f01\">\n#top .av-special-heading.av-9hgjlg-3445a738b17d0771a86f1addb70e8f01{\npadding-bottom:10px;\n}\nbody .av-special-heading.av-9hgjlg-3445a738b17d0771a86f1addb70e8f01 .av-special-heading-tag .heading-char{\nfont-size:25px;\n}\n.av-special-heading.av-9hgjlg-3445a738b17d0771a86f1addb70e8f01 .av-subheading{\nfont-size:15px;\n}\n<\/style>\n<div  class='av-special-heading av-9hgjlg-3445a738b17d0771a86f1addb70e8f01 av-special-heading-h3  avia-builder-el-3  el_before_av_textblock  avia-builder-el-first '><h3 class='av-special-heading-tag'  itemprop=\"headline\"  >Qu\u2019est-ce que c\u2019est?<\/h3><div class=\"special-heading-border\"><div class=\"special-heading-inner-border\"><\/div><\/div><\/div><br \/>\n\n<style type=\"text\/css\" data-created_by=\"avia_inline_auto\" id=\"style-css-av-17jzxom-a942faaf604624294a4566dd7d1d6f61\">\n#top .av_textblock_section.av-17jzxom-a942faaf604624294a4566dd7d1d6f61 .avia_textblock{\nfont-size:14px;\n}\n<\/style>\n<section  class='av_textblock_section av-17jzxom-a942faaf604624294a4566dd7d1d6f61'  itemscope=\"itemscope\" itemtype=\"https:\/\/schema.org\/CreativeWork\" ><div class='avia_textblock'  itemprop=\"text\" ><p><a href=\"https:\/\/es.bignox.com\/\" target=\"_blank\" rel=\"noopener\"><strong>Nox Player<\/strong><\/a> est un logiciel pour Windows et Mac qui vous permet d\u2019installer et d\u2019ex\u00e9cuter <strong>Android<\/strong> sur notre syst\u00e8me d\u2019exploitation client en tant qu\u2019application autonome.<\/p>\n<div>De cette fa\u00e7on, nous pouvons installer n\u2019importe quelle application Android sans avoir besoin d\u2019avoir une tablette. D\u2019autre part, lorsque nous fonctionnons sous notre syst\u00e8me d\u2019exploitation client (Windows ou Mac), nous pouvons projeter sur un tableau blanc num\u00e9rique ou un projecteur.<\/div>\n<div><\/div>\n<div>Il est recommand\u00e9 de l\u2019installer avec des ordinateurs avec au moins 4 Go de RAM.<\/div>\n<\/div><\/section><br \/>\n\n<style type=\"text\/css\" data-created_by=\"avia_inline_auto\" id=\"style-css-av-16n1lcm-60567fe1aeb48eae6a2e32869a6aaf53\">\n.avia-image-container.av-16n1lcm-60567fe1aeb48eae6a2e32869a6aaf53 img.avia_image{\nbox-shadow:none;\n}\n.avia-image-container.av-16n1lcm-60567fe1aeb48eae6a2e32869a6aaf53 .av-image-caption-overlay-center{\ncolor:#ffffff;\n}\n<\/style>\n<div  class='avia-image-container av-16n1lcm-60567fe1aeb48eae6a2e32869a6aaf53 av-styling- avia-align-center  avia-builder-el-5  el_after_av_textblock  avia-builder-el-last '   itemprop=\"image\" itemscope=\"itemscope\" itemtype=\"https:\/\/schema.org\/ImageObject\" ><div class=\"avia-image-container-inner\"><div class=\"avia-image-overlay-wrap\"><a href=\"https:\/\/es.bignox.com\/\" class='avia_image' target=\"_blank\" rel=\"noopener noreferrer\"><img decoding=\"async\" class='wp-image-62758 avia-img-lazy-loading-not-62758 avia_image ' src=\"https:\/\/aulaabierta.arasaac.org\/wp-content\/uploads\/2020\/11\/kbp_nox_banner-1030x579.jpg\" alt='' title='kbp_nox_banner'  height=\"579\" width=\"1030\"  itemprop=\"thumbnailUrl\" srcset=\"https:\/\/aulaabierta.arasaac.org\/wp-content\/uploads\/2020\/11\/kbp_nox_banner-1030x579.jpg 1030w, https:\/\/aulaabierta.arasaac.org\/wp-content\/uploads\/2020\/11\/kbp_nox_banner-300x169.jpg 300w, https:\/\/aulaabierta.arasaac.org\/wp-content\/uploads\/2020\/11\/kbp_nox_banner-768x432.jpg 768w, https:\/\/aulaabierta.arasaac.org\/wp-content\/uploads\/2020\/11\/kbp_nox_banner-705x397.jpg 705w, https:\/\/aulaabierta.arasaac.org\/wp-content\/uploads\/2020\/11\/kbp_nox_banner-450x253.jpg 450w, https:\/\/aulaabierta.arasaac.org\/wp-content\/uploads\/2020\/11\/kbp_nox_banner.jpg 1280w\" sizes=\"(max-width: 1030px) 100vw, 1030px\" \/><\/a><\/div><\/div><\/div><\/p>\n<\/div><\/div>\n<style type=\"text\/css\" data-created_by=\"avia_inline_auto\" id=\"style-css-av-148yb9y-89dae5f3ed0e8c21b8cc519444a9496f\">\n.flex_cell.av-148yb9y-89dae5f3ed0e8c21b8cc519444a9496f{\nvertical-align:top;\nbackground-color:#f7f7f7;\n}\n.responsive #top #wrap_all .flex_cell.av-148yb9y-89dae5f3ed0e8c21b8cc519444a9496f{\npadding:30px 30px 30px 30px !important;\n}\n<\/style>\n<div class='flex_cell av-148yb9y-89dae5f3ed0e8c21b8cc519444a9496f av-gridrow-cell av_two_fifth no_margin  avia-builder-el-6  el_after_av_cell_two_fifth  el_before_av_cell_one_fifth ' ><div class='flex_cell_inner'><p>\n<style type=\"text\/css\" data-created_by=\"avia_inline_auto\" id=\"style-css-av-khi36hbs-dac77a6c1640c748008bb97ebb99e1f1\">\n#top .av-special-heading.av-khi36hbs-dac77a6c1640c748008bb97ebb99e1f1{\npadding-bottom:10px;\n}\nbody .av-special-heading.av-khi36hbs-dac77a6c1640c748008bb97ebb99e1f1 .av-special-heading-tag .heading-char{\nfont-size:25px;\n}\n.av-special-heading.av-khi36hbs-dac77a6c1640c748008bb97ebb99e1f1 .av-subheading{\nfont-size:15px;\n}\n<\/style>\n<div  class='av-special-heading av-khi36hbs-dac77a6c1640c748008bb97ebb99e1f1 av-special-heading-h3  avia-builder-el-7  el_before_av_textblock  avia-builder-el-first '><h3 class='av-special-heading-tag'  itemprop=\"headline\"  >Entreprise<\/h3><div class=\"special-heading-border\"><div class=\"special-heading-inner-border\"><\/div><\/div><\/div><br \/>\n\n<style type=\"text\/css\" data-created_by=\"avia_inline_auto\" id=\"style-css-av-118uuom-cdbb203707ea248a8603241aaaac9798\">\n#top .av_textblock_section.av-118uuom-cdbb203707ea248a8603241aaaac9798 .avia_textblock{\nfont-size:14px;\n}\n<\/style>\n<section  class='av_textblock_section av-118uuom-cdbb203707ea248a8603241aaaac9798'  itemscope=\"itemscope\" itemtype=\"https:\/\/schema.org\/CreativeWork\" ><div class='avia_textblock'  itemprop=\"text\" ><p>Nox (HongKong) Limited<br \/>\nAddress: Room 1501 Grand Millennium Plaza (Lower Block), 181 Queen&rsquo;s Road Central HK<br \/>\nTel: 00852-21527388\/ 21527399<br \/>\nE-mail: player_market@bignox.com<\/p>\n<\/div><\/section><br \/>\n\n<style type=\"text\/css\" data-created_by=\"avia_inline_auto\" id=\"style-css-av-1wzbgd0-c983b5e376ffd7a085a9c128e462ff4f\">\n#top .av-special-heading.av-1wzbgd0-c983b5e376ffd7a085a9c128e462ff4f{\npadding-bottom:10px;\n}\nbody .av-special-heading.av-1wzbgd0-c983b5e376ffd7a085a9c128e462ff4f .av-special-heading-tag .heading-char{\nfont-size:25px;\n}\n.av-special-heading.av-1wzbgd0-c983b5e376ffd7a085a9c128e462ff4f .av-subheading{\nfont-size:15px;\n}\n<\/style>\n<div  class='av-special-heading av-1wzbgd0-c983b5e376ffd7a085a9c128e462ff4f av-special-heading-h3  avia-builder-el-9  el_after_av_textblock  el_before_av_textblock '><h3 class='av-special-heading-tag'  itemprop=\"headline\"  >Page Web<\/h3><div class=\"special-heading-border\"><div class=\"special-heading-inner-border\"><\/div><\/div><\/div><br \/>\n\n<style type=\"text\/css\" data-created_by=\"avia_inline_auto\" id=\"style-css-av-yp2o2e-289b2493419e4ee3da010d43d9de9219\">\n#top .av_textblock_section.av-yp2o2e-289b2493419e4ee3da010d43d9de9219 .avia_textblock{\nfont-size:14px;\n}\n<\/style>\n<section  class='av_textblock_section av-yp2o2e-289b2493419e4ee3da010d43d9de9219'  itemscope=\"itemscope\" itemtype=\"https:\/\/schema.org\/CreativeWork\" ><div class='avia_textblock'  itemprop=\"text\" ><p><a href=\"https:\/\/es.bignox.com\/\" target=\"_blank\" rel=\"noopener\">https:\/\/es.bignox.com\/<\/a><\/p>\n<\/div><\/section><\/p>\n<\/div><\/div>\n<style type=\"text\/css\" data-created_by=\"avia_inline_auto\" id=\"style-css-av-39o7rq-e184f3aa2832aed0e45c976e50e8c6fd\">\n.flex_cell.av-39o7rq-e184f3aa2832aed0e45c976e50e8c6fd{\nvertical-align:top;\n}\n.responsive #top #wrap_all .flex_cell.av-39o7rq-e184f3aa2832aed0e45c976e50e8c6fd{\npadding:30px 30px 30px 30px !important;\n}\n<\/style>\n<div class='flex_cell av-39o7rq-e184f3aa2832aed0e45c976e50e8c6fd av-gridrow-cell av_one_fifth no_margin  avia-builder-el-11  el_after_av_cell_two_fifth  avia-builder-el-last ' ><div class='flex_cell_inner'><p>\n<style type=\"text\/css\" data-created_by=\"avia_inline_auto\" id=\"style-css-av-1q0jod0-93fe92ffdae04cab33997a8b64535a77\">\n#top .av-special-heading.av-1q0jod0-93fe92ffdae04cab33997a8b64535a77{\npadding-bottom:10px;\n}\nbody .av-special-heading.av-1q0jod0-93fe92ffdae04cab33997a8b64535a77 .av-special-heading-tag .heading-char{\nfont-size:25px;\n}\n.av-special-heading.av-1q0jod0-93fe92ffdae04cab33997a8b64535a77 .av-subheading{\nfont-size:15px;\n}\n<\/style>\n<div  class='av-special-heading av-1q0jod0-93fe92ffdae04cab33997a8b64535a77 av-special-heading-h3  avia-builder-el-12  el_before_av_image  avia-builder-el-first '><h3 class='av-special-heading-tag'  itemprop=\"headline\"  >Syst\u00e8mes d\u2019exploitation<\/h3><div class=\"special-heading-border\"><div class=\"special-heading-inner-border\"><\/div><\/div><\/div><br \/>\n\n<style type=\"text\/css\" data-created_by=\"avia_inline_auto\" id=\"style-css-av-sagubq-9ccbea5c6d77789077fe943cf2e8ff0f\">\n.avia-image-container.av-sagubq-9ccbea5c6d77789077fe943cf2e8ff0f img.avia_image{\nbox-shadow:none;\n}\n.avia-image-container.av-sagubq-9ccbea5c6d77789077fe943cf2e8ff0f .av-image-caption-overlay-center{\ncolor:#ffffff;\n}\n<\/style>\n<div  class='avia-image-container av-sagubq-9ccbea5c6d77789077fe943cf2e8ff0f av-styling- avia-align-center  avia-builder-el-13  el_after_av_heading  avia-builder-el-last '   itemprop=\"image\" itemscope=\"itemscope\" itemtype=\"https:\/\/schema.org\/ImageObject\" ><div class=\"avia-image-container-inner\"><div class=\"avia-image-overlay-wrap\"><img decoding=\"async\" class='wp-image-25568 avia-img-lazy-loading-not-25568 avia_image ' src=\"https:\/\/aulaabierta.arasaac.org\/wp-content\/uploads\/2017\/01\/sistemas_operativos_pictoselector.png\" alt='' title='sistemas_operativos_pictoselector'  height=\"500\" width=\"500\"  itemprop=\"thumbnailUrl\" srcset=\"https:\/\/aulaabierta.arasaac.org\/wp-content\/uploads\/2017\/01\/sistemas_operativos_pictoselector.png 500w, https:\/\/aulaabierta.arasaac.org\/wp-content\/uploads\/2017\/01\/sistemas_operativos_pictoselector-80x80.png 80w, https:\/\/aulaabierta.arasaac.org\/wp-content\/uploads\/2017\/01\/sistemas_operativos_pictoselector-300x300.png 300w, https:\/\/aulaabierta.arasaac.org\/wp-content\/uploads\/2017\/01\/sistemas_operativos_pictoselector-36x36.png 36w, https:\/\/aulaabierta.arasaac.org\/wp-content\/uploads\/2017\/01\/sistemas_operativos_pictoselector-180x180.png 180w, https:\/\/aulaabierta.arasaac.org\/wp-content\/uploads\/2017\/01\/sistemas_operativos_pictoselector-120x120.png 120w, https:\/\/aulaabierta.arasaac.org\/wp-content\/uploads\/2017\/01\/sistemas_operativos_pictoselector-450x450.png 450w\" sizes=\"(max-width: 500px) 100vw, 500px\" \/><\/div><\/div><\/div><\/p>\n<\/div><\/div>\n<\/div><div id='after_grid_row_1'  class='main_color av_default_container_wrap container_wrap fullsize'  ><div class='container av-section-cont-open' ><div class='template-page content  av-content-full alpha units'><div class='post-entry post-entry-type-page post-entry-79128'><div class='entry-content-wrapper clearfix'>\n<div  class='hr av-2cm0jq-9393a729f21127f0ed28ad1bc40dbe57 hr-default  avia-builder-el-14  el_after_av_layout_row  el_before_av_heading  avia-builder-el-first '><span class='hr-inner '><span class=\"hr-inner-style\"><\/span><\/span><\/div>\n\n<style type=\"text\/css\" data-created_by=\"avia_inline_auto\" id=\"style-css-av-knewf6f0-03e3271814e7b57e59df414e220ea9d6\">\n#top .av-special-heading.av-knewf6f0-03e3271814e7b57e59df414e220ea9d6{\npadding-bottom:10px;\n}\nbody .av-special-heading.av-knewf6f0-03e3271814e7b57e59df414e220ea9d6 .av-special-heading-tag .heading-char{\nfont-size:25px;\n}\n.av-special-heading.av-knewf6f0-03e3271814e7b57e59df414e220ea9d6 .av-subheading{\nfont-size:15px;\n}\n<\/style>\n<div  class='av-special-heading av-knewf6f0-03e3271814e7b57e59df414e220ea9d6 av-special-heading-h3  avia-builder-el-15  el_after_av_hr  el_before_av_video '><h3 class='av-special-heading-tag'  itemprop=\"headline\"  >Didacticiel d\u2019installation et de configuration initiales<\/h3><div class=\"special-heading-border\"><div class=\"special-heading-inner-border\"><\/div><\/div><\/div>\n<div  class='avia-video av-knewhfgs-2843666fcaba25518523438cb1eed346 avia-video-16-9 av-no-preview-image avia-video-load-always av-lazyload-immediate av-lazyload-video-embed'  itemprop=\"video\" itemtype=\"https:\/\/schema.org\/VideoObject\"  data-original_url='https:\/\/www.youtube.com\/watch?v=Btpn8xoIwt0'><script type='text\/html' class='av-video-tmpl'><div class='avia-iframe-wrap'><iframe loading=\"lazy\" title=\"Nox App Player 7.0\" width=\"1500\" height=\"844\" src=\"https:\/\/www.youtube.com\/embed\/Btpn8xoIwt0?feature=oembed&autoplay=0&loop=0&controls=1&mute=0\" frameborder=\"0\" allow=\"accelerometer; autoplay; clipboard-write; encrypted-media; gyroscope; picture-in-picture\" allowfullscreen><\/iframe><\/div><\/script><div class='av-click-to-play-overlay'><div class=\"avia_playpause_icon\"><\/div><\/div><\/div>\n<\/div><\/div><\/div><!-- close content main div --><\/div><\/div><div id='av-layout-grid-2'  class='av-layout-grid-container av-fjcmw6-c8b51e82c86b4b6f73c9827232af8d50 entry-content-wrapper main_color av-border-top-bottom av-border-cells av-flex-cells  avia-builder-el-17  el_after_av_video  avia-builder-el-last  grid-row-not-first  container_wrap fullsize'  >\n\n<style type=\"text\/css\" data-created_by=\"avia_inline_auto\" id=\"style-css-av-74en5i-cfacd1849c57dbe8ede3603681ad1618\">\n.flex_cell.av-74en5i-cfacd1849c57dbe8ede3603681ad1618{\nvertical-align:top;\n}\n.responsive #top #wrap_all .flex_cell.av-74en5i-cfacd1849c57dbe8ede3603681ad1618{\npadding:40px 40px 40px 40px !important;\n}\n<\/style>\n<div class='flex_cell av-74en5i-cfacd1849c57dbe8ede3603681ad1618 av-gridrow-cell av_one_full no_margin  avia-builder-el-18  avia-builder-el-no-sibling ' ><div class='flex_cell_inner'><p>\n<style type=\"text\/css\" data-created_by=\"avia_inline_auto\" id=\"style-css-av-av_heading-87bb9a6871470e5015eb9f14249ca26e\">\n#top .av-special-heading.av-av_heading-87bb9a6871470e5015eb9f14249ca26e{\npadding-bottom:10px;\n}\nbody .av-special-heading.av-av_heading-87bb9a6871470e5015eb9f14249ca26e .av-special-heading-tag .heading-char{\nfont-size:25px;\n}\n.av-special-heading.av-av_heading-87bb9a6871470e5015eb9f14249ca26e .av-subheading{\nfont-size:15px;\n}\n<\/style>\n<div  class='av-special-heading av-av_heading-87bb9a6871470e5015eb9f14249ca26e av-special-heading-h3  avia-builder-el-19  el_before_av_one_half  avia-builder-el-first '><h3 class='av-special-heading-tag'  itemprop=\"headline\"  >O\u00f9 t\u00e9l\u00e9charger l\u2019application ?<\/h3><div class=\"special-heading-border\"><div class=\"special-heading-inner-border\"><\/div><\/div><\/div><br \/>\n<div class='flex_column av-498ng6-0bb6ada710ea673fd6e378584e53c9eb av_one_half  avia-builder-el-20  el_after_av_heading  el_before_av_one_half  first flex_column_div '     ><style type=\"text\/css\" data-created_by=\"avia_inline_auto\" id=\"style-css-av-377hbq-f5ac35ed81b63f54c541c078ff116e64\">\n.avia-image-container.av-377hbq-f5ac35ed81b63f54c541c078ff116e64 img.avia_image{\nbox-shadow:none;\n}\n.avia-image-container.av-377hbq-f5ac35ed81b63f54c541c078ff116e64 .av-image-caption-overlay-center{\ncolor:#ffffff;\n}\n<\/style>\n<div  class='avia-image-container av-377hbq-f5ac35ed81b63f54c541c078ff116e64 av-styling- avia-align-center  avia-builder-el-21  avia-builder-el-no-sibling '   itemprop=\"image\" itemscope=\"itemscope\" itemtype=\"https:\/\/schema.org\/ImageObject\" ><div class=\"avia-image-container-inner\"><div class=\"avia-image-overlay-wrap\"><a href=\"https:\/\/es.bignox.com\/\" class='avia_image' target=\"_blank\" rel=\"noopener noreferrer\"><img decoding=\"async\" class='wp-image-25564 avia-img-lazy-loading-not-25564 avia_image ' src=\"https:\/\/aulaabierta.arasaac.org\/wp-content\/uploads\/2017\/01\/windows.png\" alt='' title='windows'  height=\"128\" width=\"128\"  itemprop=\"thumbnailUrl\" srcset=\"https:\/\/aulaabierta.arasaac.org\/wp-content\/uploads\/2017\/01\/windows.png 128w, https:\/\/aulaabierta.arasaac.org\/wp-content\/uploads\/2017\/01\/windows-80x80.png 80w, https:\/\/aulaabierta.arasaac.org\/wp-content\/uploads\/2017\/01\/windows-36x36.png 36w, https:\/\/aulaabierta.arasaac.org\/wp-content\/uploads\/2017\/01\/windows-120x120.png 120w\" sizes=\"(max-width: 128px) 100vw, 128px\" \/><\/a><\/div><\/div><\/div><\/div><div class='flex_column av-498ng6-dffe4dd0bc91512ff71b5a758702be0a av_one_half  avia-builder-el-22  el_after_av_one_half  avia-builder-el-last  flex_column_div '     ><style type=\"text\/css\" data-created_by=\"avia_inline_auto\" id=\"style-css-av-377hbq-bf4836945c4e9c73820977010ad89e79\">\n.avia-image-container.av-377hbq-bf4836945c4e9c73820977010ad89e79 img.avia_image{\nbox-shadow:none;\n}\n.avia-image-container.av-377hbq-bf4836945c4e9c73820977010ad89e79 .av-image-caption-overlay-center{\ncolor:#ffffff;\n}\n<\/style>\n<div  class='avia-image-container av-377hbq-bf4836945c4e9c73820977010ad89e79 av-styling- avia-align-center  avia-builder-el-23  avia-builder-el-no-sibling '   itemprop=\"image\" itemscope=\"itemscope\" itemtype=\"https:\/\/schema.org\/ImageObject\" ><div class=\"avia-image-container-inner\"><div class=\"avia-image-overlay-wrap\"><a href=\"https:\/\/es.bignox.com\/\" class='avia_image' target=\"_blank\" rel=\"noopener noreferrer\"><img decoding=\"async\" class='wp-image-25560 avia-img-lazy-loading-not-25560 avia_image ' src=\"https:\/\/aulaabierta.arasaac.org\/wp-content\/uploads\/2017\/01\/ios.png\" alt='' title='ios'  height=\"128\" width=\"128\"  itemprop=\"thumbnailUrl\" srcset=\"https:\/\/aulaabierta.arasaac.org\/wp-content\/uploads\/2017\/01\/ios.png 128w, https:\/\/aulaabierta.arasaac.org\/wp-content\/uploads\/2017\/01\/ios-80x80.png 80w, https:\/\/aulaabierta.arasaac.org\/wp-content\/uploads\/2017\/01\/ios-36x36.png 36w, https:\/\/aulaabierta.arasaac.org\/wp-content\/uploads\/2017\/01\/ios-120x120.png 120w\" sizes=\"(max-width: 128px) 100vw, 128px\" \/><\/a><\/div><\/div><\/div><\/div><\/p>\n<\/div><\/div><\/div>\n","protected":false},"excerpt":{"rendered":"","protected":false},"author":5,"featured_media":62762,"parent":0,"menu_order":0,"comment_status":"open","ping_status":"open","template":"","meta":{"om_disable_all_campaigns":false,"_monsterinsights_skip_tracking":false,"_monsterinsights_sitenote_active":false,"_monsterinsights_sitenote_note":"","_monsterinsights_sitenote_category":0,"_uf_show_specific_survey":0,"_uf_disable_surveys":false,"footnotes":""},"class_list":["post-79128","page","type-page","status-publish","has-post-thumbnail","hentry"],"aioseo_notices":[],"_links":{"self":[{"href":"https:\/\/aulaabierta.arasaac.org\/fr\/wp-json\/wp\/v2\/pages\/79128","targetHints":{"allow":["GET"]}}],"collection":[{"href":"https:\/\/aulaabierta.arasaac.org\/fr\/wp-json\/wp\/v2\/pages"}],"about":[{"href":"https:\/\/aulaabierta.arasaac.org\/fr\/wp-json\/wp\/v2\/types\/page"}],"author":[{"embeddable":true,"href":"https:\/\/aulaabierta.arasaac.org\/fr\/wp-json\/wp\/v2\/users\/5"}],"replies":[{"embeddable":true,"href":"https:\/\/aulaabierta.arasaac.org\/fr\/wp-json\/wp\/v2\/comments?post=79128"}],"version-history":[{"count":7,"href":"https:\/\/aulaabierta.arasaac.org\/fr\/wp-json\/wp\/v2\/pages\/79128\/revisions"}],"predecessor-version":[{"id":79148,"href":"https:\/\/aulaabierta.arasaac.org\/fr\/wp-json\/wp\/v2\/pages\/79128\/revisions\/79148"}],"wp:featuredmedia":[{"embeddable":true,"href":"https:\/\/aulaabierta.arasaac.org\/fr\/wp-json\/wp\/v2\/media\/62762"}],"wp:attachment":[{"href":"https:\/\/aulaabierta.arasaac.org\/fr\/wp-json\/wp\/v2\/media?parent=79128"}],"curies":[{"name":"wp","href":"https:\/\/api.w.org\/{rel}","templated":true}]}}