{"id":80815,"date":"2016-12-13T16:23:29","date_gmt":"2016-12-13T16:23:29","guid":{"rendered":"https:\/\/aulaabierta.arasaac.org\/araword-menu-archivo"},"modified":"2023-02-09T11:25:13","modified_gmt":"2023-02-09T10:25:13","slug":"araword-3-menu-fichier","status":"publish","type":"page","link":"https:\/\/aulaabierta.arasaac.org\/fr\/araword-3-menu-fichier","title":{"rendered":"AraWord &#8211; 3 &#8211; Menu Fichier"},"content":{"rendered":"<div id='av-layout-grid-1'  class='av-layout-grid-container av-37tnu9-147df344d96898a282acd0db4bbf3b96 entry-content-wrapper alternate_color av-border-cells av-flex-cells  avia-builder-el-0  el_before_av_textblock  avia-builder-el-first   container_wrap fullsize'  >\n\n<style type=\"text\/css\" data-created_by=\"avia_inline_auto\" id=\"style-css-av-34hmup-8a58bcc5fdc4ee9f5e3536a03c94f2d0\">\n.flex_cell.av-34hmup-8a58bcc5fdc4ee9f5e3536a03c94f2d0{\nvertical-align:top;\n}\n.responsive #top #wrap_all .flex_cell.av-34hmup-8a58bcc5fdc4ee9f5e3536a03c94f2d0{\npadding:30px 30px 30px 30px !important;\n}\n<\/style>\n<div class='flex_cell av-34hmup-8a58bcc5fdc4ee9f5e3536a03c94f2d0 av-gridrow-cell av_one_fifth no_margin  avia-builder-el-1  el_before_av_cell_four_fifth  avia-builder-el-first ' ><div class='flex_cell_inner'>\n<style type=\"text\/css\" data-created_by=\"avia_inline_auto\" id=\"style-css-av-2ye0zl-39c1b0444fd0511a0dcecbc73b38cb9c\">\n.avia-image-container.av-2ye0zl-39c1b0444fd0511a0dcecbc73b38cb9c img.avia_image{\nbox-shadow:none;\n}\n.avia-image-container.av-2ye0zl-39c1b0444fd0511a0dcecbc73b38cb9c .av-caption-image-overlay-bg{\nopacity:0.4;\nbackground-color:#444444;\n}\n.avia-image-container.av-2ye0zl-39c1b0444fd0511a0dcecbc73b38cb9c .av-image-caption-overlay-center{\ncolor:#ffffff;\n}\n<\/style>\n<div  class='avia-image-container av-2ye0zl-39c1b0444fd0511a0dcecbc73b38cb9c av-styling- avia-align-left  avia-builder-el-2  avia-builder-el-no-sibling  noHover av-overlay-on-hover'   itemprop=\"image\" itemscope=\"itemscope\" itemtype=\"https:\/\/schema.org\/ImageObject\" ><div class=\"avia-image-container-inner\"><div class=\"avia-image-overlay-wrap\"><a href=\"https:\/\/aulaabierta.arasaac.org\/fr\/araword-accueil\" class='avia_image' ><div class=\"av-image-caption-overlay\"><div class=\"av-caption-image-overlay-bg\"><\/div><div class=\"av-image-caption-overlay-position\"><div class=\"av-image-caption-overlay-center\"><p>Retour en haut de la page<\/p>\n<\/div><\/div><\/div><img decoding=\"async\" class='wp-image-23546 avia-img-lazy-loading-not-23546 avia_image ' src=\"https:\/\/aulaabierta.arasaac.org\/wp-content\/uploads\/2016\/12\/AraWord-PC.jpg\" alt='' title='AraWord PC'  height=\"862\" width=\"862\"  itemprop=\"thumbnailUrl\" srcset=\"https:\/\/aulaabierta.arasaac.org\/wp-content\/uploads\/2016\/12\/AraWord-PC.jpg 862w, https:\/\/aulaabierta.arasaac.org\/wp-content\/uploads\/2016\/12\/AraWord-PC-80x80.jpg 80w, https:\/\/aulaabierta.arasaac.org\/wp-content\/uploads\/2016\/12\/AraWord-PC-300x300.jpg 300w, https:\/\/aulaabierta.arasaac.org\/wp-content\/uploads\/2016\/12\/AraWord-PC-768x768.jpg 768w, https:\/\/aulaabierta.arasaac.org\/wp-content\/uploads\/2016\/12\/AraWord-PC-36x36.jpg 36w, https:\/\/aulaabierta.arasaac.org\/wp-content\/uploads\/2016\/12\/AraWord-PC-180x180.jpg 180w, https:\/\/aulaabierta.arasaac.org\/wp-content\/uploads\/2016\/12\/AraWord-PC-705x705.jpg 705w, https:\/\/aulaabierta.arasaac.org\/wp-content\/uploads\/2016\/12\/AraWord-PC-120x120.jpg 120w, https:\/\/aulaabierta.arasaac.org\/wp-content\/uploads\/2016\/12\/AraWord-PC-450x450.jpg 450w\" sizes=\"(max-width: 862px) 100vw, 862px\" \/><\/a><\/div><\/div><\/div>\n<\/div><\/div>\n<style type=\"text\/css\" data-created_by=\"avia_inline_auto\" id=\"style-css-av-2ovo55-4c1ce7483872c4a637971c6198bfaefa\">\n.flex_cell.av-2ovo55-4c1ce7483872c4a637971c6198bfaefa{\nvertical-align:middle;\n}\n.responsive #top #wrap_all .flex_cell.av-2ovo55-4c1ce7483872c4a637971c6198bfaefa{\npadding:30px 30px 30px 30px !important;\n}\n<\/style>\n<div class='flex_cell av-2ovo55-4c1ce7483872c4a637971c6198bfaefa av-gridrow-cell av_four_fifth no_margin  avia-builder-el-3  el_after_av_cell_one_fifth  avia-builder-el-last ' ><div class='flex_cell_inner'>\n<style type=\"text\/css\" data-created_by=\"avia_inline_auto\" id=\"style-css-av-9fudt-c46a73fea955267470355dcf67670a68\">\n#top .av-special-heading.av-9fudt-c46a73fea955267470355dcf67670a68{\npadding-bottom:0;\n}\nbody .av-special-heading.av-9fudt-c46a73fea955267470355dcf67670a68 .av-special-heading-tag .heading-char{\nfont-size:25px;\n}\n#top #wrap_all .av-special-heading.av-9fudt-c46a73fea955267470355dcf67670a68 .av-special-heading-tag{\nfont-size:26px;\n}\n.av-special-heading.av-9fudt-c46a73fea955267470355dcf67670a68 .av-subheading{\nfont-size:15px;\n}\n<\/style>\n<div  class='av-special-heading av-9fudt-c46a73fea955267470355dcf67670a68 av-special-heading-h2  avia-builder-el-4  avia-builder-el-no-sibling '><h2 class='av-special-heading-tag'  itemprop=\"headline\"  >3. MENU FICHIER<\/h2><div class=\"special-heading-border\"><div class=\"special-heading-inner-border\"><\/div><\/div><\/div>\n<\/div><\/div>\n<\/div><div id='after_grid_row_1'  class='main_color av_default_container_wrap container_wrap fullsize'  ><div class='container av-section-cont-open' ><div class='template-page content  av-content-full alpha units'><div class='post-entry post-entry-type-page post-entry-80815'><div class='entry-content-wrapper clearfix'>\n<section  class='av_textblock_section av-2flha1-7e4bbb8f3e79d96fc5f99d0659db0d41'  itemscope=\"itemscope\" itemtype=\"https:\/\/schema.org\/CreativeWork\" ><div class='avia_textblock'  itemprop=\"text\" ><p><img loading=\"lazy\" decoding=\"async\" class=\"aligncenter size-full wp-image-932\" src=\"https:\/\/aulaabierta.arasaac.org\/wp-content\/uploads\/2016\/12\/by-nc-sa.eu_petit.png\" alt=\"\" width=\"118\" height=\"41\"><\/p>\n<h6 style=\"text-align: center;\">Cette \u0153uvre est sous licence <a href=\"http:\/\/creativecommons.org\/licenses\/by-nc-sa\/4.0\/\" rel=\"license\">Creative Commons Attribution-NonComercial-ShareAlike 4.0 International.<\/a><\/h6>\n<hr>\n<\/div><\/section>\n\n<style type=\"text\/css\" data-created_by=\"avia_inline_auto\" id=\"style-css-av-av_heading-543007132c3d1ffb960c18b07f92e17a\">\n#top .av-special-heading.av-av_heading-543007132c3d1ffb960c18b07f92e17a{\npadding-bottom:10px;\n}\nbody .av-special-heading.av-av_heading-543007132c3d1ffb960c18b07f92e17a .av-special-heading-tag .heading-char{\nfont-size:25px;\n}\n.av-special-heading.av-av_heading-543007132c3d1ffb960c18b07f92e17a .av-subheading{\nfont-size:15px;\n}\n<\/style>\n<div  class='av-special-heading av-av_heading-543007132c3d1ffb960c18b07f92e17a av-special-heading-h3  avia-builder-el-6  el_after_av_textblock  el_before_av_textblock '><h3 class='av-special-heading-tag'  itemprop=\"headline\"  >Didacticiel<\/h3><div class=\"special-heading-border\"><div class=\"special-heading-inner-border\"><\/div><\/div><\/div>\n\n<style type=\"text\/css\" data-created_by=\"avia_inline_auto\" id=\"style-css-av-1ryt1t-401cd7a8517494814b2b48f338717cca\">\n#top .av_textblock_section.av-1ryt1t-401cd7a8517494814b2b48f338717cca .avia_textblock{\nfont-size:16px;\n}\n<\/style>\n<section  class='av_textblock_section av-1ryt1t-401cd7a8517494814b2b48f338717cca'  itemscope=\"itemscope\" itemtype=\"https:\/\/schema.org\/CreativeWork\" ><div class='avia_textblock'  itemprop=\"text\" ><p>Lorsque nous ouvrons l&rsquo;application, nous observons que l&rsquo;interface est tr\u00e8s simple et que la barre d&rsquo;outils comporte les \u00e9l\u00e9ments les plus basiques pour qu&rsquo;elle puisse \u00eatre utilis\u00e9e, non seulement par des professionnels ou des familles, mais \u00e9galement par des utilisateurs de syst\u00e8mes de communication augmentatifs et alternatifs. .<\/p>\n<p><img loading=\"lazy\" decoding=\"async\" class=\"aligncenter size-full wp-image-728\" src=\"https:\/\/aulaabierta.arasaac.org\/wp-content\/uploads\/2016\/12\/AW_8.png\" alt=\"\" width=\"881\" height=\"658\" srcset=\"https:\/\/aulaabierta.arasaac.org\/wp-content\/uploads\/2016\/12\/AW_8.png 881w, https:\/\/aulaabierta.arasaac.org\/wp-content\/uploads\/2016\/12\/AW_8-300x224.png 300w, https:\/\/aulaabierta.arasaac.org\/wp-content\/uploads\/2016\/12\/AW_8-768x574.png 768w, https:\/\/aulaabierta.arasaac.org\/wp-content\/uploads\/2016\/12\/AW_8-705x527.png 705w, https:\/\/aulaabierta.arasaac.org\/wp-content\/uploads\/2016\/12\/AW_8-450x336.png 450w\" sizes=\"auto, (max-width: 881px) 100vw, 881px\" \/><\/p>\n<p>Initialement, l&rsquo;ic\u00f4ne <strong>AraWord<\/strong> appara\u00eet pour nous <strong>montrer o\u00f9 se trouve le curseur<\/strong>. Nous pouvons l&rsquo;effacer pour commencer \u00e0 \u00e9crire. Nous allons analyser les diff\u00e9rentes options qui apparaissent dans le <strong>menu Fichier<\/strong>.<\/p>\n<p><img loading=\"lazy\" decoding=\"async\" class=\"alignnone size-full wp-image-23072\" src=\"https:\/\/aulaabierta.arasaac.org\/wp-content\/uploads\/2021\/10\/AraWord_menu_archivo_1.png\" alt=\"\" width=\"888\" height=\"351\" srcset=\"https:\/\/aulaabierta.arasaac.org\/wp-content\/uploads\/2021\/10\/AraWord_menu_archivo_1.png 888w, https:\/\/aulaabierta.arasaac.org\/wp-content\/uploads\/2021\/10\/AraWord_menu_archivo_1-300x119.png 300w, https:\/\/aulaabierta.arasaac.org\/wp-content\/uploads\/2021\/10\/AraWord_menu_archivo_1-768x304.png 768w, https:\/\/aulaabierta.arasaac.org\/wp-content\/uploads\/2021\/10\/AraWord_menu_archivo_1-705x279.png 705w, https:\/\/aulaabierta.arasaac.org\/wp-content\/uploads\/2021\/10\/AraWord_menu_archivo_1-450x178.png 450w\" sizes=\"auto, (max-width: 888px) 100vw, 888px\" \/><\/p>\n<p>Tout d&rsquo;abord, l&rsquo;option <strong>Nouveau<\/strong> appara\u00eet, ce qui nous permet de <strong>commencer \u00e0 \u00e9crire un nouveau texte<\/strong>. Plus tard, nous avons l\u2019option<strong> Enregistrer sous &#8230;<\/strong> , qui est utilis\u00e9e pour enregistrer le texte sur lequel nous travaillons et pouvoir <strong>l\u2019ouvrir,<\/strong> plus tard, pour <strong>continuer \u00e0 \u00e9crire le texte<\/strong> adapt\u00e9 sur lequel nous travaillons. Tous les pictogrammes personnalis\u00e9s (qui ne font pas partie de la base de donn\u00e9es <a href=\"http:\/\/arasaac.org\/\"><strong>ARASAAC)<\/strong><\/a>que nous avons import\u00e9s dans <strong>AraWord<\/strong> et utilis\u00e9s dans le document sont \u00e9galement stock\u00e9s. De cette fa\u00e7on, quel que soit l&rsquo;ordinateur sur lequel nous ouvrons le document, nous serons s\u00fbrs que tous les pictogrammes sont affich\u00e9s. Les fichiers sont enregistr\u00e9s avec <strong>l&rsquo;extension .awd<\/strong>, donc pour les ouvrir, nous devrons le faire directement avec l&rsquo;option Ouvrir, depuis l&rsquo;application elle-m\u00eame.<\/p>\n<p><img loading=\"lazy\" decoding=\"async\" class=\"aligncenter size-full wp-image-729\" src=\"https:\/\/aulaabierta.arasaac.org\/wp-content\/uploads\/2016\/12\/AW_10.png\" alt=\"\" width=\"625\" height=\"429\" srcset=\"https:\/\/aulaabierta.arasaac.org\/wp-content\/uploads\/2016\/12\/AW_10.png 625w, https:\/\/aulaabierta.arasaac.org\/wp-content\/uploads\/2016\/12\/AW_10-300x206.png 300w, https:\/\/aulaabierta.arasaac.org\/wp-content\/uploads\/2016\/12\/AW_10-450x309.png 450w\" sizes=\"auto, (max-width: 625px) 100vw, 625px\" \/><\/p>\n<p>Le menu <strong>Exporter en tant que&#8230;<\/strong> offre, deux possibilit\u00e9s: <strong>Exporter en tant qu\u2019image<\/strong> ou <strong>Exporter au format PDF<\/strong><\/p>\n<p><img loading=\"lazy\" decoding=\"async\" class=\"aligncenter size-full wp-image-731\" src=\"https:\/\/aulaabierta.arasaac.org\/wp-content\/uploads\/2016\/12\/AW_12.png\" alt=\"\" width=\"1101\" height=\"765\" srcset=\"https:\/\/aulaabierta.arasaac.org\/wp-content\/uploads\/2016\/12\/AW_12.png 1101w, https:\/\/aulaabierta.arasaac.org\/wp-content\/uploads\/2016\/12\/AW_12-300x208.png 300w, https:\/\/aulaabierta.arasaac.org\/wp-content\/uploads\/2016\/12\/AW_12-768x534.png 768w, https:\/\/aulaabierta.arasaac.org\/wp-content\/uploads\/2016\/12\/AW_12-1030x716.png 1030w, https:\/\/aulaabierta.arasaac.org\/wp-content\/uploads\/2016\/12\/AW_12-705x490.png 705w, https:\/\/aulaabierta.arasaac.org\/wp-content\/uploads\/2016\/12\/AW_12-450x313.png 450w\" sizes=\"auto, (max-width: 1101px) 100vw, 1101px\" \/><\/p>\n<p>Dans l&rsquo;option <strong>Exporter en tant qu&rsquo;image<\/strong>, nous vous recommandons d&rsquo;utiliser le format JPG. Si vous utilisez cette option, une fois le document enregistr\u00e9 en tant qu&rsquo;image, vous pouvez <strong>ins\u00e9rer l&rsquo;image dans n&rsquo;importe quel document ou pr\u00e9sentation<\/strong>.<\/p>\n<p><img loading=\"lazy\" decoding=\"async\" class=\"size-full wp-image-23031 alignnone\" src=\"https:\/\/aulaabierta.arasaac.org\/wp-content\/uploads\/2021\/10\/AraWord_Texto.png\" alt=\"\" width=\"1556\" height=\"845\" srcset=\"https:\/\/aulaabierta.arasaac.org\/wp-content\/uploads\/2021\/10\/AraWord_Texto.png 1556w, https:\/\/aulaabierta.arasaac.org\/wp-content\/uploads\/2021\/10\/AraWord_Texto-300x163.png 300w, https:\/\/aulaabierta.arasaac.org\/wp-content\/uploads\/2021\/10\/AraWord_Texto-1030x559.png 1030w, https:\/\/aulaabierta.arasaac.org\/wp-content\/uploads\/2021\/10\/AraWord_Texto-768x417.png 768w, https:\/\/aulaabierta.arasaac.org\/wp-content\/uploads\/2021\/10\/AraWord_Texto-1536x834.png 1536w, https:\/\/aulaabierta.arasaac.org\/wp-content\/uploads\/2021\/10\/AraWord_Texto-1500x815.png 1500w, https:\/\/aulaabierta.arasaac.org\/wp-content\/uploads\/2021\/10\/AraWord_Texto-705x383.png 705w, https:\/\/aulaabierta.arasaac.org\/wp-content\/uploads\/2021\/10\/AraWord_Texto-450x244.png 450w\" sizes=\"auto, (max-width: 1556px) 100vw, 1556px\" \/><\/p>\n<p>Dans certaines occasions, lors de l&rsquo;enregistrement de l&rsquo;image et de son insertion, il peut arriver que nous remarquions que l&rsquo;image contient un espace vide autour d&rsquo;elle. Pour ce faire, les diff\u00e9rentes applications d&rsquo;\u00e9dition de texte et de cr\u00e9ation de pr\u00e9sentation int\u00e8grent des fonctions de recadrage d&rsquo;image, que nous pouvons utiliser pour la rendre optimis\u00e9e.<\/p>\n<p>L&rsquo;autre option que nous allons trouver et qui nous permet <strong>d&rsquo;imprimer<\/strong> les documents est via l&rsquo;option <strong>Exporter en tant que &#8230;. PDF<\/strong>.<\/p>\n<p>Le <strong>menu d&rsquo;exportation PDF<\/strong> nous offre diff\u00e9rentes possibilit\u00e9s qui, au fur et \u00e0 mesure de la configuration, s&rsquo;affichent dans la fen\u00eatre Aper\u00e7u :<\/p>\n<p><img loading=\"lazy\" decoding=\"async\" class=\"size-full wp-image-23032 aligncenter\" src=\"https:\/\/aulaabierta.arasaac.org\/wp-content\/uploads\/2021\/10\/AraWord_Texto_pdf.png\" alt=\"\" width=\"1598\" height=\"846\" srcset=\"https:\/\/aulaabierta.arasaac.org\/wp-content\/uploads\/2021\/10\/AraWord_Texto_pdf.png 1598w, https:\/\/aulaabierta.arasaac.org\/wp-content\/uploads\/2021\/10\/AraWord_Texto_pdf-300x159.png 300w, https:\/\/aulaabierta.arasaac.org\/wp-content\/uploads\/2021\/10\/AraWord_Texto_pdf-1030x545.png 1030w, https:\/\/aulaabierta.arasaac.org\/wp-content\/uploads\/2021\/10\/AraWord_Texto_pdf-768x407.png 768w, https:\/\/aulaabierta.arasaac.org\/wp-content\/uploads\/2021\/10\/AraWord_Texto_pdf-1536x813.png 1536w, https:\/\/aulaabierta.arasaac.org\/wp-content\/uploads\/2021\/10\/AraWord_Texto_pdf-1500x794.png 1500w, https:\/\/aulaabierta.arasaac.org\/wp-content\/uploads\/2021\/10\/AraWord_Texto_pdf-710x375.png 710w, https:\/\/aulaabierta.arasaac.org\/wp-content\/uploads\/2021\/10\/AraWord_Texto_pdf-705x373.png 705w, https:\/\/aulaabierta.arasaac.org\/wp-content\/uploads\/2021\/10\/AraWord_Texto_pdf-450x238.png 450w\" sizes=\"auto, (max-width: 1598px) 100vw, 1598px\" \/><\/p>\n<ul>\n<li><strong>Nombre de pictogrammes par ligne<\/strong>: cette option permet de r\u00e9gler le nombre de pictogrammes qui sont ins\u00e9r\u00e9s dans chaque ligne. Au fur et \u00e0 mesure que nous ajustons le nombre de photos par ligne, les lignes n\u00e9cessaires sont ajout\u00e9es pour accueillir tout le texte.<\/li>\n<li><strong>Ajouter une licence <a href=\"http:\/\/arasaac.org\/\">ARASAAC<\/a><\/strong>: cette option est activ\u00e9e par d\u00e9faut et ajoute les termes de la licence ARASAAC en pied de page du document, nous garantissant la possibilit\u00e9 de diffuser librement le document.<\/li>\n<li><strong>PDF Paysage<\/strong>: Lors de l&rsquo;activation de cette option, le document change son orientation en Paysage (Paysage).<\/li>\n<\/ul>\n<p>Une fois les options qui nous int\u00e9ressent d\u00e9finies et l&rsquo;aspect final du document personnalis\u00e9, nous appuierons sur le bouton \u00ab\u00a0Exporter le PDF\u00a0\u00bb, ce qui ouvrira une bo\u00eete de dialogue pour enregistrer le PDF sur notre ordinateur.<\/p>\n<p><img loading=\"lazy\" decoding=\"async\" class=\"aligncenter size-full wp-image-733\" src=\"https:\/\/aulaabierta.arasaac.org\/wp-content\/uploads\/2016\/12\/AW_14.png\" alt=\"\" width=\"625\" height=\"429\" srcset=\"https:\/\/aulaabierta.arasaac.org\/wp-content\/uploads\/2016\/12\/AW_14.png 625w, https:\/\/aulaabierta.arasaac.org\/wp-content\/uploads\/2016\/12\/AW_14-300x206.png 300w, https:\/\/aulaabierta.arasaac.org\/wp-content\/uploads\/2016\/12\/AW_14-450x309.png 450w\" sizes=\"auto, (max-width: 625px) 100vw, 625px\" \/><\/p>\n<p>Une fois enregistr\u00e9, nous pouvons l&rsquo;ouvrir avec n&rsquo;importe quel lecteur de ce type de format et l&rsquo;imprimer \u00e0 partir de l\u00e0.<\/p>\n<\/div><\/section>\n<\/div><\/div><\/div><!-- close content main div --><\/div><\/div><div id='av-layout-grid-2'  class='av-layout-grid-container av-1ixpch-c1e3b8abde98ccd95a02ef5d64384831 entry-content-wrapper main_color av-border-top-bottom av-flex-cells  avia-builder-el-8  el_after_av_textblock  avia-builder-el-last  grid-row-not-first  container_wrap fullsize'  >\n\n<style type=\"text\/css\" data-created_by=\"avia_inline_auto\" id=\"style-css-av-1gwqsx-118ebe20ef0e2696232d5567fdc8c085\">\n.flex_cell.av-1gwqsx-118ebe20ef0e2696232d5567fdc8c085{\nvertical-align:top;\n}\n.responsive #top #wrap_all .flex_cell.av-1gwqsx-118ebe20ef0e2696232d5567fdc8c085{\npadding:30px 30px 30px 30px !important;\n}\n<\/style>\n<div class='flex_cell av-1gwqsx-118ebe20ef0e2696232d5567fdc8c085 av-gridrow-cell av_one_fifth no_margin  avia-builder-el-9  el_before_av_cell_one_fifth  avia-builder-el-first ' ><div class='flex_cell_inner'>\n<style type=\"text\/css\" data-created_by=\"avia_inline_auto\" id=\"style-css-av-18drvl-b64b026d8769cb33cd7c8210c535ae69\">\n.avia-image-container.av-18drvl-b64b026d8769cb33cd7c8210c535ae69 img.avia_image{\nbox-shadow:none;\n}\n.avia-image-container.av-18drvl-b64b026d8769cb33cd7c8210c535ae69 .av-image-caption-overlay-center{\ncolor:#ffffff;\n}\n<\/style>\n<div  class='avia-image-container av-18drvl-b64b026d8769cb33cd7c8210c535ae69 av-styling- avia-align-center  avia-builder-el-10  avia-builder-el-no-sibling '   itemprop=\"image\" itemscope=\"itemscope\" itemtype=\"https:\/\/schema.org\/ImageObject\" ><div class=\"avia-image-container-inner\"><div class=\"avia-image-overlay-wrap\"><a href=\"https:\/\/aulaabierta.arasaac.org\/fr\/araword-installation-et-mise-a-jour-de-la-base-de-donnees-de-pictogrammes\" class='avia_image' ><img decoding=\"async\" class='wp-image-23492 avia-img-lazy-loading-not-23492 avia_image ' src=\"https:\/\/aulaabierta.arasaac.org\/wp-content\/uploads\/2016\/12\/before-80x80.png\" alt='' title='before'  height=\"80\" width=\"80\"  itemprop=\"thumbnailUrl\" srcset=\"https:\/\/aulaabierta.arasaac.org\/wp-content\/uploads\/2016\/12\/before-80x80.png 80w, https:\/\/aulaabierta.arasaac.org\/wp-content\/uploads\/2016\/12\/before-36x36.png 36w, https:\/\/aulaabierta.arasaac.org\/wp-content\/uploads\/2016\/12\/before-120x120.png 120w, https:\/\/aulaabierta.arasaac.org\/wp-content\/uploads\/2016\/12\/before.png 128w\" sizes=\"(max-width: 80px) 100vw, 80px\" \/><\/a><\/div><\/div><\/div>\n<\/div><\/div>\n<style type=\"text\/css\" data-created_by=\"avia_inline_auto\" id=\"style-css-av-12xc49-cb884271633d262d61141093b1abdd75\">\n.flex_cell.av-12xc49-cb884271633d262d61141093b1abdd75{\nvertical-align:top;\n}\n.responsive #top #wrap_all .flex_cell.av-12xc49-cb884271633d262d61141093b1abdd75{\npadding:30px 30px 30px 30px !important;\n}\n<\/style>\n<div class='flex_cell av-12xc49-cb884271633d262d61141093b1abdd75 av-gridrow-cell av_one_fifth no_margin  avia-builder-el-11  el_after_av_cell_one_fifth  el_before_av_cell_one_fifth ' ><div class='flex_cell_inner'><\/div><\/div>\n<style type=\"text\/css\" data-created_by=\"avia_inline_auto\" id=\"style-css-av-zapyh-77055633a68ae92c06366601fdf60260\">\n.flex_cell.av-zapyh-77055633a68ae92c06366601fdf60260{\nvertical-align:top;\n}\n.responsive #top #wrap_all .flex_cell.av-zapyh-77055633a68ae92c06366601fdf60260{\npadding:30px 30px 30px 30px !important;\n}\n<\/style>\n<div class='flex_cell av-zapyh-77055633a68ae92c06366601fdf60260 av-gridrow-cell av_one_fifth no_margin  avia-builder-el-12  el_after_av_cell_one_fifth  el_before_av_cell_one_fifth ' ><div class='flex_cell_inner'>\n<style type=\"text\/css\" data-created_by=\"avia_inline_auto\" id=\"style-css-av-q3dpt-6eb5e4fc97a8cd062c9da9c172ccbee3\">\n.avia-image-container.av-q3dpt-6eb5e4fc97a8cd062c9da9c172ccbee3 img.avia_image{\nbox-shadow:none;\n}\n.avia-image-container.av-q3dpt-6eb5e4fc97a8cd062c9da9c172ccbee3 .av-image-caption-overlay-center{\ncolor:#ffffff;\n}\n<\/style>\n<div  class='avia-image-container av-q3dpt-6eb5e4fc97a8cd062c9da9c172ccbee3 av-styling- avia-align-center  avia-builder-el-13  avia-builder-el-no-sibling '   itemprop=\"image\" itemscope=\"itemscope\" itemtype=\"https:\/\/schema.org\/ImageObject\" ><div class=\"avia-image-container-inner\"><div class=\"avia-image-overlay-wrap\"><a href=\"https:\/\/aulaabierta.arasaac.org\/fr\/araword-accueil\" class='avia_image' ><img decoding=\"async\" class='wp-image-23498 avia-img-lazy-loading-not-23498 avia_image ' src=\"https:\/\/aulaabierta.arasaac.org\/wp-content\/uploads\/2016\/12\/casa-80x80.png\" alt='' title='Commencement'  height=\"80\" width=\"80\"  itemprop=\"thumbnailUrl\" srcset=\"https:\/\/aulaabierta.arasaac.org\/wp-content\/uploads\/2016\/12\/casa-80x80.png 80w, https:\/\/aulaabierta.arasaac.org\/wp-content\/uploads\/2016\/12\/casa-300x300.png 300w, https:\/\/aulaabierta.arasaac.org\/wp-content\/uploads\/2016\/12\/casa-36x36.png 36w, https:\/\/aulaabierta.arasaac.org\/wp-content\/uploads\/2016\/12\/casa-180x180.png 180w, https:\/\/aulaabierta.arasaac.org\/wp-content\/uploads\/2016\/12\/casa-120x120.png 120w, https:\/\/aulaabierta.arasaac.org\/wp-content\/uploads\/2016\/12\/casa-450x450.png 450w, https:\/\/aulaabierta.arasaac.org\/wp-content\/uploads\/2016\/12\/casa.png 500w\" sizes=\"(max-width: 80px) 100vw, 80px\" \/><\/a><\/div><\/div><\/div>\n<\/div><\/div>\n<style type=\"text\/css\" data-created_by=\"avia_inline_auto\" id=\"style-css-av-23nkx-a7f7d7222d8ebdc70a80ca7e5dda83f2\">\n.flex_cell.av-23nkx-a7f7d7222d8ebdc70a80ca7e5dda83f2{\nvertical-align:top;\n}\n.responsive #top #wrap_all .flex_cell.av-23nkx-a7f7d7222d8ebdc70a80ca7e5dda83f2{\npadding:30px 30px 30px 30px !important;\n}\n<\/style>\n<div class='flex_cell av-23nkx-a7f7d7222d8ebdc70a80ca7e5dda83f2 av-gridrow-cell av_one_fifth no_margin  avia-builder-el-14  el_after_av_cell_one_fifth  el_before_av_cell_one_fifth ' ><div class='flex_cell_inner'><\/div><\/div>\n<style type=\"text\/css\" data-created_by=\"avia_inline_auto\" id=\"style-css-av-d66sx-fe67ed725e5d67c6956cbf9d31fd46a9\">\n.flex_cell.av-d66sx-fe67ed725e5d67c6956cbf9d31fd46a9{\nvertical-align:top;\n}\n.responsive #top #wrap_all .flex_cell.av-d66sx-fe67ed725e5d67c6956cbf9d31fd46a9{\npadding:30px 30px 30px 30px !important;\n}\n<\/style>\n<div class='flex_cell av-d66sx-fe67ed725e5d67c6956cbf9d31fd46a9 av-gridrow-cell av_one_fifth no_margin  avia-builder-el-15  el_after_av_cell_one_fifth  avia-builder-el-last ' ><div class='flex_cell_inner'>\n<style type=\"text\/css\" data-created_by=\"avia_inline_auto\" id=\"style-css-av-7qha1-7972a4dc83d39c83cc8fd9cdf9ffc3f9\">\n.avia-image-container.av-7qha1-7972a4dc83d39c83cc8fd9cdf9ffc3f9 img.avia_image{\nbox-shadow:none;\n}\n.avia-image-container.av-7qha1-7972a4dc83d39c83cc8fd9cdf9ffc3f9 .av-image-caption-overlay-center{\ncolor:#ffffff;\n}\n<\/style>\n<div  class='avia-image-container av-7qha1-7972a4dc83d39c83cc8fd9cdf9ffc3f9 av-styling- avia-align-center  avia-builder-el-16  avia-builder-el-no-sibling '   itemprop=\"image\" itemscope=\"itemscope\" itemtype=\"https:\/\/schema.org\/ImageObject\" ><div class=\"avia-image-container-inner\"><div class=\"avia-image-overlay-wrap\"><a href=\"https:\/\/aulaabierta.arasaac.org\/fr\/araword-5-menu-texte\" class='avia_image' ><img decoding=\"async\" class='wp-image-23495 avia-img-lazy-loading-not-23495 avia_image ' src=\"https:\/\/aulaabierta.arasaac.org\/wp-content\/uploads\/2016\/12\/next-80x80.png\" alt='' title='next'  height=\"80\" width=\"80\"  itemprop=\"thumbnailUrl\" srcset=\"https:\/\/aulaabierta.arasaac.org\/wp-content\/uploads\/2016\/12\/next-80x80.png 80w, https:\/\/aulaabierta.arasaac.org\/wp-content\/uploads\/2016\/12\/next-36x36.png 36w, https:\/\/aulaabierta.arasaac.org\/wp-content\/uploads\/2016\/12\/next-120x120.png 120w, https:\/\/aulaabierta.arasaac.org\/wp-content\/uploads\/2016\/12\/next.png 128w\" sizes=\"(max-width: 80px) 100vw, 80px\" \/><\/a><\/div><\/div><\/div>\n<\/div><\/div>\n<\/div>\n","protected":false},"excerpt":{"rendered":"","protected":false},"author":5,"featured_media":0,"parent":0,"menu_order":0,"comment_status":"closed","ping_status":"closed","template":"","meta":{"om_disable_all_campaigns":false,"_monsterinsights_skip_tracking":false,"_monsterinsights_sitenote_active":false,"_monsterinsights_sitenote_note":"","_monsterinsights_sitenote_category":0,"_uf_show_specific_survey":0,"_uf_disable_surveys":false,"footnotes":""},"class_list":["post-80815","page","type-page","status-publish","hentry"],"aioseo_notices":[],"_links":{"self":[{"href":"https:\/\/aulaabierta.arasaac.org\/fr\/wp-json\/wp\/v2\/pages\/80815","targetHints":{"allow":["GET"]}}],"collection":[{"href":"https:\/\/aulaabierta.arasaac.org\/fr\/wp-json\/wp\/v2\/pages"}],"about":[{"href":"https:\/\/aulaabierta.arasaac.org\/fr\/wp-json\/wp\/v2\/types\/page"}],"author":[{"embeddable":true,"href":"https:\/\/aulaabierta.arasaac.org\/fr\/wp-json\/wp\/v2\/users\/5"}],"replies":[{"embeddable":true,"href":"https:\/\/aulaabierta.arasaac.org\/fr\/wp-json\/wp\/v2\/comments?post=80815"}],"version-history":[{"count":31,"href":"https:\/\/aulaabierta.arasaac.org\/fr\/wp-json\/wp\/v2\/pages\/80815\/revisions"}],"predecessor-version":[{"id":86205,"href":"https:\/\/aulaabierta.arasaac.org\/fr\/wp-json\/wp\/v2\/pages\/80815\/revisions\/86205"}],"wp:attachment":[{"href":"https:\/\/aulaabierta.arasaac.org\/fr\/wp-json\/wp\/v2\/media?parent=80815"}],"curies":[{"name":"wp","href":"https:\/\/api.w.org\/{rel}","templated":true}]}}