{"id":81069,"date":"2016-12-13T19:01:45","date_gmt":"2016-12-13T19:01:45","guid":{"rendered":"https:\/\/aulaabierta.arasaac.org\/araword-6-pictogramas"},"modified":"2023-02-09T11:25:14","modified_gmt":"2023-02-09T10:25:14","slug":"araword-6-pictogrammes","status":"publish","type":"page","link":"https:\/\/aulaabierta.arasaac.org\/fr\/araword-6-pictogrammes","title":{"rendered":"AraWord &#8211; 6 &#8211; Menu Pictogrammes"},"content":{"rendered":"<div id='av-layout-grid-1'  class='av-layout-grid-container av-35qpkt-e683bc433be9a54e6d5007b04ac23d0f entry-content-wrapper alternate_color av-border-cells av-flex-cells  avia-builder-el-0  el_before_av_textblock  avia-builder-el-first   container_wrap fullsize'  >\n\n<style type=\"text\/css\" data-created_by=\"avia_inline_auto\" id=\"style-css-av-33omwt-a10678fa59bd12c56827fc7ae3b9db29\">\n.flex_cell.av-33omwt-a10678fa59bd12c56827fc7ae3b9db29{\nvertical-align:top;\n}\n.responsive #top #wrap_all .flex_cell.av-33omwt-a10678fa59bd12c56827fc7ae3b9db29{\npadding:30px 30px 30px 30px !important;\n}\n<\/style>\n<div class='flex_cell av-33omwt-a10678fa59bd12c56827fc7ae3b9db29 av-gridrow-cell av_one_fifth no_margin  avia-builder-el-1  el_before_av_cell_four_fifth  avia-builder-el-first ' ><div class='flex_cell_inner'>\n<style type=\"text\/css\" data-created_by=\"avia_inline_auto\" id=\"style-css-av-2yevw5-c542418626cd0ef17810b25767ad6978\">\n.avia-image-container.av-2yevw5-c542418626cd0ef17810b25767ad6978 img.avia_image{\nbox-shadow:none;\n}\n.avia-image-container.av-2yevw5-c542418626cd0ef17810b25767ad6978 .av-caption-image-overlay-bg{\nopacity:0.4;\nbackground-color:#444444;\n}\n.avia-image-container.av-2yevw5-c542418626cd0ef17810b25767ad6978 .av-image-caption-overlay-center{\ncolor:#ffffff;\n}\n<\/style>\n<div  class='avia-image-container av-2yevw5-c542418626cd0ef17810b25767ad6978 av-styling- avia-align-left  avia-builder-el-2  avia-builder-el-no-sibling  noHover av-overlay-on-hover'   itemprop=\"image\" itemscope=\"itemscope\" itemtype=\"https:\/\/schema.org\/ImageObject\" ><div class=\"avia-image-container-inner\"><div class=\"avia-image-overlay-wrap\"><a href=\"https:\/\/aulaabierta.arasaac.org\/fr\/araword-accueil\" class='avia_image' ><div class=\"av-image-caption-overlay\"><div class=\"av-caption-image-overlay-bg\"><\/div><div class=\"av-image-caption-overlay-position\"><div class=\"av-image-caption-overlay-center\"><p>Retour en haut de la page<\/p>\n<\/div><\/div><\/div><img decoding=\"async\" class='wp-image-23546 avia-img-lazy-loading-not-23546 avia_image ' src=\"https:\/\/aulaabierta.arasaac.org\/wp-content\/uploads\/2016\/12\/AraWord-PC.jpg\" alt='' title='AraWord PC'  height=\"862\" width=\"862\"  itemprop=\"thumbnailUrl\" srcset=\"https:\/\/aulaabierta.arasaac.org\/wp-content\/uploads\/2016\/12\/AraWord-PC.jpg 862w, https:\/\/aulaabierta.arasaac.org\/wp-content\/uploads\/2016\/12\/AraWord-PC-80x80.jpg 80w, https:\/\/aulaabierta.arasaac.org\/wp-content\/uploads\/2016\/12\/AraWord-PC-300x300.jpg 300w, https:\/\/aulaabierta.arasaac.org\/wp-content\/uploads\/2016\/12\/AraWord-PC-768x768.jpg 768w, https:\/\/aulaabierta.arasaac.org\/wp-content\/uploads\/2016\/12\/AraWord-PC-36x36.jpg 36w, https:\/\/aulaabierta.arasaac.org\/wp-content\/uploads\/2016\/12\/AraWord-PC-180x180.jpg 180w, https:\/\/aulaabierta.arasaac.org\/wp-content\/uploads\/2016\/12\/AraWord-PC-705x705.jpg 705w, https:\/\/aulaabierta.arasaac.org\/wp-content\/uploads\/2016\/12\/AraWord-PC-120x120.jpg 120w, https:\/\/aulaabierta.arasaac.org\/wp-content\/uploads\/2016\/12\/AraWord-PC-450x450.jpg 450w\" sizes=\"(max-width: 862px) 100vw, 862px\" \/><\/a><\/div><\/div><\/div>\n<\/div><\/div>\n<style type=\"text\/css\" data-created_by=\"avia_inline_auto\" id=\"style-css-av-2ok1z1-f6d791e2d11d7d42e1857400dd039b33\">\n.flex_cell.av-2ok1z1-f6d791e2d11d7d42e1857400dd039b33{\nvertical-align:middle;\n}\n.responsive #top #wrap_all .flex_cell.av-2ok1z1-f6d791e2d11d7d42e1857400dd039b33{\npadding:30px 30px 30px 30px !important;\n}\n<\/style>\n<div class='flex_cell av-2ok1z1-f6d791e2d11d7d42e1857400dd039b33 av-gridrow-cell av_four_fifth no_margin  avia-builder-el-3  el_after_av_cell_one_fifth  avia-builder-el-last ' ><div class='flex_cell_inner'>\n<style type=\"text\/css\" data-created_by=\"avia_inline_auto\" id=\"style-css-av-kup44rg4-48f661206e708636144424f6e3e5f2cb\">\n#top .av-special-heading.av-kup44rg4-48f661206e708636144424f6e3e5f2cb{\npadding-bottom:0;\n}\nbody .av-special-heading.av-kup44rg4-48f661206e708636144424f6e3e5f2cb .av-special-heading-tag .heading-char{\nfont-size:25px;\n}\n#top #wrap_all .av-special-heading.av-kup44rg4-48f661206e708636144424f6e3e5f2cb .av-special-heading-tag{\nfont-size:26px;\n}\n.av-special-heading.av-kup44rg4-48f661206e708636144424f6e3e5f2cb .av-subheading{\nfont-size:15px;\n}\n<\/style>\n<div  class='av-special-heading av-kup44rg4-48f661206e708636144424f6e3e5f2cb av-special-heading-h2  avia-builder-el-4  avia-builder-el-no-sibling  av-linked-heading'><h2 class='av-special-heading-tag'  itemprop=\"headline\"  >6. MENU PICTOGRAMME<\/h2><div class=\"special-heading-border\"><div class=\"special-heading-inner-border\"><\/div><\/div><\/div>\n<\/div><\/div><\/div><div id='after_grid_row_1'  class='main_color av_default_container_wrap container_wrap fullsize'  ><div class='container av-section-cont-open' ><div class='template-page content  av-content-full alpha units'><div class='post-entry post-entry-type-page post-entry-81069'><div class='entry-content-wrapper clearfix'><section  class='av_textblock_section av-2evnj9-5df03887628404c4ae6f2ec3d35d3f44'  itemscope=\"itemscope\" itemtype=\"https:\/\/schema.org\/CreativeWork\" ><div class='avia_textblock'  itemprop=\"text\" ><p><img loading=\"lazy\" decoding=\"async\" class=\"size-full wp-image-932 aligncenter\" src=\"https:\/\/aulaabierta.arasaac.org\/wp-content\/uploads\/2016\/12\/by-nc-sa.eu_petit.png\" alt=\"\" width=\"118\" height=\"41\"><\/p>\n<h6 style=\"text-align: center;\">Cette \u0153uvre est sous licence <a href=\"http:\/\/creativecommons.org\/licenses\/by-nc-sa\/4.0\/\" rel=\"license\">Creative Commons Attribution-NonComercial-ShareAlike 4.0 International.<\/a><\/h6>\n<hr>\n<\/div><\/section><\/p>\n\n<style type=\"text\/css\" data-created_by=\"avia_inline_auto\" id=\"style-css-av-6k7pp-3a90f0d148fcdbceaa7d6e66a0f681cb\">\n#top .av-special-heading.av-6k7pp-3a90f0d148fcdbceaa7d6e66a0f681cb{\npadding-bottom:10px;\n}\nbody .av-special-heading.av-6k7pp-3a90f0d148fcdbceaa7d6e66a0f681cb .av-special-heading-tag .heading-char{\nfont-size:25px;\n}\n.av-special-heading.av-6k7pp-3a90f0d148fcdbceaa7d6e66a0f681cb .av-subheading{\nfont-size:15px;\n}\n<\/style>\n<div  class='av-special-heading av-6k7pp-3a90f0d148fcdbceaa7d6e66a0f681cb av-special-heading-h3  avia-builder-el-6  el_after_av_textblock  el_before_av_textblock '><h3 class='av-special-heading-tag'  itemprop=\"headline\"  >Didacticiel<\/h3><div class=\"special-heading-border\"><div class=\"special-heading-inner-border\"><\/div><\/div><\/div>\n\n<style type=\"text\/css\" data-created_by=\"avia_inline_auto\" id=\"style-css-av-1sx0kl-68afb6a0b2c89e582a481ebc8b4e9e7e\">\n#top .av_textblock_section.av-1sx0kl-68afb6a0b2c89e582a481ebc8b4e9e7e .avia_textblock{\nfont-size:16px;\n}\n<\/style>\n<section  class='av_textblock_section av-1sx0kl-68afb6a0b2c89e582a481ebc8b4e9e7e'  itemscope=\"itemscope\" itemtype=\"https:\/\/schema.org\/CreativeWork\" ><div class='avia_textblock'  itemprop=\"text\" ><p>C&rsquo;est sans aucun doute l&rsquo;un des menus les plus importants de l&rsquo;application.<\/p>\n<p><img loading=\"lazy\" decoding=\"async\" class=\"aligncenter size-full wp-image-841\" src=\"https:\/\/aulaabierta.arasaac.org\/wp-content\/uploads\/2016\/12\/AW_36.png\" alt=\"\" width=\"1008\" height=\"314\" srcset=\"https:\/\/aulaabierta.arasaac.org\/wp-content\/uploads\/2016\/12\/AW_36.png 1008w, https:\/\/aulaabierta.arasaac.org\/wp-content\/uploads\/2016\/12\/AW_36-300x93.png 300w, https:\/\/aulaabierta.arasaac.org\/wp-content\/uploads\/2016\/12\/AW_36-768x239.png 768w, https:\/\/aulaabierta.arasaac.org\/wp-content\/uploads\/2016\/12\/AW_36-705x220.png 705w, https:\/\/aulaabierta.arasaac.org\/wp-content\/uploads\/2016\/12\/AW_36-450x140.png 450w\" sizes=\"auto, (max-width: 1008px) 100vw, 1008px\" \/><br \/>\nA partir de ce menu, nous pouvons configurer la <strong>Taille des pictogrammes<\/strong> en les adaptant \u00e0 la taille souhait\u00e9e.<\/p>\n<p><img loading=\"lazy\" decoding=\"async\" class=\"aligncenter size-full wp-image-842\" src=\"https:\/\/aulaabierta.arasaac.org\/wp-content\/uploads\/2016\/12\/AW_37.png\" alt=\"\" width=\"214\" height=\"95\"><br \/>\nEnsuite, nous pouvons utiliser trois des options les plus importantes pour adapter n\u2019importe quel texte aux pictogrammes: <strong>Image suivante,<\/strong> <strong>Composer \/ D\u00e9composer le mot<\/strong> et <strong>Renommer.<\/strong> Nous pouvons activer ces options de plusieurs mani\u00e8res, en utilisant le menu outils, les touches de fonction ou les ic\u00f4nes de la barre d&rsquo;outils.<\/p>\n<p><img loading=\"lazy\" decoding=\"async\" class=\"aligncenter size-full wp-image-843\" src=\"https:\/\/aulaabierta.arasaac.org\/wp-content\/uploads\/2016\/12\/AW_38.png\" alt=\"\" width=\"652\" height=\"241\" srcset=\"https:\/\/aulaabierta.arasaac.org\/wp-content\/uploads\/2016\/12\/AW_38.png 652w, https:\/\/aulaabierta.arasaac.org\/wp-content\/uploads\/2016\/12\/AW_38-300x111.png 300w, https:\/\/aulaabierta.arasaac.org\/wp-content\/uploads\/2016\/12\/AW_38-450x166.png 450w\" sizes=\"auto, (max-width: 652px) 100vw, 652px\" \/><\/p>\n<p>Nous \u00e9crivons le mot \u00ab\u00a0fille\u00a0\u00bb dans notre texte et laissons le curseur \u00e0 l&rsquo;int\u00e9rieur de cette cellule. Comme dans la base de donn\u00e9es de l&rsquo;application, nous avons plusieurs pictogrammes associ\u00e9s au mot \u00ab\u00a0fille\u00a0\u00bb, nous avons la possibilit\u00e9 de s\u00e9lectionner celui qui nous int\u00e9resse le plus, y compris les photographies ou les images que nous avons t\u00e9l\u00e9charg\u00e9es dans l&rsquo;application et m\u00eame de s\u00e9lectionner le texte \u00e9crit . Pour effectuer cette action, nous allons dans le menu <strong>Pictogrammes<\/strong> et s\u00e9lectionnons <strong>Image suivante,<\/strong> cliquez sur la touche <strong>F3<\/strong> ou cliquez sur l\u2019ic\u00f4ne <strong>correspondante,<\/strong> dans ce cas celle des trois pommes.<\/p>\n<p><img loading=\"lazy\" decoding=\"async\" class=\"aligncenter size-full wp-image-1875\" src=\"https:\/\/aulaabierta.arasaac.org\/wp-content\/uploads\/2016\/12\/AraWord-Cambiar-pictograma.jpg\" alt=\"\" width=\"784\" height=\"293\" srcset=\"https:\/\/aulaabierta.arasaac.org\/wp-content\/uploads\/2016\/12\/AraWord-Cambiar-pictograma.jpg 784w, https:\/\/aulaabierta.arasaac.org\/wp-content\/uploads\/2016\/12\/AraWord-Cambiar-pictograma-300x112.jpg 300w, https:\/\/aulaabierta.arasaac.org\/wp-content\/uploads\/2016\/12\/AraWord-Cambiar-pictograma-768x287.jpg 768w, https:\/\/aulaabierta.arasaac.org\/wp-content\/uploads\/2016\/12\/AraWord-Cambiar-pictograma-705x263.jpg 705w, https:\/\/aulaabierta.arasaac.org\/wp-content\/uploads\/2016\/12\/AraWord-Cambiar-pictograma-450x168.jpg 450w\" sizes=\"auto, (max-width: 784px) 100vw, 784px\" \/><\/p>\n<p>Par d\u00e9faut, <strong>AraWord<\/strong> joint les compositions de mots associ\u00e9es \u00e0 un seul pictogramme, comme dans le cas de la \u00ab brosse \u00e0 dents \u00bb. Il peut arriver que l&rsquo;on s&rsquo;int\u00e9resse \u00e0 repr\u00e9senter ce mot comme un seul pictogramme ou comme l&rsquo;ensemble des trois pictogrammes qui le composent. Pour joindre ou s\u00e9parer les diff\u00e9rents pictogrammes qui composent le <strong>mot, <\/strong>nous utiliserons <strong>l\u2019option Composer \/ D\u00e9composer un mot,<\/strong>la touche<strong> F4 <\/strong>ou cliquez sur l\u2019ic\u00f4ne indiqu\u00e9e dans la capture inf\u00e9rieure. <strong><\/strong> On observera que, automatiquement, les trois pictogrammes qui composent ce mot apparaissent. Pour revenir \u00e0 l&rsquo;utilisation d&rsquo;un seul pictogramme, nous allons au texte de l&rsquo;un des trois pictogrammes et utilisons l&rsquo;une des options que nous avons mentionn\u00e9es ci-dessus pour revenir \u00e0 un seul pictogramme.<\/p>\n<p><img loading=\"lazy\" decoding=\"async\" class=\"aligncenter size-full wp-image-845\" src=\"https:\/\/aulaabierta.arasaac.org\/wp-content\/uploads\/2016\/12\/AW_40.png\" alt=\"\" width=\"551\" height=\"215\" srcset=\"https:\/\/aulaabierta.arasaac.org\/wp-content\/uploads\/2016\/12\/AW_40.png 551w, https:\/\/aulaabierta.arasaac.org\/wp-content\/uploads\/2016\/12\/AW_40-300x117.png 300w, https:\/\/aulaabierta.arasaac.org\/wp-content\/uploads\/2016\/12\/AW_40-450x176.png 450w\" sizes=\"auto, (max-width: 551px) 100vw, 551px\" \/><\/p>\n<p>Il peut arriver que l&rsquo;on veuille changer le nom d&rsquo;un pictogramme. Pour ce faire, nous nous placerons dans le texte de la cellule et utiliserons l\u2019option <strong>Renommer,<\/strong>la touche<strong> F5<\/strong> ou l\u2019ic\u00f4ne <strong>correspondante.<\/strong> \u00c0 titre d&rsquo;exemple, nous \u00e9crivons le mot \u00ab fille \u00bb plusieurs fois. Nous pla\u00e7ons le curseur \u00e0 l&rsquo;int\u00e9rieur de chacun des pictogrammes correspondants et s\u00e9lectionnons l&rsquo;une des trois options dont nous avons discut\u00e9. Nous allons observer que nous pouvons effacer le texte contenu et \u00e9crire le mot souhait\u00e9. Dans le cas o\u00f9 nous \u00e9crivons un <strong>nom compos\u00e9<\/strong>, par exemple Mar\u00eda Elena, nous devons l&rsquo;\u00e9crire tout suivi et une fois \u00e9crit, s\u00e9parez-le avec la touche Espace.<\/p>\n<p><img loading=\"lazy\" decoding=\"async\" class=\"aligncenter size-full wp-image-846\" src=\"https:\/\/aulaabierta.arasaac.org\/wp-content\/uploads\/2016\/12\/AW_41.png\" alt=\"\" width=\"536\" height=\"225\" srcset=\"https:\/\/aulaabierta.arasaac.org\/wp-content\/uploads\/2016\/12\/AW_41.png 536w, https:\/\/aulaabierta.arasaac.org\/wp-content\/uploads\/2016\/12\/AW_41-300x126.png 300w, https:\/\/aulaabierta.arasaac.org\/wp-content\/uploads\/2016\/12\/AW_41-450x189.png 450w\" sizes=\"auto, (max-width: 536px) 100vw, 536px\" \/><\/p>\n<p>Dans ce menu, nous avons \u00e9galement les options <strong>Masquer \/ Afficher l\u2019image<\/strong> ou <strong>Masquer \/ Afficher la bordure d\u2019un \u00e9l\u00e9ment \/ Tous les \u00e9l\u00e9ments.<\/strong> Nous vous recommandons de faire quelques petits tests pour vous familiariser avec ces options et voir ce qui se passe.<\/p>\n<p>Dans la derni\u00e8re version <strong>d\u2019AraWord,<\/strong> la possibilit\u00e9 de convertir les pictogrammes en niveaux de gris a \u00e9t\u00e9 ajout\u00e9e, ce qui facilite sans aucun doute la cr\u00e9ation de documents facilement <strong>imprimables<\/strong> en niveaux de gris.<\/p>\n<p><img loading=\"lazy\" decoding=\"async\" class=\"aligncenter size-full wp-image-847\" src=\"https:\/\/aulaabierta.arasaac.org\/wp-content\/uploads\/2016\/12\/AW_42.png\" alt=\"\" width=\"837\" height=\"317\" srcset=\"https:\/\/aulaabierta.arasaac.org\/wp-content\/uploads\/2016\/12\/AW_42.png 837w, https:\/\/aulaabierta.arasaac.org\/wp-content\/uploads\/2016\/12\/AW_42-300x114.png 300w, https:\/\/aulaabierta.arasaac.org\/wp-content\/uploads\/2016\/12\/AW_42-768x291.png 768w, https:\/\/aulaabierta.arasaac.org\/wp-content\/uploads\/2016\/12\/AW_42-705x267.png 705w, https:\/\/aulaabierta.arasaac.org\/wp-content\/uploads\/2016\/12\/AW_42-450x170.png 450w\" sizes=\"auto, (max-width: 837px) 100vw, 837px\" \/><br \/>\nLorsque vous cliquez sur cette option, une fen\u00eatre contextuelle appara\u00eet dans laquelle 256 est d\u00e9fini dans les niveaux. En cliquant sur Accepter, les pictogrammes que nous avons jusqu&rsquo;\u00e0 pr\u00e9sent seront convertis en niveaux de gris et les nouveaux qui apparaissent lors de l&rsquo;\u00e9criture seront \u00e9galement convertis.<\/p>\n<p><img loading=\"lazy\" decoding=\"async\" class=\"size-full wp-image-23061 aligncenter\" src=\"https:\/\/aulaabierta.arasaac.org\/wp-content\/uploads\/2021\/10\/AraWord_Texto_5-1.png\" alt=\"\" width=\"972\" height=\"513\" srcset=\"https:\/\/aulaabierta.arasaac.org\/wp-content\/uploads\/2021\/10\/AraWord_Texto_5-1.png 972w, https:\/\/aulaabierta.arasaac.org\/wp-content\/uploads\/2021\/10\/AraWord_Texto_5-1-300x158.png 300w, https:\/\/aulaabierta.arasaac.org\/wp-content\/uploads\/2021\/10\/AraWord_Texto_5-1-768x405.png 768w, https:\/\/aulaabierta.arasaac.org\/wp-content\/uploads\/2021\/10\/AraWord_Texto_5-1-710x375.png 710w, https:\/\/aulaabierta.arasaac.org\/wp-content\/uploads\/2021\/10\/AraWord_Texto_5-1-705x372.png 705w, https:\/\/aulaabierta.arasaac.org\/wp-content\/uploads\/2021\/10\/AraWord_Texto_5-1-450x238.png 450w\" sizes=\"auto, (max-width: 972px) 100vw, 972px\" \/><\/p>\n<p>Si nous voulons revoir les pictogrammes en couleur, nous s\u00e9lectionnerons \u00e0 nouveau cette option et dans la fen\u00eatre contextuelle nous mettrons le chiffre 0 au lieu de 256. Nous n&rsquo;avons qu&rsquo;\u00e0 cliquer sur OK.<\/p>\n<p><img loading=\"lazy\" decoding=\"async\" class=\"aligncenter size-full wp-image-849\" src=\"https:\/\/aulaabierta.arasaac.org\/wp-content\/uploads\/2016\/12\/AW_44.png\" alt=\"\" width=\"196\" height=\"98\"><\/p>\n<p>Si vous souhaitez les reconvertir en niveaux de gris, vous devrez \u00e0 nouveau \u00e9crire 256.<\/p>\n<\/div><\/section>\n<\/div><\/div><\/div><!-- close content main div --><\/div><\/div><div id='av-layout-grid-2'  class='av-layout-grid-container av-1jnrnp-1bb3279c03a04c75d3d3876d6dcc5e78 entry-content-wrapper main_color av-border-top-bottom av-flex-cells  avia-builder-el-8  el_after_av_textblock  avia-builder-el-last  grid-row-not-first  container_wrap fullsize'  >\n\n<style type=\"text\/css\" data-created_by=\"avia_inline_auto\" id=\"style-css-av-1cdcwd-9557c947edcf1f392c8d4def5f60b4f3\">\n.flex_cell.av-1cdcwd-9557c947edcf1f392c8d4def5f60b4f3{\nvertical-align:top;\n}\n.responsive #top #wrap_all .flex_cell.av-1cdcwd-9557c947edcf1f392c8d4def5f60b4f3{\npadding:30px 30px 30px 30px !important;\n}\n<\/style>\n<div class='flex_cell av-1cdcwd-9557c947edcf1f392c8d4def5f60b4f3 av-gridrow-cell av_one_fifth no_margin  avia-builder-el-9  el_before_av_cell_one_fifth  avia-builder-el-first ' ><div class='flex_cell_inner'>\n<style type=\"text\/css\" data-created_by=\"avia_inline_auto\" id=\"style-css-av-18dzmt-759b67382759fd880641f39a1394f42d\">\n.avia-image-container.av-18dzmt-759b67382759fd880641f39a1394f42d img.avia_image{\nbox-shadow:none;\n}\n.avia-image-container.av-18dzmt-759b67382759fd880641f39a1394f42d .av-image-caption-overlay-center{\ncolor:#ffffff;\n}\n<\/style>\n<div  class='avia-image-container av-18dzmt-759b67382759fd880641f39a1394f42d av-styling- avia-align-center  avia-builder-el-10  avia-builder-el-no-sibling '   itemprop=\"image\" itemscope=\"itemscope\" itemtype=\"https:\/\/schema.org\/ImageObject\" ><div class=\"avia-image-container-inner\"><div class=\"avia-image-overlay-wrap\"><a href=\"https:\/\/aulaabierta.arasaac.org\/fr\/araword-5-menu-texte\" class='avia_image' ><img decoding=\"async\" class='wp-image-23492 avia-img-lazy-loading-not-23492 avia_image ' src=\"https:\/\/aulaabierta.arasaac.org\/wp-content\/uploads\/2016\/12\/before-80x80.png\" alt='' title='before'  height=\"80\" width=\"80\"  itemprop=\"thumbnailUrl\" srcset=\"https:\/\/aulaabierta.arasaac.org\/wp-content\/uploads\/2016\/12\/before-80x80.png 80w, https:\/\/aulaabierta.arasaac.org\/wp-content\/uploads\/2016\/12\/before-36x36.png 36w, https:\/\/aulaabierta.arasaac.org\/wp-content\/uploads\/2016\/12\/before-120x120.png 120w, https:\/\/aulaabierta.arasaac.org\/wp-content\/uploads\/2016\/12\/before.png 128w\" sizes=\"(max-width: 80px) 100vw, 80px\" \/><\/a><\/div><\/div><\/div>\n<\/div><\/div>\n<style type=\"text\/css\" data-created_by=\"avia_inline_auto\" id=\"style-css-av-11jp4d-b81386bb301ed6c5e394b679b81745e0\">\n.flex_cell.av-11jp4d-b81386bb301ed6c5e394b679b81745e0{\nvertical-align:top;\n}\n.responsive #top #wrap_all .flex_cell.av-11jp4d-b81386bb301ed6c5e394b679b81745e0{\npadding:30px 30px 30px 30px !important;\n}\n<\/style>\n<div class='flex_cell av-11jp4d-b81386bb301ed6c5e394b679b81745e0 av-gridrow-cell av_one_fifth no_margin  avia-builder-el-11  el_after_av_cell_one_fifth  el_before_av_cell_one_fifth ' ><div class='flex_cell_inner'><\/div><\/div>\n<style type=\"text\/css\" data-created_by=\"avia_inline_auto\" id=\"style-css-av-vvzsd-8265de4fb3e4d29f633e7e26446638d0\">\n.flex_cell.av-vvzsd-8265de4fb3e4d29f633e7e26446638d0{\nvertical-align:top;\n}\n.responsive #top #wrap_all .flex_cell.av-vvzsd-8265de4fb3e4d29f633e7e26446638d0{\npadding:30px 30px 30px 30px !important;\n}\n<\/style>\n<div class='flex_cell av-vvzsd-8265de4fb3e4d29f633e7e26446638d0 av-gridrow-cell av_one_fifth no_margin  avia-builder-el-12  el_after_av_cell_one_fifth  el_before_av_cell_one_fifth ' ><div class='flex_cell_inner'>\n<style type=\"text\/css\" data-created_by=\"avia_inline_auto\" id=\"style-css-av-osdml-8c31ad1c6a47d7ed545e8cada2916d68\">\n.avia-image-container.av-osdml-8c31ad1c6a47d7ed545e8cada2916d68 img.avia_image{\nbox-shadow:none;\n}\n.avia-image-container.av-osdml-8c31ad1c6a47d7ed545e8cada2916d68 .av-image-caption-overlay-center{\ncolor:#ffffff;\n}\n<\/style>\n<div  class='avia-image-container av-osdml-8c31ad1c6a47d7ed545e8cada2916d68 av-styling- avia-align-center  avia-builder-el-13  avia-builder-el-no-sibling '   itemprop=\"image\" itemscope=\"itemscope\" itemtype=\"https:\/\/schema.org\/ImageObject\" ><div class=\"avia-image-container-inner\"><div class=\"avia-image-overlay-wrap\"><a href=\"https:\/\/aulaabierta.arasaac.org\/fr\/araword-accueil\" class='avia_image' ><img decoding=\"async\" class='wp-image-23498 avia-img-lazy-loading-not-23498 avia_image ' src=\"https:\/\/aulaabierta.arasaac.org\/wp-content\/uploads\/2016\/12\/casa-80x80.png\" alt='' title='Commencement'  height=\"80\" width=\"80\"  itemprop=\"thumbnailUrl\" srcset=\"https:\/\/aulaabierta.arasaac.org\/wp-content\/uploads\/2016\/12\/casa-80x80.png 80w, https:\/\/aulaabierta.arasaac.org\/wp-content\/uploads\/2016\/12\/casa-300x300.png 300w, https:\/\/aulaabierta.arasaac.org\/wp-content\/uploads\/2016\/12\/casa-36x36.png 36w, https:\/\/aulaabierta.arasaac.org\/wp-content\/uploads\/2016\/12\/casa-180x180.png 180w, https:\/\/aulaabierta.arasaac.org\/wp-content\/uploads\/2016\/12\/casa-120x120.png 120w, https:\/\/aulaabierta.arasaac.org\/wp-content\/uploads\/2016\/12\/casa-450x450.png 450w, https:\/\/aulaabierta.arasaac.org\/wp-content\/uploads\/2016\/12\/casa.png 500w\" sizes=\"(max-width: 80px) 100vw, 80px\" \/><\/a><\/div><\/div><\/div>\n<\/div><\/div>\n<style type=\"text\/css\" data-created_by=\"avia_inline_auto\" id=\"style-css-av-men7h-3cf01115e545c12ec42a8b63752d1ae7\">\n.flex_cell.av-men7h-3cf01115e545c12ec42a8b63752d1ae7{\nvertical-align:top;\n}\n.responsive #top #wrap_all .flex_cell.av-men7h-3cf01115e545c12ec42a8b63752d1ae7{\npadding:30px 30px 30px 30px !important;\n}\n<\/style>\n<div class='flex_cell av-men7h-3cf01115e545c12ec42a8b63752d1ae7 av-gridrow-cell av_one_fifth no_margin  avia-builder-el-14  el_after_av_cell_one_fifth  el_before_av_cell_one_fifth ' ><div class='flex_cell_inner'><\/div><\/div>\n<style type=\"text\/css\" data-created_by=\"avia_inline_auto\" id=\"style-css-av-cv68l-816a69e87f67b44788ecbf2860756d6a\">\n.flex_cell.av-cv68l-816a69e87f67b44788ecbf2860756d6a{\nvertical-align:top;\n}\n.responsive #top #wrap_all .flex_cell.av-cv68l-816a69e87f67b44788ecbf2860756d6a{\npadding:30px 30px 30px 30px !important;\n}\n<\/style>\n<div class='flex_cell av-cv68l-816a69e87f67b44788ecbf2860756d6a av-gridrow-cell av_one_fifth no_margin  avia-builder-el-15  el_after_av_cell_one_fifth  avia-builder-el-last ' ><div class='flex_cell_inner'>\n<style type=\"text\/css\" data-created_by=\"avia_inline_auto\" id=\"style-css-av-b6vpp-a720e4f6584bcbf9f20651d4eb2c80e7\">\n.avia-image-container.av-b6vpp-a720e4f6584bcbf9f20651d4eb2c80e7 img.avia_image{\nbox-shadow:none;\n}\n.avia-image-container.av-b6vpp-a720e4f6584bcbf9f20651d4eb2c80e7 .av-image-caption-overlay-center{\ncolor:#ffffff;\n}\n<\/style>\n<div  class='avia-image-container av-b6vpp-a720e4f6584bcbf9f20651d4eb2c80e7 av-styling- avia-align-center  avia-builder-el-16  avia-builder-el-no-sibling '   itemprop=\"image\" itemscope=\"itemscope\" itemtype=\"https:\/\/schema.org\/ImageObject\" ><div class=\"avia-image-container-inner\"><div class=\"avia-image-overlay-wrap\"><a href=\"https:\/\/aulaabierta.arasaac.org\/fr\/araword-7-menu-outils\" class='avia_image' ><img decoding=\"async\" class='wp-image-23495 avia-img-lazy-loading-not-23495 avia_image ' src=\"https:\/\/aulaabierta.arasaac.org\/wp-content\/uploads\/2016\/12\/next-80x80.png\" alt='' title='next'  height=\"80\" width=\"80\"  itemprop=\"thumbnailUrl\" srcset=\"https:\/\/aulaabierta.arasaac.org\/wp-content\/uploads\/2016\/12\/next-80x80.png 80w, https:\/\/aulaabierta.arasaac.org\/wp-content\/uploads\/2016\/12\/next-36x36.png 36w, https:\/\/aulaabierta.arasaac.org\/wp-content\/uploads\/2016\/12\/next-120x120.png 120w, https:\/\/aulaabierta.arasaac.org\/wp-content\/uploads\/2016\/12\/next.png 128w\" sizes=\"(max-width: 80px) 100vw, 80px\" \/><\/a><\/div><\/div><\/div>\n<\/div><\/div>\n<\/div>\n","protected":false},"excerpt":{"rendered":"","protected":false},"author":5,"featured_media":0,"parent":0,"menu_order":0,"comment_status":"closed","ping_status":"closed","template":"","meta":{"om_disable_all_campaigns":false,"_monsterinsights_skip_tracking":false,"_monsterinsights_sitenote_active":false,"_monsterinsights_sitenote_note":"","_monsterinsights_sitenote_category":0,"_uf_show_specific_survey":0,"_uf_disable_surveys":false,"footnotes":""},"class_list":["post-81069","page","type-page","status-publish","hentry"],"aioseo_notices":[],"_links":{"self":[{"href":"https:\/\/aulaabierta.arasaac.org\/fr\/wp-json\/wp\/v2\/pages\/81069","targetHints":{"allow":["GET"]}}],"collection":[{"href":"https:\/\/aulaabierta.arasaac.org\/fr\/wp-json\/wp\/v2\/pages"}],"about":[{"href":"https:\/\/aulaabierta.arasaac.org\/fr\/wp-json\/wp\/v2\/types\/page"}],"author":[{"embeddable":true,"href":"https:\/\/aulaabierta.arasaac.org\/fr\/wp-json\/wp\/v2\/users\/5"}],"replies":[{"embeddable":true,"href":"https:\/\/aulaabierta.arasaac.org\/fr\/wp-json\/wp\/v2\/comments?post=81069"}],"version-history":[{"count":10,"href":"https:\/\/aulaabierta.arasaac.org\/fr\/wp-json\/wp\/v2\/pages\/81069\/revisions"}],"predecessor-version":[{"id":86202,"href":"https:\/\/aulaabierta.arasaac.org\/fr\/wp-json\/wp\/v2\/pages\/81069\/revisions\/86202"}],"wp:attachment":[{"href":"https:\/\/aulaabierta.arasaac.org\/fr\/wp-json\/wp\/v2\/media?parent=81069"}],"curies":[{"name":"wp","href":"https:\/\/api.w.org\/{rel}","templated":true}]}}