{"id":82338,"date":"2017-01-27T20:25:39","date_gmt":"2017-01-27T19:25:39","guid":{"rendered":"https:\/\/aulaabierta.arasaac.org\/emoticonos"},"modified":"2023-02-09T11:29:14","modified_gmt":"2023-02-09T10:29:14","slug":"emoticones","status":"publish","type":"page","link":"https:\/\/aulaabierta.arasaac.org\/fr\/emoticones","title":{"rendered":"Picto Selector &#8211; 11 &#8211; \u00c9motic\u00f4nes"},"content":{"rendered":"<div id='av-layout-grid-1'  class='av-layout-grid-container av-av_layout_row-cf0131907da0bd4ef305776fbd0391d0 entry-content-wrapper alternate_color av-border-cells av-flex-cells  avia-builder-el-0  el_before_av_textblock  avia-builder-el-first   container_wrap fullsize'  >\n\n<style type=\"text\/css\" data-created_by=\"avia_inline_auto\" id=\"style-css-av-av_cell_one_fifth-5227a743201b625eadc00b27db60eab9\">\n.flex_cell.av-av_cell_one_fifth-5227a743201b625eadc00b27db60eab9{\nvertical-align:top;\n}\n.responsive #top #wrap_all .flex_cell.av-av_cell_one_fifth-5227a743201b625eadc00b27db60eab9{\npadding:30px 30px 30px 30px !important;\n}\n<\/style>\n<div class='flex_cell av-av_cell_one_fifth-5227a743201b625eadc00b27db60eab9 av-gridrow-cell av_one_fifth no_margin  avia-builder-el-1  el_before_av_cell_four_fifth  avia-builder-el-first ' ><div class='flex_cell_inner'>\n<style type=\"text\/css\" data-created_by=\"avia_inline_auto\" id=\"style-css-av-av_image-433676e9f40db1e4775344307720ed66\">\n.avia-image-container.av-av_image-433676e9f40db1e4775344307720ed66 img.avia_image{\nbox-shadow:none;\n}\n.avia-image-container.av-av_image-433676e9f40db1e4775344307720ed66 .av-caption-image-overlay-bg{\nopacity:0.4;\nbackground-color:#444444;\n}\n.avia-image-container.av-av_image-433676e9f40db1e4775344307720ed66 .av-image-caption-overlay-center{\ncolor:#ffffff;\n}\n<\/style>\n<div  class='avia-image-container av-av_image-433676e9f40db1e4775344307720ed66 av-styling- avia-align-left  avia-builder-el-2  avia-builder-el-no-sibling  noHover av-overlay-on-hover'   itemprop=\"image\" itemscope=\"itemscope\" itemtype=\"https:\/\/schema.org\/ImageObject\" ><div class=\"avia-image-container-inner\"><div class=\"avia-image-overlay-wrap\"><a href=\"https:\/\/aulaabierta.arasaac.org\/fr\/picto-selector-accuceil\" class='avia_image' ><div class=\"av-image-caption-overlay\"><div class=\"av-caption-image-overlay-bg\"><\/div><div class=\"av-image-caption-overlay-position\"><div class=\"av-image-caption-overlay-center\"><p>Retour en haut de la page<\/p>\n<\/div><\/div><\/div><img decoding=\"async\" class='wp-image-23552 avia-img-lazy-loading-not-23552 avia_image ' src=\"https:\/\/aulaabierta.arasaac.org\/wp-content\/uploads\/2016\/12\/ordenador_pictoselector-300x300.png\" alt='' title='ordenador_pictoselector'  height=\"300\" width=\"300\"  itemprop=\"thumbnailUrl\" srcset=\"https:\/\/aulaabierta.arasaac.org\/wp-content\/uploads\/2016\/12\/ordenador_pictoselector-300x300.png 300w, https:\/\/aulaabierta.arasaac.org\/wp-content\/uploads\/2016\/12\/ordenador_pictoselector-80x80.png 80w, https:\/\/aulaabierta.arasaac.org\/wp-content\/uploads\/2016\/12\/ordenador_pictoselector-36x36.png 36w, https:\/\/aulaabierta.arasaac.org\/wp-content\/uploads\/2016\/12\/ordenador_pictoselector-180x180.png 180w, https:\/\/aulaabierta.arasaac.org\/wp-content\/uploads\/2016\/12\/ordenador_pictoselector-120x120.png 120w, https:\/\/aulaabierta.arasaac.org\/wp-content\/uploads\/2016\/12\/ordenador_pictoselector-450x450.png 450w, https:\/\/aulaabierta.arasaac.org\/wp-content\/uploads\/2016\/12\/ordenador_pictoselector.png 500w\" sizes=\"(max-width: 300px) 100vw, 300px\" \/><\/a><\/div><\/div><\/div>\n<\/div><\/div>\n<style type=\"text\/css\" data-created_by=\"avia_inline_auto\" id=\"style-css-av-av_cell_four_fifth-51bfb5260486183706b211b34d210c4f\">\n.flex_cell.av-av_cell_four_fifth-51bfb5260486183706b211b34d210c4f{\nvertical-align:middle;\n}\n.responsive #top #wrap_all .flex_cell.av-av_cell_four_fifth-51bfb5260486183706b211b34d210c4f{\npadding:30px 30px 30px 30px !important;\n}\n<\/style>\n<div class='flex_cell av-av_cell_four_fifth-51bfb5260486183706b211b34d210c4f av-gridrow-cell av_four_fifth no_margin  avia-builder-el-3  el_after_av_cell_one_fifth  avia-builder-el-last ' ><div class='flex_cell_inner'>\n<style type=\"text\/css\" data-created_by=\"avia_inline_auto\" id=\"style-css-av-av_heading-43480edaa9656d37ded8be82a26aa53b\">\n#top .av-special-heading.av-av_heading-43480edaa9656d37ded8be82a26aa53b{\npadding-bottom:0;\n}\nbody .av-special-heading.av-av_heading-43480edaa9656d37ded8be82a26aa53b .av-special-heading-tag .heading-char{\nfont-size:25px;\n}\n#top #wrap_all .av-special-heading.av-av_heading-43480edaa9656d37ded8be82a26aa53b .av-special-heading-tag{\nfont-size:26px;\n}\n.av-special-heading.av-av_heading-43480edaa9656d37ded8be82a26aa53b .av-subheading{\nfont-size:15px;\n}\n<\/style>\n<div  class='av-special-heading av-av_heading-43480edaa9656d37ded8be82a26aa53b av-special-heading-h2  avia-builder-el-4  avia-builder-el-no-sibling '><h2 class='av-special-heading-tag'  itemprop=\"headline\"  >11. \u00c9MOTIC\u00d4NES<\/h2><div class=\"special-heading-border\"><div class=\"special-heading-inner-border\"><\/div><\/div><\/div>\n<\/div><\/div>\n<\/div><div id='after_grid_row_1'  class='main_color av_default_container_wrap container_wrap fullsize'  ><div class='container av-section-cont-open' ><div class='template-page content  av-content-full alpha units'><div class='post-entry post-entry-type-page post-entry-82338'><div class='entry-content-wrapper clearfix'>\n<section  class='av_textblock_section av-av_textblock-0366cc7376be6c9e82a3e9cc8987b64f'  itemscope=\"itemscope\" itemtype=\"https:\/\/schema.org\/CreativeWork\" ><div class='avia_textblock'  itemprop=\"text\" ><h6 style=\"text-align: center;\"><strong><img loading=\"lazy\" decoding=\"async\" class=\"aligncenter size-full wp-image-932\" src=\"https:\/\/aulaabierta.arasaac.org\/wp-content\/uploads\/2016\/12\/by-nc-sa.eu_petit.png\" alt=\"\" width=\"118\" height=\"41\">Cette \u0153uvre est sous licence <a href=\"http:\/\/creativecommons.org\/licenses\/by-nc-sa\/4.0\/\" rel=\"license\">Creative Commons Attribution-NonComercial-ShareAlike 4.0 International.<\/a><\/strong><\/h6>\n<hr>\n<\/div><\/section>\n\n<style type=\"text\/css\" data-created_by=\"avia_inline_auto\" id=\"style-css-av-av_heading-434ce606b8fc60efbce15025ac99a985\">\n#top .av-special-heading.av-av_heading-434ce606b8fc60efbce15025ac99a985{\npadding-bottom:10px;\n}\nbody .av-special-heading.av-av_heading-434ce606b8fc60efbce15025ac99a985 .av-special-heading-tag .heading-char{\nfont-size:25px;\n}\n.av-special-heading.av-av_heading-434ce606b8fc60efbce15025ac99a985 .av-subheading{\nfont-size:15px;\n}\n<\/style>\n<div  class='av-special-heading av-av_heading-434ce606b8fc60efbce15025ac99a985 av-special-heading-h3  avia-builder-el-6  el_after_av_textblock  el_before_av_video '><h3 class='av-special-heading-tag'  itemprop=\"headline\"  >Tutoriel vid\u00e9o<\/h3><div class=\"special-heading-border\"><div class=\"special-heading-inner-border\"><\/div><\/div><\/div>\n<div  class='avia-video av-av_video-ee70f4dbe2ca585f3feed26e7dc63187 avia-video-16-9 av-no-preview-image avia-video-load-always av-lazyload-immediate av-lazyload-video-embed'  itemprop=\"video\" itemtype=\"https:\/\/schema.org\/VideoObject\"  data-original_url='https:\/\/youtu.be\/-TiPNBPLWTg'><script type='text\/html' class='av-video-tmpl'><div class='avia-iframe-wrap'><iframe loading=\"lazy\" title=\"PictoSelector -  Emoticonos\" width=\"1500\" height=\"844\" src=\"https:\/\/www.youtube.com\/embed\/-TiPNBPLWTg?feature=oembed&autoplay=0&loop=0&controls=1&mute=0\" frameborder=\"0\" allow=\"accelerometer; autoplay; clipboard-write; encrypted-media; gyroscope; picture-in-picture\" allowfullscreen><\/iframe><\/div><\/script><div class='av-click-to-play-overlay'><div class=\"avia_playpause_icon\"><\/div><\/div><\/div>\n\n<style type=\"text\/css\" data-created_by=\"avia_inline_auto\" id=\"style-css-av-av_heading-f90080b8f06ac5087c73e7da5c13a8a6\">\n#top .av-special-heading.av-av_heading-f90080b8f06ac5087c73e7da5c13a8a6{\npadding-bottom:10px;\n}\nbody .av-special-heading.av-av_heading-f90080b8f06ac5087c73e7da5c13a8a6 .av-special-heading-tag .heading-char{\nfont-size:25px;\n}\n.av-special-heading.av-av_heading-f90080b8f06ac5087c73e7da5c13a8a6 .av-subheading{\nfont-size:15px;\n}\n<\/style>\n<div  class='av-special-heading av-av_heading-f90080b8f06ac5087c73e7da5c13a8a6 av-special-heading-h3  avia-builder-el-8  el_after_av_video  el_before_av_textblock '><h3 class='av-special-heading-tag'  itemprop=\"headline\"  >Didacticiel<\/h3><div class=\"special-heading-border\"><div class=\"special-heading-inner-border\"><\/div><\/div><\/div>\n\n<style type=\"text\/css\" data-created_by=\"avia_inline_auto\" id=\"style-css-av-av_textblock-fae8699d538200a543ba402659dba9b0\">\n#top .av_textblock_section.av-av_textblock-fae8699d538200a543ba402659dba9b0 .avia_textblock{\nfont-size:16px;\n}\n<\/style>\n<section  class='av_textblock_section av-av_textblock-fae8699d538200a543ba402659dba9b0'  itemscope=\"itemscope\" itemtype=\"https:\/\/schema.org\/CreativeWork\" ><div class='avia_textblock'  itemprop=\"text\" ><p>Le terme <strong>\u00e9motic\u00f4ne<\/strong> vient de<strong> l\u2019\u00e9motic\u00f4ne anglaise (smiley),<\/strong>qui d\u00e9rive des mots <strong>\u00e9motion,<\/strong>qui signifie \u00e9motion, et <strong><em>ic\u00f4ne,<\/em><\/strong>qui signifie ic\u00f4ne, symbole ou repr\u00e9sentation graphique. Comme vous le savez, nous les utilisons tr\u00e8s souvent dans nos services de messagerie instantan\u00e9e et tout le monde les conna\u00eet.<\/p>\n<p><strong>Picto Selector<\/strong> int\u00e8gre \u00e9galement la biblioth\u00e8que <strong>\u00e9motic\u00f4nes<\/strong> parmi ses pictogrammes puisqu&rsquo;ils disposent d&rsquo;une licence Creative Commons, ce qui permet leur utilisation dans cette application.<\/p>\n<p><img loading=\"lazy\" decoding=\"async\" class=\"aligncenter size-full wp-image-3454\" src=\"https:\/\/aulaabierta.arasaac.org\/wp-content\/uploads\/2017\/01\/Picto-Selector-43.jpg\" alt=\"\" width=\"765\" height=\"178\" srcset=\"https:\/\/aulaabierta.arasaac.org\/wp-content\/uploads\/2017\/01\/Picto-Selector-43.jpg 765w, https:\/\/aulaabierta.arasaac.org\/wp-content\/uploads\/2017\/01\/Picto-Selector-43-300x70.jpg 300w, https:\/\/aulaabierta.arasaac.org\/wp-content\/uploads\/2017\/01\/Picto-Selector-43-705x164.jpg 705w, https:\/\/aulaabierta.arasaac.org\/wp-content\/uploads\/2017\/01\/Picto-Selector-43-450x105.jpg 450w\" sizes=\"auto, (max-width: 765px) 100vw, 765px\" \/><\/p>\n<p>Pour utiliser les \u00e9motic\u00f4nes de notre fiche de pictogrammes, cliquez sur l&rsquo;ic\u00f4ne <strong>\u00c9motic\u00f4nes<\/strong>dans la galerie de pictogrammes et une nouvelle fen\u00eatre pop-up appara\u00eet \u00e0 partir de laquelle nous allons les saisir.<\/p>\n<p><img loading=\"lazy\" decoding=\"async\" class=\"aligncenter size-large wp-image-3644\" src=\"https:\/\/aulaabierta.arasaac.org\/wp-content\/uploads\/2017\/01\/Picto-Selector-82-1030x579.jpg\" alt=\"\" width=\"1030\" height=\"579\" srcset=\"https:\/\/aulaabierta.arasaac.org\/wp-content\/uploads\/2017\/01\/Picto-Selector-82-1030x579.jpg 1030w, https:\/\/aulaabierta.arasaac.org\/wp-content\/uploads\/2017\/01\/Picto-Selector-82-300x169.jpg 300w, https:\/\/aulaabierta.arasaac.org\/wp-content\/uploads\/2017\/01\/Picto-Selector-82-768x432.jpg 768w, https:\/\/aulaabierta.arasaac.org\/wp-content\/uploads\/2017\/01\/Picto-Selector-82-705x396.jpg 705w, https:\/\/aulaabierta.arasaac.org\/wp-content\/uploads\/2017\/01\/Picto-Selector-82-450x253.jpg 450w, https:\/\/aulaabierta.arasaac.org\/wp-content\/uploads\/2017\/01\/Picto-Selector-82.jpg 1366w\" sizes=\"auto, (max-width: 1030px) 100vw, 1030px\" \/><\/p>\n<p>La manipulation de cette fen\u00eatre est tr\u00e8s simple et il suffit d\u2019utiliser le bouton <strong>S\u00e9lectionner les \u00e9motic\u00f4nes&#8230;<\/strong> pour qu\u2019une nouvelle fen\u00eatre apparaisse dans laquelle nous trouverons toutes les <strong>\u00e9motic\u00f4nes tri\u00e9es par cat\u00e9gories.<\/strong><\/p>\n<p><img loading=\"lazy\" decoding=\"async\" class=\"aligncenter size-large wp-image-3645\" src=\"https:\/\/aulaabierta.arasaac.org\/wp-content\/uploads\/2017\/01\/Picto-Selector-83-1030x579.jpg\" alt=\"\" width=\"1030\" height=\"579\" srcset=\"https:\/\/aulaabierta.arasaac.org\/wp-content\/uploads\/2017\/01\/Picto-Selector-83-1030x579.jpg 1030w, https:\/\/aulaabierta.arasaac.org\/wp-content\/uploads\/2017\/01\/Picto-Selector-83-300x169.jpg 300w, https:\/\/aulaabierta.arasaac.org\/wp-content\/uploads\/2017\/01\/Picto-Selector-83-768x432.jpg 768w, https:\/\/aulaabierta.arasaac.org\/wp-content\/uploads\/2017\/01\/Picto-Selector-83-705x396.jpg 705w, https:\/\/aulaabierta.arasaac.org\/wp-content\/uploads\/2017\/01\/Picto-Selector-83-450x253.jpg 450w, https:\/\/aulaabierta.arasaac.org\/wp-content\/uploads\/2017\/01\/Picto-Selector-83.jpg 1366w\" sizes=\"auto, (max-width: 1030px) 100vw, 1030px\" \/><\/p>\n<p>Nous parcourons ces cat\u00e9gories et s\u00e9lectionnons les \u00e9motic\u00f4nes que nous allons utiliser. Dans notre cas, nous avons pr\u00e9par\u00e9 une activit\u00e9 qui consiste \u00e0 \u00ab\u00a0<strong>Entourer le visage souriant en vert<\/strong>\u00ab\u00a0.<\/p>\n<p><img loading=\"lazy\" decoding=\"async\" class=\"aligncenter size-large wp-image-3646\" src=\"https:\/\/aulaabierta.arasaac.org\/wp-content\/uploads\/2017\/01\/Picto-Selector-84-1030x579.jpg\" alt=\"\" width=\"1030\" height=\"579\" srcset=\"https:\/\/aulaabierta.arasaac.org\/wp-content\/uploads\/2017\/01\/Picto-Selector-84-1030x579.jpg 1030w, https:\/\/aulaabierta.arasaac.org\/wp-content\/uploads\/2017\/01\/Picto-Selector-84-300x169.jpg 300w, https:\/\/aulaabierta.arasaac.org\/wp-content\/uploads\/2017\/01\/Picto-Selector-84-768x432.jpg 768w, https:\/\/aulaabierta.arasaac.org\/wp-content\/uploads\/2017\/01\/Picto-Selector-84-705x396.jpg 705w, https:\/\/aulaabierta.arasaac.org\/wp-content\/uploads\/2017\/01\/Picto-Selector-84-450x253.jpg 450w, https:\/\/aulaabierta.arasaac.org\/wp-content\/uploads\/2017\/01\/Picto-Selector-84.jpg 1366w\" sizes=\"auto, (max-width: 1030px) 100vw, 1030px\" \/><\/p>\n<p>Les \u00e9motic\u00f4nes ont les m\u00eames possibilit\u00e9s de format que le reste des pictogrammes. Nous pouvons <strong>changer le format<\/strong> \u00e0 partir de la fen\u00eatre \u00c9motic\u00f4ne, en utilisant les options dont nous avons d\u00e9j\u00e0 discut\u00e9 dans d\u2019autres pictogrammes: <strong>Bordure,<\/strong> <strong>Avant la coloration,<\/strong> <strong>Coloration<\/strong> et <strong>arri\u00e8re-plan.<\/strong> Nous vous recommandons de faire quelques tests pour vous familiariser avec ces options.<\/p>\n<p><img loading=\"lazy\" decoding=\"async\" class=\"aligncenter size-full wp-image-3669\" src=\"https:\/\/aulaabierta.arasaac.org\/wp-content\/uploads\/2017\/01\/Picto-Selector-84a.jpg\" alt=\"\" width=\"602\" height=\"368\" srcset=\"https:\/\/aulaabierta.arasaac.org\/wp-content\/uploads\/2017\/01\/Picto-Selector-84a.jpg 602w, https:\/\/aulaabierta.arasaac.org\/wp-content\/uploads\/2017\/01\/Picto-Selector-84a-300x183.jpg 300w, https:\/\/aulaabierta.arasaac.org\/wp-content\/uploads\/2017\/01\/Picto-Selector-84a-450x275.jpg 450w\" sizes=\"auto, (max-width: 602px) 100vw, 602px\" \/><\/p>\n<p>Vous pouvez \u00e9galement utiliser les <strong>param\u00e8tres de bordure<\/strong>, en utilisant le menu contextuel, pour finir de donner l&rsquo;apparence souhait\u00e9e \u00e0 notre \u00e9motic\u00f4ne. Dans notre exemple, nous avons ajust\u00e9 la bordure du pictogramme-mod\u00e8le de l&rsquo;activit\u00e9 avec les param\u00e8tres de l&rsquo;image ci-dessous.<\/p>\n<p><img loading=\"lazy\" decoding=\"async\" class=\"aligncenter size-large wp-image-3671\" src=\"https:\/\/aulaabierta.arasaac.org\/wp-content\/uploads\/2017\/01\/Picto-Selector-84b-1030x579.jpg\" alt=\"\" width=\"1030\" height=\"579\" srcset=\"https:\/\/aulaabierta.arasaac.org\/wp-content\/uploads\/2017\/01\/Picto-Selector-84b-1030x579.jpg 1030w, https:\/\/aulaabierta.arasaac.org\/wp-content\/uploads\/2017\/01\/Picto-Selector-84b-300x169.jpg 300w, https:\/\/aulaabierta.arasaac.org\/wp-content\/uploads\/2017\/01\/Picto-Selector-84b-768x432.jpg 768w, https:\/\/aulaabierta.arasaac.org\/wp-content\/uploads\/2017\/01\/Picto-Selector-84b-705x396.jpg 705w, https:\/\/aulaabierta.arasaac.org\/wp-content\/uploads\/2017\/01\/Picto-Selector-84b-450x253.jpg 450w, https:\/\/aulaabierta.arasaac.org\/wp-content\/uploads\/2017\/01\/Picto-Selector-84b.jpg 1366w\" sizes=\"auto, (max-width: 1030px) 100vw, 1030px\" \/><\/p>\n<p>Voyons le r\u00e9sultat final. Pour ce faire, nous allons dans le menu <strong>Fichier <\/strong>et s\u00e9lectionnons l\u2019option <strong>Imprimer<\/strong> pour pr\u00e9visualiser le r\u00e9sultat et effectuer l\u2019une des actions:<strong> Enregistrer en tant que fichier PDF,<\/strong><strong>Enregistrer en tant que fichier<\/strong> graphique ou <strong>Imprimer.<\/strong><\/p>\n<p><img loading=\"lazy\" decoding=\"async\" class=\"aligncenter size-large wp-image-3664\" src=\"https:\/\/aulaabierta.arasaac.org\/wp-content\/uploads\/2017\/01\/Picto-Selector-85-1-1030x579.jpg\" alt=\"\" width=\"1030\" height=\"579\" srcset=\"https:\/\/aulaabierta.arasaac.org\/wp-content\/uploads\/2017\/01\/Picto-Selector-85-1-1030x579.jpg 1030w, https:\/\/aulaabierta.arasaac.org\/wp-content\/uploads\/2017\/01\/Picto-Selector-85-1-300x169.jpg 300w, https:\/\/aulaabierta.arasaac.org\/wp-content\/uploads\/2017\/01\/Picto-Selector-85-1-768x432.jpg 768w, https:\/\/aulaabierta.arasaac.org\/wp-content\/uploads\/2017\/01\/Picto-Selector-85-1-705x396.jpg 705w, https:\/\/aulaabierta.arasaac.org\/wp-content\/uploads\/2017\/01\/Picto-Selector-85-1-450x253.jpg 450w, https:\/\/aulaabierta.arasaac.org\/wp-content\/uploads\/2017\/01\/Picto-Selector-85-1.jpg 1366w\" sizes=\"auto, (max-width: 1030px) 100vw, 1030px\" \/><\/p>\n<\/div><\/section>\n<\/div><\/div><\/div><!-- close content main div --><\/div><\/div><div id='av-layout-grid-2'  class='av-layout-grid-container av-av_layout_row-ff89abd0ebc2125893d5f3061474122c entry-content-wrapper main_color av-border-top-bottom av-flex-cells  avia-builder-el-10  el_after_av_textblock  avia-builder-el-last  grid-row-not-first  container_wrap fullsize'  >\n\n<style type=\"text\/css\" data-created_by=\"avia_inline_auto\" id=\"style-css-av-av_cell_one_fifth-5227a743201b625eadc00b27db60eab9\">\n.flex_cell.av-av_cell_one_fifth-5227a743201b625eadc00b27db60eab9{\nvertical-align:top;\n}\n.responsive #top #wrap_all .flex_cell.av-av_cell_one_fifth-5227a743201b625eadc00b27db60eab9{\npadding:30px 30px 30px 30px !important;\n}\n<\/style>\n<div class='flex_cell av-av_cell_one_fifth-5227a743201b625eadc00b27db60eab9 av-gridrow-cell av_one_fifth no_margin  avia-builder-el-11  el_before_av_cell_one_fifth  avia-builder-el-first ' ><div class='flex_cell_inner'>\n<style type=\"text\/css\" data-created_by=\"avia_inline_auto\" id=\"style-css-av-av_image-cebf31924efa32d5af7c7668974e4238\">\n.avia-image-container.av-av_image-cebf31924efa32d5af7c7668974e4238 img.avia_image{\nbox-shadow:none;\n}\n.avia-image-container.av-av_image-cebf31924efa32d5af7c7668974e4238 .av-image-caption-overlay-center{\ncolor:#ffffff;\n}\n<\/style>\n<div  class='avia-image-container av-av_image-cebf31924efa32d5af7c7668974e4238 av-styling- avia-align-center  avia-builder-el-12  avia-builder-el-no-sibling '   itemprop=\"image\" itemscope=\"itemscope\" itemtype=\"https:\/\/schema.org\/ImageObject\" ><div class=\"avia-image-container-inner\"><div class=\"avia-image-overlay-wrap\"><a href=\"https:\/\/aulaabierta.arasaac.org\/fr\/pictogramme-sclera\" class='avia_image' ><img decoding=\"async\" class='wp-image-23492 avia-img-lazy-loading-not-23492 avia_image ' src=\"https:\/\/aulaabierta.arasaac.org\/wp-content\/uploads\/2016\/12\/before-80x80.png\" alt='' title='before'  height=\"80\" width=\"80\"  itemprop=\"thumbnailUrl\" srcset=\"https:\/\/aulaabierta.arasaac.org\/wp-content\/uploads\/2016\/12\/before-80x80.png 80w, https:\/\/aulaabierta.arasaac.org\/wp-content\/uploads\/2016\/12\/before-36x36.png 36w, https:\/\/aulaabierta.arasaac.org\/wp-content\/uploads\/2016\/12\/before-120x120.png 120w, https:\/\/aulaabierta.arasaac.org\/wp-content\/uploads\/2016\/12\/before.png 128w\" sizes=\"(max-width: 80px) 100vw, 80px\" \/><\/a><\/div><\/div><\/div>\n<\/div><\/div>\n<style type=\"text\/css\" data-created_by=\"avia_inline_auto\" id=\"style-css-av-av_cell_one_fifth-5227a743201b625eadc00b27db60eab9\">\n.flex_cell.av-av_cell_one_fifth-5227a743201b625eadc00b27db60eab9{\nvertical-align:top;\n}\n.responsive #top #wrap_all .flex_cell.av-av_cell_one_fifth-5227a743201b625eadc00b27db60eab9{\npadding:30px 30px 30px 30px !important;\n}\n<\/style>\n<div class='flex_cell av-av_cell_one_fifth-5227a743201b625eadc00b27db60eab9 av-gridrow-cell av_one_fifth no_margin  avia-builder-el-13  el_after_av_cell_one_fifth  el_before_av_cell_one_fifth ' ><div class='flex_cell_inner'><\/div><\/div>\n<style type=\"text\/css\" data-created_by=\"avia_inline_auto\" id=\"style-css-av-av_cell_one_fifth-5227a743201b625eadc00b27db60eab9\">\n.flex_cell.av-av_cell_one_fifth-5227a743201b625eadc00b27db60eab9{\nvertical-align:top;\n}\n.responsive #top #wrap_all .flex_cell.av-av_cell_one_fifth-5227a743201b625eadc00b27db60eab9{\npadding:30px 30px 30px 30px !important;\n}\n<\/style>\n<div class='flex_cell av-av_cell_one_fifth-5227a743201b625eadc00b27db60eab9 av-gridrow-cell av_one_fifth no_margin  avia-builder-el-14  el_after_av_cell_one_fifth  el_before_av_cell_one_fifth ' ><div class='flex_cell_inner'>\n<style type=\"text\/css\" data-created_by=\"avia_inline_auto\" id=\"style-css-av-av_image-3edcd99faf2c45394ea03e7cad5cfd4f\">\n.avia-image-container.av-av_image-3edcd99faf2c45394ea03e7cad5cfd4f img.avia_image{\nbox-shadow:none;\n}\n.avia-image-container.av-av_image-3edcd99faf2c45394ea03e7cad5cfd4f .av-image-caption-overlay-center{\ncolor:#ffffff;\n}\n<\/style>\n<div  class='avia-image-container av-av_image-3edcd99faf2c45394ea03e7cad5cfd4f av-styling- avia-align-center  avia-builder-el-15  avia-builder-el-no-sibling '   itemprop=\"image\" itemscope=\"itemscope\" itemtype=\"https:\/\/schema.org\/ImageObject\" ><div class=\"avia-image-container-inner\"><div class=\"avia-image-overlay-wrap\"><a href=\"https:\/\/aulaabierta.arasaac.org\/fr\/picto-selector-accuceil\" class='avia_image' ><img decoding=\"async\" class='wp-image-23498 avia-img-lazy-loading-not-23498 avia_image ' src=\"https:\/\/aulaabierta.arasaac.org\/wp-content\/uploads\/2016\/12\/casa-80x80.png\" alt='' title='Commencement'  height=\"80\" width=\"80\"  itemprop=\"thumbnailUrl\" srcset=\"https:\/\/aulaabierta.arasaac.org\/wp-content\/uploads\/2016\/12\/casa-80x80.png 80w, https:\/\/aulaabierta.arasaac.org\/wp-content\/uploads\/2016\/12\/casa-300x300.png 300w, https:\/\/aulaabierta.arasaac.org\/wp-content\/uploads\/2016\/12\/casa-36x36.png 36w, https:\/\/aulaabierta.arasaac.org\/wp-content\/uploads\/2016\/12\/casa-180x180.png 180w, https:\/\/aulaabierta.arasaac.org\/wp-content\/uploads\/2016\/12\/casa-120x120.png 120w, https:\/\/aulaabierta.arasaac.org\/wp-content\/uploads\/2016\/12\/casa-450x450.png 450w, https:\/\/aulaabierta.arasaac.org\/wp-content\/uploads\/2016\/12\/casa.png 500w\" sizes=\"(max-width: 80px) 100vw, 80px\" \/><\/a><\/div><\/div><\/div>\n<\/div><\/div>\n<style type=\"text\/css\" data-created_by=\"avia_inline_auto\" id=\"style-css-av-av_cell_one_fifth-5227a743201b625eadc00b27db60eab9\">\n.flex_cell.av-av_cell_one_fifth-5227a743201b625eadc00b27db60eab9{\nvertical-align:top;\n}\n.responsive #top #wrap_all .flex_cell.av-av_cell_one_fifth-5227a743201b625eadc00b27db60eab9{\npadding:30px 30px 30px 30px !important;\n}\n<\/style>\n<div class='flex_cell av-av_cell_one_fifth-5227a743201b625eadc00b27db60eab9 av-gridrow-cell av_one_fifth no_margin  avia-builder-el-16  el_after_av_cell_one_fifth  el_before_av_cell_one_fifth ' ><div class='flex_cell_inner'><\/div><\/div>\n<style type=\"text\/css\" data-created_by=\"avia_inline_auto\" id=\"style-css-av-av_cell_one_fifth-5227a743201b625eadc00b27db60eab9\">\n.flex_cell.av-av_cell_one_fifth-5227a743201b625eadc00b27db60eab9{\nvertical-align:top;\n}\n.responsive #top #wrap_all .flex_cell.av-av_cell_one_fifth-5227a743201b625eadc00b27db60eab9{\npadding:30px 30px 30px 30px !important;\n}\n<\/style>\n<div class='flex_cell av-av_cell_one_fifth-5227a743201b625eadc00b27db60eab9 av-gridrow-cell av_one_fifth no_margin  avia-builder-el-17  el_after_av_cell_one_fifth  avia-builder-el-last ' ><div class='flex_cell_inner'>\n<style type=\"text\/css\" data-created_by=\"avia_inline_auto\" id=\"style-css-av-av_image-34c62a3ad55e1b1069cb3253ccd30998\">\n.avia-image-container.av-av_image-34c62a3ad55e1b1069cb3253ccd30998 img.avia_image{\nbox-shadow:none;\n}\n.avia-image-container.av-av_image-34c62a3ad55e1b1069cb3253ccd30998 .av-image-caption-overlay-center{\ncolor:#ffffff;\n}\n<\/style>\n<div  class='avia-image-container av-av_image-34c62a3ad55e1b1069cb3253ccd30998 av-styling- avia-align-center  avia-builder-el-18  avia-builder-el-no-sibling '   itemprop=\"image\" itemscope=\"itemscope\" itemtype=\"https:\/\/schema.org\/ImageObject\" ><div class=\"avia-image-container-inner\"><div class=\"avia-image-overlay-wrap\"><a href=\"https:\/\/aulaabierta.arasaac.org\/fr\/picto-selector-12-qr-code-pictogramme\" class='avia_image' ><img decoding=\"async\" class='wp-image-23495 avia-img-lazy-loading-not-23495 avia_image ' src=\"https:\/\/aulaabierta.arasaac.org\/wp-content\/uploads\/2016\/12\/next-80x80.png\" alt='' title='next'  height=\"80\" width=\"80\"  itemprop=\"thumbnailUrl\" srcset=\"https:\/\/aulaabierta.arasaac.org\/wp-content\/uploads\/2016\/12\/next-80x80.png 80w, https:\/\/aulaabierta.arasaac.org\/wp-content\/uploads\/2016\/12\/next-36x36.png 36w, https:\/\/aulaabierta.arasaac.org\/wp-content\/uploads\/2016\/12\/next-120x120.png 120w, https:\/\/aulaabierta.arasaac.org\/wp-content\/uploads\/2016\/12\/next.png 128w\" sizes=\"(max-width: 80px) 100vw, 80px\" \/><\/a><\/div><\/div><\/div>\n<\/div><\/div>\n<\/div>\n","protected":false},"excerpt":{"rendered":"","protected":false},"author":5,"featured_media":23552,"parent":0,"menu_order":0,"comment_status":"closed","ping_status":"closed","template":"","meta":{"om_disable_all_campaigns":false,"_monsterinsights_skip_tracking":false,"_monsterinsights_sitenote_active":false,"_monsterinsights_sitenote_note":"","_monsterinsights_sitenote_category":0,"_uf_show_specific_survey":0,"_uf_disable_surveys":false,"footnotes":""},"class_list":["post-82338","page","type-page","status-publish","has-post-thumbnail","hentry"],"aioseo_notices":[],"_links":{"self":[{"href":"https:\/\/aulaabierta.arasaac.org\/fr\/wp-json\/wp\/v2\/pages\/82338","targetHints":{"allow":["GET"]}}],"collection":[{"href":"https:\/\/aulaabierta.arasaac.org\/fr\/wp-json\/wp\/v2\/pages"}],"about":[{"href":"https:\/\/aulaabierta.arasaac.org\/fr\/wp-json\/wp\/v2\/types\/page"}],"author":[{"embeddable":true,"href":"https:\/\/aulaabierta.arasaac.org\/fr\/wp-json\/wp\/v2\/users\/5"}],"replies":[{"embeddable":true,"href":"https:\/\/aulaabierta.arasaac.org\/fr\/wp-json\/wp\/v2\/comments?post=82338"}],"version-history":[{"count":12,"href":"https:\/\/aulaabierta.arasaac.org\/fr\/wp-json\/wp\/v2\/pages\/82338\/revisions"}],"predecessor-version":[{"id":86000,"href":"https:\/\/aulaabierta.arasaac.org\/fr\/wp-json\/wp\/v2\/pages\/82338\/revisions\/86000"}],"wp:featuredmedia":[{"embeddable":true,"href":"https:\/\/aulaabierta.arasaac.org\/fr\/wp-json\/wp\/v2\/media\/23552"}],"wp:attachment":[{"href":"https:\/\/aulaabierta.arasaac.org\/fr\/wp-json\/wp\/v2\/media?parent=82338"}],"curies":[{"name":"wp","href":"https:\/\/api.w.org\/{rel}","templated":true}]}}