{"id":82581,"date":"2018-11-19T11:21:35","date_gmt":"2018-11-19T10:21:35","guid":{"rendered":"https:\/\/aulaabierta.arasaac.org\/symbotalk-2-web-descarga"},"modified":"2023-02-09T11:29:18","modified_gmt":"2023-02-09T10:29:18","slug":"symbotalk-2-web-download-fr","status":"publish","type":"page","link":"https:\/\/aulaabierta.arasaac.org\/fr\/symbotalk-2-web-download-fr","title":{"rendered":"Symbotalk &#8211; 2 &#8211; Inscription et acc\u00e8s \u00e0 Symbotalk"},"content":{"rendered":"<div id='av-layout-grid-1'  class='av-layout-grid-container av-7yygpbb-8de795f8b1ad684c8eee684105001c70 entry-content-wrapper alternate_color av-border-cells av-flex-cells  avia-builder-el-0  el_before_av_textblock  avia-builder-el-first   container_wrap fullsize'  >\n\n<style type=\"text\/css\" data-created_by=\"avia_inline_auto\" id=\"style-css-av-7s72p7r-2ef4f16c6dcd97681eaa5c7371b5f73e\">\n.flex_cell.av-7s72p7r-2ef4f16c6dcd97681eaa5c7371b5f73e{\nvertical-align:top;\n}\n.responsive #top #wrap_all .flex_cell.av-7s72p7r-2ef4f16c6dcd97681eaa5c7371b5f73e{\npadding:30px 30px 30px 30px !important;\n}\n<\/style>\n<div class='flex_cell av-7s72p7r-2ef4f16c6dcd97681eaa5c7371b5f73e av-gridrow-cell av_one_fifth no_margin  avia-builder-el-1  el_before_av_cell_four_fifth  avia-builder-el-first ' ><div class='flex_cell_inner'>\n<style type=\"text\/css\" data-created_by=\"avia_inline_auto\" id=\"style-css-av-75kfa6f-7026a8c2d3dcfe736ccab5d2cabea8da\">\n.avia-image-container.av-75kfa6f-7026a8c2d3dcfe736ccab5d2cabea8da img.avia_image{\nbox-shadow:none;\n}\n.avia-image-container.av-75kfa6f-7026a8c2d3dcfe736ccab5d2cabea8da .av-caption-image-overlay-bg{\nopacity:0.4;\nbackground-color:#000000;\n}\n.avia-image-container.av-75kfa6f-7026a8c2d3dcfe736ccab5d2cabea8da .av-image-caption-overlay-center{\ncolor:#ffffff;\n}\n<\/style>\n<div  class='avia-image-container av-75kfa6f-7026a8c2d3dcfe736ccab5d2cabea8da av-styling- avia-align-left  avia-builder-el-2  avia-builder-el-no-sibling  noHover av-overlay-on-hover'   itemprop=\"image\" itemscope=\"itemscope\" itemtype=\"https:\/\/schema.org\/ImageObject\" ><div class=\"avia-image-container-inner\"><div class=\"avia-image-overlay-wrap\"><a href=\"https:\/\/aulaabierta.arasaac.org\/fr\/symbotalk-0-accueil-fr\" class='avia_image' ><div class=\"av-image-caption-overlay\"><div class=\"av-caption-image-overlay-bg\"><\/div><div class=\"av-image-caption-overlay-position\"><div class=\"av-image-caption-overlay-center\"><p>Retour en haut de la page<\/p>\n<\/div><\/div><\/div><img decoding=\"async\" class='wp-image-34808 avia-img-lazy-loading-not-34808 avia_image ' src=\"https:\/\/aulaabierta.arasaac.org\/wp-content\/uploads\/2018\/06\/Symbotalk_ARASAAC-300x300.png\" alt='' title='Symbotalk_ARASAAC'  height=\"300\" width=\"300\"  itemprop=\"thumbnailUrl\" srcset=\"https:\/\/aulaabierta.arasaac.org\/wp-content\/uploads\/2018\/06\/Symbotalk_ARASAAC-300x300.png 300w, https:\/\/aulaabierta.arasaac.org\/wp-content\/uploads\/2018\/06\/Symbotalk_ARASAAC-80x80.png 80w, https:\/\/aulaabierta.arasaac.org\/wp-content\/uploads\/2018\/06\/Symbotalk_ARASAAC-768x767.png 768w, https:\/\/aulaabierta.arasaac.org\/wp-content\/uploads\/2018\/06\/Symbotalk_ARASAAC-1030x1030.png 1030w, https:\/\/aulaabierta.arasaac.org\/wp-content\/uploads\/2018\/06\/Symbotalk_ARASAAC-36x36.png 36w, https:\/\/aulaabierta.arasaac.org\/wp-content\/uploads\/2018\/06\/Symbotalk_ARASAAC-180x180.png 180w, https:\/\/aulaabierta.arasaac.org\/wp-content\/uploads\/2018\/06\/Symbotalk_ARASAAC-705x705.png 705w, https:\/\/aulaabierta.arasaac.org\/wp-content\/uploads\/2018\/06\/Symbotalk_ARASAAC-120x120.png 120w, https:\/\/aulaabierta.arasaac.org\/wp-content\/uploads\/2018\/06\/Symbotalk_ARASAAC-450x450.png 450w, https:\/\/aulaabierta.arasaac.org\/wp-content\/uploads\/2018\/06\/Symbotalk_ARASAAC.png 1042w\" sizes=\"(max-width: 300px) 100vw, 300px\" \/><\/a><\/div><\/div><\/div>\n<\/div><\/div>\n<style type=\"text\/css\" data-created_by=\"avia_inline_auto\" id=\"style-css-av-6p28og7-986829ece050c1dd947955775265e5b1\">\n.flex_cell.av-6p28og7-986829ece050c1dd947955775265e5b1{\nvertical-align:middle;\n}\n.responsive #top #wrap_all .flex_cell.av-6p28og7-986829ece050c1dd947955775265e5b1{\npadding:30px 30px 30px 30px !important;\n}\n<\/style>\n<div class='flex_cell av-6p28og7-986829ece050c1dd947955775265e5b1 av-gridrow-cell av_four_fifth no_margin  avia-builder-el-3  el_after_av_cell_one_fifth  avia-builder-el-last ' ><div class='flex_cell_inner'>\n<style type=\"text\/css\" data-created_by=\"avia_inline_auto\" id=\"style-css-av-jqqelz66-212eaf7e9f343eb5de2c23d0ac2aa245\">\n#top .av-special-heading.av-jqqelz66-212eaf7e9f343eb5de2c23d0ac2aa245{\npadding-bottom:0;\n}\nbody .av-special-heading.av-jqqelz66-212eaf7e9f343eb5de2c23d0ac2aa245 .av-special-heading-tag .heading-char{\nfont-size:25px;\n}\n#top #wrap_all .av-special-heading.av-jqqelz66-212eaf7e9f343eb5de2c23d0ac2aa245 .av-special-heading-tag{\nfont-size:26px;\n}\n.av-special-heading.av-jqqelz66-212eaf7e9f343eb5de2c23d0ac2aa245 .av-subheading{\nfont-size:15px;\n}\n<\/style>\n<div  class='av-special-heading av-jqqelz66-212eaf7e9f343eb5de2c23d0ac2aa245 av-special-heading-h2  avia-builder-el-4  avia-builder-el-no-sibling '><h2 class='av-special-heading-tag'  itemprop=\"headline\"  >2. INSCRIPTION ET ACC\u00c8S \u00c0 SYMBOTALK<\/h2><div class=\"special-heading-border\"><div class=\"special-heading-inner-border\"><\/div><\/div><\/div>\n<\/div><\/div>\n<\/div><div id='after_grid_row_1'  class='main_color av_default_container_wrap container_wrap fullsize'  ><div class='container av-section-cont-open' ><div class='template-page content  av-content-full alpha units'><div class='post-entry post-entry-type-page post-entry-82581'><div class='entry-content-wrapper clearfix'>\n\n<style type=\"text\/css\" data-created_by=\"avia_inline_auto\" id=\"style-css-av-5ybegxz-e9fac6a7e77e1aca3fbec049dfa61e89\">\n#top .av_textblock_section.av-5ybegxz-e9fac6a7e77e1aca3fbec049dfa61e89 .avia_textblock{\nfont-size:16px;\n}\n<\/style>\n<section  class='av_textblock_section av-5ybegxz-e9fac6a7e77e1aca3fbec049dfa61e89'  itemscope=\"itemscope\" itemtype=\"https:\/\/schema.org\/CreativeWork\" ><div class='avia_textblock'  itemprop=\"text\" ><h6 style=\"text-align: center;\"><img loading=\"lazy\" decoding=\"async\" class=\"aligncenter size-full wp-image-932\" src=\"https:\/\/aulaabierta.arasaac.org\/wp-content\/uploads\/2016\/12\/by-nc-sa.eu_petit.png\" alt=\"\" width=\"118\" height=\"41\">Cette \u0153uvre est sous licence <a href=\"http:\/\/creativecommons.org\/licenses\/by-nc-sa\/4.0\/\" rel=\"license\">Creative Commons Attribution-NonComercial-ShareAlike 4.0 International.<\/a><\/h6>\n<hr>\n<p><a href=\"https:\/\/www.symbotalk.com\/\" target=\"_blank\" rel=\"noopener noreferrer\"><strong>Symbotalk<\/strong><\/a> est un <strong>communicateur multiplateforme<\/strong> avec une <strong>interface unique<\/strong>, quelle que soit la plate-forme d\u2019utilisation, ce qui permet la <strong>synchronisation<\/strong>des informations entre l\u2019un d\u2019entre eux<\/p>\n<p>Nous pouvons acc\u00e9der \u00e0 l\u2019<a href=\"https:\/\/www.symbotalkapp.com\/\" target=\"_blank\" rel=\"noopener\"><strong>application Web<\/strong><\/a> via notre navigateur habituel sur le PC et via le <strong>t\u00e9l\u00e9chargement gratuit de l\u2019application<\/strong> pour les appareils mobiles avec le syst\u00e8me d\u2019exploitation <a href=\"https:\/\/play.google.com\/store\/apps\/details?id=com.elelad.comboard&amp;hl=es_419\" target=\"_blank\" rel=\"noopener\"><strong>Android<\/strong><\/a>et <strong><a href=\"https:\/\/itunes.apple.com\/us\/app\/symbotalk-aac-talker\/id1294023783?mt=8\" target=\"_blank\" rel=\"noopener\">iOS.<\/a><\/strong><\/p>\n<p><img loading=\"lazy\" decoding=\"async\" class=\"aligncenter wp-image-9025 size-full\" src=\"https:\/\/aulaabierta.arasaac.org\/wp-content\/uploads\/2018\/06\/Symbotalk_Plataformas.jpg\" alt=\"\" width=\"400\" height=\"300\" srcset=\"https:\/\/aulaabierta.arasaac.org\/wp-content\/uploads\/2018\/06\/Symbotalk_Plataformas.jpg 400w, https:\/\/aulaabierta.arasaac.org\/wp-content\/uploads\/2018\/06\/Symbotalk_Plataformas-300x225.jpg 300w\" sizes=\"auto, (max-width: 400px) 100vw, 400px\" \/><\/p>\n<p>La seule <strong>diff\u00e9rence<\/strong>entre la version Web de l\u2019application et celle que nous t\u00e9l\u00e9chargeons sur les appareils mobiles est l\u2019acc\u00e8s \u00e0 certaines fonctionnalit\u00e9s suppl\u00e9mentaires telles que <strong>l\u2019impression pdf des cartes<\/strong> dans la version Web pour PC.<\/p>\n<\/div><\/section>\n\n<style type=\"text\/css\" data-created_by=\"avia_inline_auto\" id=\"style-css-av-l2znon-391fc9fb55200926f94d99c9638f4f11\">\n#top .av-special-heading.av-l2znon-391fc9fb55200926f94d99c9638f4f11{\npadding-bottom:10px;\n}\nbody .av-special-heading.av-l2znon-391fc9fb55200926f94d99c9638f4f11 .av-special-heading-tag .heading-char{\nfont-size:25px;\n}\n.av-special-heading.av-l2znon-391fc9fb55200926f94d99c9638f4f11 .av-subheading{\nfont-size:15px;\n}\n<\/style>\n<div  class='av-special-heading av-l2znon-391fc9fb55200926f94d99c9638f4f11 av-special-heading-h3  avia-builder-el-6  el_after_av_textblock  el_before_av_textblock '><h3 class='av-special-heading-tag'  itemprop=\"headline\"  >Enregistrement et acc\u00e8s \u00e0 l\u2019application Symbotalk.<\/h3><div class=\"special-heading-border\"><div class=\"special-heading-inner-border\"><\/div><\/div><\/div>\n<section  class='av_textblock_section av-4vv5ngn-fe3cdce30373d6a221612691382140b7'  itemscope=\"itemscope\" itemtype=\"https:\/\/schema.org\/CreativeWork\" ><div class='avia_textblock'  itemprop=\"text\" ><p>Lorsque nous acc\u00e9dons \u00e0 <strong>SymboTalk<\/strong>, nous trouvons l\u2019\u00e9cran d\u2019accueil.<\/p>\n<p><img loading=\"lazy\" decoding=\"async\" class=\"aligncenter wp-image-12584 size-full\" src=\"https:\/\/aulaabierta.arasaac.org\/wp-content\/uploads\/2018\/11\/symbotalk_2_1.jpg\" alt=\"\" width=\"1481\" height=\"824\" srcset=\"https:\/\/aulaabierta.arasaac.org\/wp-content\/uploads\/2018\/11\/symbotalk_2_1.jpg 1481w, https:\/\/aulaabierta.arasaac.org\/wp-content\/uploads\/2018\/11\/symbotalk_2_1-300x167.jpg 300w, https:\/\/aulaabierta.arasaac.org\/wp-content\/uploads\/2018\/11\/symbotalk_2_1-768x427.jpg 768w, https:\/\/aulaabierta.arasaac.org\/wp-content\/uploads\/2018\/11\/symbotalk_2_1-1030x573.jpg 1030w, https:\/\/aulaabierta.arasaac.org\/wp-content\/uploads\/2018\/11\/symbotalk_2_1-705x392.jpg 705w, https:\/\/aulaabierta.arasaac.org\/wp-content\/uploads\/2018\/11\/symbotalk_2_1-450x250.jpg 450w\" sizes=\"auto, (max-width: 1481px) 100vw, 1481px\" \/><\/p>\n<p>Pour commencer \u00e0 utiliser l\u2019application, cliquez sur l\u2019ic\u00f4ne d\u2019<img loading=\"lazy\" decoding=\"async\" class=\"alignnone wp-image-13149\" src=\"https:\/\/aulaabierta.arasaac.org\/wp-content\/uploads\/2019\/01\/Icono_symbotalk_1.jpg\" alt=\"\" width=\"28\" height=\"22\"> situ\u00e9e dans la barre sup\u00e9rieure droite.<\/p>\n<p><img loading=\"lazy\" decoding=\"async\" class=\"alignnone wp-image-12585 size-full\" src=\"https:\/\/aulaabierta.arasaac.org\/wp-content\/uploads\/2018\/11\/symbotalk_2_2.jpg\" alt=\"\" width=\"1479\" height=\"835\" srcset=\"https:\/\/aulaabierta.arasaac.org\/wp-content\/uploads\/2018\/11\/symbotalk_2_2.jpg 1479w, https:\/\/aulaabierta.arasaac.org\/wp-content\/uploads\/2018\/11\/symbotalk_2_2-300x169.jpg 300w, https:\/\/aulaabierta.arasaac.org\/wp-content\/uploads\/2018\/11\/symbotalk_2_2-768x434.jpg 768w, https:\/\/aulaabierta.arasaac.org\/wp-content\/uploads\/2018\/11\/symbotalk_2_2-1030x582.jpg 1030w, https:\/\/aulaabierta.arasaac.org\/wp-content\/uploads\/2018\/11\/symbotalk_2_2-705x398.jpg 705w, https:\/\/aulaabierta.arasaac.org\/wp-content\/uploads\/2018\/11\/symbotalk_2_2-450x254.jpg 450w\" sizes=\"auto, (max-width: 1479px) 100vw, 1479px\" \/><\/p>\n<p>Cliquez sur <strong>Connexion<\/strong>pour pouvoir d\u00e9marrer l\u2019<strong>inscription<\/strong> <strong>gratuitement<\/strong>dans l\u2019application.<\/p>\n<p><img loading=\"lazy\" decoding=\"async\" class=\"alignnone wp-image-12586 size-full\" src=\"https:\/\/aulaabierta.arasaac.org\/wp-content\/uploads\/2018\/11\/symbotalk_2_3.jpg\" alt=\"\" width=\"1481\" height=\"833\" srcset=\"https:\/\/aulaabierta.arasaac.org\/wp-content\/uploads\/2018\/11\/symbotalk_2_3.jpg 1481w, https:\/\/aulaabierta.arasaac.org\/wp-content\/uploads\/2018\/11\/symbotalk_2_3-300x169.jpg 300w, https:\/\/aulaabierta.arasaac.org\/wp-content\/uploads\/2018\/11\/symbotalk_2_3-768x432.jpg 768w, https:\/\/aulaabierta.arasaac.org\/wp-content\/uploads\/2018\/11\/symbotalk_2_3-1030x579.jpg 1030w, https:\/\/aulaabierta.arasaac.org\/wp-content\/uploads\/2018\/11\/symbotalk_2_3-705x397.jpg 705w, https:\/\/aulaabierta.arasaac.org\/wp-content\/uploads\/2018\/11\/symbotalk_2_3-450x253.jpg 450w\" sizes=\"auto, (max-width: 1481px) 100vw, 1481px\" \/><\/p>\n<p>Ensuite, une fen\u00eatre appara\u00eet dans laquelle il est signal\u00e9 que pour <strong>synchroniser entre les appareils<\/strong>, il est n\u00e9cessaire de faire un abonnement de 1 $ par mois. Ce message n\u2019affecte pas le fonctionnement de l\u2019application (enti\u00e8rement fonctionnelle sur le PC ou dans l\u2019Application), puisque l\u2019<strong>INSCRIPTION<\/strong> et <strong>l\u2019UTILISATION<\/strong>sont <strong>TOTALEMENT GRATUITES<\/strong>. Cet abonnement est destin\u00e9 \u00e0 couvrir les co\u00fbts du serveur sur lequel les sauvegardes sont h\u00e9berg\u00e9es pour la synchronisation entre les appareils et les co\u00fbts de publication et de maintenance de l\u2019application sur les diff\u00e9rentes plateformes.<\/p>\n<p>Pour poursuivre le processus d\u2019inscription, cliquez sur <strong>S\u2019inscrire<\/strong>.<\/p>\n<p><img loading=\"lazy\" decoding=\"async\" class=\"alignnone wp-image-12587 size-full\" src=\"https:\/\/aulaabierta.arasaac.org\/wp-content\/uploads\/2018\/11\/symbotalk_2_4.jpg\" alt=\"\" width=\"1481\" height=\"834\" srcset=\"https:\/\/aulaabierta.arasaac.org\/wp-content\/uploads\/2018\/11\/symbotalk_2_4.jpg 1481w, https:\/\/aulaabierta.arasaac.org\/wp-content\/uploads\/2018\/11\/symbotalk_2_4-300x169.jpg 300w, https:\/\/aulaabierta.arasaac.org\/wp-content\/uploads\/2018\/11\/symbotalk_2_4-768x432.jpg 768w, https:\/\/aulaabierta.arasaac.org\/wp-content\/uploads\/2018\/11\/symbotalk_2_4-1030x580.jpg 1030w, https:\/\/aulaabierta.arasaac.org\/wp-content\/uploads\/2018\/11\/symbotalk_2_4-705x397.jpg 705w, https:\/\/aulaabierta.arasaac.org\/wp-content\/uploads\/2018\/11\/symbotalk_2_4-450x253.jpg 450w\" sizes=\"auto, (max-width: 1481px) 100vw, 1481px\" \/><\/p>\n<p>Une fois que nous acc\u00e9dons \u00e0 la fen\u00eatre d\u2019inscription, nous cochons la case <strong>J\u2019accepte les conditions<\/strong>.<\/p>\n<p>Voici <strong>deux possibilit\u00e9s d\u2019inscription<\/strong> :<\/p>\n<ol>\n<li>Inscrivez-vous dans l\u2019application avec un <strong>compte de messagerie \u00e0 partir de n\u2019importe quel service de messagerie<\/strong> (Gmail, Hotmail, Outlook, etc.). Dans le cas o\u00f9 nous allons synchroniser le communicateur avec d\u2019autres personnes (professionnels ou familles), nous vous recommandons de cr\u00e9er et d\u2019utiliser un compte de messagerie exclusif \u00e0 cet effet.<\/li>\n<li>Inscrivez-vous avec notre <strong>compte de messagerie Google<\/strong>. Pour ce faire, cliquez sur la case <strong>Se connecter avec Google<\/strong>. Une fen\u00eatre contextuelle appara\u00eetra dans laquelle les comptes Google avec lesquels nous nous sommes authentifi\u00e9s dans ce navigateur seront r\u00e9pertori\u00e9s ou nous obtiendrons un formulaire Google dans lequel nous pourrons entrer les donn\u00e9es de notre compte Google (nom d\u2019utilisateur et mot de passe). Une fois ces \u00e9tapes termin\u00e9es, la fen\u00eatre se fermera et nous reviendrons \u00e0 l\u2019application d\u00e9j\u00e0 enregistr\u00e9e.<\/li>\n<\/ol>\n<p>Une fois le formulaire d\u2019inscription rempli, cliquez sur <strong>Signer<\/strong>.<\/p>\n<p><img loading=\"lazy\" decoding=\"async\" class=\"alignnone size-full wp-image-12588\" src=\"https:\/\/aulaabierta.arasaac.org\/wp-content\/uploads\/2018\/11\/symbotalk_2_7.jpg\" alt=\"\" width=\"1482\" height=\"834\" srcset=\"https:\/\/aulaabierta.arasaac.org\/wp-content\/uploads\/2018\/11\/symbotalk_2_7.jpg 1482w, https:\/\/aulaabierta.arasaac.org\/wp-content\/uploads\/2018\/11\/symbotalk_2_7-300x169.jpg 300w, https:\/\/aulaabierta.arasaac.org\/wp-content\/uploads\/2018\/11\/symbotalk_2_7-768x432.jpg 768w, https:\/\/aulaabierta.arasaac.org\/wp-content\/uploads\/2018\/11\/symbotalk_2_7-1030x580.jpg 1030w, https:\/\/aulaabierta.arasaac.org\/wp-content\/uploads\/2018\/11\/symbotalk_2_7-705x397.jpg 705w, https:\/\/aulaabierta.arasaac.org\/wp-content\/uploads\/2018\/11\/symbotalk_2_7-450x253.jpg 450w\" sizes=\"auto, (max-width: 1482px) 100vw, 1482px\" \/><\/p>\n<p>Si nous sommes d\u00e9j\u00e0 inscrits dans l\u2019application, nous pouvons y acc\u00e9der directement \u00e0 partir de l<strong>\u2019onglet Connexion.<\/strong><\/p>\n<p><img loading=\"lazy\" decoding=\"async\" class=\"alignnone size-full wp-image-12590\" src=\"https:\/\/aulaabierta.arasaac.org\/wp-content\/uploads\/2018\/11\/symbotalk_2_8.jpg\" alt=\"\" width=\"1481\" height=\"831\" srcset=\"https:\/\/aulaabierta.arasaac.org\/wp-content\/uploads\/2018\/11\/symbotalk_2_8.jpg 1481w, https:\/\/aulaabierta.arasaac.org\/wp-content\/uploads\/2018\/11\/symbotalk_2_8-300x168.jpg 300w, https:\/\/aulaabierta.arasaac.org\/wp-content\/uploads\/2018\/11\/symbotalk_2_8-768x431.jpg 768w, https:\/\/aulaabierta.arasaac.org\/wp-content\/uploads\/2018\/11\/symbotalk_2_8-1030x578.jpg 1030w, https:\/\/aulaabierta.arasaac.org\/wp-content\/uploads\/2018\/11\/symbotalk_2_8-705x396.jpg 705w, https:\/\/aulaabierta.arasaac.org\/wp-content\/uploads\/2018\/11\/symbotalk_2_8-450x252.jpg 450w\" sizes=\"auto, (max-width: 1481px) 100vw, 1481px\" \/><\/p>\n<p>Comme dans l\u2019enregistrement, nous avons deux options: soit entrer l\u2019e-mail et le mot de passe avec lesquels nous nous inscrivons manuellement (1), soit nous authentifier avec le compte Google (2).<\/p>\n<\/div><\/section>\n<\/div><\/div><\/div><!-- close content main div --><\/div><\/div><div id='av-layout-grid-2'  class='av-layout-grid-container av-4ke33yf-b7571d2b4a58d5cf7861b2294411d567 entry-content-wrapper main_color av-border-top-bottom av-flex-cells  avia-builder-el-8  el_after_av_textblock  avia-builder-el-last  grid-row-not-first  container_wrap fullsize'  >\n\n<style type=\"text\/css\" data-created_by=\"avia_inline_auto\" id=\"style-css-av-3vdp9t3-73bab922e01f0d79888f0a9e55273a53\">\n.flex_cell.av-3vdp9t3-73bab922e01f0d79888f0a9e55273a53{\nvertical-align:top;\n}\n.responsive #top #wrap_all .flex_cell.av-3vdp9t3-73bab922e01f0d79888f0a9e55273a53{\npadding:30px 30px 30px 30px !important;\n}\n<\/style>\n<div class='flex_cell av-3vdp9t3-73bab922e01f0d79888f0a9e55273a53 av-gridrow-cell av_one_fifth no_margin  avia-builder-el-9  el_before_av_cell_one_fifth  avia-builder-el-first ' ><div class='flex_cell_inner'>\n<style type=\"text\/css\" data-created_by=\"avia_inline_auto\" id=\"style-css-av-3jrg9c7-a1277f65295ed776e9fe0b0771670fd9\">\n.avia-image-container.av-3jrg9c7-a1277f65295ed776e9fe0b0771670fd9 img.avia_image{\nbox-shadow:none;\n}\n.avia-image-container.av-3jrg9c7-a1277f65295ed776e9fe0b0771670fd9 .av-image-caption-overlay-center{\ncolor:#ffffff;\n}\n<\/style>\n<div  class='avia-image-container av-3jrg9c7-a1277f65295ed776e9fe0b0771670fd9 av-styling- avia-align-center  avia-builder-el-10  avia-builder-el-no-sibling '   itemprop=\"image\" itemscope=\"itemscope\" itemtype=\"https:\/\/schema.org\/ImageObject\" ><div class=\"avia-image-container-inner\"><div class=\"avia-image-overlay-wrap\"><a href=\"https:\/\/aulaabierta.arasaac.org\/fr\/symbotalk-1-introduction\" class='avia_image' ><img decoding=\"async\" class='wp-image-23492 avia-img-lazy-loading-not-23492 avia_image ' src=\"https:\/\/aulaabierta.arasaac.org\/wp-content\/uploads\/2016\/12\/before-80x80.png\" alt='' title='before'  height=\"80\" width=\"80\"  itemprop=\"thumbnailUrl\" srcset=\"https:\/\/aulaabierta.arasaac.org\/wp-content\/uploads\/2016\/12\/before-80x80.png 80w, https:\/\/aulaabierta.arasaac.org\/wp-content\/uploads\/2016\/12\/before-36x36.png 36w, https:\/\/aulaabierta.arasaac.org\/wp-content\/uploads\/2016\/12\/before-120x120.png 120w, https:\/\/aulaabierta.arasaac.org\/wp-content\/uploads\/2016\/12\/before.png 128w\" sizes=\"(max-width: 80px) 100vw, 80px\" \/><\/a><\/div><\/div><\/div>\n<\/div><\/div>\n<style type=\"text\/css\" data-created_by=\"avia_inline_auto\" id=\"style-css-av-2tqmoyv-d2e9eefda301d560b42bba5fcf1e2653\">\n.flex_cell.av-2tqmoyv-d2e9eefda301d560b42bba5fcf1e2653{\nvertical-align:top;\n}\n.responsive #top #wrap_all .flex_cell.av-2tqmoyv-d2e9eefda301d560b42bba5fcf1e2653{\npadding:30px 30px 30px 30px !important;\n}\n<\/style>\n<div class='flex_cell av-2tqmoyv-d2e9eefda301d560b42bba5fcf1e2653 av-gridrow-cell av_one_fifth no_margin  avia-builder-el-11  el_after_av_cell_one_fifth  el_before_av_cell_one_fifth ' ><div class='flex_cell_inner'><\/div><\/div>\n<style type=\"text\/css\" data-created_by=\"avia_inline_auto\" id=\"style-css-av-2mopbgn-f724d45b1a21dde3827f7788a6d82e2b\">\n.flex_cell.av-2mopbgn-f724d45b1a21dde3827f7788a6d82e2b{\nvertical-align:top;\n}\n.responsive #top #wrap_all .flex_cell.av-2mopbgn-f724d45b1a21dde3827f7788a6d82e2b{\npadding:30px 30px 30px 30px !important;\n}\n<\/style>\n<div class='flex_cell av-2mopbgn-f724d45b1a21dde3827f7788a6d82e2b av-gridrow-cell av_one_fifth no_margin  avia-builder-el-12  el_after_av_cell_one_fifth  el_before_av_cell_one_fifth ' ><div class='flex_cell_inner'>\n<style type=\"text\/css\" data-created_by=\"avia_inline_auto\" id=\"style-css-av-28179hj-0438060609ce2a0d0c2d557aa08155f7\">\n.avia-image-container.av-28179hj-0438060609ce2a0d0c2d557aa08155f7 img.avia_image{\nbox-shadow:none;\n}\n.avia-image-container.av-28179hj-0438060609ce2a0d0c2d557aa08155f7 .av-image-caption-overlay-center{\ncolor:#ffffff;\n}\n<\/style>\n<div  class='avia-image-container av-28179hj-0438060609ce2a0d0c2d557aa08155f7 av-styling- avia-align-center  avia-builder-el-13  avia-builder-el-no-sibling '   itemprop=\"image\" itemscope=\"itemscope\" itemtype=\"https:\/\/schema.org\/ImageObject\" ><div class=\"avia-image-container-inner\"><div class=\"avia-image-overlay-wrap\"><a href=\"https:\/\/aulaabierta.arasaac.org\/fr\/symbotalk-0-accueil-fr\" class='avia_image' ><img decoding=\"async\" class='wp-image-23498 avia-img-lazy-loading-not-23498 avia_image ' src=\"https:\/\/aulaabierta.arasaac.org\/wp-content\/uploads\/2016\/12\/casa-80x80.png\" alt='' title='Commencement'  height=\"80\" width=\"80\"  itemprop=\"thumbnailUrl\" srcset=\"https:\/\/aulaabierta.arasaac.org\/wp-content\/uploads\/2016\/12\/casa-80x80.png 80w, https:\/\/aulaabierta.arasaac.org\/wp-content\/uploads\/2016\/12\/casa-300x300.png 300w, https:\/\/aulaabierta.arasaac.org\/wp-content\/uploads\/2016\/12\/casa-36x36.png 36w, https:\/\/aulaabierta.arasaac.org\/wp-content\/uploads\/2016\/12\/casa-180x180.png 180w, https:\/\/aulaabierta.arasaac.org\/wp-content\/uploads\/2016\/12\/casa-120x120.png 120w, https:\/\/aulaabierta.arasaac.org\/wp-content\/uploads\/2016\/12\/casa-450x450.png 450w, https:\/\/aulaabierta.arasaac.org\/wp-content\/uploads\/2016\/12\/casa.png 500w\" sizes=\"(max-width: 80px) 100vw, 80px\" \/><\/a><\/div><\/div><\/div>\n<\/div><\/div>\n<style type=\"text\/css\" data-created_by=\"avia_inline_auto\" id=\"style-css-av-1fodfnr-80cc106157a10ab22d9acfd27cdc82f0\">\n.flex_cell.av-1fodfnr-80cc106157a10ab22d9acfd27cdc82f0{\nvertical-align:top;\n}\n.responsive #top #wrap_all .flex_cell.av-1fodfnr-80cc106157a10ab22d9acfd27cdc82f0{\npadding:30px 30px 30px 30px !important;\n}\n<\/style>\n<div class='flex_cell av-1fodfnr-80cc106157a10ab22d9acfd27cdc82f0 av-gridrow-cell av_one_fifth no_margin  avia-builder-el-14  el_after_av_cell_one_fifth  el_before_av_cell_one_fifth ' ><div class='flex_cell_inner'><\/div><\/div>\n<style type=\"text\/css\" data-created_by=\"avia_inline_auto\" id=\"style-css-av-11ybxvr-5d40c349abf50ca0b8e0396509004170\">\n.flex_cell.av-11ybxvr-5d40c349abf50ca0b8e0396509004170{\nvertical-align:top;\n}\n.responsive #top #wrap_all .flex_cell.av-11ybxvr-5d40c349abf50ca0b8e0396509004170{\npadding:30px 30px 30px 30px !important;\n}\n<\/style>\n<div class='flex_cell av-11ybxvr-5d40c349abf50ca0b8e0396509004170 av-gridrow-cell av_one_fifth no_margin  avia-builder-el-15  el_after_av_cell_one_fifth  avia-builder-el-last ' ><div class='flex_cell_inner'>\n<style type=\"text\/css\" data-created_by=\"avia_inline_auto\" id=\"style-css-av-n9n0p3-2a9a8dc87dbdb1d9b1ceaa845034db8a\">\n.avia-image-container.av-n9n0p3-2a9a8dc87dbdb1d9b1ceaa845034db8a img.avia_image{\nbox-shadow:none;\n}\n.avia-image-container.av-n9n0p3-2a9a8dc87dbdb1d9b1ceaa845034db8a .av-image-caption-overlay-center{\ncolor:#ffffff;\n}\n<\/style>\n<div  class='avia-image-container av-n9n0p3-2a9a8dc87dbdb1d9b1ceaa845034db8a av-styling- avia-align-center  avia-builder-el-16  avia-builder-el-no-sibling '   itemprop=\"image\" itemscope=\"itemscope\" itemtype=\"https:\/\/schema.org\/ImageObject\" ><div class=\"avia-image-container-inner\"><div class=\"avia-image-overlay-wrap\"><a href=\"https:\/\/aulaabierta.arasaac.org\/fr\/symbotalk-3-first-configurations-fr\" class='avia_image' ><img decoding=\"async\" class='wp-image-23495 avia-img-lazy-loading-not-23495 avia_image ' src=\"https:\/\/aulaabierta.arasaac.org\/wp-content\/uploads\/2016\/12\/next-80x80.png\" alt='' title='next'  height=\"80\" width=\"80\"  itemprop=\"thumbnailUrl\" srcset=\"https:\/\/aulaabierta.arasaac.org\/wp-content\/uploads\/2016\/12\/next-80x80.png 80w, https:\/\/aulaabierta.arasaac.org\/wp-content\/uploads\/2016\/12\/next-36x36.png 36w, https:\/\/aulaabierta.arasaac.org\/wp-content\/uploads\/2016\/12\/next-120x120.png 120w, https:\/\/aulaabierta.arasaac.org\/wp-content\/uploads\/2016\/12\/next.png 128w\" sizes=\"(max-width: 80px) 100vw, 80px\" \/><\/a><\/div><\/div><\/div>\n<\/div><\/div>\n<\/div>\n","protected":false},"excerpt":{"rendered":"","protected":false},"author":5,"featured_media":34808,"parent":0,"menu_order":0,"comment_status":"closed","ping_status":"closed","template":"","meta":{"om_disable_all_campaigns":false,"_monsterinsights_skip_tracking":false,"_monsterinsights_sitenote_active":false,"_monsterinsights_sitenote_note":"","_monsterinsights_sitenote_category":0,"_uf_show_specific_survey":0,"_uf_disable_surveys":false,"footnotes":""},"class_list":["post-82581","page","type-page","status-publish","has-post-thumbnail","hentry"],"aioseo_notices":[],"_links":{"self":[{"href":"https:\/\/aulaabierta.arasaac.org\/fr\/wp-json\/wp\/v2\/pages\/82581","targetHints":{"allow":["GET"]}}],"collection":[{"href":"https:\/\/aulaabierta.arasaac.org\/fr\/wp-json\/wp\/v2\/pages"}],"about":[{"href":"https:\/\/aulaabierta.arasaac.org\/fr\/wp-json\/wp\/v2\/types\/page"}],"author":[{"embeddable":true,"href":"https:\/\/aulaabierta.arasaac.org\/fr\/wp-json\/wp\/v2\/users\/5"}],"replies":[{"embeddable":true,"href":"https:\/\/aulaabierta.arasaac.org\/fr\/wp-json\/wp\/v2\/comments?post=82581"}],"version-history":[{"count":19,"href":"https:\/\/aulaabierta.arasaac.org\/fr\/wp-json\/wp\/v2\/pages\/82581\/revisions"}],"predecessor-version":[{"id":145196,"href":"https:\/\/aulaabierta.arasaac.org\/fr\/wp-json\/wp\/v2\/pages\/82581\/revisions\/145196"}],"wp:featuredmedia":[{"embeddable":true,"href":"https:\/\/aulaabierta.arasaac.org\/fr\/wp-json\/wp\/v2\/media\/34808"}],"wp:attachment":[{"href":"https:\/\/aulaabierta.arasaac.org\/fr\/wp-json\/wp\/v2\/media?parent=82581"}],"curies":[{"name":"wp","href":"https:\/\/api.w.org\/{rel}","templated":true}]}}