{"id":82882,"date":"2018-11-19T13:22:54","date_gmt":"2018-11-19T12:22:54","guid":{"rendered":"https:\/\/aulaabierta.arasaac.org\/symbotalk-4-como-funciona"},"modified":"2023-02-09T11:29:23","modified_gmt":"2023-02-09T10:29:23","slug":"symbotalk-4-comment-fonctionne-fr","status":"publish","type":"page","link":"https:\/\/aulaabierta.arasaac.org\/fr\/symbotalk-4-comment-fonctionne-fr","title":{"rendered":"Symbotalk &#8211; 4 &#8211; Comment fonctionne Symbotalk ?"},"content":{"rendered":"<div id='av-layout-grid-1'  class='av-layout-grid-container av-75ttxka-6a058204fb8aa27856587e95192c8787 entry-content-wrapper alternate_color av-border-cells av-flex-cells  avia-builder-el-0  el_before_av_textblock  avia-builder-el-first   container_wrap fullsize'  >\n\n<style type=\"text\/css\" data-created_by=\"avia_inline_auto\" id=\"style-css-av-6ssfs8a-3060f475e74878fa5fdae4017fac9d74\">\n.flex_cell.av-6ssfs8a-3060f475e74878fa5fdae4017fac9d74{\nvertical-align:top;\n}\n.responsive #top #wrap_all .flex_cell.av-6ssfs8a-3060f475e74878fa5fdae4017fac9d74{\npadding:30px 30px 30px 30px !important;\n}\n<\/style>\n<div class='flex_cell av-6ssfs8a-3060f475e74878fa5fdae4017fac9d74 av-gridrow-cell av_one_fifth no_margin  avia-builder-el-1  el_before_av_cell_four_fifth  avia-builder-el-first ' ><div class='flex_cell_inner'>\n<style type=\"text\/css\" data-created_by=\"avia_inline_auto\" id=\"style-css-av-69o4jre-3868aad5b41fc5edac4f1e070a1830fc\">\n.avia-image-container.av-69o4jre-3868aad5b41fc5edac4f1e070a1830fc img.avia_image{\nbox-shadow:none;\n}\n.avia-image-container.av-69o4jre-3868aad5b41fc5edac4f1e070a1830fc .av-caption-image-overlay-bg{\nopacity:0.4;\nbackground-color:#000000;\n}\n.avia-image-container.av-69o4jre-3868aad5b41fc5edac4f1e070a1830fc .av-image-caption-overlay-center{\ncolor:#ffffff;\n}\n<\/style>\n<div  class='avia-image-container av-69o4jre-3868aad5b41fc5edac4f1e070a1830fc av-styling- avia-align-left  avia-builder-el-2  avia-builder-el-no-sibling  noHover av-overlay-on-hover'   itemprop=\"image\" itemscope=\"itemscope\" itemtype=\"https:\/\/schema.org\/ImageObject\" ><div class=\"avia-image-container-inner\"><div class=\"avia-image-overlay-wrap\"><a href=\"https:\/\/aulaabierta.arasaac.org\/fr\/symbotalk-0-accueil-fr\" class='avia_image' ><div class=\"av-image-caption-overlay\"><div class=\"av-caption-image-overlay-bg\"><\/div><div class=\"av-image-caption-overlay-position\"><div class=\"av-image-caption-overlay-center\"><p>Retour en haut de la page<\/p>\n<\/div><\/div><\/div><img decoding=\"async\" class='wp-image-34808 avia-img-lazy-loading-not-34808 avia_image ' src=\"https:\/\/aulaabierta.arasaac.org\/wp-content\/uploads\/2018\/06\/Symbotalk_ARASAAC-300x300.png\" alt='' title='Symbotalk_ARASAAC'  height=\"300\" width=\"300\"  itemprop=\"thumbnailUrl\" srcset=\"https:\/\/aulaabierta.arasaac.org\/wp-content\/uploads\/2018\/06\/Symbotalk_ARASAAC-300x300.png 300w, https:\/\/aulaabierta.arasaac.org\/wp-content\/uploads\/2018\/06\/Symbotalk_ARASAAC-80x80.png 80w, https:\/\/aulaabierta.arasaac.org\/wp-content\/uploads\/2018\/06\/Symbotalk_ARASAAC-768x767.png 768w, https:\/\/aulaabierta.arasaac.org\/wp-content\/uploads\/2018\/06\/Symbotalk_ARASAAC-1030x1030.png 1030w, https:\/\/aulaabierta.arasaac.org\/wp-content\/uploads\/2018\/06\/Symbotalk_ARASAAC-36x36.png 36w, https:\/\/aulaabierta.arasaac.org\/wp-content\/uploads\/2018\/06\/Symbotalk_ARASAAC-180x180.png 180w, https:\/\/aulaabierta.arasaac.org\/wp-content\/uploads\/2018\/06\/Symbotalk_ARASAAC-705x705.png 705w, https:\/\/aulaabierta.arasaac.org\/wp-content\/uploads\/2018\/06\/Symbotalk_ARASAAC-120x120.png 120w, https:\/\/aulaabierta.arasaac.org\/wp-content\/uploads\/2018\/06\/Symbotalk_ARASAAC-450x450.png 450w, https:\/\/aulaabierta.arasaac.org\/wp-content\/uploads\/2018\/06\/Symbotalk_ARASAAC.png 1042w\" sizes=\"(max-width: 300px) 100vw, 300px\" \/><\/a><\/div><\/div><\/div>\n<\/div><\/div>\n<style type=\"text\/css\" data-created_by=\"avia_inline_auto\" id=\"style-css-av-5lbbh62-87e65bc2930ec3aa14c52ff54fabac66\">\n.flex_cell.av-5lbbh62-87e65bc2930ec3aa14c52ff54fabac66{\nvertical-align:middle;\n}\n.responsive #top #wrap_all .flex_cell.av-5lbbh62-87e65bc2930ec3aa14c52ff54fabac66{\npadding:30px 30px 30px 30px !important;\n}\n<\/style>\n<div class='flex_cell av-5lbbh62-87e65bc2930ec3aa14c52ff54fabac66 av-gridrow-cell av_four_fifth no_margin  avia-builder-el-3  el_after_av_cell_one_fifth  avia-builder-el-last ' ><div class='flex_cell_inner'>\n<style type=\"text\/css\" data-created_by=\"avia_inline_auto\" id=\"style-css-av-5hvygmi-fd1707685420e2fc1af153bc81e4f08e\">\n#top .av-special-heading.av-5hvygmi-fd1707685420e2fc1af153bc81e4f08e{\npadding-bottom:0;\n}\nbody .av-special-heading.av-5hvygmi-fd1707685420e2fc1af153bc81e4f08e .av-special-heading-tag .heading-char{\nfont-size:25px;\n}\n#top #wrap_all .av-special-heading.av-5hvygmi-fd1707685420e2fc1af153bc81e4f08e .av-special-heading-tag{\nfont-size:26px;\n}\n.av-special-heading.av-5hvygmi-fd1707685420e2fc1af153bc81e4f08e .av-subheading{\nfont-size:15px;\n}\n<\/style>\n<div  class='av-special-heading av-5hvygmi-fd1707685420e2fc1af153bc81e4f08e av-special-heading-h2  avia-builder-el-4  avia-builder-el-no-sibling '><h2 class='av-special-heading-tag'  itemprop=\"headline\"  >4. COMMENT FONCTIONNE SYMBOTALK ?<\/h2><div class=\"special-heading-border\"><div class=\"special-heading-inner-border\"><\/div><\/div><\/div>\n<\/div><\/div>\n<\/div><div id='after_grid_row_1'  class='main_color av_default_container_wrap container_wrap fullsize'  ><div class='container av-section-cont-open' ><div class='template-page content  av-content-full alpha units'><div class='post-entry post-entry-type-page post-entry-82882'><div class='entry-content-wrapper clearfix'>\n\n<style type=\"text\/css\" data-created_by=\"avia_inline_auto\" id=\"style-css-av-4xm5bai-79f134085512721fdac5da02d42a262f\">\n#top .av_textblock_section.av-4xm5bai-79f134085512721fdac5da02d42a262f .avia_textblock{\nfont-size:16px;\n}\n<\/style>\n<section  class='av_textblock_section av-4xm5bai-79f134085512721fdac5da02d42a262f'  itemscope=\"itemscope\" itemtype=\"https:\/\/schema.org\/CreativeWork\" ><div class='avia_textblock'  itemprop=\"text\" ><h6 style=\"text-align: center;\"><img loading=\"lazy\" decoding=\"async\" class=\"aligncenter size-full wp-image-932\" src=\"https:\/\/aulaabierta.arasaac.org\/wp-content\/uploads\/2016\/12\/by-nc-sa.eu_petit.png\" alt=\"\" width=\"118\" height=\"41\">Cette \u0153uvre est sous licence <a href=\"http:\/\/creativecommons.org\/licenses\/by-nc-sa\/4.0\/\" rel=\"license\">Creative Commons Attribution-NonComercial-ShareAlike 4.0 International.<\/a><\/h6>\n<h4><strong>1. Mode d\u2019\u00e9dition: tableaux et cellules.<\/strong><\/h4>\n<p>Avant de commencer \u00e0 cr\u00e9er nos premiers tableaux de communication, il est important de savoir comment fonctionne <strong>SymboTalk<\/strong>, d\u2019apprendre \u00e0 cr\u00e9er des las <strong>cells<\/strong>et \u00e0 organiser des <strong>tableaux<\/strong>et des profils.<\/p>\n<p>Dans la fen\u00eatre principale de <strong>SymboTalk<\/strong>, deux modes de fonctionnement sont pr\u00e9sent\u00e9s: le <strong>mode \u00e9dition<\/strong> et le <strong>mode utilisateur<\/strong>. Dans ce chapitre, nous allons travailler avec le mode \u00c9dition, car nous consacrerons un chapitre au mode utilisateur plus tard.<\/p>\n<p>Le <strong>mode \u00c9dition<\/strong> nous permet de <strong>cr\u00e9er et d\u2019\u00e9diter des tableaux et des cellules<\/strong>, ainsi que de <strong>g\u00e9rer des profils.<\/strong><\/p>\n<p><img loading=\"lazy\" decoding=\"async\" class=\"alignnone size-full wp-image-12634\" src=\"https:\/\/aulaabierta.arasaac.org\/wp-content\/uploads\/2018\/11\/symbotalk_4_1.jpg\" alt=\"\" width=\"1213\" height=\"467\" srcset=\"https:\/\/aulaabierta.arasaac.org\/wp-content\/uploads\/2018\/11\/symbotalk_4_1.jpg 1213w, https:\/\/aulaabierta.arasaac.org\/wp-content\/uploads\/2018\/11\/symbotalk_4_1-300x115.jpg 300w, https:\/\/aulaabierta.arasaac.org\/wp-content\/uploads\/2018\/11\/symbotalk_4_1-768x296.jpg 768w, https:\/\/aulaabierta.arasaac.org\/wp-content\/uploads\/2018\/11\/symbotalk_4_1-1030x397.jpg 1030w, https:\/\/aulaabierta.arasaac.org\/wp-content\/uploads\/2018\/11\/symbotalk_4_1-705x271.jpg 705w, https:\/\/aulaabierta.arasaac.org\/wp-content\/uploads\/2018\/11\/symbotalk_4_1-450x173.jpg 450w\" sizes=\"auto, (max-width: 1213px) 100vw, 1213px\" \/><\/p>\n<p>En bas, sous le bouton <strong>D\u00e9marrer<\/strong>, nous observons que, par d\u00e9faut, nous avons 14 planches et 1 profil.<\/p>\n<p>Pour savoir un peu mieux comment fonctionne <strong>SymboTalk<\/strong>, cliquons sur <strong>14 tableaux<\/strong>.<\/p>\n<p><img loading=\"lazy\" decoding=\"async\" class=\"alignnone size-full wp-image-12635\" src=\"https:\/\/aulaabierta.arasaac.org\/wp-content\/uploads\/2018\/11\/symbotalk_4_2.jpg\" alt=\"\" width=\"1212\" height=\"464\" srcset=\"https:\/\/aulaabierta.arasaac.org\/wp-content\/uploads\/2018\/11\/symbotalk_4_2.jpg 1212w, https:\/\/aulaabierta.arasaac.org\/wp-content\/uploads\/2018\/11\/symbotalk_4_2-300x115.jpg 300w, https:\/\/aulaabierta.arasaac.org\/wp-content\/uploads\/2018\/11\/symbotalk_4_2-768x294.jpg 768w, https:\/\/aulaabierta.arasaac.org\/wp-content\/uploads\/2018\/11\/symbotalk_4_2-1030x394.jpg 1030w, https:\/\/aulaabierta.arasaac.org\/wp-content\/uploads\/2018\/11\/symbotalk_4_2-705x270.jpg 705w, https:\/\/aulaabierta.arasaac.org\/wp-content\/uploads\/2018\/11\/symbotalk_4_2-450x172.jpg 450w\" sizes=\"auto, (max-width: 1212px) 100vw, 1212px\" \/><\/p>\n<p>De cette fa\u00e7on, nous acc\u00e9dons \u00e0 la <strong>liste des tableaux pr\u00e9d\u00e9finis.<\/strong> Chacun d\u2019eux se voit attribuer le <strong>nom<\/strong>qui l\u2019identifie, la <strong>date<\/strong>\u00e0 laquelle il a \u00e9t\u00e9 cr\u00e9\u00e9 et les informations du <strong>nombre de cellules et de la distribution<\/strong>. Dans notre cas, tous les tableaux pr\u00e9d\u00e9finis ont 15 cellules organis\u00e9es en 5 colonnes x 3 lignes.<\/p>\n<p><img loading=\"lazy\" decoding=\"async\" class=\"alignnone size-full wp-image-12627\" src=\"https:\/\/aulaabierta.arasaac.org\/wp-content\/uploads\/2018\/11\/symbotalk_4_3.jpg\" alt=\"\" width=\"1214\" height=\"916\" srcset=\"https:\/\/aulaabierta.arasaac.org\/wp-content\/uploads\/2018\/11\/symbotalk_4_3.jpg 1214w, https:\/\/aulaabierta.arasaac.org\/wp-content\/uploads\/2018\/11\/symbotalk_4_3-300x226.jpg 300w, https:\/\/aulaabierta.arasaac.org\/wp-content\/uploads\/2018\/11\/symbotalk_4_3-768x579.jpg 768w, https:\/\/aulaabierta.arasaac.org\/wp-content\/uploads\/2018\/11\/symbotalk_4_3-1030x777.jpg 1030w, https:\/\/aulaabierta.arasaac.org\/wp-content\/uploads\/2018\/11\/symbotalk_4_3-705x532.jpg 705w, https:\/\/aulaabierta.arasaac.org\/wp-content\/uploads\/2018\/11\/symbotalk_4_3-450x340.jpg 450w\" sizes=\"auto, (max-width: 1214px) 100vw, 1214px\" \/><\/p>\n<p>Nous cliquons sur la carte <strong>principale<\/strong>et observons la distribution des <strong>cellules<\/strong>. Si vous regardez attentivement, certaines cellules ont un <strong>onglet bleu<\/strong> dans le coin sup\u00e9rieur droit. Cet onglet nous indique que cette cellule est <strong>li\u00e9e \u00e0 un autre tableau<\/strong>de notre liste.<\/p>\n<p><img loading=\"lazy\" decoding=\"async\" class=\"alignnone size-full wp-image-12629\" src=\"https:\/\/aulaabierta.arasaac.org\/wp-content\/uploads\/2018\/11\/symbotalk_4_5.jpg\" alt=\"\" width=\"1211\" height=\"913\" srcset=\"https:\/\/aulaabierta.arasaac.org\/wp-content\/uploads\/2018\/11\/symbotalk_4_5.jpg 1211w, https:\/\/aulaabierta.arasaac.org\/wp-content\/uploads\/2018\/11\/symbotalk_4_5-300x226.jpg 300w, https:\/\/aulaabierta.arasaac.org\/wp-content\/uploads\/2018\/11\/symbotalk_4_5-768x579.jpg 768w, https:\/\/aulaabierta.arasaac.org\/wp-content\/uploads\/2018\/11\/symbotalk_4_5-1030x777.jpg 1030w, https:\/\/aulaabierta.arasaac.org\/wp-content\/uploads\/2018\/11\/symbotalk_4_5-705x532.jpg 705w, https:\/\/aulaabierta.arasaac.org\/wp-content\/uploads\/2018\/11\/symbotalk_4_5-450x339.jpg 450w\" sizes=\"auto, (max-width: 1211px) 100vw, 1211px\" \/><\/p>\n<p>Si nous cliquons sur la cellule alimentaire, nous voyons comment nous passons \u00e0 une autre carte qui, dans notre liste de planches, s\u2019appelait Food.<\/p>\n<p><img loading=\"lazy\" decoding=\"async\" class=\"alignnone size-full wp-image-12630\" src=\"https:\/\/aulaabierta.arasaac.org\/wp-content\/uploads\/2018\/11\/symbotalk_4_6.jpg\" alt=\"\" width=\"1210\" height=\"917\" srcset=\"https:\/\/aulaabierta.arasaac.org\/wp-content\/uploads\/2018\/11\/symbotalk_4_6.jpg 1210w, https:\/\/aulaabierta.arasaac.org\/wp-content\/uploads\/2018\/11\/symbotalk_4_6-300x227.jpg 300w, https:\/\/aulaabierta.arasaac.org\/wp-content\/uploads\/2018\/11\/symbotalk_4_6-768x582.jpg 768w, https:\/\/aulaabierta.arasaac.org\/wp-content\/uploads\/2018\/11\/symbotalk_4_6-1030x781.jpg 1030w, https:\/\/aulaabierta.arasaac.org\/wp-content\/uploads\/2018\/11\/symbotalk_4_6-705x534.jpg 705w, https:\/\/aulaabierta.arasaac.org\/wp-content\/uploads\/2018\/11\/symbotalk_4_6-450x341.jpg 450w\" sizes=\"auto, (max-width: 1210px) 100vw, 1210px\" \/><\/p>\n<p>Dans ce tableau, nous pouvons appr\u00e9cier comment certaines cellules (par exemple: fruits et l\u00e9gumes) sont \u00e9galement li\u00e9es, de sorte que lorsque nous cliquons dessus, elles nous dirigeront vers d\u2019autres tableaux li\u00e9s.<\/p>\n<p><img loading=\"lazy\" decoding=\"async\" class=\"alignnone size-full wp-image-12631\" src=\"https:\/\/aulaabierta.arasaac.org\/wp-content\/uploads\/2018\/11\/symbotalk_4_7.jpg\" alt=\"\" width=\"1211\" height=\"914\" srcset=\"https:\/\/aulaabierta.arasaac.org\/wp-content\/uploads\/2018\/11\/symbotalk_4_7.jpg 1211w, https:\/\/aulaabierta.arasaac.org\/wp-content\/uploads\/2018\/11\/symbotalk_4_7-300x226.jpg 300w, https:\/\/aulaabierta.arasaac.org\/wp-content\/uploads\/2018\/11\/symbotalk_4_7-768x580.jpg 768w, https:\/\/aulaabierta.arasaac.org\/wp-content\/uploads\/2018\/11\/symbotalk_4_7-1030x777.jpg 1030w, https:\/\/aulaabierta.arasaac.org\/wp-content\/uploads\/2018\/11\/symbotalk_4_7-705x532.jpg 705w, https:\/\/aulaabierta.arasaac.org\/wp-content\/uploads\/2018\/11\/symbotalk_4_7-450x340.jpg 450w\" sizes=\"auto, (max-width: 1211px) 100vw, 1211px\" \/><\/p>\n<p>Cette structure de <strong>liens entre les diff\u00e9rents tableaux<\/strong> est la <strong>cl\u00e9 du fonctionnement<\/strong> de <strong>SymboTalk.<\/strong><\/p>\n<p>Par cons\u00e9quent, la premi\u00e8re chose que nous devons faire est de cr\u00e9er les tableaux dont nous pouvons avoir besoin pour nos utilisateurs et, par la suite, nous les relions ensemble dans une<strong>structure communicative en fonction des capacit\u00e9s et des besoins de l\u2019utilisateur.<\/strong> En fonction de l\u2019\u00e9volution, nous ajouterons et modifierons la taille ou le nombre de planches dans votre profil.<\/p>\n<p>Il est important de noter que <strong>SymboTalk<\/strong>nous permet \u00e9galement de <strong>cr\u00e9er des tableaux simples<\/strong> d\u2019une, deux, quatre ou 16 cellules sans liens, de sorte qu\u2019il peut \u00eatre utilis\u00e9 dans les<strong>premi\u00e8res phases de la communication<\/strong> (de cause \u00e0 effet avec 1 ou 2 cellules, \u00e0 l\u2019utilisation du mot-phrase).<\/p>\n<h4><strong>2. Mode d\u2019\u00e9dition: Profils.<\/strong><\/h4>\n<p>Une fois les tableaux initiaux d\u00e9finis et cr\u00e9\u00e9s, nous devons les associer \u00e0 un utilisateur sp\u00e9cifique, en cr\u00e9ant un <strong>profil<\/strong>, qui sera celui utilis\u00e9 en <strong>mode utilisateur.<\/strong><\/p>\n<p><img loading=\"lazy\" decoding=\"async\" class=\"alignnone size-full wp-image-12636\" src=\"https:\/\/aulaabierta.arasaac.org\/wp-content\/uploads\/2018\/11\/symbotalk_4_8.jpg\" alt=\"\" width=\"1209\" height=\"483\" srcset=\"https:\/\/aulaabierta.arasaac.org\/wp-content\/uploads\/2018\/11\/symbotalk_4_8.jpg 1209w, https:\/\/aulaabierta.arasaac.org\/wp-content\/uploads\/2018\/11\/symbotalk_4_8-300x120.jpg 300w, https:\/\/aulaabierta.arasaac.org\/wp-content\/uploads\/2018\/11\/symbotalk_4_8-768x307.jpg 768w, https:\/\/aulaabierta.arasaac.org\/wp-content\/uploads\/2018\/11\/symbotalk_4_8-1030x411.jpg 1030w, https:\/\/aulaabierta.arasaac.org\/wp-content\/uploads\/2018\/11\/symbotalk_4_8-705x282.jpg 705w, https:\/\/aulaabierta.arasaac.org\/wp-content\/uploads\/2018\/11\/symbotalk_4_8-450x180.jpg 450w\" sizes=\"auto, (max-width: 1209px) 100vw, 1209px\" \/><\/p>\n<p>\u00c0 titre d\u2019exemple et en cliquant sur le profil associ\u00e9 par d\u00e9faut, nous voyons qu\u2019il y a un utilisateur nomm\u00e9 Utilisateur. Lors de la modification de ce profil, nous voyons qu\u2019il a \u00e9tabli par d\u00e9faut le Main \u00e9tabli, \u00e0 partir duquel le communicateur d\u00e9marrera en mode utilisateur. Nous pouvons modifier le tableau initial en s\u00e9lectionnant un autre tableau dans la liste.<\/p>\n<p><img loading=\"lazy\" decoding=\"async\" class=\"alignnone size-full wp-image-12633\" src=\"https:\/\/aulaabierta.arasaac.org\/wp-content\/uploads\/2018\/11\/symbotalk_4_9.jpg\" alt=\"\" width=\"1212\" height=\"713\" srcset=\"https:\/\/aulaabierta.arasaac.org\/wp-content\/uploads\/2018\/11\/symbotalk_4_9.jpg 1212w, https:\/\/aulaabierta.arasaac.org\/wp-content\/uploads\/2018\/11\/symbotalk_4_9-300x176.jpg 300w, https:\/\/aulaabierta.arasaac.org\/wp-content\/uploads\/2018\/11\/symbotalk_4_9-768x452.jpg 768w, https:\/\/aulaabierta.arasaac.org\/wp-content\/uploads\/2018\/11\/symbotalk_4_9-1030x606.jpg 1030w, https:\/\/aulaabierta.arasaac.org\/wp-content\/uploads\/2018\/11\/symbotalk_4_9-705x415.jpg 705w, https:\/\/aulaabierta.arasaac.org\/wp-content\/uploads\/2018\/11\/symbotalk_4_9-450x265.jpg 450w\" sizes=\"auto, (max-width: 1212px) 100vw, 1212px\" \/><\/p>\n<p>Pour savoir comment g\u00e9rer les profils, vous pouvez le consulter au <a href=\"https:\/\/aulaabierta.arasaac.org\/fr\/symboltalk-8-gestion-profils\"><strong>chapitre 8<\/strong><\/a> de ce tutoriel.<\/p>\n<\/div><\/section>\n<\/div><\/div><\/div><!-- close content main div --><\/div><\/div><div id='av-layout-grid-2'  class='av-layout-grid-container av-4evl6wa-4c901a511d61f01990ef801b93dbc711 entry-content-wrapper main_color av-border-top-bottom av-flex-cells  avia-builder-el-6  el_after_av_textblock  avia-builder-el-last  grid-row-not-first  container_wrap fullsize'  >\n\n<style type=\"text\/css\" data-created_by=\"avia_inline_auto\" id=\"style-css-av-3rho4cq-1ab853d19c421b9ad3b90612f856194b\">\n.flex_cell.av-3rho4cq-1ab853d19c421b9ad3b90612f856194b{\nvertical-align:top;\n}\n.responsive #top #wrap_all .flex_cell.av-3rho4cq-1ab853d19c421b9ad3b90612f856194b{\npadding:30px 30px 30px 30px !important;\n}\n<\/style>\n<div class='flex_cell av-3rho4cq-1ab853d19c421b9ad3b90612f856194b av-gridrow-cell av_one_fifth no_margin  avia-builder-el-7  el_before_av_cell_one_fifth  avia-builder-el-first ' ><div class='flex_cell_inner'>\n<style type=\"text\/css\" data-created_by=\"avia_inline_auto\" id=\"style-css-av-3akayp6-2ed06bedda30e5b803044b65de3a125e\">\n.avia-image-container.av-3akayp6-2ed06bedda30e5b803044b65de3a125e img.avia_image{\nbox-shadow:none;\n}\n.avia-image-container.av-3akayp6-2ed06bedda30e5b803044b65de3a125e .av-image-caption-overlay-center{\ncolor:#ffffff;\n}\n<\/style>\n<div  class='avia-image-container av-3akayp6-2ed06bedda30e5b803044b65de3a125e av-styling- avia-align-center  avia-builder-el-8  avia-builder-el-no-sibling '   itemprop=\"image\" itemscope=\"itemscope\" itemtype=\"https:\/\/schema.org\/ImageObject\" ><div class=\"avia-image-container-inner\"><div class=\"avia-image-overlay-wrap\"><a href=\"https:\/\/aulaabierta.arasaac.org\/fr\/symbotalk-3-first-configurations-fr\" class='avia_image' ><img decoding=\"async\" class='wp-image-23492 avia-img-lazy-loading-not-23492 avia_image ' src=\"https:\/\/aulaabierta.arasaac.org\/wp-content\/uploads\/2016\/12\/before-80x80.png\" alt='' title='before'  height=\"80\" width=\"80\"  itemprop=\"thumbnailUrl\" srcset=\"https:\/\/aulaabierta.arasaac.org\/wp-content\/uploads\/2016\/12\/before-80x80.png 80w, https:\/\/aulaabierta.arasaac.org\/wp-content\/uploads\/2016\/12\/before-36x36.png 36w, https:\/\/aulaabierta.arasaac.org\/wp-content\/uploads\/2016\/12\/before-120x120.png 120w, https:\/\/aulaabierta.arasaac.org\/wp-content\/uploads\/2016\/12\/before.png 128w\" sizes=\"(max-width: 80px) 100vw, 80px\" \/><\/a><\/div><\/div><\/div>\n<\/div><\/div>\n<style type=\"text\/css\" data-created_by=\"avia_inline_auto\" id=\"style-css-av-36okj0q-f5e09d65a0e9e36484278088f86ba2c6\">\n.flex_cell.av-36okj0q-f5e09d65a0e9e36484278088f86ba2c6{\nvertical-align:top;\n}\n.responsive #top #wrap_all .flex_cell.av-36okj0q-f5e09d65a0e9e36484278088f86ba2c6{\npadding:30px 30px 30px 30px !important;\n}\n<\/style>\n<div class='flex_cell av-36okj0q-f5e09d65a0e9e36484278088f86ba2c6 av-gridrow-cell av_one_fifth no_margin  avia-builder-el-9  el_after_av_cell_one_fifth  el_before_av_cell_one_fifth ' ><div class='flex_cell_inner'><\/div><\/div>\n<style type=\"text\/css\" data-created_by=\"avia_inline_auto\" id=\"style-css-av-2mz29ey-1a5832e565f6a25eacc9b74213a5dc04\">\n.flex_cell.av-2mz29ey-1a5832e565f6a25eacc9b74213a5dc04{\nvertical-align:top;\n}\n.responsive #top #wrap_all .flex_cell.av-2mz29ey-1a5832e565f6a25eacc9b74213a5dc04{\npadding:30px 30px 30px 30px !important;\n}\n<\/style>\n<div class='flex_cell av-2mz29ey-1a5832e565f6a25eacc9b74213a5dc04 av-gridrow-cell av_one_fifth no_margin  avia-builder-el-10  el_after_av_cell_one_fifth  el_before_av_cell_one_fifth ' ><div class='flex_cell_inner'>\n<style type=\"text\/css\" data-created_by=\"avia_inline_auto\" id=\"style-css-av-21mwsq2-8550b501e253f78b20ce591d4046c7c9\">\n.avia-image-container.av-21mwsq2-8550b501e253f78b20ce591d4046c7c9 img.avia_image{\nbox-shadow:none;\n}\n.avia-image-container.av-21mwsq2-8550b501e253f78b20ce591d4046c7c9 .av-image-caption-overlay-center{\ncolor:#ffffff;\n}\n<\/style>\n<div  class='avia-image-container av-21mwsq2-8550b501e253f78b20ce591d4046c7c9 av-styling- avia-align-center  avia-builder-el-11  avia-builder-el-no-sibling '   itemprop=\"image\" itemscope=\"itemscope\" itemtype=\"https:\/\/schema.org\/ImageObject\" ><div class=\"avia-image-container-inner\"><div class=\"avia-image-overlay-wrap\"><a href=\"https:\/\/aulaabierta.arasaac.org\/fr\/symbotalk-0-accueil-fr\" class='avia_image' ><img decoding=\"async\" class='wp-image-23498 avia-img-lazy-loading-not-23498 avia_image ' src=\"https:\/\/aulaabierta.arasaac.org\/wp-content\/uploads\/2016\/12\/casa-80x80.png\" alt='' title='Commencement'  height=\"80\" width=\"80\"  itemprop=\"thumbnailUrl\" srcset=\"https:\/\/aulaabierta.arasaac.org\/wp-content\/uploads\/2016\/12\/casa-80x80.png 80w, https:\/\/aulaabierta.arasaac.org\/wp-content\/uploads\/2016\/12\/casa-300x300.png 300w, https:\/\/aulaabierta.arasaac.org\/wp-content\/uploads\/2016\/12\/casa-36x36.png 36w, https:\/\/aulaabierta.arasaac.org\/wp-content\/uploads\/2016\/12\/casa-180x180.png 180w, https:\/\/aulaabierta.arasaac.org\/wp-content\/uploads\/2016\/12\/casa-120x120.png 120w, https:\/\/aulaabierta.arasaac.org\/wp-content\/uploads\/2016\/12\/casa-450x450.png 450w, https:\/\/aulaabierta.arasaac.org\/wp-content\/uploads\/2016\/12\/casa.png 500w\" sizes=\"(max-width: 80px) 100vw, 80px\" \/><\/a><\/div><\/div><\/div>\n<\/div><\/div>\n<style type=\"text\/css\" data-created_by=\"avia_inline_auto\" id=\"style-css-av-1rww26i-618e5d5dce4c808d26c17599c56ab1e2\">\n.flex_cell.av-1rww26i-618e5d5dce4c808d26c17599c56ab1e2{\nvertical-align:top;\n}\n.responsive #top #wrap_all .flex_cell.av-1rww26i-618e5d5dce4c808d26c17599c56ab1e2{\npadding:30px 30px 30px 30px !important;\n}\n<\/style>\n<div class='flex_cell av-1rww26i-618e5d5dce4c808d26c17599c56ab1e2 av-gridrow-cell av_one_fifth no_margin  avia-builder-el-12  el_after_av_cell_one_fifth  el_before_av_cell_one_fifth ' ><div class='flex_cell_inner'><\/div><\/div>\n<style type=\"text\/css\" data-created_by=\"avia_inline_auto\" id=\"style-css-av-14iqezu-f6cc3fb281717be24b5fe0b313847ee2\">\n.flex_cell.av-14iqezu-f6cc3fb281717be24b5fe0b313847ee2{\nvertical-align:top;\n}\n.responsive #top #wrap_all .flex_cell.av-14iqezu-f6cc3fb281717be24b5fe0b313847ee2{\npadding:30px 30px 30px 30px !important;\n}\n<\/style>\n<div class='flex_cell av-14iqezu-f6cc3fb281717be24b5fe0b313847ee2 av-gridrow-cell av_one_fifth no_margin  avia-builder-el-13  el_after_av_cell_one_fifth  avia-builder-el-last ' ><div class='flex_cell_inner'>\n<style type=\"text\/css\" data-created_by=\"avia_inline_auto\" id=\"style-css-av-oxnii2-97e101ec75ece6ab1b4a7ce8e65db87a\">\n.avia-image-container.av-oxnii2-97e101ec75ece6ab1b4a7ce8e65db87a img.avia_image{\nbox-shadow:none;\n}\n.avia-image-container.av-oxnii2-97e101ec75ece6ab1b4a7ce8e65db87a .av-image-caption-overlay-center{\ncolor:#ffffff;\n}\n<\/style>\n<div  class='avia-image-container av-oxnii2-97e101ec75ece6ab1b4a7ce8e65db87a av-styling- avia-align-center  avia-builder-el-14  avia-builder-el-no-sibling '   itemprop=\"image\" itemscope=\"itemscope\" itemtype=\"https:\/\/schema.org\/ImageObject\" ><div class=\"avia-image-container-inner\"><div class=\"avia-image-overlay-wrap\"><a href=\"https:\/\/aulaabierta.arasaac.org\/fr\/symbotalk-5-creer-link-board\" class='avia_image' ><img decoding=\"async\" class='wp-image-23495 avia-img-lazy-loading-not-23495 avia_image ' src=\"https:\/\/aulaabierta.arasaac.org\/wp-content\/uploads\/2016\/12\/next-80x80.png\" alt='' title='next'  height=\"80\" width=\"80\"  itemprop=\"thumbnailUrl\" srcset=\"https:\/\/aulaabierta.arasaac.org\/wp-content\/uploads\/2016\/12\/next-80x80.png 80w, https:\/\/aulaabierta.arasaac.org\/wp-content\/uploads\/2016\/12\/next-36x36.png 36w, https:\/\/aulaabierta.arasaac.org\/wp-content\/uploads\/2016\/12\/next-120x120.png 120w, https:\/\/aulaabierta.arasaac.org\/wp-content\/uploads\/2016\/12\/next.png 128w\" sizes=\"(max-width: 80px) 100vw, 80px\" \/><\/a><\/div><\/div><\/div>\n<\/div><\/div>\n<\/div>\n","protected":false},"excerpt":{"rendered":"","protected":false},"author":5,"featured_media":34808,"parent":0,"menu_order":0,"comment_status":"closed","ping_status":"closed","template":"","meta":{"om_disable_all_campaigns":false,"_monsterinsights_skip_tracking":false,"_monsterinsights_sitenote_active":false,"_monsterinsights_sitenote_note":"","_monsterinsights_sitenote_category":0,"_uf_show_specific_survey":0,"_uf_disable_surveys":false,"footnotes":""},"class_list":["post-82882","page","type-page","status-publish","has-post-thumbnail","hentry"],"aioseo_notices":[],"_links":{"self":[{"href":"https:\/\/aulaabierta.arasaac.org\/fr\/wp-json\/wp\/v2\/pages\/82882","targetHints":{"allow":["GET"]}}],"collection":[{"href":"https:\/\/aulaabierta.arasaac.org\/fr\/wp-json\/wp\/v2\/pages"}],"about":[{"href":"https:\/\/aulaabierta.arasaac.org\/fr\/wp-json\/wp\/v2\/types\/page"}],"author":[{"embeddable":true,"href":"https:\/\/aulaabierta.arasaac.org\/fr\/wp-json\/wp\/v2\/users\/5"}],"replies":[{"embeddable":true,"href":"https:\/\/aulaabierta.arasaac.org\/fr\/wp-json\/wp\/v2\/comments?post=82882"}],"version-history":[{"count":11,"href":"https:\/\/aulaabierta.arasaac.org\/fr\/wp-json\/wp\/v2\/pages\/82882\/revisions"}],"predecessor-version":[{"id":139066,"href":"https:\/\/aulaabierta.arasaac.org\/fr\/wp-json\/wp\/v2\/pages\/82882\/revisions\/139066"}],"wp:featuredmedia":[{"embeddable":true,"href":"https:\/\/aulaabierta.arasaac.org\/fr\/wp-json\/wp\/v2\/media\/34808"}],"wp:attachment":[{"href":"https:\/\/aulaabierta.arasaac.org\/fr\/wp-json\/wp\/v2\/media?parent=82882"}],"curies":[{"name":"wp","href":"https:\/\/api.w.org\/{rel}","templated":true}]}}