{"id":83174,"date":"2017-12-05T07:56:56","date_gmt":"2017-12-05T06:56:56","guid":{"rendered":"https:\/\/aulaabierta.arasaac.org\/nuevas-mejoras-e-implementaciones"},"modified":"2023-02-09T11:29:27","modified_gmt":"2023-02-09T10:29:27","slug":"nouvelles-ameliorations-et-outils","status":"publish","type":"page","link":"https:\/\/aulaabierta.arasaac.org\/fr\/nouvelles-ameliorations-et-outils","title":{"rendered":"Picto Selector &#8211; Nouvelles am\u00e9liorations et impl\u00e9mentations"},"content":{"rendered":"<div id='av-layout-grid-1'  class='av-layout-grid-container av-2k742y-d10a095925731c8618a4ef0b1276534c entry-content-wrapper alternate_color av-border-cells av-flex-cells  avia-builder-el-0  el_before_av_textblock  avia-builder-el-first   container_wrap fullsize'  >\n\n<style type=\"text\/css\" data-created_by=\"avia_inline_auto\" id=\"style-css-av-o1wza2-a59bbabb0313c102d702dde21425bb36\">\n.flex_cell.av-o1wza2-a59bbabb0313c102d702dde21425bb36{\nvertical-align:top;\n}\n.responsive #top #wrap_all .flex_cell.av-o1wza2-a59bbabb0313c102d702dde21425bb36{\npadding:30px 30px 30px 30px !important;\n}\n<\/style>\n<div class='flex_cell av-o1wza2-a59bbabb0313c102d702dde21425bb36 av-gridrow-cell av_one_fifth no_margin  avia-builder-el-1  el_before_av_cell_four_fifth  avia-builder-el-first ' ><div class='flex_cell_inner'>\n<style type=\"text\/css\" data-created_by=\"avia_inline_auto\" id=\"style-css-av-n0c3kq-137d5cf0bf9a8b8147db2afcbaea3463\">\n.avia-image-container.av-n0c3kq-137d5cf0bf9a8b8147db2afcbaea3463 img.avia_image{\nbox-shadow:none;\n}\n.avia-image-container.av-n0c3kq-137d5cf0bf9a8b8147db2afcbaea3463 .av-caption-image-overlay-bg{\nopacity:0.4;\nbackground-color:#444444;\n}\n.avia-image-container.av-n0c3kq-137d5cf0bf9a8b8147db2afcbaea3463 .av-image-caption-overlay-center{\ncolor:#ffffff;\n}\n<\/style>\n<div  class='avia-image-container av-n0c3kq-137d5cf0bf9a8b8147db2afcbaea3463 av-styling- avia-align-left  avia-builder-el-2  avia-builder-el-no-sibling  noHover av-overlay-on-hover'   itemprop=\"image\" itemscope=\"itemscope\" itemtype=\"https:\/\/schema.org\/ImageObject\" ><div class=\"avia-image-container-inner\"><div class=\"avia-image-overlay-wrap\"><a href=\"https:\/\/aulaabierta.arasaac.org\/fr\/picto-selector-accuceil\" class='avia_image' ><div class=\"av-image-caption-overlay\"><div class=\"av-caption-image-overlay-bg\"><\/div><div class=\"av-image-caption-overlay-position\"><div class=\"av-image-caption-overlay-center\"><p>Retour en haut de la page<\/p>\n<\/div><\/div><\/div><img decoding=\"async\" class='wp-image-23552 avia-img-lazy-loading-not-23552 avia_image ' src=\"https:\/\/aulaabierta.arasaac.org\/wp-content\/uploads\/2016\/12\/ordenador_pictoselector-300x300.png\" alt='' title='ordenador_pictoselector'  height=\"300\" width=\"300\"  itemprop=\"thumbnailUrl\" srcset=\"https:\/\/aulaabierta.arasaac.org\/wp-content\/uploads\/2016\/12\/ordenador_pictoselector-300x300.png 300w, https:\/\/aulaabierta.arasaac.org\/wp-content\/uploads\/2016\/12\/ordenador_pictoselector-80x80.png 80w, https:\/\/aulaabierta.arasaac.org\/wp-content\/uploads\/2016\/12\/ordenador_pictoselector-36x36.png 36w, https:\/\/aulaabierta.arasaac.org\/wp-content\/uploads\/2016\/12\/ordenador_pictoselector-180x180.png 180w, https:\/\/aulaabierta.arasaac.org\/wp-content\/uploads\/2016\/12\/ordenador_pictoselector-120x120.png 120w, https:\/\/aulaabierta.arasaac.org\/wp-content\/uploads\/2016\/12\/ordenador_pictoselector-450x450.png 450w, https:\/\/aulaabierta.arasaac.org\/wp-content\/uploads\/2016\/12\/ordenador_pictoselector.png 500w\" sizes=\"(max-width: 300px) 100vw, 300px\" \/><\/a><\/div><\/div><\/div>\n<\/div><\/div>\n<style type=\"text\/css\" data-created_by=\"avia_inline_auto\" id=\"style-css-av-25b9yi-67694739dd50b03901ed691447cd6314\">\n.flex_cell.av-25b9yi-67694739dd50b03901ed691447cd6314{\nvertical-align:middle;\n}\n.responsive #top #wrap_all .flex_cell.av-25b9yi-67694739dd50b03901ed691447cd6314{\npadding:30px 30px 30px 30px !important;\n}\n<\/style>\n<div class='flex_cell av-25b9yi-67694739dd50b03901ed691447cd6314 av-gridrow-cell av_four_fifth no_margin  avia-builder-el-3  el_after_av_cell_one_fifth  avia-builder-el-last ' ><div class='flex_cell_inner'>\n<style type=\"text\/css\" data-created_by=\"avia_inline_auto\" id=\"style-css-av-ipe93u-ab0dcf99742bf459f3c3d1277a8ac1c4\">\n#top .av-special-heading.av-ipe93u-ab0dcf99742bf459f3c3d1277a8ac1c4{\npadding-bottom:0;\n}\nbody .av-special-heading.av-ipe93u-ab0dcf99742bf459f3c3d1277a8ac1c4 .av-special-heading-tag .heading-char{\nfont-size:25px;\n}\n#top #wrap_all .av-special-heading.av-ipe93u-ab0dcf99742bf459f3c3d1277a8ac1c4 .av-special-heading-tag{\nfont-size:26px;\n}\n.av-special-heading.av-ipe93u-ab0dcf99742bf459f3c3d1277a8ac1c4 .av-subheading{\nfont-size:15px;\n}\n<\/style>\n<div  class='av-special-heading av-ipe93u-ab0dcf99742bf459f3c3d1277a8ac1c4 av-special-heading-h2  avia-builder-el-4  avia-builder-el-no-sibling '><h2 class='av-special-heading-tag'  itemprop=\"headline\"  >NOUVELLES AM\u00c9LIORATIONS ET IMPLANTATIONS<\/h2><div class=\"special-heading-border\"><div class=\"special-heading-inner-border\"><\/div><\/div><\/div>\n<\/div><\/div>\n<\/div><div id='after_grid_row_1'  class='main_color av_default_container_wrap container_wrap fullsize'  ><div class='container av-section-cont-open' ><div class='template-page content  av-content-full alpha units'><div class='post-entry post-entry-type-page post-entry-83174'><div class='entry-content-wrapper clearfix'>\n<section  class='av_textblock_section av-i6olka-f9a2d9259b913b53481158021e3f1acb'  itemscope=\"itemscope\" itemtype=\"https:\/\/schema.org\/CreativeWork\" ><div class='avia_textblock'  itemprop=\"text\" ><p>Como ya hemos comentado a lo largo de este tutorial, <a href=\"https:\/\/www.pictoselector.eu\/es\/\" target=\"_blank\" rel=\"noopener\"><strong>Picto Selector<\/strong><\/a> es una <strong>herramienta din\u00e1mica<\/strong> y en continua<strong> actualizaci\u00f3n<\/strong>, por lo que iremos a\u00f1adiendo en este apartado las <strong>nueva mejoras e implementaciones<\/strong> que se vayan realizando en la misma en el futuro.<\/p>\n<\/div><\/section>\n<section  class='av_textblock_section av-gbprfu-f18017610136c836f40f2291517633a0'  itemscope=\"itemscope\" itemtype=\"https:\/\/schema.org\/CreativeWork\" ><div class='avia_textblock'  itemprop=\"text\" ><h6 style=\"text-align: center;\"><strong><img loading=\"lazy\" decoding=\"async\" class=\"aligncenter size-full wp-image-932\" src=\"https:\/\/aulaabierta.arasaac.org\/wp-content\/uploads\/2016\/12\/by-nc-sa.eu_petit.png\" alt=\"\" width=\"118\" height=\"41\" \/>Este obra est\u00e1 bajo una <a href=\"http:\/\/creativecommons.org\/licenses\/by-nc-sa\/4.0\/\" rel=\"license\">licencia de Creative Commons Reconocimiento-NoComercial-CompartirIgual 4.0 Internacional<\/a>.<\/strong><\/h6>\n<hr \/>\n<\/div><\/section>\n\n<style type=\"text\/css\" data-created_by=\"avia_inline_auto\" id=\"style-css-av-eucw7e-17bd4c8ed8156cd76b7f368e976c2144\">\n#top .av_textblock_section.av-eucw7e-17bd4c8ed8156cd76b7f368e976c2144 .avia_textblock{\nfont-size:16px;\n}\n<\/style>\n<section  class='av_textblock_section av-eucw7e-17bd4c8ed8156cd76b7f368e976c2144'  itemscope=\"itemscope\" itemtype=\"https:\/\/schema.org\/CreativeWork\" ><div class='avia_textblock'  itemprop=\"text\" ><h3>Ajouter aux pictogrammes le symbole du pluriel et des temps verbaux (pass\u00e9 et futur).<\/h3>\n<p>Pour utiliser ces am\u00e9liorations, vous devez ouvrir <a href=\"https:\/\/www.pictoselector.eu\/es\/\" target=\"_blank\" rel=\"noopener\"><strong>Picto Selector<\/strong><\/a> et, dans le menu <strong>Aide,<\/strong>cliquer sur Rechercher les mises \u00e0 jour pour v\u00e9rifier si nous avons install\u00e9 la <strong>derni\u00e8re version de l\u2019application.<\/strong><\/p>\n<p>L\u2019une des am\u00e9liorations sugg\u00e9r\u00e9es par <a href=\"http:\/\/www.arasaac.org\/\" target=\"_blank\" rel=\"noopener\"><strong>ARASAAC<\/strong><\/a> \u00e0 l\u2019auteur a \u00e9t\u00e9 la possibilit\u00e9 d\u2019inclure en haut du pictogramme le <strong>symbole + du pluriel<\/strong> et les <strong>fl\u00e8ches directionnelles<\/strong> pour indiquer le temps des verbes <strong>pass\u00e9<\/strong> et <strong>futur.<\/strong><\/p>\n<p>Nous pouvons utiliser ces options de deux mani\u00e8res: en <strong>double-cliquant sur le pictogramme<\/strong> pour faire appara\u00eetre la fen\u00eatre contextuelle <strong>Pictogramme<\/strong> ou en cliquant avec le <strong>bouton droit de la souris<\/strong>sur le pictogramme.<\/p>\n<p>Dans les deux cas, le menu <strong>Ajouter <\/strong>appara\u00eetra avec plusieursoptions : <strong>Rien au pluriel, Pass\u00e9, Futur<\/strong> et <strong>Personnalis\u00e9<\/strong>.<\/p>\n<p><strong>L\u2019option Pluriel<\/strong> vous permet d\u2019ajouter le <strong>symbole +<\/strong> en haut \u00e0 droite du pictogramme comme vous pouvez le voir dans ces captures d\u2019\u00e9cran.<\/p>\n<p>Nous pouvons utiliser l\u2019option pour cliquer deux fois sur le pictogramme afin que la fen\u00eatre pop-up apparaisse \u00e0 partir de laquelle nous s\u00e9lectionnerons l\u2019option <strong>Ajouter<\/strong> et, plus tard, <strong>Pluriel <\/strong>afin que le symbole + apparaisse.<\/p>\n<p><img loading=\"lazy\" decoding=\"async\" class=\"aligncenter size-full wp-image-6573\" src=\"https:\/\/aulaabierta.arasaac.org\/wp-content\/uploads\/2017\/12\/Picto_Selector_Plural_0a.jpg\" alt=\"\" width=\"1366\" height=\"768\" srcset=\"https:\/\/aulaabierta.arasaac.org\/wp-content\/uploads\/2017\/12\/Picto_Selector_Plural_0a.jpg 1366w, https:\/\/aulaabierta.arasaac.org\/wp-content\/uploads\/2017\/12\/Picto_Selector_Plural_0a-300x169.jpg 300w, https:\/\/aulaabierta.arasaac.org\/wp-content\/uploads\/2017\/12\/Picto_Selector_Plural_0a-768x432.jpg 768w, https:\/\/aulaabierta.arasaac.org\/wp-content\/uploads\/2017\/12\/Picto_Selector_Plural_0a-1030x579.jpg 1030w, https:\/\/aulaabierta.arasaac.org\/wp-content\/uploads\/2017\/12\/Picto_Selector_Plural_0a-705x396.jpg 705w, https:\/\/aulaabierta.arasaac.org\/wp-content\/uploads\/2017\/12\/Picto_Selector_Plural_0a-450x253.jpg 450w\" sizes=\"auto, (max-width: 1366px) 100vw, 1366px\" \/><\/p>\n<p>Nous pouvons \u00e9galement utiliser l\u2019option pour nous placer sur le pictogramme et appuyer sur le bouton droit de la souris, de mani\u00e8re \u00e0 ce que le menu contextuel apparaisse \u00e0 partir duquel nous pouvons s\u00e9lectionner l\u2019option <strong>Ajouter<\/strong> et, plus tard, <strong>Pluriel.<\/strong><\/p>\n<p><img loading=\"lazy\" decoding=\"async\" class=\"aligncenter size-full wp-image-6576\" src=\"https:\/\/aulaabierta.arasaac.org\/wp-content\/uploads\/2017\/12\/Picto_Selector_Plural_0-1.jpg\" alt=\"\" width=\"1366\" height=\"768\" srcset=\"https:\/\/aulaabierta.arasaac.org\/wp-content\/uploads\/2017\/12\/Picto_Selector_Plural_0-1.jpg 1366w, https:\/\/aulaabierta.arasaac.org\/wp-content\/uploads\/2017\/12\/Picto_Selector_Plural_0-1-300x169.jpg 300w, https:\/\/aulaabierta.arasaac.org\/wp-content\/uploads\/2017\/12\/Picto_Selector_Plural_0-1-768x432.jpg 768w, https:\/\/aulaabierta.arasaac.org\/wp-content\/uploads\/2017\/12\/Picto_Selector_Plural_0-1-1030x579.jpg 1030w, https:\/\/aulaabierta.arasaac.org\/wp-content\/uploads\/2017\/12\/Picto_Selector_Plural_0-1-705x396.jpg 705w, https:\/\/aulaabierta.arasaac.org\/wp-content\/uploads\/2017\/12\/Picto_Selector_Plural_0-1-450x253.jpg 450w\" sizes=\"auto, (max-width: 1366px) 100vw, 1366px\" \/><\/p>\n<p>En utilisant l&rsquo;une ou l&rsquo;autre des deux m\u00e9thodes, notre tableau sera pr\u00eat \u00e0 imprimer.<\/p>\n<p><img loading=\"lazy\" decoding=\"async\" class=\"aligncenter size-full wp-image-6567\" src=\"https:\/\/aulaabierta.arasaac.org\/wp-content\/uploads\/2017\/12\/Picto_Selector_Plural_1.jpg\" alt=\"\" width=\"1366\" height=\"768\" srcset=\"https:\/\/aulaabierta.arasaac.org\/wp-content\/uploads\/2017\/12\/Picto_Selector_Plural_1.jpg 1366w, https:\/\/aulaabierta.arasaac.org\/wp-content\/uploads\/2017\/12\/Picto_Selector_Plural_1-300x169.jpg 300w, https:\/\/aulaabierta.arasaac.org\/wp-content\/uploads\/2017\/12\/Picto_Selector_Plural_1-768x432.jpg 768w, https:\/\/aulaabierta.arasaac.org\/wp-content\/uploads\/2017\/12\/Picto_Selector_Plural_1-1030x579.jpg 1030w, https:\/\/aulaabierta.arasaac.org\/wp-content\/uploads\/2017\/12\/Picto_Selector_Plural_1-705x396.jpg 705w, https:\/\/aulaabierta.arasaac.org\/wp-content\/uploads\/2017\/12\/Picto_Selector_Plural_1-450x253.jpg 450w\" sizes=\"auto, (max-width: 1366px) 100vw, 1366px\" \/><\/p>\n<p>Une fois les symboles ajout\u00e9s et le tableau imprim\u00e9, ce sera le r\u00e9sultat final, dans lequel on peut voir le symbole +, repr\u00e9sentant le pluriel, dans la partie sup\u00e9rieure droite des pictogrammes.<\/p>\n<p><img loading=\"lazy\" decoding=\"async\" class=\"aligncenter size-full wp-image-6568\" src=\"https:\/\/aulaabierta.arasaac.org\/wp-content\/uploads\/2017\/12\/Picto_Selector_Plural_2.jpg\" alt=\"\" width=\"635\" height=\"543\" srcset=\"https:\/\/aulaabierta.arasaac.org\/wp-content\/uploads\/2017\/12\/Picto_Selector_Plural_2.jpg 635w, https:\/\/aulaabierta.arasaac.org\/wp-content\/uploads\/2017\/12\/Picto_Selector_Plural_2-300x257.jpg 300w, https:\/\/aulaabierta.arasaac.org\/wp-content\/uploads\/2017\/12\/Picto_Selector_Plural_2-450x385.jpg 450w\" sizes=\"auto, (max-width: 635px) 100vw, 635px\" \/>Concernant les <strong>temps verbaux<\/strong>, les \u00e9tapes pour acc\u00e9der aux symboles fl\u00e9ch\u00e9s sont les m\u00eames que dans le cas que nous avons utilis\u00e9 pour le pluriel.<\/p>\n<p>Nous pouvons appuyer sur le <strong>bouton droit<\/strong> de la souris pour ajouter la <strong>fl\u00e8che de passe sur lec\u00f4t\u00e9 gauche<\/strong> du pictogramme ou la <strong>fl\u00e8che future sur le c\u00f4t\u00e9 droit<\/strong>.<\/p>\n<p><img loading=\"lazy\" decoding=\"async\" class=\"aligncenter size-full wp-image-6555\" src=\"https:\/\/aulaabierta.arasaac.org\/wp-content\/uploads\/2017\/12\/Picto_Selector_Tiempos_verbales_0.jpg\" alt=\"\" width=\"1366\" height=\"768\" srcset=\"https:\/\/aulaabierta.arasaac.org\/wp-content\/uploads\/2017\/12\/Picto_Selector_Tiempos_verbales_0.jpg 1366w, https:\/\/aulaabierta.arasaac.org\/wp-content\/uploads\/2017\/12\/Picto_Selector_Tiempos_verbales_0-300x169.jpg 300w, https:\/\/aulaabierta.arasaac.org\/wp-content\/uploads\/2017\/12\/Picto_Selector_Tiempos_verbales_0-768x432.jpg 768w, https:\/\/aulaabierta.arasaac.org\/wp-content\/uploads\/2017\/12\/Picto_Selector_Tiempos_verbales_0-1030x579.jpg 1030w, https:\/\/aulaabierta.arasaac.org\/wp-content\/uploads\/2017\/12\/Picto_Selector_Tiempos_verbales_0-705x396.jpg 705w, https:\/\/aulaabierta.arasaac.org\/wp-content\/uploads\/2017\/12\/Picto_Selector_Tiempos_verbales_0-450x253.jpg 450w\" sizes=\"auto, (max-width: 1366px) 100vw, 1366px\" \/><\/p>\n<p>Ou nous pouvons d<strong>ouble-cliquer sur le pictogramme<\/strong> et en bas de la fen\u00eatre pop-up, l&rsquo;option de <strong>Ajouter&#8230; Dernier<\/strong> ou <strong>Futur<\/strong>.<\/p>\n<p><img loading=\"lazy\" decoding=\"async\" class=\"aligncenter size-full wp-image-6556\" src=\"https:\/\/aulaabierta.arasaac.org\/wp-content\/uploads\/2017\/12\/Picto_Selector_Tiempos_verbales_1.jpg\" alt=\"\" width=\"1366\" height=\"768\" srcset=\"https:\/\/aulaabierta.arasaac.org\/wp-content\/uploads\/2017\/12\/Picto_Selector_Tiempos_verbales_1.jpg 1366w, https:\/\/aulaabierta.arasaac.org\/wp-content\/uploads\/2017\/12\/Picto_Selector_Tiempos_verbales_1-300x169.jpg 300w, https:\/\/aulaabierta.arasaac.org\/wp-content\/uploads\/2017\/12\/Picto_Selector_Tiempos_verbales_1-768x432.jpg 768w, https:\/\/aulaabierta.arasaac.org\/wp-content\/uploads\/2017\/12\/Picto_Selector_Tiempos_verbales_1-1030x579.jpg 1030w, https:\/\/aulaabierta.arasaac.org\/wp-content\/uploads\/2017\/12\/Picto_Selector_Tiempos_verbales_1-705x396.jpg 705w, https:\/\/aulaabierta.arasaac.org\/wp-content\/uploads\/2017\/12\/Picto_Selector_Tiempos_verbales_1-450x253.jpg 450w\" sizes=\"auto, (max-width: 1366px) 100vw, 1366px\" \/><\/p>\n<p><img loading=\"lazy\" decoding=\"async\" class=\"aligncenter size-full wp-image-6557\" src=\"https:\/\/aulaabierta.arasaac.org\/wp-content\/uploads\/2017\/12\/Picto_Selector_Tiempos_verbales_2.jpg\" alt=\"\" width=\"1366\" height=\"768\" srcset=\"https:\/\/aulaabierta.arasaac.org\/wp-content\/uploads\/2017\/12\/Picto_Selector_Tiempos_verbales_2.jpg 1366w, https:\/\/aulaabierta.arasaac.org\/wp-content\/uploads\/2017\/12\/Picto_Selector_Tiempos_verbales_2-300x169.jpg 300w, https:\/\/aulaabierta.arasaac.org\/wp-content\/uploads\/2017\/12\/Picto_Selector_Tiempos_verbales_2-768x432.jpg 768w, https:\/\/aulaabierta.arasaac.org\/wp-content\/uploads\/2017\/12\/Picto_Selector_Tiempos_verbales_2-1030x579.jpg 1030w, https:\/\/aulaabierta.arasaac.org\/wp-content\/uploads\/2017\/12\/Picto_Selector_Tiempos_verbales_2-705x396.jpg 705w, https:\/\/aulaabierta.arasaac.org\/wp-content\/uploads\/2017\/12\/Picto_Selector_Tiempos_verbales_2-450x253.jpg 450w\" sizes=\"auto, (max-width: 1366px) 100vw, 1366px\" \/><\/p>\n<p>Une fois imprim\u00e9, voici le r\u00e9sultat final dans lequel on peut voir le symbole +, repr\u00e9sentant le pluriel, dans la partie sup\u00e9rieure droite des pictogrammes.<\/p>\n<p><img loading=\"lazy\" decoding=\"async\" class=\"aligncenter size-full wp-image-6565\" src=\"https:\/\/aulaabierta.arasaac.org\/wp-content\/uploads\/2017\/12\/Picto_Selector_Tiempos_verbales_3.jpg\" alt=\"\" width=\"742\" height=\"508\" srcset=\"https:\/\/aulaabierta.arasaac.org\/wp-content\/uploads\/2017\/12\/Picto_Selector_Tiempos_verbales_3.jpg 742w, https:\/\/aulaabierta.arasaac.org\/wp-content\/uploads\/2017\/12\/Picto_Selector_Tiempos_verbales_3-300x205.jpg 300w, https:\/\/aulaabierta.arasaac.org\/wp-content\/uploads\/2017\/12\/Picto_Selector_Tiempos_verbales_3-705x483.jpg 705w, https:\/\/aulaabierta.arasaac.org\/wp-content\/uploads\/2017\/12\/Picto_Selector_Tiempos_verbales_3-450x308.jpg 450w\" sizes=\"auto, (max-width: 742px) 100vw, 742px\" \/><\/p>\n<p>Si vous souhaitez utiliser ces pictogrammes avec le symbole + ou avec les fl\u00e8ches des temps verbaux dans vos documents ou pr\u00e9sentations, vous devez utiliser l\u2019option <strong>Copier dans Word<\/strong> ou <b>Copier dans le presse-papiers<\/b> <a href=\"https:\/\/aulaabierta.arasaac.org\/fr\/menu-contextuel-des-pictogrammes\"><strong>(chapitre 9<\/strong><\/a>de ce didacticiel).<\/p>\n<p>Une fois copi\u00e9s dans ces deux outils Office, vous pouvez appuyer sur le bouton droit de la souris et utiliser l\u2019option <strong>Enregistrer en tant qu\u2019image<\/strong> pour les utiliser dans <strong>AraWord.<\/strong><\/p>\n<\/div><\/section>\n<\/div><\/div><\/div><!-- close content main div --><\/div><\/div><div id='av-layout-grid-2'  class='av-layout-grid-container av-buh5e2-ed37df92db1611d632239a9525d7ba36 entry-content-wrapper main_color av-border-top-bottom av-flex-cells  avia-builder-el-8  el_after_av_textblock  avia-builder-el-last  grid-row-not-first  container_wrap fullsize'  >\n\n<style type=\"text\/css\" data-created_by=\"avia_inline_auto\" id=\"style-css-av-b1zk3e-41c3630c40b9502271c05a7ebc4903de\">\n.flex_cell.av-b1zk3e-41c3630c40b9502271c05a7ebc4903de{\nvertical-align:top;\n}\n.responsive #top #wrap_all .flex_cell.av-b1zk3e-41c3630c40b9502271c05a7ebc4903de{\npadding:30px 30px 30px 30px !important;\n}\n<\/style>\n<div class='flex_cell av-b1zk3e-41c3630c40b9502271c05a7ebc4903de av-gridrow-cell av_one_fifth no_margin  avia-builder-el-9  el_before_av_cell_one_fifth  avia-builder-el-first ' ><div class='flex_cell_inner'><\/div><\/div>\n<style type=\"text\/css\" data-created_by=\"avia_inline_auto\" id=\"style-css-av-94wuhm-c68da0a8112ff363be2f9cb55ff599fe\">\n.flex_cell.av-94wuhm-c68da0a8112ff363be2f9cb55ff599fe{\nvertical-align:top;\n}\n.responsive #top #wrap_all .flex_cell.av-94wuhm-c68da0a8112ff363be2f9cb55ff599fe{\npadding:30px 30px 30px 30px !important;\n}\n<\/style>\n<div class='flex_cell av-94wuhm-c68da0a8112ff363be2f9cb55ff599fe av-gridrow-cell av_one_fifth no_margin  avia-builder-el-10  el_after_av_cell_one_fifth  el_before_av_cell_one_fifth ' ><div class='flex_cell_inner'><\/div><\/div>\n<style type=\"text\/css\" data-created_by=\"avia_inline_auto\" id=\"style-css-av-70k7ve-54d8647382b130c2b1d035abc421b5d8\">\n.flex_cell.av-70k7ve-54d8647382b130c2b1d035abc421b5d8{\nvertical-align:top;\n}\n.responsive #top #wrap_all .flex_cell.av-70k7ve-54d8647382b130c2b1d035abc421b5d8{\npadding:30px 30px 30px 30px !important;\n}\n<\/style>\n<div class='flex_cell av-70k7ve-54d8647382b130c2b1d035abc421b5d8 av-gridrow-cell av_one_fifth no_margin  avia-builder-el-11  el_after_av_cell_one_fifth  el_before_av_cell_one_fifth ' ><div class='flex_cell_inner'>\n<style type=\"text\/css\" data-created_by=\"avia_inline_auto\" id=\"style-css-av-58trka-843ccd98aec471ccc1f2c9e3ff6ae099\">\n.avia-image-container.av-58trka-843ccd98aec471ccc1f2c9e3ff6ae099 img.avia_image{\nbox-shadow:none;\n}\n.avia-image-container.av-58trka-843ccd98aec471ccc1f2c9e3ff6ae099 .av-image-caption-overlay-center{\ncolor:#ffffff;\n}\n<\/style>\n<div  class='avia-image-container av-58trka-843ccd98aec471ccc1f2c9e3ff6ae099 av-styling- avia-align-center  avia-builder-el-12  avia-builder-el-no-sibling '   itemprop=\"image\" itemscope=\"itemscope\" itemtype=\"https:\/\/schema.org\/ImageObject\" ><div class=\"avia-image-container-inner\"><div class=\"avia-image-overlay-wrap\"><a href=\"https:\/\/aulaabierta.arasaac.org\/fr\/picto-selector-accuceil\" class='avia_image' ><img decoding=\"async\" class='wp-image-23498 avia-img-lazy-loading-not-23498 avia_image ' src=\"https:\/\/aulaabierta.arasaac.org\/wp-content\/uploads\/2016\/12\/casa-80x80.png\" alt='' title='Commencement'  height=\"80\" width=\"80\"  itemprop=\"thumbnailUrl\" srcset=\"https:\/\/aulaabierta.arasaac.org\/wp-content\/uploads\/2016\/12\/casa-80x80.png 80w, https:\/\/aulaabierta.arasaac.org\/wp-content\/uploads\/2016\/12\/casa-300x300.png 300w, https:\/\/aulaabierta.arasaac.org\/wp-content\/uploads\/2016\/12\/casa-36x36.png 36w, https:\/\/aulaabierta.arasaac.org\/wp-content\/uploads\/2016\/12\/casa-180x180.png 180w, https:\/\/aulaabierta.arasaac.org\/wp-content\/uploads\/2016\/12\/casa-120x120.png 120w, https:\/\/aulaabierta.arasaac.org\/wp-content\/uploads\/2016\/12\/casa-450x450.png 450w, https:\/\/aulaabierta.arasaac.org\/wp-content\/uploads\/2016\/12\/casa.png 500w\" sizes=\"(max-width: 80px) 100vw, 80px\" \/><\/a><\/div><\/div><\/div>\n<\/div><\/div>\n<style type=\"text\/css\" data-created_by=\"avia_inline_auto\" id=\"style-css-av-4ts53u-65fb93ce70f80e1ed790244389161338\">\n.flex_cell.av-4ts53u-65fb93ce70f80e1ed790244389161338{\nvertical-align:top;\n}\n.responsive #top #wrap_all .flex_cell.av-4ts53u-65fb93ce70f80e1ed790244389161338{\npadding:30px 30px 30px 30px !important;\n}\n<\/style>\n<div class='flex_cell av-4ts53u-65fb93ce70f80e1ed790244389161338 av-gridrow-cell av_one_fifth no_margin  avia-builder-el-13  el_after_av_cell_one_fifth  el_before_av_cell_one_fifth ' ><div class='flex_cell_inner'><\/div><\/div>\n<style type=\"text\/css\" data-created_by=\"avia_inline_auto\" id=\"style-css-av-2qoyai-84b1c8723d4c97b141060949758cac86\">\n.flex_cell.av-2qoyai-84b1c8723d4c97b141060949758cac86{\nvertical-align:top;\n}\n.responsive #top #wrap_all .flex_cell.av-2qoyai-84b1c8723d4c97b141060949758cac86{\npadding:30px 30px 30px 30px !important;\n}\n<\/style>\n<div class='flex_cell av-2qoyai-84b1c8723d4c97b141060949758cac86 av-gridrow-cell av_one_fifth no_margin  avia-builder-el-14  el_after_av_cell_one_fifth  avia-builder-el-last ' ><div class='flex_cell_inner'><\/div><\/div>\n<\/div>\n","protected":false},"excerpt":{"rendered":"","protected":false},"author":5,"featured_media":23552,"parent":0,"menu_order":0,"comment_status":"closed","ping_status":"closed","template":"","meta":{"om_disable_all_campaigns":false,"_monsterinsights_skip_tracking":false,"_monsterinsights_sitenote_active":false,"_monsterinsights_sitenote_note":"","_monsterinsights_sitenote_category":0,"_uf_show_specific_survey":0,"_uf_disable_surveys":false,"footnotes":""},"class_list":["post-83174","page","type-page","status-publish","has-post-thumbnail","hentry"],"aioseo_notices":[],"_links":{"self":[{"href":"https:\/\/aulaabierta.arasaac.org\/fr\/wp-json\/wp\/v2\/pages\/83174","targetHints":{"allow":["GET"]}}],"collection":[{"href":"https:\/\/aulaabierta.arasaac.org\/fr\/wp-json\/wp\/v2\/pages"}],"about":[{"href":"https:\/\/aulaabierta.arasaac.org\/fr\/wp-json\/wp\/v2\/types\/page"}],"author":[{"embeddable":true,"href":"https:\/\/aulaabierta.arasaac.org\/fr\/wp-json\/wp\/v2\/users\/5"}],"replies":[{"embeddable":true,"href":"https:\/\/aulaabierta.arasaac.org\/fr\/wp-json\/wp\/v2\/comments?post=83174"}],"version-history":[{"count":4,"href":"https:\/\/aulaabierta.arasaac.org\/fr\/wp-json\/wp\/v2\/pages\/83174\/revisions"}],"predecessor-version":[{"id":83190,"href":"https:\/\/aulaabierta.arasaac.org\/fr\/wp-json\/wp\/v2\/pages\/83174\/revisions\/83190"}],"wp:featuredmedia":[{"embeddable":true,"href":"https:\/\/aulaabierta.arasaac.org\/fr\/wp-json\/wp\/v2\/media\/23552"}],"wp:attachment":[{"href":"https:\/\/aulaabierta.arasaac.org\/fr\/wp-json\/wp\/v2\/media?parent=83174"}],"curies":[{"name":"wp","href":"https:\/\/api.w.org\/{rel}","templated":true}]}}