{"id":83629,"date":"2018-01-11T10:52:17","date_gmt":"2018-01-11T09:52:17","guid":{"rendered":"https:\/\/aulaabierta.arasaac.org\/gestiac-2-instalacion"},"modified":"2023-02-09T11:29:33","modified_gmt":"2023-02-09T10:29:33","slug":"gestiac-2-installation","status":"publish","type":"page","link":"https:\/\/aulaabierta.arasaac.org\/fr\/gestiac-2-installation","title":{"rendered":"Gestiac &#8211; 2 &#8211; Installation"},"content":{"rendered":"<div id='av-layout-grid-1'  class='av-layout-grid-container av-av_layout_row-cf0131907da0bd4ef305776fbd0391d0 entry-content-wrapper alternate_color av-border-cells av-flex-cells  avia-builder-el-0  el_before_av_textblock  avia-builder-el-first   container_wrap fullsize'  >\n\n<style type=\"text\/css\" data-created_by=\"avia_inline_auto\" id=\"style-css-av-av_cell_one_fifth-5227a743201b625eadc00b27db60eab9\">\n.flex_cell.av-av_cell_one_fifth-5227a743201b625eadc00b27db60eab9{\nvertical-align:top;\n}\n.responsive #top #wrap_all .flex_cell.av-av_cell_one_fifth-5227a743201b625eadc00b27db60eab9{\npadding:30px 30px 30px 30px !important;\n}\n<\/style>\n<div class='flex_cell av-av_cell_one_fifth-5227a743201b625eadc00b27db60eab9 av-gridrow-cell av_one_fifth no_margin  avia-builder-el-1  el_before_av_cell_four_fifth  avia-builder-el-first ' ><div class='flex_cell_inner'>\n<style type=\"text\/css\" data-created_by=\"avia_inline_auto\" id=\"style-css-av-av_image-a762cbf53e7ddc140f3cffaa87caebe5\">\n.avia-image-container.av-av_image-a762cbf53e7ddc140f3cffaa87caebe5 img.avia_image{\nbox-shadow:none;\n}\n.avia-image-container.av-av_image-a762cbf53e7ddc140f3cffaa87caebe5 .av-caption-image-overlay-bg{\nopacity:0.4;\nbackground-color:#000000;\n}\n.avia-image-container.av-av_image-a762cbf53e7ddc140f3cffaa87caebe5 .av-image-caption-overlay-center{\ncolor:#ffffff;\n}\n<\/style>\n<div  class='avia-image-container av-av_image-a762cbf53e7ddc140f3cffaa87caebe5 av-styling- avia-align-left  avia-builder-el-2  avia-builder-el-no-sibling  noHover av-overlay-on-hover'   itemprop=\"image\" itemscope=\"itemscope\" itemtype=\"https:\/\/schema.org\/ImageObject\" ><div class=\"avia-image-container-inner\"><div class=\"avia-image-overlay-wrap\"><a href=\"https:\/\/aulaabierta.arasaac.org\/fr\/gestiac-0-accueil\" class='avia_image' ><div class=\"av-image-caption-overlay\"><div class=\"av-caption-image-overlay-bg\"><\/div><div class=\"av-image-caption-overlay-position\"><div class=\"av-image-caption-overlay-center\"><p>Retour en haut de la page<\/p>\n<\/div><\/div><\/div><img decoding=\"async\" class='wp-image-31468 avia-img-lazy-loading-not-31468 avia_image ' src=\"https:\/\/aulaabierta.arasaac.org\/wp-content\/uploads\/2018\/01\/Gestiac_logo_tablet-300x300.jpg\" alt='' title='Gestiac_logo_tablet'  height=\"300\" width=\"300\"  itemprop=\"thumbnailUrl\" srcset=\"https:\/\/aulaabierta.arasaac.org\/wp-content\/uploads\/2018\/01\/Gestiac_logo_tablet-300x300.jpg 300w, https:\/\/aulaabierta.arasaac.org\/wp-content\/uploads\/2018\/01\/Gestiac_logo_tablet-80x80.jpg 80w, https:\/\/aulaabierta.arasaac.org\/wp-content\/uploads\/2018\/01\/Gestiac_logo_tablet-36x36.jpg 36w, https:\/\/aulaabierta.arasaac.org\/wp-content\/uploads\/2018\/01\/Gestiac_logo_tablet-180x180.jpg 180w, https:\/\/aulaabierta.arasaac.org\/wp-content\/uploads\/2018\/01\/Gestiac_logo_tablet-120x120.jpg 120w, https:\/\/aulaabierta.arasaac.org\/wp-content\/uploads\/2018\/01\/Gestiac_logo_tablet.jpg 444w\" sizes=\"(max-width: 300px) 100vw, 300px\" \/><\/a><\/div><\/div><\/div>\n<\/div><\/div>\n<style type=\"text\/css\" data-created_by=\"avia_inline_auto\" id=\"style-css-av-av_cell_four_fifth-51bfb5260486183706b211b34d210c4f\">\n.flex_cell.av-av_cell_four_fifth-51bfb5260486183706b211b34d210c4f{\nvertical-align:middle;\n}\n.responsive #top #wrap_all .flex_cell.av-av_cell_four_fifth-51bfb5260486183706b211b34d210c4f{\npadding:30px 30px 30px 30px !important;\n}\n<\/style>\n<div class='flex_cell av-av_cell_four_fifth-51bfb5260486183706b211b34d210c4f av-gridrow-cell av_four_fifth no_margin  avia-builder-el-3  el_after_av_cell_one_fifth  avia-builder-el-last ' ><div class='flex_cell_inner'>\n<style type=\"text\/css\" data-created_by=\"avia_inline_auto\" id=\"style-css-av-av_heading-1b17cb15314104644e55620dd221c4af\">\n#top .av-special-heading.av-av_heading-1b17cb15314104644e55620dd221c4af{\npadding-bottom:0;\n}\nbody .av-special-heading.av-av_heading-1b17cb15314104644e55620dd221c4af .av-special-heading-tag .heading-char{\nfont-size:25px;\n}\n#top #wrap_all .av-special-heading.av-av_heading-1b17cb15314104644e55620dd221c4af .av-special-heading-tag{\nfont-size:26px;\n}\n.av-special-heading.av-av_heading-1b17cb15314104644e55620dd221c4af .av-subheading{\nfont-size:15px;\n}\n<\/style>\n<div  class='av-special-heading av-av_heading-1b17cb15314104644e55620dd221c4af av-special-heading-h2  avia-builder-el-4  avia-builder-el-no-sibling '><h2 class='av-special-heading-tag'  itemprop=\"headline\"  >2. INSTALLATION<\/h2><div class=\"special-heading-border\"><div class=\"special-heading-inner-border\"><\/div><\/div><\/div>\n<\/div><\/div>\n<\/div><div id='after_grid_row_1'  class='main_color av_default_container_wrap container_wrap fullsize'  ><div class='container av-section-cont-open' ><div class='template-page content  av-content-full alpha units'><div class='post-entry post-entry-type-page post-entry-83629'><div class='entry-content-wrapper clearfix'>\n\n<style type=\"text\/css\" data-created_by=\"avia_inline_auto\" id=\"style-css-av-av_textblock-7788201eaceff2426bdd278096802e15\">\n#top .av_textblock_section.av-av_textblock-7788201eaceff2426bdd278096802e15 .avia_textblock{\nfont-size:16px;\n}\n<\/style>\n<section  class='av_textblock_section av-av_textblock-7788201eaceff2426bdd278096802e15'  itemscope=\"itemscope\" itemtype=\"https:\/\/schema.org\/CreativeWork\" ><div class='avia_textblock'  itemprop=\"text\" ><h6 style=\"text-align: center;\"><img loading=\"lazy\" decoding=\"async\" class=\"aligncenter size-full wp-image-932\" src=\"https:\/\/aulaabierta.arasaac.org\/wp-content\/uploads\/2016\/12\/by-nc-sa.eu_petit.png\" alt=\"\" width=\"118\" height=\"41\">Cette \u0153uvre est sous licence <a href=\"http:\/\/creativecommons.org\/licenses\/by-nc-sa\/4.0\/\" rel=\"license\">Creative Commons Attribution-NonComercial-ShareAlike 4.0 International.<\/a><\/h6>\n<hr>\n<p><a href=\"https:\/\/play.google.com\/store\/apps\/details?id=com.icallel.gestiac&amp;hl=es\" target=\"_blank\" rel=\"noopener\"><strong>GESTIAC<\/strong><\/a> est une <strong>application<\/strong> disponible pour les appareils (smartphones et tablettes) avec <strong>android OS.<\/strong><\/p>\n<p>Pour proc\u00e9der \u00e0 son installation, nous devons aller sur le <strong>Google Play Store<\/strong> et taper <strong>GESTIAC<\/strong> dans la zone de recherche.<\/p>\n<p><img loading=\"lazy\" decoding=\"async\" class=\"aligncenter wp-image-6900\" src=\"https:\/\/aulaabierta.arasaac.org\/wp-content\/uploads\/2018\/01\/Gestiac_1-e1515667149607.png\" alt=\"\" width=\"800\" height=\"186\" srcset=\"https:\/\/aulaabierta.arasaac.org\/wp-content\/uploads\/2018\/01\/Gestiac_1-e1515667149607.png 1919w, https:\/\/aulaabierta.arasaac.org\/wp-content\/uploads\/2018\/01\/Gestiac_1-e1515667149607-300x70.png 300w, https:\/\/aulaabierta.arasaac.org\/wp-content\/uploads\/2018\/01\/Gestiac_1-e1515667149607-768x178.png 768w, https:\/\/aulaabierta.arasaac.org\/wp-content\/uploads\/2018\/01\/Gestiac_1-e1515667149607-1030x239.png 1030w, https:\/\/aulaabierta.arasaac.org\/wp-content\/uploads\/2018\/01\/Gestiac_1-e1515667149607-1500x349.png 1500w, https:\/\/aulaabierta.arasaac.org\/wp-content\/uploads\/2018\/01\/Gestiac_1-e1515667149607-705x164.png 705w, https:\/\/aulaabierta.arasaac.org\/wp-content\/uploads\/2018\/01\/Gestiac_1-e1515667149607-450x105.png 450w\" sizes=\"auto, (max-width: 800px) 100vw, 800px\" \/><\/p>\n<p>De cette fa\u00e7on, nous afficherons l\u2019ic\u00f4ne de l\u2019application et, lorsque nous cliquerons dessus, nous acc\u00e9derons \u00e0 la page de t\u00e9l\u00e9chargement de l\u2019application.<\/p>\n<p><img loading=\"lazy\" decoding=\"async\" class=\"aligncenter wp-image-6901\" src=\"https:\/\/aulaabierta.arasaac.org\/wp-content\/uploads\/2018\/01\/Gestiac_2-e1515667210776.png\" alt=\"\" width=\"800\" height=\"334\" srcset=\"https:\/\/aulaabierta.arasaac.org\/wp-content\/uploads\/2018\/01\/Gestiac_2-e1515667210776.png 1919w, https:\/\/aulaabierta.arasaac.org\/wp-content\/uploads\/2018\/01\/Gestiac_2-e1515667210776-300x125.png 300w, https:\/\/aulaabierta.arasaac.org\/wp-content\/uploads\/2018\/01\/Gestiac_2-e1515667210776-768x321.png 768w, https:\/\/aulaabierta.arasaac.org\/wp-content\/uploads\/2018\/01\/Gestiac_2-e1515667210776-1030x430.png 1030w, https:\/\/aulaabierta.arasaac.org\/wp-content\/uploads\/2018\/01\/Gestiac_2-e1515667210776-1500x626.png 1500w, https:\/\/aulaabierta.arasaac.org\/wp-content\/uploads\/2018\/01\/Gestiac_2-e1515667210776-705x294.png 705w, https:\/\/aulaabierta.arasaac.org\/wp-content\/uploads\/2018\/01\/Gestiac_2-e1515667210776-450x188.png 450w\" sizes=\"auto, (max-width: 800px) 100vw, 800px\" \/><\/p>\n<p>Ensuite, cliquez sur le bouton <strong>INSTALLER<\/strong> et attendez la fin de l\u2019ensemble du processus d\u2019installation.<\/p>\n<p><img loading=\"lazy\" decoding=\"async\" class=\"aligncenter wp-image-6902\" src=\"https:\/\/aulaabierta.arasaac.org\/wp-content\/uploads\/2018\/01\/Gestiac_3.png\" alt=\"\" width=\"800\" height=\"450\" srcset=\"https:\/\/aulaabierta.arasaac.org\/wp-content\/uploads\/2018\/01\/Gestiac_3.png 1919w, https:\/\/aulaabierta.arasaac.org\/wp-content\/uploads\/2018\/01\/Gestiac_3-300x169.png 300w, https:\/\/aulaabierta.arasaac.org\/wp-content\/uploads\/2018\/01\/Gestiac_3-768x432.png 768w, https:\/\/aulaabierta.arasaac.org\/wp-content\/uploads\/2018\/01\/Gestiac_3-1030x579.png 1030w, https:\/\/aulaabierta.arasaac.org\/wp-content\/uploads\/2018\/01\/Gestiac_3-1500x843.png 1500w, https:\/\/aulaabierta.arasaac.org\/wp-content\/uploads\/2018\/01\/Gestiac_3-705x396.png 705w, https:\/\/aulaabierta.arasaac.org\/wp-content\/uploads\/2018\/01\/Gestiac_3-450x253.png 450w\" sizes=\"auto, (max-width: 800px) 100vw, 800px\" \/><\/p>\n<p>Si l\u2019application nous demande une autorisation quelconque pour <strong>acc\u00e9der aux images, au contenu multim\u00e9dia et aux fichiers<\/strong> de notre appareil, cliquez sur <strong>OK.<\/strong><\/p>\n<p><img loading=\"lazy\" decoding=\"async\" class=\"aligncenter wp-image-6903\" src=\"https:\/\/aulaabierta.arasaac.org\/wp-content\/uploads\/2018\/01\/Gestiac_4.png\" alt=\"\" width=\"800\" height=\"450\" srcset=\"https:\/\/aulaabierta.arasaac.org\/wp-content\/uploads\/2018\/01\/Gestiac_4.png 1919w, https:\/\/aulaabierta.arasaac.org\/wp-content\/uploads\/2018\/01\/Gestiac_4-300x169.png 300w, https:\/\/aulaabierta.arasaac.org\/wp-content\/uploads\/2018\/01\/Gestiac_4-768x432.png 768w, https:\/\/aulaabierta.arasaac.org\/wp-content\/uploads\/2018\/01\/Gestiac_4-1030x579.png 1030w, https:\/\/aulaabierta.arasaac.org\/wp-content\/uploads\/2018\/01\/Gestiac_4-1500x843.png 1500w, https:\/\/aulaabierta.arasaac.org\/wp-content\/uploads\/2018\/01\/Gestiac_4-705x396.png 705w, https:\/\/aulaabierta.arasaac.org\/wp-content\/uploads\/2018\/01\/Gestiac_4-450x253.png 450w\" sizes=\"auto, (max-width: 800px) 100vw, 800px\" \/><\/p>\n<p>Une fois ce processus termin\u00e9, cliquez sur le bouton <strong>OUVRIR<\/strong> pour ex\u00e9cuter <a href=\"https:\/\/play.google.com\/store\/apps\/details?id=com.icallel.gestiac&amp;hl=es\" target=\"_blank\" rel=\"noopener\"><strong>GESTIAC<\/strong><\/a> sur notre appareil pour la premi\u00e8re fois.<\/p>\n<p><img loading=\"lazy\" decoding=\"async\" class=\"aligncenter wp-image-6904\" src=\"https:\/\/aulaabierta.arasaac.org\/wp-content\/uploads\/2018\/01\/Gestiac_5.png\" alt=\"\" width=\"800\" height=\"450\" srcset=\"https:\/\/aulaabierta.arasaac.org\/wp-content\/uploads\/2018\/01\/Gestiac_5.png 1919w, https:\/\/aulaabierta.arasaac.org\/wp-content\/uploads\/2018\/01\/Gestiac_5-300x169.png 300w, https:\/\/aulaabierta.arasaac.org\/wp-content\/uploads\/2018\/01\/Gestiac_5-768x432.png 768w, https:\/\/aulaabierta.arasaac.org\/wp-content\/uploads\/2018\/01\/Gestiac_5-1030x579.png 1030w, https:\/\/aulaabierta.arasaac.org\/wp-content\/uploads\/2018\/01\/Gestiac_5-1500x843.png 1500w, https:\/\/aulaabierta.arasaac.org\/wp-content\/uploads\/2018\/01\/Gestiac_5-705x396.png 705w, https:\/\/aulaabierta.arasaac.org\/wp-content\/uploads\/2018\/01\/Gestiac_5-450x253.png 450w\" sizes=\"auto, (max-width: 800px) 100vw, 800px\" \/><\/p>\n<\/div><\/section>\n<\/div><\/div><\/div><!-- close content main div --><\/div><\/div><div id='av-layout-grid-2'  class='av-layout-grid-container av-av_layout_row-ff89abd0ebc2125893d5f3061474122c entry-content-wrapper main_color av-border-top-bottom av-flex-cells  avia-builder-el-6  el_after_av_textblock  avia-builder-el-last  grid-row-not-first  container_wrap fullsize'  >\n\n<style type=\"text\/css\" data-created_by=\"avia_inline_auto\" id=\"style-css-av-av_cell_one_fifth-5227a743201b625eadc00b27db60eab9\">\n.flex_cell.av-av_cell_one_fifth-5227a743201b625eadc00b27db60eab9{\nvertical-align:top;\n}\n.responsive #top #wrap_all .flex_cell.av-av_cell_one_fifth-5227a743201b625eadc00b27db60eab9{\npadding:30px 30px 30px 30px !important;\n}\n<\/style>\n<div class='flex_cell av-av_cell_one_fifth-5227a743201b625eadc00b27db60eab9 av-gridrow-cell av_one_fifth no_margin  avia-builder-el-7  el_before_av_cell_one_fifth  avia-builder-el-first ' ><div class='flex_cell_inner'>\n<style type=\"text\/css\" data-created_by=\"avia_inline_auto\" id=\"style-css-av-av_image-6d3074732a225a3134a74824684b16bf\">\n.avia-image-container.av-av_image-6d3074732a225a3134a74824684b16bf img.avia_image{\nbox-shadow:none;\n}\n.avia-image-container.av-av_image-6d3074732a225a3134a74824684b16bf .av-image-caption-overlay-center{\ncolor:#ffffff;\n}\n<\/style>\n<div  class='avia-image-container av-av_image-6d3074732a225a3134a74824684b16bf av-styling- avia-align-center  avia-builder-el-8  avia-builder-el-no-sibling '   itemprop=\"image\" itemscope=\"itemscope\" itemtype=\"https:\/\/schema.org\/ImageObject\" ><div class=\"avia-image-container-inner\"><div class=\"avia-image-overlay-wrap\"><a href=\"https:\/\/aulaabierta.arasaac.org\/fr\/gestiac-1-introduction\" class='avia_image' ><img decoding=\"async\" class='wp-image-23492 avia-img-lazy-loading-not-23492 avia_image ' src=\"https:\/\/aulaabierta.arasaac.org\/wp-content\/uploads\/2016\/12\/before-80x80.png\" alt='' title='before'  height=\"80\" width=\"80\"  itemprop=\"thumbnailUrl\" srcset=\"https:\/\/aulaabierta.arasaac.org\/wp-content\/uploads\/2016\/12\/before-80x80.png 80w, https:\/\/aulaabierta.arasaac.org\/wp-content\/uploads\/2016\/12\/before-36x36.png 36w, https:\/\/aulaabierta.arasaac.org\/wp-content\/uploads\/2016\/12\/before-120x120.png 120w, https:\/\/aulaabierta.arasaac.org\/wp-content\/uploads\/2016\/12\/before.png 128w\" sizes=\"(max-width: 80px) 100vw, 80px\" \/><\/a><\/div><\/div><\/div>\n<\/div><\/div>\n<style type=\"text\/css\" data-created_by=\"avia_inline_auto\" id=\"style-css-av-av_cell_one_fifth-5227a743201b625eadc00b27db60eab9\">\n.flex_cell.av-av_cell_one_fifth-5227a743201b625eadc00b27db60eab9{\nvertical-align:top;\n}\n.responsive #top #wrap_all .flex_cell.av-av_cell_one_fifth-5227a743201b625eadc00b27db60eab9{\npadding:30px 30px 30px 30px !important;\n}\n<\/style>\n<div class='flex_cell av-av_cell_one_fifth-5227a743201b625eadc00b27db60eab9 av-gridrow-cell av_one_fifth no_margin  avia-builder-el-9  el_after_av_cell_one_fifth  el_before_av_cell_one_fifth ' ><div class='flex_cell_inner'><\/div><\/div>\n<style type=\"text\/css\" data-created_by=\"avia_inline_auto\" id=\"style-css-av-av_cell_one_fifth-5227a743201b625eadc00b27db60eab9\">\n.flex_cell.av-av_cell_one_fifth-5227a743201b625eadc00b27db60eab9{\nvertical-align:top;\n}\n.responsive #top #wrap_all .flex_cell.av-av_cell_one_fifth-5227a743201b625eadc00b27db60eab9{\npadding:30px 30px 30px 30px !important;\n}\n<\/style>\n<div class='flex_cell av-av_cell_one_fifth-5227a743201b625eadc00b27db60eab9 av-gridrow-cell av_one_fifth no_margin  avia-builder-el-10  el_after_av_cell_one_fifth  el_before_av_cell_one_fifth ' ><div class='flex_cell_inner'>\n<style type=\"text\/css\" data-created_by=\"avia_inline_auto\" id=\"style-css-av-av_image-8e0d77f5ca2edffbe67c87768d79bab5\">\n.avia-image-container.av-av_image-8e0d77f5ca2edffbe67c87768d79bab5 img.avia_image{\nbox-shadow:none;\n}\n.avia-image-container.av-av_image-8e0d77f5ca2edffbe67c87768d79bab5 .av-image-caption-overlay-center{\ncolor:#ffffff;\n}\n<\/style>\n<div  class='avia-image-container av-av_image-8e0d77f5ca2edffbe67c87768d79bab5 av-styling- avia-align-center  avia-builder-el-11  avia-builder-el-no-sibling '   itemprop=\"image\" itemscope=\"itemscope\" itemtype=\"https:\/\/schema.org\/ImageObject\" ><div class=\"avia-image-container-inner\"><div class=\"avia-image-overlay-wrap\"><a href=\"https:\/\/aulaabierta.arasaac.org\/fr\/gestiac-0-accueil\" class='avia_image' ><img decoding=\"async\" class='wp-image-23498 avia-img-lazy-loading-not-23498 avia_image ' src=\"https:\/\/aulaabierta.arasaac.org\/wp-content\/uploads\/2016\/12\/casa-80x80.png\" alt='' title='Commencement'  height=\"80\" width=\"80\"  itemprop=\"thumbnailUrl\" srcset=\"https:\/\/aulaabierta.arasaac.org\/wp-content\/uploads\/2016\/12\/casa-80x80.png 80w, https:\/\/aulaabierta.arasaac.org\/wp-content\/uploads\/2016\/12\/casa-300x300.png 300w, https:\/\/aulaabierta.arasaac.org\/wp-content\/uploads\/2016\/12\/casa-36x36.png 36w, https:\/\/aulaabierta.arasaac.org\/wp-content\/uploads\/2016\/12\/casa-180x180.png 180w, https:\/\/aulaabierta.arasaac.org\/wp-content\/uploads\/2016\/12\/casa-120x120.png 120w, https:\/\/aulaabierta.arasaac.org\/wp-content\/uploads\/2016\/12\/casa-450x450.png 450w, https:\/\/aulaabierta.arasaac.org\/wp-content\/uploads\/2016\/12\/casa.png 500w\" sizes=\"(max-width: 80px) 100vw, 80px\" \/><\/a><\/div><\/div><\/div>\n<\/div><\/div>\n<style type=\"text\/css\" data-created_by=\"avia_inline_auto\" id=\"style-css-av-av_cell_one_fifth-5227a743201b625eadc00b27db60eab9\">\n.flex_cell.av-av_cell_one_fifth-5227a743201b625eadc00b27db60eab9{\nvertical-align:top;\n}\n.responsive #top #wrap_all .flex_cell.av-av_cell_one_fifth-5227a743201b625eadc00b27db60eab9{\npadding:30px 30px 30px 30px !important;\n}\n<\/style>\n<div class='flex_cell av-av_cell_one_fifth-5227a743201b625eadc00b27db60eab9 av-gridrow-cell av_one_fifth no_margin  avia-builder-el-12  el_after_av_cell_one_fifth  el_before_av_cell_one_fifth ' ><div class='flex_cell_inner'><\/div><\/div>\n<style type=\"text\/css\" data-created_by=\"avia_inline_auto\" id=\"style-css-av-av_cell_one_fifth-5227a743201b625eadc00b27db60eab9\">\n.flex_cell.av-av_cell_one_fifth-5227a743201b625eadc00b27db60eab9{\nvertical-align:top;\n}\n.responsive #top #wrap_all .flex_cell.av-av_cell_one_fifth-5227a743201b625eadc00b27db60eab9{\npadding:30px 30px 30px 30px !important;\n}\n<\/style>\n<div class='flex_cell av-av_cell_one_fifth-5227a743201b625eadc00b27db60eab9 av-gridrow-cell av_one_fifth no_margin  avia-builder-el-13  el_after_av_cell_one_fifth  avia-builder-el-last ' ><div class='flex_cell_inner'>\n<style type=\"text\/css\" data-created_by=\"avia_inline_auto\" id=\"style-css-av-av_image-f997b3e057f368c808db9f692496488f\">\n.avia-image-container.av-av_image-f997b3e057f368c808db9f692496488f img.avia_image{\nbox-shadow:none;\n}\n.avia-image-container.av-av_image-f997b3e057f368c808db9f692496488f .av-image-caption-overlay-center{\ncolor:#ffffff;\n}\n<\/style>\n<div  class='avia-image-container av-av_image-f997b3e057f368c808db9f692496488f av-styling- avia-align-center  avia-builder-el-14  avia-builder-el-no-sibling '   itemprop=\"image\" itemscope=\"itemscope\" itemtype=\"https:\/\/schema.org\/ImageObject\" ><div class=\"avia-image-container-inner\"><div class=\"avia-image-overlay-wrap\"><a href=\"https:\/\/aulaabierta.arasaac.org\/fr\/gestiac-3-taches\" class='avia_image' ><img decoding=\"async\" class='wp-image-23495 avia-img-lazy-loading-not-23495 avia_image ' src=\"https:\/\/aulaabierta.arasaac.org\/wp-content\/uploads\/2016\/12\/next-80x80.png\" alt='' title='next'  height=\"80\" width=\"80\"  itemprop=\"thumbnailUrl\" srcset=\"https:\/\/aulaabierta.arasaac.org\/wp-content\/uploads\/2016\/12\/next-80x80.png 80w, https:\/\/aulaabierta.arasaac.org\/wp-content\/uploads\/2016\/12\/next-36x36.png 36w, https:\/\/aulaabierta.arasaac.org\/wp-content\/uploads\/2016\/12\/next-120x120.png 120w, https:\/\/aulaabierta.arasaac.org\/wp-content\/uploads\/2016\/12\/next.png 128w\" sizes=\"(max-width: 80px) 100vw, 80px\" \/><\/a><\/div><\/div><\/div>\n<\/div><\/div>\n<\/div>\n","protected":false},"excerpt":{"rendered":"","protected":false},"author":5,"featured_media":31468,"parent":0,"menu_order":0,"comment_status":"closed","ping_status":"closed","template":"","meta":{"om_disable_all_campaigns":false,"_monsterinsights_skip_tracking":false,"_monsterinsights_sitenote_active":false,"_monsterinsights_sitenote_note":"","_monsterinsights_sitenote_category":0,"_uf_show_specific_survey":0,"_uf_disable_surveys":false,"footnotes":""},"class_list":["post-83629","page","type-page","status-publish","has-post-thumbnail","hentry"],"aioseo_notices":[],"_links":{"self":[{"href":"https:\/\/aulaabierta.arasaac.org\/fr\/wp-json\/wp\/v2\/pages\/83629","targetHints":{"allow":["GET"]}}],"collection":[{"href":"https:\/\/aulaabierta.arasaac.org\/fr\/wp-json\/wp\/v2\/pages"}],"about":[{"href":"https:\/\/aulaabierta.arasaac.org\/fr\/wp-json\/wp\/v2\/types\/page"}],"author":[{"embeddable":true,"href":"https:\/\/aulaabierta.arasaac.org\/fr\/wp-json\/wp\/v2\/users\/5"}],"replies":[{"embeddable":true,"href":"https:\/\/aulaabierta.arasaac.org\/fr\/wp-json\/wp\/v2\/comments?post=83629"}],"version-history":[{"count":28,"href":"https:\/\/aulaabierta.arasaac.org\/fr\/wp-json\/wp\/v2\/pages\/83629\/revisions"}],"predecessor-version":[{"id":145140,"href":"https:\/\/aulaabierta.arasaac.org\/fr\/wp-json\/wp\/v2\/pages\/83629\/revisions\/145140"}],"wp:featuredmedia":[{"embeddable":true,"href":"https:\/\/aulaabierta.arasaac.org\/fr\/wp-json\/wp\/v2\/media\/31468"}],"wp:attachment":[{"href":"https:\/\/aulaabierta.arasaac.org\/fr\/wp-json\/wp\/v2\/media?parent=83629"}],"curies":[{"name":"wp","href":"https:\/\/api.w.org\/{rel}","templated":true}]}}