{"id":94150,"date":"2022-08-18T12:23:06","date_gmt":"2022-08-18T11:23:06","guid":{"rendered":"https:\/\/aulaabierta.arasaac.org\/?page_id=94150"},"modified":"2022-08-19T12:52:05","modified_gmt":"2022-08-19T11:52:05","slug":"asterics-aac_instalacion_windows","status":"publish","type":"page","link":"https:\/\/aulaabierta.arasaac.org\/fr\/asterics-aac_instalacion_windows","title":{"rendered":"Comunicador din\u00e1mico Asterics AAC &#8211; Instalaci\u00f3n en Windows como aplicaci\u00f3n"},"content":{"rendered":"\n<style type=\"text\/css\" data-created_by=\"avia_inline_auto\" id=\"style-css-av-g02wp-82df3b97613a7e70269c81f48a01ce6c\">\n#top .av-special-heading.av-g02wp-82df3b97613a7e70269c81f48a01ce6c{\npadding-bottom:0;\n}\nbody .av-special-heading.av-g02wp-82df3b97613a7e70269c81f48a01ce6c .av-special-heading-tag .heading-char{\nfont-size:25px;\n}\n.av-special-heading.av-g02wp-82df3b97613a7e70269c81f48a01ce6c .av-subheading{\nfont-size:15px;\n}\n<\/style>\n<div  class='av-special-heading av-g02wp-82df3b97613a7e70269c81f48a01ce6c av-special-heading-h2  avia-builder-el-0  el_before_av_textblock  avia-builder-el-first '><h2 class='av-special-heading-tag'  itemprop=\"headline\"  >Asterics AAC &#8211; Instalaci\u00f3n en Windows como aplicaci\u00f3n<\/h2><div class=\"special-heading-border\"><div class=\"special-heading-inner-border\"><\/div><\/div><\/div>\n\n<style type=\"text\/css\" data-created_by=\"avia_inline_auto\" id=\"style-css-av-l6xxvjl9-dbc49c3f30178460b1f0b285b260d1e2\">\n#top .av_textblock_section.av-l6xxvjl9-dbc49c3f30178460b1f0b285b260d1e2 .avia_textblock{\nfont-size:16px;\n}\n<\/style>\n<section  class='av_textblock_section av-l6xxvjl9-dbc49c3f30178460b1f0b285b260d1e2'  itemscope=\"itemscope\" itemtype=\"https:\/\/schema.org\/CreativeWork\" ><div class='avia_textblock'  itemprop=\"text\" ><p><strong>Asterics AAC<\/strong> es un <strong>comunicador web (webapp) multiplataforma<\/strong>, lo que implica que funciona teniendo siempre como base un <strong>navegador web <\/strong>con la ventaja de que\u00a0<strong>almacena todos los datos en el dispositivo<\/strong> que estamos utilizando (ordenador, tablet o smartphone).<\/p>\n<p>Esta ventaja permite su <strong>funcionamiento offline <\/strong>(sin conexi\u00f3n a Internet) tras la primera conexi\u00f3n y descarga inicial de los datos. Tambi\u00e9n tenemos la posibilidad de <strong>instalarlo como si fuera una aplicaci\u00f3n del propio Windows<\/strong> (aunque siga siendo una <strong>webapp<\/strong>), es decir, su funcionamiento ser\u00e1 el mismo que el de cualquier otra aplicaci\u00f3n que hayamos instalado en nuestro ordenador. Esto ofrece como ventaja adicional la visualizaci\u00f3n en una ventana independiente, a pantalla completa y sin que se vea el navegador, es decir, como si fuera una aplicaci\u00f3n m\u00e1s de Windows.<\/p>\n<p>En este tutorial, vamos a explicar c\u00f3mo <strong>instalar Asterics AAC en windows<\/strong> desde <strong>Microsoft Edge<\/strong> y desde <strong>Google Chrome<\/strong>.<\/p>\n<\/div><\/section>\n\n<style type=\"text\/css\" data-created_by=\"avia_inline_auto\" id=\"style-css-av-l6uypdx8-2d020ba34addba9a140a4beaabacd444\">\n#top .av-special-heading.av-l6uypdx8-2d020ba34addba9a140a4beaabacd444{\npadding-bottom:0;\n}\nbody .av-special-heading.av-l6uypdx8-2d020ba34addba9a140a4beaabacd444 .av-special-heading-tag .heading-char{\nfont-size:25px;\n}\n.av-special-heading.av-l6uypdx8-2d020ba34addba9a140a4beaabacd444 .av-subheading{\nfont-size:15px;\n}\n<\/style>\n<div  class='av-special-heading av-l6uypdx8-2d020ba34addba9a140a4beaabacd444 av-special-heading-h2  avia-builder-el-2  el_after_av_textblock  el_before_av_textblock '><h2 class='av-special-heading-tag'  itemprop=\"headline\"  >1 &#8211; Instalaci\u00f3n con Microsoft Edge<\/h2><div class=\"special-heading-border\"><div class=\"special-heading-inner-border\"><\/div><\/div><\/div>\n\n<style type=\"text\/css\" data-created_by=\"avia_inline_auto\" id=\"style-css-av-80ofsp-85d15c89fe0b9ec3354a61db14f3e88e\">\n#top .av_textblock_section.av-80ofsp-85d15c89fe0b9ec3354a61db14f3e88e .avia_textblock{\nfont-size:16px;\n}\n<\/style>\n<section  class='av_textblock_section av-80ofsp-85d15c89fe0b9ec3354a61db14f3e88e'  itemscope=\"itemscope\" itemtype=\"https:\/\/schema.org\/CreativeWork\" ><div class='avia_textblock'  itemprop=\"text\" ><p>Para instalar <strong>Asterics AAC<\/strong>\u00a0como si fuera una aplicaci\u00f3n de Windows desde <strong>Microsoft Edge<\/strong>, abrimos una pesta\u00f1a en el navegador y entramos en la p\u00e1gina web de <strong>Asterics AAC<\/strong>.<\/p>\n<p>Una vez abierta la web de <strong>Asterics AAC\u00a0<\/strong>en <strong>Microsoft Edge<\/strong>, pulsamos en el bot\u00f3n de Opciones (1), Aplicaciones (2) e Instalar <strong>Asterics AAC<\/strong> (3).<\/p>\n<p><img loading=\"lazy\" decoding=\"async\" class=\"aligncenter wp-image-94156\" src=\"https:\/\/aulaabierta.arasaac.org\/wp-content\/uploads\/2022\/08\/Instalacion_AsTERICS_Grid_Edge_2.png\" alt=\"\" width=\"800\" height=\"450\" srcset=\"https:\/\/aulaabierta.arasaac.org\/wp-content\/uploads\/2022\/08\/Instalacion_AsTERICS_Grid_Edge_2.png 1366w, https:\/\/aulaabierta.arasaac.org\/wp-content\/uploads\/2022\/08\/Instalacion_AsTERICS_Grid_Edge_2-300x169.png 300w, https:\/\/aulaabierta.arasaac.org\/wp-content\/uploads\/2022\/08\/Instalacion_AsTERICS_Grid_Edge_2-1030x579.png 1030w, https:\/\/aulaabierta.arasaac.org\/wp-content\/uploads\/2022\/08\/Instalacion_AsTERICS_Grid_Edge_2-768x432.png 768w, https:\/\/aulaabierta.arasaac.org\/wp-content\/uploads\/2022\/08\/Instalacion_AsTERICS_Grid_Edge_2-705x396.png 705w\" sizes=\"auto, (max-width: 800px) 100vw, 800px\" \/><\/p>\n<p>A continuaci\u00f3n, pulsamos en <b>Instalar<\/b>.<\/p>\n<p><img loading=\"lazy\" decoding=\"async\" class=\"aligncenter wp-image-94161\" src=\"https:\/\/aulaabierta.arasaac.org\/wp-content\/uploads\/2022\/08\/Instalacion_AsTERICS_Grid_Edge_3.png\" alt=\"\" width=\"800\" height=\"450\" srcset=\"https:\/\/aulaabierta.arasaac.org\/wp-content\/uploads\/2022\/08\/Instalacion_AsTERICS_Grid_Edge_3.png 1366w, https:\/\/aulaabierta.arasaac.org\/wp-content\/uploads\/2022\/08\/Instalacion_AsTERICS_Grid_Edge_3-300x169.png 300w, https:\/\/aulaabierta.arasaac.org\/wp-content\/uploads\/2022\/08\/Instalacion_AsTERICS_Grid_Edge_3-1030x579.png 1030w, https:\/\/aulaabierta.arasaac.org\/wp-content\/uploads\/2022\/08\/Instalacion_AsTERICS_Grid_Edge_3-768x432.png 768w, https:\/\/aulaabierta.arasaac.org\/wp-content\/uploads\/2022\/08\/Instalacion_AsTERICS_Grid_Edge_3-705x396.png 705w\" sizes=\"auto, (max-width: 800px) 100vw, 800px\" \/><\/p>\n<p>Se abrir\u00e1 ya la nueva ventana de aplicaci\u00f3n de <strong>Asterics AAC<\/strong> y nos preguntar\u00e1 si deseamos anclarlo a la barra de tareas, inicio o si deseamos agregar un acceso directo en el escritorio. Marcamos las opciones que nos interesen (1) y pulsamos en <strong>Permitir<\/strong> (2).<\/p>\n<p><img loading=\"lazy\" decoding=\"async\" class=\"aligncenter wp-image-94166\" src=\"https:\/\/aulaabierta.arasaac.org\/wp-content\/uploads\/2022\/08\/Instalacion_AsTERICS_Grid_Edge_4.png\" alt=\"\" width=\"800\" height=\"572\" srcset=\"https:\/\/aulaabierta.arasaac.org\/wp-content\/uploads\/2022\/08\/Instalacion_AsTERICS_Grid_Edge_4.png 1074w, https:\/\/aulaabierta.arasaac.org\/wp-content\/uploads\/2022\/08\/Instalacion_AsTERICS_Grid_Edge_4-300x215.png 300w, https:\/\/aulaabierta.arasaac.org\/wp-content\/uploads\/2022\/08\/Instalacion_AsTERICS_Grid_Edge_4-1030x737.png 1030w, https:\/\/aulaabierta.arasaac.org\/wp-content\/uploads\/2022\/08\/Instalacion_AsTERICS_Grid_Edge_4-768x549.png 768w, https:\/\/aulaabierta.arasaac.org\/wp-content\/uploads\/2022\/08\/Instalacion_AsTERICS_Grid_Edge_4-260x185.png 260w, https:\/\/aulaabierta.arasaac.org\/wp-content\/uploads\/2022\/08\/Instalacion_AsTERICS_Grid_Edge_4-705x504.png 705w\" sizes=\"auto, (max-width: 800px) 100vw, 800px\" \/><\/p>\n<p>Al activar la opci\u00f3n de<strong> Anclar en la barra de tareas<\/strong>, nos aparece ya un <strong>icono<\/strong> en \u00e9sta que permanecer\u00e1 fijo aunque cerremos la ventana de la aplicaci\u00f3n.<\/p>\n<p><img loading=\"lazy\" decoding=\"async\" class=\"aligncenter wp-image-94171\" src=\"https:\/\/aulaabierta.arasaac.org\/wp-content\/uploads\/2022\/08\/Instalacion_AsTERICS_Grid_Edge_5.png\" alt=\"\" width=\"800\" height=\"450\" srcset=\"https:\/\/aulaabierta.arasaac.org\/wp-content\/uploads\/2022\/08\/Instalacion_AsTERICS_Grid_Edge_5.png 1366w, https:\/\/aulaabierta.arasaac.org\/wp-content\/uploads\/2022\/08\/Instalacion_AsTERICS_Grid_Edge_5-300x169.png 300w, https:\/\/aulaabierta.arasaac.org\/wp-content\/uploads\/2022\/08\/Instalacion_AsTERICS_Grid_Edge_5-1030x579.png 1030w, https:\/\/aulaabierta.arasaac.org\/wp-content\/uploads\/2022\/08\/Instalacion_AsTERICS_Grid_Edge_5-768x432.png 768w, https:\/\/aulaabierta.arasaac.org\/wp-content\/uploads\/2022\/08\/Instalacion_AsTERICS_Grid_Edge_5-705x396.png 705w\" sizes=\"auto, (max-width: 800px) 100vw, 800px\" \/><\/p>\n<p>Para desinstalar la aplicaci\u00f3n <strong>Asterics AAC <\/strong>tenemos dos opciones. La primera de ellas es hacer clic con el bot\u00f3n derecho del rat\u00f3n sobre el nombre de la aplicaci\u00f3n en el men\u00fa de inicio (1) y a continuaci\u00f3n pulsar en <strong>Desinstalar<\/strong> (2).<\/p>\n<p><img loading=\"lazy\" decoding=\"async\" class=\"aligncenter wp-image-94176\" src=\"https:\/\/aulaabierta.arasaac.org\/wp-content\/uploads\/2022\/08\/Instalacion_AsTERICS_Grid_Edge_6.png\" alt=\"\" width=\"800\" height=\"450\" srcset=\"https:\/\/aulaabierta.arasaac.org\/wp-content\/uploads\/2022\/08\/Instalacion_AsTERICS_Grid_Edge_6.png 1366w, https:\/\/aulaabierta.arasaac.org\/wp-content\/uploads\/2022\/08\/Instalacion_AsTERICS_Grid_Edge_6-300x169.png 300w, https:\/\/aulaabierta.arasaac.org\/wp-content\/uploads\/2022\/08\/Instalacion_AsTERICS_Grid_Edge_6-1030x579.png 1030w, https:\/\/aulaabierta.arasaac.org\/wp-content\/uploads\/2022\/08\/Instalacion_AsTERICS_Grid_Edge_6-768x432.png 768w, https:\/\/aulaabierta.arasaac.org\/wp-content\/uploads\/2022\/08\/Instalacion_AsTERICS_Grid_Edge_6-705x396.png 705w\" sizes=\"auto, (max-width: 800px) 100vw, 800px\" \/><\/p>\n<p>La otra opci\u00f3n es abrir el listado de <strong>Aplicaciones y caracter\u00edsticas de Windows<\/strong>, buscar <strong>Asterics AAC <\/strong>en el listado, hacer clic en \u00e9l para desplegar las opciones y pulsar en <strong>Desinstalar<\/strong>.<\/p>\n<p><img loading=\"lazy\" decoding=\"async\" class=\"aligncenter wp-image-94181\" src=\"https:\/\/aulaabierta.arasaac.org\/wp-content\/uploads\/2022\/08\/Instalacion_AsTERICS_Grid_Edge_7.png\" alt=\"\" width=\"800\" height=\"491\" srcset=\"https:\/\/aulaabierta.arasaac.org\/wp-content\/uploads\/2022\/08\/Instalacion_AsTERICS_Grid_Edge_7.png 1044w, https:\/\/aulaabierta.arasaac.org\/wp-content\/uploads\/2022\/08\/Instalacion_AsTERICS_Grid_Edge_7-300x184.png 300w, https:\/\/aulaabierta.arasaac.org\/wp-content\/uploads\/2022\/08\/Instalacion_AsTERICS_Grid_Edge_7-1030x632.png 1030w, https:\/\/aulaabierta.arasaac.org\/wp-content\/uploads\/2022\/08\/Instalacion_AsTERICS_Grid_Edge_7-768x472.png 768w, https:\/\/aulaabierta.arasaac.org\/wp-content\/uploads\/2022\/08\/Instalacion_AsTERICS_Grid_Edge_7-705x433.png 705w\" sizes=\"auto, (max-width: 800px) 100vw, 800px\" \/><\/p>\n<p>Siguiendo estos pasos podemos instalar y desinstalar <strong>Asterics AAC <\/strong>como si se tratase de una aplicaci\u00f3n habitual de Windows.<\/p>\n<\/div><\/section>\n\n<style type=\"text\/css\" data-created_by=\"avia_inline_auto\" id=\"style-css-av-l6kydw6c-a344f47f9bad8afab7f09b385692dd18\">\n#top .av-special-heading.av-l6kydw6c-a344f47f9bad8afab7f09b385692dd18{\npadding-bottom:0;\n}\nbody .av-special-heading.av-l6kydw6c-a344f47f9bad8afab7f09b385692dd18 .av-special-heading-tag .heading-char{\nfont-size:25px;\n}\n.av-special-heading.av-l6kydw6c-a344f47f9bad8afab7f09b385692dd18 .av-subheading{\nfont-size:15px;\n}\n<\/style>\n<div  class='av-special-heading av-l6kydw6c-a344f47f9bad8afab7f09b385692dd18 av-special-heading-h2  avia-builder-el-4  el_after_av_textblock  el_before_av_textblock '><h2 class='av-special-heading-tag'  itemprop=\"headline\"  >2- Instalaci\u00f3n con Google Chrome<\/h2><div class=\"special-heading-border\"><div class=\"special-heading-inner-border\"><\/div><\/div><\/div>\n\n<style type=\"text\/css\" data-created_by=\"avia_inline_auto\" id=\"style-css-av-knuu1r-3ac2949693aa8e2efd46d09d23d5ca6b\">\n#top .av_textblock_section.av-knuu1r-3ac2949693aa8e2efd46d09d23d5ca6b .avia_textblock{\nfont-size:16px;\n}\n<\/style>\n<section  class='av_textblock_section av-knuu1r-3ac2949693aa8e2efd46d09d23d5ca6b'  itemscope=\"itemscope\" itemtype=\"https:\/\/schema.org\/CreativeWork\" ><div class='avia_textblock'  itemprop=\"text\" ><p>Para instalar el comunicador din\u00e1mico <strong>Asterics AAC<\/strong> como si fuera una aplicaci\u00f3n de Windows,, abrimos la web de <strong>Asterics AAC <\/strong>en una<b> nueva pesta\u00f1a <\/b>desde el navegador<b><strong> Google Chrome<\/strong><\/b><\/p>\n<p><img loading=\"lazy\" decoding=\"async\" class=\"aligncenter wp-image-94189\" src=\"https:\/\/aulaabierta.arasaac.org\/wp-content\/uploads\/2022\/08\/Instalacion_AsTERICS_Grid_Chrome_1.png\" alt=\"\" width=\"800\" height=\"450\" srcset=\"https:\/\/aulaabierta.arasaac.org\/wp-content\/uploads\/2022\/08\/Instalacion_AsTERICS_Grid_Chrome_1.png 1366w, https:\/\/aulaabierta.arasaac.org\/wp-content\/uploads\/2022\/08\/Instalacion_AsTERICS_Grid_Chrome_1-300x169.png 300w, https:\/\/aulaabierta.arasaac.org\/wp-content\/uploads\/2022\/08\/Instalacion_AsTERICS_Grid_Chrome_1-1030x579.png 1030w, https:\/\/aulaabierta.arasaac.org\/wp-content\/uploads\/2022\/08\/Instalacion_AsTERICS_Grid_Chrome_1-768x432.png 768w, https:\/\/aulaabierta.arasaac.org\/wp-content\/uploads\/2022\/08\/Instalacion_AsTERICS_Grid_Chrome_1-705x396.png 705w\" sizes=\"auto, (max-width: 800px) 100vw, 800px\" \/><\/p>\n<p>A continuaci\u00f3n, pulsamos en <strong>Opciones<\/strong> (1), <strong>M\u00e1s herramientas<\/strong> (2) y <strong>Crear acceso directo&#8230;<\/strong> (3).<\/p>\n<p><img loading=\"lazy\" decoding=\"async\" class=\"aligncenter wp-image-94220\" src=\"https:\/\/aulaabierta.arasaac.org\/wp-content\/uploads\/2022\/08\/Instalacion_AsTERICS_Grid_Chrome_2.png\" alt=\"\" width=\"800\" height=\"450\" srcset=\"https:\/\/aulaabierta.arasaac.org\/wp-content\/uploads\/2022\/08\/Instalacion_AsTERICS_Grid_Chrome_2.png 1366w, https:\/\/aulaabierta.arasaac.org\/wp-content\/uploads\/2022\/08\/Instalacion_AsTERICS_Grid_Chrome_2-300x169.png 300w, https:\/\/aulaabierta.arasaac.org\/wp-content\/uploads\/2022\/08\/Instalacion_AsTERICS_Grid_Chrome_2-1030x579.png 1030w, https:\/\/aulaabierta.arasaac.org\/wp-content\/uploads\/2022\/08\/Instalacion_AsTERICS_Grid_Chrome_2-768x432.png 768w, https:\/\/aulaabierta.arasaac.org\/wp-content\/uploads\/2022\/08\/Instalacion_AsTERICS_Grid_Chrome_2-705x396.png 705w\" sizes=\"auto, (max-width: 800px) 100vw, 800px\" \/><\/p>\n<p>Activamos la opci\u00f3n <strong>Abrir como ventana<\/strong> y pulsamos en <strong>Crear<\/strong>.<\/p>\n<p><img loading=\"lazy\" decoding=\"async\" class=\"aligncenter wp-image-94225\" src=\"https:\/\/aulaabierta.arasaac.org\/wp-content\/uploads\/2022\/08\/Instalacion_AsTERICS_Grid_Chrome_3.png\" alt=\"\" width=\"800\" height=\"450\" srcset=\"https:\/\/aulaabierta.arasaac.org\/wp-content\/uploads\/2022\/08\/Instalacion_AsTERICS_Grid_Chrome_3.png 1366w, https:\/\/aulaabierta.arasaac.org\/wp-content\/uploads\/2022\/08\/Instalacion_AsTERICS_Grid_Chrome_3-300x169.png 300w, https:\/\/aulaabierta.arasaac.org\/wp-content\/uploads\/2022\/08\/Instalacion_AsTERICS_Grid_Chrome_3-1030x579.png 1030w, https:\/\/aulaabierta.arasaac.org\/wp-content\/uploads\/2022\/08\/Instalacion_AsTERICS_Grid_Chrome_3-768x432.png 768w, https:\/\/aulaabierta.arasaac.org\/wp-content\/uploads\/2022\/08\/Instalacion_AsTERICS_Grid_Chrome_3-705x396.png 705w\" sizes=\"auto, (max-width: 800px) 100vw, 800px\" \/><\/p>\n<p>Tras unos segundos de espera, aparece una nueva ventana y muestra el <strong>icono<\/strong> de <strong>Asterics AAC\u00a0<\/strong>en la barra de tareas.<\/p>\n<p><img loading=\"lazy\" decoding=\"async\" class=\"aligncenter wp-image-94230\" src=\"https:\/\/aulaabierta.arasaac.org\/wp-content\/uploads\/2022\/08\/Instalacion_AsTERICS_Grid_Chrome_4.png\" alt=\"\" width=\"800\" height=\"450\" srcset=\"https:\/\/aulaabierta.arasaac.org\/wp-content\/uploads\/2022\/08\/Instalacion_AsTERICS_Grid_Chrome_4.png 1366w, https:\/\/aulaabierta.arasaac.org\/wp-content\/uploads\/2022\/08\/Instalacion_AsTERICS_Grid_Chrome_4-300x169.png 300w, https:\/\/aulaabierta.arasaac.org\/wp-content\/uploads\/2022\/08\/Instalacion_AsTERICS_Grid_Chrome_4-1030x579.png 1030w, https:\/\/aulaabierta.arasaac.org\/wp-content\/uploads\/2022\/08\/Instalacion_AsTERICS_Grid_Chrome_4-768x432.png 768w, https:\/\/aulaabierta.arasaac.org\/wp-content\/uploads\/2022\/08\/Instalacion_AsTERICS_Grid_Chrome_4-705x396.png 705w\" sizes=\"auto, (max-width: 800px) 100vw, 800px\" \/><\/p>\n<p>Para desinstalar la aplicaci\u00f3n, adem\u00e1s de poder hacerlo desde el apartado de <strong>Aplicaciones y caracter\u00edsticas de Windows<\/strong>, tal y como explicamos para Edge, tenemos la posibilidad de hacerlo <strong>desde la propia ventana de la aplicaci\u00f3n<\/strong> pulsando en los<strong> &#8230; <\/strong>(1), que aparecen en la parte superior de la ventana,\u00a0 y, posteriormente, en <strong>Desinstalar Asterics AAC<\/strong> (2).<\/p>\n<p><img loading=\"lazy\" decoding=\"async\" class=\"aligncenter wp-image-94235\" src=\"https:\/\/aulaabierta.arasaac.org\/wp-content\/uploads\/2022\/08\/Instalacion_AsTERICS_Grid_Chrome_5.png\" alt=\"\" width=\"800\" height=\"450\" srcset=\"https:\/\/aulaabierta.arasaac.org\/wp-content\/uploads\/2022\/08\/Instalacion_AsTERICS_Grid_Chrome_5.png 1366w, https:\/\/aulaabierta.arasaac.org\/wp-content\/uploads\/2022\/08\/Instalacion_AsTERICS_Grid_Chrome_5-300x169.png 300w, https:\/\/aulaabierta.arasaac.org\/wp-content\/uploads\/2022\/08\/Instalacion_AsTERICS_Grid_Chrome_5-1030x579.png 1030w, https:\/\/aulaabierta.arasaac.org\/wp-content\/uploads\/2022\/08\/Instalacion_AsTERICS_Grid_Chrome_5-768x432.png 768w, https:\/\/aulaabierta.arasaac.org\/wp-content\/uploads\/2022\/08\/Instalacion_AsTERICS_Grid_Chrome_5-705x396.png 705w\" sizes=\"auto, (max-width: 800px) 100vw, 800px\" \/><\/p>\n<p>Finalmente, pulsamos en <strong>Quitar<\/strong>, activando o no la opci\u00f3n de <strong>Borrar los datos de Chrome<\/strong>, seg\u00fan nos interese o no conservarlos.<\/p>\n<p><img loading=\"lazy\" decoding=\"async\" class=\"aligncenter wp-image-94246\" src=\"https:\/\/aulaabierta.arasaac.org\/wp-content\/uploads\/2022\/08\/Instalacion_AsTERICS_Grid_Chrome_6.png\" alt=\"\" width=\"800\" height=\"450\" srcset=\"https:\/\/aulaabierta.arasaac.org\/wp-content\/uploads\/2022\/08\/Instalacion_AsTERICS_Grid_Chrome_6.png 1366w, https:\/\/aulaabierta.arasaac.org\/wp-content\/uploads\/2022\/08\/Instalacion_AsTERICS_Grid_Chrome_6-300x169.png 300w, https:\/\/aulaabierta.arasaac.org\/wp-content\/uploads\/2022\/08\/Instalacion_AsTERICS_Grid_Chrome_6-1030x579.png 1030w, https:\/\/aulaabierta.arasaac.org\/wp-content\/uploads\/2022\/08\/Instalacion_AsTERICS_Grid_Chrome_6-768x432.png 768w, https:\/\/aulaabierta.arasaac.org\/wp-content\/uploads\/2022\/08\/Instalacion_AsTERICS_Grid_Chrome_6-705x396.png 705w\" sizes=\"auto, (max-width: 800px) 100vw, 800px\" \/><\/p>\n<p>Con esta acci\u00f3n, quedara desinstalada la aplicaci\u00f3n de nuestro sistema.<\/p>\n<\/div><\/section>\n<div class='flex_column av-2krg6xr-318b22cf5a7dcc17d549f6d260a48947 av_one_fifth  avia-builder-el-6  el_after_av_textblock  el_before_av_one_fifth  first flex_column_div column-top-margin'     ><\/div>\n<div class='flex_column av-2acjjb3-72430572443564d7b3ecb332fff10556 av_one_fifth  avia-builder-el-7  el_after_av_one_fifth  el_before_av_one_fifth  flex_column_div column-top-margin'     ><\/div>\n<div class='flex_column av-5ueg0v-f5b4451085be42fd2a70550803012549 av_one_fifth  avia-builder-el-8  el_after_av_one_fifth  el_before_av_one_fifth  flex_column_div column-top-margin'     ><style type=\"text\/css\" data-created_by=\"avia_inline_auto\" id=\"style-css-av-l6ke1xda-59bdef625b8e89a9175d1a0111a60a75\">\n.avia-image-container.av-l6ke1xda-59bdef625b8e89a9175d1a0111a60a75 img.avia_image{\nbox-shadow:none;\n}\n.avia-image-container.av-l6ke1xda-59bdef625b8e89a9175d1a0111a60a75 .av-image-caption-overlay-center{\ncolor:#ffffff;\n}\n<\/style>\n<div  class='avia-image-container av-l6ke1xda-59bdef625b8e89a9175d1a0111a60a75 av-styling- avia-align-center  avia-builder-el-9  avia-builder-el-no-sibling '   itemprop=\"image\" itemscope=\"itemscope\" itemtype=\"https:\/\/schema.org\/ImageObject\" ><div class=\"avia-image-container-inner\"><div class=\"avia-image-overlay-wrap\"><a href=\"https:\/\/aulaabierta.arasaac.org\/asterics-aac_inicio\" class='avia_image' ><img decoding=\"async\" class='wp-image-93346 avia-img-lazy-loading-not-93346 avia_image ' src=\"https:\/\/aulaabierta.arasaac.org\/wp-content\/uploads\/2022\/08\/casa-120x120-1-80x80.png\" alt='' title='casa-120x120'  height=\"80\" width=\"80\"  itemprop=\"thumbnailUrl\" srcset=\"https:\/\/aulaabierta.arasaac.org\/wp-content\/uploads\/2022\/08\/casa-120x120-1-80x80.png 80w, https:\/\/aulaabierta.arasaac.org\/wp-content\/uploads\/2022\/08\/casa-120x120-1-36x36.png 36w, https:\/\/aulaabierta.arasaac.org\/wp-content\/uploads\/2022\/08\/casa-120x120-1.png 120w\" sizes=\"(max-width: 80px) 100vw, 80px\" \/><\/a><\/div><\/div><\/div><\/div>\n<div class='flex_column av-126aqin-7a6e39193fa1262d0b61cdb616a4a062 av_one_fifth  avia-builder-el-10  el_after_av_one_fifth  el_before_av_one_fifth  flex_column_div column-top-margin'     ><\/div>\n<div class='flex_column av-w2yn9b-3822e7b37f6ad515aaaac5be5b29fec2 av_one_fifth  avia-builder-el-11  el_after_av_one_fifth  el_before_av_one_full  flex_column_div column-top-margin'     ><\/div>\n<div class='flex_column av-vtfpkv-8fb9bef4cb06de80cef16013e631f9a4 av_one_full  avia-builder-el-12  el_after_av_one_fifth  avia-builder-el-last  first flex_column_div column-top-margin'     ><\/div>\n","protected":false},"excerpt":{"rendered":"","protected":false},"author":5,"featured_media":93283,"parent":0,"menu_order":0,"comment_status":"open","ping_status":"open","template":"","meta":{"om_disable_all_campaigns":false,"_monsterinsights_skip_tracking":false,"_monsterinsights_sitenote_active":false,"_monsterinsights_sitenote_note":"","_monsterinsights_sitenote_category":0,"_uf_show_specific_survey":0,"_uf_disable_surveys":false,"footnotes":""},"class_list":["post-94150","page","type-page","status-publish","has-post-thumbnail","hentry"],"aioseo_notices":[],"_links":{"self":[{"href":"https:\/\/aulaabierta.arasaac.org\/fr\/wp-json\/wp\/v2\/pages\/94150","targetHints":{"allow":["GET"]}}],"collection":[{"href":"https:\/\/aulaabierta.arasaac.org\/fr\/wp-json\/wp\/v2\/pages"}],"about":[{"href":"https:\/\/aulaabierta.arasaac.org\/fr\/wp-json\/wp\/v2\/types\/page"}],"author":[{"embeddable":true,"href":"https:\/\/aulaabierta.arasaac.org\/fr\/wp-json\/wp\/v2\/users\/5"}],"replies":[{"embeddable":true,"href":"https:\/\/aulaabierta.arasaac.org\/fr\/wp-json\/wp\/v2\/comments?post=94150"}],"version-history":[{"count":9,"href":"https:\/\/aulaabierta.arasaac.org\/fr\/wp-json\/wp\/v2\/pages\/94150\/revisions"}],"predecessor-version":[{"id":136462,"href":"https:\/\/aulaabierta.arasaac.org\/fr\/wp-json\/wp\/v2\/pages\/94150\/revisions\/136462"}],"wp:featuredmedia":[{"embeddable":true,"href":"https:\/\/aulaabierta.arasaac.org\/fr\/wp-json\/wp\/v2\/media\/93283"}],"wp:attachment":[{"href":"https:\/\/aulaabierta.arasaac.org\/fr\/wp-json\/wp\/v2\/media?parent=94150"}],"curies":[{"name":"wp","href":"https:\/\/api.w.org\/{rel}","templated":true}]}}