{"id":96333,"date":"2022-09-08T11:02:14","date_gmt":"2022-09-08T10:02:14","guid":{"rendered":"https:\/\/aulaabierta.arasaac.org\/?page_id=96333"},"modified":"2023-01-28T22:16:43","modified_gmt":"2023-01-28T21:16:43","slug":"asterics-aac_instalacion_ios","status":"publish","type":"page","link":"https:\/\/aulaabierta.arasaac.org\/fr\/asterics-aac_instalacion_ios","title":{"rendered":"Comunicador din\u00e1mico Asterics AAC &#8211; Instalaci\u00f3n en iOS"},"content":{"rendered":"\n<style type=\"text\/css\" data-created_by=\"avia_inline_auto\" id=\"style-css-av-59few4t-71e08d67394fb9b58068604f8363d04d\">\n#top .av-special-heading.av-59few4t-71e08d67394fb9b58068604f8363d04d{\npadding-bottom:0;\n}\nbody .av-special-heading.av-59few4t-71e08d67394fb9b58068604f8363d04d .av-special-heading-tag .heading-char{\nfont-size:25px;\n}\n.av-special-heading.av-59few4t-71e08d67394fb9b58068604f8363d04d .av-subheading{\nfont-size:15px;\n}\n<\/style>\n<div  class='av-special-heading av-59few4t-71e08d67394fb9b58068604f8363d04d av-special-heading-h2  avia-builder-el-0  el_before_av_textblock  avia-builder-el-first '><h2 class='av-special-heading-tag'  itemprop=\"headline\"  >Asterics AAC &#8211; Instalaci\u00f3n en iOS <\/h2><div class=\"special-heading-border\"><div class=\"special-heading-inner-border\"><\/div><\/div><\/div>\n\n<style type=\"text\/css\" data-created_by=\"avia_inline_auto\" id=\"style-css-av-4x1ydbh-7adc1332dd374778683f88dad48a972c\">\n#top .av_textblock_section.av-4x1ydbh-7adc1332dd374778683f88dad48a972c .avia_textblock{\nfont-size:16px;\n}\n<\/style>\n<section  class='av_textblock_section av-4x1ydbh-7adc1332dd374778683f88dad48a972c'  itemscope=\"itemscope\" itemtype=\"https:\/\/schema.org\/CreativeWork\" ><div class='avia_textblock'  itemprop=\"text\" ><p><strong>Asterics AAC<\/strong> es un <strong>comunicador web (webapp) multiplataforma<\/strong>, lo que implica que funciona teniendo siempre como base un <strong>navegador web <\/strong>con la ventaja de que\u00a0<strong>almacena todos los datos en el dispositivo<\/strong> que estamos utilizando (ordenador, tablet o smartphone).<\/p>\n<p>Esta ventaja permite su <strong>funcionamiento offline <\/strong>(sin conexi\u00f3n a Internet) tras la primera conexi\u00f3n y descarga inicial de los datos. Tambi\u00e9n tenemos la posibilidad de <strong>instalarlo como si fuera una aplicaci\u00f3n nativa<\/strong> (aunque siga siendo una <strong>webapp<\/strong>), es decir, su funcionamiento ser\u00e1 el mismo que el de cualquier otra aplicaci\u00f3n que hayamos instalado en nuestro ordenador o dispositivo. Esto ofrece como ventaja adicional la visualizaci\u00f3n a pantalla completa y sin que se vea el navegador, es decir, como si fuera una APP nativa que hemos descargado e instalado.<\/p>\n<p>En este tutorial, vamos a explicar c\u00f3mo <strong>instalar Asterics AAC en dispositivos m\u00f3viles y tablets<\/strong> con sistema operativo <strong>iOS<\/strong>.<\/p>\n<p>Una vez instalado, aparecer\u00e1 un <strong>icono en el escritorio<\/strong> que nos permitir\u00e1 lanzar el comunicador como si fuera una app, sin visualizar el navegador sobre el que se ejecuta.<\/p>\n<\/div><\/section>\n\n<style type=\"text\/css\" data-created_by=\"avia_inline_auto\" id=\"style-css-av-4g0llwt-68ce47b9a00bf4e750e5390a809ff9a2\">\n#top .av-special-heading.av-4g0llwt-68ce47b9a00bf4e750e5390a809ff9a2{\npadding-bottom:0;\n}\nbody .av-special-heading.av-4g0llwt-68ce47b9a00bf4e750e5390a809ff9a2 .av-special-heading-tag .heading-char{\nfont-size:25px;\n}\n.av-special-heading.av-4g0llwt-68ce47b9a00bf4e750e5390a809ff9a2 .av-subheading{\nfont-size:15px;\n}\n<\/style>\n<div  class='av-special-heading av-4g0llwt-68ce47b9a00bf4e750e5390a809ff9a2 av-special-heading-h2  avia-builder-el-2  el_after_av_textblock  el_before_av_textblock '><h2 class='av-special-heading-tag'  itemprop=\"headline\"  >Instalaci\u00f3n en el sistema operativo iOS<\/h2><div class=\"special-heading-border\"><div class=\"special-heading-inner-border\"><\/div><\/div><\/div>\n\n<style type=\"text\/css\" data-created_by=\"avia_inline_auto\" id=\"style-css-av-3wam70t-07daf9f86fba3b42d48a4bbc7138ce83\">\n#top .av_textblock_section.av-3wam70t-07daf9f86fba3b42d48a4bbc7138ce83 .avia_textblock{\nfont-size:16px;\n}\n<\/style>\n<section  class='av_textblock_section av-3wam70t-07daf9f86fba3b42d48a4bbc7138ce83'  itemscope=\"itemscope\" itemtype=\"https:\/\/schema.org\/CreativeWork\" ><div class='avia_textblock'  itemprop=\"text\" ><p>Para instalar <strong>Asterics AAC<\/strong>, como si fuera una app nativa en sistemas operativos iOS (iPhone o iPad), abrimos la p\u00e1gina web de <strong>Asterics AAC<\/strong>\u00a0en el navegador <strong>Safari<\/strong>.<\/p>\n<p>Podremos abrir <strong>Asterics AAC<\/strong> en otros navegadores y funcionar\u00e1 perfectamente en entorno web, pero no tendremos la posibilidad de instalarlo en el escritorio como si fuera una app nativa.<\/p>\n<p>Una vez abierta la web de <strong>Asterics AAC\u00a0<\/strong>en <strong>Safari<\/strong>, pulsamos en el bot\u00f3n de Opciones (1) &#8230;<\/p>\n<p><img loading=\"lazy\" decoding=\"async\" class=\"aligncenter wp-image-94038\" src=\"https:\/\/aulaabierta.arasaac.org\/wp-content\/uploads\/2022\/08\/IMG_0453_2.jpg\" alt=\"\" width=\"700\" height=\"525\" srcset=\"https:\/\/aulaabierta.arasaac.org\/wp-content\/uploads\/2022\/08\/IMG_0453_2.jpg 2048w, https:\/\/aulaabierta.arasaac.org\/wp-content\/uploads\/2022\/08\/IMG_0453_2-300x225.jpg 300w, https:\/\/aulaabierta.arasaac.org\/wp-content\/uploads\/2022\/08\/IMG_0453_2-1030x773.jpg 1030w, https:\/\/aulaabierta.arasaac.org\/wp-content\/uploads\/2022\/08\/IMG_0453_2-768x576.jpg 768w, https:\/\/aulaabierta.arasaac.org\/wp-content\/uploads\/2022\/08\/IMG_0453_2-1536x1152.jpg 1536w, https:\/\/aulaabierta.arasaac.org\/wp-content\/uploads\/2022\/08\/IMG_0453_2-1500x1125.jpg 1500w, https:\/\/aulaabierta.arasaac.org\/wp-content\/uploads\/2022\/08\/IMG_0453_2-705x529.jpg 705w\" sizes=\"auto, (max-width: 700px) 100vw, 700px\" \/><\/p>\n<p>&#8230; y a continuaci\u00f3n pulsamos en <strong>A\u00f1adir a pantalla de inicio<\/strong> (2)..<\/p>\n<p><img loading=\"lazy\" decoding=\"async\" class=\"aligncenter wp-image-94043\" src=\"https:\/\/aulaabierta.arasaac.org\/wp-content\/uploads\/2022\/08\/IMG_0454_2.jpg\" alt=\"\" width=\"700\" height=\"525\" srcset=\"https:\/\/aulaabierta.arasaac.org\/wp-content\/uploads\/2022\/08\/IMG_0454_2.jpg 2048w, https:\/\/aulaabierta.arasaac.org\/wp-content\/uploads\/2022\/08\/IMG_0454_2-300x225.jpg 300w, https:\/\/aulaabierta.arasaac.org\/wp-content\/uploads\/2022\/08\/IMG_0454_2-1030x773.jpg 1030w, https:\/\/aulaabierta.arasaac.org\/wp-content\/uploads\/2022\/08\/IMG_0454_2-768x576.jpg 768w, https:\/\/aulaabierta.arasaac.org\/wp-content\/uploads\/2022\/08\/IMG_0454_2-1536x1152.jpg 1536w, https:\/\/aulaabierta.arasaac.org\/wp-content\/uploads\/2022\/08\/IMG_0454_2-1500x1125.jpg 1500w, https:\/\/aulaabierta.arasaac.org\/wp-content\/uploads\/2022\/08\/IMG_0454_2-705x529.jpg 705w\" sizes=\"auto, (max-width: 700px) 100vw, 700px\" \/><\/p>\n<p>Si volvemos al escritorio, observamos que aparece un nuevo icono llamado <strong>Grid<\/strong>.<\/p>\n<p><img loading=\"lazy\" decoding=\"async\" class=\"aligncenter wp-image-94048\" src=\"https:\/\/aulaabierta.arasaac.org\/wp-content\/uploads\/2022\/08\/IMG_0455_2.jpg\" alt=\"\" width=\"700\" height=\"525\" srcset=\"https:\/\/aulaabierta.arasaac.org\/wp-content\/uploads\/2022\/08\/IMG_0455_2.jpg 2048w, https:\/\/aulaabierta.arasaac.org\/wp-content\/uploads\/2022\/08\/IMG_0455_2-300x225.jpg 300w, https:\/\/aulaabierta.arasaac.org\/wp-content\/uploads\/2022\/08\/IMG_0455_2-1030x773.jpg 1030w, https:\/\/aulaabierta.arasaac.org\/wp-content\/uploads\/2022\/08\/IMG_0455_2-768x576.jpg 768w, https:\/\/aulaabierta.arasaac.org\/wp-content\/uploads\/2022\/08\/IMG_0455_2-1536x1152.jpg 1536w, https:\/\/aulaabierta.arasaac.org\/wp-content\/uploads\/2022\/08\/IMG_0455_2-1500x1125.jpg 1500w, https:\/\/aulaabierta.arasaac.org\/wp-content\/uploads\/2022\/08\/IMG_0455_2-705x529.jpg 705w\" sizes=\"auto, (max-width: 700px) 100vw, 700px\" \/><\/p>\n<p>Al pulsar en el icono, comprobaremos como se abre <strong>Asterics AAC<\/strong>\u00a0a <strong>pantalla completa<\/strong> y <strong>sin visualizar el navegador<\/strong>.<\/p>\n<p><img loading=\"lazy\" decoding=\"async\" class=\"aligncenter wp-image-94053\" src=\"https:\/\/aulaabierta.arasaac.org\/wp-content\/uploads\/2022\/08\/IMG_0456.jpeg\" alt=\"\" width=\"700\" height=\"525\" srcset=\"https:\/\/aulaabierta.arasaac.org\/wp-content\/uploads\/2022\/08\/IMG_0456.jpeg 2048w, https:\/\/aulaabierta.arasaac.org\/wp-content\/uploads\/2022\/08\/IMG_0456-300x225.jpeg 300w, https:\/\/aulaabierta.arasaac.org\/wp-content\/uploads\/2022\/08\/IMG_0456-1030x773.jpeg 1030w, https:\/\/aulaabierta.arasaac.org\/wp-content\/uploads\/2022\/08\/IMG_0456-768x576.jpeg 768w, https:\/\/aulaabierta.arasaac.org\/wp-content\/uploads\/2022\/08\/IMG_0456-1536x1152.jpeg 1536w, https:\/\/aulaabierta.arasaac.org\/wp-content\/uploads\/2022\/08\/IMG_0456-1500x1125.jpeg 1500w, https:\/\/aulaabierta.arasaac.org\/wp-content\/uploads\/2022\/08\/IMG_0456-705x529.jpeg 705w\" sizes=\"auto, (max-width: 700px) 100vw, 700px\" \/><\/p>\n<p>Si tenemos creados usuarios\/as en el navegador y los queremos utilizar en la nueva app, utilizaremos la opci\u00f3n de <strong>Conectar<\/strong>\u00a0 introduciendo el <strong>Nombre de usuario<\/strong> y la <strong>Contrase\u00f1a<\/strong> de cada uno de ellos\/as. Sino tenemos creados usuarios pulsaremos en \u00ab\u00a0Crear un nuevo usuario online\u00a0\u00bb.<\/p>\n<p><img loading=\"lazy\" decoding=\"async\" class=\"aligncenter wp-image-94058\" src=\"https:\/\/aulaabierta.arasaac.org\/wp-content\/uploads\/2022\/08\/IMG_0457_2.jpg\" alt=\"\" width=\"700\" height=\"525\" srcset=\"https:\/\/aulaabierta.arasaac.org\/wp-content\/uploads\/2022\/08\/IMG_0457_2.jpg 2048w, https:\/\/aulaabierta.arasaac.org\/wp-content\/uploads\/2022\/08\/IMG_0457_2-300x225.jpg 300w, https:\/\/aulaabierta.arasaac.org\/wp-content\/uploads\/2022\/08\/IMG_0457_2-1030x773.jpg 1030w, https:\/\/aulaabierta.arasaac.org\/wp-content\/uploads\/2022\/08\/IMG_0457_2-768x576.jpg 768w, https:\/\/aulaabierta.arasaac.org\/wp-content\/uploads\/2022\/08\/IMG_0457_2-1536x1152.jpg 1536w, https:\/\/aulaabierta.arasaac.org\/wp-content\/uploads\/2022\/08\/IMG_0457_2-1500x1125.jpg 1500w, https:\/\/aulaabierta.arasaac.org\/wp-content\/uploads\/2022\/08\/IMG_0457_2-705x529.jpg 705w\" sizes=\"auto, (max-width: 700px) 100vw, 700px\" \/><\/p>\n<p>Siguiendo estos pasos ya dispondremos de <strong>Asterics AAC <\/strong>como si se tratase de una app habitual de nuestro dispositivo.<\/p>\n<\/div><\/section>\n<div class='flex_column av-3o0t68d-9dd0824e3cc2fa52bf979fb6c0999737 av_one_fifth  avia-builder-el-4  el_after_av_textblock  el_before_av_one_fifth  first flex_column_div column-top-margin'     ><\/div>\n<div class='flex_column av-3225ivh-62feaa760de1d70b965f013bf2170955 av_one_fifth  avia-builder-el-5  el_after_av_one_fifth  el_before_av_one_fifth  flex_column_div column-top-margin'     ><\/div>\n<div class='flex_column av-2mh91v1-08952d01aff91aa56df1b4eaf6f4ebfb av_one_fifth  avia-builder-el-6  el_after_av_one_fifth  el_before_av_one_fifth  flex_column_div column-top-margin'     ><style type=\"text\/css\" data-created_by=\"avia_inline_auto\" id=\"style-css-av-24hlq0d-edda48d6381c6a3f48dfa6ec2550166b\">\n.avia-image-container.av-24hlq0d-edda48d6381c6a3f48dfa6ec2550166b img.avia_image{\nbox-shadow:none;\n}\n.avia-image-container.av-24hlq0d-edda48d6381c6a3f48dfa6ec2550166b .av-image-caption-overlay-center{\ncolor:#ffffff;\n}\n<\/style>\n<div  class='avia-image-container av-24hlq0d-edda48d6381c6a3f48dfa6ec2550166b av-styling- avia-align-center  avia-builder-el-7  avia-builder-el-no-sibling '   itemprop=\"image\" itemscope=\"itemscope\" itemtype=\"https:\/\/schema.org\/ImageObject\" ><div class=\"avia-image-container-inner\"><div class=\"avia-image-overlay-wrap\"><a href=\"https:\/\/aulaabierta.arasaac.org\/asterics-aac_inicio\" class='avia_image' ><img decoding=\"async\" class='wp-image-93346 avia-img-lazy-loading-not-93346 avia_image ' src=\"https:\/\/aulaabierta.arasaac.org\/wp-content\/uploads\/2022\/08\/casa-120x120-1-80x80.png\" alt='' title='casa-120x120'  height=\"80\" width=\"80\"  itemprop=\"thumbnailUrl\" srcset=\"https:\/\/aulaabierta.arasaac.org\/wp-content\/uploads\/2022\/08\/casa-120x120-1-80x80.png 80w, https:\/\/aulaabierta.arasaac.org\/wp-content\/uploads\/2022\/08\/casa-120x120-1-36x36.png 36w, https:\/\/aulaabierta.arasaac.org\/wp-content\/uploads\/2022\/08\/casa-120x120-1.png 120w\" sizes=\"(max-width: 80px) 100vw, 80px\" \/><\/a><\/div><\/div><\/div><\/div>\n<div class='flex_column av-1nd17xp-6b45efcb9dafccb61f83842de627b57d av_one_fifth  avia-builder-el-8  el_after_av_one_fifth  el_before_av_one_fifth  flex_column_div column-top-margin'     ><\/div>\n<div class='flex_column av-12sdze5-fef326c5874c08d750cff79cd0d394f4 av_one_fifth  avia-builder-el-9  el_after_av_one_fifth  el_before_av_one_full  flex_column_div column-top-margin'     ><\/div>\n<div class='flex_column av-npiy0d-c55d428557a5b1d4fb62dcbd9610c538 av_one_full  avia-builder-el-10  el_after_av_one_fifth  avia-builder-el-last  first flex_column_div column-top-margin'     ><\/div>\n","protected":false},"excerpt":{"rendered":"","protected":false},"author":5,"featured_media":93283,"parent":0,"menu_order":0,"comment_status":"closed","ping_status":"closed","template":"","meta":{"om_disable_all_campaigns":false,"_monsterinsights_skip_tracking":false,"_monsterinsights_sitenote_active":false,"_monsterinsights_sitenote_note":"","_monsterinsights_sitenote_category":0,"_uf_show_specific_survey":0,"_uf_disable_surveys":false,"footnotes":""},"class_list":["post-96333","page","type-page","status-publish","has-post-thumbnail","hentry"],"aioseo_notices":[],"_links":{"self":[{"href":"https:\/\/aulaabierta.arasaac.org\/fr\/wp-json\/wp\/v2\/pages\/96333","targetHints":{"allow":["GET"]}}],"collection":[{"href":"https:\/\/aulaabierta.arasaac.org\/fr\/wp-json\/wp\/v2\/pages"}],"about":[{"href":"https:\/\/aulaabierta.arasaac.org\/fr\/wp-json\/wp\/v2\/types\/page"}],"author":[{"embeddable":true,"href":"https:\/\/aulaabierta.arasaac.org\/fr\/wp-json\/wp\/v2\/users\/5"}],"replies":[{"embeddable":true,"href":"https:\/\/aulaabierta.arasaac.org\/fr\/wp-json\/wp\/v2\/comments?post=96333"}],"version-history":[{"count":4,"href":"https:\/\/aulaabierta.arasaac.org\/fr\/wp-json\/wp\/v2\/pages\/96333\/revisions"}],"predecessor-version":[{"id":142186,"href":"https:\/\/aulaabierta.arasaac.org\/fr\/wp-json\/wp\/v2\/pages\/96333\/revisions\/142186"}],"wp:featuredmedia":[{"embeddable":true,"href":"https:\/\/aulaabierta.arasaac.org\/fr\/wp-json\/wp\/v2\/media\/93283"}],"wp:attachment":[{"href":"https:\/\/aulaabierta.arasaac.org\/fr\/wp-json\/wp\/v2\/media?parent=96333"}],"curies":[{"name":"wp","href":"https:\/\/api.w.org\/{rel}","templated":true}]}}