{"id":110003,"date":"2022-10-30T22:56:50","date_gmt":"2022-10-30T21:56:50","guid":{"rendered":"https:\/\/aulaabierta.arasaac.org\/asterics-grid_modificare-il-testo-di-una-cella"},"modified":"2024-01-08T08:54:43","modified_gmt":"2024-01-08T07:54:43","slug":"asterics-aac_modificare-il-testo-di-una-cella","status":"publish","type":"page","link":"https:\/\/aulaabierta.arasaac.org\/it\/asterics-aac_modificare-il-testo-di-una-cella","title":{"rendered":"Comunicatore Asterics AAC &#8211; 6 &#8211; Modificare il testo di una cella"},"content":{"rendered":"\n<style type=\"text\/css\" data-created_by=\"avia_inline_auto\" id=\"style-css-av-g02wp-f757e4d17b952905ac225160d18c2647\">\n#top .av-special-heading.av-g02wp-f757e4d17b952905ac225160d18c2647{\npadding-bottom:0;\n}\nbody .av-special-heading.av-g02wp-f757e4d17b952905ac225160d18c2647 .av-special-heading-tag .heading-char{\nfont-size:25px;\n}\n.av-special-heading.av-g02wp-f757e4d17b952905ac225160d18c2647 .av-subheading{\nfont-size:15px;\n}\n<\/style>\n<div  class='av-special-heading av-g02wp-f757e4d17b952905ac225160d18c2647 av-special-heading-h2  avia-builder-el-0  el_before_av_heading  avia-builder-el-first '><h2 class='av-special-heading-tag'  itemprop=\"headline\"  >Comunicatore dinamico Asterics AAC <\/h2><div class=\"special-heading-border\"><div class=\"special-heading-inner-border\"><\/div><\/div><\/div>\n\n<style type=\"text\/css\" data-created_by=\"avia_inline_auto\" id=\"style-css-av-l6uyvnzl-b41fa79f46d9cceda8300071c5d69fd8\">\n#top .av-special-heading.av-l6uyvnzl-b41fa79f46d9cceda8300071c5d69fd8{\npadding-bottom:0;\n}\nbody .av-special-heading.av-l6uyvnzl-b41fa79f46d9cceda8300071c5d69fd8 .av-special-heading-tag .heading-char{\nfont-size:25px;\n}\n.av-special-heading.av-l6uyvnzl-b41fa79f46d9cceda8300071c5d69fd8 .av-subheading{\nfont-size:15px;\n}\n<\/style>\n<div  class='av-special-heading av-l6uyvnzl-b41fa79f46d9cceda8300071c5d69fd8 av-special-heading-h2  avia-builder-el-1  el_after_av_heading  el_before_av_textblock '><h2 class='av-special-heading-tag'  itemprop=\"headline\"  >6 &#8211; Modificare il testo di una cella<\/h2><div class=\"special-heading-border\"><div class=\"special-heading-inner-border\"><\/div><\/div><\/div>\n\n<style type=\"text\/css\" data-created_by=\"avia_inline_auto\" id=\"style-css-av-80ofsp-df25ec8e31eef2666334e6963e7d7654\">\n#top .av_textblock_section.av-80ofsp-df25ec8e31eef2666334e6963e7d7654 .avia_textblock{\nfont-size:16px;\n}\n<\/style>\n<section  class='av_textblock_section av-80ofsp-df25ec8e31eef2666334e6963e7d7654'  itemscope=\"itemscope\" itemtype=\"https:\/\/schema.org\/CreativeWork\" ><div class='avia_textblock'  itemprop=\"text\" ><p>Una volta che gi\u00e0 conosciamo i due tipi di griglie (<strong>Griglia iniziale<\/strong> e <strong>Griglia globale<\/strong>) che possiamo utilizzare nel nostro comunicatore dinamico <strong>Asterics AAC<\/strong>, creeremo una nuova cella o modificheremo una gi\u00e0 esistente per <strong>Modificare <\/strong>il <strong>contenuto<\/strong> e le <strong>propriet\u00e0<\/strong>.<\/p>\n<p>Per fare questo, clicchiamo sul tasto <strong>Modifica<\/strong> nel menu in alto.<\/p>\n<p><img loading=\"lazy\" decoding=\"async\" width=\"1251\" height=\"67\" class=\"wp-image-93745 aligncenter\" src=\"https:\/\/aulaabierta.arasaac.org\/wp-content\/uploads\/2022\/08\/Comunicador-Asterics-pictogramas-ARASAAC-26.jpg\" alt=\"\" srcset=\"https:\/\/aulaabierta.arasaac.org\/wp-content\/uploads\/2022\/08\/Comunicador-Asterics-pictogramas-ARASAAC-26.jpg 1251w, https:\/\/aulaabierta.arasaac.org\/wp-content\/uploads\/2022\/08\/Comunicador-Asterics-pictogramas-ARASAAC-26-300x16.jpg 300w, https:\/\/aulaabierta.arasaac.org\/wp-content\/uploads\/2022\/08\/Comunicador-Asterics-pictogramas-ARASAAC-26-1030x55.jpg 1030w, https:\/\/aulaabierta.arasaac.org\/wp-content\/uploads\/2022\/08\/Comunicador-Asterics-pictogramas-ARASAAC-26-768x41.jpg 768w, https:\/\/aulaabierta.arasaac.org\/wp-content\/uploads\/2022\/08\/Comunicador-Asterics-pictogramas-ARASAAC-26-705x38.jpg 705w\" sizes=\"auto, (max-width: 1251px) 100vw, 1251px\" \/><\/p>\n<p>Possiamo osservare che, dove appare il tasto <strong>Modifica<\/strong>, compare ora un nuovo tasto: <strong>Disattiva modifica<\/strong>. Una volta che abbiamo creato o modificato la nostra tabella, clicchiamo su questo tasto per tornare alla modalit\u00e0 di esecuzione precedente.<\/p>\n<p>Nel caso in cui stiamo <strong>creando una nuova tabella di comunicazione <\/strong>, le celle appariranno vuote. Clicchiamo sul tasto <strong>Altro<\/strong> e selezioniamo <strong>Nuova cella<\/strong> dal menu <strong>Nuovo<\/strong>. Possiamo anche cliccare il tasto destro del mouse sulla cella e comparir\u00e0 lo stesso menu.<\/p>\n<p><img loading=\"lazy\" decoding=\"async\" class=\"aligncenter wp-image-94098\" src=\"https:\/\/aulaabierta.arasaac.org\/wp-content\/uploads\/2022\/08\/Comunicador-Asterics-pictogramas-ARASAAC-38b.jpg\" alt=\"\" width=\"800\" height=\"353\" srcset=\"https:\/\/aulaabierta.arasaac.org\/wp-content\/uploads\/2022\/08\/Comunicador-Asterics-pictogramas-ARASAAC-38b.jpg 1592w, https:\/\/aulaabierta.arasaac.org\/wp-content\/uploads\/2022\/08\/Comunicador-Asterics-pictogramas-ARASAAC-38b-300x132.jpg 300w, https:\/\/aulaabierta.arasaac.org\/wp-content\/uploads\/2022\/08\/Comunicador-Asterics-pictogramas-ARASAAC-38b-1030x454.jpg 1030w, https:\/\/aulaabierta.arasaac.org\/wp-content\/uploads\/2022\/08\/Comunicador-Asterics-pictogramas-ARASAAC-38b-768x339.jpg 768w, https:\/\/aulaabierta.arasaac.org\/wp-content\/uploads\/2022\/08\/Comunicador-Asterics-pictogramas-ARASAAC-38b-1536x677.jpg 1536w, https:\/\/aulaabierta.arasaac.org\/wp-content\/uploads\/2022\/08\/Comunicador-Asterics-pictogramas-ARASAAC-38b-1500x661.jpg 1500w, https:\/\/aulaabierta.arasaac.org\/wp-content\/uploads\/2022\/08\/Comunicador-Asterics-pictogramas-ARASAAC-38b-705x311.jpg 705w\" sizes=\"auto, (max-width: 800px) 100vw, 800px\" \/><\/p>\n<p>Automaticamente, compare una finestra pop-up con tre schede: <strong>Generale<\/strong>, <strong>Immagini<\/strong> e <strong>Azioni<\/strong>. In ognuna di esse, definiremo il contenuto e le propriet\u00e0 della nostra nuova cella.<\/p>\n<p><img loading=\"lazy\" decoding=\"async\" class=\"aligncenter wp-image-94104\" src=\"https:\/\/aulaabierta.arasaac.org\/wp-content\/uploads\/2022\/08\/Comunicador-Asterics-pictogramas-ARASAAC-38c.jpg\" alt=\"\" width=\"800\" height=\"451\" srcset=\"https:\/\/aulaabierta.arasaac.org\/wp-content\/uploads\/2022\/08\/Comunicador-Asterics-pictogramas-ARASAAC-38c.jpg 1051w, https:\/\/aulaabierta.arasaac.org\/wp-content\/uploads\/2022\/08\/Comunicador-Asterics-pictogramas-ARASAAC-38c-300x169.jpg 300w, https:\/\/aulaabierta.arasaac.org\/wp-content\/uploads\/2022\/08\/Comunicador-Asterics-pictogramas-ARASAAC-38c-1030x580.jpg 1030w, https:\/\/aulaabierta.arasaac.org\/wp-content\/uploads\/2022\/08\/Comunicador-Asterics-pictogramas-ARASAAC-38c-768x433.jpg 768w, https:\/\/aulaabierta.arasaac.org\/wp-content\/uploads\/2022\/08\/Comunicador-Asterics-pictogramas-ARASAAC-38c-705x397.jpg 705w\" sizes=\"auto, (max-width: 800px) 100vw, 800px\" \/><\/p>\n<p>Nel caso in cui vogliamo <strong>modificare una cella di un comunicatore gi\u00e0 creato<\/strong>, comparir\u00e0 la seguente schermata.<\/p>\n<p><img loading=\"lazy\" decoding=\"async\" class=\"aligncenter wp-image-95111\" src=\"https:\/\/aulaabierta.arasaac.org\/wp-content\/uploads\/2022\/08\/Comunicador-Asterics-pictogramas-ARASAAC-35.jpg\" alt=\"\" width=\"800\" height=\"450\"><\/p>\n<p>Per <strong>modificare<\/strong> il contenuto di una <strong>cella<\/strong>, posizioniamoci su di essa e clicchiamo il <strong>tasto destro del mouse<\/strong>.<\/p>\n<p><img loading=\"lazy\" decoding=\"async\" class=\"aligncenter wp-image-95116\" src=\"https:\/\/aulaabierta.arasaac.org\/wp-content\/uploads\/2022\/08\/Comunicador-Asterics-pictogramas-ARASAAC-37.jpg\" alt=\"\" width=\"800\" height=\"451\"><\/p>\n<p>Quando si esegue questa azione, compare un menu pop-up in cui possiamo <strong>Modificare<\/strong>, <strong>Eliminare<\/strong>, <strong>Clonare<\/strong>, <strong>Eseguire un&#8217;azione<\/strong> o <strong> Spostare la cella in un&#8217;altra tabella<\/strong>.<\/p>\n<p>In questo caso, utilizziamo l&#8217;opzione <strong>Modifica<\/strong>. In questo caso, scorrendo le diverse schede, possiamo osservare che il contenuto e le propriet\u00e0 sono gi\u00e0 definiti. Dobbiamo solo modificare ci\u00f2 che ci interessa e confermare.<\/p>\n<p><img loading=\"lazy\" decoding=\"async\" class=\"aligncenter wp-image-94019\" src=\"https:\/\/aulaabierta.arasaac.org\/wp-content\/uploads\/2022\/08\/Comunicador-Asterics-pictogramas-ARASAAC-39.jpg\" alt=\"\" width=\"800\" height=\"416\" srcset=\"https:\/\/aulaabierta.arasaac.org\/wp-content\/uploads\/2022\/08\/Comunicador-Asterics-pictogramas-ARASAAC-39.jpg 1183w, https:\/\/aulaabierta.arasaac.org\/wp-content\/uploads\/2022\/08\/Comunicador-Asterics-pictogramas-ARASAAC-39-300x156.jpg 300w, https:\/\/aulaabierta.arasaac.org\/wp-content\/uploads\/2022\/08\/Comunicador-Asterics-pictogramas-ARASAAC-39-1030x535.jpg 1030w, https:\/\/aulaabierta.arasaac.org\/wp-content\/uploads\/2022\/08\/Comunicador-Asterics-pictogramas-ARASAAC-39-768x399.jpg 768w, https:\/\/aulaabierta.arasaac.org\/wp-content\/uploads\/2022\/08\/Comunicador-Asterics-pictogramas-ARASAAC-39-705x367.jpg 705w\" sizes=\"auto, (max-width: 800px) 100vw, 800px\" \/><\/p>\n<p>Consigliamo di visualizzare le diverse schede delle celle gi\u00e0 create per familiarizzare con le opzioni di modifica.<\/p>\n<p>\u00c8 molto importante sapere che <strong>tutte le modifiche<\/strong> apportate nel nostro comunicatore <strong>vengono salvate automaticamente<\/strong>. Esiste la possibilit\u00e0 di utilizzare il tasto <strong>Annulla<\/strong> se facciamo qualche modifica e non vogliamo che si salvi.<\/p>\n<p>Di seguito spiegheremo tutte le opzioni della finestra di modifica.<\/p>\n<\/div><\/section>\n\n<style type=\"text\/css\" data-created_by=\"avia_inline_auto\" id=\"style-css-av-l6x59eb1-5e724e7823506904326f0ad009010cca\">\n#top .av_textblock_section.av-l6x59eb1-5e724e7823506904326f0ad009010cca .avia_textblock{\nfont-size:16px;\n}\n<\/style>\n<section  class='av_textblock_section av-l6x59eb1-5e724e7823506904326f0ad009010cca'  itemscope=\"itemscope\" itemtype=\"https:\/\/schema.org\/CreativeWork\" ><div class='avia_textblock'  itemprop=\"text\" ><p><img loading=\"lazy\" decoding=\"async\" class=\"aligncenter wp-image-94104\" src=\"https:\/\/aulaabierta.arasaac.org\/wp-content\/uploads\/2022\/08\/Comunicador-Asterics-pictogramas-ARASAAC-38c.jpg\" alt=\"\" width=\"800\" height=\"451\" srcset=\"https:\/\/aulaabierta.arasaac.org\/wp-content\/uploads\/2022\/08\/Comunicador-Asterics-pictogramas-ARASAAC-38c.jpg 1051w, https:\/\/aulaabierta.arasaac.org\/wp-content\/uploads\/2022\/08\/Comunicador-Asterics-pictogramas-ARASAAC-38c-300x169.jpg 300w, https:\/\/aulaabierta.arasaac.org\/wp-content\/uploads\/2022\/08\/Comunicador-Asterics-pictogramas-ARASAAC-38c-1030x580.jpg 1030w, https:\/\/aulaabierta.arasaac.org\/wp-content\/uploads\/2022\/08\/Comunicador-Asterics-pictogramas-ARASAAC-38c-768x433.jpg 768w, https:\/\/aulaabierta.arasaac.org\/wp-content\/uploads\/2022\/08\/Comunicador-Asterics-pictogramas-ARASAAC-38c-705x397.jpg 705w\" sizes=\"auto, (max-width: 800px) 100vw, 800px\" \/><\/p>\n<p>Il <strong>Testo della cella<\/strong> fa rifermiento al nome dell&#8217;immagine, pittogramma o tasto di azione della cella selezionata. Questo \u00e8 il testo che apparir\u00e0 nella frase acquisita.<\/p>\n<p>Una volta riempito il testo della cella, clicchiamo sul tasto <strong>Cerca immagine<\/strong> e l&#8217;applicazione cercher\u00e0 il pittogramma o i pittogrammi corrispondenti nel database di <a href=\"https:\/\/arasaac.org\/\" target=\"_blank\" rel=\"noopener\"><strong>ARASAAC<\/strong><\/a>. In questa schermata non vengono visualizzati i pittogrammi trovati. Questi pittogrammi compariranno nella seguente scheda, denominata <strong>Immagine<\/strong>.<\/p>\n<p>Il <strong>Colore della categoria<\/strong> si riferisce al <strong>tipo di parola<\/strong> che rappresenta l&#8217;immagine o pittogramma, secondo lo <strong><a href=\"https:\/\/aulaabierta.arasaac.org\/it\/tutorial-caa-come-riconoscere-le-chiavi-di-colore-dei-pittogrammi\" target=\"_blank\" rel=\"noopener\">schema di Fitzgerald<\/a><\/strong>.<\/p>\n<p>Il <strong>Colore dello sfondo personalizzato<\/strong> ci permette di selezionare un colore qualsiasi oltre la chiave predefinita.<\/p>\n<p>Infine, <strong>Nascondi la cella <\/strong>si usa, come suggerisce il nome, in modo che la cella non appaia sulla schermata della tabella.<\/p>\n<p>Vediamo un esempio.<\/p>\n<p>Scriviamo la parola <strong>BAMBINA <\/strong>nel <strong>Testo della cella.<\/strong><\/p>\n<p>Se desideriamo che lo sfondo della cella appaia colorato secondo la chiave di Fitzgerald, selezioniamo <strong>Sostantivo<\/strong> nella scheda del <strong>Colore della categoria<\/strong>. Se non selezioniamo alcuna opzione, lo sfondo della cella apparir\u00e0 bianco. Possiamo anche personalizzare il colore della cella, cliccando il riquadro <strong>Colore di sfondo personalizzato<\/strong>. Se non ci interessa il colore selezionato, possiamo utilizzare l&#8217;opzione <strong>Cancella<\/strong>.<\/p>\n<p>Infine, abbiamo due opzioni per continuare.<\/p>\n<p>Pu\u00f2 succedere che ci interessi selezionare un&#8217;immagine dal nostro dispositivo o cercare un pittogramma al quale, successivamente, assegneremo il testo che desideriamo. In questo caso, selezioniamo la scheda <strong>Immagine<\/strong> e utilizziamo le opzioni di ricerca di questa scheda.<\/p>\n<p>Se vogliamo cercare il pittogramma associato al testo che abbiamo inserito, clicchiamo su <strong>Cerca immagini<\/strong> e si aprir\u00e0 la seguente scheda <strong>Immagine<\/strong>, mostrando tutti i pittogrammi che che hanno associata la parola <strong>BAMBINA<\/strong>.<\/p>\n<p><img loading=\"lazy\" decoding=\"async\" class=\"aligncenter wp-image-94262\" src=\"https:\/\/aulaabierta.arasaac.org\/wp-content\/uploads\/2022\/08\/Comunicador-Asterics-pictogramas-ARASAAC-38c-1.jpg\" alt=\"\" width=\"800\" height=\"450\" srcset=\"https:\/\/aulaabierta.arasaac.org\/wp-content\/uploads\/2022\/08\/Comunicador-Asterics-pictogramas-ARASAAC-38c-1.jpg 1052w, https:\/\/aulaabierta.arasaac.org\/wp-content\/uploads\/2022\/08\/Comunicador-Asterics-pictogramas-ARASAAC-38c-1-300x169.jpg 300w, https:\/\/aulaabierta.arasaac.org\/wp-content\/uploads\/2022\/08\/Comunicador-Asterics-pictogramas-ARASAAC-38c-1-1030x580.jpg 1030w, https:\/\/aulaabierta.arasaac.org\/wp-content\/uploads\/2022\/08\/Comunicador-Asterics-pictogramas-ARASAAC-38c-1-768x432.jpg 768w, https:\/\/aulaabierta.arasaac.org\/wp-content\/uploads\/2022\/08\/Comunicador-Asterics-pictogramas-ARASAAC-38c-1-705x397.jpg 705w\" sizes=\"auto, (max-width: 800px) 100vw, 800px\" \/><\/p>\n<\/div><\/section>\n<div class='flex_column av-2krg6xr-318b22cf5a7dcc17d549f6d260a48947 av_one_fifth  avia-builder-el-4  el_after_av_textblock  el_before_av_one_fifth  first flex_column_div column-top-margin'     ><style type=\"text\/css\" data-created_by=\"avia_inline_auto\" id=\"style-css-av-l6kdyooj-05a189f51ce2a16b0a807ae6d9020074\">\n.avia-image-container.av-l6kdyooj-05a189f51ce2a16b0a807ae6d9020074 img.avia_image{\nbox-shadow:none;\n}\n.avia-image-container.av-l6kdyooj-05a189f51ce2a16b0a807ae6d9020074 .av-image-caption-overlay-center{\ncolor:#ffffff;\n}\n<\/style>\n<div  class='avia-image-container av-l6kdyooj-05a189f51ce2a16b0a807ae6d9020074 av-styling- avia-align-center  avia-builder-el-5  avia-builder-el-no-sibling '   itemprop=\"image\" itemscope=\"itemscope\" itemtype=\"https:\/\/schema.org\/ImageObject\" ><div class=\"avia-image-container-inner\"><div class=\"avia-image-overlay-wrap\"><a href=\"https:\/\/aulaabierta.arasaac.org\/it\/asterics-aac_tablero-principal-y-tablero-global\" class='avia_image' ><img decoding=\"async\" class='wp-image-23881 avia-img-lazy-loading-not-23881 avia_image ' src=\"https:\/\/aulaabierta.arasaac.org\/wp-content\/uploads\/2016\/12\/before-80x80.png\" alt='' title='before'  height=\"80\" width=\"80\"  itemprop=\"thumbnailUrl\" srcset=\"https:\/\/aulaabierta.arasaac.org\/wp-content\/uploads\/2016\/12\/before-80x80.png 80w, https:\/\/aulaabierta.arasaac.org\/wp-content\/uploads\/2016\/12\/before-36x36.png 36w, https:\/\/aulaabierta.arasaac.org\/wp-content\/uploads\/2016\/12\/before-120x120.png 120w, https:\/\/aulaabierta.arasaac.org\/wp-content\/uploads\/2016\/12\/before.png 128w\" sizes=\"(max-width: 80px) 100vw, 80px\" \/><\/a><\/div><\/div><\/div><\/div>\n<div class='flex_column av-2acjjb3-72430572443564d7b3ecb332fff10556 av_one_fifth  avia-builder-el-6  el_after_av_one_fifth  el_before_av_one_fifth  flex_column_div column-top-margin'     ><\/div>\n<div class='flex_column av-5ueg0v-f5b4451085be42fd2a70550803012549 av_one_fifth  avia-builder-el-7  el_after_av_one_fifth  el_before_av_one_fifth  flex_column_div column-top-margin'     ><style type=\"text\/css\" data-created_by=\"avia_inline_auto\" id=\"style-css-av-l6ke1xda-6cf6b1baa1c683508560ffe90b99c613\">\n.avia-image-container.av-l6ke1xda-6cf6b1baa1c683508560ffe90b99c613 img.avia_image{\nbox-shadow:none;\n}\n.avia-image-container.av-l6ke1xda-6cf6b1baa1c683508560ffe90b99c613 .av-image-caption-overlay-center{\ncolor:#ffffff;\n}\n<\/style>\n<div  class='avia-image-container av-l6ke1xda-6cf6b1baa1c683508560ffe90b99c613 av-styling- avia-align-center  avia-builder-el-8  avia-builder-el-no-sibling '   itemprop=\"image\" itemscope=\"itemscope\" itemtype=\"https:\/\/schema.org\/ImageObject\" ><div class=\"avia-image-container-inner\"><div class=\"avia-image-overlay-wrap\"><a href=\"https:\/\/aulaabierta.arasaac.org\/it\/asterics-aac_inizio\" class='avia_image' ><img decoding=\"async\" class='wp-image-93347 avia-img-lazy-loading-not-93347 avia_image ' src=\"https:\/\/aulaabierta.arasaac.org\/wp-content\/uploads\/2022\/08\/casa-120x120-1-80x80.png\" alt='' title='casa-120x120'  height=\"80\" width=\"80\"  itemprop=\"thumbnailUrl\" srcset=\"https:\/\/aulaabierta.arasaac.org\/wp-content\/uploads\/2022\/08\/casa-120x120-1-80x80.png 80w, https:\/\/aulaabierta.arasaac.org\/wp-content\/uploads\/2022\/08\/casa-120x120-1-36x36.png 36w, https:\/\/aulaabierta.arasaac.org\/wp-content\/uploads\/2022\/08\/casa-120x120-1.png 120w\" sizes=\"(max-width: 80px) 100vw, 80px\" \/><\/a><\/div><\/div><\/div><\/div>\n<div class='flex_column av-126aqin-7a6e39193fa1262d0b61cdb616a4a062 av_one_fifth  avia-builder-el-9  el_after_av_one_fifth  el_before_av_one_fifth  flex_column_div column-top-margin'     ><\/div>\n<div class='flex_column av-w2yn9b-3822e7b37f6ad515aaaac5be5b29fec2 av_one_fifth  avia-builder-el-10  el_after_av_one_fifth  el_before_av_one_full  flex_column_div column-top-margin'     ><style type=\"text\/css\" data-created_by=\"avia_inline_auto\" id=\"style-css-av-l6kdzl6f-8e499a3eb32bc45cdb09f3faa5c3f81c\">\n.avia-image-container.av-l6kdzl6f-8e499a3eb32bc45cdb09f3faa5c3f81c img.avia_image{\nbox-shadow:none;\n}\n.avia-image-container.av-l6kdzl6f-8e499a3eb32bc45cdb09f3faa5c3f81c .av-image-caption-overlay-center{\ncolor:#ffffff;\n}\n<\/style>\n<div  class='avia-image-container av-l6kdzl6f-8e499a3eb32bc45cdb09f3faa5c3f81c av-styling- avia-align-center  avia-builder-el-11  avia-builder-el-no-sibling '   itemprop=\"image\" itemscope=\"itemscope\" itemtype=\"https:\/\/schema.org\/ImageObject\" ><div class=\"avia-image-container-inner\"><div class=\"avia-image-overlay-wrap\"><a href=\"https:\/\/aulaabierta.arasaac.org\/it\/asterics-aac_editar-la-imagen\" class='avia_image' ><img decoding=\"async\" class='wp-image-23882 avia-img-lazy-loading-not-23882 avia_image ' src=\"https:\/\/aulaabierta.arasaac.org\/wp-content\/uploads\/2016\/12\/next-80x80.png\" alt='' title='next'  height=\"80\" width=\"80\"  itemprop=\"thumbnailUrl\" srcset=\"https:\/\/aulaabierta.arasaac.org\/wp-content\/uploads\/2016\/12\/next-80x80.png 80w, https:\/\/aulaabierta.arasaac.org\/wp-content\/uploads\/2016\/12\/next-36x36.png 36w, https:\/\/aulaabierta.arasaac.org\/wp-content\/uploads\/2016\/12\/next-120x120.png 120w, https:\/\/aulaabierta.arasaac.org\/wp-content\/uploads\/2016\/12\/next.png 128w\" sizes=\"(max-width: 80px) 100vw, 80px\" \/><\/a><\/div><\/div><\/div><\/div>\n<div class='flex_column av-vtfpkv-8fb9bef4cb06de80cef16013e631f9a4 av_one_full  avia-builder-el-12  el_after_av_one_fifth  avia-builder-el-last  first flex_column_div column-top-margin'     ><\/div>\n","protected":false},"excerpt":{"rendered":"","protected":false},"author":5,"featured_media":93286,"parent":0,"menu_order":0,"comment_status":"open","ping_status":"open","template":"","meta":{"om_disable_all_campaigns":false,"_monsterinsights_skip_tracking":false,"_monsterinsights_sitenote_active":false,"_monsterinsights_sitenote_note":"","_monsterinsights_sitenote_category":0,"_uf_show_specific_survey":0,"_uf_disable_surveys":false,"footnotes":""},"class_list":["post-110003","page","type-page","status-publish","has-post-thumbnail","hentry"],"aioseo_notices":[],"_links":{"self":[{"href":"https:\/\/aulaabierta.arasaac.org\/it\/wp-json\/wp\/v2\/pages\/110003","targetHints":{"allow":["GET"]}}],"collection":[{"href":"https:\/\/aulaabierta.arasaac.org\/it\/wp-json\/wp\/v2\/pages"}],"about":[{"href":"https:\/\/aulaabierta.arasaac.org\/it\/wp-json\/wp\/v2\/types\/page"}],"author":[{"embeddable":true,"href":"https:\/\/aulaabierta.arasaac.org\/it\/wp-json\/wp\/v2\/users\/5"}],"replies":[{"embeddable":true,"href":"https:\/\/aulaabierta.arasaac.org\/it\/wp-json\/wp\/v2\/comments?post=110003"}],"version-history":[{"count":47,"href":"https:\/\/aulaabierta.arasaac.org\/it\/wp-json\/wp\/v2\/pages\/110003\/revisions"}],"predecessor-version":[{"id":147780,"href":"https:\/\/aulaabierta.arasaac.org\/it\/wp-json\/wp\/v2\/pages\/110003\/revisions\/147780"}],"wp:featuredmedia":[{"embeddable":true,"href":"https:\/\/aulaabierta.arasaac.org\/it\/wp-json\/wp\/v2\/media\/93286"}],"wp:attachment":[{"href":"https:\/\/aulaabierta.arasaac.org\/it\/wp-json\/wp\/v2\/media?parent=110003"}],"curies":[{"name":"wp","href":"https:\/\/api.w.org\/{rel}","templated":true}]}}