{"id":66847,"date":"2014-09-26T17:23:32","date_gmt":"2014-09-26T17:23:32","guid":{"rendered":"https:\/\/aulaabierta.arasaac.org\/about"},"modified":"2024-04-18T21:29:23","modified_gmt":"2024-04-18T20:29:23","slug":"riguardo","status":"publish","type":"page","link":"https:\/\/aulaabierta.arasaac.org\/it\/riguardo","title":{"rendered":"Riguardo.."},"content":{"rendered":"<div id='av-layout-grid-1'  class='av-layout-grid-container av-3v6ej6-2210c3672caa25cd2fa421f1ed6eec1d entry-content-wrapper main_color av-flex-cells  avia-builder-el-0  el_before_av_section  avia-builder-el-first   container_wrap fullsize'  >\n\n<style type=\"text\/css\" data-created_by=\"avia_inline_auto\" id=\"style-css-av-3rbfg2-5bf788bda7e88d928b594acbf8bd5400\">\n.flex_cell.av-3rbfg2-5bf788bda7e88d928b594acbf8bd5400{\nvertical-align:top;\n}\n.responsive #top #wrap_all .flex_cell.av-3rbfg2-5bf788bda7e88d928b594acbf8bd5400{\npadding:30px 30px 30px 30px !important;\n}\n<\/style>\n<div class='flex_cell av-3rbfg2-5bf788bda7e88d928b594acbf8bd5400 av-gridrow-cell av_one_third no_margin  avia-builder-el-1  el_before_av_cell_one_third  avia-builder-el-first ' ><div class='flex_cell_inner'><p>\n<style type=\"text\/css\" data-created_by=\"avia_inline_auto\" id=\"style-css-av-p42lm-f1ece63a694d6abb2c6fab1aa911405a\">\n#top .av-special-heading.av-p42lm-f1ece63a694d6abb2c6fab1aa911405a{\npadding-bottom:10px;\n}\nbody .av-special-heading.av-p42lm-f1ece63a694d6abb2c6fab1aa911405a .av-special-heading-tag .heading-char{\nfont-size:25px;\n}\n.av-special-heading.av-p42lm-f1ece63a694d6abb2c6fab1aa911405a .av-subheading{\nfont-size:15px;\n}\n<\/style>\n<div  class='av-special-heading av-p42lm-f1ece63a694d6abb2c6fab1aa911405a av-special-heading-h3  avia-builder-el-2  el_before_av_textblock  avia-builder-el-first '><h3 class='av-special-heading-tag'  itemprop=\"headline\"  >Cos\u2019\u00e8?<\/h3><div class=\"special-heading-border\"><div class=\"special-heading-inner-border\"><\/div><\/div><\/div><br \/>\n\n<style type=\"text\/css\" data-created_by=\"avia_inline_auto\" id=\"style-css-av-c2f6y-fca77d6bf04e0ced3f2559f6cf5daeec\">\n#top .av_textblock_section.av-c2f6y-fca77d6bf04e0ced3f2559f6cf5daeec .avia_textblock{\nfont-size:14px;\n}\n<\/style>\n<section  class='av_textblock_section av-c2f6y-fca77d6bf04e0ced3f2559f6cf5daeec'  itemscope=\"itemscope\" itemtype=\"https:\/\/schema.org\/CreativeWork\" ><div class='avia_textblock'  itemprop=\"text\" ><p><strong>L&#8217;ARASAAC Open Classroom<\/strong> \u00e8 un repository di contenuti di qualit\u00e0 relativi alla <strong>Comunicazione Aumentativa e Alternativa (AAC),<\/strong>in cui qualsiasi professionista o famiglia pu\u00f2<strong>liberamente f o o in<\/strong> tutto ci\u00f2 che riguarda<strong> documenti, strumenti software gratuiti e risorse<\/strong> che utilizzano pittogrammi <a href=\"http:\/\/www.arasaac.org\/\" target=\"_blank\" rel=\"noopener\"><strong>ARASAAC.<\/strong><\/a><\/p>\n<p>Per accedere a questa classe, <strong>non \u00e8 necessario registrarsi<\/strong> come utente e non \u00e8 necessario seguire un <strong>programma stabilito.<\/strong> L&#8217;importante \u00e8 che <strong>ogni persona sia formata in quegli argomenti di interesse,<\/strong> seguendo il proprio ritmo di apprendimento e assistendo alle proprie esigenze di formazione in ogni momento.<\/p>\n<\/div><\/section><\/p>\n<\/div><\/div>\n<style type=\"text\/css\" data-created_by=\"avia_inline_auto\" id=\"style-css-av-bh8ui-7a52a48d9dcec260c4ff29b6a640207f\">\n.flex_cell.av-bh8ui-7a52a48d9dcec260c4ff29b6a640207f{\nvertical-align:top;\nbackground-color:#f7f7f7;\n}\n.responsive #top #wrap_all .flex_cell.av-bh8ui-7a52a48d9dcec260c4ff29b6a640207f{\npadding:30px 30px 30px 30px !important;\n}\n<\/style>\n<div class='flex_cell av-bh8ui-7a52a48d9dcec260c4ff29b6a640207f av-gridrow-cell av_one_third no_margin  avia-builder-el-4  el_after_av_cell_one_third  el_before_av_cell_one_third ' ><div class='flex_cell_inner'><p>\n<style type=\"text\/css\" data-created_by=\"avia_inline_auto\" id=\"style-css-av-j21u2-8661db6b81ca1a66898b0484fef9d560\">\n#top .av-special-heading.av-j21u2-8661db6b81ca1a66898b0484fef9d560{\npadding-bottom:10px;\n}\nbody .av-special-heading.av-j21u2-8661db6b81ca1a66898b0484fef9d560 .av-special-heading-tag .heading-char{\nfont-size:25px;\n}\n.av-special-heading.av-j21u2-8661db6b81ca1a66898b0484fef9d560 .av-subheading{\nfont-size:15px;\n}\n<\/style>\n<div  class='av-special-heading av-j21u2-8661db6b81ca1a66898b0484fef9d560 av-special-heading-h3  avia-builder-el-5  el_before_av_textblock  avia-builder-el-first '><h3 class='av-special-heading-tag'  itemprop=\"headline\"  >Quali sono gli obiettivi?<\/h3><div class=\"special-heading-border\"><div class=\"special-heading-inner-border\"><\/div><\/div><\/div><br \/>\n\n<style type=\"text\/css\" data-created_by=\"avia_inline_auto\" id=\"style-css-av-2v77zm-f58c0deb7cad529ab2246c9115eef400\">\n#top .av_textblock_section.av-2v77zm-f58c0deb7cad529ab2246c9115eef400 .avia_textblock{\nfont-size:14px;\n}\n<\/style>\n<section  class='av_textblock_section av-2v77zm-f58c0deb7cad529ab2246c9115eef400'  itemscope=\"itemscope\" itemtype=\"https:\/\/schema.org\/CreativeWork\" ><div class='avia_textblock'  itemprop=\"text\" ><ol>\n<li>Offrire <strong>tutorial<\/strong> e video tutorial che <strong>spiegano<\/strong> il funzionamento dei diversi <strong>programmi, applicazioni e strumenti<\/strong> che utilizzano le risorse di <a href=\"http:\/\/www.arasaac.org\/\" target=\"_blank\" rel=\"noopener\"><strong>ARASAAC,<\/strong><\/a>nonch\u00e9 i diversi <strong>materiali<\/strong> che possono essere elaborati o adattati dal loro utilizzo.<\/li>\n<li>Presentare<strong> esempi di materiali sviluppati dagli utenti stessi<\/strong>l, organizzati per contenuti dell&#8217;area della lingua, della comunicazione e di altre aree curricolari adattate.<\/li>\n<li>Pubblicizzare diversi <strong>documenti di riferimento in Augmentative and Alternative Communication (CAA)<\/strong> preparati da prestigiosi professionisti e istituzioni.<\/li>\n<li>Espandi i contenuti del <a href=\"https:\/\/www.youtube.com\/user\/arasaac\" target=\"_blank\" rel=\"noopener\"><strong>canale Youtube<\/strong><\/a> <a href=\"http:\/\/www.arasaac.org\/\" target=\"_blank\" rel=\"noopener\"><strong>di ARASAAC<\/strong><\/a> con l&#8217;incorporazione di nuovi <strong>video tutorial.<\/strong><\/li>\n<li>Incorporare <strong>contenuti di qualit\u00e0 nel campo della CAA <\/strong>forniti da <strong>prestigiosi professionisti<\/strong> di diversi campi, che completano i contenuti preparati dal team <a href=\"http:\/\/www.arasaac.org\/\" target=\"_blank\" rel=\"noopener\"><strong>ARASAAC.<\/strong><\/a><\/li>\n<\/ol>\n<\/div><\/section><\/p>\n<\/div><\/div>\n<style type=\"text\/css\" data-created_by=\"avia_inline_auto\" id=\"style-css-av-9sp2a-f676d232bcd40cc47cf4487f980c9307\">\n.flex_cell.av-9sp2a-f676d232bcd40cc47cf4487f980c9307{\nvertical-align:top;\nbackground-color:#eaeaea;\n}\n.responsive #top #wrap_all .flex_cell.av-9sp2a-f676d232bcd40cc47cf4487f980c9307{\npadding:30px 30px 30px 30px !important;\n}\n<\/style>\n<div class='flex_cell av-9sp2a-f676d232bcd40cc47cf4487f980c9307 av-gridrow-cell av_one_third no_margin  avia-builder-el-7  el_after_av_cell_one_third  avia-builder-el-last ' ><div class='flex_cell_inner'><p>\n<style type=\"text\/css\" data-created_by=\"avia_inline_auto\" id=\"style-css-av-gwkhe-79dac4a04b63d887ca86d838e1ae755b\">\n#top .av-special-heading.av-gwkhe-79dac4a04b63d887ca86d838e1ae755b{\npadding-bottom:10px;\n}\nbody .av-special-heading.av-gwkhe-79dac4a04b63d887ca86d838e1ae755b .av-special-heading-tag .heading-char{\nfont-size:25px;\n}\n.av-special-heading.av-gwkhe-79dac4a04b63d887ca86d838e1ae755b .av-subheading{\nfont-size:15px;\n}\n<\/style>\n<div  class='av-special-heading av-gwkhe-79dac4a04b63d887ca86d838e1ae755b av-special-heading-h3  avia-builder-el-8  el_before_av_textblock  avia-builder-el-first '><h3 class='av-special-heading-tag'  itemprop=\"headline\"  >Dove \u00e8 incorniciato?<\/h3><div class=\"special-heading-border\"><div class=\"special-heading-inner-border\"><\/div><\/div><\/div><br \/>\n\n<style type=\"text\/css\" data-created_by=\"avia_inline_auto\" id=\"style-css-av-8rq1m-8e0f7a62b0395342739bc3d76c608327\">\n#top .av_textblock_section.av-8rq1m-8e0f7a62b0395342739bc3d76c608327 .avia_textblock{\nfont-size:14px;\n}\n<\/style>\n<section  class='av_textblock_section av-8rq1m-8e0f7a62b0395342739bc3d76c608327'  itemscope=\"itemscope\" itemtype=\"https:\/\/schema.org\/CreativeWork\" ><div class='avia_textblock'  itemprop=\"text\" ><p><strong>L&#8217;ARASAAC Open Classroom<\/strong> fa parte del Piano d&#8217;Azione <strong>ARASAAC,<\/strong>un progetto finanziato dal <strong>Dipartimento dell&#8217;Istruzione, della Cultura e dello Sport del Governo di Aragona <\/strong>e coordinato dalla Direzione Generale <strong>dell&#8217;Innovazione e della Formazione Professionale<\/strong> di quel dipartimento.<\/p>\n<\/div><\/section><\/p>\n<\/div><\/div><\/div>\n<style type=\"text\/css\" data-created_by=\"avia_inline_auto\" id=\"style-css-av-267c5m-cfd56f61fffeb0ec5d0c42ce945be3fe\">\n.avia-section.av-267c5m-cfd56f61fffeb0ec5d0c42ce945be3fe{\nbackground-color:#8bb200;\nbackground-image:unset;\n}\n.avia-section.av-267c5m-cfd56f61fffeb0ec5d0c42ce945be3fe .av-extra-border-element .av-extra-border-inner{\nbackground-color:#8bb200;\n}\n<\/style>\n<div id='av_section_1'  class='avia-section av-267c5m-cfd56f61fffeb0ec5d0c42ce945be3fe main_color avia-section-default avia-no-border-styling  avia-builder-el-10  el_after_av_layout_row  el_before_av_layout_row  avia-bg-style-scroll av-arrow-down-section container_wrap fullsize'  ><div class='container av-section-cont-open' ><div class='template-page content  av-content-full alpha units'><div class='post-entry post-entry-type-page post-entry-66847'><div class='entry-content-wrapper clearfix'>\n<div class='flex_column av-23gj22-b46358c03ff179cf67b59ded606d1327 av_one_fourth  avia-builder-el-11  el_before_av_one_fourth  avia-builder-el-first  first flex_column_div '     ><div  class=\"avia-animated-number av-719l6-9445a4fbb318b167eda41930c4dc570a av-force-default-color avia_animate_when_visible  avia-builder-el-12  avia-builder-el-no-sibling  avia-color-font-light \" data-timer=\"3000\"><strong class=\"heading avia-animated-number-title\"><span class=\"avia-single-number __av-single-number\" data-number_format=\"\" data-number=\"60\" data-start_from=\"0\">60<\/span><\/strong><div class=\"avia-animated-number-content\"><p>Video tutorial<\/p>\n<\/div><\/div><\/div><div class='flex_column av-1p5ag2-cdbfdeb31f9650ca3e027fc82e7b07fa av_one_fourth  avia-builder-el-13  el_after_av_one_fourth  el_before_av_one_fourth  flex_column_div '     ><div  class=\"avia-animated-number av-1m0ulu-d56ac163ce99a43069392b7529b237dc av-force-default-color avia_animate_when_visible  avia-builder-el-14  avia-builder-el-no-sibling  avia-color-font-light \" data-timer=\"3000\"><strong class=\"heading avia-animated-number-title\"><span class=\"avia-single-number __av-single-number\" data-number_format=\"\" data-number=\"17\" data-start_from=\"0\">17<\/span><\/strong><div class=\"avia-animated-number-content\"><p>Programmi<\/p>\n<\/div><\/div><\/div><div class='flex_column av-1drcqa-ce28ad6170fb465cab7e245ad0582166 av_one_fourth  avia-builder-el-15  el_after_av_one_fourth  el_before_av_one_fourth  flex_column_div '     ><div  class=\"avia-animated-number av-4anfm-5212a2080c88e8013250a03b49e726fa av-force-default-color avia_animate_when_visible  avia-builder-el-16  avia-builder-el-no-sibling  avia-color-font-light \" data-timer=\"3000\"><strong class=\"heading avia-animated-number-title\"><span class=\"avia-single-number __av-single-number\" data-number_format=\"\" data-number=\"12\" data-start_from=\"0\">12<\/span><\/strong><div class=\"avia-animated-number-content\"><p>Documenti AAC<\/p>\n<\/div><\/div><\/div><div class='flex_column av-13ze7e-31c985cb8bb587fe53f6afb673664def av_one_fourth  avia-builder-el-17  el_after_av_one_fourth  avia-builder-el-last  flex_column_div '     ><div  class=\"avia-animated-number av-z4spm-2dbed748fa3a64d778eda23146294928 av-force-default-color avia_animate_when_visible  avia-builder-el-18  avia-builder-el-no-sibling  avia-color-font-light \" data-timer=\"3000\"><strong class=\"heading avia-animated-number-title\"><span class=\"avia-single-number __av-single-number\" data-number_format=\"\" data-number=\"33\" data-start_from=\"0\">33<\/span><\/strong><div class=\"avia-animated-number-content\"><p>Libri<\/p>\n<\/div><\/div><\/div>\n<\/p>\n<\/div><\/div><\/div><!-- close content main div --><\/div><div class='av-extra-border-element border-extra-arrow-down'><div class='av-extra-border-outer'><div class='av-extra-border-inner'><\/div><\/div><\/div><\/div><div id='av-layout-grid-2'  class='av-layout-grid-container av-t03hu-d2f307bb8fe5788992ebbb9e34434c1f entry-content-wrapper main_color av-flex-cells  avia-builder-el-19  el_after_av_section  avia-builder-el-last  grid-row-not-first  container_wrap fullsize'  >\n\n<style type=\"text\/css\" data-created_by=\"avia_inline_auto\" id=\"style-css-av-iy336-d0f75b8a3bc60fdb3c8ed4037d2b9a97\">\n.flex_cell.av-iy336-d0f75b8a3bc60fdb3c8ed4037d2b9a97{\nvertical-align:top;\n}\n.responsive #top #wrap_all .flex_cell.av-iy336-d0f75b8a3bc60fdb3c8ed4037d2b9a97{\npadding:40px 40px 40px 40px !important;\n}\n<\/style>\n<div class='flex_cell av-iy336-d0f75b8a3bc60fdb3c8ed4037d2b9a97 av-gridrow-cell av_one_full no_margin  avia-builder-el-20  avia-builder-el-no-sibling ' ><div class='flex_cell_inner'><p>\n<style type=\"text\/css\" data-created_by=\"avia_inline_auto\" id=\"style-css-av-b9jua-6b89a5e17d7facdb67ff70acaacf2529\">\n#top .av-special-heading.av-b9jua-6b89a5e17d7facdb67ff70acaacf2529{\npadding-bottom:10px;\n}\nbody .av-special-heading.av-b9jua-6b89a5e17d7facdb67ff70acaacf2529 .av-special-heading-tag .heading-char{\nfont-size:25px;\n}\n.av-special-heading.av-b9jua-6b89a5e17d7facdb67ff70acaacf2529 .av-subheading{\nfont-size:15px;\n}\n<\/style>\n<div  class='av-special-heading av-b9jua-6b89a5e17d7facdb67ff70acaacf2529 av-special-heading-h3  avia-builder-el-21  el_before_av_textblock  avia-builder-el-first '><h3 class='av-special-heading-tag'  itemprop=\"headline\"  >Perch\u00e9 un\u2019Aula Aperta?<\/h3><div class=\"special-heading-border\"><div class=\"special-heading-inner-border\"><\/div><\/div><\/div><br \/>\n\n<style type=\"text\/css\" data-created_by=\"avia_inline_auto\" id=\"style-css-av-987eq-d478c9802baa63ca5ab3f0c9cfa2047b\">\n#top .av_textblock_section.av-987eq-d478c9802baa63ca5ab3f0c9cfa2047b .avia_textblock{\nfont-size:14px;\n}\n<\/style>\n<section  class='av_textblock_section av-987eq-d478c9802baa63ca5ab3f0c9cfa2047b'  itemscope=\"itemscope\" itemtype=\"https:\/\/schema.org\/CreativeWork\" ><div class='avia_textblock'  itemprop=\"text\" ><p><span style=\"font-weight: 400;\">L&#8217;idea di <strong>ARASAAC Open Classroom<\/strong> \u00e8 emerso all&#8217;inizio dell&#8217;anno accademico 16-17 a causa del <strong>domanda<\/strong> diffusa da parte di istituzioni, professionisti e famiglie, sia in Spagna che in America Latina, per formazione <strong>continua<\/strong> <strong>e aperta<\/strong> su temi legati alla <strong>Comunicazione Aumentativa e Alternativa<\/strong> <strong>(CAA)<\/strong> e con il applicazioni informatiche <strong>liberamente<\/strong> distribuite che sono state generate dalle risorse, distribuite con una licenza Creative Commons (BY-NC-SA) nel <strong>Centro Aragonese per la Comunicazione Aumentativa e Alternativa ARASAAC<\/strong> (<\/span><a href=\"http:\/\/arasaac.org\/\" target=\"_blank\" rel=\"noopener\"><span style=\"font-weight: 400;\">http:\/\/arasaac.org\/<\/span><\/a><span style=\"font-weight: 400;\">) &#8211; progetto finanziato e coordinato dal Governo di Aragona-.<\/span><\/p>\n<p><span style=\"font-weight: 400;\">Dal 2007,<strong> ARASAAC<\/strong> sta diventando un sistema di comunicazione aumentativa e alternativa (<strong>CAA<\/strong>) di <strong>riconosciuto prestigio nazionale ed internazionale<\/strong> e, attualmente, \u00e8 utilizzato in molti paesi come SAAC di riferimento e le sue risorse sono essenziali nell&#8217;adattamento e nello sviluppo di materiali per persone con gravi difficolt\u00e0 di comunicazione e con diversit\u00e0 funzionale (autismo, disabilit\u00e0 intellettiva, afasia, ecc.). <\/span><\/p>\n<p><span style=\"font-weight: 400;\">Oltre ai materiali, la licenza Creative Commons <strong>di ARASAAC<\/strong> ha favorito la comparsa di applicazioni gratuite per PC e dispositivi mobili con una qualit\u00e0 molto contrastata e che hanno aiutato l&#8217;estensione del progetto.<\/span><\/p>\n<p><span style=\"font-weight: 400;\">Elaboratori di testi con pittogrammi (AraWord), applicazioni per elaborare schede e materiali di comunicazione (Picto Selector), comunicatori per dispositivi mobili (AraBoard, Pictodroid Lite, Letmetalk, CPA), generatori di agende personalizzate per lavorare sull&#8217;anticipazione (PictogramAgenda), ecc., Sono applicazioni utilizzate quotidianamente dall&#8217;intera comunit\u00e0 educativa, anche se dobbiamo anche affermare <strong>ARASAAC<\/strong> ha fatto il salto in altri ambiti molto importanti come quello sanitario (adeguamento dei protocolli con pittogrammi o utilizzo di comunicatori da parte delle persone colpite da ictus) o della segnaletica degli spazi pubblici da parte di molti comuni.<\/span><\/p>\n<p><span style=\"font-weight: 400;\"> Sebbene tutte queste risorse informatiche siano state sviluppate in base alla massima usabilit\u00e0 per l&#8217;utente finale, \u00e8 vero che c&#8217;\u00e8 una diffusa richiesta di formazione per imparare a usarle e ottenere il massimo da ciascuna di esse.<\/span><\/p>\n<p><span style=\"font-weight: 400;\">Pertanto, all&#8217;interno della traiettoria che hai seguito <strong>ARASAAC<\/strong> In tutti questi anni, gli autori di questo progetto credono che sia una responsabilit\u00e0 che dobbiamo assumerci <strong>offrire contenuti formativi di qualit\u00e0<\/strong> su argomenti relativi alle risorse per la CAA e, allo stesso tempo, impedire ad altre persone di fare affari lucrosi con queste risorse attraverso corsi online con contenuti legati alla CAA <strong>ARASAAC <\/strong>e le risorse generate dal progetto. <\/span><\/p>\n<p><span style=\"font-weight: 400;\">In questa Aula Virtuale si sottesie anche la filosofia originale del progetto: <strong>&#8220;la comunicazione \u00e8 un diritto per tutte le persone&#8221;.<\/strong> Pertanto, sembra opportuno offrire formazione a qualsiasi persona o professionista che ne abbia bisogno per prendersi cura del proprio studente o del proprio figlio. Persone ben formate garantiranno un&#8217;adeguata attenzione alle persone che hanno bisogno di queste risorse per migliorare la loro qualit\u00e0 di vita.<\/span><\/p>\n<\/div><\/section><\/p>\n<\/div><\/div><\/div>\n","protected":false},"excerpt":{"rendered":"","protected":false},"author":5,"featured_media":0,"parent":0,"menu_order":0,"comment_status":"open","ping_status":"open","template":"","meta":{"om_disable_all_campaigns":false,"_monsterinsights_skip_tracking":false,"_monsterinsights_sitenote_active":false,"_monsterinsights_sitenote_note":"","_monsterinsights_sitenote_category":0,"_uf_show_specific_survey":0,"_uf_disable_surveys":false,"footnotes":""},"class_list":["post-66847","page","type-page","status-publish","hentry"],"aioseo_notices":[],"_links":{"self":[{"href":"https:\/\/aulaabierta.arasaac.org\/it\/wp-json\/wp\/v2\/pages\/66847","targetHints":{"allow":["GET"]}}],"collection":[{"href":"https:\/\/aulaabierta.arasaac.org\/it\/wp-json\/wp\/v2\/pages"}],"about":[{"href":"https:\/\/aulaabierta.arasaac.org\/it\/wp-json\/wp\/v2\/types\/page"}],"author":[{"embeddable":true,"href":"https:\/\/aulaabierta.arasaac.org\/it\/wp-json\/wp\/v2\/users\/5"}],"replies":[{"embeddable":true,"href":"https:\/\/aulaabierta.arasaac.org\/it\/wp-json\/wp\/v2\/comments?post=66847"}],"version-history":[{"count":27,"href":"https:\/\/aulaabierta.arasaac.org\/it\/wp-json\/wp\/v2\/pages\/66847\/revisions"}],"predecessor-version":[{"id":148167,"href":"https:\/\/aulaabierta.arasaac.org\/it\/wp-json\/wp\/v2\/pages\/66847\/revisions\/148167"}],"wp:attachment":[{"href":"https:\/\/aulaabierta.arasaac.org\/it\/wp-json\/wp\/v2\/media?parent=66847"}],"curies":[{"name":"wp","href":"https:\/\/api.w.org\/{rel}","templated":true}]}}