{"id":66859,"date":"2016-12-15T09:21:35","date_gmt":"2016-12-15T09:21:35","guid":{"rendered":"https:\/\/aulaabierta.arasaac.org\/condiciones-de-uso"},"modified":"2023-02-09T11:13:50","modified_gmt":"2023-02-09T10:13:50","slug":"condizioni-duso","status":"publish","type":"page","link":"https:\/\/aulaabierta.arasaac.org\/it\/condizioni-duso","title":{"rendered":"Condizioni d&#8217;uso"},"content":{"rendered":"\n<style type=\"text\/css\" data-created_by=\"avia_inline_auto\" id=\"style-css-av-1ryfi-9b1d186aaadf32457600b79a64f5dfa8\">\n#top .av-special-heading.av-1ryfi-9b1d186aaadf32457600b79a64f5dfa8{\npadding-bottom:10px;\n}\nbody .av-special-heading.av-1ryfi-9b1d186aaadf32457600b79a64f5dfa8 .av-special-heading-tag .heading-char{\nfont-size:25px;\n}\n.av-special-heading.av-1ryfi-9b1d186aaadf32457600b79a64f5dfa8 .av-subheading{\nfont-size:15px;\n}\n<\/style>\n<div  class='av-special-heading av-1ryfi-9b1d186aaadf32457600b79a64f5dfa8 av-special-heading-h3  avia-builder-el-0  el_before_av_textblock  avia-builder-el-first '><h3 class='av-special-heading-tag'  itemprop=\"headline\"  >Condizioni d\u2019uso<\/h3><div class=\"special-heading-border\"><div class=\"special-heading-inner-border\"><\/div><\/div><\/div>\n\n<style type=\"text\/css\" data-created_by=\"avia_inline_auto\" id=\"style-css-av-jnfjy-47f3f0c84633c2b96efe4b7a5c32956a\">\n#top .av_textblock_section.av-jnfjy-47f3f0c84633c2b96efe4b7a5c32956a .avia_textblock{\nfont-size:14px;\n}\n<\/style>\n<section  class='av_textblock_section av-jnfjy-47f3f0c84633c2b96efe4b7a5c32956a'  itemscope=\"itemscope\" itemtype=\"https:\/\/schema.org\/CreativeWork\" ><div class='avia_textblock'  itemprop=\"text\" ><p>ARASAAC \u00e8 un marchio del governo dell&#8217;Aragona, registrato presso l&#8217;Ufficio brevetti e marchi spagnolo. La collezione di pittogrammi ARASAAC \u00e8 registrata nel Registro generale della propriet\u00e0 intellettuale (n. Deposito legale Z 901-2013) come opera collettiva a nome della Diputaci\u00f3n General de Arag\u00f3n, che l&#8217;ha redatta e divulgata in conformit\u00e0 con le disposizioni dell&#8217;articolo 8 del testo rivisto della legge sulla propriet\u00e0 intellettuale, approvato dal regio decreto legislativo 1\/1996, del 12 aprile.<\/p>\n<p>Tutte le risorse offerte nell&#8217;aula virtuale (tutorial, manuali, video tutorial, materiali e risorse) sono pubblicate sotto <a href=\"https:\/\/creativecommons.org\/licenses\/by-nc-sa\/4.0\/\" target=\"_blank\" rel=\"noopener\"><br \/>\n  <strong>licenza Creative Commons (BY-NC-SA),<\/strong><br \/>\n<\/a>autorizzandone l&#8217;uso a condizione che la fonte, l&#8217;autore, siano condivisi sotto la stessa licenza e NON NE FACCIANO USO COMMERCIALE.<\/p>\n<p>Ci\u00f2 implica che qualsiasi opera derivata elaborata dalle risorse contenute in questa Open Classroom deve essere distribuita con la stessa licenza Creative Commons (BY-NC-SA), gli autori delle risorse devono essere citati, l&#8217;origine delle stesse (Open Classroom di ARASAAC) e la licenza sotto la quale sono distribuite (Creative Commons BY-NC-SA). Due modi per fissare questo appuntamento sono:<\/p>\n<blockquote>\n<p><i>&#8220;Autori<strong>dei tutorial e video tutorial:<\/strong> ARASAAC <strong>Provenienza:<\/strong> Open Classroom di ARASAAC (https:\/\/aulaabierta.arasaac.org\/) <strong>Licenza:<\/strong> CC (BY-NC-SA) <strong>Propriet\u00e0:<\/strong> Governo di Aragona&#8221;<\/i><\/p>\n<\/blockquote>\n<p>o<\/p>\n<blockquote>\n<p><i>&#8220;<em>Le risorse utilizzate sono di propriet\u00e0 del governo di Aragona e sono state create dal team ARASAAC per l&#8217;ARASAAC Open Classroom (https:\/\/aulaabierta.arasaac.org\/) che le distribuisce sotto una licenza Creative Commons (BY-NC-SA).<\/em><em>&#8220;<\/em><\/i><\/p>\n<\/blockquote>\n<p>L&#8217;uso di queste risorse all&#8217;interno di qualsiasi prodotto o pubblicazione per scopi commerciali \u00e8 quindi escluso da questa autorizzazione.<\/p>\n<p>Per qualsiasi altro utilizzo, la riproduzione totale o parziale di questi materiali con qualsiasi mezzo o procedura, compresa la reprografia e l&#8217;elaborazione informatica, \u00e8 severamente vietata, senza l&#8217;autorizzazione scritta dei proprietari del &#8220;Copyright&#8221;, ai sensi delle sanzioni stabilite dalla legge.<\/p>\n<\/div><\/section>\n\n<style type=\"text\/css\" data-created_by=\"avia_inline_auto\" id=\"style-css-av-axu7a-58c533205510971e68f2e1df0eb28082\">\n#top .av-special-heading.av-axu7a-58c533205510971e68f2e1df0eb28082{\npadding-bottom:10px;\n}\nbody .av-special-heading.av-axu7a-58c533205510971e68f2e1df0eb28082 .av-special-heading-tag .heading-char{\nfont-size:25px;\n}\n.av-special-heading.av-axu7a-58c533205510971e68f2e1df0eb28082 .av-subheading{\nfont-size:15px;\n}\n<\/style>\n<div  class='av-special-heading av-axu7a-58c533205510971e68f2e1df0eb28082 av-special-heading-h3  avia-builder-el-2  el_after_av_textblock  el_before_av_textblock '><h3 class='av-special-heading-tag'  itemprop=\"headline\"  >Disconoscimento<\/h3><div class=\"special-heading-border\"><div class=\"special-heading-inner-border\"><\/div><\/div><\/div>\n\n<style type=\"text\/css\" data-created_by=\"avia_inline_auto\" id=\"style-css-av-bl9ke-980518f447c3fc28bc0948eb8a6609ae\">\n#top .av_textblock_section.av-bl9ke-980518f447c3fc28bc0948eb8a6609ae .avia_textblock{\nfont-size:14px;\n}\n<\/style>\n<section  class='av_textblock_section av-bl9ke-980518f447c3fc28bc0948eb8a6609ae'  itemscope=\"itemscope\" itemtype=\"https:\/\/schema.org\/CreativeWork\" ><div class='avia_textblock'  itemprop=\"text\" ><p>L&#8217;Aula Aperta ARASAAC \u00e8 informativa e indicativa, e ha lo scopo di mettere a disposizione di chiunque sia interessato, informazioni e materiali per la propria formazione. Tuttavia, va notato quanto segue:<\/p>\n<ul>\n<ul>\n<ul>\n<ul>\n<ul>\n<li>Il contenuto offerto non ha effetti vincolanti per il governo di Aragona, quindi non si assume alcuna responsabilit\u00e0 per il suo contenuto.<\/li>\n<\/ul>\n<\/ul>\n<\/ul>\n<\/ul>\n<\/ul>\n<ul>\n<ul>\n<ul>\n<ul>\n<ul>\n<li>Le informazioni fornite potrebbero non essere esaustive, accurate o aggiornate.<\/li>\n<\/ul>\n<\/ul>\n<\/ul>\n<\/ul>\n<\/ul>\n<ul>\n<ul>\n<ul>\n<ul>\n<ul>\n<li>Vengono forniti collegamenti a pagine esterne sulle quali il governo dell&#8217;Aragona non ha alcun controllo e per le quali declina ogni responsabilit\u00e0.<\/li>\n<\/ul>\n<\/ul>\n<\/ul>\n<\/ul>\n<\/ul>\n<p>Il governo di Aragona non \u00e8 responsabile per l&#8217;uso improprio o negligente delle risorse contenute in questa Open Classroom fatte da terzi che superano i termini della licenza creative commons (BY-NC-SA).<\/p>\n<\/div><\/section>\n","protected":false},"excerpt":{"rendered":"","protected":false},"author":5,"featured_media":0,"parent":0,"menu_order":0,"comment_status":"closed","ping_status":"closed","template":"","meta":{"om_disable_all_campaigns":false,"_monsterinsights_skip_tracking":false,"_monsterinsights_sitenote_active":false,"_monsterinsights_sitenote_note":"","_monsterinsights_sitenote_category":0,"_uf_show_specific_survey":0,"_uf_disable_surveys":false,"footnotes":""},"class_list":["post-66859","page","type-page","status-publish","hentry"],"aioseo_notices":[],"_links":{"self":[{"href":"https:\/\/aulaabierta.arasaac.org\/it\/wp-json\/wp\/v2\/pages\/66859","targetHints":{"allow":["GET"]}}],"collection":[{"href":"https:\/\/aulaabierta.arasaac.org\/it\/wp-json\/wp\/v2\/pages"}],"about":[{"href":"https:\/\/aulaabierta.arasaac.org\/it\/wp-json\/wp\/v2\/types\/page"}],"author":[{"embeddable":true,"href":"https:\/\/aulaabierta.arasaac.org\/it\/wp-json\/wp\/v2\/users\/5"}],"replies":[{"embeddable":true,"href":"https:\/\/aulaabierta.arasaac.org\/it\/wp-json\/wp\/v2\/comments?post=66859"}],"version-history":[{"count":22,"href":"https:\/\/aulaabierta.arasaac.org\/it\/wp-json\/wp\/v2\/pages\/66859\/revisions"}],"predecessor-version":[{"id":145029,"href":"https:\/\/aulaabierta.arasaac.org\/it\/wp-json\/wp\/v2\/pages\/66859\/revisions\/145029"}],"wp:attachment":[{"href":"https:\/\/aulaabierta.arasaac.org\/it\/wp-json\/wp\/v2\/media?parent=66859"}],"curies":[{"name":"wp","href":"https:\/\/api.w.org\/{rel}","templated":true}]}}