{"id":66941,"date":"2021-05-05T07:35:57","date_gmt":"2021-05-05T06:35:57","guid":{"rendered":"https:\/\/aulaabierta.arasaac.org\/materiales-cuadro-de-busqueda"},"modified":"2023-02-09T11:13:51","modified_gmt":"2023-02-09T10:13:51","slug":"materiali-search-box","status":"publish","type":"page","link":"https:\/\/aulaabierta.arasaac.org\/it\/materiali-search-box","title":{"rendered":"Tutorial 13 &#8211; Sito ARASAAC &#8211; Materiali &#8211; Casella di ricerca"},"content":{"rendered":"<div id='av-layout-grid-1'  class='av-layout-grid-container av-pnep5h-f1b0ad97bd538c9ff01ca12a9c658404 entry-content-wrapper alternate_color av-border-cells av-flex-cells  avia-builder-el-0  el_before_av_textblock  avia-builder-el-first   container_wrap fullsize'  >\n\n<style type=\"text\/css\" data-created_by=\"avia_inline_auto\" id=\"style-css-av-orii9x-eed3c4e3301b190a8cb0365ef52132c5\">\n.flex_cell.av-orii9x-eed3c4e3301b190a8cb0365ef52132c5{\nvertical-align:top;\n}\n.responsive #top #wrap_all .flex_cell.av-orii9x-eed3c4e3301b190a8cb0365ef52132c5{\npadding:30px 30px 30px 30px !important;\n}\n<\/style>\n<div class='flex_cell av-orii9x-eed3c4e3301b190a8cb0365ef52132c5 av-gridrow-cell av_one_fifth no_margin  avia-builder-el-1  el_before_av_cell_four_fifth  avia-builder-el-first ' ><div class='flex_cell_inner'>\n<style type=\"text\/css\" data-created_by=\"avia_inline_auto\" id=\"style-css-av-28ajol-2b787b0da413f4792c4808aedaa19bff\">\n.avia-image-container.av-28ajol-2b787b0da413f4792c4808aedaa19bff img.avia_image{\nbox-shadow:none;\n}\n.avia-image-container.av-28ajol-2b787b0da413f4792c4808aedaa19bff .av-caption-image-overlay-bg{\nopacity:0.4;\nbackground-color:#000000;\n}\n.avia-image-container.av-28ajol-2b787b0da413f4792c4808aedaa19bff .av-image-caption-overlay-center{\ncolor:#ffffff;\n}\n<\/style>\n<div  class='avia-image-container av-28ajol-2b787b0da413f4792c4808aedaa19bff av-styling- avia-align-left  avia-builder-el-2  avia-builder-el-no-sibling  noHover av-overlay-on-hover'   itemprop=\"image\" itemscope=\"itemscope\" itemtype=\"https:\/\/schema.org\/ImageObject\" ><div class=\"avia-image-container-inner\"><div class=\"avia-image-overlay-wrap\"><a href=\"https:\/\/aulaabierta.arasaac.org\/it\/tutorial-web-page-arasaac\" class='avia_image' ><div class=\"av-image-caption-overlay\"><div class=\"av-caption-image-overlay-bg\"><\/div><div class=\"av-image-caption-overlay-position\"><div class=\"av-image-caption-overlay-center\"><p>Torna all&#8217;inizio<\/p>\n<\/div><\/div><\/div><img decoding=\"async\" class='wp-image-63919 avia-img-lazy-loading-not-63919 avia_image ' src=\"https:\/\/aulaabierta.arasaac.org\/wp-content\/uploads\/2021\/04\/web_nueva.png\" alt='' title='web_nueva'  height=\"500\" width=\"500\"  itemprop=\"thumbnailUrl\" srcset=\"https:\/\/aulaabierta.arasaac.org\/wp-content\/uploads\/2021\/04\/web_nueva.png 500w, https:\/\/aulaabierta.arasaac.org\/wp-content\/uploads\/2021\/04\/web_nueva-300x300.png 300w, https:\/\/aulaabierta.arasaac.org\/wp-content\/uploads\/2021\/04\/web_nueva-80x80.png 80w, https:\/\/aulaabierta.arasaac.org\/wp-content\/uploads\/2021\/04\/web_nueva-36x36.png 36w, https:\/\/aulaabierta.arasaac.org\/wp-content\/uploads\/2021\/04\/web_nueva-180x180.png 180w, https:\/\/aulaabierta.arasaac.org\/wp-content\/uploads\/2021\/04\/web_nueva-120x120.png 120w, https:\/\/aulaabierta.arasaac.org\/wp-content\/uploads\/2021\/04\/web_nueva-450x450.png 450w, https:\/\/aulaabierta.arasaac.org\/wp-content\/uploads\/2021\/04\/web_nueva-150x150.png 150w\" sizes=\"(max-width: 500px) 100vw, 500px\" \/><\/a><\/div><\/div><\/div>\n<\/div><\/div>\n<style type=\"text\/css\" data-created_by=\"avia_inline_auto\" id=\"style-css-av-kln9vp-91025341852359c5ee6404f950fd4750\">\n.flex_cell.av-kln9vp-91025341852359c5ee6404f950fd4750{\nvertical-align:middle;\n}\n.responsive #top #wrap_all .flex_cell.av-kln9vp-91025341852359c5ee6404f950fd4750{\npadding:30px 30px 30px 30px !important;\n}\n<\/style>\n<div class='flex_cell av-kln9vp-91025341852359c5ee6404f950fd4750 av-gridrow-cell av_four_fifth no_margin  avia-builder-el-3  el_after_av_cell_one_fifth  avia-builder-el-last ' ><div class='flex_cell_inner'>\n<style type=\"text\/css\" data-created_by=\"avia_inline_auto\" id=\"style-css-av-kob5hluj-a225b5a9d3e0ebc1ded9be70d955266a\">\n#top .av-special-heading.av-kob5hluj-a225b5a9d3e0ebc1ded9be70d955266a{\npadding-bottom:0;\n}\nbody .av-special-heading.av-kob5hluj-a225b5a9d3e0ebc1ded9be70d955266a .av-special-heading-tag .heading-char{\nfont-size:25px;\n}\n#top #wrap_all .av-special-heading.av-kob5hluj-a225b5a9d3e0ebc1ded9be70d955266a .av-special-heading-tag{\nfont-size:26px;\n}\n.av-special-heading.av-kob5hluj-a225b5a9d3e0ebc1ded9be70d955266a .av-subheading{\nfont-size:15px;\n}\n<\/style>\n<div  class='av-special-heading av-kob5hluj-a225b5a9d3e0ebc1ded9be70d955266a av-special-heading-h2  avia-builder-el-4  avia-builder-el-no-sibling '><h2 class='av-special-heading-tag'  itemprop=\"headline\"  >TUTORIAL 13 &#8211; SITO WEB ARASAAC &#8211; MATERIALI &#8211; CASELLA DI RICERCA<\/h2><div class=\"special-heading-border\"><div class=\"special-heading-inner-border\"><\/div><\/div><\/div>\n<\/div><\/div>\n<\/div><div id='after_grid_row_1'  class='main_color av_default_container_wrap container_wrap fullsize'  ><div class='container av-section-cont-open' ><div class='template-page content  av-content-full alpha units'><div class='post-entry post-entry-type-page post-entry-66941'><div class='entry-content-wrapper clearfix'>\n\n<style type=\"text\/css\" data-created_by=\"avia_inline_auto\" id=\"style-css-av-hrgnbp-4e9478d5f32e3b6706e12bd22f8ff4b5\">\n#top .av_textblock_section.av-hrgnbp-4e9478d5f32e3b6706e12bd22f8ff4b5 .avia_textblock{\nfont-size:16px;\n}\n<\/style>\n<section  class='av_textblock_section av-hrgnbp-4e9478d5f32e3b6706e12bd22f8ff4b5'  itemscope=\"itemscope\" itemtype=\"https:\/\/schema.org\/CreativeWork\" ><div class='avia_textblock'  itemprop=\"text\" ><h6 style=\"text-align: center;\"><img loading=\"lazy\" decoding=\"async\" class=\"aligncenter size-full wp-image-932\" src=\"https:\/\/aulaabierta.arasaac.org\/wp-content\/uploads\/2016\/12\/by-nc-sa.eu_petit.png\" alt=\"\" width=\"118\" height=\"41\">Quest&#8217;opera \u00e8 sotto licenza di <a href=\"http:\/\/creativecommons.org\/licenses\/by-nc-sa\/4.0\/\" rel=\"license\">Creative Commons Attribuzione-Non Commerciale-Condividi Allo stesso modo 4.0 Licenza Internazionale.<\/a><\/h6>\n<hr>\n<p>Una delle sezioni pi\u00f9 importanti del sito <a href=\"https:\/\/arasaac.org\/\" target=\"_blank\" rel=\"noopener\"><strong>ARASAAC<\/strong><\/a> sono i materiali condivisi dai collaboratori in modo altruistico e con la stessa licenza dei pittogrammi.<\/p>\n<p>Quando entriamo nella sezione <strong>Materiali,<\/strong>troviamo una casella di ricerca e una serie di filtri che spiegheremo in questo e nel prossimo tutorial.<\/p>\n<p>In basso, sotto la casella di ricerca e i filtri, ci concentriamo sui materiali mostrati in questa pagina che corrispondono agli <strong>ultimi 1o0 fogli di materiali<\/strong> che sono stati pubblicati, nuovi materiali o traduzioni di <strong>materiali.<\/strong> Come nel caso dei pittogrammi, troviamo l&#8217;impaginazione in alto per muoverci.<\/p>\n<p><img loading=\"lazy\" decoding=\"async\" class=\"size-large wp-image-22366 aligncenter\" src=\"https:\/\/aulaabierta.arasaac.org\/wp-content\/uploads\/2021\/05\/Busqueda_de_materiales_pictogramas_ARASAAC-1030x465.jpg\" alt=\"\" width=\"1030\" height=\"465\" srcset=\"https:\/\/aulaabierta.arasaac.org\/wp-content\/uploads\/2021\/05\/Busqueda_de_materiales_pictogramas_ARASAAC-1030x465.jpg 1030w, https:\/\/aulaabierta.arasaac.org\/wp-content\/uploads\/2021\/05\/Busqueda_de_materiales_pictogramas_ARASAAC-300x136.jpg 300w, https:\/\/aulaabierta.arasaac.org\/wp-content\/uploads\/2021\/05\/Busqueda_de_materiales_pictogramas_ARASAAC-768x347.jpg 768w, https:\/\/aulaabierta.arasaac.org\/wp-content\/uploads\/2021\/05\/Busqueda_de_materiales_pictogramas_ARASAAC-1536x694.jpg 1536w, https:\/\/aulaabierta.arasaac.org\/wp-content\/uploads\/2021\/05\/Busqueda_de_materiales_pictogramas_ARASAAC-1500x678.jpg 1500w, https:\/\/aulaabierta.arasaac.org\/wp-content\/uploads\/2021\/05\/Busqueda_de_materiales_pictogramas_ARASAAC-705x319.jpg 705w, https:\/\/aulaabierta.arasaac.org\/wp-content\/uploads\/2021\/05\/Busqueda_de_materiales_pictogramas_ARASAAC-450x203.jpg 450w, https:\/\/aulaabierta.arasaac.org\/wp-content\/uploads\/2021\/05\/Busqueda_de_materiales_pictogramas_ARASAAC.jpg 1580w\" sizes=\"auto, (max-width: 1030px) 100vw, 1030px\" \/><\/p>\n<p>Sul sito web, possiamo trovare diversi <strong>metodi di ricerca<\/strong> per individuare il materiale di cui abbiamo bisogno per il nostro lavoro quotidiano. \u00c8 importante commentare, prima di iniziare a eseguire ricerche, che il modo pi\u00f9 efficiente \u00e8 l&#8217;uso di filtri combinati con una parola, come discuteremo nel seguente tutorial.<\/p>\n<p>In questo tutorial ti guideremo nell&#8217;uso<strong>dello strumento di ricerca del testo.<\/strong> Per fare ci\u00f2, inseriamo una o pi\u00f9 parole nella casella.<\/p>\n<p><img loading=\"lazy\" decoding=\"async\" class=\"size-large wp-image-22365 aligncenter\" src=\"https:\/\/aulaabierta.arasaac.org\/wp-content\/uploads\/2021\/05\/Busqueda_de_materiales_pictogramas_ARASAAC_1-1030x469.jpg\" alt=\"\" width=\"1030\" height=\"469\" srcset=\"https:\/\/aulaabierta.arasaac.org\/wp-content\/uploads\/2021\/05\/Busqueda_de_materiales_pictogramas_ARASAAC_1-1030x469.jpg 1030w, https:\/\/aulaabierta.arasaac.org\/wp-content\/uploads\/2021\/05\/Busqueda_de_materiales_pictogramas_ARASAAC_1-300x137.jpg 300w, https:\/\/aulaabierta.arasaac.org\/wp-content\/uploads\/2021\/05\/Busqueda_de_materiales_pictogramas_ARASAAC_1-768x350.jpg 768w, https:\/\/aulaabierta.arasaac.org\/wp-content\/uploads\/2021\/05\/Busqueda_de_materiales_pictogramas_ARASAAC_1-1536x699.jpg 1536w, https:\/\/aulaabierta.arasaac.org\/wp-content\/uploads\/2021\/05\/Busqueda_de_materiales_pictogramas_ARASAAC_1-1500x683.jpg 1500w, https:\/\/aulaabierta.arasaac.org\/wp-content\/uploads\/2021\/05\/Busqueda_de_materiales_pictogramas_ARASAAC_1-705x321.jpg 705w, https:\/\/aulaabierta.arasaac.org\/wp-content\/uploads\/2021\/05\/Busqueda_de_materiales_pictogramas_ARASAAC_1-450x205.jpg 450w, https:\/\/aulaabierta.arasaac.org\/wp-content\/uploads\/2021\/05\/Busqueda_de_materiales_pictogramas_ARASAAC_1.jpg 1577w\" sizes=\"auto, (max-width: 1030px) 100vw, 1030px\" \/><\/p>\n<p>Ad esempio, se cerchiamo materiali sui colori, digitiamo questa parola nella casella di ricerca e appariranno tutti i fogli di materiale in cui la parola colori appare nel titolo o nella descrizione.<\/p>\n<p><img loading=\"lazy\" decoding=\"async\" class=\"size-large wp-image-22375 aligncenter\" src=\"https:\/\/aulaabierta.arasaac.org\/wp-content\/uploads\/2021\/05\/Busqueda_de_materiales_pictogramas_ARASAAC_2-1030x471.jpg\" alt=\"\" width=\"1030\" height=\"471\" srcset=\"https:\/\/aulaabierta.arasaac.org\/wp-content\/uploads\/2021\/05\/Busqueda_de_materiales_pictogramas_ARASAAC_2-1030x471.jpg 1030w, https:\/\/aulaabierta.arasaac.org\/wp-content\/uploads\/2021\/05\/Busqueda_de_materiales_pictogramas_ARASAAC_2-300x137.jpg 300w, https:\/\/aulaabierta.arasaac.org\/wp-content\/uploads\/2021\/05\/Busqueda_de_materiales_pictogramas_ARASAAC_2-768x351.jpg 768w, https:\/\/aulaabierta.arasaac.org\/wp-content\/uploads\/2021\/05\/Busqueda_de_materiales_pictogramas_ARASAAC_2-1536x703.jpg 1536w, https:\/\/aulaabierta.arasaac.org\/wp-content\/uploads\/2021\/05\/Busqueda_de_materiales_pictogramas_ARASAAC_2-1500x686.jpg 1500w, https:\/\/aulaabierta.arasaac.org\/wp-content\/uploads\/2021\/05\/Busqueda_de_materiales_pictogramas_ARASAAC_2-705x323.jpg 705w, https:\/\/aulaabierta.arasaac.org\/wp-content\/uploads\/2021\/05\/Busqueda_de_materiales_pictogramas_ARASAAC_2-450x206.jpg 450w, https:\/\/aulaabierta.arasaac.org\/wp-content\/uploads\/2021\/05\/Busqueda_de_materiales_pictogramas_ARASAAC_2.jpg 1580w\" sizes=\"auto, (max-width: 1030px) 100vw, 1030px\" \/><\/p>\n<p>Se inseriamo due o pi\u00f9 parole, come nel caso della coscienza fonologica, la ricerca ci mostrer\u00e0 i materiali che contengono queste due parole.<\/p>\n<p><img loading=\"lazy\" decoding=\"async\" class=\"size-large wp-image-22377 aligncenter\" src=\"https:\/\/aulaabierta.arasaac.org\/wp-content\/uploads\/2021\/05\/Busqueda_de_materiales_pictogramas_ARASAAC_3-1030x472.jpg\" alt=\"\" width=\"1030\" height=\"472\" srcset=\"https:\/\/aulaabierta.arasaac.org\/wp-content\/uploads\/2021\/05\/Busqueda_de_materiales_pictogramas_ARASAAC_3-1030x472.jpg 1030w, https:\/\/aulaabierta.arasaac.org\/wp-content\/uploads\/2021\/05\/Busqueda_de_materiales_pictogramas_ARASAAC_3-300x138.jpg 300w, https:\/\/aulaabierta.arasaac.org\/wp-content\/uploads\/2021\/05\/Busqueda_de_materiales_pictogramas_ARASAAC_3-768x352.jpg 768w, https:\/\/aulaabierta.arasaac.org\/wp-content\/uploads\/2021\/05\/Busqueda_de_materiales_pictogramas_ARASAAC_3-1536x705.jpg 1536w, https:\/\/aulaabierta.arasaac.org\/wp-content\/uploads\/2021\/05\/Busqueda_de_materiales_pictogramas_ARASAAC_3-1500x688.jpg 1500w, https:\/\/aulaabierta.arasaac.org\/wp-content\/uploads\/2021\/05\/Busqueda_de_materiales_pictogramas_ARASAAC_3-705x323.jpg 705w, https:\/\/aulaabierta.arasaac.org\/wp-content\/uploads\/2021\/05\/Busqueda_de_materiales_pictogramas_ARASAAC_3-450x206.jpg 450w, https:\/\/aulaabierta.arasaac.org\/wp-content\/uploads\/2021\/05\/Busqueda_de_materiales_pictogramas_ARASAAC_3.jpg 1574w\" sizes=\"auto, (max-width: 1030px) 100vw, 1030px\" \/><\/p>\n<p>Per restringere la ricerca, possiamo utilizzare la tabella delle citazioni nella casella di ricerca. Dobbiamo tenere presente che questo tipo di ricerca mostrer\u00e0 solo i materiali che contengono le parole tra virgolette in quell&#8217;ordine. Ad esempio, se scriviamo &#8220;agenda visiva&#8221; ci mostrer\u00e0 solo quei materiali che contengono queste due parole e in questo ordine.<\/p>\n<p><img loading=\"lazy\" decoding=\"async\" class=\"size-large wp-image-22379 aligncenter\" src=\"https:\/\/aulaabierta.arasaac.org\/wp-content\/uploads\/2021\/05\/Busqueda_de_materiales_pictogramas_ARASAAC_4-1030x434.jpg\" alt=\"\" width=\"1030\" height=\"434\" srcset=\"https:\/\/aulaabierta.arasaac.org\/wp-content\/uploads\/2021\/05\/Busqueda_de_materiales_pictogramas_ARASAAC_4-1030x434.jpg 1030w, https:\/\/aulaabierta.arasaac.org\/wp-content\/uploads\/2021\/05\/Busqueda_de_materiales_pictogramas_ARASAAC_4-300x126.jpg 300w, https:\/\/aulaabierta.arasaac.org\/wp-content\/uploads\/2021\/05\/Busqueda_de_materiales_pictogramas_ARASAAC_4-768x324.jpg 768w, https:\/\/aulaabierta.arasaac.org\/wp-content\/uploads\/2021\/05\/Busqueda_de_materiales_pictogramas_ARASAAC_4-1536x648.jpg 1536w, https:\/\/aulaabierta.arasaac.org\/wp-content\/uploads\/2021\/05\/Busqueda_de_materiales_pictogramas_ARASAAC_4-1500x632.jpg 1500w, https:\/\/aulaabierta.arasaac.org\/wp-content\/uploads\/2021\/05\/Busqueda_de_materiales_pictogramas_ARASAAC_4-705x297.jpg 705w, https:\/\/aulaabierta.arasaac.org\/wp-content\/uploads\/2021\/05\/Busqueda_de_materiales_pictogramas_ARASAAC_4-450x190.jpg 450w, https:\/\/aulaabierta.arasaac.org\/wp-content\/uploads\/2021\/05\/Busqueda_de_materiales_pictogramas_ARASAAC_4.jpg 1575w\" sizes=\"auto, (max-width: 1030px) 100vw, 1030px\" \/><\/p>\n<p>Per questo motivo, pu\u00f2 accadere che eseguiamo ricerche tra virgolette che non ci mostrano alcun materiale. Questi tipi di ricerche richiedono una certa pratica da parte nostra e di avere familiarit\u00e0 con i materiali contenuti nel sito web.<\/p>\n<\/div><\/section>\n\n<style type=\"text\/css\" data-created_by=\"avia_inline_auto\" id=\"style-css-av-kobcw2fh-6cd8f000cc9ca17342526a1f958a3d28\">\n#top .av-special-heading.av-kobcw2fh-6cd8f000cc9ca17342526a1f958a3d28{\npadding-bottom:10px;\n}\nbody .av-special-heading.av-kobcw2fh-6cd8f000cc9ca17342526a1f958a3d28 .av-special-heading-tag .heading-char{\nfont-size:25px;\n}\n.av-special-heading.av-kobcw2fh-6cd8f000cc9ca17342526a1f958a3d28 .av-subheading{\nfont-size:15px;\n}\n<\/style>\n<div  class='av-special-heading av-kobcw2fh-6cd8f000cc9ca17342526a1f958a3d28 av-special-heading-h3  avia-builder-el-6  el_after_av_textblock  el_before_av_video '><h3 class='av-special-heading-tag'  itemprop=\"headline\"  >Video tutorial<\/h3><div class=\"special-heading-border\"><div class=\"special-heading-inner-border\"><\/div><\/div><\/div>\n<div  class='avia-video av-kobcvy4f-08c96a44e94b2cd07deab0adb44959a0 avia-video-16-9 av-no-preview-image avia-video-load-always av-lazyload-immediate av-lazyload-video-embed'  itemprop=\"video\" itemtype=\"https:\/\/schema.org\/VideoObject\"  data-original_url='https:\/\/youtu.be\/V5YfB8dOPz8'><script type='text\/html' class='av-video-tmpl'><div class='avia-iframe-wrap'><iframe loading=\"lazy\" title=\"TUTORIAL 13 \u2013 P\u00c1GINA WEB DE ARASAAC \u2013 MATERIALES - CUADRO DE B\u00daSQUEDA\" width=\"1500\" height=\"844\" src=\"https:\/\/www.youtube.com\/embed\/V5YfB8dOPz8?feature=oembed&autoplay=0&loop=0&controls=1&mute=0\" frameborder=\"0\" allow=\"accelerometer; autoplay; clipboard-write; encrypted-media; gyroscope; picture-in-picture\" allowfullscreen><\/iframe><\/div><\/script><div class='av-click-to-play-overlay'><div class=\"avia_playpause_icon\"><\/div><\/div><\/div>\n<\/div><\/div><\/div><!-- close content main div --><\/div><\/div><div id='av-layout-grid-2'  class='av-layout-grid-container av-f3tczp-cce5fbd2a42be631b2cf32320cacc69e entry-content-wrapper main_color av-border-top-bottom av-flex-cells  avia-builder-el-8  el_after_av_video  avia-builder-el-last  grid-row-not-first  container_wrap fullsize'  >\n\n<style type=\"text\/css\" data-created_by=\"avia_inline_auto\" id=\"style-css-av-dpel79-93c18472cef4c359aeea4e5f2938c84d\">\n.flex_cell.av-dpel79-93c18472cef4c359aeea4e5f2938c84d{\nvertical-align:top;\n}\n.responsive #top #wrap_all .flex_cell.av-dpel79-93c18472cef4c359aeea4e5f2938c84d{\npadding:30px 30px 30px 30px !important;\n}\n<\/style>\n<div class='flex_cell av-dpel79-93c18472cef4c359aeea4e5f2938c84d av-gridrow-cell av_one_fifth no_margin  avia-builder-el-9  el_before_av_cell_one_fifth  avia-builder-el-first ' ><div class='flex_cell_inner'>\n<style type=\"text\/css\" data-created_by=\"avia_inline_auto\" id=\"style-css-av-c9hl91-1dd3c15f99a09232d76447e59fa2eb96\">\n.avia-image-container.av-c9hl91-1dd3c15f99a09232d76447e59fa2eb96 img.avia_image{\nbox-shadow:none;\n}\n.avia-image-container.av-c9hl91-1dd3c15f99a09232d76447e59fa2eb96 .av-image-caption-overlay-center{\ncolor:#ffffff;\n}\n<\/style>\n<div  class='avia-image-container av-c9hl91-1dd3c15f99a09232d76447e59fa2eb96 av-styling- avia-align-center  avia-builder-el-10  avia-builder-el-no-sibling '   itemprop=\"image\" itemscope=\"itemscope\" itemtype=\"https:\/\/schema.org\/ImageObject\" ><div class=\"avia-image-container-inner\"><div class=\"avia-image-overlay-wrap\"><a href=\"https:\/\/aulaabierta.arasaac.org\/it\/vocabolario-nucleare-arasaac\" class='avia_image' ><img decoding=\"async\" class='wp-image-23881 avia-img-lazy-loading-not-23881 avia_image ' src=\"https:\/\/aulaabierta.arasaac.org\/wp-content\/uploads\/2016\/12\/before-80x80.png\" alt='' title='before'  height=\"80\" width=\"80\"  itemprop=\"thumbnailUrl\" srcset=\"https:\/\/aulaabierta.arasaac.org\/wp-content\/uploads\/2016\/12\/before-80x80.png 80w, https:\/\/aulaabierta.arasaac.org\/wp-content\/uploads\/2016\/12\/before-36x36.png 36w, https:\/\/aulaabierta.arasaac.org\/wp-content\/uploads\/2016\/12\/before-120x120.png 120w, https:\/\/aulaabierta.arasaac.org\/wp-content\/uploads\/2016\/12\/before.png 128w\" sizes=\"(max-width: 80px) 100vw, 80px\" \/><\/a><\/div><\/div><\/div>\n<\/div><\/div>\n<style type=\"text\/css\" data-created_by=\"avia_inline_auto\" id=\"style-css-av-ayvzqd-e087ef96d058efac08b9c959fa86365c\">\n.flex_cell.av-ayvzqd-e087ef96d058efac08b9c959fa86365c{\nvertical-align:top;\n}\n.responsive #top #wrap_all .flex_cell.av-ayvzqd-e087ef96d058efac08b9c959fa86365c{\npadding:30px 30px 30px 30px !important;\n}\n<\/style>\n<div class='flex_cell av-ayvzqd-e087ef96d058efac08b9c959fa86365c av-gridrow-cell av_one_fifth no_margin  avia-builder-el-11  el_after_av_cell_one_fifth  el_before_av_cell_one_fifth ' ><div class='flex_cell_inner'><\/div><\/div>\n<style type=\"text\/css\" data-created_by=\"avia_inline_auto\" id=\"style-css-av-9harkl-31d5fc777aae7445fb43c389af7650f1\">\n.flex_cell.av-9harkl-31d5fc777aae7445fb43c389af7650f1{\nvertical-align:top;\n}\n.responsive #top #wrap_all .flex_cell.av-9harkl-31d5fc777aae7445fb43c389af7650f1{\npadding:30px 30px 30px 30px !important;\n}\n<\/style>\n<div class='flex_cell av-9harkl-31d5fc777aae7445fb43c389af7650f1 av-gridrow-cell av_one_fifth no_margin  avia-builder-el-12  el_after_av_cell_one_fifth  el_before_av_cell_one_fifth ' ><div class='flex_cell_inner'>\n<style type=\"text\/css\" data-created_by=\"avia_inline_auto\" id=\"style-css-av-7yr8ud-f915f594768c3d21b8cda89100580f76\">\n.avia-image-container.av-7yr8ud-f915f594768c3d21b8cda89100580f76 img.avia_image{\nbox-shadow:none;\n}\n.avia-image-container.av-7yr8ud-f915f594768c3d21b8cda89100580f76 .av-image-caption-overlay-center{\ncolor:#ffffff;\n}\n<\/style>\n<div  class='avia-image-container av-7yr8ud-f915f594768c3d21b8cda89100580f76 av-styling- avia-align-center  avia-builder-el-13  avia-builder-el-no-sibling '   itemprop=\"image\" itemscope=\"itemscope\" itemtype=\"https:\/\/schema.org\/ImageObject\" ><div class=\"avia-image-container-inner\"><div class=\"avia-image-overlay-wrap\"><a href=\"https:\/\/aulaabierta.arasaac.org\/it\/tutorial-web-page-arasaac\" class='avia_image' ><img decoding=\"async\" class='wp-image-23883 avia-img-lazy-loading-not-23883 avia_image ' src=\"https:\/\/aulaabierta.arasaac.org\/wp-content\/uploads\/2016\/12\/casa-80x80.png\" alt='' title='Inizio'  height=\"80\" width=\"80\"  itemprop=\"thumbnailUrl\" srcset=\"https:\/\/aulaabierta.arasaac.org\/wp-content\/uploads\/2016\/12\/casa-80x80.png 80w, https:\/\/aulaabierta.arasaac.org\/wp-content\/uploads\/2016\/12\/casa-300x300.png 300w, https:\/\/aulaabierta.arasaac.org\/wp-content\/uploads\/2016\/12\/casa-36x36.png 36w, https:\/\/aulaabierta.arasaac.org\/wp-content\/uploads\/2016\/12\/casa-180x180.png 180w, https:\/\/aulaabierta.arasaac.org\/wp-content\/uploads\/2016\/12\/casa-120x120.png 120w, https:\/\/aulaabierta.arasaac.org\/wp-content\/uploads\/2016\/12\/casa-450x450.png 450w, https:\/\/aulaabierta.arasaac.org\/wp-content\/uploads\/2016\/12\/casa.png 500w\" sizes=\"(max-width: 80px) 100vw, 80px\" \/><\/a><\/div><\/div><\/div>\n<\/div><\/div>\n<style type=\"text\/css\" data-created_by=\"avia_inline_auto\" id=\"style-css-av-57sko5-47a26aaf10d28cd8fc05910c37cd3e22\">\n.flex_cell.av-57sko5-47a26aaf10d28cd8fc05910c37cd3e22{\nvertical-align:top;\n}\n.responsive #top #wrap_all .flex_cell.av-57sko5-47a26aaf10d28cd8fc05910c37cd3e22{\npadding:30px 30px 30px 30px !important;\n}\n<\/style>\n<div class='flex_cell av-57sko5-47a26aaf10d28cd8fc05910c37cd3e22 av-gridrow-cell av_one_fifth no_margin  avia-builder-el-14  el_after_av_cell_one_fifth  el_before_av_cell_one_fifth ' ><div class='flex_cell_inner'><\/div><\/div>\n<style type=\"text\/css\" data-created_by=\"avia_inline_auto\" id=\"style-css-av-4cgqth-c1463cdc42f3a84d07282416e31a6390\">\n.flex_cell.av-4cgqth-c1463cdc42f3a84d07282416e31a6390{\nvertical-align:top;\n}\n.responsive #top #wrap_all .flex_cell.av-4cgqth-c1463cdc42f3a84d07282416e31a6390{\npadding:30px 30px 30px 30px !important;\n}\n<\/style>\n<div class='flex_cell av-4cgqth-c1463cdc42f3a84d07282416e31a6390 av-gridrow-cell av_one_fifth no_margin  avia-builder-el-15  el_after_av_cell_one_fifth  avia-builder-el-last ' ><div class='flex_cell_inner'>\n<style type=\"text\/css\" data-created_by=\"avia_inline_auto\" id=\"style-css-av-2mnisl-2524393c0a023fbd7552542970ea105c\">\n.avia-image-container.av-2mnisl-2524393c0a023fbd7552542970ea105c img.avia_image{\nbox-shadow:none;\n}\n.avia-image-container.av-2mnisl-2524393c0a023fbd7552542970ea105c .av-image-caption-overlay-center{\ncolor:#ffffff;\n}\n<\/style>\n<div  class='avia-image-container av-2mnisl-2524393c0a023fbd7552542970ea105c av-styling- avia-align-center  avia-builder-el-16  avia-builder-el-no-sibling '   itemprop=\"image\" itemscope=\"itemscope\" itemtype=\"https:\/\/schema.org\/ImageObject\" ><div class=\"avia-image-container-inner\"><div class=\"avia-image-overlay-wrap\"><a href=\"https:\/\/aulaabierta.arasaac.org\/it\/materiali-ricerca-per-filtri\" class='avia_image' ><img decoding=\"async\" class='wp-image-23882 avia-img-lazy-loading-not-23882 avia_image ' src=\"https:\/\/aulaabierta.arasaac.org\/wp-content\/uploads\/2016\/12\/next-80x80.png\" alt='' title='next'  height=\"80\" width=\"80\"  itemprop=\"thumbnailUrl\" srcset=\"https:\/\/aulaabierta.arasaac.org\/wp-content\/uploads\/2016\/12\/next-80x80.png 80w, https:\/\/aulaabierta.arasaac.org\/wp-content\/uploads\/2016\/12\/next-36x36.png 36w, https:\/\/aulaabierta.arasaac.org\/wp-content\/uploads\/2016\/12\/next-120x120.png 120w, https:\/\/aulaabierta.arasaac.org\/wp-content\/uploads\/2016\/12\/next.png 128w\" sizes=\"(max-width: 80px) 100vw, 80px\" \/><\/a><\/div><\/div><\/div>\n<\/div><\/div>\n<\/div>\n","protected":false},"excerpt":{"rendered":"","protected":false},"author":5,"featured_media":63871,"parent":0,"menu_order":0,"comment_status":"closed","ping_status":"closed","template":"","meta":{"om_disable_all_campaigns":false,"_monsterinsights_skip_tracking":false,"_monsterinsights_sitenote_active":false,"_monsterinsights_sitenote_note":"","_monsterinsights_sitenote_category":0,"_uf_show_specific_survey":0,"_uf_disable_surveys":false,"footnotes":""},"class_list":["post-66941","page","type-page","status-publish","has-post-thumbnail","hentry"],"aioseo_notices":[],"_links":{"self":[{"href":"https:\/\/aulaabierta.arasaac.org\/it\/wp-json\/wp\/v2\/pages\/66941","targetHints":{"allow":["GET"]}}],"collection":[{"href":"https:\/\/aulaabierta.arasaac.org\/it\/wp-json\/wp\/v2\/pages"}],"about":[{"href":"https:\/\/aulaabierta.arasaac.org\/it\/wp-json\/wp\/v2\/types\/page"}],"author":[{"embeddable":true,"href":"https:\/\/aulaabierta.arasaac.org\/it\/wp-json\/wp\/v2\/users\/5"}],"replies":[{"embeddable":true,"href":"https:\/\/aulaabierta.arasaac.org\/it\/wp-json\/wp\/v2\/comments?post=66941"}],"version-history":[{"count":12,"href":"https:\/\/aulaabierta.arasaac.org\/it\/wp-json\/wp\/v2\/pages\/66941\/revisions"}],"predecessor-version":[{"id":139372,"href":"https:\/\/aulaabierta.arasaac.org\/it\/wp-json\/wp\/v2\/pages\/66941\/revisions\/139372"}],"wp:featuredmedia":[{"embeddable":true,"href":"https:\/\/aulaabierta.arasaac.org\/it\/wp-json\/wp\/v2\/media\/63871"}],"wp:attachment":[{"href":"https:\/\/aulaabierta.arasaac.org\/it\/wp-json\/wp\/v2\/media?parent=66941"}],"curies":[{"name":"wp","href":"https:\/\/api.w.org\/{rel}","templated":true}]}}