{"id":67160,"date":"2021-04-13T16:26:33","date_gmt":"2021-04-13T15:26:33","guid":{"rendered":"https:\/\/aulaabierta.arasaac.org\/personalizacion-tachado-arasaac"},"modified":"2023-02-09T11:13:53","modified_gmt":"2023-02-09T10:13:53","slug":"customization-barrato-arasaac","status":"publish","type":"page","link":"https:\/\/aulaabierta.arasaac.org\/it\/customization-barrato-arasaac","title":{"rendered":"Tutorial 8 &#8211; Sito Web ARASAAC &#8211; Personalizzazione &#8211; Barrato"},"content":{"rendered":"<div id='av-layout-grid-1'  class='av-layout-grid-container av-pnep5h-f1b0ad97bd538c9ff01ca12a9c658404 entry-content-wrapper alternate_color av-border-cells av-flex-cells  avia-builder-el-0  el_before_av_textblock  avia-builder-el-first   container_wrap fullsize'  >\n\n<style type=\"text\/css\" data-created_by=\"avia_inline_auto\" id=\"style-css-av-orii9x-eed3c4e3301b190a8cb0365ef52132c5\">\n.flex_cell.av-orii9x-eed3c4e3301b190a8cb0365ef52132c5{\nvertical-align:top;\n}\n.responsive #top #wrap_all .flex_cell.av-orii9x-eed3c4e3301b190a8cb0365ef52132c5{\npadding:30px 30px 30px 30px !important;\n}\n<\/style>\n<div class='flex_cell av-orii9x-eed3c4e3301b190a8cb0365ef52132c5 av-gridrow-cell av_one_fifth no_margin  avia-builder-el-1  el_before_av_cell_four_fifth  avia-builder-el-first ' ><div class='flex_cell_inner'>\n<style type=\"text\/css\" data-created_by=\"avia_inline_auto\" id=\"style-css-av-28ajol-2b787b0da413f4792c4808aedaa19bff\">\n.avia-image-container.av-28ajol-2b787b0da413f4792c4808aedaa19bff img.avia_image{\nbox-shadow:none;\n}\n.avia-image-container.av-28ajol-2b787b0da413f4792c4808aedaa19bff .av-caption-image-overlay-bg{\nopacity:0.4;\nbackground-color:#000000;\n}\n.avia-image-container.av-28ajol-2b787b0da413f4792c4808aedaa19bff .av-image-caption-overlay-center{\ncolor:#ffffff;\n}\n<\/style>\n<div  class='avia-image-container av-28ajol-2b787b0da413f4792c4808aedaa19bff av-styling- avia-align-left  avia-builder-el-2  avia-builder-el-no-sibling  noHover av-overlay-on-hover'   itemprop=\"image\" itemscope=\"itemscope\" itemtype=\"https:\/\/schema.org\/ImageObject\" ><div class=\"avia-image-container-inner\"><div class=\"avia-image-overlay-wrap\"><a href=\"https:\/\/aulaabierta.arasaac.org\/it\/tutorial-web-page-arasaac\" class='avia_image' ><div class=\"av-image-caption-overlay\"><div class=\"av-caption-image-overlay-bg\"><\/div><div class=\"av-image-caption-overlay-position\"><div class=\"av-image-caption-overlay-center\"><p>Torna all&#8217;inizio<\/p>\n<\/div><\/div><\/div><img decoding=\"async\" class='wp-image-63919 avia-img-lazy-loading-not-63919 avia_image ' src=\"https:\/\/aulaabierta.arasaac.org\/wp-content\/uploads\/2021\/04\/web_nueva.png\" alt='' title='web_nueva'  height=\"500\" width=\"500\"  itemprop=\"thumbnailUrl\" srcset=\"https:\/\/aulaabierta.arasaac.org\/wp-content\/uploads\/2021\/04\/web_nueva.png 500w, https:\/\/aulaabierta.arasaac.org\/wp-content\/uploads\/2021\/04\/web_nueva-300x300.png 300w, https:\/\/aulaabierta.arasaac.org\/wp-content\/uploads\/2021\/04\/web_nueva-80x80.png 80w, https:\/\/aulaabierta.arasaac.org\/wp-content\/uploads\/2021\/04\/web_nueva-36x36.png 36w, https:\/\/aulaabierta.arasaac.org\/wp-content\/uploads\/2021\/04\/web_nueva-180x180.png 180w, https:\/\/aulaabierta.arasaac.org\/wp-content\/uploads\/2021\/04\/web_nueva-120x120.png 120w, https:\/\/aulaabierta.arasaac.org\/wp-content\/uploads\/2021\/04\/web_nueva-450x450.png 450w, https:\/\/aulaabierta.arasaac.org\/wp-content\/uploads\/2021\/04\/web_nueva-150x150.png 150w\" sizes=\"(max-width: 500px) 100vw, 500px\" \/><\/a><\/div><\/div><\/div>\n<\/div><\/div>\n<style type=\"text\/css\" data-created_by=\"avia_inline_auto\" id=\"style-css-av-kln9vp-91025341852359c5ee6404f950fd4750\">\n.flex_cell.av-kln9vp-91025341852359c5ee6404f950fd4750{\nvertical-align:middle;\n}\n.responsive #top #wrap_all .flex_cell.av-kln9vp-91025341852359c5ee6404f950fd4750{\npadding:30px 30px 30px 30px !important;\n}\n<\/style>\n<div class='flex_cell av-kln9vp-91025341852359c5ee6404f950fd4750 av-gridrow-cell av_four_fifth no_margin  avia-builder-el-3  el_after_av_cell_one_fifth  avia-builder-el-last ' ><div class='flex_cell_inner'>\n<style type=\"text\/css\" data-created_by=\"avia_inline_auto\" id=\"style-css-av-odtz33-e9236a60b27d13ae7e78ee74c943761f\">\n#top .av-special-heading.av-odtz33-e9236a60b27d13ae7e78ee74c943761f{\npadding-bottom:0;\n}\nbody .av-special-heading.av-odtz33-e9236a60b27d13ae7e78ee74c943761f .av-special-heading-tag .heading-char{\nfont-size:25px;\n}\n#top #wrap_all .av-special-heading.av-odtz33-e9236a60b27d13ae7e78ee74c943761f .av-special-heading-tag{\nfont-size:26px;\n}\n.av-special-heading.av-odtz33-e9236a60b27d13ae7e78ee74c943761f .av-subheading{\nfont-size:15px;\n}\n<\/style>\n<div  class='av-special-heading av-odtz33-e9236a60b27d13ae7e78ee74c943761f av-special-heading-h2  avia-builder-el-4  avia-builder-el-no-sibling '><h2 class='av-special-heading-tag'  itemprop=\"headline\"  >TUTORIAL 8 &#8211; SITO ARASAAC &#8211; Personalizzazione &#8211; Barrato<\/h2><div class=\"special-heading-border\"><div class=\"special-heading-inner-border\"><\/div><\/div><\/div>\n<\/div><\/div>\n<\/div><div id='after_grid_row_1'  class='main_color av_default_container_wrap container_wrap fullsize'  ><div class='container av-section-cont-open' ><div class='template-page content  av-content-full alpha units'><div class='post-entry post-entry-type-page post-entry-67160'><div class='entry-content-wrapper clearfix'>\n\n<style type=\"text\/css\" data-created_by=\"avia_inline_auto\" id=\"style-css-av-hrgnbp-4e9478d5f32e3b6706e12bd22f8ff4b5\">\n#top .av_textblock_section.av-hrgnbp-4e9478d5f32e3b6706e12bd22f8ff4b5 .avia_textblock{\nfont-size:16px;\n}\n<\/style>\n<section  class='av_textblock_section av-hrgnbp-4e9478d5f32e3b6706e12bd22f8ff4b5'  itemscope=\"itemscope\" itemtype=\"https:\/\/schema.org\/CreativeWork\" ><div class='avia_textblock'  itemprop=\"text\" ><h6 style=\"text-align: center;\"><img loading=\"lazy\" decoding=\"async\" class=\"aligncenter size-full wp-image-932\" src=\"https:\/\/aulaabierta.arasaac.org\/wp-content\/uploads\/2016\/12\/by-nc-sa.eu_petit.png\" alt=\"\" width=\"118\" height=\"41\">Quest&#8217;opera \u00e8 sotto licenza di <a href=\"http:\/\/creativecommons.org\/licenses\/by-nc-sa\/4.0\/\" rel=\"license\">Creative Commons Attribuzione-Non Commerciale-Condividi Allo stesso modo 4.0 Licenza Internazionale.<\/a><\/h6>\n<hr>\n<p>In alcune occasioni, \u00e8 interessante notare che un&#8217;azione non \u00e8 appropriata o che abbiamo gi\u00e0 completato un&#8217;attivit\u00e0 della nostra agenda quotidiana. Nella <strong>schermata Personalizzazione<\/strong> dei pittogrammi <a href=\"https:\/\/arasaac.org\/\" target=\"_blank\" rel=\"noopener\"><strong>ARASAAC,<\/strong><\/p>\n<p><\/a>possiamo utilizzare l&#8217;opzione <strong>Barrato.<\/strong> Come puoi vedere, il barrato rosso \u00e8 trasparente per consentire la visualizzazione del pittogramma nella sua interezza.<\/p>\n<p><img loading=\"lazy\" decoding=\"async\" class=\"size-large wp-image-22073 aligncenter\" src=\"https:\/\/aulaabierta.arasaac.org\/wp-content\/uploads\/2021\/04\/Tachado_pictogramas_ARASAAC_1-1030x468.jpg\" alt=\"\" width=\"1030\" height=\"468\" srcset=\"https:\/\/aulaabierta.arasaac.org\/wp-content\/uploads\/2021\/04\/Tachado_pictogramas_ARASAAC_1-1030x468.jpg 1030w, https:\/\/aulaabierta.arasaac.org\/wp-content\/uploads\/2021\/04\/Tachado_pictogramas_ARASAAC_1-300x136.jpg 300w, https:\/\/aulaabierta.arasaac.org\/wp-content\/uploads\/2021\/04\/Tachado_pictogramas_ARASAAC_1-768x349.jpg 768w, https:\/\/aulaabierta.arasaac.org\/wp-content\/uploads\/2021\/04\/Tachado_pictogramas_ARASAAC_1-1536x698.jpg 1536w, https:\/\/aulaabierta.arasaac.org\/wp-content\/uploads\/2021\/04\/Tachado_pictogramas_ARASAAC_1-1500x682.jpg 1500w, https:\/\/aulaabierta.arasaac.org\/wp-content\/uploads\/2021\/04\/Tachado_pictogramas_ARASAAC_1-705x320.jpg 705w, https:\/\/aulaabierta.arasaac.org\/wp-content\/uploads\/2021\/04\/Tachado_pictogramas_ARASAAC_1-450x204.jpg 450w, https:\/\/aulaabierta.arasaac.org\/wp-content\/uploads\/2021\/04\/Tachado_pictogramas_ARASAAC_1.jpg 1580w\" sizes=\"auto, (max-width: 1030px) 100vw, 1030px\" \/><\/p>\n<p>Nell&#8217;immagine seguente, hai un esempio di una bacheca di comportamenti appropriati e inappropriati in cui abbiamo cancellato i comportamenti dirompenti e enfatizzato i comportamenti alternativi per evitarli.<\/p>\n<p><img loading=\"lazy\" decoding=\"async\" class=\" wp-image-22075 aligncenter\" src=\"https:\/\/aulaabierta.arasaac.org\/wp-content\/uploads\/2021\/04\/Tachado_pictogramas_ARASAAC_2-1030x657.jpg\" alt=\"\" width=\"669\" height=\"427\" srcset=\"https:\/\/aulaabierta.arasaac.org\/wp-content\/uploads\/2021\/04\/Tachado_pictogramas_ARASAAC_2-1030x657.jpg 1030w, https:\/\/aulaabierta.arasaac.org\/wp-content\/uploads\/2021\/04\/Tachado_pictogramas_ARASAAC_2-300x191.jpg 300w, https:\/\/aulaabierta.arasaac.org\/wp-content\/uploads\/2021\/04\/Tachado_pictogramas_ARASAAC_2-768x490.jpg 768w, https:\/\/aulaabierta.arasaac.org\/wp-content\/uploads\/2021\/04\/Tachado_pictogramas_ARASAAC_2-705x450.jpg 705w, https:\/\/aulaabierta.arasaac.org\/wp-content\/uploads\/2021\/04\/Tachado_pictogramas_ARASAAC_2-450x287.jpg 450w, https:\/\/aulaabierta.arasaac.org\/wp-content\/uploads\/2021\/04\/Tachado_pictogramas_ARASAAC_2.jpg 1186w\" sizes=\"auto, (max-width: 669px) 100vw, 669px\" \/><\/p>\n<p>Il barrato pu\u00f2 anche essere molto utile per la nostra agenda quotidiana, in cui anticipiamo le attivit\u00e0 che andremo a svolgere e, una volta che ognuna di esse \u00e8 terminata, la attraversiamo. Vi lasciamo un esempio nell&#8217;immagine seguente.<\/p>\n<p><img loading=\"lazy\" decoding=\"async\" class=\"size-large wp-image-22081 aligncenter\" src=\"https:\/\/aulaabierta.arasaac.org\/wp-content\/uploads\/2021\/04\/Tachado_pictogramas_ARASAAC_3-1030x583.jpg\" alt=\"\" width=\"1030\" height=\"583\" srcset=\"https:\/\/aulaabierta.arasaac.org\/wp-content\/uploads\/2021\/04\/Tachado_pictogramas_ARASAAC_3-1030x583.jpg 1030w, https:\/\/aulaabierta.arasaac.org\/wp-content\/uploads\/2021\/04\/Tachado_pictogramas_ARASAAC_3-300x170.jpg 300w, https:\/\/aulaabierta.arasaac.org\/wp-content\/uploads\/2021\/04\/Tachado_pictogramas_ARASAAC_3-768x435.jpg 768w, https:\/\/aulaabierta.arasaac.org\/wp-content\/uploads\/2021\/04\/Tachado_pictogramas_ARASAAC_3-705x399.jpg 705w, https:\/\/aulaabierta.arasaac.org\/wp-content\/uploads\/2021\/04\/Tachado_pictogramas_ARASAAC_3-450x255.jpg 450w, https:\/\/aulaabierta.arasaac.org\/wp-content\/uploads\/2021\/04\/Tachado_pictogramas_ARASAAC_3.jpg 1497w\" sizes=\"auto, (max-width: 1030px) 100vw, 1030px\" \/><\/p>\n<\/div><\/section>\n\n<style type=\"text\/css\" data-created_by=\"avia_inline_auto\" id=\"style-css-av-knoei43c-3e0ef98f961861d648ed46a08c87bd45\">\n#top .av-special-heading.av-knoei43c-3e0ef98f961861d648ed46a08c87bd45{\npadding-bottom:10px;\n}\nbody .av-special-heading.av-knoei43c-3e0ef98f961861d648ed46a08c87bd45 .av-special-heading-tag .heading-char{\nfont-size:25px;\n}\n.av-special-heading.av-knoei43c-3e0ef98f961861d648ed46a08c87bd45 .av-subheading{\nfont-size:15px;\n}\n<\/style>\n<div  class='av-special-heading av-knoei43c-3e0ef98f961861d648ed46a08c87bd45 av-special-heading-h3  avia-builder-el-6  el_after_av_textblock  el_before_av_video '><h3 class='av-special-heading-tag'  itemprop=\"headline\"  >Video tutorial<\/h3><div class=\"special-heading-border\"><div class=\"special-heading-inner-border\"><\/div><\/div><\/div>\n<div  class='avia-video av-knoehzbm-77da36958fcca7c0bc6154365c0ec2a2 avia-video-16-9 av-no-preview-image avia-video-load-always av-lazyload-immediate av-lazyload-video-embed'  itemprop=\"video\" itemtype=\"https:\/\/schema.org\/VideoObject\"  data-original_url='https:\/\/youtu.be\/MlBDz3tFD9o'><script type='text\/html' class='av-video-tmpl'><div class='avia-iframe-wrap'><iframe loading=\"lazy\" title=\"TUTORIAL 8 \u2013 P\u00c1GINA WEB DE ARASAAC \u2013 PICTOGRAMAS PERSONALIZADOS - TACHADO\" width=\"1500\" height=\"844\" src=\"https:\/\/www.youtube.com\/embed\/MlBDz3tFD9o?feature=oembed&autoplay=0&loop=0&controls=1&mute=0\" frameborder=\"0\" allow=\"accelerometer; autoplay; clipboard-write; encrypted-media; gyroscope; picture-in-picture\" allowfullscreen><\/iframe><\/div><\/script><div class='av-click-to-play-overlay'><div class=\"avia_playpause_icon\"><\/div><\/div><\/div>\n<\/div><\/div><\/div><!-- close content main div --><\/div><\/div><div id='av-layout-grid-2'  class='av-layout-grid-container av-f3tczp-cce5fbd2a42be631b2cf32320cacc69e entry-content-wrapper main_color av-border-top-bottom av-flex-cells  avia-builder-el-8  el_after_av_video  avia-builder-el-last  grid-row-not-first  container_wrap fullsize'  >\n\n<style type=\"text\/css\" data-created_by=\"avia_inline_auto\" id=\"style-css-av-dpel79-93c18472cef4c359aeea4e5f2938c84d\">\n.flex_cell.av-dpel79-93c18472cef4c359aeea4e5f2938c84d{\nvertical-align:top;\n}\n.responsive #top #wrap_all .flex_cell.av-dpel79-93c18472cef4c359aeea4e5f2938c84d{\npadding:30px 30px 30px 30px !important;\n}\n<\/style>\n<div class='flex_cell av-dpel79-93c18472cef4c359aeea4e5f2938c84d av-gridrow-cell av_one_fifth no_margin  avia-builder-el-9  el_before_av_cell_one_fifth  avia-builder-el-first ' ><div class='flex_cell_inner'>\n<style type=\"text\/css\" data-created_by=\"avia_inline_auto\" id=\"style-css-av-c9hl91-e91376ef7b0f3bdf6f0e41fa4bd39cf1\">\n.avia-image-container.av-c9hl91-e91376ef7b0f3bdf6f0e41fa4bd39cf1 img.avia_image{\nbox-shadow:none;\n}\n.avia-image-container.av-c9hl91-e91376ef7b0f3bdf6f0e41fa4bd39cf1 .av-image-caption-overlay-center{\ncolor:#ffffff;\n}\n<\/style>\n<div  class='avia-image-container av-c9hl91-e91376ef7b0f3bdf6f0e41fa4bd39cf1 av-styling- avia-align-center  avia-builder-el-10  avia-builder-el-no-sibling '   itemprop=\"image\" itemscope=\"itemscope\" itemtype=\"https:\/\/schema.org\/ImageObject\" ><div class=\"avia-image-container-inner\"><div class=\"avia-image-overlay-wrap\"><a href=\"https:\/\/aulaabierta.arasaac.org\/it\/personalizzazione-sfondo-colore-e-aggiungi-cornice-arasaac\" class='avia_image' ><img decoding=\"async\" class='wp-image-23881 avia-img-lazy-loading-not-23881 avia_image ' src=\"https:\/\/aulaabierta.arasaac.org\/wp-content\/uploads\/2016\/12\/before-80x80.png\" alt='' title='before'  height=\"80\" width=\"80\"  itemprop=\"thumbnailUrl\" srcset=\"https:\/\/aulaabierta.arasaac.org\/wp-content\/uploads\/2016\/12\/before-80x80.png 80w, https:\/\/aulaabierta.arasaac.org\/wp-content\/uploads\/2016\/12\/before-36x36.png 36w, https:\/\/aulaabierta.arasaac.org\/wp-content\/uploads\/2016\/12\/before-120x120.png 120w, https:\/\/aulaabierta.arasaac.org\/wp-content\/uploads\/2016\/12\/before.png 128w\" sizes=\"(max-width: 80px) 100vw, 80px\" \/><\/a><\/div><\/div><\/div>\n<\/div><\/div>\n<style type=\"text\/css\" data-created_by=\"avia_inline_auto\" id=\"style-css-av-ayvzqd-e087ef96d058efac08b9c959fa86365c\">\n.flex_cell.av-ayvzqd-e087ef96d058efac08b9c959fa86365c{\nvertical-align:top;\n}\n.responsive #top #wrap_all .flex_cell.av-ayvzqd-e087ef96d058efac08b9c959fa86365c{\npadding:30px 30px 30px 30px !important;\n}\n<\/style>\n<div class='flex_cell av-ayvzqd-e087ef96d058efac08b9c959fa86365c av-gridrow-cell av_one_fifth no_margin  avia-builder-el-11  el_after_av_cell_one_fifth  el_before_av_cell_one_fifth ' ><div class='flex_cell_inner'><\/div><\/div>\n<style type=\"text\/css\" data-created_by=\"avia_inline_auto\" id=\"style-css-av-9harkl-31d5fc777aae7445fb43c389af7650f1\">\n.flex_cell.av-9harkl-31d5fc777aae7445fb43c389af7650f1{\nvertical-align:top;\n}\n.responsive #top #wrap_all .flex_cell.av-9harkl-31d5fc777aae7445fb43c389af7650f1{\npadding:30px 30px 30px 30px !important;\n}\n<\/style>\n<div class='flex_cell av-9harkl-31d5fc777aae7445fb43c389af7650f1 av-gridrow-cell av_one_fifth no_margin  avia-builder-el-12  el_after_av_cell_one_fifth  el_before_av_cell_one_fifth ' ><div class='flex_cell_inner'>\n<style type=\"text\/css\" data-created_by=\"avia_inline_auto\" id=\"style-css-av-7yr8ud-f915f594768c3d21b8cda89100580f76\">\n.avia-image-container.av-7yr8ud-f915f594768c3d21b8cda89100580f76 img.avia_image{\nbox-shadow:none;\n}\n.avia-image-container.av-7yr8ud-f915f594768c3d21b8cda89100580f76 .av-image-caption-overlay-center{\ncolor:#ffffff;\n}\n<\/style>\n<div  class='avia-image-container av-7yr8ud-f915f594768c3d21b8cda89100580f76 av-styling- avia-align-center  avia-builder-el-13  avia-builder-el-no-sibling '   itemprop=\"image\" itemscope=\"itemscope\" itemtype=\"https:\/\/schema.org\/ImageObject\" ><div class=\"avia-image-container-inner\"><div class=\"avia-image-overlay-wrap\"><a href=\"https:\/\/aulaabierta.arasaac.org\/it\/tutorial-web-page-arasaac\" class='avia_image' ><img decoding=\"async\" class='wp-image-23883 avia-img-lazy-loading-not-23883 avia_image ' src=\"https:\/\/aulaabierta.arasaac.org\/wp-content\/uploads\/2016\/12\/casa-80x80.png\" alt='' title='Inizio'  height=\"80\" width=\"80\"  itemprop=\"thumbnailUrl\" srcset=\"https:\/\/aulaabierta.arasaac.org\/wp-content\/uploads\/2016\/12\/casa-80x80.png 80w, https:\/\/aulaabierta.arasaac.org\/wp-content\/uploads\/2016\/12\/casa-300x300.png 300w, https:\/\/aulaabierta.arasaac.org\/wp-content\/uploads\/2016\/12\/casa-36x36.png 36w, https:\/\/aulaabierta.arasaac.org\/wp-content\/uploads\/2016\/12\/casa-180x180.png 180w, https:\/\/aulaabierta.arasaac.org\/wp-content\/uploads\/2016\/12\/casa-120x120.png 120w, https:\/\/aulaabierta.arasaac.org\/wp-content\/uploads\/2016\/12\/casa-450x450.png 450w, https:\/\/aulaabierta.arasaac.org\/wp-content\/uploads\/2016\/12\/casa.png 500w\" sizes=\"(max-width: 80px) 100vw, 80px\" \/><\/a><\/div><\/div><\/div>\n<\/div><\/div>\n<style type=\"text\/css\" data-created_by=\"avia_inline_auto\" id=\"style-css-av-57sko5-47a26aaf10d28cd8fc05910c37cd3e22\">\n.flex_cell.av-57sko5-47a26aaf10d28cd8fc05910c37cd3e22{\nvertical-align:top;\n}\n.responsive #top #wrap_all .flex_cell.av-57sko5-47a26aaf10d28cd8fc05910c37cd3e22{\npadding:30px 30px 30px 30px !important;\n}\n<\/style>\n<div class='flex_cell av-57sko5-47a26aaf10d28cd8fc05910c37cd3e22 av-gridrow-cell av_one_fifth no_margin  avia-builder-el-14  el_after_av_cell_one_fifth  el_before_av_cell_one_fifth ' ><div class='flex_cell_inner'><\/div><\/div>\n<style type=\"text\/css\" data-created_by=\"avia_inline_auto\" id=\"style-css-av-4cgqth-c1463cdc42f3a84d07282416e31a6390\">\n.flex_cell.av-4cgqth-c1463cdc42f3a84d07282416e31a6390{\nvertical-align:top;\n}\n.responsive #top #wrap_all .flex_cell.av-4cgqth-c1463cdc42f3a84d07282416e31a6390{\npadding:30px 30px 30px 30px !important;\n}\n<\/style>\n<div class='flex_cell av-4cgqth-c1463cdc42f3a84d07282416e31a6390 av-gridrow-cell av_one_fifth no_margin  avia-builder-el-15  el_after_av_cell_one_fifth  avia-builder-el-last ' ><div class='flex_cell_inner'>\n<style type=\"text\/css\" data-created_by=\"avia_inline_auto\" id=\"style-css-av-2mnisl-c741d4ae9f31c59c59dfe2d14b127877\">\n.avia-image-container.av-2mnisl-c741d4ae9f31c59c59dfe2d14b127877 img.avia_image{\nbox-shadow:none;\n}\n.avia-image-container.av-2mnisl-c741d4ae9f31c59c59dfe2d14b127877 .av-image-caption-overlay-center{\ncolor:#ffffff;\n}\n<\/style>\n<div  class='avia-image-container av-2mnisl-c741d4ae9f31c59c59dfe2d14b127877 av-styling- avia-align-center  avia-builder-el-16  avia-builder-el-no-sibling '   itemprop=\"image\" itemscope=\"itemscope\" itemtype=\"https:\/\/schema.org\/ImageObject\" ><div class=\"avia-image-container-inner\"><div class=\"avia-image-overlay-wrap\"><a href=\"https:\/\/aulaabierta.arasaac.org\/it\/personalizzazione-tratti-fisici-arasaac\" class='avia_image' ><img decoding=\"async\" class='wp-image-23882 avia-img-lazy-loading-not-23882 avia_image ' src=\"https:\/\/aulaabierta.arasaac.org\/wp-content\/uploads\/2016\/12\/next-80x80.png\" alt='' title='next'  height=\"80\" width=\"80\"  itemprop=\"thumbnailUrl\" srcset=\"https:\/\/aulaabierta.arasaac.org\/wp-content\/uploads\/2016\/12\/next-80x80.png 80w, https:\/\/aulaabierta.arasaac.org\/wp-content\/uploads\/2016\/12\/next-36x36.png 36w, https:\/\/aulaabierta.arasaac.org\/wp-content\/uploads\/2016\/12\/next-120x120.png 120w, https:\/\/aulaabierta.arasaac.org\/wp-content\/uploads\/2016\/12\/next.png 128w\" sizes=\"(max-width: 80px) 100vw, 80px\" \/><\/a><\/div><\/div><\/div>\n<\/div><\/div>\n<\/div>\n","protected":false},"excerpt":{"rendered":"","protected":false},"author":5,"featured_media":63871,"parent":0,"menu_order":0,"comment_status":"closed","ping_status":"closed","template":"","meta":{"om_disable_all_campaigns":false,"_monsterinsights_skip_tracking":false,"_monsterinsights_sitenote_active":false,"_monsterinsights_sitenote_note":"","_monsterinsights_sitenote_category":0,"_uf_show_specific_survey":0,"_uf_disable_surveys":false,"footnotes":""},"class_list":["post-67160","page","type-page","status-publish","has-post-thumbnail","hentry"],"aioseo_notices":[],"_links":{"self":[{"href":"https:\/\/aulaabierta.arasaac.org\/it\/wp-json\/wp\/v2\/pages\/67160","targetHints":{"allow":["GET"]}}],"collection":[{"href":"https:\/\/aulaabierta.arasaac.org\/it\/wp-json\/wp\/v2\/pages"}],"about":[{"href":"https:\/\/aulaabierta.arasaac.org\/it\/wp-json\/wp\/v2\/types\/page"}],"author":[{"embeddable":true,"href":"https:\/\/aulaabierta.arasaac.org\/it\/wp-json\/wp\/v2\/users\/5"}],"replies":[{"embeddable":true,"href":"https:\/\/aulaabierta.arasaac.org\/it\/wp-json\/wp\/v2\/comments?post=67160"}],"version-history":[{"count":11,"href":"https:\/\/aulaabierta.arasaac.org\/it\/wp-json\/wp\/v2\/pages\/67160\/revisions"}],"predecessor-version":[{"id":139343,"href":"https:\/\/aulaabierta.arasaac.org\/it\/wp-json\/wp\/v2\/pages\/67160\/revisions\/139343"}],"wp:featuredmedia":[{"embeddable":true,"href":"https:\/\/aulaabierta.arasaac.org\/it\/wp-json\/wp\/v2\/media\/63871"}],"wp:attachment":[{"href":"https:\/\/aulaabierta.arasaac.org\/it\/wp-json\/wp\/v2\/media?parent=67160"}],"curies":[{"name":"wp","href":"https:\/\/api.w.org\/{rel}","templated":true}]}}