{"id":68024,"date":"2021-02-24T12:10:04","date_gmt":"2021-02-24T11:10:04","guid":{"rendered":"https:\/\/aulaabierta.arasaac.org\/minitutoriales-caa-habilitando-entorno-trabajar-unidades-didacticas-y-caa"},"modified":"2023-02-09T11:15:20","modified_gmt":"2023-02-09T10:15:20","slug":"minitutorial-caa-abilitare-ambiente-lavoro-unita-didattiche-e-caa","status":"publish","type":"page","link":"https:\/\/aulaabierta.arasaac.org\/it\/minitutorial-caa-abilitare-ambiente-lavoro-unita-didattiche-e-caa","title":{"rendered":"AAC Tutorial &#8211; Come abilitare l&#8217;ambiente al lavoro unit\u00e0 didattiche e CAA"},"content":{"rendered":"<div id='av-layout-grid-1'  class='av-layout-grid-container av-10pvuos-ba21f626b247823b3333352376f19114 entry-content-wrapper alternate_color av-border-cells av-flex-cells  avia-builder-el-0  el_before_av_textblock  avia-builder-el-first   container_wrap fullsize'  >\n\n<style type=\"text\/css\" data-created_by=\"avia_inline_auto\" id=\"style-css-av-zq6hjg-49ac878b17158d6126a9c29150ac719d\">\n.flex_cell.av-zq6hjg-49ac878b17158d6126a9c29150ac719d{\nvertical-align:top;\n}\n.responsive #top #wrap_all .flex_cell.av-zq6hjg-49ac878b17158d6126a9c29150ac719d{\npadding:30px 30px 30px 30px !important;\n}\n<\/style>\n<div class='flex_cell av-zq6hjg-49ac878b17158d6126a9c29150ac719d av-gridrow-cell av_one_fifth no_margin  avia-builder-el-1  el_before_av_cell_four_fifth  avia-builder-el-first ' ><div class='flex_cell_inner'>\n<style type=\"text\/css\" data-created_by=\"avia_inline_auto\" id=\"style-css-av-yhiz64-0bd2344e4260ee40a05039f4655da59c\">\n.avia-image-container.av-yhiz64-0bd2344e4260ee40a05039f4655da59c img.avia_image{\nbox-shadow:none;\n}\n.avia-image-container.av-yhiz64-0bd2344e4260ee40a05039f4655da59c .av-image-caption-overlay-center{\ncolor:#ffffff;\n}\n<\/style>\n<div  class='avia-image-container av-yhiz64-0bd2344e4260ee40a05039f4655da59c av-styling- avia-align-center  avia-builder-el-2  avia-builder-el-no-sibling '   itemprop=\"image\" itemscope=\"itemscope\" itemtype=\"https:\/\/schema.org\/ImageObject\" ><div class=\"avia-image-container-inner\"><div class=\"avia-image-overlay-wrap\"><a href=\"https:\/\/aulaabierta.arasaac.org\/it\/comunicazione_aumentativa_e_alternativa_caa\" class='avia_image' ><img decoding=\"async\" class='wp-image-34561 avia-img-lazy-loading-not-34561 avia_image ' src=\"https:\/\/aulaabierta.arasaac.org\/wp-content\/uploads\/2018\/05\/tutoriales_sin_marco-180x180.png\" alt='' title='tutoriales_sin_marco'  height=\"180\" width=\"180\"  itemprop=\"thumbnailUrl\" srcset=\"https:\/\/aulaabierta.arasaac.org\/wp-content\/uploads\/2018\/05\/tutoriales_sin_marco-180x180.png 180w, https:\/\/aulaabierta.arasaac.org\/wp-content\/uploads\/2018\/05\/tutoriales_sin_marco-80x80.png 80w, https:\/\/aulaabierta.arasaac.org\/wp-content\/uploads\/2018\/05\/tutoriales_sin_marco-300x298.png 300w, https:\/\/aulaabierta.arasaac.org\/wp-content\/uploads\/2018\/05\/tutoriales_sin_marco-768x763.png 768w, https:\/\/aulaabierta.arasaac.org\/wp-content\/uploads\/2018\/05\/tutoriales_sin_marco-36x36.png 36w, https:\/\/aulaabierta.arasaac.org\/wp-content\/uploads\/2018\/05\/tutoriales_sin_marco-705x700.png 705w, https:\/\/aulaabierta.arasaac.org\/wp-content\/uploads\/2018\/05\/tutoriales_sin_marco-120x120.png 120w, https:\/\/aulaabierta.arasaac.org\/wp-content\/uploads\/2018\/05\/tutoriales_sin_marco-450x447.png 450w, https:\/\/aulaabierta.arasaac.org\/wp-content\/uploads\/2018\/05\/tutoriales_sin_marco.png 928w\" sizes=\"(max-width: 180px) 100vw, 180px\" \/><\/a><\/div><\/div><\/div>\n<\/div><\/div>\n<style type=\"text\/css\" data-created_by=\"avia_inline_auto\" id=\"style-css-av-wowdgc-10999ff979df46f1b725ce8679a040ff\">\n.flex_cell.av-wowdgc-10999ff979df46f1b725ce8679a040ff{\nvertical-align:middle;\n}\n.responsive #top #wrap_all .flex_cell.av-wowdgc-10999ff979df46f1b725ce8679a040ff{\npadding:30px 30px 30px 30px !important;\n}\n<\/style>\n<div class='flex_cell av-wowdgc-10999ff979df46f1b725ce8679a040ff av-gridrow-cell av_four_fifth no_margin  avia-builder-el-3  el_after_av_cell_one_fifth  avia-builder-el-last ' ><div class='flex_cell_inner'>\n<style type=\"text\/css\" data-created_by=\"avia_inline_auto\" id=\"style-css-av-w2z8vw-3aa6e9594b970b1510fb283f2ea98ab4\">\n#top .av-special-heading.av-w2z8vw-3aa6e9594b970b1510fb283f2ea98ab4{\npadding-bottom:0;\n}\nbody .av-special-heading.av-w2z8vw-3aa6e9594b970b1510fb283f2ea98ab4 .av-special-heading-tag .heading-char{\nfont-size:25px;\n}\n.av-special-heading.av-w2z8vw-3aa6e9594b970b1510fb283f2ea98ab4 .av-subheading{\nfont-size:15px;\n}\n<\/style>\n<div  class='av-special-heading av-w2z8vw-3aa6e9594b970b1510fb283f2ea98ab4 av-special-heading-h1  avia-builder-el-4  avia-builder-el-no-sibling '><h1 class='av-special-heading-tag'  itemprop=\"headline\"  >CAA TUTORIAL &#8211; COME ABILITARE L\u2019AMBIENTE AL LAVORO UNIT\u00c0 DIDATTICHE E AAC<\/h1><div class=\"special-heading-border\"><div class=\"special-heading-inner-border\"><\/div><\/div><\/div>\n<\/div><\/div>\n<\/div><div id='after_grid_row_1'  class='main_color av_default_container_wrap container_wrap fullsize'  ><div class='container av-section-cont-open' ><div class='template-page content  av-content-full alpha units'><div class='post-entry post-entry-type-page post-entry-68024'><div class='entry-content-wrapper clearfix'>\n\n<style type=\"text\/css\" data-created_by=\"avia_inline_auto\" id=\"style-css-av-r2szvg-200110cf48c4b0b42637ce44abfc2f38\">\n#top .av_textblock_section.av-r2szvg-200110cf48c4b0b42637ce44abfc2f38 .avia_textblock{\nfont-size:16px;\n}\n<\/style>\n<section  class='av_textblock_section av-r2szvg-200110cf48c4b0b42637ce44abfc2f38'  itemscope=\"itemscope\" itemtype=\"https:\/\/schema.org\/CreativeWork\" ><div class='avia_textblock'  itemprop=\"text\" ><h6 style=\"text-align: center;\"><img loading=\"lazy\" decoding=\"async\" class=\"aligncenter size-full wp-image-932\" src=\"https:\/\/aulaabierta.arasaac.org\/wp-content\/uploads\/2016\/12\/by-nc-sa.eu_petit.png\" alt=\"\" width=\"118\" height=\"41\">Quest&#8217;opera \u00e8 sotto licenza di <a href=\"http:\/\/creativecommons.org\/licenses\/by-nc-sa\/4.0\/\" rel=\"license\">Creative Commons Attribuzione-Non Commerciale-Condividi Allo stesso modo 4.0 Licenza Internazionale.<\/a><\/h6>\n<p style=\"text-align: center;\">Autori: <a href=\"https:\/\/alojaweb.educastur.es\/web\/cpeelatores\/portada\" target=\"_blank\" rel=\"noopener\"><strong><span style=\"color: #000000;\">CPEE Latores de Oviedo <\/span><\/strong><\/a>e<strong> ARASAAC<\/strong><\/p>\n<hr>\n<\/div><\/section>\n\n<style type=\"text\/css\" data-created_by=\"avia_inline_auto\" id=\"style-css-av-q8vyq4-ad00a2efa7a40ada6c85e6ee3648fab5\">\n#top .av_textblock_section.av-q8vyq4-ad00a2efa7a40ada6c85e6ee3648fab5 .avia_textblock{\nfont-size:16px;\n}\n<\/style>\n<section  class='av_textblock_section av-q8vyq4-ad00a2efa7a40ada6c85e6ee3648fab5'  itemscope=\"itemscope\" itemtype=\"https:\/\/schema.org\/CreativeWork\" ><div class='avia_textblock'  itemprop=\"text\" ><p><strong>Sistemi pittografici per la comunicazione aumentativa e alternativa (AAC),<\/strong>come indica <strong>Carmen Basil<\/strong> in &#8220;<strong><a href=\"https:\/\/arasaac.org\/aac\/it\">Cosa sono i SAAC? &#8211; ARASAAC &#8211; ARASAAC<\/a><\/strong>&#8220;, &#8220;<em>sono solo un mezzo o una condizione necessaria per la persona con disabilit\u00e0 del linguaggio per <strong>comunicare, sviluppare le proprie capacit\u00e0 e partecipare al mondo<\/strong>che li circonda, ma non sono mai sufficienti. <strong>Ci\u00f2 che \u00e8 veramente importante \u00e8 il processo di educazione, abilitazione e consulenza<\/strong> che deve accompagnarli&#8221;.<\/em><\/p>\n<p><strong>Carmen Basil <\/strong>continua, sottolineando che &#8220;<strong><em>l&#8217;abilitazione e l&#8217;insegnamento devono essere diretti sia alla persona che al suo<\/em> <em>ambiente<\/em>&#8220;.<\/strong> <\/p>\n<p>Pertanto, partendo da queste premesse, questo insegnamento deve essere svolto in <strong>ambienti educativi<\/strong> e in <strong>ambienti naturali,<\/strong>garantendo che la persona sia immersa in un buon <strong>ambiente linguistico,<\/strong>circondata da <strong>interlocutori sensibili<\/strong> e coinvolta in attivit\u00e0 <strong>arricchenti.<\/strong><\/p>\n<p>Un grande esempio di questo \u00e8 il lavoro di<strong> adattamento delle unit\u00e0 didattiche<\/strong> svolto e condiviso dai nostri colleghi del <a href=\"https:\/\/alojaweb.educastur.es\/web\/cpeelatores\/centro\" target=\"_blank\" rel=\"noopener\"><strong>CPEE Latores<\/strong><\/a>di Oviedo <strong>(Spagna).<\/strong><\/p>\n<p>Vi mostriamo due esempi degli adattamenti delle unit\u00e0 didattiche, con oggetti reali e pittogrammi di <a href=\"https:\/\/arasaac.org\/\" target=\"_blank\" rel=\"noopener\"><strong>ARASAAC <\/strong><\/a>sui vestiti e sulla casa.<\/p>\n<p><img loading=\"lazy\" decoding=\"async\" class=\"size-large wp-image-21347 aligncenter\" src=\"https:\/\/aulaabierta.arasaac.org\/wp-content\/uploads\/2021\/02\/Adaptacion_unidad_didactica_CPEE_Latores_pictogramas_ARASAAC_2-1030x624.jpg\" alt=\"\" width=\"1030\" height=\"624\" srcset=\"https:\/\/aulaabierta.arasaac.org\/wp-content\/uploads\/2021\/02\/Adaptacion_unidad_didactica_CPEE_Latores_pictogramas_ARASAAC_2-1030x624.jpg 1030w, https:\/\/aulaabierta.arasaac.org\/wp-content\/uploads\/2021\/02\/Adaptacion_unidad_didactica_CPEE_Latores_pictogramas_ARASAAC_2-300x182.jpg 300w, https:\/\/aulaabierta.arasaac.org\/wp-content\/uploads\/2021\/02\/Adaptacion_unidad_didactica_CPEE_Latores_pictogramas_ARASAAC_2-768x466.jpg 768w, https:\/\/aulaabierta.arasaac.org\/wp-content\/uploads\/2021\/02\/Adaptacion_unidad_didactica_CPEE_Latores_pictogramas_ARASAAC_2-705x427.jpg 705w, https:\/\/aulaabierta.arasaac.org\/wp-content\/uploads\/2021\/02\/Adaptacion_unidad_didactica_CPEE_Latores_pictogramas_ARASAAC_2-450x273.jpg 450w, https:\/\/aulaabierta.arasaac.org\/wp-content\/uploads\/2021\/02\/Adaptacion_unidad_didactica_CPEE_Latores_pictogramas_ARASAAC_2.jpg 1389w\" sizes=\"auto, (max-width: 1030px) 100vw, 1030px\" \/><\/p>\n<p>Quando gli studenti entrano nel centro, trovano tre grandi pannelli situati nella hall, un&#8217;area visibile e molto frequentata da tutti loro.<\/p>\n<p>In questi pannelli vengono introdotti e distribuiti tutti gli elementi (oggetti reali, pittogrammi, scrittura, ecc.) relativi all&#8217;unit\u00e0 didattica su cui si sta lavorando in quel momento nelle loro aule.<\/p>\n<p>Ogni unit\u00e0 viene introdotta con un cambiamento nelle informazioni contenute nei pannelli, in modo che diventi un elemento motivante oltre a servire per l&#8217;introduzione dei contenuti dell&#8217;unit\u00e0 e la sua contestualizzazione,<\/p>\n<p><img loading=\"lazy\" decoding=\"async\" class=\"size-large wp-image-21341 aligncenter\" src=\"https:\/\/aulaabierta.arasaac.org\/wp-content\/uploads\/2021\/02\/Adaptacion_unidad_didactica_CPEE_Latores_pictogramas_ARASAAC_1-1030x501.jpg\" alt=\"\" width=\"1030\" height=\"501\" srcset=\"https:\/\/aulaabierta.arasaac.org\/wp-content\/uploads\/2021\/02\/Adaptacion_unidad_didactica_CPEE_Latores_pictogramas_ARASAAC_1-1030x501.jpg 1030w, https:\/\/aulaabierta.arasaac.org\/wp-content\/uploads\/2021\/02\/Adaptacion_unidad_didactica_CPEE_Latores_pictogramas_ARASAAC_1-300x146.jpg 300w, https:\/\/aulaabierta.arasaac.org\/wp-content\/uploads\/2021\/02\/Adaptacion_unidad_didactica_CPEE_Latores_pictogramas_ARASAAC_1-768x373.jpg 768w, https:\/\/aulaabierta.arasaac.org\/wp-content\/uploads\/2021\/02\/Adaptacion_unidad_didactica_CPEE_Latores_pictogramas_ARASAAC_1-1536x747.jpg 1536w, https:\/\/aulaabierta.arasaac.org\/wp-content\/uploads\/2021\/02\/Adaptacion_unidad_didactica_CPEE_Latores_pictogramas_ARASAAC_1-1500x729.jpg 1500w, https:\/\/aulaabierta.arasaac.org\/wp-content\/uploads\/2021\/02\/Adaptacion_unidad_didactica_CPEE_Latores_pictogramas_ARASAAC_1-705x343.jpg 705w, https:\/\/aulaabierta.arasaac.org\/wp-content\/uploads\/2021\/02\/Adaptacion_unidad_didactica_CPEE_Latores_pictogramas_ARASAAC_1-450x219.jpg 450w, https:\/\/aulaabierta.arasaac.org\/wp-content\/uploads\/2021\/02\/Adaptacion_unidad_didactica_CPEE_Latores_pictogramas_ARASAAC_1.jpg 2016w\" sizes=\"auto, (max-width: 1030px) 100vw, 1030px\" \/><\/p>\n<p>Nel pannello centrale, alcuni contenuti dell&#8217;unit\u00e0 sono rappresentati in modo concreto e interattivo.<\/p>\n<p><img loading=\"lazy\" decoding=\"async\" class=\"size-full wp-image-21348 aligncenter\" src=\"https:\/\/aulaabierta.arasaac.org\/wp-content\/uploads\/2021\/02\/Adaptacion_unidad_didactica_CPEE_Latores_pictogramas_ARASAAC_6.jpg\" alt=\"\" width=\"766\" height=\"702\" srcset=\"https:\/\/aulaabierta.arasaac.org\/wp-content\/uploads\/2021\/02\/Adaptacion_unidad_didactica_CPEE_Latores_pictogramas_ARASAAC_6.jpg 766w, https:\/\/aulaabierta.arasaac.org\/wp-content\/uploads\/2021\/02\/Adaptacion_unidad_didactica_CPEE_Latores_pictogramas_ARASAAC_6-300x275.jpg 300w, https:\/\/aulaabierta.arasaac.org\/wp-content\/uploads\/2021\/02\/Adaptacion_unidad_didactica_CPEE_Latores_pictogramas_ARASAAC_6-705x646.jpg 705w, https:\/\/aulaabierta.arasaac.org\/wp-content\/uploads\/2021\/02\/Adaptacion_unidad_didactica_CPEE_Latores_pictogramas_ARASAAC_6-450x412.jpg 450w\" sizes=\"auto, (max-width: 766px) 100vw, 766px\" \/><\/p>\n<p>Nel pannello di sinistra sono collocati i pittogrammi del vocabolario di base dell&#8217;unit\u00e0 (nomi e azioni) accompagnati dalla parola scritta in lettere maiuscole, che favorisce la lettura globale.<\/p>\n<p><img loading=\"lazy\" decoding=\"async\" class=\"size-full wp-image-21349 aligncenter\" src=\"https:\/\/aulaabierta.arasaac.org\/wp-content\/uploads\/2021\/02\/Adaptacion_unidad_didactica_CPEE_Latores_pictogramas_ARASAAC_7.jpg\" alt=\"\" width=\"855\" height=\"711\" srcset=\"https:\/\/aulaabierta.arasaac.org\/wp-content\/uploads\/2021\/02\/Adaptacion_unidad_didactica_CPEE_Latores_pictogramas_ARASAAC_7.jpg 855w, https:\/\/aulaabierta.arasaac.org\/wp-content\/uploads\/2021\/02\/Adaptacion_unidad_didactica_CPEE_Latores_pictogramas_ARASAAC_7-300x249.jpg 300w, https:\/\/aulaabierta.arasaac.org\/wp-content\/uploads\/2021\/02\/Adaptacion_unidad_didactica_CPEE_Latores_pictogramas_ARASAAC_7-768x639.jpg 768w, https:\/\/aulaabierta.arasaac.org\/wp-content\/uploads\/2021\/02\/Adaptacion_unidad_didactica_CPEE_Latores_pictogramas_ARASAAC_7-705x586.jpg 705w, https:\/\/aulaabierta.arasaac.org\/wp-content\/uploads\/2021\/02\/Adaptacion_unidad_didactica_CPEE_Latores_pictogramas_ARASAAC_7-450x374.jpg 450w\" sizes=\"auto, (max-width: 855px) 100vw, 855px\" \/><\/p>\n<p>Infine, il pannello a destra raccoglie attraverso pittogrammi e parole una canzone anche relativa all&#8217;unit\u00e0 e che viene lavorata durante essa, in molti dei gruppi della scuola.<\/p>\n<p><img loading=\"lazy\" decoding=\"async\" class=\"size-full wp-image-21350 aligncenter\" src=\"https:\/\/aulaabierta.arasaac.org\/wp-content\/uploads\/2021\/02\/Adaptacion_unidad_didactica_CPEE_Latores_pictogramas_ARASAAC_8.jpg\" alt=\"\" width=\"810\" height=\"729\" srcset=\"https:\/\/aulaabierta.arasaac.org\/wp-content\/uploads\/2021\/02\/Adaptacion_unidad_didactica_CPEE_Latores_pictogramas_ARASAAC_8.jpg 810w, https:\/\/aulaabierta.arasaac.org\/wp-content\/uploads\/2021\/02\/Adaptacion_unidad_didactica_CPEE_Latores_pictogramas_ARASAAC_8-300x270.jpg 300w, https:\/\/aulaabierta.arasaac.org\/wp-content\/uploads\/2021\/02\/Adaptacion_unidad_didactica_CPEE_Latores_pictogramas_ARASAAC_8-768x691.jpg 768w, https:\/\/aulaabierta.arasaac.org\/wp-content\/uploads\/2021\/02\/Adaptacion_unidad_didactica_CPEE_Latores_pictogramas_ARASAAC_8-705x635.jpg 705w, https:\/\/aulaabierta.arasaac.org\/wp-content\/uploads\/2021\/02\/Adaptacion_unidad_didactica_CPEE_Latores_pictogramas_ARASAAC_8-450x405.jpg 450w\" sizes=\"auto, (max-width: 810px) 100vw, 810px\" \/><\/p>\n<p>Come puoi immaginare, il lavoro continua in classe con attivit\u00e0 adattate allo stile di apprendimento e alle capacit\u00e0 di ciascuno degli studenti.<\/p>\n<p>Infine, la collaborazione con le famiglie \u00e8 essenziale per continuare questo lavoro a casa, poich\u00e9 \u00e8 l&#8217;ambiente naturale in cui l&#8217;apprendimento prende forma.<\/p>\n<\/div><\/section>\n<\/div><\/div><\/div><!-- close content main div --><\/div><\/div><div id='av-layout-grid-2'  class='av-layout-grid-container av-cjch3g-8c9893a91b8664f8d2da390acf8309d6 entry-content-wrapper main_color av-flex-cells  avia-builder-el-7  el_after_av_textblock  avia-builder-el-last  grid-row-not-first  container_wrap fullsize'  >\n\n<style type=\"text\/css\" data-created_by=\"avia_inline_auto\" id=\"style-css-av-b41c6k-f6dde31934e6ce77c56da73fd8840047\">\n.flex_cell.av-b41c6k-f6dde31934e6ce77c56da73fd8840047{\nvertical-align:top;\n}\n.responsive #top #wrap_all .flex_cell.av-b41c6k-f6dde31934e6ce77c56da73fd8840047{\npadding:30px 30px 30px 30px !important;\n}\n<\/style>\n<div class='flex_cell av-b41c6k-f6dde31934e6ce77c56da73fd8840047 av-gridrow-cell av_one_fifth no_margin  avia-builder-el-8  el_before_av_cell_one_fifth  avia-builder-el-first ' ><div class='flex_cell_inner'><\/div><\/div>\n<style type=\"text\/css\" data-created_by=\"avia_inline_auto\" id=\"style-css-av-9mned8-43fd3f546904f071921b9e19eca7a438\">\n.flex_cell.av-9mned8-43fd3f546904f071921b9e19eca7a438{\nvertical-align:top;\n}\n.responsive #top #wrap_all .flex_cell.av-9mned8-43fd3f546904f071921b9e19eca7a438{\npadding:30px 30px 30px 30px !important;\n}\n<\/style>\n<div class='flex_cell av-9mned8-43fd3f546904f071921b9e19eca7a438 av-gridrow-cell av_one_fifth no_margin  avia-builder-el-9  el_after_av_cell_one_fifth  el_before_av_cell_one_fifth ' ><div class='flex_cell_inner'><\/div><\/div>\n<style type=\"text\/css\" data-created_by=\"avia_inline_auto\" id=\"style-css-av-71ymws-ceeb8b779a4044f9b0d6eb807f20ae2e\">\n.flex_cell.av-71ymws-ceeb8b779a4044f9b0d6eb807f20ae2e{\nvertical-align:top;\n}\n.responsive #top #wrap_all .flex_cell.av-71ymws-ceeb8b779a4044f9b0d6eb807f20ae2e{\npadding:30px 30px 30px 30px !important;\n}\n<\/style>\n<div class='flex_cell av-71ymws-ceeb8b779a4044f9b0d6eb807f20ae2e av-gridrow-cell av_one_fifth no_margin  avia-builder-el-10  el_after_av_cell_one_fifth  el_before_av_cell_one_fifth ' ><div class='flex_cell_inner'>\n<style type=\"text\/css\" data-created_by=\"avia_inline_auto\" id=\"style-css-av-5ctf30-441d6763e10678cedf37b16c26cf7e5f\">\n.avia-image-container.av-5ctf30-441d6763e10678cedf37b16c26cf7e5f img.avia_image{\nbox-shadow:none;\n}\n.avia-image-container.av-5ctf30-441d6763e10678cedf37b16c26cf7e5f .av-image-caption-overlay-center{\ncolor:#ffffff;\n}\n<\/style>\n<div  class='avia-image-container av-5ctf30-441d6763e10678cedf37b16c26cf7e5f av-styling- avia-align-center  avia-builder-el-11  avia-builder-el-no-sibling '   itemprop=\"image\" itemscope=\"itemscope\" itemtype=\"https:\/\/schema.org\/ImageObject\" ><div class=\"avia-image-container-inner\"><div class=\"avia-image-overlay-wrap\"><a href=\"https:\/\/aulaabierta.arasaac.org\/it\/comunicazione_aumentativa_e_alternativa_caa\" class='avia_image' ><img decoding=\"async\" class='wp-image-23883 avia-img-lazy-loading-not-23883 avia_image ' src=\"https:\/\/aulaabierta.arasaac.org\/wp-content\/uploads\/2016\/12\/casa-80x80.png\" alt='' title='Inizio'  height=\"80\" width=\"80\"  itemprop=\"thumbnailUrl\" srcset=\"https:\/\/aulaabierta.arasaac.org\/wp-content\/uploads\/2016\/12\/casa-80x80.png 80w, https:\/\/aulaabierta.arasaac.org\/wp-content\/uploads\/2016\/12\/casa-300x300.png 300w, https:\/\/aulaabierta.arasaac.org\/wp-content\/uploads\/2016\/12\/casa-36x36.png 36w, https:\/\/aulaabierta.arasaac.org\/wp-content\/uploads\/2016\/12\/casa-180x180.png 180w, https:\/\/aulaabierta.arasaac.org\/wp-content\/uploads\/2016\/12\/casa-120x120.png 120w, https:\/\/aulaabierta.arasaac.org\/wp-content\/uploads\/2016\/12\/casa-450x450.png 450w, https:\/\/aulaabierta.arasaac.org\/wp-content\/uploads\/2016\/12\/casa.png 500w\" sizes=\"(max-width: 80px) 100vw, 80px\" \/><\/a><\/div><\/div><\/div>\n<\/div><\/div>\n<style type=\"text\/css\" data-created_by=\"avia_inline_auto\" id=\"style-css-av-3m36sc-710efd51927e3570ca55365bcb50add9\">\n.flex_cell.av-3m36sc-710efd51927e3570ca55365bcb50add9{\nvertical-align:top;\n}\n.responsive #top #wrap_all .flex_cell.av-3m36sc-710efd51927e3570ca55365bcb50add9{\npadding:30px 30px 30px 30px !important;\n}\n<\/style>\n<div class='flex_cell av-3m36sc-710efd51927e3570ca55365bcb50add9 av-gridrow-cell av_one_fifth no_margin  avia-builder-el-12  el_after_av_cell_one_fifth  el_before_av_cell_one_fifth ' ><div class='flex_cell_inner'><\/div><\/div>\n<style type=\"text\/css\" data-created_by=\"avia_inline_auto\" id=\"style-css-av-2hnfdo-69170056982846886393d47bc509dbea\">\n.flex_cell.av-2hnfdo-69170056982846886393d47bc509dbea{\nvertical-align:top;\n}\n.responsive #top #wrap_all .flex_cell.av-2hnfdo-69170056982846886393d47bc509dbea{\npadding:30px 30px 30px 30px !important;\n}\n<\/style>\n<div class='flex_cell av-2hnfdo-69170056982846886393d47bc509dbea av-gridrow-cell av_one_fifth no_margin  avia-builder-el-13  el_after_av_cell_one_fifth  avia-builder-el-last ' ><div class='flex_cell_inner'><\/div><\/div><\/div>\n","protected":false},"excerpt":{"rendered":"","protected":false},"author":5,"featured_media":0,"parent":0,"menu_order":0,"comment_status":"closed","ping_status":"closed","template":"","meta":{"om_disable_all_campaigns":false,"_monsterinsights_skip_tracking":false,"_monsterinsights_sitenote_active":false,"_monsterinsights_sitenote_note":"","_monsterinsights_sitenote_category":0,"_uf_show_specific_survey":0,"_uf_disable_surveys":false,"footnotes":""},"class_list":["post-68024","page","type-page","status-publish","hentry"],"aioseo_notices":[],"_links":{"self":[{"href":"https:\/\/aulaabierta.arasaac.org\/it\/wp-json\/wp\/v2\/pages\/68024","targetHints":{"allow":["GET"]}}],"collection":[{"href":"https:\/\/aulaabierta.arasaac.org\/it\/wp-json\/wp\/v2\/pages"}],"about":[{"href":"https:\/\/aulaabierta.arasaac.org\/it\/wp-json\/wp\/v2\/types\/page"}],"author":[{"embeddable":true,"href":"https:\/\/aulaabierta.arasaac.org\/it\/wp-json\/wp\/v2\/users\/5"}],"replies":[{"embeddable":true,"href":"https:\/\/aulaabierta.arasaac.org\/it\/wp-json\/wp\/v2\/comments?post=68024"}],"version-history":[{"count":9,"href":"https:\/\/aulaabierta.arasaac.org\/it\/wp-json\/wp\/v2\/pages\/68024\/revisions"}],"predecessor-version":[{"id":139312,"href":"https:\/\/aulaabierta.arasaac.org\/it\/wp-json\/wp\/v2\/pages\/68024\/revisions\/139312"}],"wp:attachment":[{"href":"https:\/\/aulaabierta.arasaac.org\/it\/wp-json\/wp\/v2\/media?parent=68024"}],"curies":[{"name":"wp","href":"https:\/\/api.w.org\/{rel}","templated":true}]}}