{"id":77620,"date":"2017-01-13T21:55:10","date_gmt":"2017-01-13T21:55:10","guid":{"rendered":"https:\/\/aulaabierta.arasaac.org\/herramientas-online-creador-de-calendarios"},"modified":"2023-02-09T11:22:59","modified_gmt":"2023-02-09T10:22:59","slug":"strumenti-online-creatore-di-calendari","status":"publish","type":"page","link":"https:\/\/aulaabierta.arasaac.org\/it\/strumenti-online-creatore-di-calendari","title":{"rendered":"Strumenti online &#8211; Creatore di calendari"},"content":{"rendered":"<div id='av-layout-grid-1'  class='av-layout-grid-container av-tk736d-d5d4ba410cf2f0f4c2d497f3a345f943 entry-content-wrapper alternate_color av-border-cells av-flex-cells  avia-builder-el-0  el_before_av_textblock  avia-builder-el-first   container_wrap fullsize'  >\n\n<style type=\"text\/css\" data-created_by=\"avia_inline_auto\" id=\"style-css-av-rtyv11-fe28d87fa5d393efa4e256f94a56519f\">\n.flex_cell.av-rtyv11-fe28d87fa5d393efa4e256f94a56519f{\nvertical-align:top;\n}\n.responsive #top #wrap_all .flex_cell.av-rtyv11-fe28d87fa5d393efa4e256f94a56519f{\npadding:30px 30px 30px 30px !important;\n}\n<\/style>\n<div class='flex_cell av-rtyv11-fe28d87fa5d393efa4e256f94a56519f av-gridrow-cell av_one_fifth no_margin  avia-builder-el-1  el_before_av_cell_three_fifth  avia-builder-el-first ' ><div class='flex_cell_inner'>\n<style type=\"text\/css\" data-created_by=\"avia_inline_auto\" id=\"style-css-av-pdms05-1d1da27f7c56520f185279e80424109c\">\n.avia-image-container.av-pdms05-1d1da27f7c56520f185279e80424109c img.avia_image{\nbox-shadow:none;\n}\n.avia-image-container.av-pdms05-1d1da27f7c56520f185279e80424109c .av-image-caption-overlay-center{\ncolor:#ffffff;\n}\n<\/style>\n<div  class='avia-image-container av-pdms05-1d1da27f7c56520f185279e80424109c av-styling- avia-align-center  avia-builder-el-2  avia-builder-el-no-sibling '   itemprop=\"image\" itemscope=\"itemscope\" itemtype=\"https:\/\/schema.org\/ImageObject\" ><div class=\"avia-image-container-inner\"><div class=\"avia-image-overlay-wrap\"><a href=\"https:\/\/aulaabierta.arasaac.org\/it\/strumenti-online-arasaac\" class='avia_image' ><img decoding=\"async\" class='wp-image-24689 avia-img-lazy-loading-not-24689 avia_image ' src=\"https:\/\/aulaabierta.arasaac.org\/wp-content\/uploads\/2017\/01\/web-180x180.png\" alt='' title='web'  height=\"180\" width=\"180\"  itemprop=\"thumbnailUrl\" srcset=\"https:\/\/aulaabierta.arasaac.org\/wp-content\/uploads\/2017\/01\/web-180x180.png 180w, https:\/\/aulaabierta.arasaac.org\/wp-content\/uploads\/2017\/01\/web-80x80.png 80w, https:\/\/aulaabierta.arasaac.org\/wp-content\/uploads\/2017\/01\/web-300x300.png 300w, https:\/\/aulaabierta.arasaac.org\/wp-content\/uploads\/2017\/01\/web-36x36.png 36w, https:\/\/aulaabierta.arasaac.org\/wp-content\/uploads\/2017\/01\/web-120x120.png 120w, https:\/\/aulaabierta.arasaac.org\/wp-content\/uploads\/2017\/01\/web-450x450.png 450w, https:\/\/aulaabierta.arasaac.org\/wp-content\/uploads\/2017\/01\/web.png 500w\" sizes=\"(max-width: 180px) 100vw, 180px\" \/><\/a><\/div><\/div><\/div>\n<\/div><\/div>\n<style type=\"text\/css\" data-created_by=\"avia_inline_auto\" id=\"style-css-av-nnhjvp-eff99576dff80bc225f7e055eb15b7b8\">\n.flex_cell.av-nnhjvp-eff99576dff80bc225f7e055eb15b7b8{\nvertical-align:middle;\n}\n.responsive #top #wrap_all .flex_cell.av-nnhjvp-eff99576dff80bc225f7e055eb15b7b8{\npadding:30px 30px 30px 30px !important;\n}\n<\/style>\n<div class='flex_cell av-nnhjvp-eff99576dff80bc225f7e055eb15b7b8 av-gridrow-cell av_three_fifth no_margin  avia-builder-el-3  el_after_av_cell_one_fifth  el_before_av_cell_one_fifth ' ><div class='flex_cell_inner'>\n<style type=\"text\/css\" data-created_by=\"avia_inline_auto\" id=\"style-css-av-av_heading-08167ddfe51d862d2460a1283aea216a\">\n#top .av-special-heading.av-av_heading-08167ddfe51d862d2460a1283aea216a{\npadding-bottom:0;\n}\nbody .av-special-heading.av-av_heading-08167ddfe51d862d2460a1283aea216a .av-special-heading-tag .heading-char{\nfont-size:25px;\n}\n.av-special-heading.av-av_heading-08167ddfe51d862d2460a1283aea216a .av-subheading{\nfont-size:15px;\n}\n<\/style>\n<div  class='av-special-heading av-av_heading-08167ddfe51d862d2460a1283aea216a av-special-heading-h1  avia-builder-el-4  avia-builder-el-no-sibling '><h1 class='av-special-heading-tag'  itemprop=\"headline\"  >CREATORE DI CALENDARI<\/h1><div class=\"special-heading-border\"><div class=\"special-heading-inner-border\"><\/div><\/div><\/div>\n<\/div><\/div>\n<style type=\"text\/css\" data-created_by=\"avia_inline_auto\" id=\"style-css-av-kx265h-b516ab426f17877da0b6a1dd29e0a5d6\">\n.flex_cell.av-kx265h-b516ab426f17877da0b6a1dd29e0a5d6{\nvertical-align:top;\n}\n.responsive #top #wrap_all .flex_cell.av-kx265h-b516ab426f17877da0b6a1dd29e0a5d6{\npadding:30px 30px 30px 30px !important;\n}\n<\/style>\n<div class='flex_cell av-kx265h-b516ab426f17877da0b6a1dd29e0a5d6 av-gridrow-cell av_one_fifth no_margin  avia-builder-el-5  el_after_av_cell_three_fifth  avia-builder-el-last ' ><div class='flex_cell_inner'><p>\n<style type=\"text\/css\" data-created_by=\"avia_inline_auto\" id=\"style-css-av-iyn8fp-7d1440195b858ef338c02dbcf7906955\">\n.avia-image-container.av-iyn8fp-7d1440195b858ef338c02dbcf7906955 img.avia_image{\nbox-shadow:none;\n}\n.avia-image-container.av-iyn8fp-7d1440195b858ef338c02dbcf7906955 .av-image-caption-overlay-center{\ncolor:#ffffff;\n}\n<\/style>\n<div  class='avia-image-container av-iyn8fp-7d1440195b858ef338c02dbcf7906955 av-styling- avia-align-center  avia-builder-el-6  el_before_av_textblock  avia-builder-el-first '   itemprop=\"image\" itemscope=\"itemscope\" itemtype=\"https:\/\/schema.org\/ImageObject\" ><div class=\"avia-image-container-inner\"><div class=\"avia-image-overlay-wrap\"><a href=\"http:\/\/antiguo.arasaac.org\/zona_descargas\/documentacion\/manual_generador_calendarios_es.pdf\" class='avia_image' target=\"_blank\" rel=\"noopener noreferrer\"><img decoding=\"async\" class='wp-image-24693 avia-img-lazy-loading-not-24693 avia_image ' src=\"https:\/\/aulaabierta.arasaac.org\/wp-content\/uploads\/2017\/01\/pdf_download.png\" alt='' title='pdf_download'  height=\"128\" width=\"128\"  itemprop=\"thumbnailUrl\" srcset=\"https:\/\/aulaabierta.arasaac.org\/wp-content\/uploads\/2017\/01\/pdf_download.png 128w, https:\/\/aulaabierta.arasaac.org\/wp-content\/uploads\/2017\/01\/pdf_download-80x80.png 80w, https:\/\/aulaabierta.arasaac.org\/wp-content\/uploads\/2017\/01\/pdf_download-36x36.png 36w, https:\/\/aulaabierta.arasaac.org\/wp-content\/uploads\/2017\/01\/pdf_download-120x120.png 120w\" sizes=\"(max-width: 128px) 100vw, 128px\" \/><\/a><\/div><\/div><\/div><br \/>\n<section  class='av_textblock_section av-i5xa7p-92ac59808058f869e788083ec397d8cb'  itemscope=\"itemscope\" itemtype=\"https:\/\/schema.org\/CreativeWork\" ><div class='avia_textblock'  itemprop=\"text\" ><h4 style=\"text-align: center;\"><strong><a href=\"http:\/\/antiguo.arasaac.org\/zona_descargas\/documentacion\/manual_generador_calendarios_es.pdf\" target=\"_blank\" rel=\"noopener\">SCARICA IL MANUALE<\/a><\/strong><\/h4>\n<\/div><\/section><\/p>\n<\/div><\/div><\/div><div id='after_grid_row_1'  class='main_color av_default_container_wrap container_wrap fullsize'  ><div class='container av-section-cont-open' ><div class='template-page content  av-content-full alpha units'><div class='post-entry post-entry-type-page post-entry-77620'><div class='entry-content-wrapper clearfix'><section  class='av_textblock_section av-gih5gl-7ebb6764f1679b05b87572f36f3a4de5'  itemscope=\"itemscope\" itemtype=\"https:\/\/schema.org\/CreativeWork\" ><div class='avia_textblock'  itemprop=\"text\" ><h6 style=\"text-align: center;\"><img loading=\"lazy\" decoding=\"async\" class=\"aligncenter size-full wp-image-932\" src=\"https:\/\/aulaabierta.arasaac.org\/wp-content\/uploads\/2016\/12\/by-nc-sa.eu_petit.png\" alt=\"\" width=\"118\" height=\"41\">Quest&#8217;opera \u00e8 sotto licenza di <a href=\"http:\/\/creativecommons.org\/licenses\/by-nc-sa\/4.0\/\" rel=\"license\">Creative Commons Attribuzione-Non Commerciale-Condividi Allo stesso modo 4.0 Licenza Internazionale.<\/a><\/h6>\n<hr>\n<\/div><\/section><\/p>\n\n<style type=\"text\/css\" data-created_by=\"avia_inline_auto\" id=\"style-css-av-eaw511-2f09234071c3426ed08faa43438edbdc\">\n#top .av_textblock_section.av-eaw511-2f09234071c3426ed08faa43438edbdc .avia_textblock{\nfont-size:16px;\n}\n<\/style>\n<section  class='av_textblock_section av-eaw511-2f09234071c3426ed08faa43438edbdc'  itemscope=\"itemscope\" itemtype=\"https:\/\/schema.org\/CreativeWork\" ><div class='avia_textblock'  itemprop=\"text\" ><p>Il <a href=\"http:\/\/antiguo.arasaac.org\/herramientas.php\" target=\"_blank\" rel=\"noopener\"><strong>creatore del calendario<\/strong><\/a> fornisce a tutti gli utenti del portale la progettazione e la creazione di calendari personalizzati che completano il Generatore di orari spiegato sopra poich\u00e9 aiuta i nostri studenti a localizzarsi temporaneamente durante un mese specifico, essendo in grado di stabilire attivit\u00e0, eventi o routine adeguate per ciascuno dei giorni di quel mese.<\/p>\n<p>Il funzionamento di questo strumento \u00e8 molto simile a quello spiegato in precedenza per il Generatore di pianificazioni. Innanzitutto, selezioniamo il mese e l&#8217;anno che utilizzeremo nel nostro calendario. Possiamo anche selezionare che appaia Intestazione in modo che appaia automaticamente il pittogramma corrispondente al mese e il testo di accompagnamento (entrambi modificabili).<\/p>\n<p><img decoding=\"async\" class=\"aligncenter\" src=\"https:\/\/lh3.googleusercontent.com\/-AbsPSrsaS7U\/UfFNDS2s8wI\/AAAAAAAABNE\/P20xvlRaW_4\/w1044-h509-no\/generador_calendarios.JPG\" width=\"800\"><\/p>\n<p>Abbiamo anche la possibilit\u00e0 di mostrare una riga con i giorni della settimana (con testo in una qualsiasi delle lingue per le quali \u00e8 disponibile la traduzione) e diverse possibilit\u00e0 di configurare la posizione nella cella del numero corrispondente ai giorni del mese, come questo come formato di esso.<\/p>\n<p><img decoding=\"async\" class=\"aligncenter\" src=\"https:\/\/lh3.googleusercontent.com\/-j72q9vsSdhM\/UfFNDavdYeI\/AAAAAAAABOY\/Hq9TDD2Wnac\/w702-h375-no\/generador_calendarios_1.JPG\"><\/p>\n<p>Come negli altri strumenti online, si consiglia di fare diversi test e fare clic su <strong>&#8220;<\/strong><strong>Genera modello precedente in RTF&#8221;<\/strong> per vedere il risultato. Come abbiamo gi\u00e0 accennato in altri strumenti, il file generato \u00e8 modificabile in Microsoft Word o Open Office Writer, potendo cos\u00ec dare gli ultimi ritocchi e aggiustamenti al calendario.<\/p>\n<\/div><\/section>\n<\/div><\/div><\/div><!-- close content main div --><\/div><\/div><div id='av-layout-grid-2'  class='av-layout-grid-container av-18tccl-6cc88213f9bb8494fec55568e5922ae9 entry-content-wrapper main_color av-flex-cells  avia-builder-el-10  el_after_av_textblock  avia-builder-el-last  grid-row-not-first  container_wrap fullsize'  >\n\n<style type=\"text\/css\" data-created_by=\"avia_inline_auto\" id=\"style-css-av-bio11x-a01bd9782f29f72dc72912304689cf42\">\n.flex_cell.av-bio11x-a01bd9782f29f72dc72912304689cf42{\nvertical-align:top;\n}\n.responsive #top #wrap_all .flex_cell.av-bio11x-a01bd9782f29f72dc72912304689cf42{\npadding:30px 30px 30px 30px !important;\n}\n<\/style>\n<div class='flex_cell av-bio11x-a01bd9782f29f72dc72912304689cf42 av-gridrow-cell av_one_fifth no_margin  avia-builder-el-11  el_before_av_cell_one_fifth  avia-builder-el-first ' ><div class='flex_cell_inner'><\/div><\/div>\n<style type=\"text\/css\" data-created_by=\"avia_inline_auto\" id=\"style-css-av-9lfqtx-414b2a4f318230f35a27bee3a0ea677e\">\n.flex_cell.av-9lfqtx-414b2a4f318230f35a27bee3a0ea677e{\nvertical-align:top;\n}\n.responsive #top #wrap_all .flex_cell.av-9lfqtx-414b2a4f318230f35a27bee3a0ea677e{\npadding:30px 30px 30px 30px !important;\n}\n<\/style>\n<div class='flex_cell av-9lfqtx-414b2a4f318230f35a27bee3a0ea677e av-gridrow-cell av_one_fifth no_margin  avia-builder-el-12  el_after_av_cell_one_fifth  el_before_av_cell_one_fifth ' ><div class='flex_cell_inner'><\/div><\/div>\n<style type=\"text\/css\" data-created_by=\"avia_inline_auto\" id=\"style-css-av-70xmkl-984e91994ed5ea99d995cbe5636f8f41\">\n.flex_cell.av-70xmkl-984e91994ed5ea99d995cbe5636f8f41{\nvertical-align:top;\n}\n.responsive #top #wrap_all .flex_cell.av-70xmkl-984e91994ed5ea99d995cbe5636f8f41{\npadding:30px 30px 30px 30px !important;\n}\n<\/style>\n<div class='flex_cell av-70xmkl-984e91994ed5ea99d995cbe5636f8f41 av-gridrow-cell av_one_fifth no_margin  avia-builder-el-13  el_after_av_cell_one_fifth  el_before_av_cell_one_fifth ' ><div class='flex_cell_inner'>\n<style type=\"text\/css\" data-created_by=\"avia_inline_auto\" id=\"style-css-av-68gof9-55cad35c1c9194b457a9b7b093eb6e61\">\n.avia-image-container.av-68gof9-55cad35c1c9194b457a9b7b093eb6e61 img.avia_image{\nbox-shadow:none;\n}\n.avia-image-container.av-68gof9-55cad35c1c9194b457a9b7b093eb6e61 .av-image-caption-overlay-center{\ncolor:#ffffff;\n}\n<\/style>\n<div  class='avia-image-container av-68gof9-55cad35c1c9194b457a9b7b093eb6e61 av-styling- avia-align-center  avia-builder-el-14  avia-builder-el-no-sibling '   itemprop=\"image\" itemscope=\"itemscope\" itemtype=\"https:\/\/schema.org\/ImageObject\" ><div class=\"avia-image-container-inner\"><div class=\"avia-image-overlay-wrap\"><a href=\"https:\/\/aulaabierta.arasaac.org\/it\/strumenti-online-arasaac\" class='avia_image' ><img decoding=\"async\" class='wp-image-23883 avia-img-lazy-loading-not-23883 avia_image ' src=\"https:\/\/aulaabierta.arasaac.org\/wp-content\/uploads\/2016\/12\/casa-80x80.png\" alt='' title='Inizio'  height=\"80\" width=\"80\"  itemprop=\"thumbnailUrl\" srcset=\"https:\/\/aulaabierta.arasaac.org\/wp-content\/uploads\/2016\/12\/casa-80x80.png 80w, https:\/\/aulaabierta.arasaac.org\/wp-content\/uploads\/2016\/12\/casa-300x300.png 300w, https:\/\/aulaabierta.arasaac.org\/wp-content\/uploads\/2016\/12\/casa-36x36.png 36w, https:\/\/aulaabierta.arasaac.org\/wp-content\/uploads\/2016\/12\/casa-180x180.png 180w, https:\/\/aulaabierta.arasaac.org\/wp-content\/uploads\/2016\/12\/casa-120x120.png 120w, https:\/\/aulaabierta.arasaac.org\/wp-content\/uploads\/2016\/12\/casa-450x450.png 450w, https:\/\/aulaabierta.arasaac.org\/wp-content\/uploads\/2016\/12\/casa.png 500w\" sizes=\"(max-width: 80px) 100vw, 80px\" \/><\/a><\/div><\/div><\/div>\n<\/div><\/div>\n<style type=\"text\/css\" data-created_by=\"avia_inline_auto\" id=\"style-css-av-4hqnud-b108f1b41dd2d5c97c3897bbf841d22d\">\n.flex_cell.av-4hqnud-b108f1b41dd2d5c97c3897bbf841d22d{\nvertical-align:top;\n}\n.responsive #top #wrap_all .flex_cell.av-4hqnud-b108f1b41dd2d5c97c3897bbf841d22d{\npadding:30px 30px 30px 30px !important;\n}\n<\/style>\n<div class='flex_cell av-4hqnud-b108f1b41dd2d5c97c3897bbf841d22d av-gridrow-cell av_one_fifth no_margin  avia-builder-el-15  el_after_av_cell_one_fifth  el_before_av_cell_one_fifth ' ><div class='flex_cell_inner'><\/div><\/div>\n<style type=\"text\/css\" data-created_by=\"avia_inline_auto\" id=\"style-css-av-2xyk6d-c21335620fe8be45b3d1a4de1b63ccea\">\n.flex_cell.av-2xyk6d-c21335620fe8be45b3d1a4de1b63ccea{\nvertical-align:top;\n}\n.responsive #top #wrap_all .flex_cell.av-2xyk6d-c21335620fe8be45b3d1a4de1b63ccea{\npadding:30px 30px 30px 30px !important;\n}\n<\/style>\n<div class='flex_cell av-2xyk6d-c21335620fe8be45b3d1a4de1b63ccea av-gridrow-cell av_one_fifth no_margin  avia-builder-el-16  el_after_av_cell_one_fifth  avia-builder-el-last ' ><div class='flex_cell_inner'><\/div><\/div>\n<\/div>\n","protected":false},"excerpt":{"rendered":"","protected":false},"author":5,"featured_media":0,"parent":0,"menu_order":0,"comment_status":"closed","ping_status":"closed","template":"","meta":{"om_disable_all_campaigns":false,"_monsterinsights_skip_tracking":false,"_monsterinsights_sitenote_active":false,"_monsterinsights_sitenote_note":"","_monsterinsights_sitenote_category":0,"_uf_show_specific_survey":0,"_uf_disable_surveys":false,"footnotes":""},"class_list":["post-77620","page","type-page","status-publish","hentry"],"aioseo_notices":[],"_links":{"self":[{"href":"https:\/\/aulaabierta.arasaac.org\/it\/wp-json\/wp\/v2\/pages\/77620","targetHints":{"allow":["GET"]}}],"collection":[{"href":"https:\/\/aulaabierta.arasaac.org\/it\/wp-json\/wp\/v2\/pages"}],"about":[{"href":"https:\/\/aulaabierta.arasaac.org\/it\/wp-json\/wp\/v2\/types\/page"}],"author":[{"embeddable":true,"href":"https:\/\/aulaabierta.arasaac.org\/it\/wp-json\/wp\/v2\/users\/5"}],"replies":[{"embeddable":true,"href":"https:\/\/aulaabierta.arasaac.org\/it\/wp-json\/wp\/v2\/comments?post=77620"}],"version-history":[{"count":6,"href":"https:\/\/aulaabierta.arasaac.org\/it\/wp-json\/wp\/v2\/pages\/77620\/revisions"}],"predecessor-version":[{"id":89230,"href":"https:\/\/aulaabierta.arasaac.org\/it\/wp-json\/wp\/v2\/pages\/77620\/revisions\/89230"}],"wp:attachment":[{"href":"https:\/\/aulaabierta.arasaac.org\/it\/wp-json\/wp\/v2\/media?parent=77620"}],"curies":[{"name":"wp","href":"https:\/\/api.w.org\/{rel}","templated":true}]}}