{"id":77723,"date":"2017-01-13T22:22:47","date_gmt":"2017-01-13T22:22:47","guid":{"rendered":"https:\/\/aulaabierta.arasaac.org\/herramientas-online-juego-de-la-oca"},"modified":"2023-02-09T11:23:00","modified_gmt":"2023-02-09T10:23:00","slug":"strumenti-online-gioco-dell-oca","status":"publish","type":"page","link":"https:\/\/aulaabierta.arasaac.org\/it\/strumenti-online-gioco-dell-oca","title":{"rendered":"Strumenti online &#8211; Il gioco dell&#8217;oca"},"content":{"rendered":"<div id='av-layout-grid-1'  class='av-layout-grid-container av-oo3a66-f5e8e118e312d77bc9e335eb6d4b9bb6 entry-content-wrapper alternate_color av-border-cells av-flex-cells  avia-builder-el-0  el_before_av_textblock  avia-builder-el-first   container_wrap fullsize'  >\n\n<style type=\"text\/css\" data-created_by=\"avia_inline_auto\" id=\"style-css-av-lo9w8e-4dbfbb3d153d05ca419e1557a15a3e67\">\n.flex_cell.av-lo9w8e-4dbfbb3d153d05ca419e1557a15a3e67{\nvertical-align:top;\n}\n.responsive #top #wrap_all .flex_cell.av-lo9w8e-4dbfbb3d153d05ca419e1557a15a3e67{\npadding:30px 30px 30px 30px !important;\n}\n<\/style>\n<div class='flex_cell av-lo9w8e-4dbfbb3d153d05ca419e1557a15a3e67 av-gridrow-cell av_one_fourth no_margin  avia-builder-el-1  el_before_av_cell_three_fourth  avia-builder-el-first ' ><div class='flex_cell_inner'>\n<style type=\"text\/css\" data-created_by=\"avia_inline_auto\" id=\"style-css-av-kq243i-b330e62aad26b74973a6a72e74ccc058\">\n.avia-image-container.av-kq243i-b330e62aad26b74973a6a72e74ccc058 img.avia_image{\nbox-shadow:none;\n}\n.avia-image-container.av-kq243i-b330e62aad26b74973a6a72e74ccc058 .av-image-caption-overlay-center{\ncolor:#ffffff;\n}\n<\/style>\n<div  class='avia-image-container av-kq243i-b330e62aad26b74973a6a72e74ccc058 av-styling- avia-align-center  avia-builder-el-2  avia-builder-el-no-sibling '   itemprop=\"image\" itemscope=\"itemscope\" itemtype=\"https:\/\/schema.org\/ImageObject\" ><div class=\"avia-image-container-inner\"><div class=\"avia-image-overlay-wrap\"><a href=\"https:\/\/aulaabierta.arasaac.org\/it\/strumenti-online-arasaac\" class='avia_image' ><img decoding=\"async\" class='wp-image-24689 avia-img-lazy-loading-not-24689 avia_image ' src=\"https:\/\/aulaabierta.arasaac.org\/wp-content\/uploads\/2017\/01\/web-180x180.png\" alt='' title='web'  height=\"180\" width=\"180\"  itemprop=\"thumbnailUrl\" srcset=\"https:\/\/aulaabierta.arasaac.org\/wp-content\/uploads\/2017\/01\/web-180x180.png 180w, https:\/\/aulaabierta.arasaac.org\/wp-content\/uploads\/2017\/01\/web-80x80.png 80w, https:\/\/aulaabierta.arasaac.org\/wp-content\/uploads\/2017\/01\/web-300x300.png 300w, https:\/\/aulaabierta.arasaac.org\/wp-content\/uploads\/2017\/01\/web-36x36.png 36w, https:\/\/aulaabierta.arasaac.org\/wp-content\/uploads\/2017\/01\/web-120x120.png 120w, https:\/\/aulaabierta.arasaac.org\/wp-content\/uploads\/2017\/01\/web-450x450.png 450w, https:\/\/aulaabierta.arasaac.org\/wp-content\/uploads\/2017\/01\/web.png 500w\" sizes=\"(max-width: 180px) 100vw, 180px\" \/><\/a><\/div><\/div><\/div>\n<\/div><\/div>\n<style type=\"text\/css\" data-created_by=\"avia_inline_auto\" id=\"style-css-av-io55ce-3132d39c947e4f421c2d2b4aab2696bc\">\n.flex_cell.av-io55ce-3132d39c947e4f421c2d2b4aab2696bc{\nvertical-align:middle;\n}\n.responsive #top #wrap_all .flex_cell.av-io55ce-3132d39c947e4f421c2d2b4aab2696bc{\npadding:30px 30px 30px 30px !important;\n}\n<\/style>\n<div class='flex_cell av-io55ce-3132d39c947e4f421c2d2b4aab2696bc av-gridrow-cell av_three_fourth no_margin  avia-builder-el-3  el_after_av_cell_one_fourth  avia-builder-el-last ' ><div class='flex_cell_inner'>\n<style type=\"text\/css\" data-created_by=\"avia_inline_auto\" id=\"style-css-av-grnnmm-34f6f2a76c268973ccfdfdc110778525\">\n#top .av-special-heading.av-grnnmm-34f6f2a76c268973ccfdfdc110778525{\npadding-bottom:0;\n}\nbody .av-special-heading.av-grnnmm-34f6f2a76c268973ccfdfdc110778525 .av-special-heading-tag .heading-char{\nfont-size:25px;\n}\n.av-special-heading.av-grnnmm-34f6f2a76c268973ccfdfdc110778525 .av-subheading{\nfont-size:15px;\n}\n<\/style>\n<div  class='av-special-heading av-grnnmm-34f6f2a76c268973ccfdfdc110778525 av-special-heading-h1  avia-builder-el-4  avia-builder-el-no-sibling '><h1 class='av-special-heading-tag'  itemprop=\"headline\"  >GIOCO DELL\u2019OCA<\/h1><div class=\"special-heading-border\"><div class=\"special-heading-inner-border\"><\/div><\/div><\/div>\n<\/div><\/div>\n<\/div><div id='after_grid_row_1'  class='main_color av_default_container_wrap container_wrap fullsize'  ><div class='container av-section-cont-open' ><div class='template-page content  av-content-full alpha units'><div class='post-entry post-entry-type-page post-entry-77723'><div class='entry-content-wrapper clearfix'>\n<section  class='av_textblock_section av-gefma6-8ff4166c375e7adc47e5a2769e303eaa'  itemscope=\"itemscope\" itemtype=\"https:\/\/schema.org\/CreativeWork\" ><div class='avia_textblock'  itemprop=\"text\" ><h6 style=\"text-align: center;\"><img loading=\"lazy\" decoding=\"async\" class=\"aligncenter size-full wp-image-932\" src=\"https:\/\/aulaabierta.arasaac.org\/wp-content\/uploads\/2016\/12\/by-nc-sa.eu_petit.png\" alt=\"\" width=\"118\" height=\"41\">Quest&#8217;opera \u00e8 sotto licenza di <a href=\"http:\/\/creativecommons.org\/licenses\/by-nc-sa\/4.0\/\" rel=\"license\">Creative Commons Attribuzione-Non Commerciale-Condividi Allo stesso modo 4.0 Licenza Internazionale.<\/a><\/h6>\n<hr>\n<\/div><\/section>\n\n<style type=\"text\/css\" data-created_by=\"avia_inline_auto\" id=\"style-css-av-1divri-65719a13d3a3c8c111316c4500e9679b\">\n#top .av_textblock_section.av-1divri-65719a13d3a3c8c111316c4500e9679b .avia_textblock{\nfont-size:16px;\n}\n<\/style>\n<section  class='av_textblock_section av-1divri-65719a13d3a3c8c111316c4500e9679b'  itemscope=\"itemscope\" itemtype=\"https:\/\/schema.org\/CreativeWork\" ><div class='avia_textblock'  itemprop=\"text\" ><p>Il <a href=\"http:\/\/antiguo.arasaac.org\/herramientas.php\" target=\"_blank\" rel=\"noopener\"><strong>Gioco dell&#8217;Oca<\/strong><\/a>, come il generatore di bingo, ci permette di creare facilmente un <strong>tabellone dell&#8217;Oca<\/strong>, con i pittogrammi che abbiamo selezionato, che possiamo stampare e utilizzare con i nostri studenti.<\/p>\n<p>In modo giocoso, puoi lavorare su aspetti relativi a campi semantici, matematica (numeri, caselle di conteggio, &#8230;), attenzione, concentrazione, &#8230;<\/p>\n<p><img loading=\"lazy\" decoding=\"async\" class=\"aligncenter\" src=\"http:\/\/3.bp.blogspot.com\/-q-QeoAVc-Pw\/UI1Y3W7HsPI\/AAAAAAAAFso\/yvlKprydB8M\/s1600\/OCA.png\" width=\"728\" height=\"232\"><\/p>\n<p>La gestione di questo strumento \u00e8 molto simile a quella spiegata sopra per il Bingo Creator.<\/p>\n<p>Nel <strong>passaggio 1<\/strong> dovremo cercare i pittogrammi che andremo ad includere nel nostro Gioco dell&#8217;oca e aggiungerli alla nostra selezione (vedi &#8220;<a href=\"https:\/\/aulaabierta.arasaac.org\/it\/strumenti-online-la-mia-selezione\">La cartella La mia selezione<\/a>&#8221; e &#8220;<a href=\"https:\/\/aulaabierta.arasaac.org\/it\/lavoro-portafoglio-strumenti-online\">Cartella di lavoro<\/a>&#8220;). Avremo bisogno di<strong>41 pittogrammi diversi<\/strong>, se vogliamo che non si ripetano. Il resto delle caselle \u00e8 configurato di default per tutti i giochi che realizziamo. Non \u00e8 necessario introdurre n\u00e9 ponti, n\u00e9 oche, n\u00e9 carcere, &#8230;<\/p>\n<p><img decoding=\"async\" class=\"aligncenter\" src=\"https:\/\/lh6.googleusercontent.com\/-EXML7nP_M64\/UiW27Zkk16I\/AAAAAAAABGI\/eJ3iOYQtn2E\/w1043-h466-no\/oca_1.png\" width=\"800\"><\/p>\n<p>Una volta selezionati i pittogrammi che utilizzeremo nel <strong>passaggio 1<\/strong>, facciamo clic sulla scheda <strong>Passaggio 2<\/strong> e viene visualizzata la seguente finestra:<\/p>\n<p><img decoding=\"async\" class=\"aligncenter\" src=\"https:\/\/lh4.googleusercontent.com\/-OGCyMqYg_9c\/UekWrhwVuCI\/AAAAAAAAAus\/bs58gd0D4Cs\/w576-h370-no\/juego_oca_paso_2.png\"><\/p>\n<div class=\"separator\">In questo secondo passaggio puoi configurare il <strong>Formato Cart<\/strong>a, <strong>l&#8217;enunciazione<\/strong> del nostro tabellone e alcuni <strong>aspetti visivi<\/strong> relativi ai bordi. Premendo il pulsante <strong>Generate Goose Board<\/strong> verr\u00e0 generato un <strong>documento RTF<\/strong> che pu\u00f2 essere aperto e modificato con <strong>Microsoft Word <\/strong>o <strong>Open Office<\/strong> prima della stampa.<\/div>\n<p><img decoding=\"async\" class=\"aligncenter\" src=\"http:\/\/3.bp.blogspot.com\/-VTdnDv38coY\/UI1XMzXDb0I\/AAAAAAAAFsg\/470s2Uplw6s\/s1600\/oca.jpg\"><\/p>\n<\/div><\/section>\n<\/div><\/div><\/div><!-- close content main div --><\/div><\/div><div id='av-layout-grid-2'  class='av-layout-grid-container av-c4ma5a-a3095d23d61483691f20c466c593e155 entry-content-wrapper main_color av-flex-cells  avia-builder-el-7  el_after_av_textblock  avia-builder-el-last  grid-row-not-first  container_wrap fullsize'  >\n\n<style type=\"text\/css\" data-created_by=\"avia_inline_auto\" id=\"style-css-av-a4wu1q-f48afcc7e05825d5d76fc83603db7064\">\n.flex_cell.av-a4wu1q-f48afcc7e05825d5d76fc83603db7064{\nvertical-align:top;\n}\n.responsive #top #wrap_all .flex_cell.av-a4wu1q-f48afcc7e05825d5d76fc83603db7064{\npadding:30px 30px 30px 30px !important;\n}\n<\/style>\n<div class='flex_cell av-a4wu1q-f48afcc7e05825d5d76fc83603db7064 av-gridrow-cell av_one_fifth no_margin  avia-builder-el-8  el_before_av_cell_one_fifth  avia-builder-el-first ' ><div class='flex_cell_inner'><\/div><\/div>\n<style type=\"text\/css\" data-created_by=\"avia_inline_auto\" id=\"style-css-av-8vqodq-c077d16cba5cd5fa17c80b932c8d2b17\">\n.flex_cell.av-8vqodq-c077d16cba5cd5fa17c80b932c8d2b17{\nvertical-align:top;\n}\n.responsive #top #wrap_all .flex_cell.av-8vqodq-c077d16cba5cd5fa17c80b932c8d2b17{\npadding:30px 30px 30px 30px !important;\n}\n<\/style>\n<div class='flex_cell av-8vqodq-c077d16cba5cd5fa17c80b932c8d2b17 av-gridrow-cell av_one_fifth no_margin  avia-builder-el-9  el_after_av_cell_one_fifth  el_before_av_cell_one_fifth ' ><div class='flex_cell_inner'><\/div><\/div>\n<style type=\"text\/css\" data-created_by=\"avia_inline_auto\" id=\"style-css-av-76b66m-ac888e4cb83366ac5a72620c373c242c\">\n.flex_cell.av-76b66m-ac888e4cb83366ac5a72620c373c242c{\nvertical-align:top;\n}\n.responsive #top #wrap_all .flex_cell.av-76b66m-ac888e4cb83366ac5a72620c373c242c{\npadding:30px 30px 30px 30px !important;\n}\n<\/style>\n<div class='flex_cell av-76b66m-ac888e4cb83366ac5a72620c373c242c av-gridrow-cell av_one_fifth no_margin  avia-builder-el-10  el_after_av_cell_one_fifth  el_before_av_cell_one_fifth ' ><div class='flex_cell_inner'>\n<style type=\"text\/css\" data-created_by=\"avia_inline_auto\" id=\"style-css-av-56qfu6-3a4a2f24f5d61d894b98f6de00e19848\">\n.avia-image-container.av-56qfu6-3a4a2f24f5d61d894b98f6de00e19848 img.avia_image{\nbox-shadow:none;\n}\n.avia-image-container.av-56qfu6-3a4a2f24f5d61d894b98f6de00e19848 .av-image-caption-overlay-center{\ncolor:#ffffff;\n}\n<\/style>\n<div  class='avia-image-container av-56qfu6-3a4a2f24f5d61d894b98f6de00e19848 av-styling- avia-align-center  avia-builder-el-11  avia-builder-el-no-sibling '   itemprop=\"image\" itemscope=\"itemscope\" itemtype=\"https:\/\/schema.org\/ImageObject\" ><div class=\"avia-image-container-inner\"><div class=\"avia-image-overlay-wrap\"><a href=\"https:\/\/aulaabierta.arasaac.org\/it\/strumenti-online-arasaac\" class='avia_image' ><img decoding=\"async\" class='wp-image-23883 avia-img-lazy-loading-not-23883 avia_image ' src=\"https:\/\/aulaabierta.arasaac.org\/wp-content\/uploads\/2016\/12\/casa-80x80.png\" alt='' title='Inizio'  height=\"80\" width=\"80\"  itemprop=\"thumbnailUrl\" srcset=\"https:\/\/aulaabierta.arasaac.org\/wp-content\/uploads\/2016\/12\/casa-80x80.png 80w, https:\/\/aulaabierta.arasaac.org\/wp-content\/uploads\/2016\/12\/casa-300x300.png 300w, https:\/\/aulaabierta.arasaac.org\/wp-content\/uploads\/2016\/12\/casa-36x36.png 36w, https:\/\/aulaabierta.arasaac.org\/wp-content\/uploads\/2016\/12\/casa-180x180.png 180w, https:\/\/aulaabierta.arasaac.org\/wp-content\/uploads\/2016\/12\/casa-120x120.png 120w, https:\/\/aulaabierta.arasaac.org\/wp-content\/uploads\/2016\/12\/casa-450x450.png 450w, https:\/\/aulaabierta.arasaac.org\/wp-content\/uploads\/2016\/12\/casa.png 500w\" sizes=\"(max-width: 80px) 100vw, 80px\" \/><\/a><\/div><\/div><\/div>\n<\/div><\/div>\n<style type=\"text\/css\" data-created_by=\"avia_inline_auto\" id=\"style-css-av-3pk032-dc9ca651236c322383b952feb8348c7d\">\n.flex_cell.av-3pk032-dc9ca651236c322383b952feb8348c7d{\nvertical-align:top;\n}\n.responsive #top #wrap_all .flex_cell.av-3pk032-dc9ca651236c322383b952feb8348c7d{\npadding:30px 30px 30px 30px !important;\n}\n<\/style>\n<div class='flex_cell av-3pk032-dc9ca651236c322383b952feb8348c7d av-gridrow-cell av_one_fifth no_margin  avia-builder-el-12  el_after_av_cell_one_fifth  el_before_av_cell_one_fifth ' ><div class='flex_cell_inner'><\/div><\/div>\n<style type=\"text\/css\" data-created_by=\"avia_inline_auto\" id=\"style-css-av-3935hq-1ce30bc258b1189ae61dc8e786c6a600\">\n.flex_cell.av-3935hq-1ce30bc258b1189ae61dc8e786c6a600{\nvertical-align:top;\n}\n.responsive #top #wrap_all .flex_cell.av-3935hq-1ce30bc258b1189ae61dc8e786c6a600{\npadding:30px 30px 30px 30px !important;\n}\n<\/style>\n<div class='flex_cell av-3935hq-1ce30bc258b1189ae61dc8e786c6a600 av-gridrow-cell av_one_fifth no_margin  avia-builder-el-13  el_after_av_cell_one_fifth  avia-builder-el-last ' ><div class='flex_cell_inner'><\/div><\/div>\n<\/div>\n","protected":false},"excerpt":{"rendered":"","protected":false},"author":5,"featured_media":0,"parent":0,"menu_order":0,"comment_status":"closed","ping_status":"closed","template":"","meta":{"om_disable_all_campaigns":false,"_monsterinsights_skip_tracking":false,"_monsterinsights_sitenote_active":false,"_monsterinsights_sitenote_note":"","_monsterinsights_sitenote_category":0,"_uf_show_specific_survey":0,"_uf_disable_surveys":false,"footnotes":""},"class_list":["post-77723","page","type-page","status-publish","hentry"],"aioseo_notices":[],"_links":{"self":[{"href":"https:\/\/aulaabierta.arasaac.org\/it\/wp-json\/wp\/v2\/pages\/77723","targetHints":{"allow":["GET"]}}],"collection":[{"href":"https:\/\/aulaabierta.arasaac.org\/it\/wp-json\/wp\/v2\/pages"}],"about":[{"href":"https:\/\/aulaabierta.arasaac.org\/it\/wp-json\/wp\/v2\/types\/page"}],"author":[{"embeddable":true,"href":"https:\/\/aulaabierta.arasaac.org\/it\/wp-json\/wp\/v2\/users\/5"}],"replies":[{"embeddable":true,"href":"https:\/\/aulaabierta.arasaac.org\/it\/wp-json\/wp\/v2\/comments?post=77723"}],"version-history":[{"count":26,"href":"https:\/\/aulaabierta.arasaac.org\/it\/wp-json\/wp\/v2\/pages\/77723\/revisions"}],"predecessor-version":[{"id":145045,"href":"https:\/\/aulaabierta.arasaac.org\/it\/wp-json\/wp\/v2\/pages\/77723\/revisions\/145045"}],"wp:attachment":[{"href":"https:\/\/aulaabierta.arasaac.org\/it\/wp-json\/wp\/v2\/media?parent=77723"}],"curies":[{"name":"wp","href":"https:\/\/api.w.org\/{rel}","templated":true}]}}