{"id":80816,"date":"2016-12-13T16:23:29","date_gmt":"2016-12-13T16:23:29","guid":{"rendered":"https:\/\/aulaabierta.arasaac.org\/araword-menu-archivo"},"modified":"2023-02-09T11:25:13","modified_gmt":"2023-02-09T10:25:13","slug":"araword-3-menu-file-it","status":"publish","type":"page","link":"https:\/\/aulaabierta.arasaac.org\/it\/araword-3-menu-file-it","title":{"rendered":"AraWord &#8211; 3 &#8211; Menu File"},"content":{"rendered":"<div id='av-layout-grid-1'  class='av-layout-grid-container av-37tnu9-147df344d96898a282acd0db4bbf3b96 entry-content-wrapper alternate_color av-border-cells av-flex-cells  avia-builder-el-0  el_before_av_textblock  avia-builder-el-first   container_wrap fullsize'  >\n\n<style type=\"text\/css\" data-created_by=\"avia_inline_auto\" id=\"style-css-av-34hmup-8a58bcc5fdc4ee9f5e3536a03c94f2d0\">\n.flex_cell.av-34hmup-8a58bcc5fdc4ee9f5e3536a03c94f2d0{\nvertical-align:top;\n}\n.responsive #top #wrap_all .flex_cell.av-34hmup-8a58bcc5fdc4ee9f5e3536a03c94f2d0{\npadding:30px 30px 30px 30px !important;\n}\n<\/style>\n<div class='flex_cell av-34hmup-8a58bcc5fdc4ee9f5e3536a03c94f2d0 av-gridrow-cell av_one_fifth no_margin  avia-builder-el-1  el_before_av_cell_four_fifth  avia-builder-el-first ' ><div class='flex_cell_inner'>\n<style type=\"text\/css\" data-created_by=\"avia_inline_auto\" id=\"style-css-av-2ye0zl-09d5195232a1ff67be2d795ec3834fc6\">\n.avia-image-container.av-2ye0zl-09d5195232a1ff67be2d795ec3834fc6 img.avia_image{\nbox-shadow:none;\n}\n.avia-image-container.av-2ye0zl-09d5195232a1ff67be2d795ec3834fc6 .av-caption-image-overlay-bg{\nopacity:0.4;\nbackground-color:#444444;\n}\n.avia-image-container.av-2ye0zl-09d5195232a1ff67be2d795ec3834fc6 .av-image-caption-overlay-center{\ncolor:#ffffff;\n}\n<\/style>\n<div  class='avia-image-container av-2ye0zl-09d5195232a1ff67be2d795ec3834fc6 av-styling- avia-align-left  avia-builder-el-2  avia-builder-el-no-sibling  noHover av-overlay-on-hover'   itemprop=\"image\" itemscope=\"itemscope\" itemtype=\"https:\/\/schema.org\/ImageObject\" ><div class=\"avia-image-container-inner\"><div class=\"avia-image-overlay-wrap\"><a href=\"https:\/\/aulaabierta.arasaac.org\/it\/araword-inizio\" class='avia_image' ><div class=\"av-image-caption-overlay\"><div class=\"av-caption-image-overlay-bg\"><\/div><div class=\"av-image-caption-overlay-position\"><div class=\"av-image-caption-overlay-center\"><p>Torna all&#8217;inizio<\/p>\n<\/div><\/div><\/div><img decoding=\"async\" class='wp-image-23899 avia-img-lazy-loading-not-23899 avia_image ' src=\"https:\/\/aulaabierta.arasaac.org\/wp-content\/uploads\/2016\/12\/AraWord-PC.jpg\" alt='' title='AraWord PC'  height=\"862\" width=\"862\"  itemprop=\"thumbnailUrl\" srcset=\"https:\/\/aulaabierta.arasaac.org\/wp-content\/uploads\/2016\/12\/AraWord-PC.jpg 862w, https:\/\/aulaabierta.arasaac.org\/wp-content\/uploads\/2016\/12\/AraWord-PC-80x80.jpg 80w, https:\/\/aulaabierta.arasaac.org\/wp-content\/uploads\/2016\/12\/AraWord-PC-300x300.jpg 300w, https:\/\/aulaabierta.arasaac.org\/wp-content\/uploads\/2016\/12\/AraWord-PC-768x768.jpg 768w, https:\/\/aulaabierta.arasaac.org\/wp-content\/uploads\/2016\/12\/AraWord-PC-36x36.jpg 36w, https:\/\/aulaabierta.arasaac.org\/wp-content\/uploads\/2016\/12\/AraWord-PC-180x180.jpg 180w, https:\/\/aulaabierta.arasaac.org\/wp-content\/uploads\/2016\/12\/AraWord-PC-705x705.jpg 705w, https:\/\/aulaabierta.arasaac.org\/wp-content\/uploads\/2016\/12\/AraWord-PC-120x120.jpg 120w, https:\/\/aulaabierta.arasaac.org\/wp-content\/uploads\/2016\/12\/AraWord-PC-450x450.jpg 450w\" sizes=\"(max-width: 862px) 100vw, 862px\" \/><\/a><\/div><\/div><\/div>\n<\/div><\/div>\n<style type=\"text\/css\" data-created_by=\"avia_inline_auto\" id=\"style-css-av-2ovo55-4c1ce7483872c4a637971c6198bfaefa\">\n.flex_cell.av-2ovo55-4c1ce7483872c4a637971c6198bfaefa{\nvertical-align:middle;\n}\n.responsive #top #wrap_all .flex_cell.av-2ovo55-4c1ce7483872c4a637971c6198bfaefa{\npadding:30px 30px 30px 30px !important;\n}\n<\/style>\n<div class='flex_cell av-2ovo55-4c1ce7483872c4a637971c6198bfaefa av-gridrow-cell av_four_fifth no_margin  avia-builder-el-3  el_after_av_cell_one_fifth  avia-builder-el-last ' ><div class='flex_cell_inner'>\n<style type=\"text\/css\" data-created_by=\"avia_inline_auto\" id=\"style-css-av-9fudt-0169a7eb5c76d11d1690ae829fe15e3e\">\n#top .av-special-heading.av-9fudt-0169a7eb5c76d11d1690ae829fe15e3e{\npadding-bottom:0;\n}\nbody .av-special-heading.av-9fudt-0169a7eb5c76d11d1690ae829fe15e3e .av-special-heading-tag .heading-char{\nfont-size:25px;\n}\n#top #wrap_all .av-special-heading.av-9fudt-0169a7eb5c76d11d1690ae829fe15e3e .av-special-heading-tag{\nfont-size:26px;\n}\n.av-special-heading.av-9fudt-0169a7eb5c76d11d1690ae829fe15e3e .av-subheading{\nfont-size:15px;\n}\n<\/style>\n<div  class='av-special-heading av-9fudt-0169a7eb5c76d11d1690ae829fe15e3e av-special-heading-h2  avia-builder-el-4  avia-builder-el-no-sibling '><h2 class='av-special-heading-tag'  itemprop=\"headline\"  >3. MEN\u00d9 FILE<\/h2><div class=\"special-heading-border\"><div class=\"special-heading-inner-border\"><\/div><\/div><\/div>\n<\/div><\/div>\n<\/div><div id='after_grid_row_1'  class='main_color av_default_container_wrap container_wrap fullsize'  ><div class='container av-section-cont-open' ><div class='template-page content  av-content-full alpha units'><div class='post-entry post-entry-type-page post-entry-80816'><div class='entry-content-wrapper clearfix'>\n<section  class='av_textblock_section av-2flha1-7e4bbb8f3e79d96fc5f99d0659db0d41'  itemscope=\"itemscope\" itemtype=\"https:\/\/schema.org\/CreativeWork\" ><div class='avia_textblock'  itemprop=\"text\" ><p><img loading=\"lazy\" decoding=\"async\" class=\"aligncenter size-full wp-image-932\" src=\"https:\/\/aulaabierta.arasaac.org\/wp-content\/uploads\/2016\/12\/by-nc-sa.eu_petit.png\" alt=\"\" width=\"118\" height=\"41\"><\/p>\n<h6 style=\"text-align: center;\">Quest&#8217;opera \u00e8 sotto licenza di <a href=\"http:\/\/creativecommons.org\/licenses\/by-nc-sa\/4.0\/\" rel=\"license\">Creative Commons Attribuzione-Non Commerciale-Condividi Allo stesso modo 4.0 Licenza Internazionale.<\/a><\/h6>\n<hr>\n<\/div><\/section>\n\n<style type=\"text\/css\" data-created_by=\"avia_inline_auto\" id=\"style-css-av-av_heading-e44415a91442e6fcbc4aa4a4554d7a44\">\n#top .av-special-heading.av-av_heading-e44415a91442e6fcbc4aa4a4554d7a44{\npadding-bottom:10px;\n}\nbody .av-special-heading.av-av_heading-e44415a91442e6fcbc4aa4a4554d7a44 .av-special-heading-tag .heading-char{\nfont-size:25px;\n}\n.av-special-heading.av-av_heading-e44415a91442e6fcbc4aa4a4554d7a44 .av-subheading{\nfont-size:15px;\n}\n<\/style>\n<div  class='av-special-heading av-av_heading-e44415a91442e6fcbc4aa4a4554d7a44 av-special-heading-h3  avia-builder-el-6  el_after_av_textblock  el_before_av_textblock '><h3 class='av-special-heading-tag'  itemprop=\"headline\"  >Esercitazione<\/h3><div class=\"special-heading-border\"><div class=\"special-heading-inner-border\"><\/div><\/div><\/div>\n\n<style type=\"text\/css\" data-created_by=\"avia_inline_auto\" id=\"style-css-av-1ryt1t-401cd7a8517494814b2b48f338717cca\">\n#top .av_textblock_section.av-1ryt1t-401cd7a8517494814b2b48f338717cca .avia_textblock{\nfont-size:16px;\n}\n<\/style>\n<section  class='av_textblock_section av-1ryt1t-401cd7a8517494814b2b48f338717cca'  itemscope=\"itemscope\" itemtype=\"https:\/\/schema.org\/CreativeWork\" ><div class='avia_textblock'  itemprop=\"text\" ><p>Quando apriamo l&#8217;applicazione, osserviamo che l&#8217;interfaccia \u00e8 molto semplice e che la barra degli strumenti ha gli elementi pi\u00f9 basilari in modo che possa essere utilizzata, non solo da professionisti o famiglie, ma anche da utenti di sistemi di comunicazione aumentativa e alternativa. .<\/p>\n<p><img loading=\"lazy\" decoding=\"async\" class=\"aligncenter size-full wp-image-728\" src=\"https:\/\/aulaabierta.arasaac.org\/wp-content\/uploads\/2016\/12\/AW_8.png\" alt=\"\" width=\"881\" height=\"658\" srcset=\"https:\/\/aulaabierta.arasaac.org\/wp-content\/uploads\/2016\/12\/AW_8.png 881w, https:\/\/aulaabierta.arasaac.org\/wp-content\/uploads\/2016\/12\/AW_8-300x224.png 300w, https:\/\/aulaabierta.arasaac.org\/wp-content\/uploads\/2016\/12\/AW_8-768x574.png 768w, https:\/\/aulaabierta.arasaac.org\/wp-content\/uploads\/2016\/12\/AW_8-705x527.png 705w, https:\/\/aulaabierta.arasaac.org\/wp-content\/uploads\/2016\/12\/AW_8-450x336.png 450w\" sizes=\"auto, (max-width: 881px) 100vw, 881px\" \/><\/p>\n<p>Inizialmente, appare l&#8217;icona di <strong>AraWord<\/strong> che ci mostra <strong>dove si trova il cursore<\/strong>. Possiamo cancellarlo per iniziare a scrivere. Analizzeremo le diverse opzioni che appaiono nel menu <strong>File<\/strong>.<\/p>\n<p><img loading=\"lazy\" decoding=\"async\" class=\"alignnone size-full wp-image-23072\" src=\"https:\/\/aulaabierta.arasaac.org\/wp-content\/uploads\/2021\/10\/AraWord_menu_archivo_1.png\" alt=\"\" width=\"888\" height=\"351\" srcset=\"https:\/\/aulaabierta.arasaac.org\/wp-content\/uploads\/2021\/10\/AraWord_menu_archivo_1.png 888w, https:\/\/aulaabierta.arasaac.org\/wp-content\/uploads\/2021\/10\/AraWord_menu_archivo_1-300x119.png 300w, https:\/\/aulaabierta.arasaac.org\/wp-content\/uploads\/2021\/10\/AraWord_menu_archivo_1-768x304.png 768w, https:\/\/aulaabierta.arasaac.org\/wp-content\/uploads\/2021\/10\/AraWord_menu_archivo_1-705x279.png 705w, https:\/\/aulaabierta.arasaac.org\/wp-content\/uploads\/2021\/10\/AraWord_menu_archivo_1-450x178.png 450w\" sizes=\"auto, (max-width: 888px) 100vw, 888px\" \/><\/p>\n<p>Innanzitutto, viene visualizzata l&#8217;opzione <strong>Nuovo<\/strong>, che ci consente di <strong>iniziare a scrivere un nuovo testo<\/strong>. Successivamente abbiamo l&#8217;opzione <strong>Salva con nome&#8230;<\/strong>, che serve per salvare il testo su cui stiamo lavorando e per poterlo <strong>aprire<\/strong>, in seguito, per <strong>continuare con la scrittura del testo<\/strong> adattato su cui stiamo lavorando. Vengono memorizzati anche tutti quei pittogrammi personalizzati (che non fanno parte del database <a href=\"http:\/\/arasaac.org\/\"><strong>ARASAAC<\/strong><\/a>) che abbiamo importato in <strong>AraWord<\/strong> e utilizzato nel documento. In questo modo, indipendentemente dal computer su cui apriamo il documento, saremo sicuri che tutti i pittogrammi vengano visualizzati. I file vengono salvati con <strong>estensione .awd<\/strong>, quindi per aprirli dovremo farlo direttamente con l&#8217;opzione Apri, dall&#8217;applicazione stessa.<\/p>\n<p><img loading=\"lazy\" decoding=\"async\" class=\"aligncenter size-full wp-image-729\" src=\"https:\/\/aulaabierta.arasaac.org\/wp-content\/uploads\/2016\/12\/AW_10.png\" alt=\"\" width=\"625\" height=\"429\" srcset=\"https:\/\/aulaabierta.arasaac.org\/wp-content\/uploads\/2016\/12\/AW_10.png 625w, https:\/\/aulaabierta.arasaac.org\/wp-content\/uploads\/2016\/12\/AW_10-300x206.png 300w, https:\/\/aulaabierta.arasaac.org\/wp-content\/uploads\/2016\/12\/AW_10-450x309.png 450w\" sizes=\"auto, (max-width: 625px) 100vw, 625px\" \/><\/p>\n<p>Il menu <strong>Esporta come&#8230;<\/strong> offre due possibilit\u00e0: <strong>Esporta come immagine<\/strong> o <strong>Esporta come PDF<\/strong><\/p>\n<p><img loading=\"lazy\" decoding=\"async\" class=\"aligncenter size-full wp-image-731\" src=\"https:\/\/aulaabierta.arasaac.org\/wp-content\/uploads\/2016\/12\/AW_12.png\" alt=\"\" width=\"1101\" height=\"765\" srcset=\"https:\/\/aulaabierta.arasaac.org\/wp-content\/uploads\/2016\/12\/AW_12.png 1101w, https:\/\/aulaabierta.arasaac.org\/wp-content\/uploads\/2016\/12\/AW_12-300x208.png 300w, https:\/\/aulaabierta.arasaac.org\/wp-content\/uploads\/2016\/12\/AW_12-768x534.png 768w, https:\/\/aulaabierta.arasaac.org\/wp-content\/uploads\/2016\/12\/AW_12-1030x716.png 1030w, https:\/\/aulaabierta.arasaac.org\/wp-content\/uploads\/2016\/12\/AW_12-705x490.png 705w, https:\/\/aulaabierta.arasaac.org\/wp-content\/uploads\/2016\/12\/AW_12-450x313.png 450w\" sizes=\"auto, (max-width: 1101px) 100vw, 1101px\" \/><\/p>\n<p>All&#8217;interno dell&#8217;opzione <strong>Esporta come&#8230; Immagine<\/strong>, si consiglia di utilizzare il formato JPG. Se utilizzi questa opzione, una volta che il documento \u00e8 stato salvato come immagine, puoi <strong>inserire l&#8217;immagine in qualsiasi documento o presentazione<\/strong>.<\/p>\n<p><img loading=\"lazy\" decoding=\"async\" class=\"size-full wp-image-23031 alignnone\" src=\"https:\/\/aulaabierta.arasaac.org\/wp-content\/uploads\/2021\/10\/AraWord_Texto.png\" alt=\"\" width=\"1556\" height=\"845\" srcset=\"https:\/\/aulaabierta.arasaac.org\/wp-content\/uploads\/2021\/10\/AraWord_Texto.png 1556w, https:\/\/aulaabierta.arasaac.org\/wp-content\/uploads\/2021\/10\/AraWord_Texto-300x163.png 300w, https:\/\/aulaabierta.arasaac.org\/wp-content\/uploads\/2021\/10\/AraWord_Texto-1030x559.png 1030w, https:\/\/aulaabierta.arasaac.org\/wp-content\/uploads\/2021\/10\/AraWord_Texto-768x417.png 768w, https:\/\/aulaabierta.arasaac.org\/wp-content\/uploads\/2021\/10\/AraWord_Texto-1536x834.png 1536w, https:\/\/aulaabierta.arasaac.org\/wp-content\/uploads\/2021\/10\/AraWord_Texto-1500x815.png 1500w, https:\/\/aulaabierta.arasaac.org\/wp-content\/uploads\/2021\/10\/AraWord_Texto-705x383.png 705w, https:\/\/aulaabierta.arasaac.org\/wp-content\/uploads\/2021\/10\/AraWord_Texto-450x244.png 450w\" sizes=\"auto, (max-width: 1556px) 100vw, 1556px\" \/><\/p>\n<p>In alcune occasioni, salvando l&#8217;immagine e inserendola, pu\u00f2 capitare di notare che l&#8217;immagine contiene uno spazio vuoto attorno ad essa. Per fare ci\u00f2, le diverse applicazioni di modifica del testo e creazione di presentazioni incorporano funzioni di ritaglio delle immagini, che possiamo utilizzare per ottimizzarle.<\/p>\n<p>L&#8217;altra opzione che troveremo e che ci consente di <strong>stampare<\/strong> i documenti \u00e8 tramite l&#8217;opzione <strong>Esporta come &#8230;. PDF<\/strong>.<\/p>\n<p>Il <strong>menu Esporta PDF<\/strong> ci offre diverse possibilit\u00e0, che mentre configuriamo, vengono mostrate nella finestra Anteprima:<\/p>\n<p><img loading=\"lazy\" decoding=\"async\" class=\"size-full wp-image-23032 aligncenter\" src=\"https:\/\/aulaabierta.arasaac.org\/wp-content\/uploads\/2021\/10\/AraWord_Texto_pdf.png\" alt=\"\" width=\"1598\" height=\"846\" srcset=\"https:\/\/aulaabierta.arasaac.org\/wp-content\/uploads\/2021\/10\/AraWord_Texto_pdf.png 1598w, https:\/\/aulaabierta.arasaac.org\/wp-content\/uploads\/2021\/10\/AraWord_Texto_pdf-300x159.png 300w, https:\/\/aulaabierta.arasaac.org\/wp-content\/uploads\/2021\/10\/AraWord_Texto_pdf-1030x545.png 1030w, https:\/\/aulaabierta.arasaac.org\/wp-content\/uploads\/2021\/10\/AraWord_Texto_pdf-768x407.png 768w, https:\/\/aulaabierta.arasaac.org\/wp-content\/uploads\/2021\/10\/AraWord_Texto_pdf-1536x813.png 1536w, https:\/\/aulaabierta.arasaac.org\/wp-content\/uploads\/2021\/10\/AraWord_Texto_pdf-1500x794.png 1500w, https:\/\/aulaabierta.arasaac.org\/wp-content\/uploads\/2021\/10\/AraWord_Texto_pdf-710x375.png 710w, https:\/\/aulaabierta.arasaac.org\/wp-content\/uploads\/2021\/10\/AraWord_Texto_pdf-705x373.png 705w, https:\/\/aulaabierta.arasaac.org\/wp-content\/uploads\/2021\/10\/AraWord_Texto_pdf-450x238.png 450w\" sizes=\"auto, (max-width: 1598px) 100vw, 1598px\" \/><\/p>\n<ul>\n<li><strong>Numero di pittogrammi per riga<\/strong>: questa opzione ci permette di regolare il numero di pittogrammi che vengono inseriti in ogni riga. Man mano che regoliamo il numero di immagini per riga, vengono aggiunte le righe necessarie per contenere tutto il testo.<\/li>\n<li><strong>Aggiungi licenza <a href=\"http:\/\/arasaac.org\/\">ARASAAC<\/a><\/strong>: questa opzione \u00e8 attivata di default e aggiunge i termini della licenza ARASAAC a pi\u00e8 di pagina del documento, garantendoci la possibilit\u00e0 di distribuire il documento liberamente.<\/li>\n<li><strong>PDF Orizzontale<\/strong>: quando si attiva questa opzione, il documento cambia il proprio orientamento in Orizzontale (Orizzontale).<\/li>\n<\/ul>\n<p>Una volta definite le opzioni che ci interessano e personalizzato l&#8217;aspetto finale del documento, premeremo il pulsante &#8220;Esporta PDF&#8221;, che aprir\u00e0 una finestra di dialogo per salvare il PDF sul nostro computer.<\/p>\n<p><img loading=\"lazy\" decoding=\"async\" class=\"aligncenter size-full wp-image-733\" src=\"https:\/\/aulaabierta.arasaac.org\/wp-content\/uploads\/2016\/12\/AW_14.png\" alt=\"\" width=\"625\" height=\"429\" srcset=\"https:\/\/aulaabierta.arasaac.org\/wp-content\/uploads\/2016\/12\/AW_14.png 625w, https:\/\/aulaabierta.arasaac.org\/wp-content\/uploads\/2016\/12\/AW_14-300x206.png 300w, https:\/\/aulaabierta.arasaac.org\/wp-content\/uploads\/2016\/12\/AW_14-450x309.png 450w\" sizes=\"auto, (max-width: 625px) 100vw, 625px\" \/><\/p>\n<p>Una volta salvato possiamo aprirlo con qualsiasi lettore di questo tipo di formato e stamparlo da l\u00ec.<\/p>\n<\/div><\/section>\n<\/div><\/div><\/div><!-- close content main div --><\/div><\/div><div id='av-layout-grid-2'  class='av-layout-grid-container av-1ixpch-c1e3b8abde98ccd95a02ef5d64384831 entry-content-wrapper main_color av-border-top-bottom av-flex-cells  avia-builder-el-8  el_after_av_textblock  avia-builder-el-last  grid-row-not-first  container_wrap fullsize'  >\n\n<style type=\"text\/css\" data-created_by=\"avia_inline_auto\" id=\"style-css-av-1gwqsx-118ebe20ef0e2696232d5567fdc8c085\">\n.flex_cell.av-1gwqsx-118ebe20ef0e2696232d5567fdc8c085{\nvertical-align:top;\n}\n.responsive #top #wrap_all .flex_cell.av-1gwqsx-118ebe20ef0e2696232d5567fdc8c085{\npadding:30px 30px 30px 30px !important;\n}\n<\/style>\n<div class='flex_cell av-1gwqsx-118ebe20ef0e2696232d5567fdc8c085 av-gridrow-cell av_one_fifth no_margin  avia-builder-el-9  el_before_av_cell_one_fifth  avia-builder-el-first ' ><div class='flex_cell_inner'>\n<style type=\"text\/css\" data-created_by=\"avia_inline_auto\" id=\"style-css-av-18drvl-674ddb871f753d42432e599e05b8a115\">\n.avia-image-container.av-18drvl-674ddb871f753d42432e599e05b8a115 img.avia_image{\nbox-shadow:none;\n}\n.avia-image-container.av-18drvl-674ddb871f753d42432e599e05b8a115 .av-image-caption-overlay-center{\ncolor:#ffffff;\n}\n<\/style>\n<div  class='avia-image-container av-18drvl-674ddb871f753d42432e599e05b8a115 av-styling- avia-align-center  avia-builder-el-10  avia-builder-el-no-sibling '   itemprop=\"image\" itemscope=\"itemscope\" itemtype=\"https:\/\/schema.org\/ImageObject\" ><div class=\"avia-image-container-inner\"><div class=\"avia-image-overlay-wrap\"><a href=\"https:\/\/aulaabierta.arasaac.org\/it\/araword-installazione-e-aggiornamento-del-database-di-pittogrammi\" class='avia_image' ><img decoding=\"async\" class='wp-image-23881 avia-img-lazy-loading-not-23881 avia_image ' src=\"https:\/\/aulaabierta.arasaac.org\/wp-content\/uploads\/2016\/12\/before-80x80.png\" alt='' title='before'  height=\"80\" width=\"80\"  itemprop=\"thumbnailUrl\" srcset=\"https:\/\/aulaabierta.arasaac.org\/wp-content\/uploads\/2016\/12\/before-80x80.png 80w, https:\/\/aulaabierta.arasaac.org\/wp-content\/uploads\/2016\/12\/before-36x36.png 36w, https:\/\/aulaabierta.arasaac.org\/wp-content\/uploads\/2016\/12\/before-120x120.png 120w, https:\/\/aulaabierta.arasaac.org\/wp-content\/uploads\/2016\/12\/before.png 128w\" sizes=\"(max-width: 80px) 100vw, 80px\" \/><\/a><\/div><\/div><\/div>\n<\/div><\/div>\n<style type=\"text\/css\" data-created_by=\"avia_inline_auto\" id=\"style-css-av-12xc49-cb884271633d262d61141093b1abdd75\">\n.flex_cell.av-12xc49-cb884271633d262d61141093b1abdd75{\nvertical-align:top;\n}\n.responsive #top #wrap_all .flex_cell.av-12xc49-cb884271633d262d61141093b1abdd75{\npadding:30px 30px 30px 30px !important;\n}\n<\/style>\n<div class='flex_cell av-12xc49-cb884271633d262d61141093b1abdd75 av-gridrow-cell av_one_fifth no_margin  avia-builder-el-11  el_after_av_cell_one_fifth  el_before_av_cell_one_fifth ' ><div class='flex_cell_inner'><\/div><\/div>\n<style type=\"text\/css\" data-created_by=\"avia_inline_auto\" id=\"style-css-av-zapyh-77055633a68ae92c06366601fdf60260\">\n.flex_cell.av-zapyh-77055633a68ae92c06366601fdf60260{\nvertical-align:top;\n}\n.responsive #top #wrap_all .flex_cell.av-zapyh-77055633a68ae92c06366601fdf60260{\npadding:30px 30px 30px 30px !important;\n}\n<\/style>\n<div class='flex_cell av-zapyh-77055633a68ae92c06366601fdf60260 av-gridrow-cell av_one_fifth no_margin  avia-builder-el-12  el_after_av_cell_one_fifth  el_before_av_cell_one_fifth ' ><div class='flex_cell_inner'>\n<style type=\"text\/css\" data-created_by=\"avia_inline_auto\" id=\"style-css-av-q3dpt-79abb25da785d1ca566546ca3bb14699\">\n.avia-image-container.av-q3dpt-79abb25da785d1ca566546ca3bb14699 img.avia_image{\nbox-shadow:none;\n}\n.avia-image-container.av-q3dpt-79abb25da785d1ca566546ca3bb14699 .av-image-caption-overlay-center{\ncolor:#ffffff;\n}\n<\/style>\n<div  class='avia-image-container av-q3dpt-79abb25da785d1ca566546ca3bb14699 av-styling- avia-align-center  avia-builder-el-13  avia-builder-el-no-sibling '   itemprop=\"image\" itemscope=\"itemscope\" itemtype=\"https:\/\/schema.org\/ImageObject\" ><div class=\"avia-image-container-inner\"><div class=\"avia-image-overlay-wrap\"><a href=\"https:\/\/aulaabierta.arasaac.org\/it\/araword-inizio\" class='avia_image' ><img decoding=\"async\" class='wp-image-23883 avia-img-lazy-loading-not-23883 avia_image ' src=\"https:\/\/aulaabierta.arasaac.org\/wp-content\/uploads\/2016\/12\/casa-80x80.png\" alt='' title='Inizio'  height=\"80\" width=\"80\"  itemprop=\"thumbnailUrl\" srcset=\"https:\/\/aulaabierta.arasaac.org\/wp-content\/uploads\/2016\/12\/casa-80x80.png 80w, https:\/\/aulaabierta.arasaac.org\/wp-content\/uploads\/2016\/12\/casa-300x300.png 300w, https:\/\/aulaabierta.arasaac.org\/wp-content\/uploads\/2016\/12\/casa-36x36.png 36w, https:\/\/aulaabierta.arasaac.org\/wp-content\/uploads\/2016\/12\/casa-180x180.png 180w, https:\/\/aulaabierta.arasaac.org\/wp-content\/uploads\/2016\/12\/casa-120x120.png 120w, https:\/\/aulaabierta.arasaac.org\/wp-content\/uploads\/2016\/12\/casa-450x450.png 450w, https:\/\/aulaabierta.arasaac.org\/wp-content\/uploads\/2016\/12\/casa.png 500w\" sizes=\"(max-width: 80px) 100vw, 80px\" \/><\/a><\/div><\/div><\/div>\n<\/div><\/div>\n<style type=\"text\/css\" data-created_by=\"avia_inline_auto\" id=\"style-css-av-23nkx-a7f7d7222d8ebdc70a80ca7e5dda83f2\">\n.flex_cell.av-23nkx-a7f7d7222d8ebdc70a80ca7e5dda83f2{\nvertical-align:top;\n}\n.responsive #top #wrap_all .flex_cell.av-23nkx-a7f7d7222d8ebdc70a80ca7e5dda83f2{\npadding:30px 30px 30px 30px !important;\n}\n<\/style>\n<div class='flex_cell av-23nkx-a7f7d7222d8ebdc70a80ca7e5dda83f2 av-gridrow-cell av_one_fifth no_margin  avia-builder-el-14  el_after_av_cell_one_fifth  el_before_av_cell_one_fifth ' ><div class='flex_cell_inner'><\/div><\/div>\n<style type=\"text\/css\" data-created_by=\"avia_inline_auto\" id=\"style-css-av-d66sx-fe67ed725e5d67c6956cbf9d31fd46a9\">\n.flex_cell.av-d66sx-fe67ed725e5d67c6956cbf9d31fd46a9{\nvertical-align:top;\n}\n.responsive #top #wrap_all .flex_cell.av-d66sx-fe67ed725e5d67c6956cbf9d31fd46a9{\npadding:30px 30px 30px 30px !important;\n}\n<\/style>\n<div class='flex_cell av-d66sx-fe67ed725e5d67c6956cbf9d31fd46a9 av-gridrow-cell av_one_fifth no_margin  avia-builder-el-15  el_after_av_cell_one_fifth  avia-builder-el-last ' ><div class='flex_cell_inner'>\n<style type=\"text\/css\" data-created_by=\"avia_inline_auto\" id=\"style-css-av-7qha1-af8984678a00028744c6b1c636305e50\">\n.avia-image-container.av-7qha1-af8984678a00028744c6b1c636305e50 img.avia_image{\nbox-shadow:none;\n}\n.avia-image-container.av-7qha1-af8984678a00028744c6b1c636305e50 .av-image-caption-overlay-center{\ncolor:#ffffff;\n}\n<\/style>\n<div  class='avia-image-container av-7qha1-af8984678a00028744c6b1c636305e50 av-styling- avia-align-center  avia-builder-el-16  avia-builder-el-no-sibling '   itemprop=\"image\" itemscope=\"itemscope\" itemtype=\"https:\/\/schema.org\/ImageObject\" ><div class=\"avia-image-container-inner\"><div class=\"avia-image-overlay-wrap\"><a href=\"https:\/\/aulaabierta.arasaac.org\/it\/araword-5-menu-testo\" class='avia_image' ><img decoding=\"async\" class='wp-image-23882 avia-img-lazy-loading-not-23882 avia_image ' src=\"https:\/\/aulaabierta.arasaac.org\/wp-content\/uploads\/2016\/12\/next-80x80.png\" alt='' title='next'  height=\"80\" width=\"80\"  itemprop=\"thumbnailUrl\" srcset=\"https:\/\/aulaabierta.arasaac.org\/wp-content\/uploads\/2016\/12\/next-80x80.png 80w, https:\/\/aulaabierta.arasaac.org\/wp-content\/uploads\/2016\/12\/next-36x36.png 36w, https:\/\/aulaabierta.arasaac.org\/wp-content\/uploads\/2016\/12\/next-120x120.png 120w, https:\/\/aulaabierta.arasaac.org\/wp-content\/uploads\/2016\/12\/next.png 128w\" sizes=\"(max-width: 80px) 100vw, 80px\" \/><\/a><\/div><\/div><\/div>\n<\/div><\/div>\n<\/div>\n","protected":false},"excerpt":{"rendered":"","protected":false},"author":5,"featured_media":0,"parent":0,"menu_order":0,"comment_status":"closed","ping_status":"closed","template":"","meta":{"om_disable_all_campaigns":false,"_monsterinsights_skip_tracking":false,"_monsterinsights_sitenote_active":false,"_monsterinsights_sitenote_note":"","_monsterinsights_sitenote_category":0,"_uf_show_specific_survey":0,"_uf_disable_surveys":false,"footnotes":""},"class_list":["post-80816","page","type-page","status-publish","hentry"],"aioseo_notices":[],"_links":{"self":[{"href":"https:\/\/aulaabierta.arasaac.org\/it\/wp-json\/wp\/v2\/pages\/80816","targetHints":{"allow":["GET"]}}],"collection":[{"href":"https:\/\/aulaabierta.arasaac.org\/it\/wp-json\/wp\/v2\/pages"}],"about":[{"href":"https:\/\/aulaabierta.arasaac.org\/it\/wp-json\/wp\/v2\/types\/page"}],"author":[{"embeddable":true,"href":"https:\/\/aulaabierta.arasaac.org\/it\/wp-json\/wp\/v2\/users\/5"}],"replies":[{"embeddable":true,"href":"https:\/\/aulaabierta.arasaac.org\/it\/wp-json\/wp\/v2\/comments?post=80816"}],"version-history":[{"count":26,"href":"https:\/\/aulaabierta.arasaac.org\/it\/wp-json\/wp\/v2\/pages\/80816\/revisions"}],"predecessor-version":[{"id":89263,"href":"https:\/\/aulaabierta.arasaac.org\/it\/wp-json\/wp\/v2\/pages\/80816\/revisions\/89263"}],"wp:attachment":[{"href":"https:\/\/aulaabierta.arasaac.org\/it\/wp-json\/wp\/v2\/media?parent=80816"}],"curies":[{"name":"wp","href":"https:\/\/api.w.org\/{rel}","templated":true}]}}