{"id":82883,"date":"2018-11-19T13:22:54","date_gmt":"2018-11-19T12:22:54","guid":{"rendered":"https:\/\/aulaabierta.arasaac.org\/symbotalk-4-como-funciona"},"modified":"2023-02-09T11:29:23","modified_gmt":"2023-02-09T10:29:23","slug":"symbotalk-4-commento-fonctionne-it","status":"publish","type":"page","link":"https:\/\/aulaabierta.arasaac.org\/it\/symbotalk-4-commento-fonctionne-it","title":{"rendered":"Symbotalk &#8211; 4 &#8211; Commento fonctionne Symbotalk ?"},"content":{"rendered":"<div id='av-layout-grid-1'  class='av-layout-grid-container av-75ttxka-6a058204fb8aa27856587e95192c8787 entry-content-wrapper alternate_color av-border-cells av-flex-cells  avia-builder-el-0  el_before_av_textblock  avia-builder-el-first   container_wrap fullsize'  >\n\n<style type=\"text\/css\" data-created_by=\"avia_inline_auto\" id=\"style-css-av-6ssfs8a-3060f475e74878fa5fdae4017fac9d74\">\n.flex_cell.av-6ssfs8a-3060f475e74878fa5fdae4017fac9d74{\nvertical-align:top;\n}\n.responsive #top #wrap_all .flex_cell.av-6ssfs8a-3060f475e74878fa5fdae4017fac9d74{\npadding:30px 30px 30px 30px !important;\n}\n<\/style>\n<div class='flex_cell av-6ssfs8a-3060f475e74878fa5fdae4017fac9d74 av-gridrow-cell av_one_fifth no_margin  avia-builder-el-1  el_before_av_cell_four_fifth  avia-builder-el-first ' ><div class='flex_cell_inner'>\n<style type=\"text\/css\" data-created_by=\"avia_inline_auto\" id=\"style-css-av-69o4jre-51b9e763a67ae7f03cb73724f58a5453\">\n.avia-image-container.av-69o4jre-51b9e763a67ae7f03cb73724f58a5453 img.avia_image{\nbox-shadow:none;\n}\n.avia-image-container.av-69o4jre-51b9e763a67ae7f03cb73724f58a5453 .av-caption-image-overlay-bg{\nopacity:0.4;\nbackground-color:#000000;\n}\n.avia-image-container.av-69o4jre-51b9e763a67ae7f03cb73724f58a5453 .av-image-caption-overlay-center{\ncolor:#ffffff;\n}\n<\/style>\n<div  class='avia-image-container av-69o4jre-51b9e763a67ae7f03cb73724f58a5453 av-styling- avia-align-left  avia-builder-el-2  avia-builder-el-no-sibling  noHover av-overlay-on-hover'   itemprop=\"image\" itemscope=\"itemscope\" itemtype=\"https:\/\/schema.org\/ImageObject\" ><div class=\"avia-image-container-inner\"><div class=\"avia-image-overlay-wrap\"><a href=\"https:\/\/aulaabierta.arasaac.org\/it\/symbotalk-0-inizio-it\" class='avia_image' ><div class=\"av-image-caption-overlay\"><div class=\"av-caption-image-overlay-bg\"><\/div><div class=\"av-image-caption-overlay-position\"><div class=\"av-image-caption-overlay-center\"><p>Torna all&#8217;inizio<\/p>\n<\/div><\/div><\/div><img decoding=\"async\" class='wp-image-34809 avia-img-lazy-loading-not-34809 avia_image ' src=\"https:\/\/aulaabierta.arasaac.org\/wp-content\/uploads\/2018\/06\/Symbotalk_ARASAAC-300x300.png\" alt='' title='Symbotalk_ARASAAC'  height=\"300\" width=\"300\"  itemprop=\"thumbnailUrl\" srcset=\"https:\/\/aulaabierta.arasaac.org\/wp-content\/uploads\/2018\/06\/Symbotalk_ARASAAC-300x300.png 300w, https:\/\/aulaabierta.arasaac.org\/wp-content\/uploads\/2018\/06\/Symbotalk_ARASAAC-80x80.png 80w, https:\/\/aulaabierta.arasaac.org\/wp-content\/uploads\/2018\/06\/Symbotalk_ARASAAC-768x767.png 768w, https:\/\/aulaabierta.arasaac.org\/wp-content\/uploads\/2018\/06\/Symbotalk_ARASAAC-1030x1030.png 1030w, https:\/\/aulaabierta.arasaac.org\/wp-content\/uploads\/2018\/06\/Symbotalk_ARASAAC-36x36.png 36w, https:\/\/aulaabierta.arasaac.org\/wp-content\/uploads\/2018\/06\/Symbotalk_ARASAAC-180x180.png 180w, https:\/\/aulaabierta.arasaac.org\/wp-content\/uploads\/2018\/06\/Symbotalk_ARASAAC-705x705.png 705w, https:\/\/aulaabierta.arasaac.org\/wp-content\/uploads\/2018\/06\/Symbotalk_ARASAAC-120x120.png 120w, https:\/\/aulaabierta.arasaac.org\/wp-content\/uploads\/2018\/06\/Symbotalk_ARASAAC-450x450.png 450w, https:\/\/aulaabierta.arasaac.org\/wp-content\/uploads\/2018\/06\/Symbotalk_ARASAAC.png 1042w\" sizes=\"(max-width: 300px) 100vw, 300px\" \/><\/a><\/div><\/div><\/div>\n<\/div><\/div>\n<style type=\"text\/css\" data-created_by=\"avia_inline_auto\" id=\"style-css-av-5lbbh62-87e65bc2930ec3aa14c52ff54fabac66\">\n.flex_cell.av-5lbbh62-87e65bc2930ec3aa14c52ff54fabac66{\nvertical-align:middle;\n}\n.responsive #top #wrap_all .flex_cell.av-5lbbh62-87e65bc2930ec3aa14c52ff54fabac66{\npadding:30px 30px 30px 30px !important;\n}\n<\/style>\n<div class='flex_cell av-5lbbh62-87e65bc2930ec3aa14c52ff54fabac66 av-gridrow-cell av_four_fifth no_margin  avia-builder-el-3  el_after_av_cell_one_fifth  avia-builder-el-last ' ><div class='flex_cell_inner'>\n<style type=\"text\/css\" data-created_by=\"avia_inline_auto\" id=\"style-css-av-5hvygmi-3a984fa3c502c998c4d7395ff213bdbd\">\n#top .av-special-heading.av-5hvygmi-3a984fa3c502c998c4d7395ff213bdbd{\npadding-bottom:0;\n}\nbody .av-special-heading.av-5hvygmi-3a984fa3c502c998c4d7395ff213bdbd .av-special-heading-tag .heading-char{\nfont-size:25px;\n}\n#top #wrap_all .av-special-heading.av-5hvygmi-3a984fa3c502c998c4d7395ff213bdbd .av-special-heading-tag{\nfont-size:26px;\n}\n.av-special-heading.av-5hvygmi-3a984fa3c502c998c4d7395ff213bdbd .av-subheading{\nfont-size:15px;\n}\n<\/style>\n<div  class='av-special-heading av-5hvygmi-3a984fa3c502c998c4d7395ff213bdbd av-special-heading-h2  avia-builder-el-4  avia-builder-el-no-sibling '><h2 class='av-special-heading-tag'  itemprop=\"headline\"  >4. COMMENTO FONCTIONNE SYMBOTALK ?<\/h2><div class=\"special-heading-border\"><div class=\"special-heading-inner-border\"><\/div><\/div><\/div>\n<\/div><\/div>\n<\/div><div id='after_grid_row_1'  class='main_color av_default_container_wrap container_wrap fullsize'  ><div class='container av-section-cont-open' ><div class='template-page content  av-content-full alpha units'><div class='post-entry post-entry-type-page post-entry-82883'><div class='entry-content-wrapper clearfix'>\n\n<style type=\"text\/css\" data-created_by=\"avia_inline_auto\" id=\"style-css-av-4xm5bai-79f134085512721fdac5da02d42a262f\">\n#top .av_textblock_section.av-4xm5bai-79f134085512721fdac5da02d42a262f .avia_textblock{\nfont-size:16px;\n}\n<\/style>\n<section  class='av_textblock_section av-4xm5bai-79f134085512721fdac5da02d42a262f'  itemscope=\"itemscope\" itemtype=\"https:\/\/schema.org\/CreativeWork\" ><div class='avia_textblock'  itemprop=\"text\" ><h6 style=\"text-align: center;\"><img loading=\"lazy\" decoding=\"async\" class=\"aligncenter size-full wp-image-932\" src=\"https:\/\/aulaabierta.arasaac.org\/wp-content\/uploads\/2016\/12\/by-nc-sa.eu_petit.png\" alt=\"\" width=\"118\" height=\"41\">Quest&#8217;opera \u00e8 sotto licenza di <a href=\"http:\/\/creativecommons.org\/licenses\/by-nc-sa\/4.0\/\" rel=\"license\">Creative Commons Attribuzione-Non Commerciale-Condividi Allo stesso modo 4.0 Licenza Internazionale.<\/a><\/h6>\n<h4><strong>1. Modalit\u00e0 di modifica: schede e celle.<\/strong><\/h4>\n<p>Prima di iniziare a creare le nostre prime schede di comunicazione, \u00e8 importante sapere come funziona <strong>SymboTalk<\/strong>, imparare a creare las <strong>cells<\/strong>e organizzare <strong>bacheche<\/strong>e profili.<\/p>\n<p>Nella finestra principale di <strong>SymboTalk<\/strong>, vengono presentate due modalit\u00e0 operative: <strong>Modalit\u00e0 di modifica<\/strong> e <strong>Modalit\u00e0 utente<\/strong>. In questo capitolo, lavoreremo con la modalit\u00e0 di modifica, poich\u00e9 dedicheremo un capitolo alla modalit\u00e0 utente in seguito.<\/p>\n<p><strong>Modalit\u00e0 di modifica<\/strong> Forte ci permette di <strong>creare e modificare bacheche<\/strong> e celle, nonch\u00e9 di <strong>gestire i profili<\/strong><\/p>\n<p><img loading=\"lazy\" decoding=\"async\" class=\"alignnone size-full wp-image-12634\" src=\"https:\/\/aulaabierta.arasaac.org\/wp-content\/uploads\/2018\/11\/symbotalk_4_1.jpg\" alt=\"\" width=\"1213\" height=\"467\" srcset=\"https:\/\/aulaabierta.arasaac.org\/wp-content\/uploads\/2018\/11\/symbotalk_4_1.jpg 1213w, https:\/\/aulaabierta.arasaac.org\/wp-content\/uploads\/2018\/11\/symbotalk_4_1-300x115.jpg 300w, https:\/\/aulaabierta.arasaac.org\/wp-content\/uploads\/2018\/11\/symbotalk_4_1-768x296.jpg 768w, https:\/\/aulaabierta.arasaac.org\/wp-content\/uploads\/2018\/11\/symbotalk_4_1-1030x397.jpg 1030w, https:\/\/aulaabierta.arasaac.org\/wp-content\/uploads\/2018\/11\/symbotalk_4_1-705x271.jpg 705w, https:\/\/aulaabierta.arasaac.org\/wp-content\/uploads\/2018\/11\/symbotalk_4_1-450x173.jpg 450w\" sizes=\"auto, (max-width: 1213px) 100vw, 1213px\" \/><\/p>\n<p>In basso, sotto il pulsante <strong>Start<\/strong>, osserviamo che, per impostazione predefinita, abbiamo 14 schede e 1 profilo.<\/p>\n<p>Per sapere un po &#8216;meglio come funziona <strong>SymboTalk<\/strong>, facciamo clic su <strong>14 schede.<\/strong><\/p>\n<p><img loading=\"lazy\" decoding=\"async\" class=\"alignnone size-full wp-image-12635\" src=\"https:\/\/aulaabierta.arasaac.org\/wp-content\/uploads\/2018\/11\/symbotalk_4_2.jpg\" alt=\"\" width=\"1212\" height=\"464\" srcset=\"https:\/\/aulaabierta.arasaac.org\/wp-content\/uploads\/2018\/11\/symbotalk_4_2.jpg 1212w, https:\/\/aulaabierta.arasaac.org\/wp-content\/uploads\/2018\/11\/symbotalk_4_2-300x115.jpg 300w, https:\/\/aulaabierta.arasaac.org\/wp-content\/uploads\/2018\/11\/symbotalk_4_2-768x294.jpg 768w, https:\/\/aulaabierta.arasaac.org\/wp-content\/uploads\/2018\/11\/symbotalk_4_2-1030x394.jpg 1030w, https:\/\/aulaabierta.arasaac.org\/wp-content\/uploads\/2018\/11\/symbotalk_4_2-705x270.jpg 705w, https:\/\/aulaabierta.arasaac.org\/wp-content\/uploads\/2018\/11\/symbotalk_4_2-450x172.jpg 450w\" sizes=\"auto, (max-width: 1212px) 100vw, 1212px\" \/><\/p>\n<p>In questo modo, accediamo all&#8217;<strong>elenco delle schede predefinite<\/strong>. Cada uno de ellos tiene asignado <strong>Nombre<\/strong>que lo identifica, la <strong>Fecha<\/strong>en la que se creo e informaci\u00f3n del <strong>N\u00famero de Celdas y Distribuci\u00f3n.<\/strong> Nel nostro caso, tutte le schede predefinite hanno 15 celle organizzate in 5 colonne x 3 righe.<\/p>\n<p><img loading=\"lazy\" decoding=\"async\" class=\"alignnone size-full wp-image-12627\" src=\"https:\/\/aulaabierta.arasaac.org\/wp-content\/uploads\/2018\/11\/symbotalk_4_3.jpg\" alt=\"\" width=\"1214\" height=\"916\" srcset=\"https:\/\/aulaabierta.arasaac.org\/wp-content\/uploads\/2018\/11\/symbotalk_4_3.jpg 1214w, https:\/\/aulaabierta.arasaac.org\/wp-content\/uploads\/2018\/11\/symbotalk_4_3-300x226.jpg 300w, https:\/\/aulaabierta.arasaac.org\/wp-content\/uploads\/2018\/11\/symbotalk_4_3-768x579.jpg 768w, https:\/\/aulaabierta.arasaac.org\/wp-content\/uploads\/2018\/11\/symbotalk_4_3-1030x777.jpg 1030w, https:\/\/aulaabierta.arasaac.org\/wp-content\/uploads\/2018\/11\/symbotalk_4_3-705x532.jpg 705w, https:\/\/aulaabierta.arasaac.org\/wp-content\/uploads\/2018\/11\/symbotalk_4_3-450x340.jpg 450w\" sizes=\"auto, (max-width: 1214px) 100vw, 1214px\" \/><\/p>\n<p>Clicchiamo sulla scheda <strong>principale<\/strong>e osserviamo la distribuzione delle <strong>celle<\/strong>. Se guardi da vicino, alcune celle hanno una <strong>scheda blu<\/strong> nell&#8217;angolo in alto a destra. Quella scheda ci dice che questa cella \u00e8 c<strong>ollegata a un&#8217;altra scheda<\/strong> nella nostra lista.<\/p>\n<p><img loading=\"lazy\" decoding=\"async\" class=\"alignnone size-full wp-image-12629\" src=\"https:\/\/aulaabierta.arasaac.org\/wp-content\/uploads\/2018\/11\/symbotalk_4_5.jpg\" alt=\"\" width=\"1211\" height=\"913\" srcset=\"https:\/\/aulaabierta.arasaac.org\/wp-content\/uploads\/2018\/11\/symbotalk_4_5.jpg 1211w, https:\/\/aulaabierta.arasaac.org\/wp-content\/uploads\/2018\/11\/symbotalk_4_5-300x226.jpg 300w, https:\/\/aulaabierta.arasaac.org\/wp-content\/uploads\/2018\/11\/symbotalk_4_5-768x579.jpg 768w, https:\/\/aulaabierta.arasaac.org\/wp-content\/uploads\/2018\/11\/symbotalk_4_5-1030x777.jpg 1030w, https:\/\/aulaabierta.arasaac.org\/wp-content\/uploads\/2018\/11\/symbotalk_4_5-705x532.jpg 705w, https:\/\/aulaabierta.arasaac.org\/wp-content\/uploads\/2018\/11\/symbotalk_4_5-450x339.jpg 450w\" sizes=\"auto, (max-width: 1211px) 100vw, 1211px\" \/><\/p>\n<p>Se clicchiamo sulla cella del cibo, vediamo come saltiamo su un&#8217;altra scheda che nella nostra lista di schede si chiamava Cibo.<\/p>\n<p><img loading=\"lazy\" decoding=\"async\" class=\"alignnone size-full wp-image-12630\" src=\"https:\/\/aulaabierta.arasaac.org\/wp-content\/uploads\/2018\/11\/symbotalk_4_6.jpg\" alt=\"\" width=\"1210\" height=\"917\" srcset=\"https:\/\/aulaabierta.arasaac.org\/wp-content\/uploads\/2018\/11\/symbotalk_4_6.jpg 1210w, https:\/\/aulaabierta.arasaac.org\/wp-content\/uploads\/2018\/11\/symbotalk_4_6-300x227.jpg 300w, https:\/\/aulaabierta.arasaac.org\/wp-content\/uploads\/2018\/11\/symbotalk_4_6-768x582.jpg 768w, https:\/\/aulaabierta.arasaac.org\/wp-content\/uploads\/2018\/11\/symbotalk_4_6-1030x781.jpg 1030w, https:\/\/aulaabierta.arasaac.org\/wp-content\/uploads\/2018\/11\/symbotalk_4_6-705x534.jpg 705w, https:\/\/aulaabierta.arasaac.org\/wp-content\/uploads\/2018\/11\/symbotalk_4_6-450x341.jpg 450w\" sizes=\"auto, (max-width: 1210px) 100vw, 1210px\" \/><\/p>\n<p>In questa bacheca, possiamo apprezzare come alcune celle (ad esempio: frutta e verdura) siano anche collegate, quindi quando facciamo clic su di esse ci indirizzeranno a un&#8217;altra scheda collegata.<\/p>\n<p><img loading=\"lazy\" decoding=\"async\" class=\"alignnone size-full wp-image-12631\" src=\"https:\/\/aulaabierta.arasaac.org\/wp-content\/uploads\/2018\/11\/symbotalk_4_7.jpg\" alt=\"\" width=\"1211\" height=\"914\" srcset=\"https:\/\/aulaabierta.arasaac.org\/wp-content\/uploads\/2018\/11\/symbotalk_4_7.jpg 1211w, https:\/\/aulaabierta.arasaac.org\/wp-content\/uploads\/2018\/11\/symbotalk_4_7-300x226.jpg 300w, https:\/\/aulaabierta.arasaac.org\/wp-content\/uploads\/2018\/11\/symbotalk_4_7-768x580.jpg 768w, https:\/\/aulaabierta.arasaac.org\/wp-content\/uploads\/2018\/11\/symbotalk_4_7-1030x777.jpg 1030w, https:\/\/aulaabierta.arasaac.org\/wp-content\/uploads\/2018\/11\/symbotalk_4_7-705x532.jpg 705w, https:\/\/aulaabierta.arasaac.org\/wp-content\/uploads\/2018\/11\/symbotalk_4_7-450x340.jpg 450w\" sizes=\"auto, (max-width: 1211px) 100vw, 1211px\" \/><\/p>\n<p>Questa struttura di <strong>collegamenti tra le diverse schede<\/strong> Forte \u00e8 la <strong>chiave di come funziona<\/strong> <strong>SymboTalk.<\/strong><\/p>\n<p>Pertanto, la prima cosa che dobbiamo fare \u00e8 creare le schede di cui potremmo aver bisogno per i nostri utenti e, successivamente, le colleghiamo insieme in una <strong>struttura comunicativa in base alle capacit\u00e0 e alle esigenze dell&#8217;utente.<\/strong> A seconda dell&#8217;evoluzione, aggiungeremo e modificheremo la dimensione o il numero di schede nel tuo profilo.<\/p>\n<p>\u00c8 importante notare che <strong>SymboTalk<\/strong> ci consente anche di <strong>creare semplici schede<\/strong> di una, due, quattro o 16 celle senza collegamenti, quindi pu\u00f2 essere utilizzato nelle <strong>prime fasi della comunicazione<\/strong>(da causa-effetto con 1 o 2 celle, all&#8217;uso della parola-frase).<\/p>\n<h4><strong>2. Modalit\u00e0 di modifica: profili.<\/strong><\/h4>\n<p>Una volta definite e create le schede iniziali, dobbiamo associarle ad un utente specifico, creando un <strong>Profilo<\/strong>, che sar\u00e0 quello utilizzato in <strong>Modalit\u00e0 Utente.<\/strong><\/p>\n<p><img loading=\"lazy\" decoding=\"async\" class=\"alignnone size-full wp-image-12636\" src=\"https:\/\/aulaabierta.arasaac.org\/wp-content\/uploads\/2018\/11\/symbotalk_4_8.jpg\" alt=\"\" width=\"1209\" height=\"483\" srcset=\"https:\/\/aulaabierta.arasaac.org\/wp-content\/uploads\/2018\/11\/symbotalk_4_8.jpg 1209w, https:\/\/aulaabierta.arasaac.org\/wp-content\/uploads\/2018\/11\/symbotalk_4_8-300x120.jpg 300w, https:\/\/aulaabierta.arasaac.org\/wp-content\/uploads\/2018\/11\/symbotalk_4_8-768x307.jpg 768w, https:\/\/aulaabierta.arasaac.org\/wp-content\/uploads\/2018\/11\/symbotalk_4_8-1030x411.jpg 1030w, https:\/\/aulaabierta.arasaac.org\/wp-content\/uploads\/2018\/11\/symbotalk_4_8-705x282.jpg 705w, https:\/\/aulaabierta.arasaac.org\/wp-content\/uploads\/2018\/11\/symbotalk_4_8-450x180.jpg 450w\" sizes=\"auto, (max-width: 1209px) 100vw, 1209px\" \/><\/p>\n<p>Ad esempio e facendo clic sul profilo associato per impostazione predefinita, vediamo che esiste un utente denominato utente. Quando si modifica questo profilo, vediamo che ha stabilito per impostazione predefinita il Main stabilito, da cui il comunicatore inizier\u00e0 in modalit\u00e0 utente. Possiamo cambiare la scheda iniziale selezionando un&#8217;altra scheda dall&#8217;elenco.<\/p>\n<p><img loading=\"lazy\" decoding=\"async\" class=\"alignnone size-full wp-image-12633\" src=\"https:\/\/aulaabierta.arasaac.org\/wp-content\/uploads\/2018\/11\/symbotalk_4_9.jpg\" alt=\"\" width=\"1212\" height=\"713\" srcset=\"https:\/\/aulaabierta.arasaac.org\/wp-content\/uploads\/2018\/11\/symbotalk_4_9.jpg 1212w, https:\/\/aulaabierta.arasaac.org\/wp-content\/uploads\/2018\/11\/symbotalk_4_9-300x176.jpg 300w, https:\/\/aulaabierta.arasaac.org\/wp-content\/uploads\/2018\/11\/symbotalk_4_9-768x452.jpg 768w, https:\/\/aulaabierta.arasaac.org\/wp-content\/uploads\/2018\/11\/symbotalk_4_9-1030x606.jpg 1030w, https:\/\/aulaabierta.arasaac.org\/wp-content\/uploads\/2018\/11\/symbotalk_4_9-705x415.jpg 705w, https:\/\/aulaabierta.arasaac.org\/wp-content\/uploads\/2018\/11\/symbotalk_4_9-450x265.jpg 450w\" sizes=\"auto, (max-width: 1212px) 100vw, 1212px\" \/><\/p>\n<p>Per sapere come gestire i profili, puoi consultarlo nel <a href=\"https:\/\/aulaabierta.arasaac.org\/it\/symboltalk-8-profili-gestionali\"><strong>capitolo 8<\/strong><\/a> di questo tutorial.<\/p>\n<\/div><\/section>\n<\/div><\/div><\/div><!-- close content main div --><\/div><\/div><div id='av-layout-grid-2'  class='av-layout-grid-container av-4evl6wa-4c901a511d61f01990ef801b93dbc711 entry-content-wrapper main_color av-border-top-bottom av-flex-cells  avia-builder-el-6  el_after_av_textblock  avia-builder-el-last  grid-row-not-first  container_wrap fullsize'  >\n\n<style type=\"text\/css\" data-created_by=\"avia_inline_auto\" id=\"style-css-av-3rho4cq-1ab853d19c421b9ad3b90612f856194b\">\n.flex_cell.av-3rho4cq-1ab853d19c421b9ad3b90612f856194b{\nvertical-align:top;\n}\n.responsive #top #wrap_all .flex_cell.av-3rho4cq-1ab853d19c421b9ad3b90612f856194b{\npadding:30px 30px 30px 30px !important;\n}\n<\/style>\n<div class='flex_cell av-3rho4cq-1ab853d19c421b9ad3b90612f856194b av-gridrow-cell av_one_fifth no_margin  avia-builder-el-7  el_before_av_cell_one_fifth  avia-builder-el-first ' ><div class='flex_cell_inner'>\n<style type=\"text\/css\" data-created_by=\"avia_inline_auto\" id=\"style-css-av-3akayp6-cd0ae09a6682d2a6e22eb20d700aa207\">\n.avia-image-container.av-3akayp6-cd0ae09a6682d2a6e22eb20d700aa207 img.avia_image{\nbox-shadow:none;\n}\n.avia-image-container.av-3akayp6-cd0ae09a6682d2a6e22eb20d700aa207 .av-image-caption-overlay-center{\ncolor:#ffffff;\n}\n<\/style>\n<div  class='avia-image-container av-3akayp6-cd0ae09a6682d2a6e22eb20d700aa207 av-styling- avia-align-center  avia-builder-el-8  avia-builder-el-no-sibling '   itemprop=\"image\" itemscope=\"itemscope\" itemtype=\"https:\/\/schema.org\/ImageObject\" ><div class=\"avia-image-container-inner\"><div class=\"avia-image-overlay-wrap\"><a href=\"https:\/\/aulaabierta.arasaac.org\/it\/symbotalk-3-primeras-configuraciones-it\" class='avia_image' ><img decoding=\"async\" class='wp-image-23881 avia-img-lazy-loading-not-23881 avia_image ' src=\"https:\/\/aulaabierta.arasaac.org\/wp-content\/uploads\/2016\/12\/before-80x80.png\" alt='' title='before'  height=\"80\" width=\"80\"  itemprop=\"thumbnailUrl\" srcset=\"https:\/\/aulaabierta.arasaac.org\/wp-content\/uploads\/2016\/12\/before-80x80.png 80w, https:\/\/aulaabierta.arasaac.org\/wp-content\/uploads\/2016\/12\/before-36x36.png 36w, https:\/\/aulaabierta.arasaac.org\/wp-content\/uploads\/2016\/12\/before-120x120.png 120w, https:\/\/aulaabierta.arasaac.org\/wp-content\/uploads\/2016\/12\/before.png 128w\" sizes=\"(max-width: 80px) 100vw, 80px\" \/><\/a><\/div><\/div><\/div>\n<\/div><\/div>\n<style type=\"text\/css\" data-created_by=\"avia_inline_auto\" id=\"style-css-av-36okj0q-f5e09d65a0e9e36484278088f86ba2c6\">\n.flex_cell.av-36okj0q-f5e09d65a0e9e36484278088f86ba2c6{\nvertical-align:top;\n}\n.responsive #top #wrap_all .flex_cell.av-36okj0q-f5e09d65a0e9e36484278088f86ba2c6{\npadding:30px 30px 30px 30px !important;\n}\n<\/style>\n<div class='flex_cell av-36okj0q-f5e09d65a0e9e36484278088f86ba2c6 av-gridrow-cell av_one_fifth no_margin  avia-builder-el-9  el_after_av_cell_one_fifth  el_before_av_cell_one_fifth ' ><div class='flex_cell_inner'><\/div><\/div>\n<style type=\"text\/css\" data-created_by=\"avia_inline_auto\" id=\"style-css-av-2mz29ey-1a5832e565f6a25eacc9b74213a5dc04\">\n.flex_cell.av-2mz29ey-1a5832e565f6a25eacc9b74213a5dc04{\nvertical-align:top;\n}\n.responsive #top #wrap_all .flex_cell.av-2mz29ey-1a5832e565f6a25eacc9b74213a5dc04{\npadding:30px 30px 30px 30px !important;\n}\n<\/style>\n<div class='flex_cell av-2mz29ey-1a5832e565f6a25eacc9b74213a5dc04 av-gridrow-cell av_one_fifth no_margin  avia-builder-el-10  el_after_av_cell_one_fifth  el_before_av_cell_one_fifth ' ><div class='flex_cell_inner'>\n<style type=\"text\/css\" data-created_by=\"avia_inline_auto\" id=\"style-css-av-21mwsq2-3bb4b252e0b0dea709e63092d249cef8\">\n.avia-image-container.av-21mwsq2-3bb4b252e0b0dea709e63092d249cef8 img.avia_image{\nbox-shadow:none;\n}\n.avia-image-container.av-21mwsq2-3bb4b252e0b0dea709e63092d249cef8 .av-image-caption-overlay-center{\ncolor:#ffffff;\n}\n<\/style>\n<div  class='avia-image-container av-21mwsq2-3bb4b252e0b0dea709e63092d249cef8 av-styling- avia-align-center  avia-builder-el-11  avia-builder-el-no-sibling '   itemprop=\"image\" itemscope=\"itemscope\" itemtype=\"https:\/\/schema.org\/ImageObject\" ><div class=\"avia-image-container-inner\"><div class=\"avia-image-overlay-wrap\"><a href=\"https:\/\/aulaabierta.arasaac.org\/it\/symbotalk-0-inizio-it\" class='avia_image' ><img decoding=\"async\" class='wp-image-23883 avia-img-lazy-loading-not-23883 avia_image ' src=\"https:\/\/aulaabierta.arasaac.org\/wp-content\/uploads\/2016\/12\/casa-80x80.png\" alt='' title='Inizio'  height=\"80\" width=\"80\"  itemprop=\"thumbnailUrl\" srcset=\"https:\/\/aulaabierta.arasaac.org\/wp-content\/uploads\/2016\/12\/casa-80x80.png 80w, https:\/\/aulaabierta.arasaac.org\/wp-content\/uploads\/2016\/12\/casa-300x300.png 300w, https:\/\/aulaabierta.arasaac.org\/wp-content\/uploads\/2016\/12\/casa-36x36.png 36w, https:\/\/aulaabierta.arasaac.org\/wp-content\/uploads\/2016\/12\/casa-180x180.png 180w, https:\/\/aulaabierta.arasaac.org\/wp-content\/uploads\/2016\/12\/casa-120x120.png 120w, https:\/\/aulaabierta.arasaac.org\/wp-content\/uploads\/2016\/12\/casa-450x450.png 450w, https:\/\/aulaabierta.arasaac.org\/wp-content\/uploads\/2016\/12\/casa.png 500w\" sizes=\"(max-width: 80px) 100vw, 80px\" \/><\/a><\/div><\/div><\/div>\n<\/div><\/div>\n<style type=\"text\/css\" data-created_by=\"avia_inline_auto\" id=\"style-css-av-1rww26i-618e5d5dce4c808d26c17599c56ab1e2\">\n.flex_cell.av-1rww26i-618e5d5dce4c808d26c17599c56ab1e2{\nvertical-align:top;\n}\n.responsive #top #wrap_all .flex_cell.av-1rww26i-618e5d5dce4c808d26c17599c56ab1e2{\npadding:30px 30px 30px 30px !important;\n}\n<\/style>\n<div class='flex_cell av-1rww26i-618e5d5dce4c808d26c17599c56ab1e2 av-gridrow-cell av_one_fifth no_margin  avia-builder-el-12  el_after_av_cell_one_fifth  el_before_av_cell_one_fifth ' ><div class='flex_cell_inner'><\/div><\/div>\n<style type=\"text\/css\" data-created_by=\"avia_inline_auto\" id=\"style-css-av-14iqezu-f6cc3fb281717be24b5fe0b313847ee2\">\n.flex_cell.av-14iqezu-f6cc3fb281717be24b5fe0b313847ee2{\nvertical-align:top;\n}\n.responsive #top #wrap_all .flex_cell.av-14iqezu-f6cc3fb281717be24b5fe0b313847ee2{\npadding:30px 30px 30px 30px !important;\n}\n<\/style>\n<div class='flex_cell av-14iqezu-f6cc3fb281717be24b5fe0b313847ee2 av-gridrow-cell av_one_fifth no_margin  avia-builder-el-13  el_after_av_cell_one_fifth  avia-builder-el-last ' ><div class='flex_cell_inner'>\n<style type=\"text\/css\" data-created_by=\"avia_inline_auto\" id=\"style-css-av-oxnii2-78d1549411539943132f453a6525b8d5\">\n.avia-image-container.av-oxnii2-78d1549411539943132f453a6525b8d5 img.avia_image{\nbox-shadow:none;\n}\n.avia-image-container.av-oxnii2-78d1549411539943132f453a6525b8d5 .av-image-caption-overlay-center{\ncolor:#ffffff;\n}\n<\/style>\n<div  class='avia-image-container av-oxnii2-78d1549411539943132f453a6525b8d5 av-styling- avia-align-center  avia-builder-el-14  avia-builder-el-no-sibling '   itemprop=\"image\" itemscope=\"itemscope\" itemtype=\"https:\/\/schema.org\/ImageObject\" ><div class=\"avia-image-container-inner\"><div class=\"avia-image-overlay-wrap\"><a href=\"https:\/\/aulaabierta.arasaac.org\/it\/symbotalk-5-creare-link-scheda\" class='avia_image' ><img decoding=\"async\" class='wp-image-23882 avia-img-lazy-loading-not-23882 avia_image ' src=\"https:\/\/aulaabierta.arasaac.org\/wp-content\/uploads\/2016\/12\/next-80x80.png\" alt='' title='next'  height=\"80\" width=\"80\"  itemprop=\"thumbnailUrl\" srcset=\"https:\/\/aulaabierta.arasaac.org\/wp-content\/uploads\/2016\/12\/next-80x80.png 80w, https:\/\/aulaabierta.arasaac.org\/wp-content\/uploads\/2016\/12\/next-36x36.png 36w, https:\/\/aulaabierta.arasaac.org\/wp-content\/uploads\/2016\/12\/next-120x120.png 120w, https:\/\/aulaabierta.arasaac.org\/wp-content\/uploads\/2016\/12\/next.png 128w\" sizes=\"(max-width: 80px) 100vw, 80px\" \/><\/a><\/div><\/div><\/div>\n<\/div><\/div>\n<\/div>\n","protected":false},"excerpt":{"rendered":"","protected":false},"author":5,"featured_media":34809,"parent":0,"menu_order":0,"comment_status":"closed","ping_status":"closed","template":"","meta":{"om_disable_all_campaigns":false,"_monsterinsights_skip_tracking":false,"_monsterinsights_sitenote_active":false,"_monsterinsights_sitenote_note":"","_monsterinsights_sitenote_category":0,"_uf_show_specific_survey":0,"_uf_disable_surveys":false,"footnotes":""},"class_list":["post-82883","page","type-page","status-publish","has-post-thumbnail","hentry"],"aioseo_notices":[],"_links":{"self":[{"href":"https:\/\/aulaabierta.arasaac.org\/it\/wp-json\/wp\/v2\/pages\/82883","targetHints":{"allow":["GET"]}}],"collection":[{"href":"https:\/\/aulaabierta.arasaac.org\/it\/wp-json\/wp\/v2\/pages"}],"about":[{"href":"https:\/\/aulaabierta.arasaac.org\/it\/wp-json\/wp\/v2\/types\/page"}],"author":[{"embeddable":true,"href":"https:\/\/aulaabierta.arasaac.org\/it\/wp-json\/wp\/v2\/users\/5"}],"replies":[{"embeddable":true,"href":"https:\/\/aulaabierta.arasaac.org\/it\/wp-json\/wp\/v2\/comments?post=82883"}],"version-history":[{"count":15,"href":"https:\/\/aulaabierta.arasaac.org\/it\/wp-json\/wp\/v2\/pages\/82883\/revisions"}],"predecessor-version":[{"id":139067,"href":"https:\/\/aulaabierta.arasaac.org\/it\/wp-json\/wp\/v2\/pages\/82883\/revisions\/139067"}],"wp:featuredmedia":[{"embeddable":true,"href":"https:\/\/aulaabierta.arasaac.org\/it\/wp-json\/wp\/v2\/media\/34809"}],"wp:attachment":[{"href":"https:\/\/aulaabierta.arasaac.org\/it\/wp-json\/wp\/v2\/media?parent=82883"}],"curies":[{"name":"wp","href":"https:\/\/api.w.org\/{rel}","templated":true}]}}