{"id":94789,"date":"2022-08-29T08:03:09","date_gmt":"2022-08-29T07:03:09","guid":{"rendered":"https:\/\/aulaabierta.arasaac.org\/?page_id=94789"},"modified":"2025-02-25T11:55:31","modified_gmt":"2025-02-25T10:55:31","slug":"asterics-aac_acciones-abrir-pagina-web-en-otra-pestana","status":"publish","type":"page","link":"https:\/\/aulaabierta.arasaac.org\/it\/asterics-aac_acciones-abrir-pagina-web-en-otra-pestana","title":{"rendered":"Comunicador Asterics AAC &#8211; 15 &#8211; Acciones &#8211; Abrir p\u00e1gina web y Acci\u00f3n del Sistema"},"content":{"rendered":"\n<style type=\"text\/css\" data-created_by=\"avia_inline_auto\" id=\"style-css-av-g02wp-383c8cc1a36e8b5eb113bf69efab845e\">\n#top .av-special-heading.av-g02wp-383c8cc1a36e8b5eb113bf69efab845e{\npadding-bottom:0;\n}\nbody .av-special-heading.av-g02wp-383c8cc1a36e8b5eb113bf69efab845e .av-special-heading-tag .heading-char{\nfont-size:25px;\n}\n.av-special-heading.av-g02wp-383c8cc1a36e8b5eb113bf69efab845e .av-subheading{\nfont-size:15px;\n}\n<\/style>\n<div  class='av-special-heading av-g02wp-383c8cc1a36e8b5eb113bf69efab845e av-special-heading-h2  avia-builder-el-0  el_before_av_heading  avia-builder-el-first '><h2 class='av-special-heading-tag'  itemprop=\"headline\"  >Comunicador din\u00e1mico Asterics AAC<\/h2><div class=\"special-heading-border\"><div class=\"special-heading-inner-border\"><\/div><\/div><\/div>\n\n<style type=\"text\/css\" data-created_by=\"avia_inline_auto\" id=\"style-css-av-l6uyvnzl-8ffdfa2b0a72e06ec03b8d862a2b1b6e\">\n#top .av-special-heading.av-l6uyvnzl-8ffdfa2b0a72e06ec03b8d862a2b1b6e{\npadding-bottom:0;\n}\nbody .av-special-heading.av-l6uyvnzl-8ffdfa2b0a72e06ec03b8d862a2b1b6e .av-special-heading-tag .heading-char{\nfont-size:25px;\n}\n.av-special-heading.av-l6uyvnzl-8ffdfa2b0a72e06ec03b8d862a2b1b6e .av-subheading{\nfont-size:15px;\n}\n<\/style>\n<div  class='av-special-heading av-l6uyvnzl-8ffdfa2b0a72e06ec03b8d862a2b1b6e av-special-heading-h2  avia-builder-el-1  el_after_av_heading  el_before_av_hr '><h2 class='av-special-heading-tag'  itemprop=\"headline\"  >15 &#8211; Acciones &#8211; Abrir p\u00e1gina web en otra pesta\u00f1a y Acci\u00f3n del Sistema<\/h2><div class=\"special-heading-border\"><div class=\"special-heading-inner-border\"><\/div><\/div><\/div>\n<div  class='hr av-ozhkpx-adcd6c5b61d6951c6c68378e4096b5f8 hr-default  avia-builder-el-2  el_after_av_heading  el_before_av_textblock '><span class='hr-inner '><span class=\"hr-inner-style\"><\/span><\/span><\/div>\n\n<style type=\"text\/css\" data-created_by=\"avia_inline_auto\" id=\"style-css-av-l7cxlhkl-2e84e67709c40e9df4733b99b8b2ea31\">\n#top .av_textblock_section.av-l7cxlhkl-2e84e67709c40e9df4733b99b8b2ea31 .avia_textblock{\nfont-size:16px;\n}\n<\/style>\n<section  class='av_textblock_section av-l7cxlhkl-2e84e67709c40e9df4733b99b8b2ea31'  itemscope=\"itemscope\" itemtype=\"https:\/\/schema.org\/CreativeWork\" ><div class='avia_textblock'  itemprop=\"text\" ><h3>Abrir p\u00e1gina web en otra pesta\u00f1a<\/h3>\n<p><img loading=\"lazy\" decoding=\"async\" class=\"alignnone size-full wp-image-149138\" src=\"https:\/\/aulaabierta.arasaac.org\/wp-content\/uploads\/2024\/10\/add_actions_menu_2.jpg\" alt=\"\" width=\"1307\" height=\"676\" srcset=\"https:\/\/aulaabierta.arasaac.org\/wp-content\/uploads\/2024\/10\/add_actions_menu_2.jpg 1307w, https:\/\/aulaabierta.arasaac.org\/wp-content\/uploads\/2024\/10\/add_actions_menu_2-300x155.jpg 300w, https:\/\/aulaabierta.arasaac.org\/wp-content\/uploads\/2024\/10\/add_actions_menu_2-1030x533.jpg 1030w, https:\/\/aulaabierta.arasaac.org\/wp-content\/uploads\/2024\/10\/add_actions_menu_2-768x397.jpg 768w, https:\/\/aulaabierta.arasaac.org\/wp-content\/uploads\/2024\/10\/add_actions_menu_2-705x365.jpg 705w\" sizes=\"auto, (max-width: 1307px) 100vw, 1307px\" \/><\/p>\n<p>La acci\u00f3n <strong>Abrir p\u00e1gina web en una pesta\u00f1a<\/strong> permite, como su nombre indica, asignar una p\u00e1gina web externa a una celda y, al pulsar sobre ella, acceder a la informaci\u00f3n contenida en la misma.<\/p>\n<p>A continuaci\u00f3n, mostramos este ejemplo en el que hemos seleccionado varias p\u00e1ginas web a las que se podr\u00e1 acceder desde el comunicador, pulsando en la celda que nos interese.<\/p>\n<p><img loading=\"lazy\" decoding=\"async\" class=\"alignnone wp-image-94967 size-full\" src=\"https:\/\/aulaabierta.arasaac.org\/wp-content\/uploads\/2022\/08\/Comunicador-Asterics-pictogramas-ARASAAC-81.jpg\" alt=\"\" width=\"1580\" height=\"877\" srcset=\"https:\/\/aulaabierta.arasaac.org\/wp-content\/uploads\/2022\/08\/Comunicador-Asterics-pictogramas-ARASAAC-81.jpg 1580w, https:\/\/aulaabierta.arasaac.org\/wp-content\/uploads\/2022\/08\/Comunicador-Asterics-pictogramas-ARASAAC-81-300x167.jpg 300w, https:\/\/aulaabierta.arasaac.org\/wp-content\/uploads\/2022\/08\/Comunicador-Asterics-pictogramas-ARASAAC-81-1030x572.jpg 1030w, https:\/\/aulaabierta.arasaac.org\/wp-content\/uploads\/2022\/08\/Comunicador-Asterics-pictogramas-ARASAAC-81-768x426.jpg 768w, https:\/\/aulaabierta.arasaac.org\/wp-content\/uploads\/2022\/08\/Comunicador-Asterics-pictogramas-ARASAAC-81-1536x853.jpg 1536w, https:\/\/aulaabierta.arasaac.org\/wp-content\/uploads\/2022\/08\/Comunicador-Asterics-pictogramas-ARASAAC-81-1500x833.jpg 1500w, https:\/\/aulaabierta.arasaac.org\/wp-content\/uploads\/2022\/08\/Comunicador-Asterics-pictogramas-ARASAAC-81-705x391.jpg 705w\" sizes=\"auto, (max-width: 1580px) 100vw, 1580px\" \/><\/p>\n<p>Para ello, editamos una celda y seleccionamos esta acci\u00f3n aparece una ventana de edici\u00f3n en la que copiaremos la <strong>URL de la p\u00e1gina web<\/strong> que queremos que se abra y el <strong>tiempo en segundos que queremos que permanezca abierta<\/strong>. Transcurrido este tiempo, la p\u00e1gina web se cerrar\u00e1 y se mostrar\u00e1 de nuevo tablero del comunicador.<\/p>\n<p><img loading=\"lazy\" decoding=\"async\" class=\"wp-image-149767 size-full aligncenter\" src=\"https:\/\/aulaabierta.arasaac.org\/wp-content\/uploads\/2025\/02\/Asterics_accion_cabrir_web_1.jpg\" alt=\"\" width=\"1041\" height=\"726\" srcset=\"https:\/\/aulaabierta.arasaac.org\/wp-content\/uploads\/2025\/02\/Asterics_accion_cabrir_web_1.jpg 1041w, https:\/\/aulaabierta.arasaac.org\/wp-content\/uploads\/2025\/02\/Asterics_accion_cabrir_web_1-300x209.jpg 300w, https:\/\/aulaabierta.arasaac.org\/wp-content\/uploads\/2025\/02\/Asterics_accion_cabrir_web_1-1030x718.jpg 1030w, https:\/\/aulaabierta.arasaac.org\/wp-content\/uploads\/2025\/02\/Asterics_accion_cabrir_web_1-768x536.jpg 768w, https:\/\/aulaabierta.arasaac.org\/wp-content\/uploads\/2025\/02\/Asterics_accion_cabrir_web_1-705x492.jpg 705w\" sizes=\"auto, (max-width: 1041px) 100vw, 1041px\" \/><\/p>\n<p>Una vez a\u00f1adida esta acci\u00f3n, el resultado final ser\u00e1 similar a \u00e9ste. Al pulsar sobre la p\u00e1gina de la Nasa Kids, accederemos a la p\u00e1gina web y permaneceremos navegando por ella durante el tiempo que hayamos establecido. Una vez pasado dicho tiempo, la p\u00e1gina web se cerrar\u00e1 y volveremos al comunicador.<\/p>\n<p><img loading=\"lazy\" decoding=\"async\" class=\"alignnone wp-image-94972 size-full\" src=\"https:\/\/aulaabierta.arasaac.org\/wp-content\/uploads\/2022\/08\/Comunicador-Asterics-pictogramas-ARASAAC-82.jpg\" alt=\"\" width=\"1088\" height=\"790\" srcset=\"https:\/\/aulaabierta.arasaac.org\/wp-content\/uploads\/2022\/08\/Comunicador-Asterics-pictogramas-ARASAAC-82.jpg 1088w, https:\/\/aulaabierta.arasaac.org\/wp-content\/uploads\/2022\/08\/Comunicador-Asterics-pictogramas-ARASAAC-82-300x218.jpg 300w, https:\/\/aulaabierta.arasaac.org\/wp-content\/uploads\/2022\/08\/Comunicador-Asterics-pictogramas-ARASAAC-82-1030x748.jpg 1030w, https:\/\/aulaabierta.arasaac.org\/wp-content\/uploads\/2022\/08\/Comunicador-Asterics-pictogramas-ARASAAC-82-768x558.jpg 768w, https:\/\/aulaabierta.arasaac.org\/wp-content\/uploads\/2022\/08\/Comunicador-Asterics-pictogramas-ARASAAC-82-705x512.jpg 705w\" sizes=\"auto, (max-width: 1088px) 100vw, 1088px\" \/><\/p>\n<\/div><\/section>\n<div  class='hr av-p3h6h1-817a59ed92dc61a04144e39868b4cfb0 hr-default  avia-builder-el-4  el_after_av_textblock  el_before_av_textblock '><span class='hr-inner '><span class=\"hr-inner-style\"><\/span><\/span><\/div>\n\n<style type=\"text\/css\" data-created_by=\"avia_inline_auto\" id=\"style-css-av-m24lobof-23c344d0650950e43671419f7112b94f\">\n#top .av_textblock_section.av-m24lobof-23c344d0650950e43671419f7112b94f .avia_textblock{\nfont-size:16px;\n}\n<\/style>\n<section  class='av_textblock_section av-m24lobof-23c344d0650950e43671419f7112b94f'  itemscope=\"itemscope\" itemtype=\"https:\/\/schema.org\/CreativeWork\" ><div class='avia_textblock'  itemprop=\"text\" ><h3>Acci\u00f3n del sistema<\/h3>\n<p>Estas acciones interact\u00faan directamente con ciertas<strong> funciones nativas del sistema operativo<\/strong> sobre el que est\u00e1 funcionando Asterics AAC en ese momento.<\/p>\n<p>En primer lugar, al igual que otras acciones, a\u00f1adimos la Acci\u00f3n <strong>seleccion\u00e1ndola en la lista (1)<\/strong> y pulsando en <strong>A\u00f1adir acci\u00f3n (2)<\/strong>.<\/p>\n<p><img loading=\"lazy\" decoding=\"async\" class=\"alignnone size-full wp-image-149128\" src=\"https:\/\/aulaabierta.arasaac.org\/wp-content\/uploads\/2024\/10\/system_action_1.jpg\" alt=\"\" width=\"1325\" height=\"684\" srcset=\"https:\/\/aulaabierta.arasaac.org\/wp-content\/uploads\/2024\/10\/system_action_1.jpg 1325w, https:\/\/aulaabierta.arasaac.org\/wp-content\/uploads\/2024\/10\/system_action_1-300x155.jpg 300w, https:\/\/aulaabierta.arasaac.org\/wp-content\/uploads\/2024\/10\/system_action_1-1030x532.jpg 1030w, https:\/\/aulaabierta.arasaac.org\/wp-content\/uploads\/2024\/10\/system_action_1-768x396.jpg 768w, https:\/\/aulaabierta.arasaac.org\/wp-content\/uploads\/2024\/10\/system_action_1-705x364.jpg 705w\" sizes=\"auto, (max-width: 1325px) 100vw, 1325px\" \/><\/p>\n<p>Una vez a\u00f1adida, en el <strong>desplegable Acci\u00f3n<\/strong> vemos que nos ofrece <strong>cinco acciones<\/strong>.<\/p>\n<p><img loading=\"lazy\" decoding=\"async\" class=\"alignnone size-full wp-image-149122\" src=\"https:\/\/aulaabierta.arasaac.org\/wp-content\/uploads\/2024\/10\/system_action_2.jpg\" alt=\"\" width=\"1309\" height=\"785\" srcset=\"https:\/\/aulaabierta.arasaac.org\/wp-content\/uploads\/2024\/10\/system_action_2.jpg 1309w, https:\/\/aulaabierta.arasaac.org\/wp-content\/uploads\/2024\/10\/system_action_2-300x180.jpg 300w, https:\/\/aulaabierta.arasaac.org\/wp-content\/uploads\/2024\/10\/system_action_2-1030x618.jpg 1030w, https:\/\/aulaabierta.arasaac.org\/wp-content\/uploads\/2024\/10\/system_action_2-768x461.jpg 768w, https:\/\/aulaabierta.arasaac.org\/wp-content\/uploads\/2024\/10\/system_action_2-705x423.jpg 705w\" sizes=\"auto, (max-width: 1309px) 100vw, 1309px\" \/><\/p>\n<ol>\n<li><strong>Subir, bajar y silenciar volumen del sistema:<\/strong> estas tres acciones permiten controlar globalmente el volumen del sistema de modo que se aplique a todos los elementos multimedia (voz sintetizada, v\u00eddeos de YouTube y WebRadio). Es especialmente interesante para controlar el volumen de la voz sintetizada ya que YouTube y WebRadio disponen de sus propias acciones para controlar el volumen.\u00a0 Si seleccionamos <strong>Subir o Bajar volumen<\/strong> deberemos establecer el porcentaje de subida o bajada al hacer clic en la celda en el campo <strong>Subir volumen del sistema (porcentaje)<\/strong>.<\/li>\n<li><strong>Mostrar y Salir de pantalla completa<\/strong>: estas dos acciones permiten acceder nativamente a la funci\u00f3n de entrar y salir de pantalla completa desde las propias celdas del comunicador. Esto es especialmente interesante en dispositivos port\u00e1tiles (tablets o tel\u00e9fonos) en los que para salir de pantalla completa hay que recurrir a gestos o acciones que no siempre son evidentes o sencillos. Usando estas dos acciones, adem\u00e1s, podemos hacer que, si nos interesa, el usuario pueda controlarlo de modo aut\u00f3nomo. Estas dos acciones no requieren configuraci\u00f3n adicional.<\/li>\n<\/ol>\n<p>Una vez seleccionada y configurada esta acci\u00f3n, solo nos quedar\u00e1 pulsar en OK para que se guarden los cambios.<\/p>\n<\/div><\/section>\n<div class='flex_column av-2krg6xr-318b22cf5a7dcc17d549f6d260a48947 av_one_fifth  avia-builder-el-6  el_after_av_textblock  el_before_av_one_fifth  first flex_column_div column-top-margin'     ><style type=\"text\/css\" data-created_by=\"avia_inline_auto\" id=\"style-css-av-l6kdyooj-dfbd2e536694c1f52d0ba866ba01758b\">\n.avia-image-container.av-l6kdyooj-dfbd2e536694c1f52d0ba866ba01758b img.avia_image{\nbox-shadow:none;\n}\n.avia-image-container.av-l6kdyooj-dfbd2e536694c1f52d0ba866ba01758b .av-image-caption-overlay-center{\ncolor:#ffffff;\n}\n<\/style>\n<div  class='avia-image-container av-l6kdyooj-dfbd2e536694c1f52d0ba866ba01758b av-styling- avia-align-center  avia-builder-el-7  avia-builder-el-no-sibling '   itemprop=\"image\" itemscope=\"itemscope\" itemtype=\"https:\/\/schema.org\/ImageObject\" ><div class=\"avia-image-container-inner\"><div class=\"avia-image-overlay-wrap\"><a href=\"https:\/\/aulaabierta.arasaac.org\/it\/asterics-aac_acciones-cambiar-idioma-del-contenido\" class='avia_image' ><img decoding=\"async\" class='wp-image-23881 avia-img-lazy-loading-not-23881 avia_image ' src=\"https:\/\/aulaabierta.arasaac.org\/wp-content\/uploads\/2016\/12\/before-80x80.png\" alt='' title='before'  height=\"80\" width=\"80\"  itemprop=\"thumbnailUrl\" srcset=\"https:\/\/aulaabierta.arasaac.org\/wp-content\/uploads\/2016\/12\/before-80x80.png 80w, https:\/\/aulaabierta.arasaac.org\/wp-content\/uploads\/2016\/12\/before-36x36.png 36w, https:\/\/aulaabierta.arasaac.org\/wp-content\/uploads\/2016\/12\/before-120x120.png 120w, https:\/\/aulaabierta.arasaac.org\/wp-content\/uploads\/2016\/12\/before.png 128w\" sizes=\"(max-width: 80px) 100vw, 80px\" \/><\/a><\/div><\/div><\/div><\/div>\n<div class='flex_column av-2acjjb3-72430572443564d7b3ecb332fff10556 av_one_fifth  avia-builder-el-8  el_after_av_one_fifth  el_before_av_one_fifth  flex_column_div column-top-margin'     ><\/div>\n<div class='flex_column av-5ueg0v-f5b4451085be42fd2a70550803012549 av_one_fifth  avia-builder-el-9  el_after_av_one_fifth  el_before_av_one_fifth  flex_column_div column-top-margin'     ><style type=\"text\/css\" data-created_by=\"avia_inline_auto\" id=\"style-css-av-l6ke1xda-2b61dde52f57e481b7c20b465631c180\">\n.avia-image-container.av-l6ke1xda-2b61dde52f57e481b7c20b465631c180 img.avia_image{\nbox-shadow:none;\n}\n.avia-image-container.av-l6ke1xda-2b61dde52f57e481b7c20b465631c180 .av-image-caption-overlay-center{\ncolor:#ffffff;\n}\n<\/style>\n<div  class='avia-image-container av-l6ke1xda-2b61dde52f57e481b7c20b465631c180 av-styling- avia-align-center  avia-builder-el-10  avia-builder-el-no-sibling '   itemprop=\"image\" itemscope=\"itemscope\" itemtype=\"https:\/\/schema.org\/ImageObject\" ><div class=\"avia-image-container-inner\"><div class=\"avia-image-overlay-wrap\"><a href=\"https:\/\/aulaabierta.arasaac.org\/asterics-aac_inicio\" class='avia_image' ><img decoding=\"async\" class='wp-image-93347 avia-img-lazy-loading-not-93347 avia_image ' src=\"https:\/\/aulaabierta.arasaac.org\/wp-content\/uploads\/2022\/08\/casa-120x120-1-80x80.png\" alt='' title='casa-120x120'  height=\"80\" width=\"80\"  itemprop=\"thumbnailUrl\" srcset=\"https:\/\/aulaabierta.arasaac.org\/wp-content\/uploads\/2022\/08\/casa-120x120-1-80x80.png 80w, https:\/\/aulaabierta.arasaac.org\/wp-content\/uploads\/2022\/08\/casa-120x120-1-36x36.png 36w, https:\/\/aulaabierta.arasaac.org\/wp-content\/uploads\/2022\/08\/casa-120x120-1.png 120w\" sizes=\"(max-width: 80px) 100vw, 80px\" \/><\/a><\/div><\/div><\/div><\/div>\n<div class='flex_column av-126aqin-7a6e39193fa1262d0b61cdb616a4a062 av_one_fifth  avia-builder-el-11  el_after_av_one_fifth  el_before_av_one_fifth  flex_column_div column-top-margin'     ><\/div>\n<div class='flex_column av-w2yn9b-3822e7b37f6ad515aaaac5be5b29fec2 av_one_fifth  avia-builder-el-12  el_after_av_one_fifth  el_before_av_one_full  flex_column_div column-top-margin'     ><style type=\"text\/css\" data-created_by=\"avia_inline_auto\" id=\"style-css-av-l6kdzl6f-f8a30a29fc40510f7b4f48973d69c000\">\n.avia-image-container.av-l6kdzl6f-f8a30a29fc40510f7b4f48973d69c000 img.avia_image{\nbox-shadow:none;\n}\n.avia-image-container.av-l6kdzl6f-f8a30a29fc40510f7b4f48973d69c000 .av-image-caption-overlay-center{\ncolor:#ffffff;\n}\n<\/style>\n<div  class='avia-image-container av-l6kdzl6f-f8a30a29fc40510f7b4f48973d69c000 av-styling- avia-align-center  avia-builder-el-13  avia-builder-el-no-sibling '   itemprop=\"image\" itemscope=\"itemscope\" itemtype=\"https:\/\/schema.org\/ImageObject\" ><div class=\"avia-image-container-inner\"><div class=\"avia-image-overlay-wrap\"><a href=\"https:\/\/aulaabierta.arasaac.org\/it\/asterics-aac_tablero-global\" class='avia_image' ><img decoding=\"async\" class='wp-image-23882 avia-img-lazy-loading-not-23882 avia_image ' src=\"https:\/\/aulaabierta.arasaac.org\/wp-content\/uploads\/2016\/12\/next-80x80.png\" alt='' title='next'  height=\"80\" width=\"80\"  itemprop=\"thumbnailUrl\" srcset=\"https:\/\/aulaabierta.arasaac.org\/wp-content\/uploads\/2016\/12\/next-80x80.png 80w, https:\/\/aulaabierta.arasaac.org\/wp-content\/uploads\/2016\/12\/next-36x36.png 36w, https:\/\/aulaabierta.arasaac.org\/wp-content\/uploads\/2016\/12\/next-120x120.png 120w, https:\/\/aulaabierta.arasaac.org\/wp-content\/uploads\/2016\/12\/next.png 128w\" sizes=\"(max-width: 80px) 100vw, 80px\" \/><\/a><\/div><\/div><\/div><\/div>\n<div class='flex_column av-vtfpkv-8fb9bef4cb06de80cef16013e631f9a4 av_one_full  avia-builder-el-14  el_after_av_one_fifth  avia-builder-el-last  first flex_column_div column-top-margin'     ><\/div>\n","protected":false},"excerpt":{"rendered":"","protected":false},"author":5,"featured_media":93283,"parent":0,"menu_order":0,"comment_status":"open","ping_status":"open","template":"","meta":{"om_disable_all_campaigns":false,"_monsterinsights_skip_tracking":false,"_monsterinsights_sitenote_active":false,"_monsterinsights_sitenote_note":"","_monsterinsights_sitenote_category":0,"_uf_show_specific_survey":0,"_uf_disable_surveys":false,"footnotes":""},"class_list":["post-94789","page","type-page","status-publish","has-post-thumbnail","hentry"],"aioseo_notices":[],"_links":{"self":[{"href":"https:\/\/aulaabierta.arasaac.org\/it\/wp-json\/wp\/v2\/pages\/94789","targetHints":{"allow":["GET"]}}],"collection":[{"href":"https:\/\/aulaabierta.arasaac.org\/it\/wp-json\/wp\/v2\/pages"}],"about":[{"href":"https:\/\/aulaabierta.arasaac.org\/it\/wp-json\/wp\/v2\/types\/page"}],"author":[{"embeddable":true,"href":"https:\/\/aulaabierta.arasaac.org\/it\/wp-json\/wp\/v2\/users\/5"}],"replies":[{"embeddable":true,"href":"https:\/\/aulaabierta.arasaac.org\/it\/wp-json\/wp\/v2\/comments?post=94789"}],"version-history":[{"count":16,"href":"https:\/\/aulaabierta.arasaac.org\/it\/wp-json\/wp\/v2\/pages\/94789\/revisions"}],"predecessor-version":[{"id":149774,"href":"https:\/\/aulaabierta.arasaac.org\/it\/wp-json\/wp\/v2\/pages\/94789\/revisions\/149774"}],"wp:featuredmedia":[{"embeddable":true,"href":"https:\/\/aulaabierta.arasaac.org\/it\/wp-json\/wp\/v2\/media\/93283"}],"wp:attachment":[{"href":"https:\/\/aulaabierta.arasaac.org\/it\/wp-json\/wp\/v2\/media?parent=94789"}],"curies":[{"name":"wp","href":"https:\/\/api.w.org\/{rel}","templated":true}]}}