{"id":107483,"date":"2022-09-13T17:18:00","date_gmt":"2022-09-13T16:18:00","guid":{"rendered":"https:\/\/aulaabierta.arasaac.org\/asterics-grid_menu-principal_pt"},"modified":"2023-09-21T09:31:29","modified_gmt":"2023-09-21T08:31:29","slug":"asterics-aac_menu-principal_pt","status":"publish","type":"page","link":"https:\/\/aulaabierta.arasaac.org\/pt-pt\/asterics-aac_menu-principal_pt","title":{"rendered":"Comunicador de Rede AsTeRICS &#8211; 3 &#8211; Menu Principal"},"content":{"rendered":"\n<style type=\"text\/css\" data-created_by=\"avia_inline_auto\" id=\"style-css-av-g02wp-3fdd8ad32e09f359dd7e31962b066ef5\">\n#top .av-special-heading.av-g02wp-3fdd8ad32e09f359dd7e31962b066ef5{\npadding-bottom:0;\n}\nbody .av-special-heading.av-g02wp-3fdd8ad32e09f359dd7e31962b066ef5 .av-special-heading-tag .heading-char{\nfont-size:25px;\n}\n.av-special-heading.av-g02wp-3fdd8ad32e09f359dd7e31962b066ef5 .av-subheading{\nfont-size:15px;\n}\n<\/style>\n<div  class='av-special-heading av-g02wp-3fdd8ad32e09f359dd7e31962b066ef5 av-special-heading-h2  avia-builder-el-0  el_before_av_heading  avia-builder-el-first '><h2 class='av-special-heading-tag'  itemprop=\"headline\"  >Comunicador din\u00e2mico Asterics AAC <\/h2><div class=\"special-heading-border\"><div class=\"special-heading-inner-border\"><\/div><\/div><\/div>\n\n<style type=\"text\/css\" data-created_by=\"avia_inline_auto\" id=\"style-css-av-l6uyrk3u-1c679e6d0d9a9d6fa0d1e0f0164a0061\">\n#top .av-special-heading.av-l6uyrk3u-1c679e6d0d9a9d6fa0d1e0f0164a0061{\npadding-bottom:0;\n}\nbody .av-special-heading.av-l6uyrk3u-1c679e6d0d9a9d6fa0d1e0f0164a0061 .av-special-heading-tag .heading-char{\nfont-size:25px;\n}\n.av-special-heading.av-l6uyrk3u-1c679e6d0d9a9d6fa0d1e0f0164a0061 .av-subheading{\nfont-size:15px;\n}\n<\/style>\n<div  class='av-special-heading av-l6uyrk3u-1c679e6d0d9a9d6fa0d1e0f0164a0061 av-special-heading-h2  avia-builder-el-1  el_after_av_heading  el_before_av_textblock '><h2 class='av-special-heading-tag'  itemprop=\"headline\"  >3 &#8211; Menu principal<\/h2><div class=\"special-heading-border\"><div class=\"special-heading-inner-border\"><\/div><\/div><\/div>\n\n<style type=\"text\/css\" data-created_by=\"avia_inline_auto\" id=\"style-css-av-80ofsp-df25ec8e31eef2666334e6963e7d7654\">\n#top .av_textblock_section.av-80ofsp-df25ec8e31eef2666334e6963e7d7654 .avia_textblock{\nfont-size:16px;\n}\n<\/style>\n<section  class='av_textblock_section av-80ofsp-df25ec8e31eef2666334e6963e7d7654'  itemscope=\"itemscope\" itemtype=\"https:\/\/schema.org\/CreativeWork\" ><div class='avia_textblock'  itemprop=\"text\" ><p>Quando acessamos pela primeira vez o comunicador <strong>Asterics AAC<\/strong>, devemos come\u00e7ar a nos familiarizar com a barra de <strong>menu principal<\/strong> que aparece no lado esquerdo da tela.<\/p>\n<p>Este menu permite acessar as <strong>funcionalidades b\u00e1sicas<\/strong> do <strong>Asterics AAC<\/strong>. <\/p>\n<p><img loading=\"lazy\" decoding=\"async\" class=\"aligncenter wp-image-95069\" src=\"https:\/\/aulaabierta.arasaac.org\/wp-content\/uploads\/2022\/08\/Comunicador-Asterics-pictogramas-ARASAAC-10.jpg\" alt=\"\" width=\"800\" height=\"375\"><\/p>\n<p>Vamos revisar todos eles, embora os explicemos com mais detalhes nos tutoriais a seguir.<\/p>\n<p><img loading=\"lazy\" decoding=\"async\" class=\"alignnone wp-image-93519\" src=\"https:\/\/aulaabierta.arasaac.org\/wp-content\/uploads\/2022\/08\/Comunicador-Asterics-pictogramas-ARASAAC-11.jpg\" alt=\"\" width=\"250\" height=\"45\"><\/p>\n<p><strong>A p\u00e1gina inicial<\/strong> exibe o <strong>painel mais recente<\/strong> que usamos, independentemente de qual tenha sido definido como painel principal.<\/p>\n<p><img loading=\"lazy\" decoding=\"async\" class=\"alignnone wp-image-93524\" src=\"https:\/\/aulaabierta.arasaac.org\/wp-content\/uploads\/2022\/08\/Comunicador-Asterics-pictogramas-ARASAAC-12.jpg\" alt=\"\" width=\"250\" height=\"46\"><\/p>\n<p><strong>Gerenciar quadros<\/strong> nos permite visualizar <strong>todos os quadros<\/strong> que comp\u00f5em nosso comunicador, projetar <strong>novos quadros<\/strong>, criar um <strong>backup<\/strong> e definir o <strong>quadro global<\/strong>, que ser\u00e1 o ponto de partida para todos os quadros.<\/p>\n<p><img loading=\"lazy\" decoding=\"async\" class=\"alignnone wp-image-93530\" src=\"https:\/\/aulaabierta.arasaac.org\/wp-content\/uploads\/2022\/08\/Comunicador-Asterics-pictogramas-ARASAAC-13.jpg\" alt=\"\" width=\"250\" height=\"43\"><\/p>\n<p><strong>Gerenciar dicion\u00e1rios<\/strong> nos permite <strong>importar, criar e editar<\/strong> novos dicion\u00e1rios, que s\u00e3o usados \u200b\u200bpara preencher os <strong>elementos de previs\u00e3o<\/strong> ao usar <strong>teclados de ortografia<\/strong>. Esses elementos de previs\u00e3o s\u00e3o de grande ajuda para acelerar o processo de escrita e torn\u00e1-lo mais suave e r\u00e1pido.<\/p>\n<p><img loading=\"lazy\" decoding=\"async\" class=\"alignnone wp-image-93546\" src=\"https:\/\/aulaabierta.arasaac.org\/wp-content\/uploads\/2022\/08\/Comunicador-Asterics-pictogramas-ARASAAC-14.jpg\" alt=\"\" width=\"250\" height=\"44\"> <img loading=\"lazy\" decoding=\"async\" class=\"alignnone wp-image-93551\" src=\"https:\/\/aulaabierta.arasaac.org\/wp-content\/uploads\/2022\/08\/Comunicador-Asterics-pictogramas-ARASAAC-15.jpg\" alt=\"\" width=\"250\" height=\"45\"> <img loading=\"lazy\" decoding=\"async\" class=\"alignnone wp-image-93556\" src=\"https:\/\/aulaabierta.arasaac.org\/wp-content\/uploads\/2022\/08\/Comunicador-Asterics-pictogramas-ARASAAC-16.jpg\" alt=\"\" width=\"250\" height=\"42\"><\/p>\n<p>Estas tr\u00eas sec\u00e7\u00f5es do menu <strong>Utilizadores<\/strong> permitem-nos gerir a cria\u00e7\u00e3o de um <strong>novo utilizador<\/strong>, a mudan\u00e7a para um <strong>utilizador existente<\/strong>, definir um <strong>utilizador online\/offline<\/strong> e a <strong>elimina\u00e7\u00e3o do utilizador<\/strong>.<\/p>\n<p>\u00c9 essencial <strong>anotar e lembrar os nomes de usu\u00e1rio e senhas<\/strong> em um local seguro, pois as senhas n\u00e3o podem ser redefinidas e, se n\u00e3o tivermos salvo uma c\u00f3pia de backup anteriormente, perderemos todo o trabalho que fizemos.<\/p>\n<p><img loading=\"lazy\" decoding=\"async\" class=\"alignnone wp-image-93563\" src=\"https:\/\/aulaabierta.arasaac.org\/wp-content\/uploads\/2022\/08\/Comunicador-Asterics-pictogramas-ARASAAC-17.jpg\" alt=\"\" width=\"250\" height=\"44\"><\/p>\n<p>A configura\u00e7\u00e3o \u00e9 uma se\u00e7\u00e3o muito importante, pois permite definir a <strong>configura\u00e7\u00e3o geral<\/strong> do nosso comunicador (<strong>Linguagem de Aplica\u00e7\u00e3o<\/strong> e <strong>Sincroniza\u00e7\u00e3o<\/strong>) e personalizar a <strong>Configura\u00e7\u00e3o do Usu\u00e1rio<\/strong> (Idioma das placas, Voz sintetizada, <strong>Cor do telefone das placas<\/strong>, <strong>Cor das c\u00e9lulas<\/strong> e <strong>Alterar o texto nas c\u00e9lulas de mai\u00fasculas para min\u00fasculas<\/strong> e vice-versa).  <\/p>\n<p><img loading=\"lazy\" decoding=\"async\" class=\"alignnone wp-image-93569\" src=\"https:\/\/aulaabierta.arasaac.org\/wp-content\/uploads\/2022\/08\/Comunicador-Asterics-pictogramas-ARASAAC-18.jpg\" alt=\"\" width=\"250\" height=\"43\"><\/p>\n<p><strong>Sobre Asterics AAC<\/strong> fornece <strong>informa\u00e7\u00f5es gerais<\/strong> sobre os autores; os colaboradores, o financiamento do projeto, condi\u00e7\u00f5es de uso e agradecimentos.<\/p>\n<\/div><\/section>\n<div  class='hr av-16hr0po-aeca4761ee53e95f1c44d27f435f064c hr-default  avia-builder-el-3  el_after_av_textblock  el_before_av_heading '><span class='hr-inner '><span class=\"hr-inner-style\"><\/span><\/span><\/div>\n\n<style type=\"text\/css\" data-created_by=\"avia_inline_auto\" id=\"style-css-av-l7omexi8-7339820bd3dfe7764ae400eb2799e81e\">\n#top .av-special-heading.av-l7omexi8-7339820bd3dfe7764ae400eb2799e81e{\npadding-bottom:10px;\ncolor:#b02b2c;\n}\nbody .av-special-heading.av-l7omexi8-7339820bd3dfe7764ae400eb2799e81e .av-special-heading-tag .heading-char{\nfont-size:25px;\npadding-bottom:10px;\n}\n.av-special-heading.av-l7omexi8-7339820bd3dfe7764ae400eb2799e81e .special-heading-inner-border{\nborder-color:#b02b2c;\n}\n.av-special-heading.av-l7omexi8-7339820bd3dfe7764ae400eb2799e81e .av-subheading{\nfont-size:15px;\n}\n<\/style>\n<div  class='av-special-heading av-l7omexi8-7339820bd3dfe7764ae400eb2799e81e av-special-heading-h3 custom-color-heading blockquote elegant-quote elegant-centered  avia-builder-el-4  el_after_av_hr  el_before_av_heading  av-linked-heading av-icon'><h3 class='av-special-heading-tag'  itemprop=\"headline\"  ><a class=\"av-heading-link\" href=\"https:\/\/aulaabierta.arasaac.org\/asterics-aac_navegacion-gestionar-tableros-y-copia-de-seguridad\"><span class='heading-char avia-font-entypo-fontello' aria-hidden='true' data-av_icon='\ue818' data-av_iconfont='entypo-fontello'><\/span><span class=\"heading-wrap\">Mais informa\u00e7\u00f5es sobre Gerir pain\u00e9is<\/span><\/a><\/h3><div class=\"special-heading-border\"><div class=\"special-heading-inner-border\"><\/div><\/div><\/div>\n\n<style type=\"text\/css\" data-created_by=\"avia_inline_auto\" id=\"style-css-av-l7omff1k-45c70a498db6cf17115046366d468100\">\n#top .av-special-heading.av-l7omff1k-45c70a498db6cf17115046366d468100{\npadding-bottom:10px;\ncolor:#b02b2c;\n}\nbody .av-special-heading.av-l7omff1k-45c70a498db6cf17115046366d468100 .av-special-heading-tag .heading-char{\nfont-size:25px;\npadding-bottom:10px;\n}\n.av-special-heading.av-l7omff1k-45c70a498db6cf17115046366d468100 .special-heading-inner-border{\nborder-color:#b02b2c;\n}\n.av-special-heading.av-l7omff1k-45c70a498db6cf17115046366d468100 .av-subheading{\nfont-size:15px;\n}\n<\/style>\n<div  class='av-special-heading av-l7omff1k-45c70a498db6cf17115046366d468100 av-special-heading-h3 custom-color-heading blockquote elegant-quote elegant-centered  avia-builder-el-5  el_after_av_heading  el_before_av_heading  av-linked-heading av-icon'><h3 class='av-special-heading-tag'  itemprop=\"headline\"  ><a class=\"av-heading-link\" href=\"https:\/\/aulaabierta.arasaac.org\/asterics-aac_gestion-de-usuarios\"><span class='heading-char avia-font-entypo-fontello' aria-hidden='true' data-av_icon='\ue818' data-av_iconfont='entypo-fontello'><\/span><span class=\"heading-wrap\">Mais informa\u00e7\u00f5es sobre Gest\u00e3o de utilizadores<\/span><\/a><\/h3><div class=\"special-heading-border\"><div class=\"special-heading-inner-border\"><\/div><\/div><\/div>\n\n<style type=\"text\/css\" data-created_by=\"avia_inline_auto\" id=\"style-css-av-l7omfutr-c082aeeedffe06fb37dd1c9bb20179c8\">\n#top .av-special-heading.av-l7omfutr-c082aeeedffe06fb37dd1c9bb20179c8{\npadding-bottom:10px;\ncolor:#b02b2c;\n}\nbody .av-special-heading.av-l7omfutr-c082aeeedffe06fb37dd1c9bb20179c8 .av-special-heading-tag .heading-char{\nfont-size:25px;\npadding-bottom:10px;\n}\n.av-special-heading.av-l7omfutr-c082aeeedffe06fb37dd1c9bb20179c8 .special-heading-inner-border{\nborder-color:#b02b2c;\n}\n.av-special-heading.av-l7omfutr-c082aeeedffe06fb37dd1c9bb20179c8 .av-subheading{\nfont-size:15px;\n}\n<\/style>\n<div  class='av-special-heading av-l7omfutr-c082aeeedffe06fb37dd1c9bb20179c8 av-special-heading-h3 custom-color-heading blockquote elegant-quote elegant-centered  avia-builder-el-6  el_after_av_heading  el_before_av_hr  av-linked-heading av-icon'><h3 class='av-special-heading-tag'  itemprop=\"headline\"  ><a class=\"av-heading-link\" href=\"https:\/\/aulaabierta.arasaac.org\/asterics-aac_configuracion\"><span class='heading-char avia-font-entypo-fontello' aria-hidden='true' data-av_icon='\ue818' data-av_iconfont='entypo-fontello'><\/span><span class=\"heading-wrap\">Mais informa\u00e7\u00f5es sobre Defini\u00e7\u00f5es<\/span><\/a><\/h3><div class=\"special-heading-border\"><div class=\"special-heading-inner-border\"><\/div><\/div><\/div>\n<div  class='hr av-iogyrg-22e28739d9d8bd2085298d5e8e6d9b6b hr-default  avia-builder-el-7  el_after_av_heading  el_before_av_one_fifth '><span class='hr-inner '><span class=\"hr-inner-style\"><\/span><\/span><\/div>\n<div class='flex_column av-2krg6xr-318b22cf5a7dcc17d549f6d260a48947 av_one_fifth  avia-builder-el-8  el_after_av_hr  el_before_av_one_fifth  first flex_column_div '     ><style type=\"text\/css\" data-created_by=\"avia_inline_auto\" id=\"style-css-av-l6kdyooj-71a86259f3d690cff41d5a4a278d30a0\">\n.avia-image-container.av-l6kdyooj-71a86259f3d690cff41d5a4a278d30a0 img.avia_image{\nbox-shadow:none;\n}\n.avia-image-container.av-l6kdyooj-71a86259f3d690cff41d5a4a278d30a0 .av-image-caption-overlay-center{\ncolor:#ffffff;\n}\n<\/style>\n<div  class='avia-image-container av-l6kdyooj-71a86259f3d690cff41d5a4a278d30a0 av-styling- avia-align-center  avia-builder-el-9  avia-builder-el-no-sibling '   itemprop=\"image\" itemscope=\"itemscope\" itemtype=\"https:\/\/schema.org\/ImageObject\" ><div class=\"avia-image-container-inner\"><div class=\"avia-image-overlay-wrap\"><a href=\"https:\/\/aulaabierta.arasaac.org\/pt-pt\/asterics-aac_boas-vindas\" class='avia_image' ><img decoding=\"async\" class='wp-image-23493 avia-img-lazy-loading-not-23493 avia_image ' src=\"https:\/\/aulaabierta.arasaac.org\/wp-content\/uploads\/2016\/12\/before-80x80.png\" alt='' title='before'  height=\"80\" width=\"80\"  itemprop=\"thumbnailUrl\" srcset=\"https:\/\/aulaabierta.arasaac.org\/wp-content\/uploads\/2016\/12\/before-80x80.png 80w, https:\/\/aulaabierta.arasaac.org\/wp-content\/uploads\/2016\/12\/before-36x36.png 36w, https:\/\/aulaabierta.arasaac.org\/wp-content\/uploads\/2016\/12\/before-120x120.png 120w, https:\/\/aulaabierta.arasaac.org\/wp-content\/uploads\/2016\/12\/before.png 128w\" sizes=\"(max-width: 80px) 100vw, 80px\" \/><\/a><\/div><\/div><\/div><\/div>\n<div class='flex_column av-2acjjb3-72430572443564d7b3ecb332fff10556 av_one_fifth  avia-builder-el-10  el_after_av_one_fifth  el_before_av_one_fifth  flex_column_div '     ><\/div>\n<div class='flex_column av-5ueg0v-f5b4451085be42fd2a70550803012549 av_one_fifth  avia-builder-el-11  el_after_av_one_fifth  el_before_av_one_fifth  flex_column_div '     ><style type=\"text\/css\" data-created_by=\"avia_inline_auto\" id=\"style-css-av-l6ke1xda-6b10fa8827c48ad3be2dfbd0acb250aa\">\n.avia-image-container.av-l6ke1xda-6b10fa8827c48ad3be2dfbd0acb250aa img.avia_image{\nbox-shadow:none;\n}\n.avia-image-container.av-l6ke1xda-6b10fa8827c48ad3be2dfbd0acb250aa .av-image-caption-overlay-center{\ncolor:#ffffff;\n}\n<\/style>\n<div  class='avia-image-container av-l6ke1xda-6b10fa8827c48ad3be2dfbd0acb250aa av-styling- avia-align-center  avia-builder-el-12  avia-builder-el-no-sibling '   itemprop=\"image\" itemscope=\"itemscope\" itemtype=\"https:\/\/schema.org\/ImageObject\" ><div class=\"avia-image-container-inner\"><div class=\"avia-image-overlay-wrap\"><a href=\"https:\/\/aulaabierta.arasaac.org\/pt-pt\/asterics-aac_inicio_pt\" class='avia_image' ><img decoding=\"async\" class='wp-image-93348 avia-img-lazy-loading-not-93348 avia_image ' src=\"https:\/\/aulaabierta.arasaac.org\/wp-content\/uploads\/2022\/08\/casa-120x120-1-80x80.png\" alt='' title='casa-120x120'  height=\"80\" width=\"80\"  itemprop=\"thumbnailUrl\" srcset=\"https:\/\/aulaabierta.arasaac.org\/wp-content\/uploads\/2022\/08\/casa-120x120-1-80x80.png 80w, https:\/\/aulaabierta.arasaac.org\/wp-content\/uploads\/2022\/08\/casa-120x120-1-36x36.png 36w, https:\/\/aulaabierta.arasaac.org\/wp-content\/uploads\/2022\/08\/casa-120x120-1.png 120w\" sizes=\"(max-width: 80px) 100vw, 80px\" \/><\/a><\/div><\/div><\/div><\/div>\n<div class='flex_column av-126aqin-7a6e39193fa1262d0b61cdb616a4a062 av_one_fifth  avia-builder-el-13  el_after_av_one_fifth  el_before_av_one_fifth  flex_column_div '     ><\/div>\n<div class='flex_column av-w2yn9b-3822e7b37f6ad515aaaac5be5b29fec2 av_one_fifth  avia-builder-el-14  el_after_av_one_fifth  el_before_av_one_full  flex_column_div '     ><style type=\"text\/css\" data-created_by=\"avia_inline_auto\" id=\"style-css-av-l6kdzl6f-213aed997ca5867690f85a1b925ae75f\">\n.avia-image-container.av-l6kdzl6f-213aed997ca5867690f85a1b925ae75f img.avia_image{\nbox-shadow:none;\n}\n.avia-image-container.av-l6kdzl6f-213aed997ca5867690f85a1b925ae75f .av-image-caption-overlay-center{\ncolor:#ffffff;\n}\n<\/style>\n<div  class='avia-image-container av-l6kdzl6f-213aed997ca5867690f85a1b925ae75f av-styling- avia-align-center  avia-builder-el-15  avia-builder-el-no-sibling '   itemprop=\"image\" itemscope=\"itemscope\" itemtype=\"https:\/\/schema.org\/ImageObject\" ><div class=\"avia-image-container-inner\"><div class=\"avia-image-overlay-wrap\"><a href=\"https:\/\/aulaabierta.arasaac.org\/pt-pt\/asterics-aac_tela-inicial-do-comunicador\" class='avia_image' ><img decoding=\"async\" class='wp-image-23496 avia-img-lazy-loading-not-23496 avia_image ' src=\"https:\/\/aulaabierta.arasaac.org\/wp-content\/uploads\/2016\/12\/next-80x80.png\" alt='' title='next'  height=\"80\" width=\"80\"  itemprop=\"thumbnailUrl\" srcset=\"https:\/\/aulaabierta.arasaac.org\/wp-content\/uploads\/2016\/12\/next-80x80.png 80w, https:\/\/aulaabierta.arasaac.org\/wp-content\/uploads\/2016\/12\/next-36x36.png 36w, https:\/\/aulaabierta.arasaac.org\/wp-content\/uploads\/2016\/12\/next-120x120.png 120w, https:\/\/aulaabierta.arasaac.org\/wp-content\/uploads\/2016\/12\/next.png 128w\" sizes=\"(max-width: 80px) 100vw, 80px\" \/><\/a><\/div><\/div><\/div><\/div>\n<div class='flex_column av-vtfpkv-8fb9bef4cb06de80cef16013e631f9a4 av_one_full  avia-builder-el-16  el_after_av_one_fifth  avia-builder-el-last  first flex_column_div column-top-margin'     ><\/div>\n","protected":false},"excerpt":{"rendered":"","protected":false},"author":5,"featured_media":93287,"parent":0,"menu_order":0,"comment_status":"open","ping_status":"open","template":"","meta":{"om_disable_all_campaigns":false,"_monsterinsights_skip_tracking":false,"_monsterinsights_sitenote_active":false,"_monsterinsights_sitenote_note":"","_monsterinsights_sitenote_category":0,"_uf_show_specific_survey":0,"_uf_disable_surveys":false,"footnotes":""},"class_list":["post-107483","page","type-page","status-publish","has-post-thumbnail","hentry"],"aioseo_notices":[],"_links":{"self":[{"href":"https:\/\/aulaabierta.arasaac.org\/pt-pt\/wp-json\/wp\/v2\/pages\/107483","targetHints":{"allow":["GET"]}}],"collection":[{"href":"https:\/\/aulaabierta.arasaac.org\/pt-pt\/wp-json\/wp\/v2\/pages"}],"about":[{"href":"https:\/\/aulaabierta.arasaac.org\/pt-pt\/wp-json\/wp\/v2\/types\/page"}],"author":[{"embeddable":true,"href":"https:\/\/aulaabierta.arasaac.org\/pt-pt\/wp-json\/wp\/v2\/users\/5"}],"replies":[{"embeddable":true,"href":"https:\/\/aulaabierta.arasaac.org\/pt-pt\/wp-json\/wp\/v2\/comments?post=107483"}],"version-history":[{"count":28,"href":"https:\/\/aulaabierta.arasaac.org\/pt-pt\/wp-json\/wp\/v2\/pages\/107483\/revisions"}],"predecessor-version":[{"id":146836,"href":"https:\/\/aulaabierta.arasaac.org\/pt-pt\/wp-json\/wp\/v2\/pages\/107483\/revisions\/146836"}],"wp:featuredmedia":[{"embeddable":true,"href":"https:\/\/aulaabierta.arasaac.org\/pt-pt\/wp-json\/wp\/v2\/media\/93287"}],"wp:attachment":[{"href":"https:\/\/aulaabierta.arasaac.org\/pt-pt\/wp-json\/wp\/v2\/media?parent=107483"}],"curies":[{"name":"wp","href":"https:\/\/api.w.org\/{rel}","templated":true}]}}