{"id":109985,"date":"2022-10-28T12:15:24","date_gmt":"2022-10-28T11:15:24","guid":{"rendered":"https:\/\/aulaabierta.arasaac.org\/asterics-grid_anexo-b-ocultar-celulas-numa-tabela-predefinida"},"modified":"2025-09-11T19:22:35","modified_gmt":"2025-09-11T18:22:35","slug":"asterics-aac_anexo-b-ocultar-celulas-numa-tabela-predefinida","status":"publish","type":"page","link":"https:\/\/aulaabierta.arasaac.org\/pt-pt\/asterics-aac_anexo-b-ocultar-celulas-numa-tabela-predefinida","title":{"rendered":"Comunicador Asterics AAC &#8211; Anexo B &#8211; Ocultar c\u00e9lulas numa tabela predefinida"},"content":{"rendered":"\n<style type=\"text\/css\" data-created_by=\"avia_inline_auto\" id=\"style-css-av-g02wp-771bb74d68bd805092bb5109bd5a690b\">\n#top .av-special-heading.av-g02wp-771bb74d68bd805092bb5109bd5a690b{\npadding-bottom:0;\n}\nbody .av-special-heading.av-g02wp-771bb74d68bd805092bb5109bd5a690b .av-special-heading-tag .heading-char{\nfont-size:25px;\n}\n.av-special-heading.av-g02wp-771bb74d68bd805092bb5109bd5a690b .av-subheading{\nfont-size:15px;\n}\n<\/style>\n<div  class='av-special-heading av-g02wp-771bb74d68bd805092bb5109bd5a690b av-special-heading-h2  avia-builder-el-0  el_before_av_heading  avia-builder-el-first '><h2 class='av-special-heading-tag'  itemprop=\"headline\"  >Comunicador din\u00e2mico Asterics AAC<\/h2><div class=\"special-heading-border\"><div class=\"special-heading-inner-border\"><\/div><\/div><\/div>\n\n<style type=\"text\/css\" data-created_by=\"avia_inline_auto\" id=\"style-css-av-l6uyvnzl-a8c0f57522a5eedcc355a988446f80ac\">\n#top .av-special-heading.av-l6uyvnzl-a8c0f57522a5eedcc355a988446f80ac{\npadding-bottom:0;\n}\nbody .av-special-heading.av-l6uyvnzl-a8c0f57522a5eedcc355a988446f80ac .av-special-heading-tag .heading-char{\nfont-size:25px;\n}\n.av-special-heading.av-l6uyvnzl-a8c0f57522a5eedcc355a988446f80ac .av-subheading{\nfont-size:15px;\n}\n<\/style>\n<div  class='av-special-heading av-l6uyvnzl-a8c0f57522a5eedcc355a988446f80ac av-special-heading-h2  avia-builder-el-1  el_after_av_heading  el_before_av_hr '><h2 class='av-special-heading-tag'  itemprop=\"headline\"  >Anexo B &#8211; Ocultar c\u00e9lulas numa tabela predefinida<\/h2><div class=\"special-heading-border\"><div class=\"special-heading-inner-border\"><\/div><\/div><\/div>\n<div  class='hr av-iuhhgx-d673ebc2263b20e277a8850c6f643d0e hr-default  avia-builder-el-2  el_after_av_heading  el_before_av_textblock '><span class='hr-inner '><span class=\"hr-inner-style\"><\/span><\/span><\/div>\n\n<style type=\"text\/css\" data-created_by=\"avia_inline_auto\" id=\"style-css-av-l7od3lky-d3322c1ef33746f21de40562a835b69b\">\n#top .av_textblock_section.av-l7od3lky-d3322c1ef33746f21de40562a835b69b .avia_textblock{\nfont-size:16px;\n}\n<\/style>\n<section  class='av_textblock_section av-l7od3lky-d3322c1ef33746f21de40562a835b69b'  itemscope=\"itemscope\" itemtype=\"https:\/\/schema.org\/CreativeWork\" ><div class='avia_textblock'  itemprop=\"text\" ><p>La comunicaci\u00f3n y los comunicadores deben adaptarse siempre a las necesidades comunicativas de la persona y no al contrario.<\/p>\n<p>Ya hemos explicado en estos tutoriales que en <strong>AsTeRiCS Grid <\/strong>podemos crear un tablero desde cero o bien utilizar un comunicador predefinido con un gran cantidad de vocabulario.<\/p>\n<p><img loading=\"lazy\" decoding=\"async\" class=\"aligncenter wp-image-109349 size-full\" src=\"https:\/\/aulaabierta.arasaac.org\/wp-content\/uploads\/2022\/10\/Comunicador-Asterics-pictogramas-ARASAAC-.jpg\" alt=\"\" width=\"1600\" height=\"900\" srcset=\"https:\/\/aulaabierta.arasaac.org\/wp-content\/uploads\/2022\/10\/Comunicador-Asterics-pictogramas-ARASAAC-.jpg 1600w, https:\/\/aulaabierta.arasaac.org\/wp-content\/uploads\/2022\/10\/Comunicador-Asterics-pictogramas-ARASAAC--300x169.jpg 300w, https:\/\/aulaabierta.arasaac.org\/wp-content\/uploads\/2022\/10\/Comunicador-Asterics-pictogramas-ARASAAC--1030x579.jpg 1030w, https:\/\/aulaabierta.arasaac.org\/wp-content\/uploads\/2022\/10\/Comunicador-Asterics-pictogramas-ARASAAC--768x432.jpg 768w, https:\/\/aulaabierta.arasaac.org\/wp-content\/uploads\/2022\/10\/Comunicador-Asterics-pictogramas-ARASAAC--1536x864.jpg 1536w, https:\/\/aulaabierta.arasaac.org\/wp-content\/uploads\/2022\/10\/Comunicador-Asterics-pictogramas-ARASAAC--1500x844.jpg 1500w, https:\/\/aulaabierta.arasaac.org\/wp-content\/uploads\/2022\/10\/Comunicador-Asterics-pictogramas-ARASAAC--705x397.jpg 705w\" sizes=\"auto, (max-width: 1600px) 100vw, 1600px\" \/><\/p>\n<p>En el caso de que utilicemos esta segunda opci\u00f3n, <strong>AsTeRiCS Grid<\/strong> ofrece la posibilidad\u00a0de Ocultar<b> celdas<\/b>, sin borrar el contenido del comunicador, para <strong>introducirlas de forma progresiva<\/strong> en funci\u00f3n de la progresi\u00f3n de la persona que lo utiliza.<\/p>\n<p>Partiendo del comunicador predefinido que os mostramos m\u00e1s arriba, vamos a ocultar unas cuantas celdas. Para ello, utilizamos la opci\u00f3n <strong>Editar<\/strong> el tablero y, posteriormente, seleccionamos <strong>Editar celda<\/strong>. En la pesta\u00f1a<strong> General<\/strong>, activamos la opci\u00f3n de <strong>Ocultar celda<\/strong> en la parte inferior.<\/p>\n<p><img loading=\"lazy\" decoding=\"async\" class=\"alignnone size-full wp-image-149326\" src=\"https:\/\/aulaabierta.arasaac.org\/wp-content\/uploads\/2025\/02\/Asterics_ocultar_celdas.jpg\" alt=\"\" width=\"1919\" height=\"924\" srcset=\"https:\/\/aulaabierta.arasaac.org\/wp-content\/uploads\/2025\/02\/Asterics_ocultar_celdas.jpg 1919w, https:\/\/aulaabierta.arasaac.org\/wp-content\/uploads\/2025\/02\/Asterics_ocultar_celdas-300x144.jpg 300w, https:\/\/aulaabierta.arasaac.org\/wp-content\/uploads\/2025\/02\/Asterics_ocultar_celdas-1030x496.jpg 1030w, https:\/\/aulaabierta.arasaac.org\/wp-content\/uploads\/2025\/02\/Asterics_ocultar_celdas-768x370.jpg 768w, https:\/\/aulaabierta.arasaac.org\/wp-content\/uploads\/2025\/02\/Asterics_ocultar_celdas-1536x740.jpg 1536w, https:\/\/aulaabierta.arasaac.org\/wp-content\/uploads\/2025\/02\/Asterics_ocultar_celdas-1500x722.jpg 1500w, https:\/\/aulaabierta.arasaac.org\/wp-content\/uploads\/2025\/02\/Asterics_ocultar_celdas-705x339.jpg 705w\" sizes=\"auto, (max-width: 1919px) 100vw, 1919px\" \/><\/p>\n<p>Este proceso lo vamos realizando con todas las celdas que queremos ocultar por el momento y observaremos que se ha a\u00f1adido un icono (un ojo tachado) a estas celdas ocultas para identificarlas.<\/p>\n<p><img loading=\"lazy\" decoding=\"async\" class=\"aligncenter wp-image-109363 size-full\" src=\"https:\/\/aulaabierta.arasaac.org\/wp-content\/uploads\/2022\/10\/Comunicador-Asterics-pictogramas-ARASAAC-147.jpg\" alt=\"\" width=\"1293\" height=\"688\" srcset=\"https:\/\/aulaabierta.arasaac.org\/wp-content\/uploads\/2022\/10\/Comunicador-Asterics-pictogramas-ARASAAC-147.jpg 1293w, https:\/\/aulaabierta.arasaac.org\/wp-content\/uploads\/2022\/10\/Comunicador-Asterics-pictogramas-ARASAAC-147-300x160.jpg 300w, https:\/\/aulaabierta.arasaac.org\/wp-content\/uploads\/2022\/10\/Comunicador-Asterics-pictogramas-ARASAAC-147-1030x548.jpg 1030w, https:\/\/aulaabierta.arasaac.org\/wp-content\/uploads\/2022\/10\/Comunicador-Asterics-pictogramas-ARASAAC-147-768x409.jpg 768w, https:\/\/aulaabierta.arasaac.org\/wp-content\/uploads\/2022\/10\/Comunicador-Asterics-pictogramas-ARASAAC-147-705x375.jpg 705w\" sizes=\"auto, (max-width: 1293px) 100vw, 1293px\" \/><\/p>\n<p>Si ampliamos la primera l\u00ednea del tablero que estamos editando, observamos con m\u00e1s detalle las celdas que hemos ocultado.<\/p>\n<p><img loading=\"lazy\" decoding=\"async\" class=\"aligncenter wp-image-109369 size-full\" src=\"https:\/\/aulaabierta.arasaac.org\/wp-content\/uploads\/2022\/10\/Comunicador-Asterics-pictogramas-ARASAAC-148.jpg\" alt=\"\" width=\"1583\" height=\"257\" srcset=\"https:\/\/aulaabierta.arasaac.org\/wp-content\/uploads\/2022\/10\/Comunicador-Asterics-pictogramas-ARASAAC-148.jpg 1583w, https:\/\/aulaabierta.arasaac.org\/wp-content\/uploads\/2022\/10\/Comunicador-Asterics-pictogramas-ARASAAC-148-300x49.jpg 300w, https:\/\/aulaabierta.arasaac.org\/wp-content\/uploads\/2022\/10\/Comunicador-Asterics-pictogramas-ARASAAC-148-1030x167.jpg 1030w, https:\/\/aulaabierta.arasaac.org\/wp-content\/uploads\/2022\/10\/Comunicador-Asterics-pictogramas-ARASAAC-148-768x125.jpg 768w, https:\/\/aulaabierta.arasaac.org\/wp-content\/uploads\/2022\/10\/Comunicador-Asterics-pictogramas-ARASAAC-148-1536x249.jpg 1536w, https:\/\/aulaabierta.arasaac.org\/wp-content\/uploads\/2022\/10\/Comunicador-Asterics-pictogramas-ARASAAC-148-1500x244.jpg 1500w, https:\/\/aulaabierta.arasaac.org\/wp-content\/uploads\/2022\/10\/Comunicador-Asterics-pictogramas-ARASAAC-148-705x114.jpg 705w\" sizes=\"auto, (max-width: 1583px) 100vw, 1583px\" \/><\/p>\n<p>En esta l\u00ednea del tablero, hemos ocultado las categor\u00edas de LUGARES y TRANSPORTES. Podemos observar que, adem\u00e1s del icono de categor\u00eda, aparece el icono de celda oculta (ojo tachado).<\/p>\n<p>Ahora, desactivamos la edici\u00f3n y \u00e9ste es el resultado de nuestro tablero con las celdas que hemos ocultado.<\/p>\n<p><img loading=\"lazy\" decoding=\"async\" class=\"aligncenter wp-image-109375 size-full\" src=\"https:\/\/aulaabierta.arasaac.org\/wp-content\/uploads\/2022\/10\/Comunicador-Asterics-pictogramas-ARASAAC-149.jpg\" alt=\"\" width=\"1600\" height=\"900\" srcset=\"https:\/\/aulaabierta.arasaac.org\/wp-content\/uploads\/2022\/10\/Comunicador-Asterics-pictogramas-ARASAAC-149.jpg 1600w, https:\/\/aulaabierta.arasaac.org\/wp-content\/uploads\/2022\/10\/Comunicador-Asterics-pictogramas-ARASAAC-149-300x169.jpg 300w, https:\/\/aulaabierta.arasaac.org\/wp-content\/uploads\/2022\/10\/Comunicador-Asterics-pictogramas-ARASAAC-149-1030x579.jpg 1030w, https:\/\/aulaabierta.arasaac.org\/wp-content\/uploads\/2022\/10\/Comunicador-Asterics-pictogramas-ARASAAC-149-768x432.jpg 768w, https:\/\/aulaabierta.arasaac.org\/wp-content\/uploads\/2022\/10\/Comunicador-Asterics-pictogramas-ARASAAC-149-1536x864.jpg 1536w, https:\/\/aulaabierta.arasaac.org\/wp-content\/uploads\/2022\/10\/Comunicador-Asterics-pictogramas-ARASAAC-149-1500x844.jpg 1500w, https:\/\/aulaabierta.arasaac.org\/wp-content\/uploads\/2022\/10\/Comunicador-Asterics-pictogramas-ARASAAC-149-705x397.jpg 705w\" sizes=\"auto, (max-width: 1600px) 100vw, 1600px\" \/><\/p>\n<p>Con esta sencilla opci\u00f3n, adaptamos el tablero o los tableros de nuestro comunicador a las necesidades comunicativas de la persona. Poco a poco, iremos a\u00f1adiendo celdas ocultas e introduciendo nuevo vocabulario en funci\u00f3n de los progresos obtenidos por nuestro usuario\/a.<\/p>\n<\/div><\/section>\n<div class='flex_column av-2krg6xr-318b22cf5a7dcc17d549f6d260a48947 av_one_fifth  avia-builder-el-4  el_after_av_textblock  el_before_av_one_fifth  first flex_column_div column-top-margin'     ><style type=\"text\/css\" data-created_by=\"avia_inline_auto\" id=\"style-css-av-l6kdyooj-e4b752c024b83f13f330116e7f3719e8\">\n.avia-image-container.av-l6kdyooj-e4b752c024b83f13f330116e7f3719e8 img.avia_image{\nbox-shadow:none;\n}\n.avia-image-container.av-l6kdyooj-e4b752c024b83f13f330116e7f3719e8 .av-image-caption-overlay-center{\ncolor:#ffffff;\n}\n<\/style>\n<div  class='avia-image-container av-l6kdyooj-e4b752c024b83f13f330116e7f3719e8 av-styling- avia-align-center  avia-builder-el-5  avia-builder-el-no-sibling '   itemprop=\"image\" itemscope=\"itemscope\" itemtype=\"https:\/\/schema.org\/ImageObject\" ><div class=\"avia-image-container-inner\"><div class=\"avia-image-overlay-wrap\"><a href=\"https:\/\/aulaabierta.arasaac.org\/pt-pt\/asterics-aac_anexo-a-celulas-de-acao-laterais\" class='avia_image' ><img decoding=\"async\" class='wp-image-23493 avia-img-lazy-loading-not-23493 avia_image ' src=\"https:\/\/aulaabierta.arasaac.org\/wp-content\/uploads\/2016\/12\/before-80x80.png\" alt='' title='before'  height=\"80\" width=\"80\"  itemprop=\"thumbnailUrl\" srcset=\"https:\/\/aulaabierta.arasaac.org\/wp-content\/uploads\/2016\/12\/before-80x80.png 80w, https:\/\/aulaabierta.arasaac.org\/wp-content\/uploads\/2016\/12\/before-36x36.png 36w, https:\/\/aulaabierta.arasaac.org\/wp-content\/uploads\/2016\/12\/before-120x120.png 120w, https:\/\/aulaabierta.arasaac.org\/wp-content\/uploads\/2016\/12\/before.png 128w\" sizes=\"(max-width: 80px) 100vw, 80px\" \/><\/a><\/div><\/div><\/div><\/div>\n<div class='flex_column av-2acjjb3-72430572443564d7b3ecb332fff10556 av_one_fifth  avia-builder-el-6  el_after_av_one_fifth  el_before_av_one_fifth  flex_column_div column-top-margin'     ><\/div>\n<div class='flex_column av-5ueg0v-f5b4451085be42fd2a70550803012549 av_one_fifth  avia-builder-el-7  el_after_av_one_fifth  el_before_av_one_fifth  flex_column_div column-top-margin'     ><style type=\"text\/css\" data-created_by=\"avia_inline_auto\" id=\"style-css-av-l6ke1xda-6b10fa8827c48ad3be2dfbd0acb250aa\">\n.avia-image-container.av-l6ke1xda-6b10fa8827c48ad3be2dfbd0acb250aa img.avia_image{\nbox-shadow:none;\n}\n.avia-image-container.av-l6ke1xda-6b10fa8827c48ad3be2dfbd0acb250aa .av-image-caption-overlay-center{\ncolor:#ffffff;\n}\n<\/style>\n<div  class='avia-image-container av-l6ke1xda-6b10fa8827c48ad3be2dfbd0acb250aa av-styling- avia-align-center  avia-builder-el-8  avia-builder-el-no-sibling '   itemprop=\"image\" itemscope=\"itemscope\" itemtype=\"https:\/\/schema.org\/ImageObject\" ><div class=\"avia-image-container-inner\"><div class=\"avia-image-overlay-wrap\"><a href=\"https:\/\/aulaabierta.arasaac.org\/pt-pt\/asterics-aac_inicio_pt\" class='avia_image' ><img decoding=\"async\" class='wp-image-93348 avia-img-lazy-loading-not-93348 avia_image ' src=\"https:\/\/aulaabierta.arasaac.org\/wp-content\/uploads\/2022\/08\/casa-120x120-1-80x80.png\" alt='' title='casa-120x120'  height=\"80\" width=\"80\"  itemprop=\"thumbnailUrl\" srcset=\"https:\/\/aulaabierta.arasaac.org\/wp-content\/uploads\/2022\/08\/casa-120x120-1-80x80.png 80w, https:\/\/aulaabierta.arasaac.org\/wp-content\/uploads\/2022\/08\/casa-120x120-1-36x36.png 36w, https:\/\/aulaabierta.arasaac.org\/wp-content\/uploads\/2022\/08\/casa-120x120-1.png 120w\" sizes=\"(max-width: 80px) 100vw, 80px\" \/><\/a><\/div><\/div><\/div><\/div>\n<div class='flex_column av-126aqin-7a6e39193fa1262d0b61cdb616a4a062 av_one_fifth  avia-builder-el-9  el_after_av_one_fifth  el_before_av_one_fifth  flex_column_div column-top-margin'     ><\/div>\n<div class='flex_column av-w2yn9b-3822e7b37f6ad515aaaac5be5b29fec2 av_one_fifth  avia-builder-el-10  el_after_av_one_fifth  el_before_av_one_full  flex_column_div column-top-margin'     ><style type=\"text\/css\" data-created_by=\"avia_inline_auto\" id=\"style-css-av-l6kdzl6f-8a602a6bca133d67eb14f52fc9ba75fe\">\n.avia-image-container.av-l6kdzl6f-8a602a6bca133d67eb14f52fc9ba75fe img.avia_image{\nbox-shadow:none;\n}\n.avia-image-container.av-l6kdzl6f-8a602a6bca133d67eb14f52fc9ba75fe .av-image-caption-overlay-center{\ncolor:#ffffff;\n}\n<\/style>\n<div  class='avia-image-container av-l6kdzl6f-8a602a6bca133d67eb14f52fc9ba75fe av-styling- avia-align-center  avia-builder-el-11  avia-builder-el-no-sibling '   itemprop=\"image\" itemscope=\"itemscope\" itemtype=\"https:\/\/schema.org\/ImageObject\" ><div class=\"avia-image-container-inner\"><div class=\"avia-image-overlay-wrap\"><a href=\"https:\/\/aulaabierta.arasaac.org\/pt-pt\/asterics-aac-anexo-c-usar-codigos-de-cor-de-acordo-com-o-tipo-de-palavra\" class='avia_image' ><img decoding=\"async\" class='wp-image-23496 avia-img-lazy-loading-not-23496 avia_image ' src=\"https:\/\/aulaabierta.arasaac.org\/wp-content\/uploads\/2016\/12\/next-80x80.png\" alt='' title='next'  height=\"80\" width=\"80\"  itemprop=\"thumbnailUrl\" srcset=\"https:\/\/aulaabierta.arasaac.org\/wp-content\/uploads\/2016\/12\/next-80x80.png 80w, https:\/\/aulaabierta.arasaac.org\/wp-content\/uploads\/2016\/12\/next-36x36.png 36w, https:\/\/aulaabierta.arasaac.org\/wp-content\/uploads\/2016\/12\/next-120x120.png 120w, https:\/\/aulaabierta.arasaac.org\/wp-content\/uploads\/2016\/12\/next.png 128w\" sizes=\"(max-width: 80px) 100vw, 80px\" \/><\/a><\/div><\/div><\/div><\/div>\n<div class='flex_column av-vtfpkv-8fb9bef4cb06de80cef16013e631f9a4 av_one_full  avia-builder-el-12  el_after_av_one_fifth  avia-builder-el-last  first flex_column_div column-top-margin'     ><\/div>\n","protected":false},"excerpt":{"rendered":"","protected":false},"author":5,"featured_media":93287,"parent":0,"menu_order":0,"comment_status":"open","ping_status":"open","template":"","meta":{"om_disable_all_campaigns":false,"_monsterinsights_skip_tracking":false,"_monsterinsights_sitenote_active":false,"_monsterinsights_sitenote_note":"","_monsterinsights_sitenote_category":0,"_uf_show_specific_survey":0,"_uf_disable_surveys":false,"footnotes":""},"class_list":["post-109985","page","type-page","status-publish","has-post-thumbnail","hentry"],"aioseo_notices":[],"_links":{"self":[{"href":"https:\/\/aulaabierta.arasaac.org\/pt-pt\/wp-json\/wp\/v2\/pages\/109985","targetHints":{"allow":["GET"]}}],"collection":[{"href":"https:\/\/aulaabierta.arasaac.org\/pt-pt\/wp-json\/wp\/v2\/pages"}],"about":[{"href":"https:\/\/aulaabierta.arasaac.org\/pt-pt\/wp-json\/wp\/v2\/types\/page"}],"author":[{"embeddable":true,"href":"https:\/\/aulaabierta.arasaac.org\/pt-pt\/wp-json\/wp\/v2\/users\/5"}],"replies":[{"embeddable":true,"href":"https:\/\/aulaabierta.arasaac.org\/pt-pt\/wp-json\/wp\/v2\/comments?post=109985"}],"version-history":[{"count":44,"href":"https:\/\/aulaabierta.arasaac.org\/pt-pt\/wp-json\/wp\/v2\/pages\/109985\/revisions"}],"predecessor-version":[{"id":150972,"href":"https:\/\/aulaabierta.arasaac.org\/pt-pt\/wp-json\/wp\/v2\/pages\/109985\/revisions\/150972"}],"wp:featuredmedia":[{"embeddable":true,"href":"https:\/\/aulaabierta.arasaac.org\/pt-pt\/wp-json\/wp\/v2\/media\/93287"}],"wp:attachment":[{"href":"https:\/\/aulaabierta.arasaac.org\/pt-pt\/wp-json\/wp\/v2\/media?parent=109985"}],"curies":[{"name":"wp","href":"https:\/\/api.w.org\/{rel}","templated":true}]}}