{"id":110009,"date":"2022-10-31T14:10:50","date_gmt":"2022-10-31T13:10:50","guid":{"rendered":"https:\/\/aulaabierta.arasaac.org\/asterics-grid_instalacao_windows"},"modified":"2025-09-11T19:21:21","modified_gmt":"2025-09-11T18:21:21","slug":"asterics-aac_instalacao_windows","status":"publish","type":"page","link":"https:\/\/aulaabierta.arasaac.org\/pt-pt\/asterics-aac_instalacao_windows","title":{"rendered":"Comunicador din\u00e2mico Asterics AAC &#8211; Instala\u00e7\u00e3o no Windows como aplica\u00e7\u00e3o"},"content":{"rendered":"\n<style type=\"text\/css\" data-created_by=\"avia_inline_auto\" id=\"style-css-av-g02wp-597274dc44bfebed99a24de09b421a63\">\n#top .av-special-heading.av-g02wp-597274dc44bfebed99a24de09b421a63{\npadding-bottom:0;\n}\nbody .av-special-heading.av-g02wp-597274dc44bfebed99a24de09b421a63 .av-special-heading-tag .heading-char{\nfont-size:25px;\n}\n.av-special-heading.av-g02wp-597274dc44bfebed99a24de09b421a63 .av-subheading{\nfont-size:15px;\n}\n<\/style>\n<div  class='av-special-heading av-g02wp-597274dc44bfebed99a24de09b421a63 av-special-heading-h2  avia-builder-el-0  el_before_av_textblock  avia-builder-el-first '><h2 class='av-special-heading-tag'  itemprop=\"headline\"  >Asterics AAC &#8211; Instala\u00e7\u00e3o no Windows como aplica\u00e7\u00e3o<\/h2><div class=\"special-heading-border\"><div class=\"special-heading-inner-border\"><\/div><\/div><\/div>\n\n<style type=\"text\/css\" data-created_by=\"avia_inline_auto\" id=\"style-css-av-l6xxvjl9-dbc49c3f30178460b1f0b285b260d1e2\">\n#top .av_textblock_section.av-l6xxvjl9-dbc49c3f30178460b1f0b285b260d1e2 .avia_textblock{\nfont-size:16px;\n}\n<\/style>\n<section  class='av_textblock_section av-l6xxvjl9-dbc49c3f30178460b1f0b285b260d1e2'  itemscope=\"itemscope\" itemtype=\"https:\/\/schema.org\/CreativeWork\" ><div class='avia_textblock'  itemprop=\"text\" ><p>O <strong>Asterics AAC<\/strong> \u00e9 um <strong>comunicador web (webapp) multiplataforma<\/strong>, o que implica que funciona tendo sempre como base um <strong>navegador web <\/strong>com a vantagem de que <strong>armazena todos os dados no dispositivo<\/strong> que estamos a usar (computador, tablet ou smartphone).<\/p>\n<p>Esta vantagem permite o <strong>funcionamento offline <\/strong>(sem liga\u00e7\u00e3o \u00e0 Internet) depois da primeira liga\u00e7\u00e3o e descarga inicial dos dados. Tamb\u00e9m existe a possibilidade de <strong>instal\u00e1-lo como se fosse uma aplica\u00e7\u00e3o do pr\u00f3prio Windows<\/strong> (embora continue a ser uma <strong>webapp<\/strong>), quer dizer, o seu funcionamento ser\u00e1 id\u00eantico ao de qualquer outra aplica\u00e7\u00e3o que tenhamos instalado no nosso computador. Isto oferece a vantagem adicional de visualiza\u00e7\u00e3o numa janela independente, em ecr\u00e3 completo, sem que o navegador esteja vis\u00edvel, ou seja, como se fosse uma aplica\u00e7\u00e3o qualquer do Mac.<\/p>\n<p>Neste tutorial, vamos explicar como <strong>instalar o Asterics AAC no Windows<\/strong> a partir do <strong>Microsoft Edge<\/strong> e do <strong>Google Chrome<\/strong>.<\/p>\n<\/div><\/section>\n\n<style type=\"text\/css\" data-created_by=\"avia_inline_auto\" id=\"style-css-av-l6uypdx8-e7a7f46c868b5eb33feba41cf66f064b\">\n#top .av-special-heading.av-l6uypdx8-e7a7f46c868b5eb33feba41cf66f064b{\npadding-bottom:0;\n}\nbody .av-special-heading.av-l6uypdx8-e7a7f46c868b5eb33feba41cf66f064b .av-special-heading-tag .heading-char{\nfont-size:25px;\n}\n.av-special-heading.av-l6uypdx8-e7a7f46c868b5eb33feba41cf66f064b .av-subheading{\nfont-size:15px;\n}\n<\/style>\n<div  class='av-special-heading av-l6uypdx8-e7a7f46c868b5eb33feba41cf66f064b av-special-heading-h2  avia-builder-el-2  el_after_av_textblock  el_before_av_textblock '><h2 class='av-special-heading-tag'  itemprop=\"headline\"  >1 &#8211; Instala\u00e7\u00e3o no Microsoft Edge<\/h2><div class=\"special-heading-border\"><div class=\"special-heading-inner-border\"><\/div><\/div><\/div>\n\n<style type=\"text\/css\" data-created_by=\"avia_inline_auto\" id=\"style-css-av-80ofsp-85d15c89fe0b9ec3354a61db14f3e88e\">\n#top .av_textblock_section.av-80ofsp-85d15c89fe0b9ec3354a61db14f3e88e .avia_textblock{\nfont-size:16px;\n}\n<\/style>\n<section  class='av_textblock_section av-80ofsp-85d15c89fe0b9ec3354a61db14f3e88e'  itemscope=\"itemscope\" itemtype=\"https:\/\/schema.org\/CreativeWork\" ><div class='avia_textblock'  itemprop=\"text\" ><p>Para instalar o <strong>Asterics AAC<\/strong> como se fosse uma aplica\u00e7\u00e3o do Windows a partir do <strong>Microsoft Edge<\/strong>, abrimos um separador no navegador e entramos na p\u00e1gina web do <strong>Asterics AAC<\/strong>.<\/p>\n<p>Aberta a p\u00e1gina do <strong>Asterics AAC<\/strong>no <strong>Microsoft Edge<\/strong>, clicamos no bot\u00e3o de Op\u00e7\u00f5es (1), Aplica\u00e7\u00f5es (2) e Instalar <strong>Asterics AAC<\/strong> (3).<\/p>\n<p><img loading=\"lazy\" decoding=\"async\" class=\"aligncenter wp-image-94156\" src=\"https:\/\/aulaabierta.arasaac.org\/wp-content\/uploads\/2022\/08\/Instalacion_AsTERICS_Grid_Edge_2.png\" alt=\"\" width=\"800\" height=\"450\" srcset=\"https:\/\/aulaabierta.arasaac.org\/wp-content\/uploads\/2022\/08\/Instalacion_AsTERICS_Grid_Edge_2.png 1366w, https:\/\/aulaabierta.arasaac.org\/wp-content\/uploads\/2022\/08\/Instalacion_AsTERICS_Grid_Edge_2-300x169.png 300w, https:\/\/aulaabierta.arasaac.org\/wp-content\/uploads\/2022\/08\/Instalacion_AsTERICS_Grid_Edge_2-1030x579.png 1030w, https:\/\/aulaabierta.arasaac.org\/wp-content\/uploads\/2022\/08\/Instalacion_AsTERICS_Grid_Edge_2-768x432.png 768w, https:\/\/aulaabierta.arasaac.org\/wp-content\/uploads\/2022\/08\/Instalacion_AsTERICS_Grid_Edge_2-705x396.png 705w\" sizes=\"auto, (max-width: 800px) 100vw, 800px\" \/><\/p>\n<p>A seguir, clicamos em <b>Instalar<\/b>.<\/p>\n<p><img loading=\"lazy\" decoding=\"async\" class=\"aligncenter wp-image-94161\" src=\"https:\/\/aulaabierta.arasaac.org\/wp-content\/uploads\/2022\/08\/Instalacion_AsTERICS_Grid_Edge_3.png\" alt=\"\" width=\"800\" height=\"450\" srcset=\"https:\/\/aulaabierta.arasaac.org\/wp-content\/uploads\/2022\/08\/Instalacion_AsTERICS_Grid_Edge_3.png 1366w, https:\/\/aulaabierta.arasaac.org\/wp-content\/uploads\/2022\/08\/Instalacion_AsTERICS_Grid_Edge_3-300x169.png 300w, https:\/\/aulaabierta.arasaac.org\/wp-content\/uploads\/2022\/08\/Instalacion_AsTERICS_Grid_Edge_3-1030x579.png 1030w, https:\/\/aulaabierta.arasaac.org\/wp-content\/uploads\/2022\/08\/Instalacion_AsTERICS_Grid_Edge_3-768x432.png 768w, https:\/\/aulaabierta.arasaac.org\/wp-content\/uploads\/2022\/08\/Instalacion_AsTERICS_Grid_Edge_3-705x396.png 705w\" sizes=\"auto, (max-width: 800px) 100vw, 800px\" \/><\/p>\n<p>Abre-se a janela de aplica\u00e7\u00e3o do <strong>Asterics AAC<\/strong> e \u00e9-nos perguntado se desejamos coloc\u00e1-lo na barra de tarefas, in\u00edcio ou se desejamos criar um acesso direto no Ambiente de Trabalho. Selecionamos as op\u00e7\u00f5es que nos interessam (1) e clicamos em <strong>Permitir<\/strong> (2).<\/p>\n<p><img loading=\"lazy\" decoding=\"async\" class=\"aligncenter wp-image-94166\" src=\"https:\/\/aulaabierta.arasaac.org\/wp-content\/uploads\/2022\/08\/Instalacion_AsTERICS_Grid_Edge_4.png\" alt=\"\" width=\"800\" height=\"572\" srcset=\"https:\/\/aulaabierta.arasaac.org\/wp-content\/uploads\/2022\/08\/Instalacion_AsTERICS_Grid_Edge_4.png 1074w, https:\/\/aulaabierta.arasaac.org\/wp-content\/uploads\/2022\/08\/Instalacion_AsTERICS_Grid_Edge_4-300x215.png 300w, https:\/\/aulaabierta.arasaac.org\/wp-content\/uploads\/2022\/08\/Instalacion_AsTERICS_Grid_Edge_4-1030x737.png 1030w, https:\/\/aulaabierta.arasaac.org\/wp-content\/uploads\/2022\/08\/Instalacion_AsTERICS_Grid_Edge_4-768x549.png 768w, https:\/\/aulaabierta.arasaac.org\/wp-content\/uploads\/2022\/08\/Instalacion_AsTERICS_Grid_Edge_4-260x185.png 260w, https:\/\/aulaabierta.arasaac.org\/wp-content\/uploads\/2022\/08\/Instalacion_AsTERICS_Grid_Edge_4-705x504.png 705w\" sizes=\"auto, (max-width: 800px) 100vw, 800px\" \/><\/p>\n<p>Ao ativar a op\u00e7\u00e3o de<strong> Adicionar \u00e0 barra de tarefas<\/strong>, aparece-nos um <strong>\u00edcone<\/strong> na barra de tarefas que permanecer\u00e1 ainda que fechemos a janela da aplica\u00e7\u00e3o.<\/p>\n<p><img loading=\"lazy\" decoding=\"async\" class=\"aligncenter wp-image-94171\" src=\"https:\/\/aulaabierta.arasaac.org\/wp-content\/uploads\/2022\/08\/Instalacion_AsTERICS_Grid_Edge_5.png\" alt=\"\" width=\"800\" height=\"450\" srcset=\"https:\/\/aulaabierta.arasaac.org\/wp-content\/uploads\/2022\/08\/Instalacion_AsTERICS_Grid_Edge_5.png 1366w, https:\/\/aulaabierta.arasaac.org\/wp-content\/uploads\/2022\/08\/Instalacion_AsTERICS_Grid_Edge_5-300x169.png 300w, https:\/\/aulaabierta.arasaac.org\/wp-content\/uploads\/2022\/08\/Instalacion_AsTERICS_Grid_Edge_5-1030x579.png 1030w, https:\/\/aulaabierta.arasaac.org\/wp-content\/uploads\/2022\/08\/Instalacion_AsTERICS_Grid_Edge_5-768x432.png 768w, https:\/\/aulaabierta.arasaac.org\/wp-content\/uploads\/2022\/08\/Instalacion_AsTERICS_Grid_Edge_5-705x396.png 705w\" sizes=\"auto, (max-width: 800px) 100vw, 800px\" \/><\/p>\n<p>Para desinstalar a aplica\u00e7\u00e3o <strong>Asterics AAC <\/strong>temos duas op\u00e7\u00f5es. A primeira \u00e9 clicar com o bot\u00e3o direito do rato sobre o nome da aplica\u00e7\u00e3o no menu de in\u00edcio (1) e, em seguida, clicar em <strong>Desinstalar<\/strong> (2).<\/p>\n<p><img loading=\"lazy\" decoding=\"async\" class=\"aligncenter wp-image-94176\" src=\"https:\/\/aulaabierta.arasaac.org\/wp-content\/uploads\/2022\/08\/Instalacion_AsTERICS_Grid_Edge_6.png\" alt=\"\" width=\"800\" height=\"450\" srcset=\"https:\/\/aulaabierta.arasaac.org\/wp-content\/uploads\/2022\/08\/Instalacion_AsTERICS_Grid_Edge_6.png 1366w, https:\/\/aulaabierta.arasaac.org\/wp-content\/uploads\/2022\/08\/Instalacion_AsTERICS_Grid_Edge_6-300x169.png 300w, https:\/\/aulaabierta.arasaac.org\/wp-content\/uploads\/2022\/08\/Instalacion_AsTERICS_Grid_Edge_6-1030x579.png 1030w, https:\/\/aulaabierta.arasaac.org\/wp-content\/uploads\/2022\/08\/Instalacion_AsTERICS_Grid_Edge_6-768x432.png 768w, https:\/\/aulaabierta.arasaac.org\/wp-content\/uploads\/2022\/08\/Instalacion_AsTERICS_Grid_Edge_6-705x396.png 705w\" sizes=\"auto, (max-width: 800px) 100vw, 800px\" \/><\/p>\n<p>A outra op\u00e7\u00e3o \u00e9 abrir a listagem de <strong>Aplica\u00e7\u00f5es e funcionalidades do Windows<\/strong>, procurar o <strong>Asterics AAC<\/strong> na listagem, selecion\u00e1-lo para mostrar as op\u00e7\u00f5es e clicar em <strong>Desinstalar<\/strong>.<\/p>\n<p><img loading=\"lazy\" decoding=\"async\" class=\"aligncenter wp-image-94181\" src=\"https:\/\/aulaabierta.arasaac.org\/wp-content\/uploads\/2022\/08\/Instalacion_AsTERICS_Grid_Edge_7.png\" alt=\"\" width=\"800\" height=\"491\" srcset=\"https:\/\/aulaabierta.arasaac.org\/wp-content\/uploads\/2022\/08\/Instalacion_AsTERICS_Grid_Edge_7.png 1044w, https:\/\/aulaabierta.arasaac.org\/wp-content\/uploads\/2022\/08\/Instalacion_AsTERICS_Grid_Edge_7-300x184.png 300w, https:\/\/aulaabierta.arasaac.org\/wp-content\/uploads\/2022\/08\/Instalacion_AsTERICS_Grid_Edge_7-1030x632.png 1030w, https:\/\/aulaabierta.arasaac.org\/wp-content\/uploads\/2022\/08\/Instalacion_AsTERICS_Grid_Edge_7-768x472.png 768w, https:\/\/aulaabierta.arasaac.org\/wp-content\/uploads\/2022\/08\/Instalacion_AsTERICS_Grid_Edge_7-705x433.png 705w\" sizes=\"auto, (max-width: 800px) 100vw, 800px\" \/><\/p>\n<p>Seguindo estes passos podemos instalar e desinstalar o <strong>Asterics AAC <\/strong>como se fosse uma aplica\u00e7\u00e3o comum do Windows.<\/p>\n<\/div><\/section>\n\n<style type=\"text\/css\" data-created_by=\"avia_inline_auto\" id=\"style-css-av-l6kydw6c-0b97ddcd66f4a1e66d4ea607c50edab9\">\n#top .av-special-heading.av-l6kydw6c-0b97ddcd66f4a1e66d4ea607c50edab9{\npadding-bottom:0;\n}\nbody .av-special-heading.av-l6kydw6c-0b97ddcd66f4a1e66d4ea607c50edab9 .av-special-heading-tag .heading-char{\nfont-size:25px;\n}\n.av-special-heading.av-l6kydw6c-0b97ddcd66f4a1e66d4ea607c50edab9 .av-subheading{\nfont-size:15px;\n}\n<\/style>\n<div  class='av-special-heading av-l6kydw6c-0b97ddcd66f4a1e66d4ea607c50edab9 av-special-heading-h2  avia-builder-el-4  el_after_av_textblock  el_before_av_textblock '><h2 class='av-special-heading-tag'  itemprop=\"headline\"  >2 &#8211; Instala\u00e7\u00e3o no Google Chrome<\/h2><div class=\"special-heading-border\"><div class=\"special-heading-inner-border\"><\/div><\/div><\/div>\n\n<style type=\"text\/css\" data-created_by=\"avia_inline_auto\" id=\"style-css-av-knuu1r-3ac2949693aa8e2efd46d09d23d5ca6b\">\n#top .av_textblock_section.av-knuu1r-3ac2949693aa8e2efd46d09d23d5ca6b .avia_textblock{\nfont-size:16px;\n}\n<\/style>\n<section  class='av_textblock_section av-knuu1r-3ac2949693aa8e2efd46d09d23d5ca6b'  itemscope=\"itemscope\" itemtype=\"https:\/\/schema.org\/CreativeWork\" ><div class='avia_textblock'  itemprop=\"text\" ><p>Para instalar o comunicador din\u00e2mico <strong>Asterics AAC<\/strong> como se fosse uma aplica\u00e7\u00e3o do Windows, abrimos a p\u00e1gina do <strong>Asterics AAC<\/strong> num <b>novo separador<\/b> a partir do navegador<b><strong> Google Chrome<\/strong><\/b><\/p>\n<p><img loading=\"lazy\" decoding=\"async\" class=\"aligncenter wp-image-94189\" src=\"https:\/\/aulaabierta.arasaac.org\/wp-content\/uploads\/2022\/08\/Instalacion_AsTERICS_Grid_Chrome_1.png\" alt=\"\" width=\"800\" height=\"450\" srcset=\"https:\/\/aulaabierta.arasaac.org\/wp-content\/uploads\/2022\/08\/Instalacion_AsTERICS_Grid_Chrome_1.png 1366w, https:\/\/aulaabierta.arasaac.org\/wp-content\/uploads\/2022\/08\/Instalacion_AsTERICS_Grid_Chrome_1-300x169.png 300w, https:\/\/aulaabierta.arasaac.org\/wp-content\/uploads\/2022\/08\/Instalacion_AsTERICS_Grid_Chrome_1-1030x579.png 1030w, https:\/\/aulaabierta.arasaac.org\/wp-content\/uploads\/2022\/08\/Instalacion_AsTERICS_Grid_Chrome_1-768x432.png 768w, https:\/\/aulaabierta.arasaac.org\/wp-content\/uploads\/2022\/08\/Instalacion_AsTERICS_Grid_Chrome_1-705x396.png 705w\" sizes=\"auto, (max-width: 800px) 100vw, 800px\" \/><\/p>\n<p>Em seguida, clicamos em <strong>Op\u00e7\u00f5es<\/strong> (1), <strong>Mais ferramentas<\/strong> (2) e <strong>Criar acesso direto&#8230;<\/strong> (3).<\/p>\n<p><img loading=\"lazy\" decoding=\"async\" class=\"aligncenter wp-image-94220\" src=\"https:\/\/aulaabierta.arasaac.org\/wp-content\/uploads\/2022\/08\/Instalacion_AsTERICS_Grid_Chrome_2.png\" alt=\"\" width=\"800\" height=\"450\" srcset=\"https:\/\/aulaabierta.arasaac.org\/wp-content\/uploads\/2022\/08\/Instalacion_AsTERICS_Grid_Chrome_2.png 1366w, https:\/\/aulaabierta.arasaac.org\/wp-content\/uploads\/2022\/08\/Instalacion_AsTERICS_Grid_Chrome_2-300x169.png 300w, https:\/\/aulaabierta.arasaac.org\/wp-content\/uploads\/2022\/08\/Instalacion_AsTERICS_Grid_Chrome_2-1030x579.png 1030w, https:\/\/aulaabierta.arasaac.org\/wp-content\/uploads\/2022\/08\/Instalacion_AsTERICS_Grid_Chrome_2-768x432.png 768w, https:\/\/aulaabierta.arasaac.org\/wp-content\/uploads\/2022\/08\/Instalacion_AsTERICS_Grid_Chrome_2-705x396.png 705w\" sizes=\"auto, (max-width: 800px) 100vw, 800px\" \/><\/p>\n<p>Ativamos a op\u00e7\u00e3o <strong>Abrir como janela<\/strong> e clicamos em <strong>Criar<\/strong>.<\/p>\n<p><img loading=\"lazy\" decoding=\"async\" class=\"aligncenter wp-image-94225\" src=\"https:\/\/aulaabierta.arasaac.org\/wp-content\/uploads\/2022\/08\/Instalacion_AsTERICS_Grid_Chrome_3.png\" alt=\"\" width=\"800\" height=\"450\" srcset=\"https:\/\/aulaabierta.arasaac.org\/wp-content\/uploads\/2022\/08\/Instalacion_AsTERICS_Grid_Chrome_3.png 1366w, https:\/\/aulaabierta.arasaac.org\/wp-content\/uploads\/2022\/08\/Instalacion_AsTERICS_Grid_Chrome_3-300x169.png 300w, https:\/\/aulaabierta.arasaac.org\/wp-content\/uploads\/2022\/08\/Instalacion_AsTERICS_Grid_Chrome_3-1030x579.png 1030w, https:\/\/aulaabierta.arasaac.org\/wp-content\/uploads\/2022\/08\/Instalacion_AsTERICS_Grid_Chrome_3-768x432.png 768w, https:\/\/aulaabierta.arasaac.org\/wp-content\/uploads\/2022\/08\/Instalacion_AsTERICS_Grid_Chrome_3-705x396.png 705w\" sizes=\"auto, (max-width: 800px) 100vw, 800px\" \/><\/p>\n<p>Ap\u00f3s uns segundos de espera, aparece uma nova janela e surge o <strong>\u00edcone<\/strong> do <strong>Asterics AAC <\/strong>na barra de tarefas.<\/p>\n<p><img loading=\"lazy\" decoding=\"async\" class=\"aligncenter wp-image-94230\" src=\"https:\/\/aulaabierta.arasaac.org\/wp-content\/uploads\/2022\/08\/Instalacion_AsTERICS_Grid_Chrome_4.png\" alt=\"\" width=\"800\" height=\"450\" srcset=\"https:\/\/aulaabierta.arasaac.org\/wp-content\/uploads\/2022\/08\/Instalacion_AsTERICS_Grid_Chrome_4.png 1366w, https:\/\/aulaabierta.arasaac.org\/wp-content\/uploads\/2022\/08\/Instalacion_AsTERICS_Grid_Chrome_4-300x169.png 300w, https:\/\/aulaabierta.arasaac.org\/wp-content\/uploads\/2022\/08\/Instalacion_AsTERICS_Grid_Chrome_4-1030x579.png 1030w, https:\/\/aulaabierta.arasaac.org\/wp-content\/uploads\/2022\/08\/Instalacion_AsTERICS_Grid_Chrome_4-768x432.png 768w, https:\/\/aulaabierta.arasaac.org\/wp-content\/uploads\/2022\/08\/Instalacion_AsTERICS_Grid_Chrome_4-705x396.png 705w\" sizes=\"auto, (max-width: 800px) 100vw, 800px\" \/><\/p>\n<p>Para desinstalar a aplica\u00e7\u00e3o, al\u00e9m da possibilidade de o fazermos a partir da \u00e1rea de <strong>Aplica\u00e7\u00f5es e funcionalidades do Windows<\/strong>, tal como explic\u00e1mos no caso do Edge, temos a possibilidade de faz\u00ea-lo <strong>a partir da pr\u00f3pria janela da aplica\u00e7\u00e3o<\/strong> clicando nos<strong>  &#8230;  <\/strong>(1), que aparecem na parte superior da janela, e, posteriormente, em <strong>Desinstalar Asterics AAC<\/strong>  (2).<\/p>\n<p><img loading=\"lazy\" decoding=\"async\" class=\"aligncenter wp-image-94235\" src=\"https:\/\/aulaabierta.arasaac.org\/wp-content\/uploads\/2022\/08\/Instalacion_AsTERICS_Grid_Chrome_5.png\" alt=\"\" width=\"800\" height=\"450\" srcset=\"https:\/\/aulaabierta.arasaac.org\/wp-content\/uploads\/2022\/08\/Instalacion_AsTERICS_Grid_Chrome_5.png 1366w, https:\/\/aulaabierta.arasaac.org\/wp-content\/uploads\/2022\/08\/Instalacion_AsTERICS_Grid_Chrome_5-300x169.png 300w, https:\/\/aulaabierta.arasaac.org\/wp-content\/uploads\/2022\/08\/Instalacion_AsTERICS_Grid_Chrome_5-1030x579.png 1030w, https:\/\/aulaabierta.arasaac.org\/wp-content\/uploads\/2022\/08\/Instalacion_AsTERICS_Grid_Chrome_5-768x432.png 768w, https:\/\/aulaabierta.arasaac.org\/wp-content\/uploads\/2022\/08\/Instalacion_AsTERICS_Grid_Chrome_5-705x396.png 705w\" sizes=\"auto, (max-width: 800px) 100vw, 800px\" \/><\/p>\n<p>Finalmente, clicamos em <strong>Sair<\/strong>, ativando ou n\u00e3o a op\u00e7\u00e3o de <strong>Apagar os dados do Chrome<\/strong>, dependendo de querermos ou n\u00e3o conserv\u00e1-los.<\/p>\n<p><img loading=\"lazy\" decoding=\"async\" class=\"aligncenter wp-image-94246\" src=\"https:\/\/aulaabierta.arasaac.org\/wp-content\/uploads\/2022\/08\/Instalacion_AsTERICS_Grid_Chrome_6.png\" alt=\"\" width=\"800\" height=\"450\" srcset=\"https:\/\/aulaabierta.arasaac.org\/wp-content\/uploads\/2022\/08\/Instalacion_AsTERICS_Grid_Chrome_6.png 1366w, https:\/\/aulaabierta.arasaac.org\/wp-content\/uploads\/2022\/08\/Instalacion_AsTERICS_Grid_Chrome_6-300x169.png 300w, https:\/\/aulaabierta.arasaac.org\/wp-content\/uploads\/2022\/08\/Instalacion_AsTERICS_Grid_Chrome_6-1030x579.png 1030w, https:\/\/aulaabierta.arasaac.org\/wp-content\/uploads\/2022\/08\/Instalacion_AsTERICS_Grid_Chrome_6-768x432.png 768w, https:\/\/aulaabierta.arasaac.org\/wp-content\/uploads\/2022\/08\/Instalacion_AsTERICS_Grid_Chrome_6-705x396.png 705w\" sizes=\"auto, (max-width: 800px) 100vw, 800px\" \/><\/p>\n<p>Com esta a\u00e7\u00e3o, a aplica\u00e7\u00e3o \u00e9 desinstalada do sistema.<\/p>\n<\/div><\/section>\n<div class='flex_column av-2krg6xr-318b22cf5a7dcc17d549f6d260a48947 av_one_fifth  avia-builder-el-6  el_after_av_textblock  el_before_av_one_fifth  first flex_column_div column-top-margin'     ><\/div>\n<div class='flex_column av-2acjjb3-72430572443564d7b3ecb332fff10556 av_one_fifth  avia-builder-el-7  el_after_av_one_fifth  el_before_av_one_fifth  flex_column_div column-top-margin'     ><\/div>\n<div class='flex_column av-5ueg0v-f5b4451085be42fd2a70550803012549 av_one_fifth  avia-builder-el-8  el_after_av_one_fifth  el_before_av_one_fifth  flex_column_div column-top-margin'     ><style type=\"text\/css\" data-created_by=\"avia_inline_auto\" id=\"style-css-av-l6ke1xda-6b10fa8827c48ad3be2dfbd0acb250aa\">\n.avia-image-container.av-l6ke1xda-6b10fa8827c48ad3be2dfbd0acb250aa img.avia_image{\nbox-shadow:none;\n}\n.avia-image-container.av-l6ke1xda-6b10fa8827c48ad3be2dfbd0acb250aa .av-image-caption-overlay-center{\ncolor:#ffffff;\n}\n<\/style>\n<div  class='avia-image-container av-l6ke1xda-6b10fa8827c48ad3be2dfbd0acb250aa av-styling- avia-align-center  avia-builder-el-9  avia-builder-el-no-sibling '   itemprop=\"image\" itemscope=\"itemscope\" itemtype=\"https:\/\/schema.org\/ImageObject\" ><div class=\"avia-image-container-inner\"><div class=\"avia-image-overlay-wrap\"><a href=\"https:\/\/aulaabierta.arasaac.org\/pt-pt\/asterics-aac_inicio_pt\" class='avia_image' ><img decoding=\"async\" class='wp-image-93348 avia-img-lazy-loading-not-93348 avia_image ' src=\"https:\/\/aulaabierta.arasaac.org\/wp-content\/uploads\/2022\/08\/casa-120x120-1-80x80.png\" alt='' title='casa-120x120'  height=\"80\" width=\"80\"  itemprop=\"thumbnailUrl\" srcset=\"https:\/\/aulaabierta.arasaac.org\/wp-content\/uploads\/2022\/08\/casa-120x120-1-80x80.png 80w, https:\/\/aulaabierta.arasaac.org\/wp-content\/uploads\/2022\/08\/casa-120x120-1-36x36.png 36w, https:\/\/aulaabierta.arasaac.org\/wp-content\/uploads\/2022\/08\/casa-120x120-1.png 120w\" sizes=\"(max-width: 80px) 100vw, 80px\" \/><\/a><\/div><\/div><\/div><\/div>\n<div class='flex_column av-126aqin-7a6e39193fa1262d0b61cdb616a4a062 av_one_fifth  avia-builder-el-10  el_after_av_one_fifth  el_before_av_one_fifth  flex_column_div column-top-margin'     ><\/div>\n<div class='flex_column av-w2yn9b-3822e7b37f6ad515aaaac5be5b29fec2 av_one_fifth  avia-builder-el-11  el_after_av_one_fifth  el_before_av_one_full  flex_column_div column-top-margin'     ><\/div>\n<div class='flex_column av-vtfpkv-8fb9bef4cb06de80cef16013e631f9a4 av_one_full  avia-builder-el-12  el_after_av_one_fifth  avia-builder-el-last  first flex_column_div column-top-margin'     ><\/div>\n","protected":false},"excerpt":{"rendered":"","protected":false},"author":5,"featured_media":93287,"parent":0,"menu_order":0,"comment_status":"open","ping_status":"open","template":"","meta":{"om_disable_all_campaigns":false,"_monsterinsights_skip_tracking":false,"_monsterinsights_sitenote_active":false,"_monsterinsights_sitenote_note":"","_monsterinsights_sitenote_category":0,"_uf_show_specific_survey":0,"_uf_disable_surveys":false,"footnotes":""},"class_list":["post-110009","page","type-page","status-publish","has-post-thumbnail","hentry"],"aioseo_notices":[],"_links":{"self":[{"href":"https:\/\/aulaabierta.arasaac.org\/pt-pt\/wp-json\/wp\/v2\/pages\/110009","targetHints":{"allow":["GET"]}}],"collection":[{"href":"https:\/\/aulaabierta.arasaac.org\/pt-pt\/wp-json\/wp\/v2\/pages"}],"about":[{"href":"https:\/\/aulaabierta.arasaac.org\/pt-pt\/wp-json\/wp\/v2\/types\/page"}],"author":[{"embeddable":true,"href":"https:\/\/aulaabierta.arasaac.org\/pt-pt\/wp-json\/wp\/v2\/users\/5"}],"replies":[{"embeddable":true,"href":"https:\/\/aulaabierta.arasaac.org\/pt-pt\/wp-json\/wp\/v2\/comments?post=110009"}],"version-history":[{"count":16,"href":"https:\/\/aulaabierta.arasaac.org\/pt-pt\/wp-json\/wp\/v2\/pages\/110009\/revisions"}],"predecessor-version":[{"id":150929,"href":"https:\/\/aulaabierta.arasaac.org\/pt-pt\/wp-json\/wp\/v2\/pages\/110009\/revisions\/150929"}],"wp:featuredmedia":[{"embeddable":true,"href":"https:\/\/aulaabierta.arasaac.org\/pt-pt\/wp-json\/wp\/v2\/media\/93287"}],"wp:attachment":[{"href":"https:\/\/aulaabierta.arasaac.org\/pt-pt\/wp-json\/wp\/v2\/media?parent=110009"}],"curies":[{"name":"wp","href":"https:\/\/api.w.org\/{rel}","templated":true}]}}