{"id":111033,"date":"2022-11-30T11:58:27","date_gmt":"2022-11-30T10:58:27","guid":{"rendered":"https:\/\/aulaabierta.arasaac.org\/asterics-grid-bloqueando-o-aplicativo-no-android-ios"},"modified":"2025-09-11T19:22:50","modified_gmt":"2025-09-11T18:22:50","slug":"asterics-aac-bloqueando-a-aplicacao-no-android-ios","status":"publish","type":"page","link":"https:\/\/aulaabierta.arasaac.org\/pt-pt\/asterics-aac-bloqueando-a-aplicacao-no-android-ios","title":{"rendered":"ASTERICS AAC \u2013 BLOQUEIO DA APLICA\u00c7\u00c3O NO ANDROID &#8211; iOs"},"content":{"rendered":"\n<style type=\"text\/css\" data-created_by=\"avia_inline_auto\" id=\"style-css-av-lb3es0a9-7758e0402a9bf59c9d7de71d5ccfe7da\">\n#top .av-special-heading.av-lb3es0a9-7758e0402a9bf59c9d7de71d5ccfe7da{\npadding-bottom:10px;\n}\nbody .av-special-heading.av-lb3es0a9-7758e0402a9bf59c9d7de71d5ccfe7da .av-special-heading-tag .heading-char{\nfont-size:25px;\n}\n.av-special-heading.av-lb3es0a9-7758e0402a9bf59c9d7de71d5ccfe7da .av-subheading{\nfont-size:15px;\n}\n<\/style>\n<div  class='av-special-heading av-lb3es0a9-7758e0402a9bf59c9d7de71d5ccfe7da av-special-heading-h3  avia-builder-el-0  el_before_av_hr  avia-builder-el-first '><h3 class='av-special-heading-tag'  itemprop=\"headline\"  >Asterics AAC &#8211; Bloqueio da aplica\u00e7\u00e3o no Android e iOs<\/h3><div class=\"special-heading-border\"><div class=\"special-heading-inner-border\"><\/div><\/div><\/div>\n<div  class='hr av-8ygo6nr-f921fd674b2eab90d62a5aced3db4040 hr-default  avia-builder-el-1  el_after_av_heading  el_before_av_textblock '><span class='hr-inner '><span class=\"hr-inner-style\"><\/span><\/span><\/div>\n\n<style type=\"text\/css\" data-created_by=\"avia_inline_auto\" id=\"style-css-av-lb3ddrks-7805b95e964d48648731d272d842e5bc\">\n#top .av_textblock_section.av-lb3ddrks-7805b95e964d48648731d272d842e5bc .avia_textblock{\nfont-size:16px;\n}\n<\/style>\n<section  class='av_textblock_section av-lb3ddrks-7805b95e964d48648731d272d842e5bc'  itemscope=\"itemscope\" itemtype=\"https:\/\/schema.org\/CreativeWork\" ><div class='avia_textblock'  itemprop=\"text\" ><h3>Bloqueo del Men\u00fa edici\u00f3n en Asterics AAC<\/h3>\n<p>En <strong>Asterics AAC<\/strong>, podemos configurar el <strong>bloqueo de pantalla <\/strong>para impedir que el usuario tenga<strong> acceso al Men\u00fa de edici\u00f3n<\/strong>.<\/p>\n<p>Adicionalmente, bloquear el comunicador impide que se pueda hacer zoom sobre la pantalla con los gestos establecidos para cada sistema operativo.<\/p>\n<p>Para ello, pulsamos en el bot\u00f3n <strong>Bloquear<\/strong> que se encuentra situado en la parte superior derecha de la ventana de edici\u00f3n y que est\u00e1 representado por un candado.<\/p>\n<p><img loading=\"lazy\" decoding=\"async\" class=\"aligncenter wp-image-110905\" src=\"https:\/\/aulaabierta.arasaac.org\/wp-content\/uploads\/2022\/11\/Comunicador-Asterics-pictogramas-ARASAAC-162-1030x454.jpg\" alt=\"\" width=\"800\" height=\"352\" srcset=\"https:\/\/aulaabierta.arasaac.org\/wp-content\/uploads\/2022\/11\/Comunicador-Asterics-pictogramas-ARASAAC-162-1030x454.jpg 1030w, https:\/\/aulaabierta.arasaac.org\/wp-content\/uploads\/2022\/11\/Comunicador-Asterics-pictogramas-ARASAAC-162-300x132.jpg 300w, https:\/\/aulaabierta.arasaac.org\/wp-content\/uploads\/2022\/11\/Comunicador-Asterics-pictogramas-ARASAAC-162-768x338.jpg 768w, https:\/\/aulaabierta.arasaac.org\/wp-content\/uploads\/2022\/11\/Comunicador-Asterics-pictogramas-ARASAAC-162-1536x676.jpg 1536w, https:\/\/aulaabierta.arasaac.org\/wp-content\/uploads\/2022\/11\/Comunicador-Asterics-pictogramas-ARASAAC-162-1500x661.jpg 1500w, https:\/\/aulaabierta.arasaac.org\/wp-content\/uploads\/2022\/11\/Comunicador-Asterics-pictogramas-ARASAAC-162-705x310.jpg 705w, https:\/\/aulaabierta.arasaac.org\/wp-content\/uploads\/2022\/11\/Comunicador-Asterics-pictogramas-ARASAAC-162.jpg 1585w\" sizes=\"auto, (max-width: 800px) 100vw, 800px\" \/><\/p>\n<p>De esta forma, desaparece el <strong>Men\u00fa de edici\u00f3n<\/strong> y el usuario no tiene acceso a los diferentes apartados del mismo. Para volver a este men\u00fa, pulsamos <strong>siete veces<\/strong> sobre el bot\u00f3n <strong>Desbloquear<\/strong>.<\/p>\n<p>Podemos combinar este bloqueo con el bot\u00f3n de <strong>Pantalla completa<\/strong>. De esta forma, visualizaremos <strong>Asterics AAC <\/strong>en toda la pantalla del ordenador de forma bloqueada. Este tipo de bloqueo no impide que el usuario pueda salir de la aplicaci\u00f3n en alg\u00fan momento, ya que el objetivo es que no acceda al <strong>Men\u00fa de edici\u00f3n<\/strong>.<\/p>\n<p><img loading=\"lazy\" decoding=\"async\" class=\"aligncenter wp-image-110916\" src=\"https:\/\/aulaabierta.arasaac.org\/wp-content\/uploads\/2022\/11\/Comunicador-Asterics-pictogramas-ARASAAC-163-1030x452.jpg\" alt=\"\" width=\"800\" height=\"351\" srcset=\"https:\/\/aulaabierta.arasaac.org\/wp-content\/uploads\/2022\/11\/Comunicador-Asterics-pictogramas-ARASAAC-163-1030x452.jpg 1030w, https:\/\/aulaabierta.arasaac.org\/wp-content\/uploads\/2022\/11\/Comunicador-Asterics-pictogramas-ARASAAC-163-300x132.jpg 300w, https:\/\/aulaabierta.arasaac.org\/wp-content\/uploads\/2022\/11\/Comunicador-Asterics-pictogramas-ARASAAC-163-768x337.jpg 768w, https:\/\/aulaabierta.arasaac.org\/wp-content\/uploads\/2022\/11\/Comunicador-Asterics-pictogramas-ARASAAC-163-1536x673.jpg 1536w, https:\/\/aulaabierta.arasaac.org\/wp-content\/uploads\/2022\/11\/Comunicador-Asterics-pictogramas-ARASAAC-163-1500x658.jpg 1500w, https:\/\/aulaabierta.arasaac.org\/wp-content\/uploads\/2022\/11\/Comunicador-Asterics-pictogramas-ARASAAC-163-705x309.jpg 705w, https:\/\/aulaabierta.arasaac.org\/wp-content\/uploads\/2022\/11\/Comunicador-Asterics-pictogramas-ARASAAC-163.jpg 1592w\" sizes=\"auto, (max-width: 800px) 100vw, 800px\" \/><\/p>\n<p>Adem\u00e1s, podemos configurar una <strong>Contrase\u00f1a para bloquear\/desbloquear la interfaz de usuario<\/strong> (s\u00f3lo n\u00fameros) desde la propia aplicaci\u00f3n. Podemos establecerla en la pesta\u00f1a <strong>General,<\/strong> que encontraremos en el <strong>Configuraci\u00f3n. <\/strong>Esta contrase\u00f1a se establecer\u00e1 de forma general para todos los usuarios que tengamos activos en el dispositivo. Para establecerla basta con escribirla en el campo &#8220;Contrase\u00f1a para desbloquear la interfaz de usuario&#8221;. El sistema la guarda y establece autom\u00e1ticamente. Si deseamos eliminar la contrase\u00f1a y volver a desbloquear con las 7 pulsaciones en el candado pulsaremos en &#8220;Restablecer&#8221;.<\/p>\n<p><img loading=\"lazy\" decoding=\"async\" class=\"alignnone size-full wp-image-149258\" src=\"https:\/\/aulaabierta.arasaac.org\/wp-content\/uploads\/2025\/02\/Asterics_configuracion_5.jpg\" alt=\"\" width=\"1919\" height=\"676\" srcset=\"https:\/\/aulaabierta.arasaac.org\/wp-content\/uploads\/2025\/02\/Asterics_configuracion_5.jpg 1919w, https:\/\/aulaabierta.arasaac.org\/wp-content\/uploads\/2025\/02\/Asterics_configuracion_5-300x106.jpg 300w, https:\/\/aulaabierta.arasaac.org\/wp-content\/uploads\/2025\/02\/Asterics_configuracion_5-1030x363.jpg 1030w, https:\/\/aulaabierta.arasaac.org\/wp-content\/uploads\/2025\/02\/Asterics_configuracion_5-768x271.jpg 768w, https:\/\/aulaabierta.arasaac.org\/wp-content\/uploads\/2025\/02\/Asterics_configuracion_5-1536x541.jpg 1536w, https:\/\/aulaabierta.arasaac.org\/wp-content\/uploads\/2025\/02\/Asterics_configuracion_5-1500x528.jpg 1500w, https:\/\/aulaabierta.arasaac.org\/wp-content\/uploads\/2025\/02\/Asterics_configuracion_5-705x248.jpg 705w\" sizes=\"auto, (max-width: 1919px) 100vw, 1919px\" \/><\/p>\n<p>De esta forma, la pr\u00f3xima vez que queramos salir del modo comunicador, nos aparecer\u00e1 la pantalla siguiente, en la que deberemos introducir la contrase\u00f1a que hayamos establecido.<\/p>\n<p><img loading=\"lazy\" decoding=\"async\" class=\"aligncenter wp-image-110943\" src=\"https:\/\/aulaabierta.arasaac.org\/wp-content\/uploads\/2022\/11\/Comunicador-Asterics-pictogramas-ARASAAC-165-1030x454.jpg\" alt=\"\" width=\"800\" height=\"353\" srcset=\"https:\/\/aulaabierta.arasaac.org\/wp-content\/uploads\/2022\/11\/Comunicador-Asterics-pictogramas-ARASAAC-165-1030x454.jpg 1030w, https:\/\/aulaabierta.arasaac.org\/wp-content\/uploads\/2022\/11\/Comunicador-Asterics-pictogramas-ARASAAC-165-300x132.jpg 300w, https:\/\/aulaabierta.arasaac.org\/wp-content\/uploads\/2022\/11\/Comunicador-Asterics-pictogramas-ARASAAC-165-768x338.jpg 768w, https:\/\/aulaabierta.arasaac.org\/wp-content\/uploads\/2022\/11\/Comunicador-Asterics-pictogramas-ARASAAC-165-1536x677.jpg 1536w, https:\/\/aulaabierta.arasaac.org\/wp-content\/uploads\/2022\/11\/Comunicador-Asterics-pictogramas-ARASAAC-165-1500x661.jpg 1500w, https:\/\/aulaabierta.arasaac.org\/wp-content\/uploads\/2022\/11\/Comunicador-Asterics-pictogramas-ARASAAC-165-705x311.jpg 705w, https:\/\/aulaabierta.arasaac.org\/wp-content\/uploads\/2022\/11\/Comunicador-Asterics-pictogramas-ARASAAC-165.jpg 1595w\" sizes=\"auto, (max-width: 800px) 100vw, 800px\" \/><\/p>\n<\/div><\/section>\n<div  class='hr av-6ex9xbr-9a9ed74ef48d36b5ed3d799d336cb8d5 hr-default  avia-builder-el-3  el_after_av_textblock  el_before_av_textblock '><span class='hr-inner '><span class=\"hr-inner-style\"><\/span><\/span><\/div>\n\n<style type=\"text\/css\" data-created_by=\"avia_inline_auto\" id=\"style-css-av-lb3ehn9d-c782bb4c2231c1c11eddc1fd4d17fb58\">\n#top .av_textblock_section.av-lb3ehn9d-c782bb4c2231c1c11eddc1fd4d17fb58 .avia_textblock{\nfont-size:16px;\n}\n<\/style>\n<section  class='av_textblock_section av-lb3ehn9d-c782bb4c2231c1c11eddc1fd4d17fb58'  itemscope=\"itemscope\" itemtype=\"https:\/\/schema.org\/CreativeWork\" ><div class='avia_textblock'  itemprop=\"text\" ><h3>Bloqueio da Aplica\u00e7\u00e3o nos sistemas operativos Android e iOS<\/h3>\n<p>Como pr\u00e9-requisito para poder bloquear o comunicador e impedir o acesso a outras aplica\u00e7\u00f5es no Android e iOS, \u00e9 necess\u00e1rio ter instalada a aplica\u00e7\u00e3o <strong>Asterics AAC<\/strong> conforme explicado nos tutoriais para <a href=\"https:\/\/aulaabierta.arasaac.org\/pt-pt\/asterics-aac_instalacao_android\"><strong>Android<\/strong><\/a> e <strong><a href=\"https:\/\/aulaabierta.arasaac.org\/pt-pt\/asterics-aac_instalacao_ios\">iOS<\/a><\/strong>.<\/p>\n<p>Para <strong>bloquear a aplica\u00e7\u00e3o<\/strong> nos sistemas operativos <strong>Android<\/strong> e <strong>iOs<\/strong>, recomendamos seguir os <strong>tutoriais para cada um dos sistemas<\/strong>:<\/p>\n<ul>\n<li><a href=\"https:\/\/support.google.com\/android\/answer\/9455138?hl=es\" target=\"_blank\" rel=\"noopener\"><strong>Usar Fixar \/ Libertar ecr\u00e3s em dispositivos com sistema operativo Android<\/strong><\/a>: <strong>Fixar \/ Libertar ecr\u00e3s <\/strong>permite que se mantenha vis\u00edvel apenas a aplica\u00e7\u00e3o que fixemos e n\u00e3o se possa aceder a outras \u00e1reas do dispositivo.<\/li>\n<li id=\"howto-title\"><a href=\"https:\/\/support.apple.com\/es-es\/HT202612\" target=\"_blank\" rel=\"noopener\"><strong>Use o Acesso Guiado com iPhone, iPad e iPod touch<\/strong><\/a>: O <strong>Acesso Guiado<\/strong> limita o seu dispositivo a uma \u00fanica aplica\u00e7\u00e3o e permite que controlar quais os recursos que est\u00e3o dispon\u00edveis. O <strong>acesso guiado<\/strong> pode ser ativado quando passamos o dispositivo a outra pessoa que n\u00e3o queremos que tenha acesso \u00e0s restantes aplica\u00e7\u00f5es.<\/li>\n<\/ul>\n<p>Preste aten\u00e7\u00e3o \u00e0s instru\u00e7\u00f5es que aparecem no ecr\u00e3 quando configuramos qualquer uma dessas duas op\u00e7\u00f5es.<\/p>\n<\/div><\/section>\n<\/div><\/div><\/div><!-- close content main div --><\/div><\/div><div id='av-layout-grid-1'  class='av-layout-grid-container av-2wpz41j-d681659147a82886997a43c2b5549c68 entry-content-wrapper main_color av-flex-cells  avia-builder-el-5  el_after_av_textblock  avia-builder-el-last  grid-row-not-first  container_wrap fullsize'  >\n<div class='flex_cell av-prchd9z-62640e8ca793c5242b13f070828ab2e9 av-gridrow-cell av_one_fifth no_margin  avia-builder-el-6  el_before_av_cell_one_fifth  avia-builder-el-first ' ><div class='flex_cell_inner'><\/div><\/div><div class='flex_cell av-ksc5hfb-57f03e77afac81a66bba19920c6764ae av-gridrow-cell av_one_fifth no_margin  avia-builder-el-7  el_after_av_cell_one_fifth  el_before_av_cell_one_fifth ' ><div class='flex_cell_inner'><\/div><\/div>\n<style type=\"text\/css\" data-created_by=\"avia_inline_auto\" id=\"style-css-av-hs0g92v-7249014912e4ae505a9bc546f0890f8b\">\n.flex_cell.av-hs0g92v-7249014912e4ae505a9bc546f0890f8b{\nvertical-align:top;\n}\n<\/style>\n<div class='flex_cell av-hs0g92v-7249014912e4ae505a9bc546f0890f8b av-gridrow-cell av_one_fifth no_margin  avia-builder-el-8  el_after_av_cell_one_fifth  el_before_av_cell_one_fifth ' ><div class='flex_cell_inner'>\n<style type=\"text\/css\" data-created_by=\"avia_inline_auto\" id=\"style-css-av-lb3enky1-bf10711bb8d13b826e831528dccc20c7\">\n.avia-image-container.av-lb3enky1-bf10711bb8d13b826e831528dccc20c7 img.avia_image{\nbox-shadow:none;\n}\n.avia-image-container.av-lb3enky1-bf10711bb8d13b826e831528dccc20c7 .av-image-caption-overlay-center{\ncolor:#ffffff;\n}\n<\/style>\n<div  class='avia-image-container av-lb3enky1-bf10711bb8d13b826e831528dccc20c7 av-styling- avia-align-center  avia-builder-el-9  avia-builder-el-no-sibling '   itemprop=\"image\" itemscope=\"itemscope\" itemtype=\"https:\/\/schema.org\/ImageObject\" ><div class=\"avia-image-container-inner\"><div class=\"avia-image-overlay-wrap\"><a href=\"https:\/\/aulaabierta.arasaac.org\/pt-pt\/asterics-aac_inicio_pt\" class='avia_image' ><img decoding=\"async\" class='wp-image-93348 avia-img-lazy-loading-not-93348 avia_image ' src=\"https:\/\/aulaabierta.arasaac.org\/wp-content\/uploads\/2022\/08\/casa-120x120-1-80x80.png\" alt='' title='casa-120x120'  height=\"80\" width=\"80\"  itemprop=\"thumbnailUrl\" srcset=\"https:\/\/aulaabierta.arasaac.org\/wp-content\/uploads\/2022\/08\/casa-120x120-1-80x80.png 80w, https:\/\/aulaabierta.arasaac.org\/wp-content\/uploads\/2022\/08\/casa-120x120-1-36x36.png 36w, https:\/\/aulaabierta.arasaac.org\/wp-content\/uploads\/2022\/08\/casa-120x120-1.png 120w\" sizes=\"(max-width: 80px) 100vw, 80px\" \/><\/a><\/div><\/div><\/div>\n<\/div><\/div>\n<style type=\"text\/css\" data-created_by=\"avia_inline_auto\" id=\"style-css-av-dfn6sdz-d34d635d2e1146a8ac744feb7551f9dc\">\n.flex_cell.av-dfn6sdz-d34d635d2e1146a8ac744feb7551f9dc{\nvertical-align:top;\n}\n<\/style>\n<div class='flex_cell av-dfn6sdz-d34d635d2e1146a8ac744feb7551f9dc av-gridrow-cell av_one_fifth no_margin  avia-builder-el-10  el_after_av_cell_one_fifth  el_before_av_cell_one_fifth ' ><div class='flex_cell_inner'><\/div><\/div>\n<style type=\"text\/css\" data-created_by=\"avia_inline_auto\" id=\"style-css-av-784pfnb-85f589a1e65b756e0be80f34468f8776\">\n.flex_cell.av-784pfnb-85f589a1e65b756e0be80f34468f8776{\nvertical-align:top;\n}\n<\/style>\n<div class='flex_cell av-784pfnb-85f589a1e65b756e0be80f34468f8776 av-gridrow-cell av_one_fifth no_margin  avia-builder-el-11  el_after_av_cell_one_fifth  avia-builder-el-last ' ><div class='flex_cell_inner'><\/div><\/div>\n<\/div>\n","protected":false},"excerpt":{"rendered":"","protected":false},"author":5,"featured_media":0,"parent":0,"menu_order":0,"comment_status":"closed","ping_status":"closed","template":"","meta":{"om_disable_all_campaigns":false,"_monsterinsights_skip_tracking":false,"_monsterinsights_sitenote_active":false,"_monsterinsights_sitenote_note":"","_monsterinsights_sitenote_category":0,"_uf_show_specific_survey":0,"_uf_disable_surveys":false,"footnotes":""},"class_list":["post-111033","page","type-page","status-publish","hentry"],"aioseo_notices":[],"_links":{"self":[{"href":"https:\/\/aulaabierta.arasaac.org\/pt-pt\/wp-json\/wp\/v2\/pages\/111033","targetHints":{"allow":["GET"]}}],"collection":[{"href":"https:\/\/aulaabierta.arasaac.org\/pt-pt\/wp-json\/wp\/v2\/pages"}],"about":[{"href":"https:\/\/aulaabierta.arasaac.org\/pt-pt\/wp-json\/wp\/v2\/types\/page"}],"author":[{"embeddable":true,"href":"https:\/\/aulaabierta.arasaac.org\/pt-pt\/wp-json\/wp\/v2\/users\/5"}],"replies":[{"embeddable":true,"href":"https:\/\/aulaabierta.arasaac.org\/pt-pt\/wp-json\/wp\/v2\/comments?post=111033"}],"version-history":[{"count":15,"href":"https:\/\/aulaabierta.arasaac.org\/pt-pt\/wp-json\/wp\/v2\/pages\/111033\/revisions"}],"predecessor-version":[{"id":150987,"href":"https:\/\/aulaabierta.arasaac.org\/pt-pt\/wp-json\/wp\/v2\/pages\/111033\/revisions\/150987"}],"wp:attachment":[{"href":"https:\/\/aulaabierta.arasaac.org\/pt-pt\/wp-json\/wp\/v2\/media?parent=111033"}],"curies":[{"name":"wp","href":"https:\/\/api.w.org\/{rel}","templated":true}]}}